{"id":2327,"date":"2024-05-31T11:19:08","date_gmt":"2024-05-31T03:19:08","guid":{"rendered":"https:\/\/darshion.com\/?post_type=product&#038;p=2327"},"modified":"2024-07-10T17:05:20","modified_gmt":"2024-07-10T09:05:20","slug":"wireless-2-4ghz-mouse","status":"publish","type":"product","link":"https:\/\/darshion.com\/pl\/produkt\/wireless-2-4ghz-mouse\/","title":{"rendered":"Producenci bezprzewodowych myszy biurowych X10"},"content":{"rendered":"<h3>Specyfikacje<\/h3>\n<ul>\n<li><strong>Miejsce pochodzenia<\/strong>: Guangdong, Chiny<\/li>\n<li><strong>Programowalny<\/strong>: Tak<\/li>\n<li><strong>Metoda \u015bledzenia<\/strong>: Optyczny<\/li>\n<li><strong>Typ zasilania<\/strong>: Akumulator<\/li>\n<li><strong>Liczba rolek<\/strong>: 1<\/li>\n<li><strong>Zastosowanie<\/strong>: Komputer stacjonarny, Laptop<\/li>\n<li><strong>Orientacja d\u0142oni<\/strong>: Obie r\u0119ce<\/li>\n<li><strong>Numer modelu<\/strong>: Mysz bezprzewodowa X10<\/li>\n<li><strong>Pod\u015bwietlenie<\/strong>: LED<\/li>\n<li><strong>Ergonomia<\/strong>: Tak<\/li>\n<li><strong>Typ interfejsu<\/strong>: USB<\/li>\n<li><strong>Prywatna ple\u015b\u0144<\/strong>: Tak<\/li>\n<li><strong>Port \u0142adowania<\/strong>: Typ-C<\/li>\n<li><strong>Czas \u0142adowania<\/strong>2-3 godziny<\/li>\n<\/ul>\n<p><img fetchpriority=\"high\" decoding=\"async\" class=\"alignnone size-full wp-image-2332\" src=\"https:\/\/darshion.com\/wp-content\/uploads\/2024\/05\/1-2.jpg\" alt=\"\" width=\"1500\" height=\"1500\" srcset=\"https:\/\/darshion.com\/wp-content\/uploads\/2024\/05\/1-2.jpg 1500w, https:\/\/darshion.com\/wp-content\/uploads\/2024\/05\/1-2-300x300.jpg 300w, https:\/\/darshion.com\/wp-content\/uploads\/2024\/05\/1-2-1024x1024.jpg 1024w, https:\/\/darshion.com\/wp-content\/uploads\/2024\/05\/1-2-150x150.jpg 150w, https:\/\/darshion.com\/wp-content\/uploads\/2024\/05\/1-2-768x768.jpg 768w, https:\/\/darshion.com\/wp-content\/uploads\/2024\/05\/1-2-600x600.jpg 600w, https:\/\/darshion.com\/wp-content\/uploads\/2024\/05\/1-2-100x100.jpg 100w\" sizes=\"(max-width: 1500px) 100vw, 1500px\" \/> <img decoding=\"async\" class=\"alignnone size-full wp-image-2333\" src=\"https:\/\/darshion.com\/wp-content\/uploads\/2024\/05\/2-2.jpg\" alt=\"\" width=\"1500\" height=\"1500\" srcset=\"https:\/\/darshion.com\/wp-content\/uploads\/2024\/05\/2-2.jpg 1500w, https:\/\/darshion.com\/wp-content\/uploads\/2024\/05\/2-2-300x300.jpg 300w, https:\/\/darshion.com\/wp-content\/uploads\/2024\/05\/2-2-1024x1024.jpg 1024w, https:\/\/darshion.com\/wp-content\/uploads\/2024\/05\/2-2-150x150.jpg 150w, https:\/\/darshion.com\/wp-content\/uploads\/2024\/05\/2-2-768x768.jpg 768w, https:\/\/darshion.com\/wp-content\/uploads\/2024\/05\/2-2-600x600.jpg 600w, https:\/\/darshion.com\/wp-content\/uploads\/2024\/05\/2-2-100x100.jpg 100w\" sizes=\"(max-width: 1500px) 100vw, 1500px\" \/> <img decoding=\"async\" class=\"alignnone size-full wp-image-2334\" src=\"https:\/\/darshion.com\/wp-content\/uploads\/2024\/05\/3-2.jpg\" alt=\"\" width=\"1500\" height=\"1500\" srcset=\"https:\/\/darshion.com\/wp-content\/uploads\/2024\/05\/3-2.jpg 1500w, https:\/\/darshion.com\/wp-content\/uploads\/2024\/05\/3-2-300x300.jpg 300w, https:\/\/darshion.com\/wp-content\/uploads\/2024\/05\/3-2-1024x1024.jpg 1024w, https:\/\/darshion.com\/wp-content\/uploads\/2024\/05\/3-2-150x150.jpg 150w, https:\/\/darshion.com\/wp-content\/uploads\/2024\/05\/3-2-768x768.jpg 768w, https:\/\/darshion.com\/wp-content\/uploads\/2024\/05\/3-2-600x600.jpg 600w, https:\/\/darshion.com\/wp-content\/uploads\/2024\/05\/3-2-100x100.jpg 100w\" sizes=\"(max-width: 1500px) 100vw, 1500px\" \/> <img loading=\"lazy\" decoding=\"async\" class=\"alignnone size-full wp-image-2335\" src=\"https:\/\/darshion.com\/wp-content\/uploads\/2024\/05\/4-2.jpg\" alt=\"\" width=\"1500\" height=\"1500\" srcset=\"https:\/\/darshion.com\/wp-content\/uploads\/2024\/05\/4-2.jpg 1500w, https:\/\/darshion.com\/wp-content\/uploads\/2024\/05\/4-2-300x300.jpg 300w, https:\/\/darshion.com\/wp-content\/uploads\/2024\/05\/4-2-1024x1024.jpg 1024w, https:\/\/darshion.com\/wp-content\/uploads\/2024\/05\/4-2-150x150.jpg 150w, https:\/\/darshion.com\/wp-content\/uploads\/2024\/05\/4-2-768x768.jpg 768w, https:\/\/darshion.com\/wp-content\/uploads\/2024\/05\/4-2-600x600.jpg 600w, https:\/\/darshion.com\/wp-content\/uploads\/2024\/05\/4-2-100x100.jpg 100w\" sizes=\"(max-width: 1500px) 100vw, 1500px\" \/> <img loading=\"lazy\" decoding=\"async\" class=\"alignnone size-full wp-image-2336\" src=\"https:\/\/darshion.com\/wp-content\/uploads\/2024\/05\/5-2.jpg\" alt=\"\" width=\"1500\" height=\"1500\" srcset=\"https:\/\/darshion.com\/wp-content\/uploads\/2024\/05\/5-2.jpg 1500w, https:\/\/darshion.com\/wp-content\/uploads\/2024\/05\/5-2-300x300.jpg 300w, https:\/\/darshion.com\/wp-content\/uploads\/2024\/05\/5-2-1024x1024.jpg 1024w, https:\/\/darshion.com\/wp-content\/uploads\/2024\/05\/5-2-150x150.jpg 150w, https:\/\/darshion.com\/wp-content\/uploads\/2024\/05\/5-2-768x768.jpg 768w, https:\/\/darshion.com\/wp-content\/uploads\/2024\/05\/5-2-600x600.jpg 600w, https:\/\/darshion.com\/wp-content\/uploads\/2024\/05\/5-2-100x100.jpg 100w\" sizes=\"(max-width: 1500px) 100vw, 1500px\" \/> <img loading=\"lazy\" decoding=\"async\" class=\"alignnone size-full wp-image-2337\" src=\"https:\/\/darshion.com\/wp-content\/uploads\/2024\/05\/6-1.jpg\" alt=\"\" width=\"1500\" height=\"1500\" srcset=\"https:\/\/darshion.com\/wp-content\/uploads\/2024\/05\/6-1.jpg 1500w, https:\/\/darshion.com\/wp-content\/uploads\/2024\/05\/6-1-300x300.jpg 300w, https:\/\/darshion.com\/wp-content\/uploads\/2024\/05\/6-1-1024x1024.jpg 1024w, https:\/\/darshion.com\/wp-content\/uploads\/2024\/05\/6-1-150x150.jpg 150w, https:\/\/darshion.com\/wp-content\/uploads\/2024\/05\/6-1-768x768.jpg 768w, https:\/\/darshion.com\/wp-content\/uploads\/2024\/05\/6-1-600x600.jpg 600w, https:\/\/darshion.com\/wp-content\/uploads\/2024\/05\/6-1-100x100.jpg 100w\" sizes=\"(max-width: 1500px) 100vw, 1500px\" \/><\/p>","protected":false},"excerpt":{"rendered":"<p class=\"pro_single_title\">Bezprzewodowa mysz LED 2,4 GHz z adapterem USB typu C i mo\u017cliwo\u015bci\u0105 \u0142adowania<\/p>","protected":false},"featured_media":2331,"comment_status":"open","ping_status":"closed","template":"","meta":{"_monsterinsights_skip_tracking":false,"_monsterinsights_sitenote_active":false,"_monsterinsights_sitenote_note":"","_monsterinsights_sitenote_category":0},"product_cat":[541],"product_tag":[],"yoast_head":"<!-- This site is optimized with the Yoast SEO Premium plugin v22.9 (Yoast SEO v24.0) - https:\/\/yoast.com\/wordpress\/plugins\/seo\/ -->\n<title>X10 Wireless Rechargeable Office Mouse Manufacturers - darshion<\/title>\n<meta name=\"robots\" content=\"index, follow, max-snippet:-1, max-image-preview:large, max-video-preview:-1\" \/>\n<link rel=\"canonical\" href=\"https:\/\/darshion.com\/pl\/urun\/wireless-2-4ghz-mouse\/\" \/>\n<meta property=\"og:locale\" content=\"pl_PL\" \/>\n<meta property=\"og:type\" content=\"article\" \/>\n<meta property=\"og:title\" content=\"X10 Wireless Rechargeable Office Mouse Manufacturers\" \/>\n<meta property=\"og:description\" content=\"Wireless LED 2.4GHz USB Adapter Type-C Rechargeable Mouse\" \/>\n<meta property=\"og:url\" content=\"https:\/\/darshion.com\/pl\/urun\/wireless-2-4ghz-mouse\/\" \/>\n<meta property=\"og:site_name\" content=\"darshion\" \/>\n<meta property=\"article:modified_time\" content=\"2024-07-10T09:05:20+00:00\" \/>\n<meta property=\"og:image\" content=\"https:\/\/darshion.com\/wp-content\/uploads\/2024\/05\/\u4e3b1-2.webp\" \/>\n\t<meta property=\"og:image:width\" content=\"600\" \/>\n\t<meta property=\"og:image:height\" content=\"600\" \/>\n\t<meta property=\"og:image:type\" content=\"image\/webp\" \/>\n<meta name=\"twitter:card\" content=\"summary_large_image\" \/>\n<meta name=\"twitter:label1\" content=\"Szacowany czas czytania\" \/>\n\t<meta name=\"twitter:data1\" content=\"2 minuty\" \/>\n<script type=\"application\/ld+json\" class=\"yoast-schema-graph\">{\"@context\":\"https:\/\/schema.org\",\"@graph\":[{\"@type\":\"WebPage\",\"@id\":\"https:\/\/darshion.com\/tr\/urun\/wireless-2-4ghz-mouse\/\",\"url\":\"https:\/\/darshion.com\/tr\/urun\/wireless-2-4ghz-mouse\/\",\"name\":\"X10 Wireless Rechargeable Office Mouse Manufacturers - darshion\",\"isPartOf\":{\"@id\":\"https:\/\/darshion.com\/#website\"},\"primaryImageOfPage\":{\"@id\":\"https:\/\/darshion.com\/tr\/urun\/wireless-2-4ghz-mouse\/#primaryimage\"},\"image\":{\"@id\":\"https:\/\/darshion.com\/tr\/urun\/wireless-2-4ghz-mouse\/#primaryimage\"},\"thumbnailUrl\":\"https:\/\/darshion.com\/wp-content\/uploads\/2024\/05\/\u4e3b1-2.webp\",\"datePublished\":\"2024-05-31T03:19:08+00:00\",\"dateModified\":\"2024-07-10T09:05:20+00:00\",\"breadcrumb\":{\"@id\":\"https:\/\/darshion.com\/tr\/urun\/wireless-2-4ghz-mouse\/#breadcrumb\"},\"inLanguage\":\"pl-PL\",\"potentialAction\":[{\"@type\":\"ReadAction\",\"target\":[\"https:\/\/darshion.com\/tr\/urun\/wireless-2-4ghz-mouse\/\"]}]},{\"@type\":\"ImageObject\",\"inLanguage\":\"pl-PL\",\"@id\":\"https:\/\/darshion.com\/tr\/urun\/wireless-2-4ghz-mouse\/#primaryimage\",\"url\":\"https:\/\/darshion.com\/wp-content\/uploads\/2024\/05\/\u4e3b1-2.webp\",\"contentUrl\":\"https:\/\/darshion.com\/wp-content\/uploads\/2024\/05\/\u4e3b1-2.webp\",\"width\":600,\"height\":600,\"caption\":\"X10 Wireless 2.4GHz Mouse\"},{\"@type\":\"BreadcrumbList\",\"@id\":\"https:\/\/darshion.com\/tr\/urun\/wireless-2-4ghz-mouse\/#breadcrumb\",\"itemListElement\":[{\"@type\":\"ListItem\",\"position\":1,\"name\":\"\u9996\u9875\",\"item\":\"https:\/\/darshion.com\/\"},{\"@type\":\"ListItem\",\"position\":2,\"name\":\"PRODUCT\",\"item\":\"https:\/\/darshion.com\/pt\/product\/\"},{\"@type\":\"ListItem\",\"position\":3,\"name\":\"X10 Wireless Rechargeable Office Mouse Manufacturers\"}]},{\"@type\":\"WebSite\",\"@id\":\"https:\/\/darshion.com\/#website\",\"url\":\"https:\/\/darshion.com\/\",\"name\":\"darshion\",\"description\":\"14 Years of Experience, Quality Assurance, Innovative Design\",\"publisher\":{\"@id\":\"https:\/\/darshion.com\/#organization\"},\"potentialAction\":[{\"@type\":\"SearchAction\",\"target\":{\"@type\":\"EntryPoint\",\"urlTemplate\":\"https:\/\/darshion.com\/?s={search_term_string}\"},\"query-input\":{\"@type\":\"PropertyValueSpecification\",\"valueRequired\":true,\"valueName\":\"search_term_string\"}}],\"inLanguage\":\"pl-PL\"},{\"@type\":\"Organization\",\"@id\":\"https:\/\/darshion.com\/#organization\",\"name\":\"darshion\",\"url\":\"https:\/\/darshion.com\/\",\"logo\":{\"@type\":\"ImageObject\",\"inLanguage\":\"pl-PL\",\"@id\":\"https:\/\/darshion.com\/#\/schema\/logo\/image\/\",\"url\":\"https:\/\/darshion.com\/wp-content\/uploads\/2023\/09\/01-1.png\",\"contentUrl\":\"https:\/\/darshion.com\/wp-content\/uploads\/2023\/09\/01-1.png\",\"width\":350,\"height\":100,\"caption\":\"darshion\"},\"image\":{\"@id\":\"https:\/\/darshion.com\/#\/schema\/logo\/image\/\"}}]}<\/script>\n<!-- \/ Yoast SEO Premium plugin. -->","yoast_head_json":{"title":"Producenci bezprzewodowych myszy biurowych X10 - darshion","robots":{"index":"index","follow":"follow","max-snippet":"max-snippet:-1","max-image-preview":"max-image-preview:large","max-video-preview":"max-video-preview:-1"},"canonical":"https:\/\/darshion.com\/pl\/urun\/wireless-2-4ghz-mouse\/","og_locale":"pl_PL","og_type":"article","og_title":"X10 Wireless Rechargeable Office Mouse Manufacturers","og_description":"Wireless LED 2.4GHz USB Adapter Type-C Rechargeable Mouse","og_url":"https:\/\/darshion.com\/pl\/urun\/wireless-2-4ghz-mouse\/","og_site_name":"darshion","article_modified_time":"2024-07-10T09:05:20+00:00","og_image":[{"width":600,"height":600,"url":"https:\/\/darshion.com\/wp-content\/uploads\/2024\/05\/\u4e3b1-2.webp","type":"image\/webp"}],"twitter_card":"summary_large_image","twitter_misc":{"Szacowany czas czytania":"2 minuty"},"schema":{"@context":"https:\/\/schema.org","@graph":[{"@type":"WebPage","@id":"https:\/\/darshion.com\/tr\/urun\/wireless-2-4ghz-mouse\/","url":"https:\/\/darshion.com\/tr\/urun\/wireless-2-4ghz-mouse\/","name":"Producenci bezprzewodowych myszy biurowych X10 - darshion","isPartOf":{"@id":"https:\/\/darshion.com\/#website"},"primaryImageOfPage":{"@id":"https:\/\/darshion.com\/tr\/urun\/wireless-2-4ghz-mouse\/#primaryimage"},"image":{"@id":"https:\/\/darshion.com\/tr\/urun\/wireless-2-4ghz-mouse\/#primaryimage"},"thumbnailUrl":"https:\/\/darshion.com\/wp-content\/uploads\/2024\/05\/\u4e3b1-2.webp","datePublished":"2024-05-31T03:19:08+00:00","dateModified":"2024-07-10T09:05:20+00:00","breadcrumb":{"@id":"https:\/\/darshion.com\/tr\/urun\/wireless-2-4ghz-mouse\/#breadcrumb"},"inLanguage":"pl-PL","potentialAction":[{"@type":"ReadAction","target":["https:\/\/darshion.com\/tr\/urun\/wireless-2-4ghz-mouse\/"]}]},{"@type":"ImageObject","inLanguage":"pl-PL","@id":"https:\/\/darshion.com\/tr\/urun\/wireless-2-4ghz-mouse\/#primaryimage","url":"https:\/\/darshion.com\/wp-content\/uploads\/2024\/05\/\u4e3b1-2.webp","contentUrl":"https:\/\/darshion.com\/wp-content\/uploads\/2024\/05\/\u4e3b1-2.webp","width":600,"height":600,"caption":"X10 Wireless 2.4GHz Mouse"},{"@type":"BreadcrumbList","@id":"https:\/\/darshion.com\/tr\/urun\/wireless-2-4ghz-mouse\/#breadcrumb","itemListElement":[{"@type":"ListItem","position":1,"name":"\u9996\u9875","item":"https:\/\/darshion.com\/"},{"@type":"ListItem","position":2,"name":"PRODUCT","item":"https:\/\/darshion.com\/pt\/product\/"},{"@type":"ListItem","position":3,"name":"X10 Wireless Rechargeable Office Mouse Manufacturers"}]},{"@type":"WebSite","@id":"https:\/\/darshion.com\/#website","url":"https:\/\/darshion.com\/","name":"darshion","description":"14 lat do\u015bwiadczenia, zapewnienie jako\u015bci, innowacyjny design","publisher":{"@id":"https:\/\/darshion.com\/#organization"},"potentialAction":[{"@type":"SearchAction","target":{"@type":"EntryPoint","urlTemplate":"https:\/\/darshion.com\/?s={search_term_string}"},"query-input":{"@type":"PropertyValueSpecification","valueRequired":true,"valueName":"search_term_string"}}],"inLanguage":"pl-PL"},{"@type":"Organization","@id":"https:\/\/darshion.com\/#organization","name":"darshion","url":"https:\/\/darshion.com\/","logo":{"@type":"ImageObject","inLanguage":"pl-PL","@id":"https:\/\/darshion.com\/#\/schema\/logo\/image\/","url":"https:\/\/darshion.com\/wp-content\/uploads\/2023\/09\/01-1.png","contentUrl":"https:\/\/darshion.com\/wp-content\/uploads\/2023\/09\/01-1.png","width":350,"height":100,"caption":"darshion"},"image":{"@id":"https:\/\/darshion.com\/#\/schema\/logo\/image\/"}}]}},"_links":{"self":[{"href":"https:\/\/darshion.com\/pl\/wp-json\/wp\/v2\/product\/2327"}],"collection":[{"href":"https:\/\/darshion.com\/pl\/wp-json\/wp\/v2\/product"}],"about":[{"href":"https:\/\/darshion.com\/pl\/wp-json\/wp\/v2\/types\/product"}],"replies":[{"embeddable":true,"href":"https:\/\/darshion.com\/pl\/wp-json\/wp\/v2\/comments?post=2327"}],"wp:featuredmedia":[{"embeddable":true,"href":"https:\/\/darshion.com\/pl\/wp-json\/wp\/v2\/media\/2331"}],"wp:attachment":[{"href":"https:\/\/darshion.com\/pl\/wp-json\/wp\/v2\/media?parent=2327"}],"wp:term":[{"taxonomy":"product_cat","embeddable":true,"href":"https:\/\/darshion.com\/pl\/wp-json\/wp\/v2\/product_cat?post=2327"},{"taxonomy":"product_tag","embeddable":true,"href":"https:\/\/darshion.com\/pl\/wp-json\/wp\/v2\/product_tag?post=2327"}],"curies":[{"name":"wp","href":"https:\/\/api.w.org\/{rel}","templated":true}]}}