{"id":2421,"date":"2024-06-05T17:13:08","date_gmt":"2024-06-05T09:13:08","guid":{"rendered":"https:\/\/darshion.com\/?post_type=product&#038;p=2421"},"modified":"2024-07-09T17:11:01","modified_gmt":"2024-07-09T09:11:01","slug":"rgb-gaming-mouse-v6","status":"publish","type":"product","link":"https:\/\/darshion.com\/pl\/produkt\/rgb-gaming-mouse-v6\/","title":{"rendered":"Producent przewodowych myszy komputerowych do gier V6 RGB"},"content":{"rendered":"<p><strong>Cechy:<\/strong><br \/>\n1. Ergonomiczna konstrukcja, odpowiednia dla ka\u017cdego rodzaju d\u0142oni i komputera<br \/>\n2. 6 klawiszy, wygodniejsze do obs\u0142ugi gier<br \/>\n3. 3-stopniowa regulacja DPI zapewnia precyzyjne pozycjonowanie<br \/>\n4. Niestandardowe ustawienia makr, idealne dla bardziej z\u0142o\u017conych gier<br \/>\n5. Dobrze zapakowany w oryginalne pude\u0142ko, ca\u0142kiem dobry prezent dla przyjaci\u00f3\u0142.<\/p>\n<p><strong>Specyfikacja:<\/strong><br \/>\nIlo\u015b\u0107 przycisk\u00f3w: 6 przycisk\u00f3w (w tym k\u00f3\u0142ko)<br \/>\nPrze\u0142\u0105cznik DPI: 1200\/1600\/2400 DPI z mo\u017cliwo\u015bci\u0105 regulacji<br \/>\n\u017bywotno\u015b\u0107 klucza: 10 milion\u00f3w razy<br \/>\nRozmiar: 133 * 78 * 40 mm<br \/>\nWaga: oko\u0142o 157 g<br \/>\nKolor: czarny<br \/>\nD\u0142ugo\u015b\u0107 kabla USB: oko\u0142o 160 cm<br \/>\nKolor pod\u015bwietlenia: zmienny (naci\u015bnij przycisk myszy \"DPI\" i przycisk boczny \"Do przodu\", aby w\u0142\u0105czy\u0107\/wy\u0142\u0105czy\u0107 pod\u015bwietlenie)<br \/>\nU\u017cytkownik dla: Wysokiej klasy graczy &amp; profesjonalnych graczy gamingowych dla Dota, LOL, CSGO, itp<br \/>\nCiep\u0142e wskaz\u00f3wki: \"K\u00f3\u0142ko\" z boku myszy jest tylko ozdob\u0105, nie mo\u017ce si\u0119 obraca\u0107. Dzi\u0119kujemy za zrozumienie.<\/p>\n<p><strong>Opakowanie zawiera:<\/strong><br \/>\n1 x przewodowa mysz komputerowa do gier V6 (z oryginalnym pude\u0142kiem)<br \/>\n1x Instrukcja obs\u0142ugi<\/p>\n<p><img fetchpriority=\"high\" decoding=\"async\" class=\"alignnone size-full wp-image-2424\" src=\"https:\/\/darshion.com\/wp-content\/uploads\/2024\/06\/1-4.jpg\" alt=\"\" width=\"790\" height=\"1049\" srcset=\"https:\/\/darshion.com\/wp-content\/uploads\/2024\/06\/1-4.jpg 790w, https:\/\/darshion.com\/wp-content\/uploads\/2024\/06\/1-4-226x300.jpg 226w, https:\/\/darshion.com\/wp-content\/uploads\/2024\/06\/1-4-771x1024.jpg 771w, https:\/\/darshion.com\/wp-content\/uploads\/2024\/06\/1-4-768x1020.jpg 768w, https:\/\/darshion.com\/wp-content\/uploads\/2024\/06\/1-4-600x797.jpg 600w\" sizes=\"(max-width: 790px) 100vw, 790px\" \/> <img decoding=\"async\" class=\"alignnone size-full wp-image-2425\" src=\"https:\/\/darshion.com\/wp-content\/uploads\/2024\/06\/2-4.jpg\" alt=\"\" width=\"790\" height=\"1049\" srcset=\"https:\/\/darshion.com\/wp-content\/uploads\/2024\/06\/2-4.jpg 790w, https:\/\/darshion.com\/wp-content\/uploads\/2024\/06\/2-4-226x300.jpg 226w, https:\/\/darshion.com\/wp-content\/uploads\/2024\/06\/2-4-771x1024.jpg 771w, https:\/\/darshion.com\/wp-content\/uploads\/2024\/06\/2-4-768x1020.jpg 768w, https:\/\/darshion.com\/wp-content\/uploads\/2024\/06\/2-4-600x797.jpg 600w\" sizes=\"(max-width: 790px) 100vw, 790px\" \/> <img decoding=\"async\" class=\"alignnone size-full wp-image-2426\" src=\"https:\/\/darshion.com\/wp-content\/uploads\/2024\/06\/3-4.jpg\" alt=\"\" width=\"800\" height=\"800\" srcset=\"https:\/\/darshion.com\/wp-content\/uploads\/2024\/06\/3-4.jpg 800w, https:\/\/darshion.com\/wp-content\/uploads\/2024\/06\/3-4-300x300.jpg 300w, https:\/\/darshion.com\/wp-content\/uploads\/2024\/06\/3-4-150x150.jpg 150w, https:\/\/darshion.com\/wp-content\/uploads\/2024\/06\/3-4-768x768.jpg 768w, https:\/\/darshion.com\/wp-content\/uploads\/2024\/06\/3-4-600x600.jpg 600w, https:\/\/darshion.com\/wp-content\/uploads\/2024\/06\/3-4-100x100.jpg 100w\" sizes=\"(max-width: 800px) 100vw, 800px\" \/> <img loading=\"lazy\" decoding=\"async\" class=\"alignnone size-full wp-image-2427\" src=\"https:\/\/darshion.com\/wp-content\/uploads\/2024\/06\/4-4.jpg\" alt=\"\" width=\"790\" height=\"862\" srcset=\"https:\/\/darshion.com\/wp-content\/uploads\/2024\/06\/4-4.jpg 790w, https:\/\/darshion.com\/wp-content\/uploads\/2024\/06\/4-4-275x300.jpg 275w, https:\/\/darshion.com\/wp-content\/uploads\/2024\/06\/4-4-768x838.jpg 768w, https:\/\/darshion.com\/wp-content\/uploads\/2024\/06\/4-4-600x655.jpg 600w\" sizes=\"(max-width: 790px) 100vw, 790px\" \/><\/p>","protected":false},"excerpt":{"rendered":"<p class=\"pro_single_title\">Przewodowa mysz komputerowa V6 RGB dla graczy<\/p>","protected":false},"featured_media":2428,"comment_status":"open","ping_status":"closed","template":"","meta":{"_monsterinsights_skip_tracking":false,"_monsterinsights_sitenote_active":false,"_monsterinsights_sitenote_note":"","_monsterinsights_sitenote_category":0},"product_cat":[542],"product_tag":[],"yoast_head":"<!-- This site is optimized with the Yoast SEO Premium plugin v22.9 (Yoast SEO v24.0) - https:\/\/yoast.com\/wordpress\/plugins\/seo\/ -->\n<title>V6 RGB Wired Computer Gaming Mouse Manufacturer - darshion<\/title>\n<meta name=\"robots\" content=\"index, follow, max-snippet:-1, max-image-preview:large, max-video-preview:-1\" \/>\n<link rel=\"canonical\" href=\"https:\/\/darshion.com\/pl\/urun\/rgb-gaming-mouse-v6\/\" \/>\n<meta property=\"og:locale\" content=\"pl_PL\" \/>\n<meta property=\"og:type\" content=\"article\" \/>\n<meta property=\"og:title\" content=\"V6 RGB Wired Computer Gaming Mouse Manufacturer\" \/>\n<meta property=\"og:description\" content=\"V6 RGB Wired Computer Gaming Mouse\" \/>\n<meta property=\"og:url\" content=\"https:\/\/darshion.com\/pl\/urun\/rgb-gaming-mouse-v6\/\" \/>\n<meta property=\"og:site_name\" content=\"darshion\" \/>\n<meta property=\"article:modified_time\" content=\"2024-07-09T09:11:01+00:00\" \/>\n<meta property=\"og:image\" content=\"https:\/\/darshion.com\/wp-content\/uploads\/2024\/06\/\u4e3b-1.webp\" \/>\n\t<meta property=\"og:image:width\" content=\"600\" \/>\n\t<meta property=\"og:image:height\" content=\"600\" \/>\n\t<meta property=\"og:image:type\" content=\"image\/webp\" \/>\n<meta name=\"twitter:card\" content=\"summary_large_image\" \/>\n<meta name=\"twitter:label1\" content=\"Szacowany czas czytania\" \/>\n\t<meta name=\"twitter:data1\" content=\"2 minuty\" \/>\n<script type=\"application\/ld+json\" class=\"yoast-schema-graph\">{\"@context\":\"https:\/\/schema.org\",\"@graph\":[{\"@type\":\"WebPage\",\"@id\":\"https:\/\/darshion.com\/tr\/urun\/rgb-gaming-mouse-v6\/\",\"url\":\"https:\/\/darshion.com\/tr\/urun\/rgb-gaming-mouse-v6\/\",\"name\":\"V6 RGB Wired Computer Gaming Mouse Manufacturer - darshion\",\"isPartOf\":{\"@id\":\"https:\/\/darshion.com\/#website\"},\"primaryImageOfPage\":{\"@id\":\"https:\/\/darshion.com\/tr\/urun\/rgb-gaming-mouse-v6\/#primaryimage\"},\"image\":{\"@id\":\"https:\/\/darshion.com\/tr\/urun\/rgb-gaming-mouse-v6\/#primaryimage\"},\"thumbnailUrl\":\"https:\/\/darshion.com\/wp-content\/uploads\/2024\/06\/\u4e3b-1.webp\",\"datePublished\":\"2024-06-05T09:13:08+00:00\",\"dateModified\":\"2024-07-09T09:11:01+00:00\",\"breadcrumb\":{\"@id\":\"https:\/\/darshion.com\/tr\/urun\/rgb-gaming-mouse-v6\/#breadcrumb\"},\"inLanguage\":\"pl-PL\",\"potentialAction\":[{\"@type\":\"ReadAction\",\"target\":[\"https:\/\/darshion.com\/tr\/urun\/rgb-gaming-mouse-v6\/\"]}]},{\"@type\":\"ImageObject\",\"inLanguage\":\"pl-PL\",\"@id\":\"https:\/\/darshion.com\/tr\/urun\/rgb-gaming-mouse-v6\/#primaryimage\",\"url\":\"https:\/\/darshion.com\/wp-content\/uploads\/2024\/06\/\u4e3b-1.webp\",\"contentUrl\":\"https:\/\/darshion.com\/wp-content\/uploads\/2024\/06\/\u4e3b-1.webp\",\"width\":600,\"height\":600,\"caption\":\"V6 RGB Wired Gaming Mouse\"},{\"@type\":\"BreadcrumbList\",\"@id\":\"https:\/\/darshion.com\/tr\/urun\/rgb-gaming-mouse-v6\/#breadcrumb\",\"itemListElement\":[{\"@type\":\"ListItem\",\"position\":1,\"name\":\"\u9996\u9875\",\"item\":\"https:\/\/darshion.com\/\"},{\"@type\":\"ListItem\",\"position\":2,\"name\":\"PRODUCT\",\"item\":\"https:\/\/darshion.com\/pt\/product\/\"},{\"@type\":\"ListItem\",\"position\":3,\"name\":\"V6 RGB Wired Computer Gaming Mouse Manufacturer\"}]},{\"@type\":\"WebSite\",\"@id\":\"https:\/\/darshion.com\/#website\",\"url\":\"https:\/\/darshion.com\/\",\"name\":\"darshion\",\"description\":\"14 Years of Experience, Quality Assurance, Innovative Design\",\"publisher\":{\"@id\":\"https:\/\/darshion.com\/#organization\"},\"potentialAction\":[{\"@type\":\"SearchAction\",\"target\":{\"@type\":\"EntryPoint\",\"urlTemplate\":\"https:\/\/darshion.com\/?s={search_term_string}\"},\"query-input\":{\"@type\":\"PropertyValueSpecification\",\"valueRequired\":true,\"valueName\":\"search_term_string\"}}],\"inLanguage\":\"pl-PL\"},{\"@type\":\"Organization\",\"@id\":\"https:\/\/darshion.com\/#organization\",\"name\":\"darshion\",\"url\":\"https:\/\/darshion.com\/\",\"logo\":{\"@type\":\"ImageObject\",\"inLanguage\":\"pl-PL\",\"@id\":\"https:\/\/darshion.com\/#\/schema\/logo\/image\/\",\"url\":\"https:\/\/darshion.com\/wp-content\/uploads\/2023\/09\/01-1.png\",\"contentUrl\":\"https:\/\/darshion.com\/wp-content\/uploads\/2023\/09\/01-1.png\",\"width\":350,\"height\":100,\"caption\":\"darshion\"},\"image\":{\"@id\":\"https:\/\/darshion.com\/#\/schema\/logo\/image\/\"}}]}<\/script>\n<!-- \/ Yoast SEO Premium plugin. -->","yoast_head_json":{"title":"Przewodowa mysz komputerowa do gier V6 RGB Producent - darshion","robots":{"index":"index","follow":"follow","max-snippet":"max-snippet:-1","max-image-preview":"max-image-preview:large","max-video-preview":"max-video-preview:-1"},"canonical":"https:\/\/darshion.com\/pl\/urun\/rgb-gaming-mouse-v6\/","og_locale":"pl_PL","og_type":"article","og_title":"V6 RGB Wired Computer Gaming Mouse Manufacturer","og_description":"V6 RGB Wired Computer Gaming Mouse","og_url":"https:\/\/darshion.com\/pl\/urun\/rgb-gaming-mouse-v6\/","og_site_name":"darshion","article_modified_time":"2024-07-09T09:11:01+00:00","og_image":[{"width":600,"height":600,"url":"https:\/\/darshion.com\/wp-content\/uploads\/2024\/06\/\u4e3b-1.webp","type":"image\/webp"}],"twitter_card":"summary_large_image","twitter_misc":{"Szacowany czas czytania":"2 minuty"},"schema":{"@context":"https:\/\/schema.org","@graph":[{"@type":"WebPage","@id":"https:\/\/darshion.com\/tr\/urun\/rgb-gaming-mouse-v6\/","url":"https:\/\/darshion.com\/tr\/urun\/rgb-gaming-mouse-v6\/","name":"Przewodowa mysz komputerowa do gier V6 RGB Producent - darshion","isPartOf":{"@id":"https:\/\/darshion.com\/#website"},"primaryImageOfPage":{"@id":"https:\/\/darshion.com\/tr\/urun\/rgb-gaming-mouse-v6\/#primaryimage"},"image":{"@id":"https:\/\/darshion.com\/tr\/urun\/rgb-gaming-mouse-v6\/#primaryimage"},"thumbnailUrl":"https:\/\/darshion.com\/wp-content\/uploads\/2024\/06\/\u4e3b-1.webp","datePublished":"2024-06-05T09:13:08+00:00","dateModified":"2024-07-09T09:11:01+00:00","breadcrumb":{"@id":"https:\/\/darshion.com\/tr\/urun\/rgb-gaming-mouse-v6\/#breadcrumb"},"inLanguage":"pl-PL","potentialAction":[{"@type":"ReadAction","target":["https:\/\/darshion.com\/tr\/urun\/rgb-gaming-mouse-v6\/"]}]},{"@type":"ImageObject","inLanguage":"pl-PL","@id":"https:\/\/darshion.com\/tr\/urun\/rgb-gaming-mouse-v6\/#primaryimage","url":"https:\/\/darshion.com\/wp-content\/uploads\/2024\/06\/\u4e3b-1.webp","contentUrl":"https:\/\/darshion.com\/wp-content\/uploads\/2024\/06\/\u4e3b-1.webp","width":600,"height":600,"caption":"V6 RGB Wired Gaming Mouse"},{"@type":"BreadcrumbList","@id":"https:\/\/darshion.com\/tr\/urun\/rgb-gaming-mouse-v6\/#breadcrumb","itemListElement":[{"@type":"ListItem","position":1,"name":"\u9996\u9875","item":"https:\/\/darshion.com\/"},{"@type":"ListItem","position":2,"name":"PRODUCT","item":"https:\/\/darshion.com\/pt\/product\/"},{"@type":"ListItem","position":3,"name":"V6 RGB Wired Computer Gaming Mouse Manufacturer"}]},{"@type":"WebSite","@id":"https:\/\/darshion.com\/#website","url":"https:\/\/darshion.com\/","name":"darshion","description":"14 lat do\u015bwiadczenia, zapewnienie jako\u015bci, innowacyjny design","publisher":{"@id":"https:\/\/darshion.com\/#organization"},"potentialAction":[{"@type":"SearchAction","target":{"@type":"EntryPoint","urlTemplate":"https:\/\/darshion.com\/?s={search_term_string}"},"query-input":{"@type":"PropertyValueSpecification","valueRequired":true,"valueName":"search_term_string"}}],"inLanguage":"pl-PL"},{"@type":"Organization","@id":"https:\/\/darshion.com\/#organization","name":"darshion","url":"https:\/\/darshion.com\/","logo":{"@type":"ImageObject","inLanguage":"pl-PL","@id":"https:\/\/darshion.com\/#\/schema\/logo\/image\/","url":"https:\/\/darshion.com\/wp-content\/uploads\/2023\/09\/01-1.png","contentUrl":"https:\/\/darshion.com\/wp-content\/uploads\/2023\/09\/01-1.png","width":350,"height":100,"caption":"darshion"},"image":{"@id":"https:\/\/darshion.com\/#\/schema\/logo\/image\/"}}]}},"_links":{"self":[{"href":"https:\/\/darshion.com\/pl\/wp-json\/wp\/v2\/product\/2421"}],"collection":[{"href":"https:\/\/darshion.com\/pl\/wp-json\/wp\/v2\/product"}],"about":[{"href":"https:\/\/darshion.com\/pl\/wp-json\/wp\/v2\/types\/product"}],"replies":[{"embeddable":true,"href":"https:\/\/darshion.com\/pl\/wp-json\/wp\/v2\/comments?post=2421"}],"wp:featuredmedia":[{"embeddable":true,"href":"https:\/\/darshion.com\/pl\/wp-json\/wp\/v2\/media\/2428"}],"wp:attachment":[{"href":"https:\/\/darshion.com\/pl\/wp-json\/wp\/v2\/media?parent=2421"}],"wp:term":[{"taxonomy":"product_cat","embeddable":true,"href":"https:\/\/darshion.com\/pl\/wp-json\/wp\/v2\/product_cat?post=2421"},{"taxonomy":"product_tag","embeddable":true,"href":"https:\/\/darshion.com\/pl\/wp-json\/wp\/v2\/product_tag?post=2421"}],"curies":[{"name":"wp","href":"https:\/\/api.w.org\/{rel}","templated":true}]}}