{"id":2433,"date":"2024-06-05T17:30:47","date_gmt":"2024-06-05T09:30:47","guid":{"rendered":"https:\/\/darshion.com\/?post_type=product&#038;p=2433"},"modified":"2024-07-09T17:15:20","modified_gmt":"2024-07-09T09:15:20","slug":"2-4ghz-wireless-mouse-t26","status":"publish","type":"product","link":"https:\/\/darshion.com\/pl\/produkt\/2-4ghz-wireless-mouse-t26\/","title":{"rendered":"Producenci myszy bezprzewodowych T26 Gaming 2,4 GHz"},"content":{"rendered":"<p><strong>Cechy:<\/strong><br \/>\n1:Optyczna technologia laserowa T26 do precyzyjnego sterowania\uff0cWbudowany akumulator litowy,\u0141adowanie wykorzystuje interfejs TYPE-C do szybkiego \u0142adowania, unikaj\u0105c k\u0142opot\u00f3w z powolnym \u0142adowaniem\uff0cNie ma potrzeby wymiany baterii.<br \/>\n2: Odbiornik bezprzewodowy, mo\u017ce by\u0107 odbierany w promieniu 10 metr\u00f3w od sieci bezprzewodowej \uff0c Precyzyjny silnik 2400 DPl, dok\u0142adne wra\u017cenia! Wygodny uchwyt \uff0c Korzystaj z technologii bezprzewodowej 24G, do gier biurowych.<br \/>\n3 przyciski myszy L\/R, 2 przyciski kciuka i klikalne k\u00f3\u0142ko przewijania, dpi +\/-.<br \/>\n4: Fajne kolorowe oddychaj\u0105ce \u015bwiat\u0142o, wy\u0142\u0105cz \u015bwiat\u0142a i oszcz\u0119dzaj energi\u0119.<br \/>\n5: Wybierz pozycj\u0119 d\u0142oni, kt\u00f3ra najbardziej Ci odpowiada. Plug and play, kompatybilny z komputerami Mac.<\/p>\n<p><strong>Specyfikacja\uff1a<\/strong><br \/>\n1: Typ projektu: Mysz TYPE-C Szybkie \u0142adowanie<br \/>\n2: NAZWA PRODUKTU: Mysz bezprzewodowa 2.4G<br \/>\n3\uff1aMarka: Darshion<br \/>\n4\uff1aTechnologia bezprzewodowa: 2.4G<br \/>\n5: Odleg\u0142o\u015b\u0107 bezprzewodowa: 10 m<br \/>\n6: Napi\u0119cie \/ pr\u0105d znamionowy: 3.7V\/18mA<br \/>\n7\uff1aZasilanie: Wbudowany akumulator litowy (600 mAh)<br \/>\n8: Liczba klawiszy: 7 klawiszy\uff084 przyciski i 1 k\u00f3\u0142ko (\u015brodkowy przycisk)i dpi+\/-(regulowane) \uff09<br \/>\n9: Rozdzielczo\u015b\u0107 optyczna: 800 dpi\uff1b 1600 dpi; 2400 dpi.<br \/>\n10 \uff1a Klasyfikacja kolor\u00f3w: Czarny .<br \/>\n11\uff1aPraca: Fotoelektryczno\u015b\u0107<br \/>\n12: \u017bywotno\u015b\u0107 przycisku: 10 milion\u00f3w razy<br \/>\n13\uff1aMateria\u0142: ABS<br \/>\n14 \uff1a Waga produktu: 102 g<br \/>\n15 \uff1a Rozmiar elementu: 12.7x7x4.1 cm<br \/>\n16: Waga opakowania: 150 g<br \/>\n17: Rozmiar opakowania: 13,5 \u00d7 8,5 \u00d7 5 cm<br \/>\n18\uff1aWymagania systemowe: Windows 98 \/ Me \/ 2000 \/ XP \/ Vista \/ Win 7 \/ Win8 \/10\/Vista Mac OS lub najnowszy.<\/p>\n<p><strong>Opakowanie zawiera:<\/strong><br \/>\n1 x Mysz<br \/>\n1 x odbiornik USB<br \/>\n1 x instrukcja obs\u0142ugi<br \/>\n1 x kabel do \u0142adowania typu C~usb<br \/>\nUwagi:<br \/>\nAby zaoszcz\u0119dzi\u0107 wi\u0119cej energii i zwi\u0119kszy\u0107 trwa\u0142o\u015b\u0107 baterii, nie u\u017cywamy wi\u0119cej kolorowych \u015bwiate\u0142. Efekt o\u015bwietlenia jest lepszy tylko wtedy, gdy w nocy nie ma \u015bwiat\u0142a. Je\u015bli masz co\u015b przeciwko, kupuj ostro\u017cnie.<\/p>\n<p><img fetchpriority=\"high\" decoding=\"async\" class=\"alignnone size-full wp-image-2436\" src=\"https:\/\/darshion.com\/wp-content\/uploads\/2024\/06\/1-5.jpg\" alt=\"\" width=\"1500\" height=\"1500\" srcset=\"https:\/\/darshion.com\/wp-content\/uploads\/2024\/06\/1-5.jpg 1500w, https:\/\/darshion.com\/wp-content\/uploads\/2024\/06\/1-5-300x300.jpg 300w, https:\/\/darshion.com\/wp-content\/uploads\/2024\/06\/1-5-1024x1024.jpg 1024w, https:\/\/darshion.com\/wp-content\/uploads\/2024\/06\/1-5-150x150.jpg 150w, https:\/\/darshion.com\/wp-content\/uploads\/2024\/06\/1-5-768x768.jpg 768w, https:\/\/darshion.com\/wp-content\/uploads\/2024\/06\/1-5-600x600.jpg 600w, https:\/\/darshion.com\/wp-content\/uploads\/2024\/06\/1-5-100x100.jpg 100w\" sizes=\"(max-width: 1500px) 100vw, 1500px\" \/> <img decoding=\"async\" class=\"alignnone size-full wp-image-2437\" src=\"https:\/\/darshion.com\/wp-content\/uploads\/2024\/06\/2-5.jpg\" alt=\"\" width=\"1500\" height=\"1500\" srcset=\"https:\/\/darshion.com\/wp-content\/uploads\/2024\/06\/2-5.jpg 1500w, https:\/\/darshion.com\/wp-content\/uploads\/2024\/06\/2-5-300x300.jpg 300w, https:\/\/darshion.com\/wp-content\/uploads\/2024\/06\/2-5-1024x1024.jpg 1024w, https:\/\/darshion.com\/wp-content\/uploads\/2024\/06\/2-5-150x150.jpg 150w, https:\/\/darshion.com\/wp-content\/uploads\/2024\/06\/2-5-768x768.jpg 768w, https:\/\/darshion.com\/wp-content\/uploads\/2024\/06\/2-5-600x600.jpg 600w, https:\/\/darshion.com\/wp-content\/uploads\/2024\/06\/2-5-100x100.jpg 100w\" sizes=\"(max-width: 1500px) 100vw, 1500px\" \/> <img decoding=\"async\" class=\"alignnone size-full wp-image-2438\" src=\"https:\/\/darshion.com\/wp-content\/uploads\/2024\/06\/3-5.jpg\" alt=\"\" width=\"1500\" height=\"1500\" srcset=\"https:\/\/darshion.com\/wp-content\/uploads\/2024\/06\/3-5.jpg 1500w, https:\/\/darshion.com\/wp-content\/uploads\/2024\/06\/3-5-300x300.jpg 300w, https:\/\/darshion.com\/wp-content\/uploads\/2024\/06\/3-5-1024x1024.jpg 1024w, https:\/\/darshion.com\/wp-content\/uploads\/2024\/06\/3-5-150x150.jpg 150w, https:\/\/darshion.com\/wp-content\/uploads\/2024\/06\/3-5-768x768.jpg 768w, https:\/\/darshion.com\/wp-content\/uploads\/2024\/06\/3-5-600x600.jpg 600w, https:\/\/darshion.com\/wp-content\/uploads\/2024\/06\/3-5-100x100.jpg 100w\" sizes=\"(max-width: 1500px) 100vw, 1500px\" \/> <img loading=\"lazy\" decoding=\"async\" class=\"alignnone size-full wp-image-2439\" src=\"https:\/\/darshion.com\/wp-content\/uploads\/2024\/06\/4-5.jpg\" alt=\"\" width=\"1500\" height=\"1500\" srcset=\"https:\/\/darshion.com\/wp-content\/uploads\/2024\/06\/4-5.jpg 1500w, https:\/\/darshion.com\/wp-content\/uploads\/2024\/06\/4-5-300x300.jpg 300w, https:\/\/darshion.com\/wp-content\/uploads\/2024\/06\/4-5-1024x1024.jpg 1024w, https:\/\/darshion.com\/wp-content\/uploads\/2024\/06\/4-5-150x150.jpg 150w, https:\/\/darshion.com\/wp-content\/uploads\/2024\/06\/4-5-768x768.jpg 768w, https:\/\/darshion.com\/wp-content\/uploads\/2024\/06\/4-5-600x600.jpg 600w, https:\/\/darshion.com\/wp-content\/uploads\/2024\/06\/4-5-100x100.jpg 100w\" sizes=\"(max-width: 1500px) 100vw, 1500px\" \/><\/p>","protected":false},"excerpt":{"rendered":"<p class=\"pro_single_title\">Bezprzewodowa mysz do gier T26 z pod\u015bwietleniem RGB, \u0142adowana przez USB, 2,4 GHz<\/p>","protected":false},"featured_media":2440,"comment_status":"open","ping_status":"closed","template":"","meta":{"_monsterinsights_skip_tracking":false,"_monsterinsights_sitenote_active":false,"_monsterinsights_sitenote_note":"","_monsterinsights_sitenote_category":0},"product_cat":[541],"product_tag":[],"yoast_head":"<!-- This site is optimized with the Yoast SEO Premium plugin v22.9 (Yoast SEO v24.0) - https:\/\/yoast.com\/wordpress\/plugins\/seo\/ -->\n<title>T26 Gaming 2.4GHz Wireless Mouse Manufacturers - darshion<\/title>\n<meta name=\"robots\" content=\"index, follow, max-snippet:-1, max-image-preview:large, max-video-preview:-1\" \/>\n<link rel=\"canonical\" href=\"https:\/\/darshion.com\/pl\/produto\/2-4ghz-wireless-mouse-t26\/\" \/>\n<meta property=\"og:locale\" content=\"pl_PL\" \/>\n<meta property=\"og:type\" content=\"article\" \/>\n<meta property=\"og:title\" content=\"T26 Gaming 2.4GHz Wireless Mouse Manufacturers\" \/>\n<meta property=\"og:description\" content=\"T26 Backlit RGB Gaming USB Rechargeable 2.4GHz Wireless Mouse\" \/>\n<meta property=\"og:url\" content=\"https:\/\/darshion.com\/pl\/produto\/2-4ghz-wireless-mouse-t26\/\" \/>\n<meta property=\"og:site_name\" content=\"darshion\" \/>\n<meta property=\"article:modified_time\" content=\"2024-07-09T09:15:20+00:00\" \/>\n<meta property=\"og:image\" content=\"https:\/\/darshion.com\/wp-content\/uploads\/2024\/06\/2021-6-2-16226235973710.webp\" \/>\n\t<meta property=\"og:image:width\" content=\"600\" \/>\n\t<meta property=\"og:image:height\" content=\"600\" \/>\n\t<meta property=\"og:image:type\" content=\"image\/webp\" \/>\n<meta name=\"twitter:card\" content=\"summary_large_image\" \/>\n<meta name=\"twitter:label1\" content=\"Szacowany czas czytania\" \/>\n\t<meta name=\"twitter:data1\" content=\"3 minuty\" \/>\n<script type=\"application\/ld+json\" class=\"yoast-schema-graph\">{\"@context\":\"https:\/\/schema.org\",\"@graph\":[{\"@type\":\"WebPage\",\"@id\":\"https:\/\/darshion.com\/pt\/produto\/2-4ghz-wireless-mouse-t26\/\",\"url\":\"https:\/\/darshion.com\/pt\/produto\/2-4ghz-wireless-mouse-t26\/\",\"name\":\"T26 Gaming 2.4GHz Wireless Mouse Manufacturers - darshion\",\"isPartOf\":{\"@id\":\"https:\/\/darshion.com\/#website\"},\"primaryImageOfPage\":{\"@id\":\"https:\/\/darshion.com\/pt\/produto\/2-4ghz-wireless-mouse-t26\/#primaryimage\"},\"image\":{\"@id\":\"https:\/\/darshion.com\/pt\/produto\/2-4ghz-wireless-mouse-t26\/#primaryimage\"},\"thumbnailUrl\":\"https:\/\/darshion.com\/wp-content\/uploads\/2024\/06\/2021-6-2-16226235973710.webp\",\"datePublished\":\"2024-06-05T09:30:47+00:00\",\"dateModified\":\"2024-07-09T09:15:20+00:00\",\"breadcrumb\":{\"@id\":\"https:\/\/darshion.com\/pt\/produto\/2-4ghz-wireless-mouse-t26\/#breadcrumb\"},\"inLanguage\":\"pl-PL\",\"potentialAction\":[{\"@type\":\"ReadAction\",\"target\":[\"https:\/\/darshion.com\/pt\/produto\/2-4ghz-wireless-mouse-t26\/\"]}]},{\"@type\":\"ImageObject\",\"inLanguage\":\"pl-PL\",\"@id\":\"https:\/\/darshion.com\/pt\/produto\/2-4ghz-wireless-mouse-t26\/#primaryimage\",\"url\":\"https:\/\/darshion.com\/wp-content\/uploads\/2024\/06\/2021-6-2-16226235973710.webp\",\"contentUrl\":\"https:\/\/darshion.com\/wp-content\/uploads\/2024\/06\/2021-6-2-16226235973710.webp\",\"width\":600,\"height\":600,\"caption\":\"T26 2.4GHz Wireless Mouse\"},{\"@type\":\"BreadcrumbList\",\"@id\":\"https:\/\/darshion.com\/pt\/produto\/2-4ghz-wireless-mouse-t26\/#breadcrumb\",\"itemListElement\":[{\"@type\":\"ListItem\",\"position\":1,\"name\":\"\u9996\u9875\",\"item\":\"https:\/\/darshion.com\/\"},{\"@type\":\"ListItem\",\"position\":2,\"name\":\"PRODUCT\",\"item\":\"https:\/\/darshion.com\/pt\/product\/\"},{\"@type\":\"ListItem\",\"position\":3,\"name\":\"T26 Gaming 2.4GHz Wireless Mouse Manufacturers\"}]},{\"@type\":\"WebSite\",\"@id\":\"https:\/\/darshion.com\/#website\",\"url\":\"https:\/\/darshion.com\/\",\"name\":\"darshion\",\"description\":\"14 Years of Experience, Quality Assurance, Innovative Design\",\"publisher\":{\"@id\":\"https:\/\/darshion.com\/#organization\"},\"potentialAction\":[{\"@type\":\"SearchAction\",\"target\":{\"@type\":\"EntryPoint\",\"urlTemplate\":\"https:\/\/darshion.com\/?s={search_term_string}\"},\"query-input\":{\"@type\":\"PropertyValueSpecification\",\"valueRequired\":true,\"valueName\":\"search_term_string\"}}],\"inLanguage\":\"pl-PL\"},{\"@type\":\"Organization\",\"@id\":\"https:\/\/darshion.com\/#organization\",\"name\":\"darshion\",\"url\":\"https:\/\/darshion.com\/\",\"logo\":{\"@type\":\"ImageObject\",\"inLanguage\":\"pl-PL\",\"@id\":\"https:\/\/darshion.com\/#\/schema\/logo\/image\/\",\"url\":\"https:\/\/darshion.com\/wp-content\/uploads\/2023\/09\/01-1.png\",\"contentUrl\":\"https:\/\/darshion.com\/wp-content\/uploads\/2023\/09\/01-1.png\",\"width\":350,\"height\":100,\"caption\":\"darshion\"},\"image\":{\"@id\":\"https:\/\/darshion.com\/#\/schema\/logo\/image\/\"}}]}<\/script>\n<!-- \/ Yoast SEO Premium plugin. -->","yoast_head_json":{"title":"T26 Gaming 2.4GHz Wireless Mouse Manufacturers - darshion","robots":{"index":"index","follow":"follow","max-snippet":"max-snippet:-1","max-image-preview":"max-image-preview:large","max-video-preview":"max-video-preview:-1"},"canonical":"https:\/\/darshion.com\/pl\/produto\/2-4ghz-wireless-mouse-t26\/","og_locale":"pl_PL","og_type":"article","og_title":"T26 Gaming 2.4GHz Wireless Mouse Manufacturers","og_description":"T26 Backlit RGB Gaming USB Rechargeable 2.4GHz Wireless Mouse","og_url":"https:\/\/darshion.com\/pl\/produto\/2-4ghz-wireless-mouse-t26\/","og_site_name":"darshion","article_modified_time":"2024-07-09T09:15:20+00:00","og_image":[{"width":600,"height":600,"url":"https:\/\/darshion.com\/wp-content\/uploads\/2024\/06\/2021-6-2-16226235973710.webp","type":"image\/webp"}],"twitter_card":"summary_large_image","twitter_misc":{"Szacowany czas czytania":"3 minuty"},"schema":{"@context":"https:\/\/schema.org","@graph":[{"@type":"WebPage","@id":"https:\/\/darshion.com\/pt\/produto\/2-4ghz-wireless-mouse-t26\/","url":"https:\/\/darshion.com\/pt\/produto\/2-4ghz-wireless-mouse-t26\/","name":"T26 Gaming 2.4GHz Wireless Mouse Manufacturers - darshion","isPartOf":{"@id":"https:\/\/darshion.com\/#website"},"primaryImageOfPage":{"@id":"https:\/\/darshion.com\/pt\/produto\/2-4ghz-wireless-mouse-t26\/#primaryimage"},"image":{"@id":"https:\/\/darshion.com\/pt\/produto\/2-4ghz-wireless-mouse-t26\/#primaryimage"},"thumbnailUrl":"https:\/\/darshion.com\/wp-content\/uploads\/2024\/06\/2021-6-2-16226235973710.webp","datePublished":"2024-06-05T09:30:47+00:00","dateModified":"2024-07-09T09:15:20+00:00","breadcrumb":{"@id":"https:\/\/darshion.com\/pt\/produto\/2-4ghz-wireless-mouse-t26\/#breadcrumb"},"inLanguage":"pl-PL","potentialAction":[{"@type":"ReadAction","target":["https:\/\/darshion.com\/pt\/produto\/2-4ghz-wireless-mouse-t26\/"]}]},{"@type":"ImageObject","inLanguage":"pl-PL","@id":"https:\/\/darshion.com\/pt\/produto\/2-4ghz-wireless-mouse-t26\/#primaryimage","url":"https:\/\/darshion.com\/wp-content\/uploads\/2024\/06\/2021-6-2-16226235973710.webp","contentUrl":"https:\/\/darshion.com\/wp-content\/uploads\/2024\/06\/2021-6-2-16226235973710.webp","width":600,"height":600,"caption":"T26 2.4GHz Wireless Mouse"},{"@type":"BreadcrumbList","@id":"https:\/\/darshion.com\/pt\/produto\/2-4ghz-wireless-mouse-t26\/#breadcrumb","itemListElement":[{"@type":"ListItem","position":1,"name":"\u9996\u9875","item":"https:\/\/darshion.com\/"},{"@type":"ListItem","position":2,"name":"PRODUCT","item":"https:\/\/darshion.com\/pt\/product\/"},{"@type":"ListItem","position":3,"name":"T26 Gaming 2.4GHz Wireless Mouse Manufacturers"}]},{"@type":"WebSite","@id":"https:\/\/darshion.com\/#website","url":"https:\/\/darshion.com\/","name":"darshion","description":"14 lat do\u015bwiadczenia, zapewnienie jako\u015bci, innowacyjny design","publisher":{"@id":"https:\/\/darshion.com\/#organization"},"potentialAction":[{"@type":"SearchAction","target":{"@type":"EntryPoint","urlTemplate":"https:\/\/darshion.com\/?s={search_term_string}"},"query-input":{"@type":"PropertyValueSpecification","valueRequired":true,"valueName":"search_term_string"}}],"inLanguage":"pl-PL"},{"@type":"Organization","@id":"https:\/\/darshion.com\/#organization","name":"darshion","url":"https:\/\/darshion.com\/","logo":{"@type":"ImageObject","inLanguage":"pl-PL","@id":"https:\/\/darshion.com\/#\/schema\/logo\/image\/","url":"https:\/\/darshion.com\/wp-content\/uploads\/2023\/09\/01-1.png","contentUrl":"https:\/\/darshion.com\/wp-content\/uploads\/2023\/09\/01-1.png","width":350,"height":100,"caption":"darshion"},"image":{"@id":"https:\/\/darshion.com\/#\/schema\/logo\/image\/"}}]}},"_links":{"self":[{"href":"https:\/\/darshion.com\/pl\/wp-json\/wp\/v2\/product\/2433"}],"collection":[{"href":"https:\/\/darshion.com\/pl\/wp-json\/wp\/v2\/product"}],"about":[{"href":"https:\/\/darshion.com\/pl\/wp-json\/wp\/v2\/types\/product"}],"replies":[{"embeddable":true,"href":"https:\/\/darshion.com\/pl\/wp-json\/wp\/v2\/comments?post=2433"}],"wp:featuredmedia":[{"embeddable":true,"href":"https:\/\/darshion.com\/pl\/wp-json\/wp\/v2\/media\/2440"}],"wp:attachment":[{"href":"https:\/\/darshion.com\/pl\/wp-json\/wp\/v2\/media?parent=2433"}],"wp:term":[{"taxonomy":"product_cat","embeddable":true,"href":"https:\/\/darshion.com\/pl\/wp-json\/wp\/v2\/product_cat?post=2433"},{"taxonomy":"product_tag","embeddable":true,"href":"https:\/\/darshion.com\/pl\/wp-json\/wp\/v2\/product_tag?post=2433"}],"curies":[{"name":"wp","href":"https:\/\/api.w.org\/{rel}","templated":true}]}}