{"id":2613,"date":"2024-06-07T17:34:01","date_gmt":"2024-06-07T09:34:01","guid":{"rendered":"https:\/\/darshion.com\/?post_type=product&#038;p=2613"},"modified":"2024-07-11T17:06:10","modified_gmt":"2024-07-11T09:06:10","slug":"game-wired-rgb-mouse","status":"publish","type":"product","link":"https:\/\/darshion.com\/pl\/produkt\/game-wired-rgb-mouse\/","title":{"rendered":"Fabryczna przewodowa mysz RGB A869 USB do gier"},"content":{"rendered":"<p><strong>Cechy:<\/strong><br \/>\nWysokiej klasy silnik optyczny, precyzyjne pozycjonowanie. Inteligentne po\u0142\u0105czenie, plug and play.<br \/>\n7 przycisk\u00f3w, w tym w lewo, w prawo, k\u00f3\u0142ko przewijania, DPI +, DPI-, Advance, Retreat.<br \/>\nDaj\u0105c w sumie 7 jasnych kolor\u00f3w pokazuj\u0105cych zwroty, kolorowy efekt wizualny.<br \/>\n4 poziomy regulowanego DPI (1200\/1600\/2400\/3200).<br \/>\nErgonomiczna konstrukcja, wygodny dotyk, d\u0142ugotrwa\u0142e u\u017cytkowanie bez zm\u0119czenia.<\/p>\n<p><strong>Specyfikacja:<\/strong><br \/>\nStopa zwrotu: 125Hz<br \/>\nPr\u0119dko\u015b\u0107 ruchu: 30IPS<br \/>\nCz\u0119stotliwo\u015b\u0107 od\u015bwie\u017cania: 4000FPS<br \/>\nPrzyspieszenie: 8G<br \/>\nDPI: 1200\/1600\/2400\/3600 dpi<br \/>\nMateria\u0142: ABS<br \/>\nSystem \u015bledzenia: Optyczny<br \/>\nNapi\u0119cie znamionowe \/ pr\u0105d elektryczny: DC 5V\/ 100mA<br \/>\nPo\u0142\u0105czenie: Przewodowe<br \/>\nD\u0142ugo\u015b\u0107 kabla: Ok. 150 cm<br \/>\nPort: USB 2.0<br \/>\n\u017bywotno\u015b\u0107 prze\u0142\u0105cznika: 10 milion\u00f3w cykli<br \/>\nPrzyciski: Lewo, Prawo, K\u00f3\u0142ko przewijania, DPI +\uff0cDPI -, Awans, Cofnij<br \/>\nEfekt \u015bwietlny: kolorowy<br \/>\nRozmiar myszy: 12,7 * 7 * 4 cm \/ 5 * 2,8 * 1,6 cala<br \/>\nWaga myszy: 131 g \/ 4,6 uncji<\/p>\n<p><img fetchpriority=\"high\" decoding=\"async\" class=\"alignnone size-full wp-image-2621\" src=\"https:\/\/darshion.com\/wp-content\/uploads\/2024\/06\/1622442936105842.jpg\" alt=\"\" width=\"1500\" height=\"1500\" srcset=\"https:\/\/darshion.com\/wp-content\/uploads\/2024\/06\/1622442936105842.jpg 1500w, https:\/\/darshion.com\/wp-content\/uploads\/2024\/06\/1622442936105842-300x300.jpg 300w, https:\/\/darshion.com\/wp-content\/uploads\/2024\/06\/1622442936105842-1024x1024.jpg 1024w, https:\/\/darshion.com\/wp-content\/uploads\/2024\/06\/1622442936105842-150x150.jpg 150w, https:\/\/darshion.com\/wp-content\/uploads\/2024\/06\/1622442936105842-768x768.jpg 768w, https:\/\/darshion.com\/wp-content\/uploads\/2024\/06\/1622442936105842-600x600.jpg 600w, https:\/\/darshion.com\/wp-content\/uploads\/2024\/06\/1622442936105842-100x100.jpg 100w\" sizes=\"(max-width: 1500px) 100vw, 1500px\" \/> <img decoding=\"async\" class=\"alignnone size-full wp-image-2622\" src=\"https:\/\/darshion.com\/wp-content\/uploads\/2024\/06\/1622442936656738.jpg\" alt=\"\" width=\"1600\" height=\"1600\" srcset=\"https:\/\/darshion.com\/wp-content\/uploads\/2024\/06\/1622442936656738.jpg 1600w, https:\/\/darshion.com\/wp-content\/uploads\/2024\/06\/1622442936656738-300x300.jpg 300w, https:\/\/darshion.com\/wp-content\/uploads\/2024\/06\/1622442936656738-1024x1024.jpg 1024w, https:\/\/darshion.com\/wp-content\/uploads\/2024\/06\/1622442936656738-150x150.jpg 150w, https:\/\/darshion.com\/wp-content\/uploads\/2024\/06\/1622442936656738-768x768.jpg 768w, https:\/\/darshion.com\/wp-content\/uploads\/2024\/06\/1622442936656738-1536x1536.jpg 1536w, https:\/\/darshion.com\/wp-content\/uploads\/2024\/06\/1622442936656738-600x600.jpg 600w, https:\/\/darshion.com\/wp-content\/uploads\/2024\/06\/1622442936656738-100x100.jpg 100w\" sizes=\"(max-width: 1600px) 100vw, 1600px\" \/> <img decoding=\"async\" class=\"alignnone size-full wp-image-2623\" src=\"https:\/\/darshion.com\/wp-content\/uploads\/2024\/06\/1622442936733359.jpg\" alt=\"\" width=\"1500\" height=\"1500\" srcset=\"https:\/\/darshion.com\/wp-content\/uploads\/2024\/06\/1622442936733359.jpg 1500w, https:\/\/darshion.com\/wp-content\/uploads\/2024\/06\/1622442936733359-300x300.jpg 300w, https:\/\/darshion.com\/wp-content\/uploads\/2024\/06\/1622442936733359-1024x1024.jpg 1024w, https:\/\/darshion.com\/wp-content\/uploads\/2024\/06\/1622442936733359-150x150.jpg 150w, https:\/\/darshion.com\/wp-content\/uploads\/2024\/06\/1622442936733359-768x768.jpg 768w, https:\/\/darshion.com\/wp-content\/uploads\/2024\/06\/1622442936733359-600x600.jpg 600w, https:\/\/darshion.com\/wp-content\/uploads\/2024\/06\/1622442936733359-100x100.jpg 100w\" sizes=\"(max-width: 1500px) 100vw, 1500px\" \/> <img loading=\"lazy\" decoding=\"async\" class=\"alignnone size-full wp-image-2624\" src=\"https:\/\/darshion.com\/wp-content\/uploads\/2024\/06\/1622442936744894.jpg\" alt=\"\" width=\"1500\" height=\"1500\" srcset=\"https:\/\/darshion.com\/wp-content\/uploads\/2024\/06\/1622442936744894.jpg 1500w, https:\/\/darshion.com\/wp-content\/uploads\/2024\/06\/1622442936744894-300x300.jpg 300w, https:\/\/darshion.com\/wp-content\/uploads\/2024\/06\/1622442936744894-1024x1024.jpg 1024w, https:\/\/darshion.com\/wp-content\/uploads\/2024\/06\/1622442936744894-150x150.jpg 150w, https:\/\/darshion.com\/wp-content\/uploads\/2024\/06\/1622442936744894-768x768.jpg 768w, https:\/\/darshion.com\/wp-content\/uploads\/2024\/06\/1622442936744894-600x600.jpg 600w, https:\/\/darshion.com\/wp-content\/uploads\/2024\/06\/1622442936744894-100x100.jpg 100w\" sizes=\"(max-width: 1500px) 100vw, 1500px\" \/> <img loading=\"lazy\" decoding=\"async\" class=\"alignnone size-full wp-image-2625\" src=\"https:\/\/darshion.com\/wp-content\/uploads\/2024\/06\/1622442937626936.jpg\" alt=\"\" width=\"1600\" height=\"1600\" srcset=\"https:\/\/darshion.com\/wp-content\/uploads\/2024\/06\/1622442937626936.jpg 1600w, https:\/\/darshion.com\/wp-content\/uploads\/2024\/06\/1622442937626936-300x300.jpg 300w, https:\/\/darshion.com\/wp-content\/uploads\/2024\/06\/1622442937626936-1024x1024.jpg 1024w, https:\/\/darshion.com\/wp-content\/uploads\/2024\/06\/1622442937626936-150x150.jpg 150w, https:\/\/darshion.com\/wp-content\/uploads\/2024\/06\/1622442937626936-768x768.jpg 768w, https:\/\/darshion.com\/wp-content\/uploads\/2024\/06\/1622442937626936-1536x1536.jpg 1536w, https:\/\/darshion.com\/wp-content\/uploads\/2024\/06\/1622442937626936-600x600.jpg 600w, https:\/\/darshion.com\/wp-content\/uploads\/2024\/06\/1622442937626936-100x100.jpg 100w\" sizes=\"(max-width: 1600px) 100vw, 1600px\" \/><\/p>","protected":false},"excerpt":{"rendered":"<p class=\"pro_single_title\">Mysz przewodowa RGB A869 LED \u015bwiec\u0105ca USB 7 kolor\u00f3w do gier<\/p>","protected":false},"featured_media":2625,"comment_status":"open","ping_status":"closed","template":"","meta":{"_monsterinsights_skip_tracking":false,"_monsterinsights_sitenote_active":false,"_monsterinsights_sitenote_note":"","_monsterinsights_sitenote_category":0},"product_cat":[542],"product_tag":[],"yoast_head":"<!-- This site is optimized with the Yoast SEO Premium plugin v22.9 (Yoast SEO v24.0) - https:\/\/yoast.com\/wordpress\/plugins\/seo\/ -->\n<title>A869 USB Game Wired RGB Mouse Factory - darshion<\/title>\n<meta name=\"robots\" content=\"index, follow, max-snippet:-1, max-image-preview:large, max-video-preview:-1\" \/>\n<link rel=\"canonical\" href=\"https:\/\/darshion.com\/pl\/produto\/game-wired-rgb-mouse\/\" \/>\n<meta property=\"og:locale\" content=\"pl_PL\" \/>\n<meta property=\"og:type\" content=\"article\" \/>\n<meta property=\"og:title\" content=\"A869 USB Game Wired RGB Mouse Factory\" \/>\n<meta property=\"og:description\" content=\"A869 Led Glowing USB 7 Colors Game Wired RGB Mouse\" \/>\n<meta property=\"og:url\" content=\"https:\/\/darshion.com\/pl\/produto\/game-wired-rgb-mouse\/\" \/>\n<meta property=\"og:site_name\" content=\"darshion\" \/>\n<meta property=\"article:modified_time\" content=\"2024-07-11T09:06:10+00:00\" \/>\n<meta property=\"og:image\" content=\"https:\/\/darshion.com\/wp-content\/uploads\/2024\/06\/1622442937626936.jpg\" \/>\n\t<meta property=\"og:image:width\" content=\"1600\" \/>\n\t<meta property=\"og:image:height\" content=\"1600\" \/>\n\t<meta property=\"og:image:type\" content=\"image\/jpeg\" \/>\n<meta name=\"twitter:card\" content=\"summary_large_image\" \/>\n<meta name=\"twitter:label1\" content=\"Szacowany czas czytania\" \/>\n\t<meta name=\"twitter:data1\" content=\"2 minuty\" \/>\n<script type=\"application\/ld+json\" class=\"yoast-schema-graph\">{\"@context\":\"https:\/\/schema.org\",\"@graph\":[{\"@type\":\"WebPage\",\"@id\":\"https:\/\/darshion.com\/pt\/produto\/game-wired-rgb-mouse\/\",\"url\":\"https:\/\/darshion.com\/pt\/produto\/game-wired-rgb-mouse\/\",\"name\":\"A869 USB Game Wired RGB Mouse Factory - darshion\",\"isPartOf\":{\"@id\":\"https:\/\/darshion.com\/#website\"},\"primaryImageOfPage\":{\"@id\":\"https:\/\/darshion.com\/pt\/produto\/game-wired-rgb-mouse\/#primaryimage\"},\"image\":{\"@id\":\"https:\/\/darshion.com\/pt\/produto\/game-wired-rgb-mouse\/#primaryimage\"},\"thumbnailUrl\":\"https:\/\/darshion.com\/wp-content\/uploads\/2024\/06\/1622442937626936.jpg\",\"datePublished\":\"2024-06-07T09:34:01+00:00\",\"dateModified\":\"2024-07-11T09:06:10+00:00\",\"breadcrumb\":{\"@id\":\"https:\/\/darshion.com\/pt\/produto\/game-wired-rgb-mouse\/#breadcrumb\"},\"inLanguage\":\"pl-PL\",\"potentialAction\":[{\"@type\":\"ReadAction\",\"target\":[\"https:\/\/darshion.com\/pt\/produto\/game-wired-rgb-mouse\/\"]}]},{\"@type\":\"ImageObject\",\"inLanguage\":\"pl-PL\",\"@id\":\"https:\/\/darshion.com\/pt\/produto\/game-wired-rgb-mouse\/#primaryimage\",\"url\":\"https:\/\/darshion.com\/wp-content\/uploads\/2024\/06\/1622442937626936.jpg\",\"contentUrl\":\"https:\/\/darshion.com\/wp-content\/uploads\/2024\/06\/1622442937626936.jpg\",\"width\":1600,\"height\":1600,\"caption\":\"A869 Wired RGB Mouse\"},{\"@type\":\"BreadcrumbList\",\"@id\":\"https:\/\/darshion.com\/pt\/produto\/game-wired-rgb-mouse\/#breadcrumb\",\"itemListElement\":[{\"@type\":\"ListItem\",\"position\":1,\"name\":\"\u9996\u9875\",\"item\":\"https:\/\/darshion.com\/\"},{\"@type\":\"ListItem\",\"position\":2,\"name\":\"PRODUCT\",\"item\":\"https:\/\/darshion.com\/pt\/product\/\"},{\"@type\":\"ListItem\",\"position\":3,\"name\":\"A869 USB Game Wired RGB Mouse Factory\"}]},{\"@type\":\"WebSite\",\"@id\":\"https:\/\/darshion.com\/#website\",\"url\":\"https:\/\/darshion.com\/\",\"name\":\"darshion\",\"description\":\"14 Years of Experience, Quality Assurance, Innovative Design\",\"publisher\":{\"@id\":\"https:\/\/darshion.com\/#organization\"},\"potentialAction\":[{\"@type\":\"SearchAction\",\"target\":{\"@type\":\"EntryPoint\",\"urlTemplate\":\"https:\/\/darshion.com\/?s={search_term_string}\"},\"query-input\":{\"@type\":\"PropertyValueSpecification\",\"valueRequired\":true,\"valueName\":\"search_term_string\"}}],\"inLanguage\":\"pl-PL\"},{\"@type\":\"Organization\",\"@id\":\"https:\/\/darshion.com\/#organization\",\"name\":\"darshion\",\"url\":\"https:\/\/darshion.com\/\",\"logo\":{\"@type\":\"ImageObject\",\"inLanguage\":\"pl-PL\",\"@id\":\"https:\/\/darshion.com\/#\/schema\/logo\/image\/\",\"url\":\"https:\/\/darshion.com\/wp-content\/uploads\/2023\/09\/01-1.png\",\"contentUrl\":\"https:\/\/darshion.com\/wp-content\/uploads\/2023\/09\/01-1.png\",\"width\":350,\"height\":100,\"caption\":\"darshion\"},\"image\":{\"@id\":\"https:\/\/darshion.com\/#\/schema\/logo\/image\/\"}}]}<\/script>\n<!-- \/ Yoast SEO Premium plugin. -->","yoast_head_json":{"title":"Fabryczna przewodowa mysz RGB do gier A869 USB - darshion","robots":{"index":"index","follow":"follow","max-snippet":"max-snippet:-1","max-image-preview":"max-image-preview:large","max-video-preview":"max-video-preview:-1"},"canonical":"https:\/\/darshion.com\/pl\/produto\/game-wired-rgb-mouse\/","og_locale":"pl_PL","og_type":"article","og_title":"A869 USB Game Wired RGB Mouse Factory","og_description":"A869 Led Glowing USB 7 Colors Game Wired RGB Mouse","og_url":"https:\/\/darshion.com\/pl\/produto\/game-wired-rgb-mouse\/","og_site_name":"darshion","article_modified_time":"2024-07-11T09:06:10+00:00","og_image":[{"width":1600,"height":1600,"url":"https:\/\/darshion.com\/wp-content\/uploads\/2024\/06\/1622442937626936.jpg","type":"image\/jpeg"}],"twitter_card":"summary_large_image","twitter_misc":{"Szacowany czas czytania":"2 minuty"},"schema":{"@context":"https:\/\/schema.org","@graph":[{"@type":"WebPage","@id":"https:\/\/darshion.com\/pt\/produto\/game-wired-rgb-mouse\/","url":"https:\/\/darshion.com\/pt\/produto\/game-wired-rgb-mouse\/","name":"Fabryczna przewodowa mysz RGB do gier A869 USB - darshion","isPartOf":{"@id":"https:\/\/darshion.com\/#website"},"primaryImageOfPage":{"@id":"https:\/\/darshion.com\/pt\/produto\/game-wired-rgb-mouse\/#primaryimage"},"image":{"@id":"https:\/\/darshion.com\/pt\/produto\/game-wired-rgb-mouse\/#primaryimage"},"thumbnailUrl":"https:\/\/darshion.com\/wp-content\/uploads\/2024\/06\/1622442937626936.jpg","datePublished":"2024-06-07T09:34:01+00:00","dateModified":"2024-07-11T09:06:10+00:00","breadcrumb":{"@id":"https:\/\/darshion.com\/pt\/produto\/game-wired-rgb-mouse\/#breadcrumb"},"inLanguage":"pl-PL","potentialAction":[{"@type":"ReadAction","target":["https:\/\/darshion.com\/pt\/produto\/game-wired-rgb-mouse\/"]}]},{"@type":"ImageObject","inLanguage":"pl-PL","@id":"https:\/\/darshion.com\/pt\/produto\/game-wired-rgb-mouse\/#primaryimage","url":"https:\/\/darshion.com\/wp-content\/uploads\/2024\/06\/1622442937626936.jpg","contentUrl":"https:\/\/darshion.com\/wp-content\/uploads\/2024\/06\/1622442937626936.jpg","width":1600,"height":1600,"caption":"A869 Wired RGB Mouse"},{"@type":"BreadcrumbList","@id":"https:\/\/darshion.com\/pt\/produto\/game-wired-rgb-mouse\/#breadcrumb","itemListElement":[{"@type":"ListItem","position":1,"name":"\u9996\u9875","item":"https:\/\/darshion.com\/"},{"@type":"ListItem","position":2,"name":"PRODUCT","item":"https:\/\/darshion.com\/pt\/product\/"},{"@type":"ListItem","position":3,"name":"A869 USB Game Wired RGB Mouse Factory"}]},{"@type":"WebSite","@id":"https:\/\/darshion.com\/#website","url":"https:\/\/darshion.com\/","name":"darshion","description":"14 lat do\u015bwiadczenia, zapewnienie jako\u015bci, innowacyjny design","publisher":{"@id":"https:\/\/darshion.com\/#organization"},"potentialAction":[{"@type":"SearchAction","target":{"@type":"EntryPoint","urlTemplate":"https:\/\/darshion.com\/?s={search_term_string}"},"query-input":{"@type":"PropertyValueSpecification","valueRequired":true,"valueName":"search_term_string"}}],"inLanguage":"pl-PL"},{"@type":"Organization","@id":"https:\/\/darshion.com\/#organization","name":"darshion","url":"https:\/\/darshion.com\/","logo":{"@type":"ImageObject","inLanguage":"pl-PL","@id":"https:\/\/darshion.com\/#\/schema\/logo\/image\/","url":"https:\/\/darshion.com\/wp-content\/uploads\/2023\/09\/01-1.png","contentUrl":"https:\/\/darshion.com\/wp-content\/uploads\/2023\/09\/01-1.png","width":350,"height":100,"caption":"darshion"},"image":{"@id":"https:\/\/darshion.com\/#\/schema\/logo\/image\/"}}]}},"_links":{"self":[{"href":"https:\/\/darshion.com\/pl\/wp-json\/wp\/v2\/product\/2613"}],"collection":[{"href":"https:\/\/darshion.com\/pl\/wp-json\/wp\/v2\/product"}],"about":[{"href":"https:\/\/darshion.com\/pl\/wp-json\/wp\/v2\/types\/product"}],"replies":[{"embeddable":true,"href":"https:\/\/darshion.com\/pl\/wp-json\/wp\/v2\/comments?post=2613"}],"wp:featuredmedia":[{"embeddable":true,"href":"https:\/\/darshion.com\/pl\/wp-json\/wp\/v2\/media\/2625"}],"wp:attachment":[{"href":"https:\/\/darshion.com\/pl\/wp-json\/wp\/v2\/media?parent=2613"}],"wp:term":[{"taxonomy":"product_cat","embeddable":true,"href":"https:\/\/darshion.com\/pl\/wp-json\/wp\/v2\/product_cat?post=2613"},{"taxonomy":"product_tag","embeddable":true,"href":"https:\/\/darshion.com\/pl\/wp-json\/wp\/v2\/product_tag?post=2613"}],"curies":[{"name":"wp","href":"https:\/\/api.w.org\/{rel}","templated":true}]}}