{"id":2716,"date":"2024-06-14T11:55:08","date_gmt":"2024-06-14T03:55:08","guid":{"rendered":"https:\/\/darshion.com\/?post_type=product&#038;p=2716"},"modified":"2024-07-11T10:56:04","modified_gmt":"2024-07-11T02:56:04","slug":"colorful-gaming-mouse","status":"publish","type":"product","link":"https:\/\/darshion.com\/pl\/produkt\/colorful-gaming-mouse\/","title":{"rendered":"Kolorowa przewodowa mysz komputerowa S7 do gier Factory"},"content":{"rendered":"<p><strong>Cechy:<\/strong><\/p>\n<p>Unikalna konstrukcja \u0142\u0105cz\u0105ca 4 kolory \u015bwiec\u0105cego \u015bwiat\u0142a LED, wiele kolor\u00f3w \u015bwieci jednocze\u015bnie, podkre\u015blaj\u0105c rozgrywk\u0119. Naci\u015bnij przycisk do przodu \/ do ty\u0142u + DPI, aby wy\u0142\u0105czy\u0107 \u015bwiat\u0142o.<br \/>\nErgonomiczne k\u00f3\u0142ko przewijania z gumow\u0105 i przyjazn\u0105 dla sk\u00f3ry powierzchni\u0105 zapewnia najbardziej komfortowe uczucie w d\u0142oni przez d\u0142ugi czas. Doskona\u0142a mysz do gier dla zwyk\u0142ych graczy komputerowych.<br \/>\n\u0141atwy i szybki w u\u017cyciu, nie wymaga instalacji dodatkowego oprogramowania. Obs\u0142uga USB: 2.0 \/ port. 6 zaprogramowanych przycisk\u00f3w i regulowane k\u00f3\u0142ko przewijania do szybkich i dok\u0142adnych manewr\u00f3w.<br \/>\nDobrze wsp\u00f3\u0142pracuje z systemami Windows 10, 8, 7, Vista, XP, Linux lub najnowszymi systemami operacyjnymi.<br \/>\nUwaga: Przyciski Dalej i Wstecz nie s\u0105 dost\u0119pne dla system\u00f3w OS.<\/p>\n<p><strong>Specyfikacja:<\/strong><\/p>\n<p>Typ przedmiotu: Mysz do gier<br \/>\nMateria\u0142: ABS<br \/>\nRozmiar: oko\u0142o 13,8 x 7 cm \/ 5,43 x 2,75 cala<br \/>\nKolor: czarny<br \/>\nIlo\u015b\u0107: 1 Pc<\/p>\n<p><strong>Pakiet zawiera:<\/strong><\/p>\n<p>1 mysz do gier (inne akcesoria widoczne na zdj\u0119ciu nie wchodz\u0105 w sk\u0142ad zestawu).<\/p>\n<p><img fetchpriority=\"high\" decoding=\"async\" class=\"alignnone size-full wp-image-2724\" src=\"https:\/\/darshion.com\/wp-content\/uploads\/2024\/06\/1622011121171911.jpg\" alt=\"\" width=\"1000\" height=\"1000\" srcset=\"https:\/\/darshion.com\/wp-content\/uploads\/2024\/06\/1622011121171911.jpg 1000w, https:\/\/darshion.com\/wp-content\/uploads\/2024\/06\/1622011121171911-300x300.jpg 300w, https:\/\/darshion.com\/wp-content\/uploads\/2024\/06\/1622011121171911-150x150.jpg 150w, https:\/\/darshion.com\/wp-content\/uploads\/2024\/06\/1622011121171911-768x768.jpg 768w, https:\/\/darshion.com\/wp-content\/uploads\/2024\/06\/1622011121171911-600x600.jpg 600w, https:\/\/darshion.com\/wp-content\/uploads\/2024\/06\/1622011121171911-100x100.jpg 100w\" sizes=\"(max-width: 1000px) 100vw, 1000px\" \/> <img decoding=\"async\" class=\"alignnone size-full wp-image-2725\" src=\"https:\/\/darshion.com\/wp-content\/uploads\/2024\/06\/1622011121345183.jpg\" alt=\"\" width=\"1000\" height=\"1000\" srcset=\"https:\/\/darshion.com\/wp-content\/uploads\/2024\/06\/1622011121345183.jpg 1000w, https:\/\/darshion.com\/wp-content\/uploads\/2024\/06\/1622011121345183-300x300.jpg 300w, https:\/\/darshion.com\/wp-content\/uploads\/2024\/06\/1622011121345183-150x150.jpg 150w, https:\/\/darshion.com\/wp-content\/uploads\/2024\/06\/1622011121345183-768x768.jpg 768w, https:\/\/darshion.com\/wp-content\/uploads\/2024\/06\/1622011121345183-600x600.jpg 600w, https:\/\/darshion.com\/wp-content\/uploads\/2024\/06\/1622011121345183-100x100.jpg 100w\" sizes=\"(max-width: 1000px) 100vw, 1000px\" \/> <img decoding=\"async\" class=\"alignnone size-full wp-image-2726\" src=\"https:\/\/darshion.com\/wp-content\/uploads\/2024\/06\/1622011121638570.jpg\" alt=\"\" width=\"1000\" height=\"1000\" srcset=\"https:\/\/darshion.com\/wp-content\/uploads\/2024\/06\/1622011121638570.jpg 1000w, https:\/\/darshion.com\/wp-content\/uploads\/2024\/06\/1622011121638570-300x300.jpg 300w, https:\/\/darshion.com\/wp-content\/uploads\/2024\/06\/1622011121638570-150x150.jpg 150w, https:\/\/darshion.com\/wp-content\/uploads\/2024\/06\/1622011121638570-768x768.jpg 768w, https:\/\/darshion.com\/wp-content\/uploads\/2024\/06\/1622011121638570-600x600.jpg 600w, https:\/\/darshion.com\/wp-content\/uploads\/2024\/06\/1622011121638570-100x100.jpg 100w\" sizes=\"(max-width: 1000px) 100vw, 1000px\" \/> <img loading=\"lazy\" decoding=\"async\" class=\"alignnone size-full wp-image-2727\" src=\"https:\/\/darshion.com\/wp-content\/uploads\/2024\/06\/1622011121801248.jpg\" alt=\"\" width=\"1000\" height=\"1000\" srcset=\"https:\/\/darshion.com\/wp-content\/uploads\/2024\/06\/1622011121801248.jpg 1000w, https:\/\/darshion.com\/wp-content\/uploads\/2024\/06\/1622011121801248-300x300.jpg 300w, https:\/\/darshion.com\/wp-content\/uploads\/2024\/06\/1622011121801248-150x150.jpg 150w, https:\/\/darshion.com\/wp-content\/uploads\/2024\/06\/1622011121801248-768x768.jpg 768w, https:\/\/darshion.com\/wp-content\/uploads\/2024\/06\/1622011121801248-600x600.jpg 600w, https:\/\/darshion.com\/wp-content\/uploads\/2024\/06\/1622011121801248-100x100.jpg 100w\" sizes=\"(max-width: 1000px) 100vw, 1000px\" \/> <img loading=\"lazy\" decoding=\"async\" class=\"alignnone size-full wp-image-2728\" src=\"https:\/\/darshion.com\/wp-content\/uploads\/2024\/06\/1622011121852459.jpg\" alt=\"\" width=\"1000\" height=\"1000\" srcset=\"https:\/\/darshion.com\/wp-content\/uploads\/2024\/06\/1622011121852459.jpg 1000w, https:\/\/darshion.com\/wp-content\/uploads\/2024\/06\/1622011121852459-300x300.jpg 300w, https:\/\/darshion.com\/wp-content\/uploads\/2024\/06\/1622011121852459-150x150.jpg 150w, https:\/\/darshion.com\/wp-content\/uploads\/2024\/06\/1622011121852459-768x768.jpg 768w, https:\/\/darshion.com\/wp-content\/uploads\/2024\/06\/1622011121852459-600x600.jpg 600w, https:\/\/darshion.com\/wp-content\/uploads\/2024\/06\/1622011121852459-100x100.jpg 100w\" sizes=\"(max-width: 1000px) 100vw, 1000px\" \/><\/p>","protected":false},"excerpt":{"rendered":"<p class=\"pro_single_title\">Przewodowa mysz do gier S7 USB z kolorowym pod\u015bwietleniem<\/p>","protected":false},"featured_media":3046,"comment_status":"open","ping_status":"closed","template":"","meta":{"_monsterinsights_skip_tracking":false,"_monsterinsights_sitenote_active":false,"_monsterinsights_sitenote_note":"","_monsterinsights_sitenote_category":0},"product_cat":[542],"product_tag":[],"yoast_head":"<!-- This site is optimized with the Yoast SEO Premium plugin v22.9 (Yoast SEO v24.0) - https:\/\/yoast.com\/wordpress\/plugins\/seo\/ -->\n<title>S7 Colorful Wired Computer Gaming Mouse Factory - darshion<\/title>\n<meta name=\"robots\" content=\"index, follow, max-snippet:-1, max-image-preview:large, max-video-preview:-1\" \/>\n<link rel=\"canonical\" href=\"https:\/\/darshion.com\/pl\/produit\/colorful-gaming-mouse\/\" \/>\n<meta property=\"og:locale\" content=\"pl_PL\" \/>\n<meta property=\"og:type\" content=\"article\" \/>\n<meta property=\"og:title\" content=\"S7 Colorful Wired Computer Gaming Mouse Factory\" \/>\n<meta property=\"og:description\" content=\"S7 USB Luminous Colorful Light Wired Computer Gaming Mouse\" \/>\n<meta property=\"og:url\" content=\"https:\/\/darshion.com\/pl\/produit\/colorful-gaming-mouse\/\" \/>\n<meta property=\"og:site_name\" content=\"darshion\" \/>\n<meta property=\"article:modified_time\" content=\"2024-07-11T02:56:04+00:00\" \/>\n<meta property=\"og:image\" content=\"https:\/\/darshion.com\/wp-content\/uploads\/2024\/06\/1-8.jpg\" \/>\n\t<meta property=\"og:image:width\" content=\"500\" \/>\n\t<meta property=\"og:image:height\" content=\"500\" \/>\n\t<meta property=\"og:image:type\" content=\"image\/jpeg\" \/>\n<meta name=\"twitter:card\" content=\"summary_large_image\" \/>\n<meta name=\"twitter:label1\" content=\"Szacowany czas czytania\" \/>\n\t<meta name=\"twitter:data1\" content=\"2 minuty\" \/>\n<script type=\"application\/ld+json\" class=\"yoast-schema-graph\">{\"@context\":\"https:\/\/schema.org\",\"@graph\":[{\"@type\":\"WebPage\",\"@id\":\"https:\/\/darshion.com\/fr\/produit\/colorful-gaming-mouse\/\",\"url\":\"https:\/\/darshion.com\/fr\/produit\/colorful-gaming-mouse\/\",\"name\":\"S7 Colorful Wired Computer Gaming Mouse Factory - darshion\",\"isPartOf\":{\"@id\":\"https:\/\/darshion.com\/#website\"},\"primaryImageOfPage\":{\"@id\":\"https:\/\/darshion.com\/fr\/produit\/colorful-gaming-mouse\/#primaryimage\"},\"image\":{\"@id\":\"https:\/\/darshion.com\/fr\/produit\/colorful-gaming-mouse\/#primaryimage\"},\"thumbnailUrl\":\"https:\/\/darshion.com\/wp-content\/uploads\/2024\/06\/1-8.jpg\",\"datePublished\":\"2024-06-14T03:55:08+00:00\",\"dateModified\":\"2024-07-11T02:56:04+00:00\",\"breadcrumb\":{\"@id\":\"https:\/\/darshion.com\/fr\/produit\/colorful-gaming-mouse\/#breadcrumb\"},\"inLanguage\":\"pl-PL\",\"potentialAction\":[{\"@type\":\"ReadAction\",\"target\":[\"https:\/\/darshion.com\/fr\/produit\/colorful-gaming-mouse\/\"]}]},{\"@type\":\"ImageObject\",\"inLanguage\":\"pl-PL\",\"@id\":\"https:\/\/darshion.com\/fr\/produit\/colorful-gaming-mouse\/#primaryimage\",\"url\":\"https:\/\/darshion.com\/wp-content\/uploads\/2024\/06\/1-8.jpg\",\"contentUrl\":\"https:\/\/darshion.com\/wp-content\/uploads\/2024\/06\/1-8.jpg\",\"width\":500,\"height\":500},{\"@type\":\"BreadcrumbList\",\"@id\":\"https:\/\/darshion.com\/fr\/produit\/colorful-gaming-mouse\/#breadcrumb\",\"itemListElement\":[{\"@type\":\"ListItem\",\"position\":1,\"name\":\"\u9996\u9875\",\"item\":\"https:\/\/darshion.com\/\"},{\"@type\":\"ListItem\",\"position\":2,\"name\":\"PRODUCT\",\"item\":\"https:\/\/darshion.com\/pt\/product\/\"},{\"@type\":\"ListItem\",\"position\":3,\"name\":\"S7 Colorful Wired Computer Gaming Mouse Factory\"}]},{\"@type\":\"WebSite\",\"@id\":\"https:\/\/darshion.com\/#website\",\"url\":\"https:\/\/darshion.com\/\",\"name\":\"darshion\",\"description\":\"14 Years of Experience, Quality Assurance, Innovative Design\",\"publisher\":{\"@id\":\"https:\/\/darshion.com\/#organization\"},\"potentialAction\":[{\"@type\":\"SearchAction\",\"target\":{\"@type\":\"EntryPoint\",\"urlTemplate\":\"https:\/\/darshion.com\/?s={search_term_string}\"},\"query-input\":{\"@type\":\"PropertyValueSpecification\",\"valueRequired\":true,\"valueName\":\"search_term_string\"}}],\"inLanguage\":\"pl-PL\"},{\"@type\":\"Organization\",\"@id\":\"https:\/\/darshion.com\/#organization\",\"name\":\"darshion\",\"url\":\"https:\/\/darshion.com\/\",\"logo\":{\"@type\":\"ImageObject\",\"inLanguage\":\"pl-PL\",\"@id\":\"https:\/\/darshion.com\/#\/schema\/logo\/image\/\",\"url\":\"https:\/\/darshion.com\/wp-content\/uploads\/2023\/09\/01-1.png\",\"contentUrl\":\"https:\/\/darshion.com\/wp-content\/uploads\/2023\/09\/01-1.png\",\"width\":350,\"height\":100,\"caption\":\"darshion\"},\"image\":{\"@id\":\"https:\/\/darshion.com\/#\/schema\/logo\/image\/\"}}]}<\/script>\n<!-- \/ Yoast SEO Premium plugin. -->","yoast_head_json":{"title":"Kolorowa przewodowa mysz komputerowa S7 do gier - darshion","robots":{"index":"index","follow":"follow","max-snippet":"max-snippet:-1","max-image-preview":"max-image-preview:large","max-video-preview":"max-video-preview:-1"},"canonical":"https:\/\/darshion.com\/pl\/produit\/colorful-gaming-mouse\/","og_locale":"pl_PL","og_type":"article","og_title":"S7 Colorful Wired Computer Gaming Mouse Factory","og_description":"S7 USB Luminous Colorful Light Wired Computer Gaming Mouse","og_url":"https:\/\/darshion.com\/pl\/produit\/colorful-gaming-mouse\/","og_site_name":"darshion","article_modified_time":"2024-07-11T02:56:04+00:00","og_image":[{"width":500,"height":500,"url":"https:\/\/darshion.com\/wp-content\/uploads\/2024\/06\/1-8.jpg","type":"image\/jpeg"}],"twitter_card":"summary_large_image","twitter_misc":{"Szacowany czas czytania":"2 minuty"},"schema":{"@context":"https:\/\/schema.org","@graph":[{"@type":"WebPage","@id":"https:\/\/darshion.com\/fr\/produit\/colorful-gaming-mouse\/","url":"https:\/\/darshion.com\/fr\/produit\/colorful-gaming-mouse\/","name":"Kolorowa przewodowa mysz komputerowa S7 do gier - darshion","isPartOf":{"@id":"https:\/\/darshion.com\/#website"},"primaryImageOfPage":{"@id":"https:\/\/darshion.com\/fr\/produit\/colorful-gaming-mouse\/#primaryimage"},"image":{"@id":"https:\/\/darshion.com\/fr\/produit\/colorful-gaming-mouse\/#primaryimage"},"thumbnailUrl":"https:\/\/darshion.com\/wp-content\/uploads\/2024\/06\/1-8.jpg","datePublished":"2024-06-14T03:55:08+00:00","dateModified":"2024-07-11T02:56:04+00:00","breadcrumb":{"@id":"https:\/\/darshion.com\/fr\/produit\/colorful-gaming-mouse\/#breadcrumb"},"inLanguage":"pl-PL","potentialAction":[{"@type":"ReadAction","target":["https:\/\/darshion.com\/fr\/produit\/colorful-gaming-mouse\/"]}]},{"@type":"ImageObject","inLanguage":"pl-PL","@id":"https:\/\/darshion.com\/fr\/produit\/colorful-gaming-mouse\/#primaryimage","url":"https:\/\/darshion.com\/wp-content\/uploads\/2024\/06\/1-8.jpg","contentUrl":"https:\/\/darshion.com\/wp-content\/uploads\/2024\/06\/1-8.jpg","width":500,"height":500},{"@type":"BreadcrumbList","@id":"https:\/\/darshion.com\/fr\/produit\/colorful-gaming-mouse\/#breadcrumb","itemListElement":[{"@type":"ListItem","position":1,"name":"\u9996\u9875","item":"https:\/\/darshion.com\/"},{"@type":"ListItem","position":2,"name":"PRODUCT","item":"https:\/\/darshion.com\/pt\/product\/"},{"@type":"ListItem","position":3,"name":"S7 Colorful Wired Computer Gaming Mouse Factory"}]},{"@type":"WebSite","@id":"https:\/\/darshion.com\/#website","url":"https:\/\/darshion.com\/","name":"darshion","description":"14 lat do\u015bwiadczenia, zapewnienie jako\u015bci, innowacyjny design","publisher":{"@id":"https:\/\/darshion.com\/#organization"},"potentialAction":[{"@type":"SearchAction","target":{"@type":"EntryPoint","urlTemplate":"https:\/\/darshion.com\/?s={search_term_string}"},"query-input":{"@type":"PropertyValueSpecification","valueRequired":true,"valueName":"search_term_string"}}],"inLanguage":"pl-PL"},{"@type":"Organization","@id":"https:\/\/darshion.com\/#organization","name":"darshion","url":"https:\/\/darshion.com\/","logo":{"@type":"ImageObject","inLanguage":"pl-PL","@id":"https:\/\/darshion.com\/#\/schema\/logo\/image\/","url":"https:\/\/darshion.com\/wp-content\/uploads\/2023\/09\/01-1.png","contentUrl":"https:\/\/darshion.com\/wp-content\/uploads\/2023\/09\/01-1.png","width":350,"height":100,"caption":"darshion"},"image":{"@id":"https:\/\/darshion.com\/#\/schema\/logo\/image\/"}}]}},"_links":{"self":[{"href":"https:\/\/darshion.com\/pl\/wp-json\/wp\/v2\/product\/2716"}],"collection":[{"href":"https:\/\/darshion.com\/pl\/wp-json\/wp\/v2\/product"}],"about":[{"href":"https:\/\/darshion.com\/pl\/wp-json\/wp\/v2\/types\/product"}],"replies":[{"embeddable":true,"href":"https:\/\/darshion.com\/pl\/wp-json\/wp\/v2\/comments?post=2716"}],"wp:featuredmedia":[{"embeddable":true,"href":"https:\/\/darshion.com\/pl\/wp-json\/wp\/v2\/media\/3046"}],"wp:attachment":[{"href":"https:\/\/darshion.com\/pl\/wp-json\/wp\/v2\/media?parent=2716"}],"wp:term":[{"taxonomy":"product_cat","embeddable":true,"href":"https:\/\/darshion.com\/pl\/wp-json\/wp\/v2\/product_cat?post=2716"},{"taxonomy":"product_tag","embeddable":true,"href":"https:\/\/darshion.com\/pl\/wp-json\/wp\/v2\/product_tag?post=2716"}],"curies":[{"name":"wp","href":"https:\/\/api.w.org\/{rel}","templated":true}]}}