{"id":2729,"date":"2024-06-15T17:06:44","date_gmt":"2024-06-15T09:06:44","guid":{"rendered":"https:\/\/darshion.com\/?post_type=product&#038;p=2729"},"modified":"2024-07-06T09:43:16","modified_gmt":"2024-07-06T01:43:16","slug":"rgb-gaming-mouse-d110","status":"publish","type":"product","link":"https:\/\/darshion.com\/pl\/produkt\/rgb-gaming-mouse-d110\/","title":{"rendered":"Kolorowa przewodowa mysz do gier D110 7200DPI RGB Gaming Factory"},"content":{"rendered":"<div data-slate-node=\"element\"><strong><span class=\"null\" data-slate-leaf=\"true\" data-sent-id=\"Vdw2QOvore\">Opis<\/span><\/strong><\/div>\n<div data-slate-node=\"element\"><span data-slate-node=\"text\"><span class=\"null\" data-slate-leaf=\"true\" data-sent-id=\"ebNr7O8oPe\">Pozycja raportu<\/span><\/span><\/div>\n<div data-slate-node=\"element\"><span data-slate-node=\"text\"><span class=\"null\" data-slate-leaf=\"true\" data-sent-id=\"BPMQWjk9me\">Rozmiar produktu: 126*67*38 MM<\/span><\/span><\/div>\n<div data-slate-node=\"element\"><span data-slate-node=\"text\"><span class=\"null\" data-slate-leaf=\"true\" data-sent-id=\"VQORbNmaJB\">Waga produktu: 100g+3g<\/span><\/span><\/div>\n<div data-slate-node=\"element\"><span data-slate-node=\"text\"><span class=\"null\" data-slate-leaf=\"true\" data-sent-id=\"VpbP4OrgxB\">Liczba klawiszy: 6<\/span><\/span><\/div>\n<div data-slate-node=\"element\"><span data-slate-node=\"text\"><span class=\"null\" data-slate-leaf=\"true\" data-sent-id=\"VWRAWKr6Ne\">Przew\u00f3d: 1.5M<\/span><\/span><\/div>\n<div data-slate-node=\"element\"><span data-slate-node=\"text\"><span class=\"null\" data-slate-leaf=\"true\" data-sent-id=\"B8LQ1Km95B\">Stopa zwrotu: 125Hz<\/span><\/span><\/div>\n<div data-slate-node=\"element\"><span data-slate-node=\"text\"><span class=\"null\" data-slate-leaf=\"true\" data-sent-id=\"V1ZJkj1dDz\">Przyspieszenie: 20G<\/span><\/span><\/div>\n<div data-slate-node=\"element\"><span data-slate-node=\"text\"><span class=\"null\" data-slate-leaf=\"true\" data-sent-id=\"Bv5DmOb28z\">Pr\u0119dko\u015b\u0107 ruchu: 6000PS<\/span><\/span><\/div>\n<div data-slate-node=\"element\"><span data-slate-node=\"text\"><span class=\"null\" data-slate-leaf=\"true\" data-sent-id=\"ej0lQOmqWz\">Regulacja DPI: 1200-2400-4800-7200 DPI Obs\u0142ugiwany system operacyjny:<\/span><\/span><\/div>\n<div data-slate-node=\"element\" data-slate-fragment=\"JTVCJTdCJTIydHlwZSUyMiUzQSUyMnBhcmFncmFwaCUyMiUyQyUyMmNoaWxkcmVuJTIyJTNBJTVCJTdCJTIyaWQlMjIlM0ElMjJWZHcyUU92b3JlJTIyJTJDJTIycGFyYUlkeCUyMiUzQTAlMkMlMjJzcmMlMjIlM0ElMjJEZXNjcmlwdGlvbiUyMiUyQyUyMmRzdCUyMiUzQSUyMiVFNiU4RiU4RiVFOCVCRiVCMCUyMiUyQyUyMm1ldGFkYXRhJTIyJTNBJTIyJTIyJTJDJTIybWV0YURhdGElMjIlM0ElNUIlNUQlMkMlMjJ0ZXh0JTIyJTNBJTIyRGVzY3JpcHRpb24lMjIlN0QlNUQlN0QlMkMlN0IlMjJ0eXBlJTIyJTNBJTIycGFyYWdyYXBoJTIyJTJDJTIyY2hpbGRyZW4lMjIlM0ElNUIlN0IlMjJpZCUyMiUzQSUyMmViTnI3TzhvUGUlMjIlMkMlMjJwYXJhSWR4JTIyJTNBMSUyQyUyMnNyYyUyMiUzQSUyMlJlcG9ydCUyMEl0ZW0lMjIlMkMlMjJkc3QlMjIlM0ElMjIlRTYlOEElQTUlRTUlOTElOEElRTklQTElQjklRTclOUIlQUUlMjIlMkMlMjJtZXRhZGF0YSUyMiUzQSUyMiUyMiUyQyUyMm1ldGFEYXRhJTIyJTNBJTVCJTVEJTJDJTIydGV4dCUyMiUzQSUyMlJlcG9ydCUyMEl0ZW0lMjIlN0QlNUQlN0QlMkMlN0IlMjJ0eXBlJTIyJTNBJTIycGFyYWdyYXBoJTIyJTJDJTIyY2hpbGRyZW4lMjIlM0ElNUIlN0IlMjJpZCUyMiUzQSUyMkJQTVFXams5bWUlMjIlMkMlMjJwYXJhSWR4JTIyJTNBMiUyQyUyMnNyYyUyMiUzQSUyMlByb2R1Y3QlMjBzaXplJTNBJTIwMTI2KjY3KjM4TU0lMjIlMkMlMjJkc3QlMjIlM0ElMjIlRTQlQkElQTclRTUlOTMlODElRTUlQjAlQkElRTUlQUYlQjglRUYlQkMlOUExMjYqNjcqMzhNTSUyMiUyQyUyMm1ldGFkYXRhJTIyJTNBJTIyJTIyJTJDJTIybWV0YURhdGElMjIlM0ElNUIlNUQlMkMlMjJ0ZXh0JTIyJTNBJTIyUHJvZHVjdCUyMHNpemUlM0ElMjAxMjYqNjcqMzhNTSUyMiU3RCU1RCU3RCUyQyU3QiUyMnR5cGUlMjIlM0ElMjJwYXJhZ3JhcGglMjIlMkMlMjJjaGlsZHJlbiUyMiUzQSU1QiU3QiUyMmlkJTIyJTNBJTIyVlFPUmJObWFKQiUyMiUyQyUyMnBhcmFJZHglMjIlM0EzJTJDJTIyc3JjJTIyJTNBJTIyUHJvZHVjdCUyMHdlaWdodCUzQSUyMDEwMGclMkIzZyUyMiUyQyUyMmRzdCUyMiUzQSUyMiVFNCVCQSVBNyVFNSU5MyU4MSVFOSU4NyU4RCVFOSU4NyU4RiVFRiVCQyU5QTEwMGclMkIzZyUyMiUyQyUyMm1ldGFkYXRhJTIyJTNBJTIyJTIyJTJDJTIybWV0YURhdGElMjIlM0ElNUIlNUQlMkMlMjJ0ZXh0JTIyJTNBJTIyUHJvZHVjdCUyMHdlaWdodCUzQSUyMDEwMGclMkIzZyUyMiU3RCU1RCU3RCUyQyU3QiUyMnR5cGUlMjIlM0ElMjJwYXJhZ3JhcGglMjIlMkMlMjJjaGlsZHJlbiUyMiUzQSU1QiU3QiUyMmlkJTIyJTNBJTIyVnBiUDRPcmd4QiUyMiUyQyUyMnBhcmFJZHglMjIlM0E0JTJDJTIyc3JjJTIyJTNBJTIyTnVtYmVyJTIwb2YlMjBrZXlzJTNBJTIwNiUyMiUyQyUyMmRzdCUyMiUzQSUyMiVFOSU5MiVBNSVFNSU4QyU5OSVFNiU5NSVCMCVFOSU4NyU4RiVFRiVCQyU5QTYlMjIlMkMlMjJtZXRhZGF0YSUyMiUzQSUyMiUyMiUyQyUyMm1ldGFEYXRhJTIyJTNBJTVCJTVEJTJDJTIydGV4dCUyMiUzQSUyMk51bWJlciUyMG9mJTIwa2V5cyUzQSUyMDYlMjIlN0QlNUQlN0QlMkMlN0IlMjJ0eXBlJTIyJTNBJTIycGFyYWdyYXBoJTIyJTJDJTIyY2hpbGRyZW4lMjIlM0ElNUIlN0IlMjJpZCUyMiUzQSUyMlZXUkFXS3I2TmUlMjIlMkMlMjJwYXJhSWR4JTIyJTNBNSUyQyUyMnNyYyUyMiUzQSUyMldpcmUlM0ElMjAxLjVNJTIyJTJDJTIyZHN0JTIyJTNBJTIyJUU1JUFGJUJDJUU3JUJBJUJGJUVGJUJDJTlBMS41TSUyMiUyQyUyMm1ldGFkYXRhJTIyJTNBJTIyJTIyJTJDJTIybWV0YURhdGElMjIlM0ElNUIlNUQlMkMlMjJ0ZXh0JTIyJTNBJTIyV2lyZSUzQSUyMDEuNU0lMjIlN0QlNUQlN0QlMkMlN0IlMjJ0eXBlJTIyJTNBJTIycGFyYWdyYXBoJTIyJTJDJTIyY2hpbGRyZW4lMjIlM0ElNUIlN0IlMjJpZCUyMiUzQSUyMkI4TFExS205NUIlMjIlMkMlMjJwYXJhSWR4JTIyJTNBNiUyQyUyMnNyYyUyMiUzQSUyMlJhdGUlMjBvZiUyMHJldHVybiUzQSUyMDEyNUh6JTIyJTJDJTIyZHN0JTIyJTNBJTIyJUU4JUJGJTk0JUU1JTlCJTlFJUU5JTgwJTlGJUU3JThFJTg3JUVGJUJDJTlBMTI1SHolMjIlMkMlMjJtZXRhZGF0YSUyMiUzQSUyMiUyMiUyQyUyMm1ldGFEYXRhJTIyJTNBJTVCJTVEJTJDJTIydGV4dCUyMiUzQSUyMlJhdGUlMjBvZiUyMHJldHVybiUzQSUyMDEyNUh6JTIyJTdEJTVEJTdEJTJDJTdCJTIydHlwZSUyMiUzQSUyMnBhcmFncmFwaCUyMiUyQyUyMmNoaWxkcmVuJTIyJTNBJTVCJTdCJTIyaWQlMjIlM0ElMjJWMVpKa2oxZER6JTIyJTJDJTIycGFyYUlkeCUyMiUzQTclMkMlMjJzcmMlMjIlM0ElMjJBY2NlbGVyYXRpb24lM0ElMjAyMEclMjIlMkMlMjJkc3QlMjIlM0ElMjIlRTUlOEElQTAlRTklODAlOUYlRTUlQkElQTYlRUYlQkMlOUEyMEclMjIlMkMlMjJtZXRhZGF0YSUyMiUzQSUyMiUyMiUyQyUyMm1ldGFEYXRhJTIyJTNBJTVCJTVEJTJDJTIydGV4dCUyMiUzQSUyMkFjY2VsZXJhdGlvbiUzQSUyMDIwRyUyMiU3RCU1RCU3RCUyQyU3QiUyMnR5cGUlMjIlM0ElMjJwYXJhZ3JhcGglMjIlMkMlMjJjaGlsZHJlbiUyMiUzQSU1QiU3QiUyMmlkJTIyJTNBJTIyQnY1RG1PYjI4eiUyMiUyQyUyMnBhcmFJZHglMjIlM0E4JTJDJTIyc3JjJTIyJTNBJTIyTW92ZW1lbnQlMjBzcGVlZCUzQSUyMDYwMDBQUyUyMiUyQyUyMmRzdCUyMiUzQSUyMiVFNyVBNyVCQiVFNSU4QSVBOCVFOSU4MCU5RiVFNSVCQSVBNiVFRiVCQyU5QTYwMDBQUyUyMiUyQyUyMm1ldGFkYXRhJTIyJTNBJTIyJTIyJTJDJTIybWV0YURhdGElMjIlM0ElNUIlNUQlMkMlMjJ0ZXh0JTIyJTNBJTIyTW92ZW1lbnQlMjBzcGVlZCUzQSUyMDYwMDBQUyUyMiU3RCU1RCU3RCUyQyU3QiUyMnR5cGUlMjIlM0ElMjJwYXJhZ3JhcGglMjIlMkMlMjJjaGlsZHJlbiUyMiUzQSU1QiU3QiUyMmlkJTIyJTNBJTIyZWowbFFPbXFXeiUyMiUyQyUyMnBhcmFJZHglMjIlM0E5JTJDJTIyc3JjJTIyJTNBJTIyRFBJJTIwYWRqdXN0bWVudCUzQSUyMDEyMDAtMjQwMC00ODAwLTcyMDBEUEklMjBTdXBwb3J0JTIwb3BlcmF0aW5nJTIwc3lzdGVtJTNBJTIyJTJDJTIyZHN0JTIyJTNBJTIyRFBJJUU4JUIwJTgzJUU2JTk1JUI0JUVGJUJDJTlBMTIwMC0yNDAwLTQ4MDAtNzIwMCUyMERQSSVFNiU5NCVBRiVFNiU4QyU4MSVFNiU5MyU4RCVFNCVCRCU5QyVFNyVCMyVCQiVFNyVCQiU5RiVFRiVCQyU5QSUyMiUyQyUyMm1ldGFkYXRhJTIyJTNBJTIyJTIyJTJDJTIybWV0YURhdGElMjIlM0ElNUIlNUQlMkMlMjJ0ZXh0JTIyJTNBJTIyRFBJJTIwYWRqdXN0bWVudCUzQSUyMDEyMDAtMjQwMC00ODAwLTcyMDBEUEklMjBTdXBwb3J0JTIwb3BlcmF0aW5nJTIwc3lzdGVtJTNBJTIyJTdEJTVEJTdEJTJDJTdCJTIydHlwZSUyMiUzQSUyMnBhcmFncmFwaCUyMiUyQyUyMmNoaWxkcmVuJTIyJTNBJTVCJTdCJTIyaWQlMjIlM0ElMjJWTjZRYjFuRVlWJTIyJTJDJTIycGFyYUlkeCUyMiUzQTEwJTJDJTIyc3JjJTIyJTNBJTIyV2luZG93cyUyMDIwMDAlMkZYUCUyRlZpc3RhJTJGNyUyRjglMkYxMCUyNk1BQyUyMiUyQyUyMmRzdCUyMiUzQSUyMldpbmRvd3MlMjAyMDAwJTJGWFAlMkZWaXN0YSUyRjclMkY4JTJGMTAlRTUlOTIlOENNQUMlMjIlMkMlMjJtZXRhZGF0YSUyMiUzQSUyMiUyMiUyQyUyMm1ldGFEYXRhJTIyJTNBJTVCJTVEJTJDJTIydGV4dCUyMiUzQSUyMldpbmRvd3MlMjAyMDAwJTJGWFAlMkZWaXN0YSUyRjclMkY4JTJGMTAlMjZNQUMlMjIlN0QlNUQlN0QlNUQ=\"><span data-slate-node=\"text\"><span class=\"null\" data-slate-leaf=\"true\" data-sent-id=\"VN6Qb1nEYV\">Windows 2000\/XP\/Vista\/7\/8\/10&amp;MAC<\/span><\/span><\/div>\n<p><img fetchpriority=\"high\" decoding=\"async\" class=\"alignnone size-full wp-image-2740\" src=\"https:\/\/darshion.com\/wp-content\/uploads\/2024\/06\/H9c890e7b704c44dca94c24a73dd16867q_proc.jpg\" alt=\"\" width=\"790\" height=\"1219\" srcset=\"https:\/\/darshion.com\/wp-content\/uploads\/2024\/06\/H9c890e7b704c44dca94c24a73dd16867q_proc.jpg 790w, https:\/\/darshion.com\/wp-content\/uploads\/2024\/06\/H9c890e7b704c44dca94c24a73dd16867q_proc-194x300.jpg 194w, https:\/\/darshion.com\/wp-content\/uploads\/2024\/06\/H9c890e7b704c44dca94c24a73dd16867q_proc-664x1024.jpg 664w, https:\/\/darshion.com\/wp-content\/uploads\/2024\/06\/H9c890e7b704c44dca94c24a73dd16867q_proc-768x1185.jpg 768w, https:\/\/darshion.com\/wp-content\/uploads\/2024\/06\/H9c890e7b704c44dca94c24a73dd16867q_proc-600x926.jpg 600w\" sizes=\"(max-width: 790px) 100vw, 790px\" \/> <img decoding=\"async\" class=\"alignnone size-full wp-image-2741\" src=\"https:\/\/darshion.com\/wp-content\/uploads\/2024\/06\/H59d50fcaf55742aa80dd0866834ca9d1k_proc.jpg\" alt=\"\" width=\"790\" height=\"1219\" srcset=\"https:\/\/darshion.com\/wp-content\/uploads\/2024\/06\/H59d50fcaf55742aa80dd0866834ca9d1k_proc.jpg 790w, https:\/\/darshion.com\/wp-content\/uploads\/2024\/06\/H59d50fcaf55742aa80dd0866834ca9d1k_proc-194x300.jpg 194w, https:\/\/darshion.com\/wp-content\/uploads\/2024\/06\/H59d50fcaf55742aa80dd0866834ca9d1k_proc-664x1024.jpg 664w, https:\/\/darshion.com\/wp-content\/uploads\/2024\/06\/H59d50fcaf55742aa80dd0866834ca9d1k_proc-768x1185.jpg 768w, https:\/\/darshion.com\/wp-content\/uploads\/2024\/06\/H59d50fcaf55742aa80dd0866834ca9d1k_proc-600x926.jpg 600w\" sizes=\"(max-width: 790px) 100vw, 790px\" \/> <img decoding=\"async\" class=\"alignnone size-full wp-image-2742\" src=\"https:\/\/darshion.com\/wp-content\/uploads\/2024\/06\/H7845bc14ef334eda96a484281103ab0ah_proc.jpg\" alt=\"\" width=\"790\" height=\"955\" srcset=\"https:\/\/darshion.com\/wp-content\/uploads\/2024\/06\/H7845bc14ef334eda96a484281103ab0ah_proc.jpg 790w, https:\/\/darshion.com\/wp-content\/uploads\/2024\/06\/H7845bc14ef334eda96a484281103ab0ah_proc-248x300.jpg 248w, https:\/\/darshion.com\/wp-content\/uploads\/2024\/06\/H7845bc14ef334eda96a484281103ab0ah_proc-768x928.jpg 768w, https:\/\/darshion.com\/wp-content\/uploads\/2024\/06\/H7845bc14ef334eda96a484281103ab0ah_proc-600x725.jpg 600w\" sizes=\"(max-width: 790px) 100vw, 790px\" \/> <img loading=\"lazy\" decoding=\"async\" class=\"alignnone size-full wp-image-2743\" src=\"https:\/\/darshion.com\/wp-content\/uploads\/2024\/06\/Ha1a7cd25c3e643f38cc9698ec02db614R_proc.jpg\" alt=\"\" width=\"790\" height=\"1129\" srcset=\"https:\/\/darshion.com\/wp-content\/uploads\/2024\/06\/Ha1a7cd25c3e643f38cc9698ec02db614R_proc.jpg 790w, https:\/\/darshion.com\/wp-content\/uploads\/2024\/06\/Ha1a7cd25c3e643f38cc9698ec02db614R_proc-210x300.jpg 210w, https:\/\/darshion.com\/wp-content\/uploads\/2024\/06\/Ha1a7cd25c3e643f38cc9698ec02db614R_proc-717x1024.jpg 717w, https:\/\/darshion.com\/wp-content\/uploads\/2024\/06\/Ha1a7cd25c3e643f38cc9698ec02db614R_proc-768x1098.jpg 768w, https:\/\/darshion.com\/wp-content\/uploads\/2024\/06\/Ha1a7cd25c3e643f38cc9698ec02db614R_proc-600x857.jpg 600w\" sizes=\"(max-width: 790px) 100vw, 790px\" \/> <img loading=\"lazy\" decoding=\"async\" class=\"alignnone size-full wp-image-2744\" src=\"https:\/\/darshion.com\/wp-content\/uploads\/2024\/06\/Hb929b307dfa448fe93def412c8776159M_proc.jpg\" alt=\"\" width=\"790\" height=\"714\" srcset=\"https:\/\/darshion.com\/wp-content\/uploads\/2024\/06\/Hb929b307dfa448fe93def412c8776159M_proc.jpg 790w, https:\/\/darshion.com\/wp-content\/uploads\/2024\/06\/Hb929b307dfa448fe93def412c8776159M_proc-300x271.jpg 300w, https:\/\/darshion.com\/wp-content\/uploads\/2024\/06\/Hb929b307dfa448fe93def412c8776159M_proc-768x694.jpg 768w, https:\/\/darshion.com\/wp-content\/uploads\/2024\/06\/Hb929b307dfa448fe93def412c8776159M_proc-600x542.jpg 600w\" sizes=\"(max-width: 790px) 100vw, 790px\" \/> <img loading=\"lazy\" decoding=\"async\" class=\"alignnone size-full wp-image-2745\" src=\"https:\/\/darshion.com\/wp-content\/uploads\/2024\/06\/Hbaf9e952d10043c8ac1289ae9f1ae699E_proc.jpg\" alt=\"\" width=\"790\" height=\"1208\" srcset=\"https:\/\/darshion.com\/wp-content\/uploads\/2024\/06\/Hbaf9e952d10043c8ac1289ae9f1ae699E_proc.jpg 790w, https:\/\/darshion.com\/wp-content\/uploads\/2024\/06\/Hbaf9e952d10043c8ac1289ae9f1ae699E_proc-196x300.jpg 196w, https:\/\/darshion.com\/wp-content\/uploads\/2024\/06\/Hbaf9e952d10043c8ac1289ae9f1ae699E_proc-670x1024.jpg 670w, https:\/\/darshion.com\/wp-content\/uploads\/2024\/06\/Hbaf9e952d10043c8ac1289ae9f1ae699E_proc-768x1174.jpg 768w, https:\/\/darshion.com\/wp-content\/uploads\/2024\/06\/Hbaf9e952d10043c8ac1289ae9f1ae699E_proc-600x917.jpg 600w\" sizes=\"(max-width: 790px) 100vw, 790px\" \/> <img loading=\"lazy\" decoding=\"async\" class=\"alignnone size-full wp-image-2746\" src=\"https:\/\/darshion.com\/wp-content\/uploads\/2024\/06\/Hd4c17f4915694ae6ab0ce64893ce1ef4G_proc.jpg\" alt=\"\" width=\"790\" height=\"735\" srcset=\"https:\/\/darshion.com\/wp-content\/uploads\/2024\/06\/Hd4c17f4915694ae6ab0ce64893ce1ef4G_proc.jpg 790w, https:\/\/darshion.com\/wp-content\/uploads\/2024\/06\/Hd4c17f4915694ae6ab0ce64893ce1ef4G_proc-300x279.jpg 300w, https:\/\/darshion.com\/wp-content\/uploads\/2024\/06\/Hd4c17f4915694ae6ab0ce64893ce1ef4G_proc-768x715.jpg 768w, https:\/\/darshion.com\/wp-content\/uploads\/2024\/06\/Hd4c17f4915694ae6ab0ce64893ce1ef4G_proc-600x558.jpg 600w\" sizes=\"(max-width: 790px) 100vw, 790px\" \/> <img loading=\"lazy\" decoding=\"async\" class=\"alignnone size-full wp-image-2747\" src=\"https:\/\/darshion.com\/wp-content\/uploads\/2024\/06\/Hff6207a553b949a89051c5abe69641012_proc.jpg\" alt=\"\" width=\"790\" height=\"1208\" srcset=\"https:\/\/darshion.com\/wp-content\/uploads\/2024\/06\/Hff6207a553b949a89051c5abe69641012_proc.jpg 790w, https:\/\/darshion.com\/wp-content\/uploads\/2024\/06\/Hff6207a553b949a89051c5abe69641012_proc-196x300.jpg 196w, https:\/\/darshion.com\/wp-content\/uploads\/2024\/06\/Hff6207a553b949a89051c5abe69641012_proc-670x1024.jpg 670w, https:\/\/darshion.com\/wp-content\/uploads\/2024\/06\/Hff6207a553b949a89051c5abe69641012_proc-768x1174.jpg 768w, https:\/\/darshion.com\/wp-content\/uploads\/2024\/06\/Hff6207a553b949a89051c5abe69641012_proc-600x917.jpg 600w\" sizes=\"(max-width: 790px) 100vw, 790px\" \/><\/p>","protected":false},"excerpt":{"rendered":"<p class=\"pro_single_title\">Kolorowa przewodowa mysz do gier D110 z otworem 7200DPI RGB<\/p>","protected":false},"featured_media":2733,"comment_status":"open","ping_status":"closed","template":"","meta":{"_monsterinsights_skip_tracking":false,"_monsterinsights_sitenote_active":false,"_monsterinsights_sitenote_note":"","_monsterinsights_sitenote_category":0},"product_cat":[542],"product_tag":[],"yoast_head":"<!-- This site is optimized with the Yoast SEO Premium plugin v22.9 (Yoast SEO v24.0) - https:\/\/yoast.com\/wordpress\/plugins\/seo\/ -->\n<title>D110 Colorful Wired 7200DPI RGB Gaming Mouse Factory - darshion<\/title>\n<meta name=\"robots\" content=\"index, follow, max-snippet:-1, max-image-preview:large, max-video-preview:-1\" \/>\n<link rel=\"canonical\" href=\"https:\/\/darshion.com\/pl\/produkt\/rgb-gaming-mouse-d110\/\" \/>\n<meta property=\"og:locale\" content=\"pl_PL\" \/>\n<meta property=\"og:type\" content=\"article\" \/>\n<meta property=\"og:title\" content=\"D110 Colorful Wired 7200DPI RGB Gaming Mouse Factory\" \/>\n<meta property=\"og:description\" content=\"D110 Colorful Wired Hole 7200DPI RGB Gaming Mouse\" \/>\n<meta property=\"og:url\" content=\"https:\/\/darshion.com\/pl\/produkt\/rgb-gaming-mouse-d110\/\" \/>\n<meta property=\"og:site_name\" content=\"darshion\" \/>\n<meta property=\"article:modified_time\" content=\"2024-07-06T01:43:16+00:00\" \/>\n<meta property=\"og:image\" content=\"https:\/\/darshion.com\/wp-content\/uploads\/2024\/06\/2021-5-24-16218420867850.webp\" \/>\n\t<meta property=\"og:image:width\" content=\"600\" \/>\n\t<meta property=\"og:image:height\" content=\"600\" \/>\n\t<meta property=\"og:image:type\" content=\"image\/webp\" \/>\n<meta name=\"twitter:card\" content=\"summary_large_image\" \/>\n<meta name=\"twitter:label1\" content=\"Szacowany czas czytania\" \/>\n\t<meta name=\"twitter:data1\" content=\"2 minuty\" \/>\n<script type=\"application\/ld+json\" class=\"yoast-schema-graph\">{\"@context\":\"https:\/\/schema.org\",\"@graph\":[{\"@type\":\"WebPage\",\"@id\":\"https:\/\/darshion.com\/nl\/product\/rgb-gaming-mouse-d110\/\",\"url\":\"https:\/\/darshion.com\/nl\/product\/rgb-gaming-mouse-d110\/\",\"name\":\"D110 Colorful Wired 7200DPI RGB Gaming Mouse Factory - darshion\",\"isPartOf\":{\"@id\":\"https:\/\/darshion.com\/#website\"},\"primaryImageOfPage\":{\"@id\":\"https:\/\/darshion.com\/nl\/product\/rgb-gaming-mouse-d110\/#primaryimage\"},\"image\":{\"@id\":\"https:\/\/darshion.com\/nl\/product\/rgb-gaming-mouse-d110\/#primaryimage\"},\"thumbnailUrl\":\"https:\/\/darshion.com\/wp-content\/uploads\/2024\/06\/2021-5-24-16218420867850.webp\",\"datePublished\":\"2024-06-15T09:06:44+00:00\",\"dateModified\":\"2024-07-06T01:43:16+00:00\",\"breadcrumb\":{\"@id\":\"https:\/\/darshion.com\/nl\/product\/rgb-gaming-mouse-d110\/#breadcrumb\"},\"inLanguage\":\"pl-PL\",\"potentialAction\":[{\"@type\":\"ReadAction\",\"target\":[\"https:\/\/darshion.com\/nl\/product\/rgb-gaming-mouse-d110\/\"]}]},{\"@type\":\"ImageObject\",\"inLanguage\":\"pl-PL\",\"@id\":\"https:\/\/darshion.com\/nl\/product\/rgb-gaming-mouse-d110\/#primaryimage\",\"url\":\"https:\/\/darshion.com\/wp-content\/uploads\/2024\/06\/2021-5-24-16218420867850.webp\",\"contentUrl\":\"https:\/\/darshion.com\/wp-content\/uploads\/2024\/06\/2021-5-24-16218420867850.webp\",\"width\":600,\"height\":600,\"caption\":\"D110 Wired Gaming Mouse\"},{\"@type\":\"BreadcrumbList\",\"@id\":\"https:\/\/darshion.com\/nl\/product\/rgb-gaming-mouse-d110\/#breadcrumb\",\"itemListElement\":[{\"@type\":\"ListItem\",\"position\":1,\"name\":\"\u9996\u9875\",\"item\":\"https:\/\/darshion.com\/\"},{\"@type\":\"ListItem\",\"position\":2,\"name\":\"PRODUCT\",\"item\":\"https:\/\/darshion.com\/pt\/product\/\"},{\"@type\":\"ListItem\",\"position\":3,\"name\":\"D110 Colorful Wired 7200DPI RGB Gaming Mouse Factory\"}]},{\"@type\":\"WebSite\",\"@id\":\"https:\/\/darshion.com\/#website\",\"url\":\"https:\/\/darshion.com\/\",\"name\":\"darshion\",\"description\":\"14 Years of Experience, Quality Assurance, Innovative Design\",\"publisher\":{\"@id\":\"https:\/\/darshion.com\/#organization\"},\"potentialAction\":[{\"@type\":\"SearchAction\",\"target\":{\"@type\":\"EntryPoint\",\"urlTemplate\":\"https:\/\/darshion.com\/?s={search_term_string}\"},\"query-input\":{\"@type\":\"PropertyValueSpecification\",\"valueRequired\":true,\"valueName\":\"search_term_string\"}}],\"inLanguage\":\"pl-PL\"},{\"@type\":\"Organization\",\"@id\":\"https:\/\/darshion.com\/#organization\",\"name\":\"darshion\",\"url\":\"https:\/\/darshion.com\/\",\"logo\":{\"@type\":\"ImageObject\",\"inLanguage\":\"pl-PL\",\"@id\":\"https:\/\/darshion.com\/#\/schema\/logo\/image\/\",\"url\":\"https:\/\/darshion.com\/wp-content\/uploads\/2023\/09\/01-1.png\",\"contentUrl\":\"https:\/\/darshion.com\/wp-content\/uploads\/2023\/09\/01-1.png\",\"width\":350,\"height\":100,\"caption\":\"darshion\"},\"image\":{\"@id\":\"https:\/\/darshion.com\/#\/schema\/logo\/image\/\"}}]}<\/script>\n<!-- \/ Yoast SEO Premium plugin. -->","yoast_head_json":{"title":"Kolorowa przewodowa mysz do gier D110 7200DPI RGB - darshion","robots":{"index":"index","follow":"follow","max-snippet":"max-snippet:-1","max-image-preview":"max-image-preview:large","max-video-preview":"max-video-preview:-1"},"canonical":"https:\/\/darshion.com\/pl\/produkt\/rgb-gaming-mouse-d110\/","og_locale":"pl_PL","og_type":"article","og_title":"D110 Colorful Wired 7200DPI RGB Gaming Mouse Factory","og_description":"D110 Colorful Wired Hole 7200DPI RGB Gaming Mouse","og_url":"https:\/\/darshion.com\/pl\/produkt\/rgb-gaming-mouse-d110\/","og_site_name":"darshion","article_modified_time":"2024-07-06T01:43:16+00:00","og_image":[{"width":600,"height":600,"url":"https:\/\/darshion.com\/wp-content\/uploads\/2024\/06\/2021-5-24-16218420867850.webp","type":"image\/webp"}],"twitter_card":"summary_large_image","twitter_misc":{"Szacowany czas czytania":"2 minuty"},"schema":{"@context":"https:\/\/schema.org","@graph":[{"@type":"WebPage","@id":"https:\/\/darshion.com\/nl\/product\/rgb-gaming-mouse-d110\/","url":"https:\/\/darshion.com\/nl\/product\/rgb-gaming-mouse-d110\/","name":"Kolorowa przewodowa mysz do gier D110 7200DPI RGB - darshion","isPartOf":{"@id":"https:\/\/darshion.com\/#website"},"primaryImageOfPage":{"@id":"https:\/\/darshion.com\/nl\/product\/rgb-gaming-mouse-d110\/#primaryimage"},"image":{"@id":"https:\/\/darshion.com\/nl\/product\/rgb-gaming-mouse-d110\/#primaryimage"},"thumbnailUrl":"https:\/\/darshion.com\/wp-content\/uploads\/2024\/06\/2021-5-24-16218420867850.webp","datePublished":"2024-06-15T09:06:44+00:00","dateModified":"2024-07-06T01:43:16+00:00","breadcrumb":{"@id":"https:\/\/darshion.com\/nl\/product\/rgb-gaming-mouse-d110\/#breadcrumb"},"inLanguage":"pl-PL","potentialAction":[{"@type":"ReadAction","target":["https:\/\/darshion.com\/nl\/product\/rgb-gaming-mouse-d110\/"]}]},{"@type":"ImageObject","inLanguage":"pl-PL","@id":"https:\/\/darshion.com\/nl\/product\/rgb-gaming-mouse-d110\/#primaryimage","url":"https:\/\/darshion.com\/wp-content\/uploads\/2024\/06\/2021-5-24-16218420867850.webp","contentUrl":"https:\/\/darshion.com\/wp-content\/uploads\/2024\/06\/2021-5-24-16218420867850.webp","width":600,"height":600,"caption":"D110 Wired Gaming Mouse"},{"@type":"BreadcrumbList","@id":"https:\/\/darshion.com\/nl\/product\/rgb-gaming-mouse-d110\/#breadcrumb","itemListElement":[{"@type":"ListItem","position":1,"name":"\u9996\u9875","item":"https:\/\/darshion.com\/"},{"@type":"ListItem","position":2,"name":"PRODUCT","item":"https:\/\/darshion.com\/pt\/product\/"},{"@type":"ListItem","position":3,"name":"D110 Colorful Wired 7200DPI RGB Gaming Mouse Factory"}]},{"@type":"WebSite","@id":"https:\/\/darshion.com\/#website","url":"https:\/\/darshion.com\/","name":"darshion","description":"14 lat do\u015bwiadczenia, zapewnienie jako\u015bci, innowacyjny design","publisher":{"@id":"https:\/\/darshion.com\/#organization"},"potentialAction":[{"@type":"SearchAction","target":{"@type":"EntryPoint","urlTemplate":"https:\/\/darshion.com\/?s={search_term_string}"},"query-input":{"@type":"PropertyValueSpecification","valueRequired":true,"valueName":"search_term_string"}}],"inLanguage":"pl-PL"},{"@type":"Organization","@id":"https:\/\/darshion.com\/#organization","name":"darshion","url":"https:\/\/darshion.com\/","logo":{"@type":"ImageObject","inLanguage":"pl-PL","@id":"https:\/\/darshion.com\/#\/schema\/logo\/image\/","url":"https:\/\/darshion.com\/wp-content\/uploads\/2023\/09\/01-1.png","contentUrl":"https:\/\/darshion.com\/wp-content\/uploads\/2023\/09\/01-1.png","width":350,"height":100,"caption":"darshion"},"image":{"@id":"https:\/\/darshion.com\/#\/schema\/logo\/image\/"}}]}},"_links":{"self":[{"href":"https:\/\/darshion.com\/pl\/wp-json\/wp\/v2\/product\/2729"}],"collection":[{"href":"https:\/\/darshion.com\/pl\/wp-json\/wp\/v2\/product"}],"about":[{"href":"https:\/\/darshion.com\/pl\/wp-json\/wp\/v2\/types\/product"}],"replies":[{"embeddable":true,"href":"https:\/\/darshion.com\/pl\/wp-json\/wp\/v2\/comments?post=2729"}],"wp:featuredmedia":[{"embeddable":true,"href":"https:\/\/darshion.com\/pl\/wp-json\/wp\/v2\/media\/2733"}],"wp:attachment":[{"href":"https:\/\/darshion.com\/pl\/wp-json\/wp\/v2\/media?parent=2729"}],"wp:term":[{"taxonomy":"product_cat","embeddable":true,"href":"https:\/\/darshion.com\/pl\/wp-json\/wp\/v2\/product_cat?post=2729"},{"taxonomy":"product_tag","embeddable":true,"href":"https:\/\/darshion.com\/pl\/wp-json\/wp\/v2\/product_tag?post=2729"}],"curies":[{"name":"wp","href":"https:\/\/api.w.org\/{rel}","templated":true}]}}