{"id":3335,"date":"2024-07-16T10:42:48","date_gmt":"2024-07-16T02:42:48","guid":{"rendered":"https:\/\/darshion.com\/product\/cx60-tri-mode-aluminum-frame-wireless-87-keys-mechanical-keyboard-manufacturers\/"},"modified":"2024-07-16T11:29:32","modified_gmt":"2024-07-16T03:29:32","slug":"cx60-keyboard-manufacturers","status":"publish","type":"product","link":"https:\/\/darshion.com\/pl\/produkt\/cx60-keyboard-manufacturers\/","title":{"rendered":"CX60 Tri-mode Aluminum Frame Wireless 87 Keys Mechaniczna klawiatura Producenci"},"content":{"rendered":"<div id=\"detail_decorate_root\" data-magic-global=\"%7B%22bizId%22%3A2329368643%2C%22pageId%22%3A21433128045%2C%22siteId%22%3A10003129106%7D\">\n<div class=\"J_module\">\n<div class=\"detail-decorate-json-renderer-container\">\n<div class=\"magic-0\">\n<div class=\"magic-1\">\n<div class=\"magic-2\">\n<div class=\"magic-3\">Tr\u00f3jtrybowa programowalna klawiatura mechaniczna z pokr\u0119t\u0142emBezprzewodowa klawiatura mechaniczna RGB o 87 klawiszach i niskim profilu<\/div>\n<\/div>\n<\/div>\n<\/div>\n<\/div>\n<\/div>\n<div class=\"J_module\">\n<div id=\"ali-anchor-AliMagic-km2xeq\" class=\"magic-4\" data-section=\"AliMagic-km2xeq\" data-section-title=\"Products Description\">Opis produkt\u00f3w<\/div>\n<\/div>\n<div class=\"J_module\">\n<div class=\"detail-decorate-json-renderer-container\">\n<div class=\"magic-0\">\n<div class=\"magic-1\">\n<div class=\"magic-2\">\n<div class=\"magic-3\">\n<div><span class=\"magic-5\">Liczba klawiszy: 87 klawiszy<\/span><\/div>\n<div>\u017bywotno\u015b\u0107 skoku klawisza: 50 milion\u00f3w razy<\/div>\n<div><strong>\u3010Niskoprofilowe klawisze, p\u0142ynne liniowe pisanie\u3011<\/strong><\/div>\n<div>Bezprzewodowa klawiatura mechaniczna jest wyposa\u017cona w niskoprofilowe klawisze i mechaniczne czerwone prze\u0142\u0105czniki, dzi\u0119ki czemu jest responsywna i cicha, idealna do u\u017cytku biurowego lub biznesowego.<\/div>\n<p><strong> \u3010Pokr\u0119t\u0142o multimedialne i skr\u00f3ty\u3011<\/strong><\/p>\n<div>\u0141atwo dostosuj tryby pod\u015bwietlenia, jasno\u015b\u0107 i g\u0142o\u015bno\u015b\u0107 za pomoc\u0105 metalowego wielofunkcyjnego pokr\u0119t\u0142a multimedialnego na naszej klawiaturze mechanicznej. 12 skr\u00f3t\u00f3w multimedialnych zapewnia szybki dost\u0119p do cz\u0119sto u\u017cywanych funkcji.<\/div>\n<div>Mo\u017cliwo\u015b\u0107 dostosowania\u3011<\/div>\n<div>- Kolor klawiszy<br \/>\n- Przewodowy\/bezprzewodowy\/2.4G\/Bluetooth Tr\u00f3jtrybowy\/wielokana\u0142owy<br \/>\n- Prze\u0142\u0105czniki mechaniczne: prze\u0142\u0105cznik czerwony\/niebieski\/br\u0105zowy itp.<br \/>\n- Uk\u0142ad: USA\/Wielka Brytania\/Korea Po\u0142udniowa\/Pacyfik\/Brazylia\/Rosja itp.<br \/>\n- LOGO i pakowanie<\/div>\n<\/div>\n<\/div>\n<\/div>\n<\/div>\n<\/div>\n<\/div>\n<div class=\"J_module\">\n<div id=\"ali-anchor-AliMagic-7z3tav\" class=\"magic-7\" data-section=\"AliMagic-7z3tav\" data-section-title=\"Details Images\">Szczeg\u00f3\u0142y Obrazy<\/div>\n<\/div>\n<div class=\"J_module\">\n<div class=\"icbu-pc-detailManyImage magic-8\">\n<div class=\"magic-9\"><img decoding=\"async\" class=\"keyboard Manufacturers\" title=\"Producenci klawiatur\" src=\"https:\/\/darshion.com\/wp-content\/uploads\/2024\/07\/H44fa4eaef16d46f195b8efb26f03568c2.jpg\" alt=\"keyboard Manufacturers\" \/><\/div>\n<div class=\"magic-9\"><img decoding=\"async\" class=\"keyboard Manufacturers\" title=\"Producenci klawiatur\" src=\"https:\/\/darshion.com\/wp-content\/uploads\/2024\/07\/H909afba06e69417191740d740295c086u.jpg\" alt=\"keyboard Manufacturers\" \/><\/div>\n<div class=\"magic-9\"><img decoding=\"async\" class=\"keyboard Manufacturers\" title=\"Producenci klawiatur\" src=\"https:\/\/darshion.com\/wp-content\/uploads\/2024\/07\/H64d0055dece7427e811601dac85f12e98.jpg\" alt=\"keyboard Manufacturers\" \/><\/div>\n<div class=\"magic-9\"><img decoding=\"async\" class=\"keyboard Manufacturers\" title=\"Producenci klawiatur\" src=\"https:\/\/darshion.com\/wp-content\/uploads\/2024\/07\/H62bbae4d8de64de1bfd15bb42d4e25044.jpg\" alt=\"keyboard Manufacturers\" \/><\/div>\n<div class=\"magic-9\"><img decoding=\"async\" class=\"keyboard Manufacturers\" title=\"Producenci klawiatur\" src=\"https:\/\/darshion.com\/wp-content\/uploads\/2024\/07\/H1144e5e1218b4520a11c339c3b04b9aaE.jpg\" alt=\"keyboard Manufacturers\" \/><\/div>\n<div class=\"magic-9\"><img decoding=\"async\" class=\"keyboard Manufacturers\" title=\"Producenci klawiatur\" src=\"https:\/\/darshion.com\/wp-content\/uploads\/2024\/07\/He213180558414e3988e7a270bb0a9c9fP.jpg\" alt=\"keyboard Manufacturers\" \/><\/div>\n<\/div>\n<\/div>\n<div class=\"J_module\">\n<div id=\"ali-anchor-AliMagic-4y7b6n\" class=\"magic-7\" data-section=\"AliMagic-4y7b6n\" data-section-title=\"Related Products\"><\/div>\n<\/div>\n<div class=\"J_module\">\n<div class=\"icbu-pc-images magic-13\">\n<div>\n<div class=\"flex-layout-v\">\n<div class=\"flex-layout-h magic-13\"><\/div>\n<\/div>\n<\/div>\n<\/div>\n<\/div>\n<\/div>","protected":false},"excerpt":{"rendered":"<div>\n<p>[Industry-specific attributes]<br \/>\nOperation Style:Mechanical<br \/>\nStyle:For Laptop, Slim, Gaming, Multimedia, Qwerty, Mechanical<br \/>\nType:2.4Ghz Wireless<br \/>\nInterface Type:Wireless<br \/>\nKeyboard Standard:87 Keys<\/p>\n<p>[Other attributes]<br \/>\nDrive Interface:USB 2.0<br \/>\nProducts Status:New<br \/>\nApplication:Desktop<br \/>\nPlace of Origin:Guangdong, China<br \/>\nKeyboard backlit:RGB<br \/>\nFull Size keyboard:Yes<br \/>\nFeatures:anti-ghosting, Wireless, Plug and Play, Ultra Thin<br \/>\nPrivate Mold:Yes<br \/>\nWrist Support:NO<br \/>\nBrand Name:darshion<br \/>\nModel Number:CX60<br \/>\nMechanical:Yes<br \/>\nProgrammable:Yes<br \/>\nProduct name:streamdeck keyboard<br \/>\nMaterial:Aluminum+ABS<br \/>\nCertification:CE FCC ROHS<br \/>\nLayout:Customized Layout<br \/>\nWarranty:12 Months<br \/>\nPackage:Customized Box<br \/>\nLogo:Accept Customized Logo<br \/>\nKeywords:Professnal Mechanical Gamer Keyboard<br \/>\nStyle:Gaming Keyboard Mechanical<br \/>\nBacklit:RGB Backling<\/p>\n<\/div>\n","protected":false},"featured_media":3328,"comment_status":"open","ping_status":"closed","template":"","meta":{"_monsterinsights_skip_tracking":false,"_monsterinsights_sitenote_active":false,"_monsterinsights_sitenote_note":"","_monsterinsights_sitenote_category":0},"product_cat":[559,555],"product_tag":[562,560],"yoast_head":"<!-- This site is optimized with the Yoast SEO Premium plugin v22.9 (Yoast SEO v24.0) - https:\/\/yoast.com\/wordpress\/plugins\/seo\/ -->\n<title>CX60 Tri-mode Aluminum Frame Wireless 87 Keys Mechanical Keyboard Manufacturers - darshion<\/title>\n<meta name=\"robots\" content=\"index, follow, max-snippet:-1, max-image-preview:large, max-video-preview:-1\" \/>\n<link rel=\"canonical\" href=\"https:\/\/darshion.com\/pl\/produkt\/cx60-keyboard-manufacturers\/\" \/>\n<meta property=\"og:locale\" content=\"pl_PL\" \/>\n<meta property=\"og:type\" content=\"article\" \/>\n<meta property=\"og:title\" content=\"CX60 Tri-mode Aluminum Frame Wireless 87 Keys Mechanical Keyboard Manufacturers\" \/>\n<meta property=\"og:description\" content=\"[Industry-specific attributes] Operation Style:Mechanical Style:For Laptop, Slim, Gaming, Multimedia, Qwerty, Mechanical Type:2.4Ghz Wireless Interface Type:Wireless Keyboard Standard:87 Keys  [Other attributes] Drive Interface:USB 2.0 Products Status:New Application:Desktop Place of Origin:Guangdong, China Keyboard backlit:RGB Full Size keyboard:Yes Features:anti-ghosting, Wireless, Plug and Play, Ultra Thin Private Mold:Yes Wrist Support:NO Brand Name:darshion Model Number:CX60 Mechanical:Yes Programmable:Yes Product name:streamdeck keyboard Material:Aluminum+ABS Certification:CE FCC ROHS Layout:Customized Layout Warranty:12 Months Package:Customized Box Logo:Accept Customized Logo Keywords:Professnal Mechanical Gamer Keyboard Style:Gaming Keyboard Mechanical Backlit:RGB Backling\" \/>\n<meta property=\"og:url\" content=\"https:\/\/darshion.com\/pl\/produkt\/cx60-keyboard-manufacturers\/\" \/>\n<meta property=\"og:site_name\" content=\"darshion\" \/>\n<meta property=\"article:modified_time\" content=\"2024-07-16T03:29:32+00:00\" \/>\n<meta property=\"og:image\" content=\"https:\/\/darshion.com\/wp-content\/uploads\/2024\/07\/H54a376c8b90446e6ad6140ffbeec03d9T.jpg\" \/>\n\t<meta property=\"og:image:width\" content=\"1400\" \/>\n\t<meta property=\"og:image:height\" content=\"1400\" \/>\n\t<meta property=\"og:image:type\" content=\"image\/jpeg\" \/>\n<meta name=\"twitter:card\" content=\"summary_large_image\" \/>\n<meta name=\"twitter:label1\" content=\"Szacowany czas czytania\" \/>\n\t<meta name=\"twitter:data1\" content=\"2 minuty\" \/>\n<script type=\"application\/ld+json\" class=\"yoast-schema-graph\">{\"@context\":\"https:\/\/schema.org\",\"@graph\":[{\"@type\":\"WebPage\",\"@id\":\"https:\/\/darshion.com\/product\/cx60-keyboard-manufacturers\/\",\"url\":\"https:\/\/darshion.com\/product\/cx60-keyboard-manufacturers\/\",\"name\":\"CX60 Tri-mode Aluminum Frame Wireless 87 Keys Mechanical Keyboard Manufacturers - darshion\",\"isPartOf\":{\"@id\":\"https:\/\/darshion.com\/#website\"},\"primaryImageOfPage\":{\"@id\":\"https:\/\/darshion.com\/product\/cx60-keyboard-manufacturers\/#primaryimage\"},\"image\":{\"@id\":\"https:\/\/darshion.com\/product\/cx60-keyboard-manufacturers\/#primaryimage\"},\"thumbnailUrl\":\"https:\/\/darshion.com\/wp-content\/uploads\/2024\/07\/H54a376c8b90446e6ad6140ffbeec03d9T.jpg\",\"datePublished\":\"2024-07-16T02:42:48+00:00\",\"dateModified\":\"2024-07-16T03:29:32+00:00\",\"breadcrumb\":{\"@id\":\"https:\/\/darshion.com\/product\/cx60-keyboard-manufacturers\/#breadcrumb\"},\"inLanguage\":\"pl-PL\",\"potentialAction\":[{\"@type\":\"ReadAction\",\"target\":[\"https:\/\/darshion.com\/product\/cx60-keyboard-manufacturers\/\"]}]},{\"@type\":\"ImageObject\",\"inLanguage\":\"pl-PL\",\"@id\":\"https:\/\/darshion.com\/product\/cx60-keyboard-manufacturers\/#primaryimage\",\"url\":\"https:\/\/darshion.com\/wp-content\/uploads\/2024\/07\/H54a376c8b90446e6ad6140ffbeec03d9T.jpg\",\"contentUrl\":\"https:\/\/darshion.com\/wp-content\/uploads\/2024\/07\/H54a376c8b90446e6ad6140ffbeec03d9T.jpg\",\"width\":1400,\"height\":1400},{\"@type\":\"BreadcrumbList\",\"@id\":\"https:\/\/darshion.com\/product\/cx60-keyboard-manufacturers\/#breadcrumb\",\"itemListElement\":[{\"@type\":\"ListItem\",\"position\":1,\"name\":\"\u9996\u9875\",\"item\":\"https:\/\/darshion.com\/\"},{\"@type\":\"ListItem\",\"position\":2,\"name\":\"PRODUCT\",\"item\":\"https:\/\/darshion.com\/pt\/product\/\"},{\"@type\":\"ListItem\",\"position\":3,\"name\":\"CX60 Tri-mode Aluminum Frame Wireless 87 Keys Mechanical Keyboard Manufacturers\"}]},{\"@type\":\"WebSite\",\"@id\":\"https:\/\/darshion.com\/#website\",\"url\":\"https:\/\/darshion.com\/\",\"name\":\"darshion\",\"description\":\"14 Years of Experience, Quality Assurance, Innovative Design\",\"publisher\":{\"@id\":\"https:\/\/darshion.com\/#organization\"},\"potentialAction\":[{\"@type\":\"SearchAction\",\"target\":{\"@type\":\"EntryPoint\",\"urlTemplate\":\"https:\/\/darshion.com\/?s={search_term_string}\"},\"query-input\":{\"@type\":\"PropertyValueSpecification\",\"valueRequired\":true,\"valueName\":\"search_term_string\"}}],\"inLanguage\":\"pl-PL\"},{\"@type\":\"Organization\",\"@id\":\"https:\/\/darshion.com\/#organization\",\"name\":\"darshion\",\"url\":\"https:\/\/darshion.com\/\",\"logo\":{\"@type\":\"ImageObject\",\"inLanguage\":\"pl-PL\",\"@id\":\"https:\/\/darshion.com\/#\/schema\/logo\/image\/\",\"url\":\"https:\/\/darshion.com\/wp-content\/uploads\/2023\/09\/01-1.png\",\"contentUrl\":\"https:\/\/darshion.com\/wp-content\/uploads\/2023\/09\/01-1.png\",\"width\":350,\"height\":100,\"caption\":\"darshion\"},\"image\":{\"@id\":\"https:\/\/darshion.com\/#\/schema\/logo\/image\/\"}}]}<\/script>\n<!-- \/ Yoast SEO Premium plugin. -->","yoast_head_json":{"title":"CX60 Tri-mode Aluminum Frame Wireless 87 Keys Mechanical Keyboard Manufacturers - darshion","robots":{"index":"index","follow":"follow","max-snippet":"max-snippet:-1","max-image-preview":"max-image-preview:large","max-video-preview":"max-video-preview:-1"},"canonical":"https:\/\/darshion.com\/pl\/produkt\/cx60-keyboard-manufacturers\/","og_locale":"pl_PL","og_type":"article","og_title":"CX60 Tri-mode Aluminum Frame Wireless 87 Keys Mechanical Keyboard Manufacturers","og_description":"[Industry-specific attributes] Operation Style:Mechanical Style:For Laptop, Slim, Gaming, Multimedia, Qwerty, Mechanical Type:2.4Ghz Wireless Interface Type:Wireless Keyboard Standard:87 Keys  [Other attributes] Drive Interface:USB 2.0 Products Status:New Application:Desktop Place of Origin:Guangdong, China Keyboard backlit:RGB Full Size keyboard:Yes Features:anti-ghosting, Wireless, Plug and Play, Ultra Thin Private Mold:Yes Wrist Support:NO Brand Name:darshion Model Number:CX60 Mechanical:Yes Programmable:Yes Product name:streamdeck keyboard Material:Aluminum+ABS Certification:CE FCC ROHS Layout:Customized Layout Warranty:12 Months Package:Customized Box Logo:Accept Customized Logo Keywords:Professnal Mechanical Gamer Keyboard Style:Gaming Keyboard Mechanical Backlit:RGB Backling","og_url":"https:\/\/darshion.com\/pl\/produkt\/cx60-keyboard-manufacturers\/","og_site_name":"darshion","article_modified_time":"2024-07-16T03:29:32+00:00","og_image":[{"width":1400,"height":1400,"url":"https:\/\/darshion.com\/wp-content\/uploads\/2024\/07\/H54a376c8b90446e6ad6140ffbeec03d9T.jpg","type":"image\/jpeg"}],"twitter_card":"summary_large_image","twitter_misc":{"Szacowany czas czytania":"2 minuty"},"schema":{"@context":"https:\/\/schema.org","@graph":[{"@type":"WebPage","@id":"https:\/\/darshion.com\/product\/cx60-keyboard-manufacturers\/","url":"https:\/\/darshion.com\/product\/cx60-keyboard-manufacturers\/","name":"CX60 Tri-mode Aluminum Frame Wireless 87 Keys Mechanical Keyboard Manufacturers - darshion","isPartOf":{"@id":"https:\/\/darshion.com\/#website"},"primaryImageOfPage":{"@id":"https:\/\/darshion.com\/product\/cx60-keyboard-manufacturers\/#primaryimage"},"image":{"@id":"https:\/\/darshion.com\/product\/cx60-keyboard-manufacturers\/#primaryimage"},"thumbnailUrl":"https:\/\/darshion.com\/wp-content\/uploads\/2024\/07\/H54a376c8b90446e6ad6140ffbeec03d9T.jpg","datePublished":"2024-07-16T02:42:48+00:00","dateModified":"2024-07-16T03:29:32+00:00","breadcrumb":{"@id":"https:\/\/darshion.com\/product\/cx60-keyboard-manufacturers\/#breadcrumb"},"inLanguage":"pl-PL","potentialAction":[{"@type":"ReadAction","target":["https:\/\/darshion.com\/product\/cx60-keyboard-manufacturers\/"]}]},{"@type":"ImageObject","inLanguage":"pl-PL","@id":"https:\/\/darshion.com\/product\/cx60-keyboard-manufacturers\/#primaryimage","url":"https:\/\/darshion.com\/wp-content\/uploads\/2024\/07\/H54a376c8b90446e6ad6140ffbeec03d9T.jpg","contentUrl":"https:\/\/darshion.com\/wp-content\/uploads\/2024\/07\/H54a376c8b90446e6ad6140ffbeec03d9T.jpg","width":1400,"height":1400},{"@type":"BreadcrumbList","@id":"https:\/\/darshion.com\/product\/cx60-keyboard-manufacturers\/#breadcrumb","itemListElement":[{"@type":"ListItem","position":1,"name":"\u9996\u9875","item":"https:\/\/darshion.com\/"},{"@type":"ListItem","position":2,"name":"PRODUCT","item":"https:\/\/darshion.com\/pt\/product\/"},{"@type":"ListItem","position":3,"name":"CX60 Tri-mode Aluminum Frame Wireless 87 Keys Mechanical Keyboard Manufacturers"}]},{"@type":"WebSite","@id":"https:\/\/darshion.com\/#website","url":"https:\/\/darshion.com\/","name":"darshion","description":"14 lat do\u015bwiadczenia, zapewnienie jako\u015bci, innowacyjny design","publisher":{"@id":"https:\/\/darshion.com\/#organization"},"potentialAction":[{"@type":"SearchAction","target":{"@type":"EntryPoint","urlTemplate":"https:\/\/darshion.com\/?s={search_term_string}"},"query-input":{"@type":"PropertyValueSpecification","valueRequired":true,"valueName":"search_term_string"}}],"inLanguage":"pl-PL"},{"@type":"Organization","@id":"https:\/\/darshion.com\/#organization","name":"darshion","url":"https:\/\/darshion.com\/","logo":{"@type":"ImageObject","inLanguage":"pl-PL","@id":"https:\/\/darshion.com\/#\/schema\/logo\/image\/","url":"https:\/\/darshion.com\/wp-content\/uploads\/2023\/09\/01-1.png","contentUrl":"https:\/\/darshion.com\/wp-content\/uploads\/2023\/09\/01-1.png","width":350,"height":100,"caption":"darshion"},"image":{"@id":"https:\/\/darshion.com\/#\/schema\/logo\/image\/"}}]}},"_links":{"self":[{"href":"https:\/\/darshion.com\/pl\/wp-json\/wp\/v2\/product\/3335"}],"collection":[{"href":"https:\/\/darshion.com\/pl\/wp-json\/wp\/v2\/product"}],"about":[{"href":"https:\/\/darshion.com\/pl\/wp-json\/wp\/v2\/types\/product"}],"replies":[{"embeddable":true,"href":"https:\/\/darshion.com\/pl\/wp-json\/wp\/v2\/comments?post=3335"}],"wp:featuredmedia":[{"embeddable":true,"href":"https:\/\/darshion.com\/pl\/wp-json\/wp\/v2\/media\/3328"}],"wp:attachment":[{"href":"https:\/\/darshion.com\/pl\/wp-json\/wp\/v2\/media?parent=3335"}],"wp:term":[{"taxonomy":"product_cat","embeddable":true,"href":"https:\/\/darshion.com\/pl\/wp-json\/wp\/v2\/product_cat?post=3335"},{"taxonomy":"product_tag","embeddable":true,"href":"https:\/\/darshion.com\/pl\/wp-json\/wp\/v2\/product_tag?post=3335"}],"curies":[{"name":"wp","href":"https:\/\/api.w.org\/{rel}","templated":true}]}}