{"id":3340,"date":"2024-07-16T10:43:44","date_gmt":"2024-07-16T02:43:44","guid":{"rendered":"https:\/\/darshion.com\/product\/ck24r-bluetooth-tri-mode-rgb-68-keys-wireless-mechanical-keyboard-oem\/"},"modified":"2024-07-16T11:26:57","modified_gmt":"2024-07-16T03:26:57","slug":"ck24r-keyboard-oem","status":"publish","type":"product","link":"https:\/\/darshion.com\/pl\/produkt\/ck24r-keyboard-oem\/","title":{"rendered":"Bezprzewodowa klawiatura mechaniczna OEM CK24R Bluetooth Tri-mode RGB 68 klawiszy"},"content":{"rendered":"<div id=\"detail_decorate_root\" data-magic-global=\"%7B%22bizId%22%3A2329368643%2C%22pageId%22%3A21398002299%2C%22siteId%22%3A10003129106%7D\">\n<div class=\"J_module\">\n<div class=\"detail-decorate-json-renderer-container\">\n<div class=\"magic-0\">\n<div class=\"magic-1\">\n<div class=\"magic-2\">\n<div class=\"magic-3\">\n<div class=\"magic-4\">Bezprzewodowa klawiatura mechaniczna Hot Swappable 68 klawiszy Bluetooth Tri-mode RGB 65% Red Switch<\/div>\n<div class=\"magic-4\"><\/div>\n<div>\n<div class=\"magic-4\">darshion to profesjonalny producent klawiatur i myszy OEM\/ODM za\u0142o\u017cony w 2014 roku.<\/div>\n<div class=\"magic-4\">-Szybka dostawa - Wysoka jako\u015b\u0107 - Ochrona rynku - Konkurencyjna cena - Elastyczna p\u0142atno\u015b\u0107<\/div>\n<div class=\"magic-4\"><\/div>\n<div class=\"magic-4\">Serdecznie zapraszamy do kontaktu z nami w sprawie <span style=\"color: #c4433c;\">pr\u00f3bki<\/span> oraz <span style=\"color: #c4433c;\">oferta fabryczna<\/span>!<\/div>\n<\/div>\n<\/div>\n<\/div>\n<\/div>\n<\/div>\n<\/div>\n<\/div>\n<div class=\"J_module\">\n<div id=\"ali-anchor-AliMagic-xa2wsg\" class=\"magic-6\" data-section=\"AliMagic-xa2wsg\" data-section-title=\"TOP PICKS\">TOP PICKS<\/div>\n<\/div>\n<div class=\"J_module\">\n<div class=\"icbu-pc-detailVideoShow magic-7\" data-magic=\"{&quot;mds&quot;:{&quot;assetsVersion&quot;:&quot;0.0.6&quot;,&quot;assetsPackageName&quot;:&quot;icbumod&quot;,&quot;moduleNameAlias&quot;:&quot;icbu-pc-detailVideoShow&quot;,&quot;moduleData&quot;:{&quot;videoInfo&quot;:{&quot;coverUrl&quot;:&quot;https:\/\/sc04.alicdn.com\/kf\/H2462170553a44adcb5d7e8e0c8ba22c4O.jpg&quot;,&quot;duration&quot;:160,&quot;fileSize&quot;:&quot;27182334&quot;,&quot;videoName&quot;:&quot;232089564&quot;,&quot;videoId&quot;:434694265468},&quot;hideBottom&quot;:false}},&quot;version&quot;:1}\"><\/div>\n<\/div>\n<div class=\"J_module\">\n<div id=\"ali-anchor-AliMagic-5cn70p\" class=\"magic-6\" data-section=\"AliMagic-5cn70p\" data-section-title=\"Products Description\">Opis produkt\u00f3w<\/div>\n<\/div>\n<div class=\"J_module\">\n<div class=\"detail-decorate-json-renderer-container\">\n<div class=\"magic-0\">\n<div class=\"magic-1\">\n<div class=\"magic-2\">\n<div class=\"magic-3\">Klasyczna klawiatura 65%: 68 klawiszy, kompaktowa konstrukcja\u3011<br \/>\nUltrakompaktowy uk\u0142ad z 68 klawiszami to idealny rozmiar klawiatury<\/p>\n<div><\/div>\n<div>\u3010 Konstrukcja z mo\u017cliwo\u015bci\u0105 szybkiej wymiany\u3011<\/div>\n<div>Klawiatura do gier z mo\u017cliwo\u015bci\u0105 wymiany \"na gor\u0105co\" pozwala na samodzieln\u0105 i \u0142atw\u0105 zmian\u0119 wygl\u0105du tej mechanicznej klawiatury do gier.<\/div>\n<div>\u301024 tryby pod\u015bwietlenia RGB\u3011<br \/>\nKlawiatura do gier Dazzling 29 RGB jest wyposa\u017cona w 24 stylowe tryby pod\u015bwietlenia rgb, regulowane poziomy jasno\u015bci i pr\u0119dko\u015b\u0107 oddychania, a paski \u015bwietlne rgb tej klawiatury rgb wok\u00f3\u0142 p\u0142yty zapewniaj\u0105 czaruj\u0105ce warunki do grania w nocy.<br \/>\nMo\u017cliwo\u015b\u0107 dostosowania\u3011<br \/>\n- Kolory klawiszy<br \/>\n- Przewodowy\/bezprzewodowy\/2.4G\/Bluetooth Tr\u00f3jtrybowy\/wielokana\u0142owy<br \/>\n- Do 20 wst\u0119pnie ustawionych rzeczywistych efekt\u00f3w pod\u015bwietlenia RGB<br \/>\n- Materia\u0142 klawiszy: ABS\/PBT<br \/>\n- Prze\u0142\u0105czniki mechaniczne: prze\u0142\u0105cznik czerwony\/niebieski\/br\u0105zowy itp.<br \/>\n- Uk\u0142ad: USA\/Wielka Brytania\/Korea Po\u0142udniowa\/Pacyfik\/Brazylia\/Rosja itp.<br \/>\n- Materia\u0142 PCB: ABS \/ aluminium premium \/ \u017celazo elektroforetyczne premium<br \/>\n- LOGO i pakowanie<\/div>\n<\/div>\n<\/div>\n<\/div>\n<\/div>\n<\/div>\n<\/div>\n<div class=\"J_module\">\n<div id=\"ali-anchor-AliMagic-9ue4mb\" class=\"magic-6\" data-section=\"AliMagic-9ue4mb\" data-section-title=\"Details Images\">Szczeg\u00f3\u0142y Obrazy<\/div>\n<\/div>\n<div class=\"J_module\">\n<div class=\"icbu-pc-detailManyImage magic-9\">\n<div class=\"magic-10\"><img decoding=\"async\" class=\"oem keyboard\" title=\"klawiatura oem\" src=\"https:\/\/darshion.com\/wp-content\/uploads\/2024\/07\/Hc73eafe055c242e8aef366736bf7fe04Z.jpg\" alt=\"oem keyboard\" \/><\/div>\n<div class=\"magic-10\"><\/div>\n<div class=\"magic-10\"><img decoding=\"async\" class=\"oem keyboard\" title=\"klawiatura oem\" src=\"https:\/\/darshion.com\/wp-content\/uploads\/2024\/07\/H4e6127f708264cd09ed4831cfb1bcbd5O.jpg\" alt=\"oem keyboard\" \/><\/div>\n<div class=\"magic-10\"><img decoding=\"async\" class=\"oem keyboard\" title=\"klawiatura oem\" src=\"https:\/\/darshion.com\/wp-content\/uploads\/2024\/07\/Hcbbf5d0b33f64f89bf91f0e3e1d65c75r.jpg\" alt=\"oem keyboard\" \/><\/div>\n<div class=\"magic-10\"><img decoding=\"async\" class=\"oem keyboard\" title=\"klawiatura oem\" src=\"https:\/\/darshion.com\/wp-content\/uploads\/2024\/07\/H31210fe255bd414589714cd4deebeb6dZ.jpg\" alt=\"oem keyboard\" \/><\/div>\n<div class=\"magic-10\"><img decoding=\"async\" class=\"oem keyboard\" title=\"klawiatura oem\" src=\"https:\/\/darshion.com\/wp-content\/uploads\/2024\/07\/H75e6809aae92471c9c04fa341c6f3aa6h.jpg\" alt=\"oem keyboard\" \/><\/div>\n<div class=\"magic-10\"><img decoding=\"async\" class=\"oem keyboard\" title=\"klawiatura oem\" src=\"https:\/\/darshion.com\/wp-content\/uploads\/2024\/07\/H747df865534e4afcb592d608421ef890Q.jpg\" alt=\"oem keyboard\" \/><\/div>\n<div class=\"magic-10\"><img decoding=\"async\" class=\"oem keyboard\" title=\"klawiatura oem\" src=\"https:\/\/darshion.com\/wp-content\/uploads\/2024\/07\/He12acf88e0814b7c9b7c8c50f6c4efc0o.jpg\" alt=\"oem keyboard\" \/><\/div>\n<div class=\"magic-10\"><img decoding=\"async\" class=\"oem keyboard\" title=\"klawiatura oem\" src=\"https:\/\/darshion.com\/wp-content\/uploads\/2024\/07\/H7ee2d736d51d41639a5acc40c7c64bb62.jpg\" alt=\"oem keyboard\" \/><\/div>\n<div class=\"magic-10\"><img decoding=\"async\" class=\"oem keyboard\" title=\"klawiatura oem\" src=\"https:\/\/darshion.com\/wp-content\/uploads\/2024\/07\/H3622e6a949a44ba2a484bbb67d16c8c9i.jpg\" alt=\"oem keyboard\" \/><\/div>\n<\/div>\n<\/div>\n<div class=\"J_module\">\n<div id=\"ali-anchor-AliMagic-tq8j9c\" class=\"magic-6\" data-section=\"AliMagic-tq8j9c\" data-section-title=\"Related Products\"><\/div>\n<\/div>\n<div class=\"J_module\">\n<div class=\"icbu-pc-images magic-12\">\n<div>\n<div class=\"flex-layout-v\">\n<div class=\"flex-layout-h magic-12\"><\/div>\n<\/div>\n<\/div>\n<\/div>\n<\/div>\n<\/div>","protected":false},"excerpt":{"rendered":"<div>\n<p>[Industry-specific attributes]<br \/>\nInterface Type:usb<br \/>\nKeyboard Standard:68 keys<br \/>\nAnti-ghosting:Multi Keys<br \/>\nKeyboard backlit:RGB<br \/>\nMechanical:Yes<br \/>\nProgrammable:NO<\/p>\n<p>[Other attributes]<br \/>\nBrand Name:darshion<br \/>\nType:IR Wireless<br \/>\nFull Size keyboard:No<br \/>\nAxis Body Brand:Others<br \/>\nWrist Support:NO<br \/>\nPrivate Mold:Yes<br \/>\nProduct name:68 Keys Gaming Keyboard<br \/>\nMaterial:ABS Plastic<br \/>\nCertification:CE FCC ROHS<br \/>\nLayout:Customized Layout<br \/>\nWarranty:12 Months<br \/>\nPackage:Customized Box<br \/>\nLogo:Accept Customized Logo<br \/>\nBacklit:RGB Backling<br \/>\nKeywords:Gaming Keyboard<br \/>\nFunction:Play Games<\/p>\n<\/div>\n","protected":false},"featured_media":3318,"comment_status":"open","ping_status":"closed","template":"","meta":{"_monsterinsights_skip_tracking":false,"_monsterinsights_sitenote_active":false,"_monsterinsights_sitenote_note":"","_monsterinsights_sitenote_category":0},"product_cat":[559,555],"product_tag":[562,103,92],"yoast_head":"<!-- This site is optimized with the Yoast SEO Premium plugin v22.9 (Yoast SEO v24.0) - https:\/\/yoast.com\/wordpress\/plugins\/seo\/ -->\n<title>CK24R Bluetooth Tri-mode RGB 68 Keys Wireless Mechanical Keyboard OEM - darshion<\/title>\n<meta name=\"robots\" content=\"index, follow, max-snippet:-1, max-image-preview:large, max-video-preview:-1\" \/>\n<link rel=\"canonical\" href=\"https:\/\/darshion.com\/pl\/produkt\/ck24r-keyboard-oem\/\" \/>\n<meta property=\"og:locale\" content=\"pl_PL\" \/>\n<meta property=\"og:type\" content=\"article\" \/>\n<meta property=\"og:title\" content=\"CK24R Bluetooth Tri-mode RGB 68 Keys Wireless Mechanical Keyboard OEM\" \/>\n<meta property=\"og:description\" content=\"[Industry-specific attributes] Interface Type:usb Keyboard Standard:68 keys Anti-ghosting:Multi Keys Keyboard backlit:RGB Mechanical:Yes Programmable:NO  [Other attributes] Brand Name:darshion Type:IR Wireless Full Size keyboard:No Axis Body Brand:Others Wrist Support:NO Private Mold:Yes Product name:68 Keys Gaming Keyboard Material:ABS Plastic Certification:CE FCC ROHS Layout:Customized Layout Warranty:12 Months Package:Customized Box Logo:Accept Customized Logo Backlit:RGB Backling Keywords:Gaming Keyboard Function:Play Games\" \/>\n<meta property=\"og:url\" content=\"https:\/\/darshion.com\/pl\/produkt\/ck24r-keyboard-oem\/\" \/>\n<meta property=\"og:site_name\" content=\"darshion\" \/>\n<meta property=\"article:modified_time\" content=\"2024-07-16T03:26:57+00:00\" \/>\n<meta property=\"og:image\" content=\"https:\/\/darshion.com\/wp-content\/uploads\/2024\/07\/Hc5cbcc0590224ed8a2527909742dfcf1G.jpg\" \/>\n\t<meta property=\"og:image:width\" content=\"1600\" \/>\n\t<meta property=\"og:image:height\" content=\"1600\" \/>\n\t<meta property=\"og:image:type\" content=\"image\/jpeg\" \/>\n<meta name=\"twitter:card\" content=\"summary_large_image\" \/>\n<meta name=\"twitter:label1\" content=\"Szacowany czas czytania\" \/>\n\t<meta name=\"twitter:data1\" content=\"3 minuty\" \/>\n<script type=\"application\/ld+json\" class=\"yoast-schema-graph\">{\"@context\":\"https:\/\/schema.org\",\"@graph\":[{\"@type\":\"WebPage\",\"@id\":\"https:\/\/darshion.com\/product\/ck24r-keyboard-oem\/\",\"url\":\"https:\/\/darshion.com\/product\/ck24r-keyboard-oem\/\",\"name\":\"CK24R Bluetooth Tri-mode RGB 68 Keys Wireless Mechanical Keyboard OEM - darshion\",\"isPartOf\":{\"@id\":\"https:\/\/darshion.com\/#website\"},\"primaryImageOfPage\":{\"@id\":\"https:\/\/darshion.com\/product\/ck24r-keyboard-oem\/#primaryimage\"},\"image\":{\"@id\":\"https:\/\/darshion.com\/product\/ck24r-keyboard-oem\/#primaryimage\"},\"thumbnailUrl\":\"https:\/\/darshion.com\/wp-content\/uploads\/2024\/07\/Hc5cbcc0590224ed8a2527909742dfcf1G.jpg\",\"datePublished\":\"2024-07-16T02:43:44+00:00\",\"dateModified\":\"2024-07-16T03:26:57+00:00\",\"breadcrumb\":{\"@id\":\"https:\/\/darshion.com\/product\/ck24r-keyboard-oem\/#breadcrumb\"},\"inLanguage\":\"pl-PL\",\"potentialAction\":[{\"@type\":\"ReadAction\",\"target\":[\"https:\/\/darshion.com\/product\/ck24r-keyboard-oem\/\"]}]},{\"@type\":\"ImageObject\",\"inLanguage\":\"pl-PL\",\"@id\":\"https:\/\/darshion.com\/product\/ck24r-keyboard-oem\/#primaryimage\",\"url\":\"https:\/\/darshion.com\/wp-content\/uploads\/2024\/07\/Hc5cbcc0590224ed8a2527909742dfcf1G.jpg\",\"contentUrl\":\"https:\/\/darshion.com\/wp-content\/uploads\/2024\/07\/Hc5cbcc0590224ed8a2527909742dfcf1G.jpg\",\"width\":1600,\"height\":1600},{\"@type\":\"BreadcrumbList\",\"@id\":\"https:\/\/darshion.com\/product\/ck24r-keyboard-oem\/#breadcrumb\",\"itemListElement\":[{\"@type\":\"ListItem\",\"position\":1,\"name\":\"\u9996\u9875\",\"item\":\"https:\/\/darshion.com\/\"},{\"@type\":\"ListItem\",\"position\":2,\"name\":\"PRODUCT\",\"item\":\"https:\/\/darshion.com\/pt\/product\/\"},{\"@type\":\"ListItem\",\"position\":3,\"name\":\"CK24R Bluetooth Tri-mode RGB 68 Keys Wireless Mechanical Keyboard OEM\"}]},{\"@type\":\"WebSite\",\"@id\":\"https:\/\/darshion.com\/#website\",\"url\":\"https:\/\/darshion.com\/\",\"name\":\"darshion\",\"description\":\"14 Years of Experience, Quality Assurance, Innovative Design\",\"publisher\":{\"@id\":\"https:\/\/darshion.com\/#organization\"},\"potentialAction\":[{\"@type\":\"SearchAction\",\"target\":{\"@type\":\"EntryPoint\",\"urlTemplate\":\"https:\/\/darshion.com\/?s={search_term_string}\"},\"query-input\":{\"@type\":\"PropertyValueSpecification\",\"valueRequired\":true,\"valueName\":\"search_term_string\"}}],\"inLanguage\":\"pl-PL\"},{\"@type\":\"Organization\",\"@id\":\"https:\/\/darshion.com\/#organization\",\"name\":\"darshion\",\"url\":\"https:\/\/darshion.com\/\",\"logo\":{\"@type\":\"ImageObject\",\"inLanguage\":\"pl-PL\",\"@id\":\"https:\/\/darshion.com\/#\/schema\/logo\/image\/\",\"url\":\"https:\/\/darshion.com\/wp-content\/uploads\/2023\/09\/01-1.png\",\"contentUrl\":\"https:\/\/darshion.com\/wp-content\/uploads\/2023\/09\/01-1.png\",\"width\":350,\"height\":100,\"caption\":\"darshion\"},\"image\":{\"@id\":\"https:\/\/darshion.com\/#\/schema\/logo\/image\/\"}}]}<\/script>\n<!-- \/ Yoast SEO Premium plugin. -->","yoast_head_json":{"title":"Bezprzewodowa klawiatura mechaniczna OEM CK24R Bluetooth Tri-mode RGB 68 klawiszy - darshion","robots":{"index":"index","follow":"follow","max-snippet":"max-snippet:-1","max-image-preview":"max-image-preview:large","max-video-preview":"max-video-preview:-1"},"canonical":"https:\/\/darshion.com\/pl\/produkt\/ck24r-keyboard-oem\/","og_locale":"pl_PL","og_type":"article","og_title":"CK24R Bluetooth Tri-mode RGB 68 Keys Wireless Mechanical Keyboard OEM","og_description":"[Industry-specific attributes] Interface Type:usb Keyboard Standard:68 keys Anti-ghosting:Multi Keys Keyboard backlit:RGB Mechanical:Yes Programmable:NO  [Other attributes] Brand Name:darshion Type:IR Wireless Full Size keyboard:No Axis Body Brand:Others Wrist Support:NO Private Mold:Yes Product name:68 Keys Gaming Keyboard Material:ABS Plastic Certification:CE FCC ROHS Layout:Customized Layout Warranty:12 Months Package:Customized Box Logo:Accept Customized Logo Backlit:RGB Backling Keywords:Gaming Keyboard Function:Play Games","og_url":"https:\/\/darshion.com\/pl\/produkt\/ck24r-keyboard-oem\/","og_site_name":"darshion","article_modified_time":"2024-07-16T03:26:57+00:00","og_image":[{"width":1600,"height":1600,"url":"https:\/\/darshion.com\/wp-content\/uploads\/2024\/07\/Hc5cbcc0590224ed8a2527909742dfcf1G.jpg","type":"image\/jpeg"}],"twitter_card":"summary_large_image","twitter_misc":{"Szacowany czas czytania":"3 minuty"},"schema":{"@context":"https:\/\/schema.org","@graph":[{"@type":"WebPage","@id":"https:\/\/darshion.com\/product\/ck24r-keyboard-oem\/","url":"https:\/\/darshion.com\/product\/ck24r-keyboard-oem\/","name":"Bezprzewodowa klawiatura mechaniczna OEM CK24R Bluetooth Tri-mode RGB 68 klawiszy - darshion","isPartOf":{"@id":"https:\/\/darshion.com\/#website"},"primaryImageOfPage":{"@id":"https:\/\/darshion.com\/product\/ck24r-keyboard-oem\/#primaryimage"},"image":{"@id":"https:\/\/darshion.com\/product\/ck24r-keyboard-oem\/#primaryimage"},"thumbnailUrl":"https:\/\/darshion.com\/wp-content\/uploads\/2024\/07\/Hc5cbcc0590224ed8a2527909742dfcf1G.jpg","datePublished":"2024-07-16T02:43:44+00:00","dateModified":"2024-07-16T03:26:57+00:00","breadcrumb":{"@id":"https:\/\/darshion.com\/product\/ck24r-keyboard-oem\/#breadcrumb"},"inLanguage":"pl-PL","potentialAction":[{"@type":"ReadAction","target":["https:\/\/darshion.com\/product\/ck24r-keyboard-oem\/"]}]},{"@type":"ImageObject","inLanguage":"pl-PL","@id":"https:\/\/darshion.com\/product\/ck24r-keyboard-oem\/#primaryimage","url":"https:\/\/darshion.com\/wp-content\/uploads\/2024\/07\/Hc5cbcc0590224ed8a2527909742dfcf1G.jpg","contentUrl":"https:\/\/darshion.com\/wp-content\/uploads\/2024\/07\/Hc5cbcc0590224ed8a2527909742dfcf1G.jpg","width":1600,"height":1600},{"@type":"BreadcrumbList","@id":"https:\/\/darshion.com\/product\/ck24r-keyboard-oem\/#breadcrumb","itemListElement":[{"@type":"ListItem","position":1,"name":"\u9996\u9875","item":"https:\/\/darshion.com\/"},{"@type":"ListItem","position":2,"name":"PRODUCT","item":"https:\/\/darshion.com\/pt\/product\/"},{"@type":"ListItem","position":3,"name":"CK24R Bluetooth Tri-mode RGB 68 Keys Wireless Mechanical Keyboard OEM"}]},{"@type":"WebSite","@id":"https:\/\/darshion.com\/#website","url":"https:\/\/darshion.com\/","name":"darshion","description":"14 lat do\u015bwiadczenia, zapewnienie jako\u015bci, innowacyjny design","publisher":{"@id":"https:\/\/darshion.com\/#organization"},"potentialAction":[{"@type":"SearchAction","target":{"@type":"EntryPoint","urlTemplate":"https:\/\/darshion.com\/?s={search_term_string}"},"query-input":{"@type":"PropertyValueSpecification","valueRequired":true,"valueName":"search_term_string"}}],"inLanguage":"pl-PL"},{"@type":"Organization","@id":"https:\/\/darshion.com\/#organization","name":"darshion","url":"https:\/\/darshion.com\/","logo":{"@type":"ImageObject","inLanguage":"pl-PL","@id":"https:\/\/darshion.com\/#\/schema\/logo\/image\/","url":"https:\/\/darshion.com\/wp-content\/uploads\/2023\/09\/01-1.png","contentUrl":"https:\/\/darshion.com\/wp-content\/uploads\/2023\/09\/01-1.png","width":350,"height":100,"caption":"darshion"},"image":{"@id":"https:\/\/darshion.com\/#\/schema\/logo\/image\/"}}]}},"_links":{"self":[{"href":"https:\/\/darshion.com\/pl\/wp-json\/wp\/v2\/product\/3340"}],"collection":[{"href":"https:\/\/darshion.com\/pl\/wp-json\/wp\/v2\/product"}],"about":[{"href":"https:\/\/darshion.com\/pl\/wp-json\/wp\/v2\/types\/product"}],"replies":[{"embeddable":true,"href":"https:\/\/darshion.com\/pl\/wp-json\/wp\/v2\/comments?post=3340"}],"wp:featuredmedia":[{"embeddable":true,"href":"https:\/\/darshion.com\/pl\/wp-json\/wp\/v2\/media\/3318"}],"wp:attachment":[{"href":"https:\/\/darshion.com\/pl\/wp-json\/wp\/v2\/media?parent=3340"}],"wp:term":[{"taxonomy":"product_cat","embeddable":true,"href":"https:\/\/darshion.com\/pl\/wp-json\/wp\/v2\/product_cat?post=3340"},{"taxonomy":"product_tag","embeddable":true,"href":"https:\/\/darshion.com\/pl\/wp-json\/wp\/v2\/product_tag?post=3340"}],"curies":[{"name":"wp","href":"https:\/\/api.w.org\/{rel}","templated":true}]}}