{"id":3363,"date":"2024-07-16T10:47:58","date_gmt":"2024-07-16T02:47:58","guid":{"rendered":"https:\/\/darshion.com\/product\/cx23u-61-keys-wired-gaming-mechanical-keyboard-manufacturers\/"},"modified":"2024-07-16T11:03:42","modified_gmt":"2024-07-16T03:03:42","slug":"cx23u-keyboard-manufacturers","status":"publish","type":"product","link":"https:\/\/darshion.com\/pl\/produkt\/cx23u-keyboard-manufacturers\/","title":{"rendered":"Przewodowa klawiatura mechaniczna do gier CX23U 61 klawiszy Producenci"},"content":{"rendered":"<div id=\"detail_decorate_root\" data-magic-global=\"%7B%22bizId%22%3A2329368643%2C%22pageId%22%3A21335880647%2C%22siteId%22%3A10003129106%7D\">\n<div class=\"J_module\">\n<div class=\"detail-decorate-json-renderer-container\">\n<div class=\"magic-0\">\n<div class=\"magic-1\">\n<div class=\"magic-2\">\n<div class=\"magic-3\">Przewodowa klawiatura do gier RGB 60 procent 61 klawiszy Klawiatura mechaniczna RGB Teclado Gamer Niebieski prze\u0142\u0105cznik<\/p>\n<div><\/div>\n<div>\n<div class=\"magic-5\"><span class=\"magic-4\">darshion to profesjonalny producent klawiatur i myszy OEM\/ODM za\u0142o\u017cony w 2014 roku.<\/span><\/div>\n<div class=\"magic-5\"><span class=\"magic-4\">-Szybka dostawa - Wysoka jako\u015b\u0107 - Ochrona rynku - Konkurencyjna cena - Elastyczna p\u0142atno\u015b\u0107<\/span><\/div>\n<div class=\"magic-5\"><span class=\"magic-4\">\u00a0<\/span><\/div>\n<div class=\"magic-5\"><span class=\"magic-4\">Serdecznie zapraszamy do kontaktu z nami w sprawie <span style=\"color: #c4433c;\">pr\u00f3bki<\/span> oraz<span style=\"color: #c4433c;\"> oferta fabryczna<\/span>!<\/span><\/div>\n<\/div>\n<\/div>\n<\/div>\n<\/div>\n<\/div>\n<\/div>\n<\/div>\n<div class=\"J_module\">\n<div id=\"ali-anchor-AliMagic-ghyr2e\" class=\"magic-7\" data-section=\"AliMagic-ghyr2e\" data-section-title=\"Products Description\">Opis produkt\u00f3w<\/div>\n<\/div>\n<div class=\"J_module\">\n<div class=\"detail-decorate-json-renderer-container\">\n<div class=\"magic-0\">\n<div class=\"magic-1\">\n<div class=\"magic-2\">\n<div class=\"magic-3\">Klasyczna klawiatura 60%: 61 klawiszy, kompaktowa konstrukcja\u3011 Ultra-kompaktowy uk\u0142ad z 61 klawiszami to klawiatura o idealnym rozmiarze, a od\u0142\u0105czany kabel USB-C sprawia, \u017ce jest wygodniejsza do przenoszenia.<br \/>\nMechaniczny niebieski prze\u0142\u0105cznik\u3011 W przypadku pisania i grania niebieskie prze\u0142\u0105czniki zapewniaj\u0105 dok\u0142adne, responsywne polecenia klawiszy; zapewniaj\u0105 satysfakcjonuj\u0105cy d\u017awi\u0119k \"klikni\u0119cia\" i wyczuwalny op\u00f3r przy ka\u017cdym naci\u015bni\u0119ciu klawisza.<br \/>\n\u3010T\u0119czowe pod\u015bwietlenie LED\u3011 8 monochromatycznych efekt\u00f3w pod\u015bwietlenia nadaje tej ma\u0142ej klawiaturze do gier \u017cywy i wspania\u0142y efekt wizualny.<br \/>\n\u3010Od\u0142\u0105czany kabel typu C\u3011 Z\u0142\u0105cze USB typu C zapewnia r\u00f3wnie\u017c bardziej stabiln\u0105 transmisj\u0119, a kluczowa konstrukcja kabla umo\u017cliwia wygodne przechowywanie.<br \/>\n\u3010Silna kompatybilno\u015b\u0107\u3011 Pod\u0142\u0105cz i graj, nie wymaga sterownik\u00f3w ani oprogramowania. Dzia\u0142a doskonale w systemach Windows 10\/8\/7\/XP, Mac OS i Windows<\/p>\n<div>Mo\u017cliwo\u015b\u0107 dostosowania\u3011<\/div>\n<div data-spm-anchor-id=\"a2700.details.0.i43.7036371bfhtH8Q\">- Kolor klawiszy<br \/>\n- Przewodowy\/bezprzewodowy\/2.4G\/Bluetooth Tr\u00f3jtrybowy\/wielokana\u0142owy<br \/>\n- Prze\u0142\u0105czniki mechaniczne: Gateron\/OUTEMU\/Prze\u0142\u0105cznik czerwony\/Prze\u0142\u0105cznik niebieski\/Prze\u0142\u0105cznik br\u0105zowy itp.<br \/>\n- Uk\u0142ad: USA\/Wielka Brytania\/Korea Po\u0142udniowa\/Pacyfik\/Brazylia\/Rosja itp.<br \/>\n- Materia\u0142 PCB: ABS \/ aluminium premium \/ \u017celazo elektroforetyczne premium<br \/>\n- LOGO i pakowanie<\/div>\n<\/div>\n<\/div>\n<\/div>\n<\/div>\n<\/div>\n<\/div>\n<div class=\"J_module\">\n<div data-section=\"AliMagic-sofbhx\" data-section-title=\"Details Images\"><\/div>\n<\/div>\n<div class=\"J_module\">\n<div class=\"icbu-pc-detailManyImage magic-10\">\n<div class=\"magic-11\"><img decoding=\"async\" class=\"keyboard Manufacturers\" title=\"Producenci klawiatur\" src=\"https:\/\/darshion.com\/wp-content\/uploads\/2024\/07\/H53ceb7baddcd4e5686d08a4fa546cdae7.jpg\" alt=\"keyboard Manufacturers\" \/><\/div>\n<div class=\"magic-11\"><img decoding=\"async\" class=\"keyboard Manufacturers\" title=\"Producenci klawiatur\" src=\"https:\/\/darshion.com\/wp-content\/uploads\/2024\/07\/H9c036046699b45068554224923e026de2.jpg\" alt=\"keyboard Manufacturers\" \/><\/div>\n<div class=\"magic-11\"><img decoding=\"async\" class=\"keyboard Manufacturers\" title=\"Producenci klawiatur\" src=\"https:\/\/darshion.com\/wp-content\/uploads\/2024\/07\/H023865a7d366416ea80b133484eaf462U.jpg\" alt=\"keyboard Manufacturers\" \/><\/div>\n<div class=\"magic-11\"><img decoding=\"async\" class=\"keyboard Manufacturers\" title=\"Producenci klawiatur\" src=\"https:\/\/darshion.com\/wp-content\/uploads\/2024\/07\/H13bc2501a18f4c6eb08a523793e133e8u.jpg\" alt=\"keyboard Manufacturers\" \/><\/div>\n<div class=\"magic-11\"><img decoding=\"async\" class=\"keyboard Manufacturers\" title=\"Producenci klawiatur\" src=\"https:\/\/darshion.com\/wp-content\/uploads\/2024\/07\/H77e688f018284b2d9b10a5e25f0282ecW.jpg\" alt=\"keyboard Manufacturers\" \/><\/div>\n<div class=\"magic-11\"><img decoding=\"async\" class=\"keyboard Manufacturers\" title=\"Producenci klawiatur\" src=\"https:\/\/darshion.com\/wp-content\/uploads\/2024\/07\/H61113bb0fd314bccafb15e1e180ccc66T.jpg\" alt=\"keyboard Manufacturers\" \/><\/div>\n<div class=\"magic-11\"><\/div>\n<\/div>\n<\/div>\n<div class=\"J_module\"><\/div>\n<div class=\"J_module\">\n<div class=\"icbu-pc-images magic-13\">\n<div>\n<div class=\"flex-layout-v\">\n<div class=\"flex-layout-h magic-13\">\n<div class=\"magic-20\"><\/div>\n<\/div>\n<\/div>\n<\/div>\n<\/div>\n<\/div>\n<\/div>","protected":false},"excerpt":{"rendered":"<div>\n<p>[Industry-specific attributes]<br \/>\nOperation Style:Mechanical<br \/>\nStyle:Mini, Gaming, Mechanical<br \/>\nKeyboard Standard:61 keys<\/p>\n<p>[Other attributes]<br \/>\nDrive Interface:USB Type C<br \/>\nProducts Status:New<br \/>\nApplication:Desktop<br \/>\nPlace of Origin:Guangdong, China<br \/>\nKeyboard backlit:LED<br \/>\nFull Size keyboard:No<br \/>\nFeatures:anti-ghosting, Plug and Play<br \/>\nPrivate Mold:Yes<br \/>\nWrist Support:NO<br \/>\nBrand Name:darshion<br \/>\nModel Number:CX23U<br \/>\nAxis Body Brand:Kailh<br \/>\nAnti-ghosting:Multi Keys<br \/>\nMechanical:Yes<br \/>\nProgrammable:Yes<br \/>\nSupport:Windows XP\/7\/8\/10, IOS, Android Mobile phone, PC, Tablet, Mac<br \/>\nPackage:4c colour box<br \/>\nCertification:CE,ROHS<br \/>\nLogo:OEM Service<br \/>\nProduct name:61 keys rgb backlit gaming mechanical keyboard<br \/>\nKeywords:Mechanical Keyboard Backlight<br \/>\nMaterial:ABS\/STEEL\/Aluminum<br \/>\nLayout:Customized Layout<br \/>\nUsage:Office Working Gaming<br \/>\nBacklit:RGB Backling<\/p>\n<\/div>\n","protected":false},"featured_media":3353,"comment_status":"open","ping_status":"closed","template":"","meta":{"_monsterinsights_skip_tracking":false,"_monsterinsights_sitenote_active":false,"_monsterinsights_sitenote_note":"","_monsterinsights_sitenote_category":0},"product_cat":[559,554],"product_tag":[103,560],"yoast_head":"<!-- This site is optimized with the Yoast SEO Premium plugin v22.9 (Yoast SEO v24.0) - https:\/\/yoast.com\/wordpress\/plugins\/seo\/ -->\n<title>CX23U 61 Keys Wired Gaming Mechanical Keyboard Manufacturers - darshion<\/title>\n<meta name=\"description\" content=\"Wired RGB Gaming Keyboard 60 Percent 61 Keys RGB Teclado Gamer Mechanical Keyboard Blue Switch\" \/>\n<meta name=\"robots\" content=\"index, follow, max-snippet:-1, max-image-preview:large, max-video-preview:-1\" \/>\n<link rel=\"canonical\" href=\"https:\/\/darshion.com\/pl\/produkt\/cx23u-keyboard-manufacturers\/\" \/>\n<meta property=\"og:locale\" content=\"pl_PL\" \/>\n<meta property=\"og:type\" content=\"article\" \/>\n<meta property=\"og:title\" content=\"CX23U 61 Keys Wired Gaming Mechanical Keyboard Manufacturers\" \/>\n<meta property=\"og:description\" content=\"Wired RGB Gaming Keyboard 60 Percent 61 Keys RGB Teclado Gamer Mechanical Keyboard Blue Switch\" \/>\n<meta property=\"og:url\" content=\"https:\/\/darshion.com\/pl\/produkt\/cx23u-keyboard-manufacturers\/\" \/>\n<meta property=\"og:site_name\" content=\"darshion\" \/>\n<meta property=\"article:modified_time\" content=\"2024-07-16T03:03:42+00:00\" \/>\n<meta property=\"og:image\" content=\"https:\/\/darshion.com\/wp-content\/uploads\/2024\/07\/H0aa6ab96dd0246609b90e8d7a8b29475y.jpg\" \/>\n\t<meta property=\"og:image:width\" content=\"1200\" \/>\n\t<meta property=\"og:image:height\" content=\"1200\" \/>\n\t<meta property=\"og:image:type\" content=\"image\/jpeg\" \/>\n<meta name=\"twitter:card\" content=\"summary_large_image\" \/>\n<meta name=\"twitter:label1\" content=\"Szacowany czas czytania\" \/>\n\t<meta name=\"twitter:data1\" content=\"3 minuty\" \/>\n<script type=\"application\/ld+json\" class=\"yoast-schema-graph\">{\"@context\":\"https:\/\/schema.org\",\"@graph\":[{\"@type\":\"WebPage\",\"@id\":\"https:\/\/darshion.com\/product\/cx23u-keyboard-manufacturers\/\",\"url\":\"https:\/\/darshion.com\/product\/cx23u-keyboard-manufacturers\/\",\"name\":\"CX23U 61 Keys Wired Gaming Mechanical Keyboard Manufacturers - darshion\",\"isPartOf\":{\"@id\":\"https:\/\/darshion.com\/#website\"},\"primaryImageOfPage\":{\"@id\":\"https:\/\/darshion.com\/product\/cx23u-keyboard-manufacturers\/#primaryimage\"},\"image\":{\"@id\":\"https:\/\/darshion.com\/product\/cx23u-keyboard-manufacturers\/#primaryimage\"},\"thumbnailUrl\":\"https:\/\/darshion.com\/wp-content\/uploads\/2024\/07\/H0aa6ab96dd0246609b90e8d7a8b29475y.jpg\",\"datePublished\":\"2024-07-16T02:47:58+00:00\",\"dateModified\":\"2024-07-16T03:03:42+00:00\",\"description\":\"Wired RGB Gaming Keyboard 60 Percent 61 Keys RGB Teclado Gamer Mechanical Keyboard Blue Switch\",\"breadcrumb\":{\"@id\":\"https:\/\/darshion.com\/product\/cx23u-keyboard-manufacturers\/#breadcrumb\"},\"inLanguage\":\"pl-PL\",\"potentialAction\":[{\"@type\":\"ReadAction\",\"target\":[\"https:\/\/darshion.com\/product\/cx23u-keyboard-manufacturers\/\"]}]},{\"@type\":\"ImageObject\",\"inLanguage\":\"pl-PL\",\"@id\":\"https:\/\/darshion.com\/product\/cx23u-keyboard-manufacturers\/#primaryimage\",\"url\":\"https:\/\/darshion.com\/wp-content\/uploads\/2024\/07\/H0aa6ab96dd0246609b90e8d7a8b29475y.jpg\",\"contentUrl\":\"https:\/\/darshion.com\/wp-content\/uploads\/2024\/07\/H0aa6ab96dd0246609b90e8d7a8b29475y.jpg\",\"width\":1200,\"height\":1200},{\"@type\":\"BreadcrumbList\",\"@id\":\"https:\/\/darshion.com\/product\/cx23u-keyboard-manufacturers\/#breadcrumb\",\"itemListElement\":[{\"@type\":\"ListItem\",\"position\":1,\"name\":\"\u9996\u9875\",\"item\":\"https:\/\/darshion.com\/\"},{\"@type\":\"ListItem\",\"position\":2,\"name\":\"PRODUCT\",\"item\":\"https:\/\/darshion.com\/pt\/product\/\"},{\"@type\":\"ListItem\",\"position\":3,\"name\":\"CX23U 61 Keys Wired Gaming Mechanical Keyboard Manufacturers\"}]},{\"@type\":\"WebSite\",\"@id\":\"https:\/\/darshion.com\/#website\",\"url\":\"https:\/\/darshion.com\/\",\"name\":\"darshion\",\"description\":\"14 Years of Experience, Quality Assurance, Innovative Design\",\"publisher\":{\"@id\":\"https:\/\/darshion.com\/#organization\"},\"potentialAction\":[{\"@type\":\"SearchAction\",\"target\":{\"@type\":\"EntryPoint\",\"urlTemplate\":\"https:\/\/darshion.com\/?s={search_term_string}\"},\"query-input\":{\"@type\":\"PropertyValueSpecification\",\"valueRequired\":true,\"valueName\":\"search_term_string\"}}],\"inLanguage\":\"pl-PL\"},{\"@type\":\"Organization\",\"@id\":\"https:\/\/darshion.com\/#organization\",\"name\":\"darshion\",\"url\":\"https:\/\/darshion.com\/\",\"logo\":{\"@type\":\"ImageObject\",\"inLanguage\":\"pl-PL\",\"@id\":\"https:\/\/darshion.com\/#\/schema\/logo\/image\/\",\"url\":\"https:\/\/darshion.com\/wp-content\/uploads\/2023\/09\/01-1.png\",\"contentUrl\":\"https:\/\/darshion.com\/wp-content\/uploads\/2023\/09\/01-1.png\",\"width\":350,\"height\":100,\"caption\":\"darshion\"},\"image\":{\"@id\":\"https:\/\/darshion.com\/#\/schema\/logo\/image\/\"}}]}<\/script>\n<!-- \/ Yoast SEO Premium plugin. -->","yoast_head_json":{"title":"Przewodowa klawiatura mechaniczna do gier CX23U 61 klawiszy - darshion","description":"Przewodowa klawiatura do gier RGB 60 procent 61 klawiszy Klawiatura mechaniczna RGB Teclado Gamer Niebieski prze\u0142\u0105cznik","robots":{"index":"index","follow":"follow","max-snippet":"max-snippet:-1","max-image-preview":"max-image-preview:large","max-video-preview":"max-video-preview:-1"},"canonical":"https:\/\/darshion.com\/pl\/produkt\/cx23u-keyboard-manufacturers\/","og_locale":"pl_PL","og_type":"article","og_title":"CX23U 61 Keys Wired Gaming Mechanical Keyboard Manufacturers","og_description":"Wired RGB Gaming Keyboard 60 Percent 61 Keys RGB Teclado Gamer Mechanical Keyboard Blue Switch","og_url":"https:\/\/darshion.com\/pl\/produkt\/cx23u-keyboard-manufacturers\/","og_site_name":"darshion","article_modified_time":"2024-07-16T03:03:42+00:00","og_image":[{"width":1200,"height":1200,"url":"https:\/\/darshion.com\/wp-content\/uploads\/2024\/07\/H0aa6ab96dd0246609b90e8d7a8b29475y.jpg","type":"image\/jpeg"}],"twitter_card":"summary_large_image","twitter_misc":{"Szacowany czas czytania":"3 minuty"},"schema":{"@context":"https:\/\/schema.org","@graph":[{"@type":"WebPage","@id":"https:\/\/darshion.com\/product\/cx23u-keyboard-manufacturers\/","url":"https:\/\/darshion.com\/product\/cx23u-keyboard-manufacturers\/","name":"Przewodowa klawiatura mechaniczna do gier CX23U 61 klawiszy - darshion","isPartOf":{"@id":"https:\/\/darshion.com\/#website"},"primaryImageOfPage":{"@id":"https:\/\/darshion.com\/product\/cx23u-keyboard-manufacturers\/#primaryimage"},"image":{"@id":"https:\/\/darshion.com\/product\/cx23u-keyboard-manufacturers\/#primaryimage"},"thumbnailUrl":"https:\/\/darshion.com\/wp-content\/uploads\/2024\/07\/H0aa6ab96dd0246609b90e8d7a8b29475y.jpg","datePublished":"2024-07-16T02:47:58+00:00","dateModified":"2024-07-16T03:03:42+00:00","description":"Przewodowa klawiatura do gier RGB 60 procent 61 klawiszy Klawiatura mechaniczna RGB Teclado Gamer Niebieski prze\u0142\u0105cznik","breadcrumb":{"@id":"https:\/\/darshion.com\/product\/cx23u-keyboard-manufacturers\/#breadcrumb"},"inLanguage":"pl-PL","potentialAction":[{"@type":"ReadAction","target":["https:\/\/darshion.com\/product\/cx23u-keyboard-manufacturers\/"]}]},{"@type":"ImageObject","inLanguage":"pl-PL","@id":"https:\/\/darshion.com\/product\/cx23u-keyboard-manufacturers\/#primaryimage","url":"https:\/\/darshion.com\/wp-content\/uploads\/2024\/07\/H0aa6ab96dd0246609b90e8d7a8b29475y.jpg","contentUrl":"https:\/\/darshion.com\/wp-content\/uploads\/2024\/07\/H0aa6ab96dd0246609b90e8d7a8b29475y.jpg","width":1200,"height":1200},{"@type":"BreadcrumbList","@id":"https:\/\/darshion.com\/product\/cx23u-keyboard-manufacturers\/#breadcrumb","itemListElement":[{"@type":"ListItem","position":1,"name":"\u9996\u9875","item":"https:\/\/darshion.com\/"},{"@type":"ListItem","position":2,"name":"PRODUCT","item":"https:\/\/darshion.com\/pt\/product\/"},{"@type":"ListItem","position":3,"name":"CX23U 61 Keys Wired Gaming Mechanical Keyboard Manufacturers"}]},{"@type":"WebSite","@id":"https:\/\/darshion.com\/#website","url":"https:\/\/darshion.com\/","name":"darshion","description":"14 lat do\u015bwiadczenia, zapewnienie jako\u015bci, innowacyjny design","publisher":{"@id":"https:\/\/darshion.com\/#organization"},"potentialAction":[{"@type":"SearchAction","target":{"@type":"EntryPoint","urlTemplate":"https:\/\/darshion.com\/?s={search_term_string}"},"query-input":{"@type":"PropertyValueSpecification","valueRequired":true,"valueName":"search_term_string"}}],"inLanguage":"pl-PL"},{"@type":"Organization","@id":"https:\/\/darshion.com\/#organization","name":"darshion","url":"https:\/\/darshion.com\/","logo":{"@type":"ImageObject","inLanguage":"pl-PL","@id":"https:\/\/darshion.com\/#\/schema\/logo\/image\/","url":"https:\/\/darshion.com\/wp-content\/uploads\/2023\/09\/01-1.png","contentUrl":"https:\/\/darshion.com\/wp-content\/uploads\/2023\/09\/01-1.png","width":350,"height":100,"caption":"darshion"},"image":{"@id":"https:\/\/darshion.com\/#\/schema\/logo\/image\/"}}]}},"_links":{"self":[{"href":"https:\/\/darshion.com\/pl\/wp-json\/wp\/v2\/product\/3363"}],"collection":[{"href":"https:\/\/darshion.com\/pl\/wp-json\/wp\/v2\/product"}],"about":[{"href":"https:\/\/darshion.com\/pl\/wp-json\/wp\/v2\/types\/product"}],"replies":[{"embeddable":true,"href":"https:\/\/darshion.com\/pl\/wp-json\/wp\/v2\/comments?post=3363"}],"wp:featuredmedia":[{"embeddable":true,"href":"https:\/\/darshion.com\/pl\/wp-json\/wp\/v2\/media\/3353"}],"wp:attachment":[{"href":"https:\/\/darshion.com\/pl\/wp-json\/wp\/v2\/media?parent=3363"}],"wp:term":[{"taxonomy":"product_cat","embeddable":true,"href":"https:\/\/darshion.com\/pl\/wp-json\/wp\/v2\/product_cat?post=3363"},{"taxonomy":"product_tag","embeddable":true,"href":"https:\/\/darshion.com\/pl\/wp-json\/wp\/v2\/product_tag?post=3363"}],"curies":[{"name":"wp","href":"https:\/\/api.w.org\/{rel}","templated":true}]}}