{"id":3383,"date":"2024-07-16T10:54:40","date_gmt":"2024-07-16T02:54:40","guid":{"rendered":"https:\/\/darshion.com\/product\/cx20u-custom-104-keys-gaming-wired-mechanical-keyboard-manufacturers\/"},"modified":"2024-07-16T11:21:12","modified_gmt":"2024-07-16T03:21:12","slug":"cx20u-keyboard-manufacturers","status":"publish","type":"product","link":"https:\/\/darshion.com\/pl\/produkt\/cx20u-keyboard-manufacturers\/","title":{"rendered":"CX20U Niestandardowe 104 klawisze Producenci przewodowych klawiatur mechanicznych do gier"},"content":{"rendered":"<div id=\"detail_decorate_root\" data-magic-global=\"%7B%22bizId%22%3A2329368643%2C%22pageId%22%3A21308579315%2C%22siteId%22%3A10003129106%7D\">\n<div class=\"J_module\">\n<div class=\"detail-decorate-json-renderer-container\">\n<div class=\"magic-0\">\n<div class=\"magic-1\">\n<div class=\"magic-2\">\n<div class=\"magic-3\">Gor\u0105ca sprzeda\u017c Klawiatura mechaniczna 104 klawisze Czerwony prze\u0142\u0105cznik Ergonomiczna klawiatura do gier z pod\u015bwietleniem RGB do komputera PC<\/div>\n<\/div>\n<\/div>\n<\/div>\n<\/div>\n<\/div>\n<div class=\"J_module\">\n<div id=\"ali-anchor-AliMagic-csq2pw\" class=\"magic-4\" data-section=\"AliMagic-csq2pw\" data-section-title=\"Products Description\">Opis produkt\u00f3w<\/div>\n<\/div>\n<div class=\"J_module\">\n<div class=\"detail-decorate-json-renderer-container\">\n<div class=\"magic-0\">\n<div class=\"magic-1\">\n<div class=\"magic-2\">\n<div class=\"magic-3\"><strong class=\"magic-6\">Pe\u0142nowymiarowa 104 klawiszowa klawiatura mechaniczna z czerwonym prze\u0142\u0105cznikiem\u3011<br \/>\n<\/strong>Do TYPINGU i GAMINGU, czerwone prze\u0142\u0105czniki, kt\u00f3re s\u0105 liniowe, od g\u00f3ry do do\u0142u. Prze\u0142\u0105czniki te wymagaj\u0105 mniejszej si\u0142y do naci\u015bni\u0119cia, a klawisze s\u0105 p\u0142ynniejsze i \u0142atwiejsze w u\u017cyciu. Bez wyczuwalnego \"uderzenia\", ale responsywne. Doskona\u0142y wyb\u00f3r do pracy i zabawy!<br \/>\n<strong class=\"magic-6\">\u3010T\u0119czowe pod\u015bwietlenie LED\u3011<br \/>\n<\/strong>8 monochromatycznych efekt\u00f3w pod\u015bwietlenia nadaje tej ma\u0142ej klawiaturze do gier \u017cywy i wspania\u0142y efekt wizualny.<br \/>\n<strong class=\"magic-6\">\u3010Od\u0142\u0105czany kabel typu C\u3011<br \/>\n<\/strong>Po\u0142\u0105czenie USB typu C zapewnia r\u00f3wnie\u017c bardziej stabiln\u0105 transmisj\u0119, kluczow\u0105 konstrukcj\u0119 oddzielania kabli, wygodn\u0105 do przechowywania.<\/p>\n<div><strong>\u3010Niezwyk\u0142a wytrzyma\u0142o\u015b\u0107\u3011<\/strong><\/div>\n<div>50 milion\u00f3w razy testowane naci\u015bni\u0119cie klawisza, ma\u0142a si\u0142a aktywacji i kr\u00f3tki skok. Solidna podstawa z podw\u00f3jnie wtryskiwanymi nasadkami klawiszy ABS, jest zbudowana tak, aby wytrzyma\u0107 ca\u0142e \u017cycie w grach.<br \/>\n<strong>\u3010Silna kompatybilno\u015b\u0107\u3011<\/strong><\/p>\n<div>Plug and play, nie wymaga sterownik\u00f3w ani oprogramowania. Doskonale wsp\u00f3\u0142pracuje z systemami Windows 10\/8\/7\/XP, Mac OS i Windows<br \/>\nMo\u017cliwo\u015b\u0107 dostosowania\u3011<br \/>\n- Kolory klawiszy<br \/>\n- Przewodowy\/bezprzewodowy\/2.4G\/Bluetooth Tr\u00f3jtrybowy\/wielokana\u0142owy<br \/>\n- Do 20 wst\u0119pnie ustawionych rzeczywistych efekt\u00f3w pod\u015bwietlenia RGB<br \/>\n- Materia\u0142 klawiszy: ABS\/PBT\/Aluminium<br \/>\n- Prze\u0142\u0105czniki mechaniczne: prze\u0142\u0105cznik czerwony\/niebieski\/br\u0105zowy itp.<br \/>\n- Uk\u0142ad: USA\/Wielka Brytania\/Korea Po\u0142udniowa\/Pacyfik\/Brazylia\/Rosja itp.<br \/>\n- Materia\u0142 PCB: ABS \/ aluminium premium \/ \u017celazo elektroforetyczne premium<br \/>\n- LOGO i pakowanie<\/div>\n<\/div>\n<\/div>\n<\/div>\n<\/div>\n<\/div>\n<\/div>\n<\/div>\n<div class=\"J_module\">\n<div id=\"ali-anchor-AliMagic-ua5u15\" class=\"magic-4\" data-section=\"AliMagic-ua5u15\" data-section-title=\"Details Images\">Szczeg\u00f3\u0142y Obrazy<\/div>\n<\/div>\n<div class=\"J_module\">\n<div class=\"icbu-pc-detailManyImage magic-7\">\n<div class=\"magic-8\"><img decoding=\"async\" class=\"keyboard Manufacturers\" title=\"Producenci klawiatur\" src=\"https:\/\/darshion.com\/wp-content\/uploads\/2024\/07\/H5f33963b39bc459c80fde92c3f28e831W.jpg\" alt=\"keyboard Manufacturers\" \/><\/div>\n<div class=\"magic-8\"><img decoding=\"async\" class=\"keyboard Manufacturers\" title=\"Producenci klawiatur\" src=\"https:\/\/darshion.com\/wp-content\/uploads\/2024\/07\/H4b34c17d44dc42b78b10b1142f868217B.jpg\" alt=\"keyboard Manufacturers\" \/><\/div>\n<div class=\"magic-8\"><img decoding=\"async\" class=\"keyboard Manufacturers\" title=\"Producenci klawiatur\" src=\"https:\/\/darshion.com\/wp-content\/uploads\/2024\/07\/H4465a10126fb4f7da641d94bff217b09b.jpg\" alt=\"keyboard Manufacturers\" \/><\/div>\n<div class=\"magic-8\"><img decoding=\"async\" class=\"keyboard Manufacturers\" title=\"Producenci klawiatur\" src=\"https:\/\/darshion.com\/wp-content\/uploads\/2024\/07\/Ha4192b97f2ac4c8da2a9120cd01244f51.jpg\" alt=\"keyboard Manufacturers\" \/><\/div>\n<div class=\"magic-8\"><img decoding=\"async\" class=\"keyboard Manufacturers\" title=\"Producenci klawiatur\" src=\"https:\/\/darshion.com\/wp-content\/uploads\/2024\/07\/Hac74115f700440eba6e7c47fb946310bh.jpg\" alt=\"keyboard Manufacturers\" \/><\/div>\n<div class=\"magic-8\"><img decoding=\"async\" class=\"keyboard Manufacturers\" title=\"Producenci klawiatur\" src=\"https:\/\/darshion.com\/wp-content\/uploads\/2024\/07\/H715e2c1c353644788d7ab3f62a11b6872.jpg\" alt=\"keyboard Manufacturers\" \/><\/div>\n<div class=\"magic-8\"><img decoding=\"async\" class=\"keyboard Manufacturers\" title=\"Producenci klawiatur\" src=\"https:\/\/darshion.com\/wp-content\/uploads\/2024\/07\/He400fbc44fd34539badb05205622e8ebV.jpg\" alt=\"keyboard Manufacturers\" \/><\/div>\n<div class=\"magic-8\"><img decoding=\"async\" class=\"keyboard Manufacturers\" title=\"Producenci klawiatur\" src=\"https:\/\/darshion.com\/wp-content\/uploads\/2024\/07\/H2919cea6c7b14a1b8f74cef294545c97u.jpg\" alt=\"keyboard Manufacturers\" \/><\/div>\n<\/div>\n<\/div>\n<div class=\"J_module\">\n<div id=\"ali-anchor-AliMagic-xkyg98\" class=\"magic-4\" data-section=\"AliMagic-xkyg98\" data-section-title=\"Related Products\"><\/div>\n<\/div>\n<div class=\"J_module\">\n<div class=\"icbu-pc-images magic-11\">\n<div>\n<div class=\"flex-layout-v\">\n<div class=\"flex-layout-h magic-11\"><\/div>\n<\/div>\n<\/div>\n<\/div>\n<\/div>\n<\/div>","protected":false},"excerpt":{"rendered":"<div>\n<p>[Industry-specific attributes]<br \/>\nInterface Type:usb<br \/>\nKeyboard Standard:104 Keys<br \/>\nAnti-ghosting:Multi Keys<br \/>\nKeyboard backlit:RGB<br \/>\nMechanical:Yes<br \/>\nProgrammable:NO<\/p>\n<p>[Other attributes]<br \/>\nBrand Name:darshion<br \/>\nType:Wired<br \/>\nFull Size keyboard:Yes<br \/>\nWrist Support:NO<br \/>\nDrive Interface:USB Type C<br \/>\nPrivate Mold:Yes<br \/>\nProduct name:104 keys mechanical keyboard<br \/>\nMaterial:ABS Plastic<br \/>\nCertification:CE FCC ROHS<br \/>\nLayout:Customized Layout<br \/>\nWarranty:12 Months<br \/>\nPackage:Customized Box<br \/>\nLogo:Accept Customized Logo<br \/>\nKeywords:Gaming Keyboard OEM<br \/>\nModel:Machanical Keyboard<br \/>\nStyle:Gaming Keyboard Mechanical<\/p>\n<\/div>\n","protected":false},"featured_media":3377,"comment_status":"open","ping_status":"closed","template":"","meta":{"_monsterinsights_skip_tracking":false,"_monsterinsights_sitenote_active":false,"_monsterinsights_sitenote_note":"","_monsterinsights_sitenote_category":0},"product_cat":[559,554],"product_tag":[560,561],"yoast_head":"<!-- This site is optimized with the Yoast SEO Premium plugin v22.9 (Yoast SEO v24.0) - https:\/\/yoast.com\/wordpress\/plugins\/seo\/ -->\n<title>CX20U Custom 104 Keys Gaming Wired Mechanical Keyboard Manufacturers - darshion<\/title>\n<meta name=\"robots\" content=\"index, follow, max-snippet:-1, max-image-preview:large, max-video-preview:-1\" \/>\n<link rel=\"canonical\" href=\"https:\/\/darshion.com\/pl\/produkt\/cx20u-keyboard-manufacturers\/\" \/>\n<meta property=\"og:locale\" content=\"pl_PL\" \/>\n<meta property=\"og:type\" content=\"article\" \/>\n<meta property=\"og:title\" content=\"CX20U Custom 104 Keys Gaming Wired Mechanical Keyboard Manufacturers\" \/>\n<meta property=\"og:description\" content=\"[Industry-specific attributes] Interface Type:usb Keyboard Standard:104 Keys Anti-ghosting:Multi Keys Keyboard backlit:RGB Mechanical:Yes Programmable:NO  [Other attributes] Brand Name:darshion Type:Wired Full Size keyboard:Yes Wrist Support:NO Drive Interface:USB Type C Private Mold:Yes Product name:104 keys mechanical keyboard Material:ABS Plastic Certification:CE FCC ROHS Layout:Customized Layout Warranty:12 Months Package:Customized Box Logo:Accept Customized Logo Keywords:Gaming Keyboard OEM Model:Machanical Keyboard Style:Gaming Keyboard Mechanical\" \/>\n<meta property=\"og:url\" content=\"https:\/\/darshion.com\/pl\/produkt\/cx20u-keyboard-manufacturers\/\" \/>\n<meta property=\"og:site_name\" content=\"darshion\" \/>\n<meta property=\"article:modified_time\" content=\"2024-07-16T03:21:12+00:00\" \/>\n<meta property=\"og:image\" content=\"https:\/\/darshion.com\/wp-content\/uploads\/2024\/07\/Hf0b55fe747804b9e88474e86b4f1bc44L.jpg\" \/>\n\t<meta property=\"og:image:width\" content=\"1400\" \/>\n\t<meta property=\"og:image:height\" content=\"1400\" \/>\n\t<meta property=\"og:image:type\" content=\"image\/jpeg\" \/>\n<meta name=\"twitter:card\" content=\"summary_large_image\" \/>\n<meta name=\"twitter:label1\" content=\"Szacowany czas czytania\" \/>\n\t<meta name=\"twitter:data1\" content=\"3 minuty\" \/>\n<script type=\"application\/ld+json\" class=\"yoast-schema-graph\">{\"@context\":\"https:\/\/schema.org\",\"@graph\":[{\"@type\":\"WebPage\",\"@id\":\"https:\/\/darshion.com\/product\/cx20u-keyboard-manufacturers\/\",\"url\":\"https:\/\/darshion.com\/product\/cx20u-keyboard-manufacturers\/\",\"name\":\"CX20U Custom 104 Keys Gaming Wired Mechanical Keyboard Manufacturers - darshion\",\"isPartOf\":{\"@id\":\"https:\/\/darshion.com\/#website\"},\"primaryImageOfPage\":{\"@id\":\"https:\/\/darshion.com\/product\/cx20u-keyboard-manufacturers\/#primaryimage\"},\"image\":{\"@id\":\"https:\/\/darshion.com\/product\/cx20u-keyboard-manufacturers\/#primaryimage\"},\"thumbnailUrl\":\"https:\/\/darshion.com\/wp-content\/uploads\/2024\/07\/Hf0b55fe747804b9e88474e86b4f1bc44L.jpg\",\"datePublished\":\"2024-07-16T02:54:40+00:00\",\"dateModified\":\"2024-07-16T03:21:12+00:00\",\"breadcrumb\":{\"@id\":\"https:\/\/darshion.com\/product\/cx20u-keyboard-manufacturers\/#breadcrumb\"},\"inLanguage\":\"pl-PL\",\"potentialAction\":[{\"@type\":\"ReadAction\",\"target\":[\"https:\/\/darshion.com\/product\/cx20u-keyboard-manufacturers\/\"]}]},{\"@type\":\"ImageObject\",\"inLanguage\":\"pl-PL\",\"@id\":\"https:\/\/darshion.com\/product\/cx20u-keyboard-manufacturers\/#primaryimage\",\"url\":\"https:\/\/darshion.com\/wp-content\/uploads\/2024\/07\/Hf0b55fe747804b9e88474e86b4f1bc44L.jpg\",\"contentUrl\":\"https:\/\/darshion.com\/wp-content\/uploads\/2024\/07\/Hf0b55fe747804b9e88474e86b4f1bc44L.jpg\",\"width\":1400,\"height\":1400},{\"@type\":\"BreadcrumbList\",\"@id\":\"https:\/\/darshion.com\/product\/cx20u-keyboard-manufacturers\/#breadcrumb\",\"itemListElement\":[{\"@type\":\"ListItem\",\"position\":1,\"name\":\"\u9996\u9875\",\"item\":\"https:\/\/darshion.com\/\"},{\"@type\":\"ListItem\",\"position\":2,\"name\":\"PRODUCT\",\"item\":\"https:\/\/darshion.com\/pt\/product\/\"},{\"@type\":\"ListItem\",\"position\":3,\"name\":\"CX20U Custom 104 Keys Gaming Wired Mechanical Keyboard Manufacturers\"}]},{\"@type\":\"WebSite\",\"@id\":\"https:\/\/darshion.com\/#website\",\"url\":\"https:\/\/darshion.com\/\",\"name\":\"darshion\",\"description\":\"14 Years of Experience, Quality Assurance, Innovative Design\",\"publisher\":{\"@id\":\"https:\/\/darshion.com\/#organization\"},\"potentialAction\":[{\"@type\":\"SearchAction\",\"target\":{\"@type\":\"EntryPoint\",\"urlTemplate\":\"https:\/\/darshion.com\/?s={search_term_string}\"},\"query-input\":{\"@type\":\"PropertyValueSpecification\",\"valueRequired\":true,\"valueName\":\"search_term_string\"}}],\"inLanguage\":\"pl-PL\"},{\"@type\":\"Organization\",\"@id\":\"https:\/\/darshion.com\/#organization\",\"name\":\"darshion\",\"url\":\"https:\/\/darshion.com\/\",\"logo\":{\"@type\":\"ImageObject\",\"inLanguage\":\"pl-PL\",\"@id\":\"https:\/\/darshion.com\/#\/schema\/logo\/image\/\",\"url\":\"https:\/\/darshion.com\/wp-content\/uploads\/2023\/09\/01-1.png\",\"contentUrl\":\"https:\/\/darshion.com\/wp-content\/uploads\/2023\/09\/01-1.png\",\"width\":350,\"height\":100,\"caption\":\"darshion\"},\"image\":{\"@id\":\"https:\/\/darshion.com\/#\/schema\/logo\/image\/\"}}]}<\/script>\n<!-- \/ Yoast SEO Premium plugin. -->","yoast_head_json":{"title":"CX20U Niestandardowe 104 klawisze Producenci przewodowych klawiatur mechanicznych do gier - darshion","robots":{"index":"index","follow":"follow","max-snippet":"max-snippet:-1","max-image-preview":"max-image-preview:large","max-video-preview":"max-video-preview:-1"},"canonical":"https:\/\/darshion.com\/pl\/produkt\/cx20u-keyboard-manufacturers\/","og_locale":"pl_PL","og_type":"article","og_title":"CX20U Custom 104 Keys Gaming Wired Mechanical Keyboard Manufacturers","og_description":"[Industry-specific attributes] Interface Type:usb Keyboard Standard:104 Keys Anti-ghosting:Multi Keys Keyboard backlit:RGB Mechanical:Yes Programmable:NO  [Other attributes] Brand Name:darshion Type:Wired Full Size keyboard:Yes Wrist Support:NO Drive Interface:USB Type C Private Mold:Yes Product name:104 keys mechanical keyboard Material:ABS Plastic Certification:CE FCC ROHS Layout:Customized Layout Warranty:12 Months Package:Customized Box Logo:Accept Customized Logo Keywords:Gaming Keyboard OEM Model:Machanical Keyboard Style:Gaming Keyboard Mechanical","og_url":"https:\/\/darshion.com\/pl\/produkt\/cx20u-keyboard-manufacturers\/","og_site_name":"darshion","article_modified_time":"2024-07-16T03:21:12+00:00","og_image":[{"width":1400,"height":1400,"url":"https:\/\/darshion.com\/wp-content\/uploads\/2024\/07\/Hf0b55fe747804b9e88474e86b4f1bc44L.jpg","type":"image\/jpeg"}],"twitter_card":"summary_large_image","twitter_misc":{"Szacowany czas czytania":"3 minuty"},"schema":{"@context":"https:\/\/schema.org","@graph":[{"@type":"WebPage","@id":"https:\/\/darshion.com\/product\/cx20u-keyboard-manufacturers\/","url":"https:\/\/darshion.com\/product\/cx20u-keyboard-manufacturers\/","name":"CX20U Niestandardowe 104 klawisze Producenci przewodowych klawiatur mechanicznych do gier - darshion","isPartOf":{"@id":"https:\/\/darshion.com\/#website"},"primaryImageOfPage":{"@id":"https:\/\/darshion.com\/product\/cx20u-keyboard-manufacturers\/#primaryimage"},"image":{"@id":"https:\/\/darshion.com\/product\/cx20u-keyboard-manufacturers\/#primaryimage"},"thumbnailUrl":"https:\/\/darshion.com\/wp-content\/uploads\/2024\/07\/Hf0b55fe747804b9e88474e86b4f1bc44L.jpg","datePublished":"2024-07-16T02:54:40+00:00","dateModified":"2024-07-16T03:21:12+00:00","breadcrumb":{"@id":"https:\/\/darshion.com\/product\/cx20u-keyboard-manufacturers\/#breadcrumb"},"inLanguage":"pl-PL","potentialAction":[{"@type":"ReadAction","target":["https:\/\/darshion.com\/product\/cx20u-keyboard-manufacturers\/"]}]},{"@type":"ImageObject","inLanguage":"pl-PL","@id":"https:\/\/darshion.com\/product\/cx20u-keyboard-manufacturers\/#primaryimage","url":"https:\/\/darshion.com\/wp-content\/uploads\/2024\/07\/Hf0b55fe747804b9e88474e86b4f1bc44L.jpg","contentUrl":"https:\/\/darshion.com\/wp-content\/uploads\/2024\/07\/Hf0b55fe747804b9e88474e86b4f1bc44L.jpg","width":1400,"height":1400},{"@type":"BreadcrumbList","@id":"https:\/\/darshion.com\/product\/cx20u-keyboard-manufacturers\/#breadcrumb","itemListElement":[{"@type":"ListItem","position":1,"name":"\u9996\u9875","item":"https:\/\/darshion.com\/"},{"@type":"ListItem","position":2,"name":"PRODUCT","item":"https:\/\/darshion.com\/pt\/product\/"},{"@type":"ListItem","position":3,"name":"CX20U Custom 104 Keys Gaming Wired Mechanical Keyboard Manufacturers"}]},{"@type":"WebSite","@id":"https:\/\/darshion.com\/#website","url":"https:\/\/darshion.com\/","name":"darshion","description":"14 lat do\u015bwiadczenia, zapewnienie jako\u015bci, innowacyjny design","publisher":{"@id":"https:\/\/darshion.com\/#organization"},"potentialAction":[{"@type":"SearchAction","target":{"@type":"EntryPoint","urlTemplate":"https:\/\/darshion.com\/?s={search_term_string}"},"query-input":{"@type":"PropertyValueSpecification","valueRequired":true,"valueName":"search_term_string"}}],"inLanguage":"pl-PL"},{"@type":"Organization","@id":"https:\/\/darshion.com\/#organization","name":"darshion","url":"https:\/\/darshion.com\/","logo":{"@type":"ImageObject","inLanguage":"pl-PL","@id":"https:\/\/darshion.com\/#\/schema\/logo\/image\/","url":"https:\/\/darshion.com\/wp-content\/uploads\/2023\/09\/01-1.png","contentUrl":"https:\/\/darshion.com\/wp-content\/uploads\/2023\/09\/01-1.png","width":350,"height":100,"caption":"darshion"},"image":{"@id":"https:\/\/darshion.com\/#\/schema\/logo\/image\/"}}]}},"_links":{"self":[{"href":"https:\/\/darshion.com\/pl\/wp-json\/wp\/v2\/product\/3383"}],"collection":[{"href":"https:\/\/darshion.com\/pl\/wp-json\/wp\/v2\/product"}],"about":[{"href":"https:\/\/darshion.com\/pl\/wp-json\/wp\/v2\/types\/product"}],"replies":[{"embeddable":true,"href":"https:\/\/darshion.com\/pl\/wp-json\/wp\/v2\/comments?post=3383"}],"wp:featuredmedia":[{"embeddable":true,"href":"https:\/\/darshion.com\/pl\/wp-json\/wp\/v2\/media\/3377"}],"wp:attachment":[{"href":"https:\/\/darshion.com\/pl\/wp-json\/wp\/v2\/media?parent=3383"}],"wp:term":[{"taxonomy":"product_cat","embeddable":true,"href":"https:\/\/darshion.com\/pl\/wp-json\/wp\/v2\/product_cat?post=3383"},{"taxonomy":"product_tag","embeddable":true,"href":"https:\/\/darshion.com\/pl\/wp-json\/wp\/v2\/product_tag?post=3383"}],"curies":[{"name":"wp","href":"https:\/\/api.w.org\/{rel}","templated":true}]}}