{"id":3495,"date":"2024-07-17T11:22:38","date_gmt":"2024-07-17T03:22:38","guid":{"rendered":"https:\/\/darshion.com\/product\/g30ld-bluetooth-gaming-mice-rgb-backlit-wireless-mouse-suppliers\/"},"modified":"2024-07-17T16:31:18","modified_gmt":"2024-07-17T08:31:18","slug":"g30ld-wireless-mouse","status":"publish","type":"product","link":"https:\/\/darshion.com\/pl\/produkt\/g30ld-wireless-mouse\/","title":{"rendered":"Mysz bezprzewodowa G30LD Bluetooth do gier RGB Dostawcy"},"content":{"rendered":"<div id=\"detail_decorate_root\" data-magic-global=\"%7B%22bizId%22%3A2329368643%2C%22pageId%22%3A21317430635%2C%22siteId%22%3A10003129106%7D\">\n<div class=\"J_module\">\n<div class=\"detail-decorate-json-renderer-container\">\n<div class=\"magic-0\">\n<div class=\"magic-1\">\n<div class=\"magic-2\">\n<div class=\"magic-3\">Specyfikacja<\/div>\n<\/div>\n<\/div>\n<\/div>\n<\/div>\n<\/div>\n<div class=\"J_module\">\n<div class=\"ife-detail-decorate-table\">\n<table class=\"spec-table\">\n<tbody>\n<tr>\n<td>Numer modelu\uff1a<\/td>\n<td>G30LD<\/td>\n<\/tr>\n<tr>\n<td>Typ myszy:<\/td>\n<td>Bezprzewodowa mysz bluetooth 2.4G<\/td>\n<\/tr>\n<tr>\n<td>Wymiary\uff1a<\/td>\n<td>124,23 * 82,37 * 49,12 mm<\/td>\n<\/tr>\n<tr>\n<td>Waga:<\/td>\n<td>114.4 g<\/td>\n<\/tr>\n<tr>\n<td>DPI:<\/td>\n<td>1000, 1600, 2400<\/td>\n<\/tr>\n<tr>\n<td>Odleg\u0142o\u015b\u0107 odbioru bezprzewodowego:<\/td>\n<td>10m<\/td>\n<\/tr>\n<tr>\n<td>Przyciski:<\/td>\n<td>7 przycisk\u00f3w (klikni\u0119cie lewym\/prawym przyciskiem myszy, wstecz\/prz\u00f3d, prze\u0142\u0105cznik aplikacji, zmiana trybu za pomoc\u0105 k\u00f3\u0142ka, klikni\u0119cie \u015brodkowym przyciskiem myszy)<\/td>\n<\/tr>\n<tr>\n<td>Typ interfejsu:<\/td>\n<td>USD (dost\u0119pny port \u0142adowania USB-C)<\/td>\n<\/tr>\n<tr>\n<td>Technologia bezprzewodowa:<\/td>\n<td>Zaawansowana technologia bezprzewodowa 2,4 GHz (podw\u00f3jny tryb 2,4 G + BT4.0 + BT4.0)<\/td>\n<\/tr>\n<tr>\n<td>\u017bywotno\u015b\u0107 przycisku:<\/td>\n<td>3 miliony razy<\/td>\n<\/tr>\n<tr>\n<td>Pod\u015bwietlenie:<\/td>\n<td>7-RGB<\/td>\n<\/tr>\n<tr>\n<td>Systemy wsparcia:<\/td>\n<td>Windows XP\/7\/8\/10, IOS, Android, telefon kom\u00f3rkowy, PC, tablet, Mac<\/td>\n<\/tr>\n<tr>\n<td>Gwarancja:<\/td>\n<td>12 miesi\u0119cy<\/td>\n<\/tr>\n<tr>\n<td>Certyfikaty:<\/td>\n<td>CE, ROHS, BQB<\/td>\n<\/tr>\n<tr>\n<td>Logo:<\/td>\n<td>Us\u0142uga OEM<\/td>\n<\/tr>\n<tr>\n<td>Box:<\/td>\n<td>Us\u0142uga OEM<\/td>\n<\/tr>\n<tr>\n<td colspan=\"2\"><strong>Warunki p\u0142atno\u015bci za produkt<\/strong><\/td>\n<\/tr>\n<tr>\n<td colspan=\"2\">1. Przyj\u0119te ma\u0142e zam\u00f3wienie<\/td>\n<\/tr>\n<tr>\n<td colspan=\"2\">2. Gotowy do wysy\u0142ki drog\u0105 morsk\u0105, EMS, DHL, FedEX, jak tylko otrzymamy p\u0142atno\u015b\u0107.<\/td>\n<\/tr>\n<tr>\n<td colspan=\"2\">3. Akceptujemy T\/T. Western Union, L\/C, visa, mastercard, T\/T, PAYPAL, APPLE_PAY, GOOGLE_PAY<\/td>\n<\/tr>\n<tr>\n<td colspan=\"2\">4. Nale\u017cno\u015bci celne przywozowe, podatki i op\u0142aty nie s\u0105 wliczone w cen\u0119 przedmiotu ani koszty wysy\u0142ki. Op\u0142aty te s\u0105 obowi\u0105zkiem kupuj\u0105cego.<\/td>\n<\/tr>\n<\/tbody>\n<\/table>\n<\/div>\n<\/div>\n<div class=\"J_module\">\n<div id=\"ali-anchor-AliMagic-upjhr5\" class=\"magic-7\" data-section=\"AliMagic-upjhr5\" data-section-title=\"Details Images\">Szczeg\u00f3\u0142y Obrazy<\/div>\n<\/div>\n<div class=\"J_module\">\n<div class=\"icbu-pc-detailManyImage magic-16\">\n<div class=\"magic-17\"><img decoding=\"async\" class=\"Gaming Wireless Mouse Suppliers\" title=\"Dostawcy myszy bezprzewodowych do gier\" src=\"https:\/\/darshion.com\/wp-content\/uploads\/2024\/07\/Hecbf193c6a634182ba11f92cc86ba0a8X-1.png\" alt=\"Gaming Wireless Mouse Suppliers\" \/><\/div>\n<div class=\"magic-17\"><img decoding=\"async\" class=\"Gaming Wireless Mouse Suppliers\" title=\"Dostawcy myszy bezprzewodowych do gier\" src=\"https:\/\/darshion.com\/wp-content\/uploads\/2024\/07\/H78d011b7ac3b4be9b7750dfa24078282c-1.png\" alt=\"Gaming Wireless Mouse Suppliers\" \/><\/div>\n<div class=\"magic-17\"><img decoding=\"async\" class=\"Gaming Wireless Mouse Suppliers\" title=\"Dostawcy myszy bezprzewodowych do gier\" src=\"https:\/\/darshion.com\/wp-content\/uploads\/2024\/07\/H0799ad88a8734213b04aacb441bedc26U-1.png\" alt=\"Gaming Wireless Mouse Suppliers\" \/><\/div>\n<div class=\"magic-17\"><img decoding=\"async\" class=\"Gaming Wireless Mouse Suppliers\" title=\"Dostawcy myszy bezprzewodowych do gier\" src=\"https:\/\/darshion.com\/wp-content\/uploads\/2024\/07\/H91d493c0b0c44e048302fdee50606534B-1.png\" alt=\"Gaming Wireless Mouse Suppliers\" \/><\/div>\n<div class=\"magic-17\"><img decoding=\"async\" class=\"Gaming Wireless Mouse Suppliers\" title=\"Dostawcy myszy bezprzewodowych do gier\" src=\"https:\/\/darshion.com\/wp-content\/uploads\/2024\/07\/Hdd88e8abaebc4a3eaaf9a48191740dd54-1.png\" alt=\"Gaming Wireless Mouse Suppliers\" \/><\/div>\n<div class=\"magic-17\"><img decoding=\"async\" class=\"Gaming Wireless Mouse Suppliers\" title=\"Dostawcy myszy bezprzewodowych do gier\" src=\"https:\/\/darshion.com\/wp-content\/uploads\/2024\/07\/H0f79387296474eda92c3be37607439cdj-1.png\" alt=\"Gaming Wireless Mouse Suppliers\" \/><\/div>\n<div class=\"magic-17\"><img decoding=\"async\" class=\"Gaming Wireless Mouse Suppliers\" title=\"Dostawcy myszy bezprzewodowych do gier\" src=\"https:\/\/darshion.com\/wp-content\/uploads\/2024\/07\/H2f1b42962a0342f0a93bff4a7a9df8e31-1.png\" alt=\"Gaming Wireless Mouse Suppliers\" \/><\/div>\n<\/div>\n<\/div>\n<\/div>","protected":false},"excerpt":{"rendered":"<div>[Industry-specific attributes]<br \/>\nType:2.4Ghz Wireless<br \/>\nInterface Type:usb<br \/>\nNumber of Buttons:7<br \/>\nDPI:1000, 1600, 2400<br \/>\nStyle:3D, Gaming, backlit, Finger<br \/>\n[Other attributes]<br \/>\nPlace of Origin:Guangdong, China<br \/>\nPrivate Mold:Yes<br \/>\nTracking Method:Optical<br \/>\nPower Type:RECHARGEABLE<br \/>\nNumber of Rollers:1<br \/>\nProducts Status:Stock<br \/>\nApplication:Desktop, LAPTOP<br \/>\nHand Orientation:Right<br \/>\nModel Number:G30LD<br \/>\nBacklit:7-RGB<br \/>\nErgonomics:Yes<br \/>\nSupport:Windows XP\/7\/8\/10, IOS, Android Mobile phone, PC, Tablet, Mac<br \/>\nPackage:4c colour box<br \/>\nMouse Type:2.4G Wireless bluetooth Mouse<br \/>\nDesign:Modern<br \/>\nCertification:CE,ROHS,BQB<br \/>\nRechargeable batteries:900maH<br \/>\nButtons:7D Buttons<br \/>\nLogo:OEM Service<br \/>\nProduct Name:rgb wireless bluetooth mouse<br \/>\nKeywords:rgb mouse<\/div>\n","protected":false},"featured_media":3488,"comment_status":"open","ping_status":"closed","template":"","meta":{"_monsterinsights_skip_tracking":false,"_monsterinsights_sitenote_active":false,"_monsterinsights_sitenote_note":"","_monsterinsights_sitenote_category":0},"product_cat":[541],"product_tag":[558],"yoast_head":"<!-- This site is optimized with the Yoast SEO Premium plugin v22.9 (Yoast SEO v24.0) - https:\/\/yoast.com\/wordpress\/plugins\/seo\/ -->\n<title>G30LD Bluetooth Gaming RGB Wireless Mouse Suppliers - darshion<\/title>\n<meta name=\"robots\" content=\"index, follow, max-snippet:-1, max-image-preview:large, max-video-preview:-1\" \/>\n<link rel=\"canonical\" href=\"https:\/\/darshion.com\/pl\/produkt\/g30ld-wireless-mouse\/\" \/>\n<meta property=\"og:locale\" content=\"pl_PL\" \/>\n<meta property=\"og:type\" content=\"article\" \/>\n<meta property=\"og:title\" content=\"G30LD Bluetooth Gaming RGB Wireless Mouse Suppliers\" \/>\n<meta property=\"og:description\" content=\"[Industry-specific attributes] Type:2.4Ghz Wireless Interface Type:usb Number of Buttons:7 DPI:1000, 1600, 2400 Style:3D, Gaming, backlit, Finger [Other attributes] Place of Origin:Guangdong, China Private Mold:Yes Tracking Method:Optical Power Type:RECHARGEABLE Number of Rollers:1 Products Status:Stock Application:Desktop, LAPTOP Hand Orientation:Right Model Number:G30LD Backlit:7-RGB Ergonomics:Yes Support:Windows XP\/7\/8\/10, IOS, Android Mobile phone, PC, Tablet, Mac Package:4c colour box Mouse Type:2.4G Wireless bluetooth Mouse Design:Modern Certification:CE,ROHS,BQB Rechargeable batteries:900maH Buttons:7D Buttons Logo:OEM Service Product Name:rgb wireless bluetooth mouse Keywords:rgb mouse\" \/>\n<meta property=\"og:url\" content=\"https:\/\/darshion.com\/pl\/produkt\/g30ld-wireless-mouse\/\" \/>\n<meta property=\"og:site_name\" content=\"darshion\" \/>\n<meta property=\"article:modified_time\" content=\"2024-07-17T08:31:18+00:00\" \/>\n<meta property=\"og:image\" content=\"https:\/\/darshion.com\/wp-content\/uploads\/2024\/07\/He46f816f723d46f4a229263478f13553n-1.png\" \/>\n\t<meta property=\"og:image:width\" content=\"800\" \/>\n\t<meta property=\"og:image:height\" content=\"800\" \/>\n\t<meta property=\"og:image:type\" content=\"image\/png\" \/>\n<meta name=\"twitter:card\" content=\"summary_large_image\" \/>\n<meta name=\"twitter:label1\" content=\"Szacowany czas czytania\" \/>\n\t<meta name=\"twitter:data1\" content=\"3 minuty\" \/>\n<script type=\"application\/ld+json\" class=\"yoast-schema-graph\">{\"@context\":\"https:\/\/schema.org\",\"@graph\":[{\"@type\":\"WebPage\",\"@id\":\"https:\/\/darshion.com\/de\/produkt\/g30ld-wireless-mouse\/\",\"url\":\"https:\/\/darshion.com\/de\/produkt\/g30ld-wireless-mouse\/\",\"name\":\"G30LD Bluetooth Gaming RGB Wireless Mouse Suppliers - darshion\",\"isPartOf\":{\"@id\":\"https:\/\/darshion.com\/#website\"},\"primaryImageOfPage\":{\"@id\":\"https:\/\/darshion.com\/de\/produkt\/g30ld-wireless-mouse\/#primaryimage\"},\"image\":{\"@id\":\"https:\/\/darshion.com\/de\/produkt\/g30ld-wireless-mouse\/#primaryimage\"},\"thumbnailUrl\":\"https:\/\/darshion.com\/wp-content\/uploads\/2024\/07\/He46f816f723d46f4a229263478f13553n-1.png\",\"datePublished\":\"2024-07-17T03:22:38+00:00\",\"dateModified\":\"2024-07-17T08:31:18+00:00\",\"breadcrumb\":{\"@id\":\"https:\/\/darshion.com\/de\/produkt\/g30ld-wireless-mouse\/#breadcrumb\"},\"inLanguage\":\"pl-PL\",\"potentialAction\":[{\"@type\":\"ReadAction\",\"target\":[\"https:\/\/darshion.com\/de\/produkt\/g30ld-wireless-mouse\/\"]}]},{\"@type\":\"ImageObject\",\"inLanguage\":\"pl-PL\",\"@id\":\"https:\/\/darshion.com\/de\/produkt\/g30ld-wireless-mouse\/#primaryimage\",\"url\":\"https:\/\/darshion.com\/wp-content\/uploads\/2024\/07\/He46f816f723d46f4a229263478f13553n-1.png\",\"contentUrl\":\"https:\/\/darshion.com\/wp-content\/uploads\/2024\/07\/He46f816f723d46f4a229263478f13553n-1.png\",\"width\":800,\"height\":800},{\"@type\":\"BreadcrumbList\",\"@id\":\"https:\/\/darshion.com\/de\/produkt\/g30ld-wireless-mouse\/#breadcrumb\",\"itemListElement\":[{\"@type\":\"ListItem\",\"position\":1,\"name\":\"\u9996\u9875\",\"item\":\"https:\/\/darshion.com\/\"},{\"@type\":\"ListItem\",\"position\":2,\"name\":\"PRODUCT\",\"item\":\"https:\/\/darshion.com\/pt\/product\/\"},{\"@type\":\"ListItem\",\"position\":3,\"name\":\"G30LD Bluetooth Gaming RGB Wireless Mouse Suppliers\"}]},{\"@type\":\"WebSite\",\"@id\":\"https:\/\/darshion.com\/#website\",\"url\":\"https:\/\/darshion.com\/\",\"name\":\"darshion\",\"description\":\"14 Years of Experience, Quality Assurance, Innovative Design\",\"publisher\":{\"@id\":\"https:\/\/darshion.com\/#organization\"},\"potentialAction\":[{\"@type\":\"SearchAction\",\"target\":{\"@type\":\"EntryPoint\",\"urlTemplate\":\"https:\/\/darshion.com\/?s={search_term_string}\"},\"query-input\":{\"@type\":\"PropertyValueSpecification\",\"valueRequired\":true,\"valueName\":\"search_term_string\"}}],\"inLanguage\":\"pl-PL\"},{\"@type\":\"Organization\",\"@id\":\"https:\/\/darshion.com\/#organization\",\"name\":\"darshion\",\"url\":\"https:\/\/darshion.com\/\",\"logo\":{\"@type\":\"ImageObject\",\"inLanguage\":\"pl-PL\",\"@id\":\"https:\/\/darshion.com\/#\/schema\/logo\/image\/\",\"url\":\"https:\/\/darshion.com\/wp-content\/uploads\/2023\/09\/01-1.png\",\"contentUrl\":\"https:\/\/darshion.com\/wp-content\/uploads\/2023\/09\/01-1.png\",\"width\":350,\"height\":100,\"caption\":\"darshion\"},\"image\":{\"@id\":\"https:\/\/darshion.com\/#\/schema\/logo\/image\/\"}}]}<\/script>\n<!-- \/ Yoast SEO Premium plugin. -->","yoast_head_json":{"title":"Mysz bezprzewodowa G30LD Bluetooth do gier RGB - dostawcy - darshion","robots":{"index":"index","follow":"follow","max-snippet":"max-snippet:-1","max-image-preview":"max-image-preview:large","max-video-preview":"max-video-preview:-1"},"canonical":"https:\/\/darshion.com\/pl\/produkt\/g30ld-wireless-mouse\/","og_locale":"pl_PL","og_type":"article","og_title":"G30LD Bluetooth Gaming RGB Wireless Mouse Suppliers","og_description":"[Industry-specific attributes] Type:2.4Ghz Wireless Interface Type:usb Number of Buttons:7 DPI:1000, 1600, 2400 Style:3D, Gaming, backlit, Finger [Other attributes] Place of Origin:Guangdong, China Private Mold:Yes Tracking Method:Optical Power Type:RECHARGEABLE Number of Rollers:1 Products Status:Stock Application:Desktop, LAPTOP Hand Orientation:Right Model Number:G30LD Backlit:7-RGB Ergonomics:Yes Support:Windows XP\/7\/8\/10, IOS, Android Mobile phone, PC, Tablet, Mac Package:4c colour box Mouse Type:2.4G Wireless bluetooth Mouse Design:Modern Certification:CE,ROHS,BQB Rechargeable batteries:900maH Buttons:7D Buttons Logo:OEM Service Product Name:rgb wireless bluetooth mouse Keywords:rgb mouse","og_url":"https:\/\/darshion.com\/pl\/produkt\/g30ld-wireless-mouse\/","og_site_name":"darshion","article_modified_time":"2024-07-17T08:31:18+00:00","og_image":[{"width":800,"height":800,"url":"https:\/\/darshion.com\/wp-content\/uploads\/2024\/07\/He46f816f723d46f4a229263478f13553n-1.png","type":"image\/png"}],"twitter_card":"summary_large_image","twitter_misc":{"Szacowany czas czytania":"3 minuty"},"schema":{"@context":"https:\/\/schema.org","@graph":[{"@type":"WebPage","@id":"https:\/\/darshion.com\/de\/produkt\/g30ld-wireless-mouse\/","url":"https:\/\/darshion.com\/de\/produkt\/g30ld-wireless-mouse\/","name":"Mysz bezprzewodowa G30LD Bluetooth do gier RGB - dostawcy - darshion","isPartOf":{"@id":"https:\/\/darshion.com\/#website"},"primaryImageOfPage":{"@id":"https:\/\/darshion.com\/de\/produkt\/g30ld-wireless-mouse\/#primaryimage"},"image":{"@id":"https:\/\/darshion.com\/de\/produkt\/g30ld-wireless-mouse\/#primaryimage"},"thumbnailUrl":"https:\/\/darshion.com\/wp-content\/uploads\/2024\/07\/He46f816f723d46f4a229263478f13553n-1.png","datePublished":"2024-07-17T03:22:38+00:00","dateModified":"2024-07-17T08:31:18+00:00","breadcrumb":{"@id":"https:\/\/darshion.com\/de\/produkt\/g30ld-wireless-mouse\/#breadcrumb"},"inLanguage":"pl-PL","potentialAction":[{"@type":"ReadAction","target":["https:\/\/darshion.com\/de\/produkt\/g30ld-wireless-mouse\/"]}]},{"@type":"ImageObject","inLanguage":"pl-PL","@id":"https:\/\/darshion.com\/de\/produkt\/g30ld-wireless-mouse\/#primaryimage","url":"https:\/\/darshion.com\/wp-content\/uploads\/2024\/07\/He46f816f723d46f4a229263478f13553n-1.png","contentUrl":"https:\/\/darshion.com\/wp-content\/uploads\/2024\/07\/He46f816f723d46f4a229263478f13553n-1.png","width":800,"height":800},{"@type":"BreadcrumbList","@id":"https:\/\/darshion.com\/de\/produkt\/g30ld-wireless-mouse\/#breadcrumb","itemListElement":[{"@type":"ListItem","position":1,"name":"\u9996\u9875","item":"https:\/\/darshion.com\/"},{"@type":"ListItem","position":2,"name":"PRODUCT","item":"https:\/\/darshion.com\/pt\/product\/"},{"@type":"ListItem","position":3,"name":"G30LD Bluetooth Gaming RGB Wireless Mouse Suppliers"}]},{"@type":"WebSite","@id":"https:\/\/darshion.com\/#website","url":"https:\/\/darshion.com\/","name":"darshion","description":"14 lat do\u015bwiadczenia, zapewnienie jako\u015bci, innowacyjny design","publisher":{"@id":"https:\/\/darshion.com\/#organization"},"potentialAction":[{"@type":"SearchAction","target":{"@type":"EntryPoint","urlTemplate":"https:\/\/darshion.com\/?s={search_term_string}"},"query-input":{"@type":"PropertyValueSpecification","valueRequired":true,"valueName":"search_term_string"}}],"inLanguage":"pl-PL"},{"@type":"Organization","@id":"https:\/\/darshion.com\/#organization","name":"darshion","url":"https:\/\/darshion.com\/","logo":{"@type":"ImageObject","inLanguage":"pl-PL","@id":"https:\/\/darshion.com\/#\/schema\/logo\/image\/","url":"https:\/\/darshion.com\/wp-content\/uploads\/2023\/09\/01-1.png","contentUrl":"https:\/\/darshion.com\/wp-content\/uploads\/2023\/09\/01-1.png","width":350,"height":100,"caption":"darshion"},"image":{"@id":"https:\/\/darshion.com\/#\/schema\/logo\/image\/"}}]}},"_links":{"self":[{"href":"https:\/\/darshion.com\/pl\/wp-json\/wp\/v2\/product\/3495"}],"collection":[{"href":"https:\/\/darshion.com\/pl\/wp-json\/wp\/v2\/product"}],"about":[{"href":"https:\/\/darshion.com\/pl\/wp-json\/wp\/v2\/types\/product"}],"replies":[{"embeddable":true,"href":"https:\/\/darshion.com\/pl\/wp-json\/wp\/v2\/comments?post=3495"}],"wp:featuredmedia":[{"embeddable":true,"href":"https:\/\/darshion.com\/pl\/wp-json\/wp\/v2\/media\/3488"}],"wp:attachment":[{"href":"https:\/\/darshion.com\/pl\/wp-json\/wp\/v2\/media?parent=3495"}],"wp:term":[{"taxonomy":"product_cat","embeddable":true,"href":"https:\/\/darshion.com\/pl\/wp-json\/wp\/v2\/product_cat?post=3495"},{"taxonomy":"product_tag","embeddable":true,"href":"https:\/\/darshion.com\/pl\/wp-json\/wp\/v2\/product_tag?post=3495"}],"curies":[{"name":"wp","href":"https:\/\/api.w.org\/{rel}","templated":true}]}}