{"id":3595,"date":"2024-07-18T11:02:47","date_gmt":"2024-07-18T03:02:47","guid":{"rendered":"https:\/\/darshion.com\/product\/gm303-mute-rgb-dual-mode-wireless-gaming-mouse-suppliers\/"},"modified":"2024-07-18T18:09:33","modified_gmt":"2024-07-18T10:09:33","slug":"gm303-wireless-gaming-mouse-suppliers","status":"publish","type":"product","link":"https:\/\/darshion.com\/pl\/produkt\/gm303-wireless-gaming-mouse-suppliers\/","title":{"rendered":"GM303 Mute RGB Dual-mode Wireless Gaming Mouse Dostawcy"},"content":{"rendered":"<div id=\"detail_decorate_root\" data-magic-global=\"%7B%22bizId%22%3A2329368643%2C%22pageId%22%3A21393781363%2C%22siteId%22%3A10003129106%7D\">\n<div class=\"J_module\">\n<div class=\"detail-decorate-json-renderer-container\">\n<div class=\"magic-0\">\n<div class=\"magic-1\">\n<div class=\"magic-2\">\n<div class=\"magic-3\">Specyfikacja<\/div>\n<\/div>\n<\/div>\n<\/div>\n<\/div>\n<\/div>\n<div class=\"J_module\">\n<div class=\"detail-decorate-json-renderer-container\">\n<div class=\"magic-0\">\n<div class=\"magic-1\">\n<div class=\"magic-2\">\n<div class=\"magic-3\"><span style=\"color: #000000;\"><strong class=\"magic-13\">Parametry produktu:<\/strong><\/span>IC: PixArt 3212<br \/>\nTryb pracy: 2.4G+BT5.1<br \/>\nStopa zwrotu: 125HZ<br \/>\nPr\u0119dko\u015b\u0107 ruchu: 30 cali\/s<br \/>\nCz\u0119stotliwo\u015b\u0107 od\u015bwie\u017cania: 4800 klatek\/sek.<br \/>\nPrzyspieszenie: 10G<br \/>\nLiczba prze\u0142\u0105cznik\u00f3w: 6 Klawisze (konstrukcja wyciszona)<br \/>\n\u017bywotno\u015b\u0107 prze\u0142\u0105cznika: 10 milion\u00f3w razy<br \/>\nMateria\u0142 produktu: Materia\u0142 ABS + metalowy wa\u0142ek<br \/>\nNapi\u0119cie\/pr\u0105d: 5V\/500mA<br \/>\nPojemno\u015b\u0107 baterii: 700mAH<br \/>\nZasi\u0119g roboczy: 10m<br \/>\nD\u0142ugo\u015b\u0107 przewodu \u0142adowania: 80 cm (przew\u00f3d \u0142adowania typu C)<br \/>\nDPI: 800\/1200\/1600\/2400 z mo\u017cliwo\u015bci\u0105 regulacji<br \/>\nTryb pod\u015bwietlenia odpowiadaj\u0105cy DPI: czerwony (800)\/zielony (1200)\/niebieski (1600)\/fioletowy (2400)<br \/>\nTryb o\u015bwietlenia: 14 prze\u0142\u0105cznik\u00f3w tryb\u00f3w o\u015bwietlenia<br \/>\nRozmiar produktu: 10\u00d76,5\u00d73,4 cm<br \/>\nWaga produktu: 72g<br \/>\nRozmiar opakowania: 14 \u00d7 8,7 \u00d7 4,6 cm<br \/>\nWaga opakowania: 143 g<strong>Opakowanie zawiera:<\/strong>1 x mysz bezprzewodowa (2.4G+BT5.1)<br \/>\n1 x odbiornik USB<br \/>\n1 x kabel do \u0142adowania (80 cm typu C)<br \/>\n1 x instrukcja w j\u0119zyku angielskim<\/p>\n<p><strong>Odpowiedni system:<\/strong><\/p>\n<p>Wersja 2.4G USB obs\u0142uguje systemy Windows \/ Mac, wersja Bluetooth obs\u0142uguje systemy Windows \/ Mac \/ iOS \/ Android.<\/p>\n<div>\n<p><strong>Mo\u017cliwo\u015b\u0107 dostosowania\u3011<\/strong><\/p>\n<ul>\n<li>Kolory<\/li>\n<li>Przewodowy\/bezprzewodowy\/2.4G\/Bluetooth Tr\u00f3jtrybowy\/wielokana\u0142owy<\/li>\n<li>Rozwi\u0105zania wewn\u0119trzne: Yichip \/ NORDIC \/ BEKEN \/ MOSART \/ TELINK<\/li>\n<li>LOGO i pakowanie<\/li>\n<\/ul>\n<\/div>\n<\/div>\n<\/div>\n<\/div>\n<\/div>\n<\/div>\n<\/div>\n<div class=\"J_module\">\n<div id=\"ali-anchor-AliMagic-ddw2ss\" class=\"magic-11\" data-section=\"AliMagic-ddw2ss\" data-section-title=\"Details Images\">Szczeg\u00f3\u0142y Obrazy<\/div>\n<\/div>\n<div class=\"J_module\">\n<div class=\"icbu-pc-detailManyImage magic-14\">\n<div class=\"magic-15\"><img decoding=\"async\" class=\"Wireless Gaming Mouse Suppliers\" title=\"Dostawcy bezprzewodowych myszy do gier\" src=\"https:\/\/darshion.com\/wp-content\/uploads\/2024\/07\/H21e535538ca846c186eddfccec718670d.jpg\" alt=\"Wireless Gaming Mouse Suppliers\" \/><\/div>\n<div class=\"magic-15\"><img decoding=\"async\" class=\"Wireless Gaming Mouse Suppliers\" title=\"Dostawcy bezprzewodowych myszy do gier\" src=\"https:\/\/darshion.com\/wp-content\/uploads\/2024\/07\/H06c007ed16ad46a58a95496deefb41e6U.jpg\" alt=\"Wireless Gaming Mouse Suppliers\" \/><\/div>\n<div class=\"magic-15\"><img decoding=\"async\" class=\"Wireless Gaming Mouse Suppliers\" title=\"Dostawcy bezprzewodowych myszy do gier\" src=\"https:\/\/darshion.com\/wp-content\/uploads\/2024\/07\/H4371564eb13b43918bc1fa817ae6eee4f.jpg\" alt=\"Wireless Gaming Mouse Suppliers\" \/><\/div>\n<div class=\"magic-15\"><img decoding=\"async\" class=\"Wireless Gaming Mouse Suppliers\" title=\"Dostawcy bezprzewodowych myszy do gier\" src=\"https:\/\/darshion.com\/wp-content\/uploads\/2024\/07\/H9d5d91ad3e2446e7887017279b8310a7c.jpg\" alt=\"Wireless Gaming Mouse Suppliers\" \/><\/div>\n<div class=\"magic-15\"><img decoding=\"async\" class=\"Wireless Gaming Mouse Suppliers\" title=\"Dostawcy bezprzewodowych myszy do gier\" src=\"https:\/\/darshion.com\/wp-content\/uploads\/2024\/07\/Hf75b062fd8b0417cad647957a9f9134es.jpg\" alt=\"Wireless Gaming Mouse Suppliers\" \/><\/div>\n<div class=\"magic-15\"><img decoding=\"async\" class=\"Wireless Gaming Mouse Suppliers\" title=\"Dostawcy bezprzewodowych myszy do gier\" src=\"https:\/\/darshion.com\/wp-content\/uploads\/2024\/07\/H42b0a8b26c154c7091a3844c9585ea3bz.jpg\" alt=\"Wireless Gaming Mouse Suppliers\" \/><\/div>\n<div class=\"magic-15\"><img decoding=\"async\" class=\"Wireless Gaming Mouse Suppliers\" title=\"Dostawcy bezprzewodowych myszy do gier\" src=\"https:\/\/darshion.com\/wp-content\/uploads\/2024\/07\/Hbca21785a673434680343dd82692f9fe5.jpg\" alt=\"Wireless Gaming Mouse Suppliers\" \/><\/div>\n<\/div>\n<\/div>\n<\/div>","protected":false},"excerpt":{"rendered":"<div>\n<p>[Industry-specific attributes]<br \/>\nType:IR Wireless<br \/>\nDPI:2400<br \/>\nErgonomics:Yes<\/p>\n<p>[Other attributes]<br \/>\nHand Orientation:Right<br \/>\nTracking Method:Optical<br \/>\nStyle:Gaming<br \/>\nInterface Type:usb<br \/>\nPower Type:RECHARGEABLE<br \/>\nNumber of Rollers:1<br \/>\nNumber of Buttons:6<br \/>\nBacklit:7-RGB<br \/>\nProduct Name:wireless gaming Mouse<br \/>\nFeature:High DPI,wireless bluetooth,rechargeable<br \/>\nMaterial:ABS Plastic<br \/>\nLogo:Accept Customized Logo<br \/>\nPackage:Customized Box<br \/>\nKeywords:Desktop \u00a0Laptop Computer<br \/>\nWarranty:12 Months<br \/>\nMOQ:1 Pcs<br \/>\nSupport system:Win07\/08\/10\/NT\/ME\/2000\/XP\/vista<br \/>\nMouse Type:Mouse Gaming<\/p>\n<\/div>\n","protected":false},"featured_media":3586,"comment_status":"open","ping_status":"closed","template":"","meta":{"_monsterinsights_skip_tracking":false,"_monsterinsights_sitenote_active":false,"_monsterinsights_sitenote_note":"","_monsterinsights_sitenote_category":0},"product_cat":[541],"product_tag":[558],"yoast_head":"<!-- This site is optimized with the Yoast SEO Premium plugin v22.9 (Yoast SEO v24.0) - https:\/\/yoast.com\/wordpress\/plugins\/seo\/ -->\n<title>GM303 Mute RGB Dual-mode Wireless Gaming Mouse Suppliers - darshion<\/title>\n<meta name=\"robots\" content=\"index, follow, max-snippet:-1, max-image-preview:large, max-video-preview:-1\" \/>\n<link rel=\"canonical\" href=\"https:\/\/darshion.com\/pl\/produit\/gm303-wireless-gaming-mouse-suppliers\/\" \/>\n<meta property=\"og:locale\" content=\"pl_PL\" \/>\n<meta property=\"og:type\" content=\"article\" \/>\n<meta property=\"og:title\" content=\"GM303 Mute RGB Dual-mode Wireless Gaming Mouse Suppliers\" \/>\n<meta property=\"og:description\" content=\"[Industry-specific attributes] Type:IR Wireless DPI:2400 Ergonomics:Yes  [Other attributes] Hand Orientation:Right Tracking Method:Optical Style:Gaming Interface Type:usb Power Type:RECHARGEABLE Number of Rollers:1 Number of Buttons:6 Backlit:7-RGB Product Name:wireless gaming Mouse Feature:High DPI,wireless bluetooth,rechargeable Material:ABS Plastic Logo:Accept Customized Logo Package:Customized Box Keywords:Desktop \u00a0Laptop Computer Warranty:12 Months MOQ:1 Pcs Support system:Win07\/08\/10\/NT\/ME\/2000\/XP\/vista Mouse Type:Mouse Gaming\" \/>\n<meta property=\"og:url\" content=\"https:\/\/darshion.com\/pl\/produit\/gm303-wireless-gaming-mouse-suppliers\/\" \/>\n<meta property=\"og:site_name\" content=\"darshion\" \/>\n<meta property=\"article:modified_time\" content=\"2024-07-18T10:09:33+00:00\" \/>\n<meta property=\"og:image\" content=\"https:\/\/darshion.com\/wp-content\/uploads\/2024\/07\/Hab83464a23914ec09655ff520126d98cO.jpg\" \/>\n\t<meta property=\"og:image:width\" content=\"1000\" \/>\n\t<meta property=\"og:image:height\" content=\"1000\" \/>\n\t<meta property=\"og:image:type\" content=\"image\/jpeg\" \/>\n<meta name=\"twitter:card\" content=\"summary_large_image\" \/>\n<meta name=\"twitter:label1\" content=\"Szacowany czas czytania\" \/>\n\t<meta name=\"twitter:data1\" content=\"3 minuty\" \/>\n<script type=\"application\/ld+json\" class=\"yoast-schema-graph\">{\"@context\":\"https:\/\/schema.org\",\"@graph\":[{\"@type\":\"WebPage\",\"@id\":\"https:\/\/darshion.com\/fr\/produit\/gm303-wireless-gaming-mouse-suppliers\/\",\"url\":\"https:\/\/darshion.com\/fr\/produit\/gm303-wireless-gaming-mouse-suppliers\/\",\"name\":\"GM303 Mute RGB Dual-mode Wireless Gaming Mouse Suppliers - darshion\",\"isPartOf\":{\"@id\":\"https:\/\/darshion.com\/#website\"},\"primaryImageOfPage\":{\"@id\":\"https:\/\/darshion.com\/fr\/produit\/gm303-wireless-gaming-mouse-suppliers\/#primaryimage\"},\"image\":{\"@id\":\"https:\/\/darshion.com\/fr\/produit\/gm303-wireless-gaming-mouse-suppliers\/#primaryimage\"},\"thumbnailUrl\":\"https:\/\/darshion.com\/wp-content\/uploads\/2024\/07\/Hab83464a23914ec09655ff520126d98cO.jpg\",\"datePublished\":\"2024-07-18T03:02:47+00:00\",\"dateModified\":\"2024-07-18T10:09:33+00:00\",\"breadcrumb\":{\"@id\":\"https:\/\/darshion.com\/fr\/produit\/gm303-wireless-gaming-mouse-suppliers\/#breadcrumb\"},\"inLanguage\":\"pl-PL\",\"potentialAction\":[{\"@type\":\"ReadAction\",\"target\":[\"https:\/\/darshion.com\/fr\/produit\/gm303-wireless-gaming-mouse-suppliers\/\"]}]},{\"@type\":\"ImageObject\",\"inLanguage\":\"pl-PL\",\"@id\":\"https:\/\/darshion.com\/fr\/produit\/gm303-wireless-gaming-mouse-suppliers\/#primaryimage\",\"url\":\"https:\/\/darshion.com\/wp-content\/uploads\/2024\/07\/Hab83464a23914ec09655ff520126d98cO.jpg\",\"contentUrl\":\"https:\/\/darshion.com\/wp-content\/uploads\/2024\/07\/Hab83464a23914ec09655ff520126d98cO.jpg\",\"width\":1000,\"height\":1000},{\"@type\":\"BreadcrumbList\",\"@id\":\"https:\/\/darshion.com\/fr\/produit\/gm303-wireless-gaming-mouse-suppliers\/#breadcrumb\",\"itemListElement\":[{\"@type\":\"ListItem\",\"position\":1,\"name\":\"\u9996\u9875\",\"item\":\"https:\/\/darshion.com\/\"},{\"@type\":\"ListItem\",\"position\":2,\"name\":\"PRODUCT\",\"item\":\"https:\/\/darshion.com\/pt\/product\/\"},{\"@type\":\"ListItem\",\"position\":3,\"name\":\"GM303 Mute RGB Dual-mode Wireless Gaming Mouse Suppliers\"}]},{\"@type\":\"WebSite\",\"@id\":\"https:\/\/darshion.com\/#website\",\"url\":\"https:\/\/darshion.com\/\",\"name\":\"darshion\",\"description\":\"14 Years of Experience, Quality Assurance, Innovative Design\",\"publisher\":{\"@id\":\"https:\/\/darshion.com\/#organization\"},\"potentialAction\":[{\"@type\":\"SearchAction\",\"target\":{\"@type\":\"EntryPoint\",\"urlTemplate\":\"https:\/\/darshion.com\/?s={search_term_string}\"},\"query-input\":{\"@type\":\"PropertyValueSpecification\",\"valueRequired\":true,\"valueName\":\"search_term_string\"}}],\"inLanguage\":\"pl-PL\"},{\"@type\":\"Organization\",\"@id\":\"https:\/\/darshion.com\/#organization\",\"name\":\"darshion\",\"url\":\"https:\/\/darshion.com\/\",\"logo\":{\"@type\":\"ImageObject\",\"inLanguage\":\"pl-PL\",\"@id\":\"https:\/\/darshion.com\/#\/schema\/logo\/image\/\",\"url\":\"https:\/\/darshion.com\/wp-content\/uploads\/2023\/09\/01-1.png\",\"contentUrl\":\"https:\/\/darshion.com\/wp-content\/uploads\/2023\/09\/01-1.png\",\"width\":350,\"height\":100,\"caption\":\"darshion\"},\"image\":{\"@id\":\"https:\/\/darshion.com\/#\/schema\/logo\/image\/\"}}]}<\/script>\n<!-- \/ Yoast SEO Premium plugin. -->","yoast_head_json":{"title":"Bezprzewodowa mysz do gier GM303 Mute RGB z dwoma trybami pracy - darshion","robots":{"index":"index","follow":"follow","max-snippet":"max-snippet:-1","max-image-preview":"max-image-preview:large","max-video-preview":"max-video-preview:-1"},"canonical":"https:\/\/darshion.com\/pl\/produit\/gm303-wireless-gaming-mouse-suppliers\/","og_locale":"pl_PL","og_type":"article","og_title":"GM303 Mute RGB Dual-mode Wireless Gaming Mouse Suppliers","og_description":"[Industry-specific attributes] Type:IR Wireless DPI:2400 Ergonomics:Yes  [Other attributes] Hand Orientation:Right Tracking Method:Optical Style:Gaming Interface Type:usb Power Type:RECHARGEABLE Number of Rollers:1 Number of Buttons:6 Backlit:7-RGB Product Name:wireless gaming Mouse Feature:High DPI,wireless bluetooth,rechargeable Material:ABS Plastic Logo:Accept Customized Logo Package:Customized Box Keywords:Desktop \u00a0Laptop Computer Warranty:12 Months MOQ:1 Pcs Support system:Win07\/08\/10\/NT\/ME\/2000\/XP\/vista Mouse Type:Mouse Gaming","og_url":"https:\/\/darshion.com\/pl\/produit\/gm303-wireless-gaming-mouse-suppliers\/","og_site_name":"darshion","article_modified_time":"2024-07-18T10:09:33+00:00","og_image":[{"width":1000,"height":1000,"url":"https:\/\/darshion.com\/wp-content\/uploads\/2024\/07\/Hab83464a23914ec09655ff520126d98cO.jpg","type":"image\/jpeg"}],"twitter_card":"summary_large_image","twitter_misc":{"Szacowany czas czytania":"3 minuty"},"schema":{"@context":"https:\/\/schema.org","@graph":[{"@type":"WebPage","@id":"https:\/\/darshion.com\/fr\/produit\/gm303-wireless-gaming-mouse-suppliers\/","url":"https:\/\/darshion.com\/fr\/produit\/gm303-wireless-gaming-mouse-suppliers\/","name":"Bezprzewodowa mysz do gier GM303 Mute RGB z dwoma trybami pracy - darshion","isPartOf":{"@id":"https:\/\/darshion.com\/#website"},"primaryImageOfPage":{"@id":"https:\/\/darshion.com\/fr\/produit\/gm303-wireless-gaming-mouse-suppliers\/#primaryimage"},"image":{"@id":"https:\/\/darshion.com\/fr\/produit\/gm303-wireless-gaming-mouse-suppliers\/#primaryimage"},"thumbnailUrl":"https:\/\/darshion.com\/wp-content\/uploads\/2024\/07\/Hab83464a23914ec09655ff520126d98cO.jpg","datePublished":"2024-07-18T03:02:47+00:00","dateModified":"2024-07-18T10:09:33+00:00","breadcrumb":{"@id":"https:\/\/darshion.com\/fr\/produit\/gm303-wireless-gaming-mouse-suppliers\/#breadcrumb"},"inLanguage":"pl-PL","potentialAction":[{"@type":"ReadAction","target":["https:\/\/darshion.com\/fr\/produit\/gm303-wireless-gaming-mouse-suppliers\/"]}]},{"@type":"ImageObject","inLanguage":"pl-PL","@id":"https:\/\/darshion.com\/fr\/produit\/gm303-wireless-gaming-mouse-suppliers\/#primaryimage","url":"https:\/\/darshion.com\/wp-content\/uploads\/2024\/07\/Hab83464a23914ec09655ff520126d98cO.jpg","contentUrl":"https:\/\/darshion.com\/wp-content\/uploads\/2024\/07\/Hab83464a23914ec09655ff520126d98cO.jpg","width":1000,"height":1000},{"@type":"BreadcrumbList","@id":"https:\/\/darshion.com\/fr\/produit\/gm303-wireless-gaming-mouse-suppliers\/#breadcrumb","itemListElement":[{"@type":"ListItem","position":1,"name":"\u9996\u9875","item":"https:\/\/darshion.com\/"},{"@type":"ListItem","position":2,"name":"PRODUCT","item":"https:\/\/darshion.com\/pt\/product\/"},{"@type":"ListItem","position":3,"name":"GM303 Mute RGB Dual-mode Wireless Gaming Mouse Suppliers"}]},{"@type":"WebSite","@id":"https:\/\/darshion.com\/#website","url":"https:\/\/darshion.com\/","name":"darshion","description":"14 lat do\u015bwiadczenia, zapewnienie jako\u015bci, innowacyjny design","publisher":{"@id":"https:\/\/darshion.com\/#organization"},"potentialAction":[{"@type":"SearchAction","target":{"@type":"EntryPoint","urlTemplate":"https:\/\/darshion.com\/?s={search_term_string}"},"query-input":{"@type":"PropertyValueSpecification","valueRequired":true,"valueName":"search_term_string"}}],"inLanguage":"pl-PL"},{"@type":"Organization","@id":"https:\/\/darshion.com\/#organization","name":"darshion","url":"https:\/\/darshion.com\/","logo":{"@type":"ImageObject","inLanguage":"pl-PL","@id":"https:\/\/darshion.com\/#\/schema\/logo\/image\/","url":"https:\/\/darshion.com\/wp-content\/uploads\/2023\/09\/01-1.png","contentUrl":"https:\/\/darshion.com\/wp-content\/uploads\/2023\/09\/01-1.png","width":350,"height":100,"caption":"darshion"},"image":{"@id":"https:\/\/darshion.com\/#\/schema\/logo\/image\/"}}]}},"_links":{"self":[{"href":"https:\/\/darshion.com\/pl\/wp-json\/wp\/v2\/product\/3595"}],"collection":[{"href":"https:\/\/darshion.com\/pl\/wp-json\/wp\/v2\/product"}],"about":[{"href":"https:\/\/darshion.com\/pl\/wp-json\/wp\/v2\/types\/product"}],"replies":[{"embeddable":true,"href":"https:\/\/darshion.com\/pl\/wp-json\/wp\/v2\/comments?post=3595"}],"wp:featuredmedia":[{"embeddable":true,"href":"https:\/\/darshion.com\/pl\/wp-json\/wp\/v2\/media\/3586"}],"wp:attachment":[{"href":"https:\/\/darshion.com\/pl\/wp-json\/wp\/v2\/media?parent=3595"}],"wp:term":[{"taxonomy":"product_cat","embeddable":true,"href":"https:\/\/darshion.com\/pl\/wp-json\/wp\/v2\/product_cat?post=3595"},{"taxonomy":"product_tag","embeddable":true,"href":"https:\/\/darshion.com\/pl\/wp-json\/wp\/v2\/product_tag?post=3595"}],"curies":[{"name":"wp","href":"https:\/\/api.w.org\/{rel}","templated":true}]}}