{"id":4076,"date":"2024-07-31T11:01:38","date_gmt":"2024-07-31T03:01:38","guid":{"rendered":"https:\/\/darshion.com\/product\/cx23-61-keys-wired-gaming-mechanical-keyboard-factory\/"},"modified":"2024-07-31T11:18:06","modified_gmt":"2024-07-31T03:18:06","slug":"cx23-wired-gaming-mechanical-keyboard-factory","status":"publish","type":"product","link":"https:\/\/darshion.com\/pl\/produkt\/cx23-wired-gaming-mechanical-keyboard-factory\/","title":{"rendered":"Fabryczna przewodowa klawiatura mechaniczna do gier CX23 61 klawiszy"},"content":{"rendered":"<div id=\"detail_decorate_root\" data-magic-global=\"%7B%22bizId%22%3A2329368643%2C%22pageId%22%3A21313193765%2C%22siteId%22%3A10003129106%7D\">\n<div class=\"J_module\">\n<div class=\"detail-decorate-json-renderer-container\">\n<div class=\"magic-0\">\n<div class=\"magic-1\">\n<div class=\"magic-2\">\n<div class=\"magic-3\">Opis produkt\u00f3w<\/div>\n<\/div>\n<\/div>\n<\/div>\n<\/div>\n<\/div>\n<div class=\"J_module\">\n<div class=\"detail-decorate-json-renderer-container\">\n<div class=\"magic-0\">\n<div class=\"magic-1\">\n<div class=\"magic-2\">\n<div class=\"magic-3\">Klasyczna klawiatura 60%: 61 klawiszy, kompaktowa konstrukcja\u3011<br \/>\nUltrakompaktowy uk\u0142ad z 61 klawiszami to idealny rozmiar klawiatury, a od\u0142\u0105czany kabel USB-C sprawia, \u017ce jest ona wygodniejsza do przenoszenia\u3010Mechaniczny niebieski prze\u0142\u0105cznik\u3011<br \/>\nDo pisania i grania niebieskie prze\u0142\u0105czniki zapewniaj\u0105 precyzyjne, responsywne polecenia klawiszy; zapewniaj\u0105 satysfakcjonuj\u0105cy d\u017awi\u0119k \"klikni\u0119cia\" i wyczuwalny op\u00f3r przy ka\u017cdym naci\u015bni\u0119ciu klawisza<\/p>\n<p>\u3010T\u0119czowe pod\u015bwietlenie LED\u3011<br \/>\n8 monochromatycznych efekt\u00f3w pod\u015bwietlenia nadaje tej ma\u0142ej klawiaturze do gier \u017cywy i wspania\u0142y efekt wizualny.<\/p>\n<p>\u3010Od\u0142\u0105czany kabel typu C\u3011<br \/>\nPo\u0142\u0105czenie USB typu C zapewnia r\u00f3wnie\u017c bardziej stabiln\u0105 transmisj\u0119, kluczow\u0105 konstrukcj\u0119 oddzielania kabli, wygodn\u0105 do przechowywania.<\/p>\n<p>Mo\u017cliwo\u015b\u0107 dostosowania\u3011<br \/>\n- Kolory klawiszy<br \/>\n- Przewodowy\/bezprzewodowy\/2.4G\/Bluetooth Tr\u00f3jtrybowy\/wielokana\u0142owy<br \/>\n- Do 24 wst\u0119pnie ustawionych efekt\u00f3w pod\u015bwietlenia Real RGB<br \/>\n- Materia\u0142 klawiszy: ABS\/PBT<br \/>\n- Prze\u0142\u0105czniki mechaniczne: Czerwony prze\u0142\u0105cznik\/niebieski prze\u0142\u0105cznik\/br\u0105zowy prze\u0142\u0105cznik itp.<br \/>\n- Rozwi\u0105zania wewn\u0119trzne: Yichip\/NORDIC\/BEKEN\/MOSART\/TELINK\/<br \/>\n- Uk\u0142ad: USA\/UK\/KOREA PO\u0141UDNIOWA\/SPAIN\/BRAZYLIA\/ROSJA itd.<br \/>\n- Materia\u0142 PCB: ABS\/aluminium premium\/\u017celazo elektroforetyczne premium<br \/>\n- LOGO i pakowanie<\/p>\n<\/div>\n<\/div>\n<\/div>\n<\/div>\n<\/div>\n<\/div>\n<div class=\"J_module\">\n<div id=\"ali-anchor-AliMagic-ig5qre\" class=\"magic-7\" data-section=\"AliMagic-ig5qre\" data-section-title=\"Details Images\">Szczeg\u00f3\u0142y Obrazy<\/div>\n<\/div>\n<div class=\"J_module\">\n<div class=\"icbu-pc-detailManyImage magic-9\">\n<div class=\"magic-10\"><\/div>\n<div class=\"magic-10\"><img decoding=\"async\" class=\"Gaming Mechanical Keyboard Factory\" title=\"Fabryka klawiatur mechanicznych dla graczy\" src=\"https:\/\/darshion.com\/wp-content\/uploads\/2024\/07\/Hd4bfed7ca7684943b9330afc2d8cffd8X-1.jpg\" alt=\"Gaming Mechanical Keyboard Factory\" \/><\/div>\n<div class=\"magic-10\"><img decoding=\"async\" class=\"Gaming Mechanical Keyboard Factory\" title=\"Fabryka klawiatur mechanicznych dla graczy\" src=\"https:\/\/darshion.com\/wp-content\/uploads\/2024\/07\/H4471463e505740ca8ce0094b249b50b1Z-1.jpg\" alt=\"Gaming Mechanical Keyboard Factory\" \/><\/div>\n<div class=\"magic-10\"><img decoding=\"async\" class=\"Gaming Mechanical Keyboard Factory\" title=\"Fabryka klawiatur mechanicznych dla graczy\" src=\"https:\/\/darshion.com\/wp-content\/uploads\/2024\/07\/H9c036046699b45068554224923e026de2-1.jpg\" alt=\"Gaming Mechanical Keyboard Factory\" \/><\/div>\n<div class=\"magic-10\"><img decoding=\"async\" class=\"Gaming Mechanical Keyboard Factory\" title=\"Fabryka klawiatur mechanicznych dla graczy\" src=\"https:\/\/darshion.com\/wp-content\/uploads\/2024\/07\/H53ceb7baddcd4e5686d08a4fa546cdae7-1.jpg\" alt=\"Gaming Mechanical Keyboard Factory\" \/><\/div>\n<div class=\"magic-10\"><img decoding=\"async\" class=\"Gaming Mechanical Keyboard Factory\" title=\"Fabryka klawiatur mechanicznych dla graczy\" src=\"https:\/\/darshion.com\/wp-content\/uploads\/2024\/07\/H1a8e79d568e343b58927b641e86235c6x.jpg\" alt=\"Gaming Mechanical Keyboard Factory\" \/><\/div>\n<div class=\"magic-10\"><img decoding=\"async\" class=\"Gaming Mechanical Keyboard Factory\" title=\"Fabryka klawiatur mechanicznych dla graczy\" src=\"https:\/\/darshion.com\/wp-content\/uploads\/2024\/07\/Hd90e0ef7ba514bc8861ed10588aab1920-1.jpg\" alt=\"Gaming Mechanical Keyboard Factory\" \/><\/div>\n<div class=\"magic-10\"><img decoding=\"async\" class=\"Gaming Mechanical Keyboard Factory\" title=\"Fabryka klawiatur mechanicznych dla graczy\" src=\"https:\/\/darshion.com\/wp-content\/uploads\/2024\/07\/H77e688f018284b2d9b10a5e25f0282ecW-2.jpg\" alt=\"Gaming Mechanical Keyboard Factory\" \/><\/div>\n<div class=\"magic-10\"><img decoding=\"async\" class=\"Gaming Mechanical Keyboard Factory\" title=\"Fabryka klawiatur mechanicznych dla graczy\" src=\"https:\/\/darshion.com\/wp-content\/uploads\/2024\/07\/H61113bb0fd314bccafb15e1e180ccc66T-1.jpg\" alt=\"Gaming Mechanical Keyboard Factory\" \/><\/div>\n<div class=\"magic-10\"><img decoding=\"async\" class=\"Gaming Mechanical Keyboard Factory\" title=\"Fabryka klawiatur mechanicznych dla graczy\" src=\"https:\/\/darshion.com\/wp-content\/uploads\/2024\/07\/H023865a7d366416ea80b133484eaf462U-2.jpg\" alt=\"Gaming Mechanical Keyboard Factory\" \/><\/div>\n<\/div>\n<\/div>\n<\/div>","protected":false},"excerpt":{"rendered":"<div>\n<p>[Industry-specific attributes]<br \/>\nOperation Style:Mechanical<br \/>\nStyle:Mini, Gaming, Mechanical<br \/>\nType:Wired<br \/>\nInterface Type:usb<br \/>\nKeyboard Standard:61 keys<\/p>\n<p>[Other attributes]<br \/>\nDrive Interface:USB Type C<br \/>\nProducts Status:New<br \/>\nApplication:Desktop<br \/>\nPlace of Origin:Guangdong, China<br \/>\nKeyboard backlit:LED<br \/>\nFeatures:Plug and Play<br \/>\nPrivate Mold:Yes<br \/>\nModel Number:CX23<br \/>\nAxis Body Brand:Kailh<br \/>\nMechanical:Yes<br \/>\nProgrammable:NO<br \/>\nProduct name:Gaming Keyboard<br \/>\nMaterial:ABS Plastic<br \/>\nCertification:CE FCC ROHS<br \/>\nLayout:Customized Layout<br \/>\nWarranty:12 Months<br \/>\nPackage:Customized Box<br \/>\nLogo:Accept Customized Logo<br \/>\nKeywords:Gaming Keyboard<br \/>\nColor:Customizable<br \/>\nUsage:computer office gaming<\/p>\n<\/div>\n","protected":false},"featured_media":4066,"comment_status":"open","ping_status":"closed","template":"","meta":{"_monsterinsights_skip_tracking":false,"_monsterinsights_sitenote_active":false,"_monsterinsights_sitenote_note":"","_monsterinsights_sitenote_category":0},"product_cat":[559,554],"product_tag":[560],"yoast_head":"<!-- This site is optimized with the Yoast SEO Premium plugin v22.9 (Yoast SEO v24.0) - https:\/\/yoast.com\/wordpress\/plugins\/seo\/ -->\n<title>CX23 61 Keys Wired Gaming Mechanical Keyboard Factory - darshion<\/title>\n<meta name=\"robots\" content=\"index, follow, max-snippet:-1, max-image-preview:large, max-video-preview:-1\" \/>\n<link rel=\"canonical\" href=\"https:\/\/darshion.com\/pl\/produkt\/cx23-wired-gaming-mechanical-keyboard-factory\/\" \/>\n<meta property=\"og:locale\" content=\"pl_PL\" \/>\n<meta property=\"og:type\" content=\"article\" \/>\n<meta property=\"og:title\" content=\"CX23 61 Keys Wired Gaming Mechanical Keyboard Factory\" \/>\n<meta property=\"og:description\" content=\"[Industry-specific attributes] Operation Style:Mechanical Style:Mini, Gaming, Mechanical Type:Wired Interface Type:usb Keyboard Standard:61 keys  [Other attributes] Drive Interface:USB Type C Products Status:New Application:Desktop Place of Origin:Guangdong, China Keyboard backlit:LED Features:Plug and Play Private Mold:Yes Model Number:CX23 Axis Body Brand:Kailh Mechanical:Yes Programmable:NO Product name:Gaming Keyboard Material:ABS Plastic Certification:CE FCC ROHS Layout:Customized Layout Warranty:12 Months Package:Customized Box Logo:Accept Customized Logo Keywords:Gaming Keyboard Color:Customizable Usage:computer office gaming\" \/>\n<meta property=\"og:url\" content=\"https:\/\/darshion.com\/pl\/produkt\/cx23-wired-gaming-mechanical-keyboard-factory\/\" \/>\n<meta property=\"og:site_name\" content=\"darshion\" \/>\n<meta property=\"article:modified_time\" content=\"2024-07-31T03:18:06+00:00\" \/>\n<meta property=\"og:image\" content=\"https:\/\/darshion.com\/wp-content\/uploads\/2024\/07\/H638851ed0b8d48afa342792d615cef69C.jpg\" \/>\n\t<meta property=\"og:image:width\" content=\"800\" \/>\n\t<meta property=\"og:image:height\" content=\"800\" \/>\n\t<meta property=\"og:image:type\" content=\"image\/jpeg\" \/>\n<meta name=\"twitter:card\" content=\"summary_large_image\" \/>\n<meta name=\"twitter:label1\" content=\"Szacowany czas czytania\" \/>\n\t<meta name=\"twitter:data1\" content=\"3 minuty\" \/>\n<script type=\"application\/ld+json\" class=\"yoast-schema-graph\">{\"@context\":\"https:\/\/schema.org\",\"@graph\":[{\"@type\":\"WebPage\",\"@id\":\"https:\/\/darshion.com\/product\/cx23-wired-gaming-mechanical-keyboard-factory\/\",\"url\":\"https:\/\/darshion.com\/product\/cx23-wired-gaming-mechanical-keyboard-factory\/\",\"name\":\"CX23 61 Keys Wired Gaming Mechanical Keyboard Factory - darshion\",\"isPartOf\":{\"@id\":\"https:\/\/darshion.com\/#website\"},\"primaryImageOfPage\":{\"@id\":\"https:\/\/darshion.com\/product\/cx23-wired-gaming-mechanical-keyboard-factory\/#primaryimage\"},\"image\":{\"@id\":\"https:\/\/darshion.com\/product\/cx23-wired-gaming-mechanical-keyboard-factory\/#primaryimage\"},\"thumbnailUrl\":\"https:\/\/darshion.com\/wp-content\/uploads\/2024\/07\/H638851ed0b8d48afa342792d615cef69C.jpg\",\"datePublished\":\"2024-07-31T03:01:38+00:00\",\"dateModified\":\"2024-07-31T03:18:06+00:00\",\"breadcrumb\":{\"@id\":\"https:\/\/darshion.com\/product\/cx23-wired-gaming-mechanical-keyboard-factory\/#breadcrumb\"},\"inLanguage\":\"pl-PL\",\"potentialAction\":[{\"@type\":\"ReadAction\",\"target\":[\"https:\/\/darshion.com\/product\/cx23-wired-gaming-mechanical-keyboard-factory\/\"]}]},{\"@type\":\"ImageObject\",\"inLanguage\":\"pl-PL\",\"@id\":\"https:\/\/darshion.com\/product\/cx23-wired-gaming-mechanical-keyboard-factory\/#primaryimage\",\"url\":\"https:\/\/darshion.com\/wp-content\/uploads\/2024\/07\/H638851ed0b8d48afa342792d615cef69C.jpg\",\"contentUrl\":\"https:\/\/darshion.com\/wp-content\/uploads\/2024\/07\/H638851ed0b8d48afa342792d615cef69C.jpg\",\"width\":800,\"height\":800},{\"@type\":\"BreadcrumbList\",\"@id\":\"https:\/\/darshion.com\/product\/cx23-wired-gaming-mechanical-keyboard-factory\/#breadcrumb\",\"itemListElement\":[{\"@type\":\"ListItem\",\"position\":1,\"name\":\"\u9996\u9875\",\"item\":\"https:\/\/darshion.com\/\"},{\"@type\":\"ListItem\",\"position\":2,\"name\":\"PRODUCT\",\"item\":\"https:\/\/darshion.com\/pt\/product\/\"},{\"@type\":\"ListItem\",\"position\":3,\"name\":\"CX23 61 Keys Wired Gaming Mechanical Keyboard Factory\"}]},{\"@type\":\"WebSite\",\"@id\":\"https:\/\/darshion.com\/#website\",\"url\":\"https:\/\/darshion.com\/\",\"name\":\"darshion\",\"description\":\"14 Years of Experience, Quality Assurance, Innovative Design\",\"publisher\":{\"@id\":\"https:\/\/darshion.com\/#organization\"},\"potentialAction\":[{\"@type\":\"SearchAction\",\"target\":{\"@type\":\"EntryPoint\",\"urlTemplate\":\"https:\/\/darshion.com\/?s={search_term_string}\"},\"query-input\":{\"@type\":\"PropertyValueSpecification\",\"valueRequired\":true,\"valueName\":\"search_term_string\"}}],\"inLanguage\":\"pl-PL\"},{\"@type\":\"Organization\",\"@id\":\"https:\/\/darshion.com\/#organization\",\"name\":\"darshion\",\"url\":\"https:\/\/darshion.com\/\",\"logo\":{\"@type\":\"ImageObject\",\"inLanguage\":\"pl-PL\",\"@id\":\"https:\/\/darshion.com\/#\/schema\/logo\/image\/\",\"url\":\"https:\/\/darshion.com\/wp-content\/uploads\/2023\/09\/01-1.png\",\"contentUrl\":\"https:\/\/darshion.com\/wp-content\/uploads\/2023\/09\/01-1.png\",\"width\":350,\"height\":100,\"caption\":\"darshion\"},\"image\":{\"@id\":\"https:\/\/darshion.com\/#\/schema\/logo\/image\/\"}}]}<\/script>\n<!-- \/ Yoast SEO Premium plugin. -->","yoast_head_json":{"title":"Fabryczna przewodowa klawiatura mechaniczna do gier CX23 61 klawiszy - darshion","robots":{"index":"index","follow":"follow","max-snippet":"max-snippet:-1","max-image-preview":"max-image-preview:large","max-video-preview":"max-video-preview:-1"},"canonical":"https:\/\/darshion.com\/pl\/produkt\/cx23-wired-gaming-mechanical-keyboard-factory\/","og_locale":"pl_PL","og_type":"article","og_title":"CX23 61 Keys Wired Gaming Mechanical Keyboard Factory","og_description":"[Industry-specific attributes] Operation Style:Mechanical Style:Mini, Gaming, Mechanical Type:Wired Interface Type:usb Keyboard Standard:61 keys  [Other attributes] Drive Interface:USB Type C Products Status:New Application:Desktop Place of Origin:Guangdong, China Keyboard backlit:LED Features:Plug and Play Private Mold:Yes Model Number:CX23 Axis Body Brand:Kailh Mechanical:Yes Programmable:NO Product name:Gaming Keyboard Material:ABS Plastic Certification:CE FCC ROHS Layout:Customized Layout Warranty:12 Months Package:Customized Box Logo:Accept Customized Logo Keywords:Gaming Keyboard Color:Customizable Usage:computer office gaming","og_url":"https:\/\/darshion.com\/pl\/produkt\/cx23-wired-gaming-mechanical-keyboard-factory\/","og_site_name":"darshion","article_modified_time":"2024-07-31T03:18:06+00:00","og_image":[{"width":800,"height":800,"url":"https:\/\/darshion.com\/wp-content\/uploads\/2024\/07\/H638851ed0b8d48afa342792d615cef69C.jpg","type":"image\/jpeg"}],"twitter_card":"summary_large_image","twitter_misc":{"Szacowany czas czytania":"3 minuty"},"schema":{"@context":"https:\/\/schema.org","@graph":[{"@type":"WebPage","@id":"https:\/\/darshion.com\/product\/cx23-wired-gaming-mechanical-keyboard-factory\/","url":"https:\/\/darshion.com\/product\/cx23-wired-gaming-mechanical-keyboard-factory\/","name":"Fabryczna przewodowa klawiatura mechaniczna do gier CX23 61 klawiszy - darshion","isPartOf":{"@id":"https:\/\/darshion.com\/#website"},"primaryImageOfPage":{"@id":"https:\/\/darshion.com\/product\/cx23-wired-gaming-mechanical-keyboard-factory\/#primaryimage"},"image":{"@id":"https:\/\/darshion.com\/product\/cx23-wired-gaming-mechanical-keyboard-factory\/#primaryimage"},"thumbnailUrl":"https:\/\/darshion.com\/wp-content\/uploads\/2024\/07\/H638851ed0b8d48afa342792d615cef69C.jpg","datePublished":"2024-07-31T03:01:38+00:00","dateModified":"2024-07-31T03:18:06+00:00","breadcrumb":{"@id":"https:\/\/darshion.com\/product\/cx23-wired-gaming-mechanical-keyboard-factory\/#breadcrumb"},"inLanguage":"pl-PL","potentialAction":[{"@type":"ReadAction","target":["https:\/\/darshion.com\/product\/cx23-wired-gaming-mechanical-keyboard-factory\/"]}]},{"@type":"ImageObject","inLanguage":"pl-PL","@id":"https:\/\/darshion.com\/product\/cx23-wired-gaming-mechanical-keyboard-factory\/#primaryimage","url":"https:\/\/darshion.com\/wp-content\/uploads\/2024\/07\/H638851ed0b8d48afa342792d615cef69C.jpg","contentUrl":"https:\/\/darshion.com\/wp-content\/uploads\/2024\/07\/H638851ed0b8d48afa342792d615cef69C.jpg","width":800,"height":800},{"@type":"BreadcrumbList","@id":"https:\/\/darshion.com\/product\/cx23-wired-gaming-mechanical-keyboard-factory\/#breadcrumb","itemListElement":[{"@type":"ListItem","position":1,"name":"\u9996\u9875","item":"https:\/\/darshion.com\/"},{"@type":"ListItem","position":2,"name":"PRODUCT","item":"https:\/\/darshion.com\/pt\/product\/"},{"@type":"ListItem","position":3,"name":"CX23 61 Keys Wired Gaming Mechanical Keyboard Factory"}]},{"@type":"WebSite","@id":"https:\/\/darshion.com\/#website","url":"https:\/\/darshion.com\/","name":"darshion","description":"14 lat do\u015bwiadczenia, zapewnienie jako\u015bci, innowacyjny design","publisher":{"@id":"https:\/\/darshion.com\/#organization"},"potentialAction":[{"@type":"SearchAction","target":{"@type":"EntryPoint","urlTemplate":"https:\/\/darshion.com\/?s={search_term_string}"},"query-input":{"@type":"PropertyValueSpecification","valueRequired":true,"valueName":"search_term_string"}}],"inLanguage":"pl-PL"},{"@type":"Organization","@id":"https:\/\/darshion.com\/#organization","name":"darshion","url":"https:\/\/darshion.com\/","logo":{"@type":"ImageObject","inLanguage":"pl-PL","@id":"https:\/\/darshion.com\/#\/schema\/logo\/image\/","url":"https:\/\/darshion.com\/wp-content\/uploads\/2023\/09\/01-1.png","contentUrl":"https:\/\/darshion.com\/wp-content\/uploads\/2023\/09\/01-1.png","width":350,"height":100,"caption":"darshion"},"image":{"@id":"https:\/\/darshion.com\/#\/schema\/logo\/image\/"}}]}},"_links":{"self":[{"href":"https:\/\/darshion.com\/pl\/wp-json\/wp\/v2\/product\/4076"}],"collection":[{"href":"https:\/\/darshion.com\/pl\/wp-json\/wp\/v2\/product"}],"about":[{"href":"https:\/\/darshion.com\/pl\/wp-json\/wp\/v2\/types\/product"}],"replies":[{"embeddable":true,"href":"https:\/\/darshion.com\/pl\/wp-json\/wp\/v2\/comments?post=4076"}],"wp:featuredmedia":[{"embeddable":true,"href":"https:\/\/darshion.com\/pl\/wp-json\/wp\/v2\/media\/4066"}],"wp:attachment":[{"href":"https:\/\/darshion.com\/pl\/wp-json\/wp\/v2\/media?parent=4076"}],"wp:term":[{"taxonomy":"product_cat","embeddable":true,"href":"https:\/\/darshion.com\/pl\/wp-json\/wp\/v2\/product_cat?post=4076"},{"taxonomy":"product_tag","embeddable":true,"href":"https:\/\/darshion.com\/pl\/wp-json\/wp\/v2\/product_tag?post=4076"}],"curies":[{"name":"wp","href":"https:\/\/api.w.org\/{rel}","templated":true}]}}