{"id":4333,"date":"2026-03-06T18:02:07","date_gmt":"2026-03-06T10:02:07","guid":{"rendered":"https:\/\/darshion.com\/product\/110-keys-ultra-thin-scissor-silent-qwerty-keyboard-wired-slim-office-computer-silent-keyboard-for-pc-laptop-keyboard-for-mac\/"},"modified":"2026-03-06T18:02:13","modified_gmt":"2026-03-06T10:02:13","slug":"110-keys-ultra-thin-scissor-silent-qwerty-keyboard-wired-slim-office-computer-silent-keyboard-for-pc-laptop-keyboard-for-mac","status":"publish","type":"product","link":"https:\/\/darshion.com\/pl\/produkt\/110-keys-ultra-thin-scissor-silent-qwerty-keyboard-wired-slim-office-computer-silent-keyboard-for-pc-laptop-keyboard-for-mac\/","title":{"rendered":"110 klawiszy Ultracienka, cicha, no\u017cycowa klawiatura Qwerty Przewodowa, smuk\u0142a, cicha klawiatura biurowa do komputera PC Klawiatura do laptopa dla komputer\u00f3w Mac"},"content":{"rendered":"<div class=\"J_module\">\n<div class=\"magic-1\" style=\"border-bottom:solid 2px currentColor;font-size:24px;padding:8px 0 4px 0;margin:0 0 8px 0\" id=\"ali-anchor-AliMagic-6jtcax\" data-section=\"AliMagic-6jtcax\" data-section-title=\"Products Description\">Opis produkt\u00f3w<\/div>\n<\/div>\n<div class=\"J_module\">\n<div class=\"detail-decorate-json-renderer-container\">1.  Liczba klawiszy: 110 klawiszy<br \/>\n2.  Wyj\u0105tkowo smuk\u0142a i responsywna konstrukcja no\u017cyczek Silent<br \/>\n3.  Dost\u0119pne opcje baterii alkalicznej \/ litowej<br \/>\n4.  Materia\u0142: ABS\/Aluminium Dost\u0119pne opcje &nbsp; &nbsp; &nbsp; &nbsp; &nbsp; &nbsp; &nbsp; &nbsp;<br \/>\n5.  Dost\u0119pne opcje podw\u00f3jnego trybu przewodowego\/2.4G\/Bluetooth<br \/>\n6.  12 Grup funkcji mutimedialnych Fn+F<br \/>\n7.  Naci\u015bni\u0119cie klawisza 1,6 mm, wygodne pisanie<br \/>\n8.  Z prze\u0142\u0105cznikiem on\/off do oszcz\u0119dzania energii<br \/>\n9.  Pojemno\u015b\u0107 baterii: 300 mAh<br \/>\n10.  Wyciszenie bez klikni\u0119\u0107 i mniej zak\u0142\u00f3ce\u0144<br \/>\n11.  5 milion\u00f3w kluczy o \u017cywotno\u015bci<br \/>\n12. rozmiar klawiatury:433*123*23mm; waga:578g<\/div>\n<\/div>\n<div class=\"J_module\">\n<div class=\"icbu-pc-detailManyImage magic-7\">\n<div class=\"magic-8\"><img decoding=\"async\" class=\"magic-9\" src=\"https:\/\/darshion.com\/wp-content\/uploads\/2026\/03\/H0ed11bbe2f0e43ea8780240714cdd918R.jpg\" \/><\/div>\n<div class=\"magic-8\"><img decoding=\"async\" class=\"magic-9\" src=\"https:\/\/darshion.com\/wp-content\/uploads\/2026\/03\/Hf3c061d43d1b4bdf9ea43fdebebb94874.jpg\" \/><\/div>\n<div class=\"magic-8\"><img decoding=\"async\" class=\"magic-9\" src=\"https:\/\/darshion.com\/wp-content\/uploads\/2026\/03\/H2e0721c474484c70bedc2f3eb1619877C.jpg\" \/><\/div>\n<div class=\"magic-8\"><img decoding=\"async\" class=\"magic-9\" src=\"https:\/\/darshion.com\/wp-content\/uploads\/2026\/03\/H0006685772634ac3923820992426ad89e.jpg\" \/><\/div>\n<div class=\"magic-8\"><img decoding=\"async\" class=\"magic-9\" src=\"https:\/\/darshion.com\/wp-content\/uploads\/2026\/03\/Hfa92c5a8de4b4eb29f1a027485862709m.jpg\" \/><\/div>\n<div class=\"magic-8\"><img decoding=\"async\" class=\"magic-9\" src=\"https:\/\/darshion.com\/wp-content\/uploads\/2026\/03\/Hca072d2f81a2420aa4773978360fb419t.jpg\" \/><\/div>\n<div class=\"magic-8\"><img decoding=\"async\" class=\"magic-9\" src=\"https:\/\/darshion.com\/wp-content\/uploads\/2026\/03\/H94e48779779a4ec682580aadc5c36380I.jpg\" \/><\/div>\n<div class=\"magic-8\"><img decoding=\"async\" class=\"magic-9\" src=\"https:\/\/darshion.com\/wp-content\/uploads\/2026\/03\/Hfe4edc1ff838457586b2ef59f4e0c21aS.jpg\" \/><\/div>\n<div class=\"magic-8\"><img decoding=\"async\" class=\"magic-9\" src=\"https:\/\/darshion.com\/wp-content\/uploads\/2026\/03\/H7677437863f94fa8a2e6fed6dbd04a19m.jpg\" \/><\/div>\n<\/div>\n<\/div>\n<div class=\"J_module\">\n<div class=\"magic-1\" style=\"border-bottom:solid 2px currentColor;font-size:24px;padding:8px 0 4px 0;margin:0 0 8px 0\" id=\"ali-anchor-AliMagic-c0c2ff\" data-section=\"AliMagic-c0c2ff\" data-section-title=\"Related Products\"><\/div>\n<\/div>","protected":false},"excerpt":{"rendered":"<div>[Industry-specific attributes]<br \/>interface type:Usb<br \/>keyboard standard:110 Keys<br \/>operation style:SCISSOR<br \/>style:Projection Keyboard, For Laptop, Slim, Fashion<br \/>type:Wired<\/p>\n<p>[Other attributes]<br \/>place of origin:Guangdong, China<br \/>application:Desktop<br \/>drive interface:Usb Type C<br \/>mechanical:No<br \/>model number:CK-140U<br \/>Feature:Multimedia Keys, Ultra Thin<br \/>full size keyboard:Yes<br \/>keyboard backlit:No<br \/>private mold:Yes<br \/>products status:New<br \/>wrist support:No<br \/>Product name:Ultra-thinKeyboard SlimSilent PC Laptop Wired Keyboard for Mac<br \/>Keywords:Keyboard for mac<br \/>Color:White<br \/>Model:Scissors Silent Wireless Keyboard<br \/>Material:ABS<br \/>Function:Replace Laptop Keyboard<br \/>Layout:Customized Layout<br \/>Warranty:12 Months<br \/>Package:Customized Box<br \/>MOQ:1PCS<\/div>\n","protected":false},"featured_media":4327,"comment_status":"open","ping_status":"closed","template":"","meta":{"_monsterinsights_skip_tracking":false,"_monsterinsights_sitenote_active":false,"_monsterinsights_sitenote_note":"","_monsterinsights_sitenote_category":0},"product_cat":[555,553],"product_tag":[112],"yoast_head":"<!-- This site is optimized with the Yoast SEO Premium plugin v22.9 (Yoast SEO v24.0) - https:\/\/yoast.com\/wordpress\/plugins\/seo\/ -->\n<title>110 Keys Ultra-thin Scissor Silent Qwerty Keyboard Wired Slim Office Computer Silent Keyboard for PC Laptop Keyboard for Mac - darshion<\/title>\n<meta name=\"robots\" content=\"index, follow, max-snippet:-1, max-image-preview:large, max-video-preview:-1\" \/>\n<link rel=\"canonical\" href=\"https:\/\/darshion.com\/pl\/produkt\/110-keys-ultra-thin-scissor-silent-qwerty-keyboard-wired-slim-office-computer-silent-keyboard-for-pc-laptop-keyboard-for-mac\/\" \/>\n<meta property=\"og:locale\" content=\"pl_PL\" \/>\n<meta property=\"og:type\" content=\"article\" \/>\n<meta property=\"og:title\" content=\"110 Keys Ultra-thin Scissor Silent Qwerty Keyboard Wired Slim Office Computer Silent Keyboard for PC Laptop Keyboard for Mac\" \/>\n<meta property=\"og:description\" content=\"[Industry-specific attributes]interface type:Usbkeyboard standard:110 Keysoperation style:SCISSORstyle:Projection Keyboard, For Laptop, Slim, Fashiontype:Wired[Other attributes]place of origin:Guangdong, Chinaapplication:Desktopdrive interface:Usb Type Cmechanical:Nomodel number:CK-140UFeature:Multimedia Keys, Ultra Thinfull size keyboard:Yeskeyboard backlit:Noprivate mold:Yesproducts status:Newwrist support:NoProduct name:Ultra-thinKeyboard SlimSilent PC Laptop Wired Keyboard for MacKeywords:Keyboard for macColor:WhiteModel:Scissors Silent Wireless KeyboardMaterial:ABSFunction:Replace Laptop KeyboardLayout:Customized LayoutWarranty:12 MonthsPackage:Customized BoxMOQ:1PCS\" \/>\n<meta property=\"og:url\" content=\"https:\/\/darshion.com\/pl\/produkt\/110-keys-ultra-thin-scissor-silent-qwerty-keyboard-wired-slim-office-computer-silent-keyboard-for-pc-laptop-keyboard-for-mac\/\" \/>\n<meta property=\"og:site_name\" content=\"darshion\" \/>\n<meta property=\"article:modified_time\" content=\"2026-03-06T10:02:13+00:00\" \/>\n<meta property=\"og:image\" content=\"https:\/\/darshion.com\/wp-content\/uploads\/2026\/03\/H0ed11bbe2f0e43ea8780240714cdd918R.jpg\" \/>\n<meta name=\"twitter:card\" content=\"summary_large_image\" \/>\n<script type=\"application\/ld+json\" class=\"yoast-schema-graph\">{\"@context\":\"https:\/\/schema.org\",\"@graph\":[{\"@type\":\"WebPage\",\"@id\":\"https:\/\/darshion.com\/product\/110-keys-ultra-thin-scissor-silent-qwerty-keyboard-wired-slim-office-computer-silent-keyboard-for-pc-laptop-keyboard-for-mac\/\",\"url\":\"https:\/\/darshion.com\/product\/110-keys-ultra-thin-scissor-silent-qwerty-keyboard-wired-slim-office-computer-silent-keyboard-for-pc-laptop-keyboard-for-mac\/\",\"name\":\"110 Keys Ultra-thin Scissor Silent Qwerty Keyboard Wired Slim Office Computer Silent Keyboard for PC Laptop Keyboard for Mac - darshion\",\"isPartOf\":{\"@id\":\"https:\/\/darshion.com\/#website\"},\"primaryImageOfPage\":{\"@id\":\"https:\/\/darshion.com\/product\/110-keys-ultra-thin-scissor-silent-qwerty-keyboard-wired-slim-office-computer-silent-keyboard-for-pc-laptop-keyboard-for-mac\/#primaryimage\"},\"image\":{\"@id\":\"https:\/\/darshion.com\/product\/110-keys-ultra-thin-scissor-silent-qwerty-keyboard-wired-slim-office-computer-silent-keyboard-for-pc-laptop-keyboard-for-mac\/#primaryimage\"},\"thumbnailUrl\":\"https:\/\/darshion.com\/wp-content\/uploads\/2026\/03\/H1a5ccec3ce5a4cdbab95ab72a27c802dx.jpg\",\"datePublished\":\"2026-03-06T10:02:07+00:00\",\"dateModified\":\"2026-03-06T10:02:13+00:00\",\"breadcrumb\":{\"@id\":\"https:\/\/darshion.com\/product\/110-keys-ultra-thin-scissor-silent-qwerty-keyboard-wired-slim-office-computer-silent-keyboard-for-pc-laptop-keyboard-for-mac\/#breadcrumb\"},\"inLanguage\":\"pl-PL\",\"potentialAction\":[{\"@type\":\"ReadAction\",\"target\":[\"https:\/\/darshion.com\/product\/110-keys-ultra-thin-scissor-silent-qwerty-keyboard-wired-slim-office-computer-silent-keyboard-for-pc-laptop-keyboard-for-mac\/\"]}]},{\"@type\":\"ImageObject\",\"inLanguage\":\"pl-PL\",\"@id\":\"https:\/\/darshion.com\/product\/110-keys-ultra-thin-scissor-silent-qwerty-keyboard-wired-slim-office-computer-silent-keyboard-for-pc-laptop-keyboard-for-mac\/#primaryimage\",\"url\":\"https:\/\/darshion.com\/wp-content\/uploads\/2026\/03\/H1a5ccec3ce5a4cdbab95ab72a27c802dx.jpg\",\"contentUrl\":\"https:\/\/darshion.com\/wp-content\/uploads\/2026\/03\/H1a5ccec3ce5a4cdbab95ab72a27c802dx.jpg\",\"width\":800,\"height\":800},{\"@type\":\"BreadcrumbList\",\"@id\":\"https:\/\/darshion.com\/product\/110-keys-ultra-thin-scissor-silent-qwerty-keyboard-wired-slim-office-computer-silent-keyboard-for-pc-laptop-keyboard-for-mac\/#breadcrumb\",\"itemListElement\":[{\"@type\":\"ListItem\",\"position\":1,\"name\":\"\u9996\u9875\",\"item\":\"https:\/\/darshion.com\/\"},{\"@type\":\"ListItem\",\"position\":2,\"name\":\"PRODUCT\",\"item\":\"https:\/\/darshion.com\/pt\/product\/\"},{\"@type\":\"ListItem\",\"position\":3,\"name\":\"110 Keys Ultra-thin Scissor Silent Qwerty Keyboard Wired Slim Office Computer Silent Keyboard for PC Laptop Keyboard for Mac\"}]},{\"@type\":\"WebSite\",\"@id\":\"https:\/\/darshion.com\/#website\",\"url\":\"https:\/\/darshion.com\/\",\"name\":\"darshion\",\"description\":\"14 Years of Experience, Quality Assurance, Innovative Design\",\"publisher\":{\"@id\":\"https:\/\/darshion.com\/#organization\"},\"potentialAction\":[{\"@type\":\"SearchAction\",\"target\":{\"@type\":\"EntryPoint\",\"urlTemplate\":\"https:\/\/darshion.com\/?s={search_term_string}\"},\"query-input\":{\"@type\":\"PropertyValueSpecification\",\"valueRequired\":true,\"valueName\":\"search_term_string\"}}],\"inLanguage\":\"pl-PL\"},{\"@type\":\"Organization\",\"@id\":\"https:\/\/darshion.com\/#organization\",\"name\":\"darshion\",\"url\":\"https:\/\/darshion.com\/\",\"logo\":{\"@type\":\"ImageObject\",\"inLanguage\":\"pl-PL\",\"@id\":\"https:\/\/darshion.com\/#\/schema\/logo\/image\/\",\"url\":\"https:\/\/darshion.com\/wp-content\/uploads\/2023\/09\/01-1.png\",\"contentUrl\":\"https:\/\/darshion.com\/wp-content\/uploads\/2023\/09\/01-1.png\",\"width\":350,\"height\":100,\"caption\":\"darshion\"},\"image\":{\"@id\":\"https:\/\/darshion.com\/#\/schema\/logo\/image\/\"}}]}<\/script>\n<!-- \/ Yoast SEO Premium plugin. -->","yoast_head_json":{"title":"110 Keys Ultra-thin Scissor Silent Qwerty Keyboard Wired Slim Office Computer Silent Keyboard for PC Laptop Keyboard for Mac - darshion","robots":{"index":"index","follow":"follow","max-snippet":"max-snippet:-1","max-image-preview":"max-image-preview:large","max-video-preview":"max-video-preview:-1"},"canonical":"https:\/\/darshion.com\/pl\/produkt\/110-keys-ultra-thin-scissor-silent-qwerty-keyboard-wired-slim-office-computer-silent-keyboard-for-pc-laptop-keyboard-for-mac\/","og_locale":"pl_PL","og_type":"article","og_title":"110 Keys Ultra-thin Scissor Silent Qwerty Keyboard Wired Slim Office Computer Silent Keyboard for PC Laptop Keyboard for Mac","og_description":"[Industry-specific attributes]interface type:Usbkeyboard standard:110 Keysoperation style:SCISSORstyle:Projection Keyboard, For Laptop, Slim, Fashiontype:Wired[Other attributes]place of origin:Guangdong, Chinaapplication:Desktopdrive interface:Usb Type Cmechanical:Nomodel number:CK-140UFeature:Multimedia Keys, Ultra Thinfull size keyboard:Yeskeyboard backlit:Noprivate mold:Yesproducts status:Newwrist support:NoProduct name:Ultra-thinKeyboard SlimSilent PC Laptop Wired Keyboard for MacKeywords:Keyboard for macColor:WhiteModel:Scissors Silent Wireless KeyboardMaterial:ABSFunction:Replace Laptop KeyboardLayout:Customized LayoutWarranty:12 MonthsPackage:Customized BoxMOQ:1PCS","og_url":"https:\/\/darshion.com\/pl\/produkt\/110-keys-ultra-thin-scissor-silent-qwerty-keyboard-wired-slim-office-computer-silent-keyboard-for-pc-laptop-keyboard-for-mac\/","og_site_name":"darshion","article_modified_time":"2026-03-06T10:02:13+00:00","og_image":[{"url":"https:\/\/darshion.com\/wp-content\/uploads\/2026\/03\/H0ed11bbe2f0e43ea8780240714cdd918R.jpg","type":"","width":"","height":""}],"twitter_card":"summary_large_image","schema":{"@context":"https:\/\/schema.org","@graph":[{"@type":"WebPage","@id":"https:\/\/darshion.com\/product\/110-keys-ultra-thin-scissor-silent-qwerty-keyboard-wired-slim-office-computer-silent-keyboard-for-pc-laptop-keyboard-for-mac\/","url":"https:\/\/darshion.com\/product\/110-keys-ultra-thin-scissor-silent-qwerty-keyboard-wired-slim-office-computer-silent-keyboard-for-pc-laptop-keyboard-for-mac\/","name":"110 Keys Ultra-thin Scissor Silent Qwerty Keyboard Wired Slim Office Computer Silent Keyboard for PC Laptop Keyboard for Mac - darshion","isPartOf":{"@id":"https:\/\/darshion.com\/#website"},"primaryImageOfPage":{"@id":"https:\/\/darshion.com\/product\/110-keys-ultra-thin-scissor-silent-qwerty-keyboard-wired-slim-office-computer-silent-keyboard-for-pc-laptop-keyboard-for-mac\/#primaryimage"},"image":{"@id":"https:\/\/darshion.com\/product\/110-keys-ultra-thin-scissor-silent-qwerty-keyboard-wired-slim-office-computer-silent-keyboard-for-pc-laptop-keyboard-for-mac\/#primaryimage"},"thumbnailUrl":"https:\/\/darshion.com\/wp-content\/uploads\/2026\/03\/H1a5ccec3ce5a4cdbab95ab72a27c802dx.jpg","datePublished":"2026-03-06T10:02:07+00:00","dateModified":"2026-03-06T10:02:13+00:00","breadcrumb":{"@id":"https:\/\/darshion.com\/product\/110-keys-ultra-thin-scissor-silent-qwerty-keyboard-wired-slim-office-computer-silent-keyboard-for-pc-laptop-keyboard-for-mac\/#breadcrumb"},"inLanguage":"pl-PL","potentialAction":[{"@type":"ReadAction","target":["https:\/\/darshion.com\/product\/110-keys-ultra-thin-scissor-silent-qwerty-keyboard-wired-slim-office-computer-silent-keyboard-for-pc-laptop-keyboard-for-mac\/"]}]},{"@type":"ImageObject","inLanguage":"pl-PL","@id":"https:\/\/darshion.com\/product\/110-keys-ultra-thin-scissor-silent-qwerty-keyboard-wired-slim-office-computer-silent-keyboard-for-pc-laptop-keyboard-for-mac\/#primaryimage","url":"https:\/\/darshion.com\/wp-content\/uploads\/2026\/03\/H1a5ccec3ce5a4cdbab95ab72a27c802dx.jpg","contentUrl":"https:\/\/darshion.com\/wp-content\/uploads\/2026\/03\/H1a5ccec3ce5a4cdbab95ab72a27c802dx.jpg","width":800,"height":800},{"@type":"BreadcrumbList","@id":"https:\/\/darshion.com\/product\/110-keys-ultra-thin-scissor-silent-qwerty-keyboard-wired-slim-office-computer-silent-keyboard-for-pc-laptop-keyboard-for-mac\/#breadcrumb","itemListElement":[{"@type":"ListItem","position":1,"name":"\u9996\u9875","item":"https:\/\/darshion.com\/"},{"@type":"ListItem","position":2,"name":"PRODUCT","item":"https:\/\/darshion.com\/pt\/product\/"},{"@type":"ListItem","position":3,"name":"110 Keys Ultra-thin Scissor Silent Qwerty Keyboard Wired Slim Office Computer Silent Keyboard for PC Laptop Keyboard for Mac"}]},{"@type":"WebSite","@id":"https:\/\/darshion.com\/#website","url":"https:\/\/darshion.com\/","name":"darshion","description":"14 lat do\u015bwiadczenia, zapewnienie jako\u015bci, innowacyjny design","publisher":{"@id":"https:\/\/darshion.com\/#organization"},"potentialAction":[{"@type":"SearchAction","target":{"@type":"EntryPoint","urlTemplate":"https:\/\/darshion.com\/?s={search_term_string}"},"query-input":{"@type":"PropertyValueSpecification","valueRequired":true,"valueName":"search_term_string"}}],"inLanguage":"pl-PL"},{"@type":"Organization","@id":"https:\/\/darshion.com\/#organization","name":"darshion","url":"https:\/\/darshion.com\/","logo":{"@type":"ImageObject","inLanguage":"pl-PL","@id":"https:\/\/darshion.com\/#\/schema\/logo\/image\/","url":"https:\/\/darshion.com\/wp-content\/uploads\/2023\/09\/01-1.png","contentUrl":"https:\/\/darshion.com\/wp-content\/uploads\/2023\/09\/01-1.png","width":350,"height":100,"caption":"darshion"},"image":{"@id":"https:\/\/darshion.com\/#\/schema\/logo\/image\/"}}]}},"_links":{"self":[{"href":"https:\/\/darshion.com\/pl\/wp-json\/wp\/v2\/product\/4333"}],"collection":[{"href":"https:\/\/darshion.com\/pl\/wp-json\/wp\/v2\/product"}],"about":[{"href":"https:\/\/darshion.com\/pl\/wp-json\/wp\/v2\/types\/product"}],"replies":[{"embeddable":true,"href":"https:\/\/darshion.com\/pl\/wp-json\/wp\/v2\/comments?post=4333"}],"wp:featuredmedia":[{"embeddable":true,"href":"https:\/\/darshion.com\/pl\/wp-json\/wp\/v2\/media\/4327"}],"wp:attachment":[{"href":"https:\/\/darshion.com\/pl\/wp-json\/wp\/v2\/media?parent=4333"}],"wp:term":[{"taxonomy":"product_cat","embeddable":true,"href":"https:\/\/darshion.com\/pl\/wp-json\/wp\/v2\/product_cat?post=4333"},{"taxonomy":"product_tag","embeddable":true,"href":"https:\/\/darshion.com\/pl\/wp-json\/wp\/v2\/product_tag?post=4333"}],"curies":[{"name":"wp","href":"https:\/\/api.w.org\/{rel}","templated":true}]}}