{"id":4356,"date":"2026-03-06T18:04:56","date_gmt":"2026-03-06T10:04:56","guid":{"rendered":"https:\/\/darshion.com\/product\/amz-hot-sale-rechargeable-wireless-keyboard-mute-silent-split-computer-office-ergo-ergonomic-mouse-and-keyboard-with-palm-rest\/"},"modified":"2026-03-06T18:05:02","modified_gmt":"2026-03-06T10:05:02","slug":"amz-hot-sale-rechargeable-wireless-keyboard-mute-silent-split-computer-office-ergo-ergonomic-mouse-and-keyboard-with-palm-rest","status":"publish","type":"product","link":"https:\/\/darshion.com\/pl\/produkt\/amz-hot-sale-rechargeable-wireless-keyboard-mute-silent-split-computer-office-ergo-ergonomic-mouse-and-keyboard-with-palm-rest\/","title":{"rendered":"AMZ Gor\u0105ca wyprzeda\u017c Bezprzewodowa klawiatura z mo\u017cliwo\u015bci\u0105 \u0142adowania Wyciszona, dzielona, ergonomiczna mysz i klawiatura biurowa Ergo z podp\u00f3rk\u0105 pod nadgarstki"},"content":{"rendered":"<div class=\"J_module\">\n<div class=\"magic-1\" style=\"border-bottom:solid 2px currentColor;font-size:24px;padding:8px 0 4px 0;margin:0 0 8px 0\" id=\"ali-anchor-AliMagic-7wyugl\" data-section=\"AliMagic-7wyugl\" data-section-title=\"Products Description\">Opis produkt\u00f3w<\/div>\n<\/div>\n<div class=\"J_module\">\n<div class=\"detail-decorate-json-renderer-container\">1.  Liczba klawiszy: 111 klawiszy<br \/>\n2.  Dost\u0119pne opcje podw\u00f3jnego trybu przewodowego\/2.4G\/Bluetooth<br \/>\n3.  Dost\u0119pne opcje baterii alkalicznej \/ litowej<br \/>\n4.  Wyposa\u017cony w wodoodporn\u0105 poduszk\u0119 z tkaniny,<br \/>\nZapewnienie wsparcia i komfortu dla d\u0142oni i nadgarstk\u00f3w<br \/>\n5.  Zaprojektowany, aby zminimalizowa\u0107 obci\u0105\u017cenie i dyskomfort w d\u0142oniach, nadgarstkach i ramionach<br \/>\n6.  Standardowa \u017cywotno\u015b\u0107 klucza: 5 milion\u00f3w razy<br \/>\n7.  Aerodynamiczna konstrukcja Doskona\u0142e wyczucie klawiatury<br \/>\n8.  Materia\u0142y przyjazne dla \u015brodowiska<br \/>\n9.  Wyciszenie bez klikni\u0119\u0107 i mniej zak\u0142\u00f3ce\u0144<br \/>\n10.  Size:455.71*229.83*51.2mm;Weight:885g<br \/>1.  Mysz pionowa 6D o ma\u0142ym rozmiarze<br \/>\n2.  Dost\u0119pne opcje podw\u00f3jnego trybu przewodowego\/2.4G\/Bluetooth<br \/>\n3.  Dost\u0119pne opcje baterii alkalicznej \/ litowej<br \/>\n4.  DPI: 800\/1200\/1600 (do 3200)<br \/>\n5.  Rozmiar: 111,16 * 83,91 * 66,57 mm; Waga: 90,8 g \u00b1 5 g<br \/>\n6.  \u017bywotno\u015b\u0107 przycisku wynosi 3 miliony razy<br \/>\n7.  Port \u0142adowania typu C; kabel \u0142aduj\u0105cy o d\u0142ugo\u015bci 80 cm<br \/>\n8.  Ciche klikni\u0119cie Mniej zak\u0142\u00f3ce\u0144 lub klikni\u0119cie d\u017awi\u0119kowe<br \/>\n9.  Kompatybilny z Windows 2000\/ 2003\/ ME\/ XP\/ Vista\/ Win7\/ 8\/ 10\/ MAC OS\/ Linux<br \/>\n10.  Ma\u0142a mysz pionowa, dostosowana do azjatyckich proporcji d\u0142oni. Wygodna dla kobiet i m\u0119\u017cczyzn o ma\u0142ych d\u0142oniach<br \/>Mo\u017cliwo\u015b\u0107 dostosowania\u3011 - Kolory<br \/>- Przewodowy\/bezprzewodowy\/2.4G\/Bluetooth Tr\u00f3jtrybowy\/wielokana\u0142owy<br \/>- Rozwi\u0105zania wewn\u0119trzne: Yichip\/NORDIC\/BEKEN\/MOSART\/TELINK\/<br \/>- Uk\u0142ad: USA\/Wielka Brytania\/Korea Po\u0142udniowa\/Pacyfik\/Brazylia\/Rosja itp.<br \/>- LOGO i pakowanie<\/div>\n<\/div>\n<div class=\"J_module\">\n<div class=\"magic-1\" style=\"border-bottom:solid 2px currentColor;font-size:24px;padding:8px 0 4px 0;margin:0 0 8px 0\" id=\"ali-anchor-AliMagic-ji4iiw\" data-section=\"AliMagic-ji4iiw\" data-section-title=\"Details Images\">Szczeg\u00f3\u0142y Obrazy<\/div>\n<\/div>\n<div class=\"J_module\">\n<div class=\"icbu-pc-detailManyImage magic-6\">\n<div class=\"magic-7\"><img decoding=\"async\" class=\"magic-8\" src=\"https:\/\/darshion.com\/wp-content\/uploads\/2026\/03\/Hd8d78fb732e442e6bc9dad57fc4840daW.jpg\" \/><\/div>\n<div class=\"magic-7\"><img decoding=\"async\" class=\"magic-8\" src=\"https:\/\/darshion.com\/wp-content\/uploads\/2026\/03\/H560836872f97482ca05781fdb7b2b1698.jpg\" \/><\/div>\n<div class=\"magic-7\"><img decoding=\"async\" class=\"magic-8\" src=\"https:\/\/darshion.com\/wp-content\/uploads\/2026\/03\/Had1ccc004ef14e0f9274aec85a39d37d8.jpg\" \/><\/div>\n<div class=\"magic-7\"><img decoding=\"async\" class=\"magic-8\" src=\"https:\/\/darshion.com\/wp-content\/uploads\/2026\/03\/H0da09593186a4cadab98ab82a3be778fL.jpg\" \/><\/div>\n<div class=\"magic-7\"><img decoding=\"async\" class=\"magic-8\" src=\"https:\/\/darshion.com\/wp-content\/uploads\/2026\/03\/H4bf44d705d4e4774804077b1d313c9145.jpg\" \/><\/div>\n<div class=\"magic-7\"><img decoding=\"async\" class=\"magic-8\" src=\"https:\/\/darshion.com\/wp-content\/uploads\/2026\/03\/H85ed28863445423f9be30936be6dfa0cp.jpg\" \/><\/div>\n<div class=\"magic-7\"><img decoding=\"async\" class=\"magic-8\" src=\"https:\/\/darshion.com\/wp-content\/uploads\/2026\/03\/H57c7bd7d3812455e88031de808640f5d5.jpg\" \/><\/div>\n<div class=\"magic-7\"><img decoding=\"async\" class=\"magic-8\" src=\"https:\/\/darshion.com\/wp-content\/uploads\/2026\/03\/H1739b72787b04c10b1f46d07f5b5d7451.jpg\" \/><\/div>\n<\/div>\n<\/div>\n<div class=\"J_module\">\n<div class=\"magic-9\" style=\"border-bottom:solid 2px currentColor;font-size:24px;padding:8px 0 4px 0;margin:0 0 8px 0\" id=\"ali-anchor-AliMagic-cc466g\" data-section=\"AliMagic-cc466g\" data-section-title=\"WHY CHOOSE US?\"><\/div>\n<\/div>","protected":false},"excerpt":{"rendered":"<div>[Industry-specific attributes]<br \/>supports human engineering:Yes<br \/>type:Multimedia, Ergonomic, Wireless<\/p>\n<p>[Other attributes]<br \/>place of origin:Guangdong, China<br \/>interface:RF<br \/>keyboard backlit:NO<br \/>keyboard standard:111Keys<br \/>mechanical:No<br \/>model number:T1+V30<br \/>Brand:COUSO<br \/>anti-ghosting:Multi Keys<br \/>applicable object:For Desktop<br \/>dpi:1600<br \/>feature:anti-fall, Waterproof<br \/>mouse connection:Wireless<br \/>private mold:Yes<br \/>with multimedia function keys:Yes<br \/>wrist support:Yes<br \/>Product name:2.4g wireless Ergonomic Keyboard<br \/>Palm Rest:Soft Leather Pad<br \/>Function 1:Multifunctional Keyboard<br \/>Keywords:wireless ergonomic keyboard<br \/>Layout:customizable<br \/>Logo:customizable<br \/>Certification:CE,ROHS,FCC<br \/>Usage:Office home computer<br \/>Package:customizable<br \/>Feature:Human Ergonomic<\/div>\n","protected":false},"featured_media":4343,"comment_status":"open","ping_status":"closed","template":"","meta":{"_monsterinsights_skip_tracking":false,"_monsterinsights_sitenote_active":false,"_monsterinsights_sitenote_note":"","_monsterinsights_sitenote_category":0},"product_cat":[552,553],"product_tag":[134,103],"yoast_head":"<!-- This site is optimized with the Yoast SEO Premium plugin v22.9 (Yoast SEO v24.0) - https:\/\/yoast.com\/wordpress\/plugins\/seo\/ -->\n<title>AMZ Hot Sale Rechargeable Wireless Keyboard Mute Silent Split Computer Office Ergo Ergonomic Mouse and Keyboard with Palm Rest - darshion<\/title>\n<meta name=\"robots\" content=\"index, follow, max-snippet:-1, max-image-preview:large, max-video-preview:-1\" \/>\n<link rel=\"canonical\" href=\"https:\/\/darshion.com\/pl\/produkt\/amz-hot-sale-rechargeable-wireless-keyboard-mute-silent-split-computer-office-ergo-ergonomic-mouse-and-keyboard-with-palm-rest\/\" \/>\n<meta property=\"og:locale\" content=\"pl_PL\" \/>\n<meta property=\"og:type\" content=\"article\" \/>\n<meta property=\"og:title\" content=\"AMZ Hot Sale Rechargeable Wireless Keyboard Mute Silent Split Computer Office Ergo Ergonomic Mouse and Keyboard with Palm Rest\" \/>\n<meta property=\"og:description\" content=\"[Industry-specific attributes]supports human engineering:Yestype:Multimedia, Ergonomic, Wireless[Other attributes]place of origin:Guangdong, Chinainterface:RFkeyboard backlit:NOkeyboard standard:111Keysmechanical:Nomodel number:T1+V30Brand:COUSOanti-ghosting:Multi Keysapplicable object:For Desktopdpi:1600feature:anti-fall, Waterproofmouse connection:Wirelessprivate mold:Yeswith multimedia function keys:Yeswrist support:YesProduct name:2.4g wireless Ergonomic KeyboardPalm Rest:Soft Leather PadFunction 1:Multifunctional KeyboardKeywords:wireless ergonomic keyboardLayout:customizableLogo:customizableCertification:CE,ROHS,FCCUsage:Office home computerPackage:customizableFeature:Human Ergonomic\" \/>\n<meta property=\"og:url\" content=\"https:\/\/darshion.com\/pl\/produkt\/amz-hot-sale-rechargeable-wireless-keyboard-mute-silent-split-computer-office-ergo-ergonomic-mouse-and-keyboard-with-palm-rest\/\" \/>\n<meta property=\"og:site_name\" content=\"darshion\" \/>\n<meta property=\"article:modified_time\" content=\"2026-03-06T10:05:02+00:00\" \/>\n<meta property=\"og:image\" content=\"https:\/\/darshion.com\/wp-content\/uploads\/2026\/03\/Hd8d78fb732e442e6bc9dad57fc4840daW.jpg\" \/>\n<meta name=\"twitter:card\" content=\"summary_large_image\" \/>\n<meta name=\"twitter:label1\" content=\"Szacowany czas czytania\" \/>\n\t<meta name=\"twitter:data1\" content=\"1 minuta\" \/>\n<script type=\"application\/ld+json\" class=\"yoast-schema-graph\">{\"@context\":\"https:\/\/schema.org\",\"@graph\":[{\"@type\":\"WebPage\",\"@id\":\"https:\/\/darshion.com\/product\/amz-hot-sale-rechargeable-wireless-keyboard-mute-silent-split-computer-office-ergo-ergonomic-mouse-and-keyboard-with-palm-rest\/\",\"url\":\"https:\/\/darshion.com\/product\/amz-hot-sale-rechargeable-wireless-keyboard-mute-silent-split-computer-office-ergo-ergonomic-mouse-and-keyboard-with-palm-rest\/\",\"name\":\"AMZ Hot Sale Rechargeable Wireless Keyboard Mute Silent Split Computer Office Ergo Ergonomic Mouse and Keyboard with Palm Rest - darshion\",\"isPartOf\":{\"@id\":\"https:\/\/darshion.com\/#website\"},\"primaryImageOfPage\":{\"@id\":\"https:\/\/darshion.com\/product\/amz-hot-sale-rechargeable-wireless-keyboard-mute-silent-split-computer-office-ergo-ergonomic-mouse-and-keyboard-with-palm-rest\/#primaryimage\"},\"image\":{\"@id\":\"https:\/\/darshion.com\/product\/amz-hot-sale-rechargeable-wireless-keyboard-mute-silent-split-computer-office-ergo-ergonomic-mouse-and-keyboard-with-palm-rest\/#primaryimage\"},\"thumbnailUrl\":\"https:\/\/darshion.com\/wp-content\/uploads\/2026\/03\/H86879c8083df4a9eaa2c873a6647c32dK.jpg\",\"datePublished\":\"2026-03-06T10:04:56+00:00\",\"dateModified\":\"2026-03-06T10:05:02+00:00\",\"breadcrumb\":{\"@id\":\"https:\/\/darshion.com\/product\/amz-hot-sale-rechargeable-wireless-keyboard-mute-silent-split-computer-office-ergo-ergonomic-mouse-and-keyboard-with-palm-rest\/#breadcrumb\"},\"inLanguage\":\"pl-PL\",\"potentialAction\":[{\"@type\":\"ReadAction\",\"target\":[\"https:\/\/darshion.com\/product\/amz-hot-sale-rechargeable-wireless-keyboard-mute-silent-split-computer-office-ergo-ergonomic-mouse-and-keyboard-with-palm-rest\/\"]}]},{\"@type\":\"ImageObject\",\"inLanguage\":\"pl-PL\",\"@id\":\"https:\/\/darshion.com\/product\/amz-hot-sale-rechargeable-wireless-keyboard-mute-silent-split-computer-office-ergo-ergonomic-mouse-and-keyboard-with-palm-rest\/#primaryimage\",\"url\":\"https:\/\/darshion.com\/wp-content\/uploads\/2026\/03\/H86879c8083df4a9eaa2c873a6647c32dK.jpg\",\"contentUrl\":\"https:\/\/darshion.com\/wp-content\/uploads\/2026\/03\/H86879c8083df4a9eaa2c873a6647c32dK.jpg\",\"width\":1400,\"height\":1400},{\"@type\":\"BreadcrumbList\",\"@id\":\"https:\/\/darshion.com\/product\/amz-hot-sale-rechargeable-wireless-keyboard-mute-silent-split-computer-office-ergo-ergonomic-mouse-and-keyboard-with-palm-rest\/#breadcrumb\",\"itemListElement\":[{\"@type\":\"ListItem\",\"position\":1,\"name\":\"\u9996\u9875\",\"item\":\"https:\/\/darshion.com\/\"},{\"@type\":\"ListItem\",\"position\":2,\"name\":\"PRODUCT\",\"item\":\"https:\/\/darshion.com\/pt\/product\/\"},{\"@type\":\"ListItem\",\"position\":3,\"name\":\"AMZ Hot Sale Rechargeable Wireless Keyboard Mute Silent Split Computer Office Ergo Ergonomic Mouse and Keyboard with Palm Rest\"}]},{\"@type\":\"WebSite\",\"@id\":\"https:\/\/darshion.com\/#website\",\"url\":\"https:\/\/darshion.com\/\",\"name\":\"darshion\",\"description\":\"14 Years of Experience, Quality Assurance, Innovative Design\",\"publisher\":{\"@id\":\"https:\/\/darshion.com\/#organization\"},\"potentialAction\":[{\"@type\":\"SearchAction\",\"target\":{\"@type\":\"EntryPoint\",\"urlTemplate\":\"https:\/\/darshion.com\/?s={search_term_string}\"},\"query-input\":{\"@type\":\"PropertyValueSpecification\",\"valueRequired\":true,\"valueName\":\"search_term_string\"}}],\"inLanguage\":\"pl-PL\"},{\"@type\":\"Organization\",\"@id\":\"https:\/\/darshion.com\/#organization\",\"name\":\"darshion\",\"url\":\"https:\/\/darshion.com\/\",\"logo\":{\"@type\":\"ImageObject\",\"inLanguage\":\"pl-PL\",\"@id\":\"https:\/\/darshion.com\/#\/schema\/logo\/image\/\",\"url\":\"https:\/\/darshion.com\/wp-content\/uploads\/2023\/09\/01-1.png\",\"contentUrl\":\"https:\/\/darshion.com\/wp-content\/uploads\/2023\/09\/01-1.png\",\"width\":350,\"height\":100,\"caption\":\"darshion\"},\"image\":{\"@id\":\"https:\/\/darshion.com\/#\/schema\/logo\/image\/\"}}]}<\/script>\n<!-- \/ Yoast SEO Premium plugin. -->","yoast_head_json":{"title":"AMZ Hot Sale Rechargeable Wireless Keyboard Mute Silent Split Computer Office Ergo Ergonomic Mouse and Keyboard with Palm Rest - darshion","robots":{"index":"index","follow":"follow","max-snippet":"max-snippet:-1","max-image-preview":"max-image-preview:large","max-video-preview":"max-video-preview:-1"},"canonical":"https:\/\/darshion.com\/pl\/produkt\/amz-hot-sale-rechargeable-wireless-keyboard-mute-silent-split-computer-office-ergo-ergonomic-mouse-and-keyboard-with-palm-rest\/","og_locale":"pl_PL","og_type":"article","og_title":"AMZ Hot Sale Rechargeable Wireless Keyboard Mute Silent Split Computer Office Ergo Ergonomic Mouse and Keyboard with Palm Rest","og_description":"[Industry-specific attributes]supports human engineering:Yestype:Multimedia, Ergonomic, Wireless[Other attributes]place of origin:Guangdong, Chinainterface:RFkeyboard backlit:NOkeyboard standard:111Keysmechanical:Nomodel number:T1+V30Brand:COUSOanti-ghosting:Multi Keysapplicable object:For Desktopdpi:1600feature:anti-fall, Waterproofmouse connection:Wirelessprivate mold:Yeswith multimedia function keys:Yeswrist support:YesProduct name:2.4g wireless Ergonomic KeyboardPalm Rest:Soft Leather PadFunction 1:Multifunctional KeyboardKeywords:wireless ergonomic keyboardLayout:customizableLogo:customizableCertification:CE,ROHS,FCCUsage:Office home computerPackage:customizableFeature:Human Ergonomic","og_url":"https:\/\/darshion.com\/pl\/produkt\/amz-hot-sale-rechargeable-wireless-keyboard-mute-silent-split-computer-office-ergo-ergonomic-mouse-and-keyboard-with-palm-rest\/","og_site_name":"darshion","article_modified_time":"2026-03-06T10:05:02+00:00","og_image":[{"url":"https:\/\/darshion.com\/wp-content\/uploads\/2026\/03\/Hd8d78fb732e442e6bc9dad57fc4840daW.jpg","type":"","width":"","height":""}],"twitter_card":"summary_large_image","twitter_misc":{"Szacowany czas czytania":"1 minuta"},"schema":{"@context":"https:\/\/schema.org","@graph":[{"@type":"WebPage","@id":"https:\/\/darshion.com\/product\/amz-hot-sale-rechargeable-wireless-keyboard-mute-silent-split-computer-office-ergo-ergonomic-mouse-and-keyboard-with-palm-rest\/","url":"https:\/\/darshion.com\/product\/amz-hot-sale-rechargeable-wireless-keyboard-mute-silent-split-computer-office-ergo-ergonomic-mouse-and-keyboard-with-palm-rest\/","name":"AMZ Hot Sale Rechargeable Wireless Keyboard Mute Silent Split Computer Office Ergo Ergonomic Mouse and Keyboard with Palm Rest - darshion","isPartOf":{"@id":"https:\/\/darshion.com\/#website"},"primaryImageOfPage":{"@id":"https:\/\/darshion.com\/product\/amz-hot-sale-rechargeable-wireless-keyboard-mute-silent-split-computer-office-ergo-ergonomic-mouse-and-keyboard-with-palm-rest\/#primaryimage"},"image":{"@id":"https:\/\/darshion.com\/product\/amz-hot-sale-rechargeable-wireless-keyboard-mute-silent-split-computer-office-ergo-ergonomic-mouse-and-keyboard-with-palm-rest\/#primaryimage"},"thumbnailUrl":"https:\/\/darshion.com\/wp-content\/uploads\/2026\/03\/H86879c8083df4a9eaa2c873a6647c32dK.jpg","datePublished":"2026-03-06T10:04:56+00:00","dateModified":"2026-03-06T10:05:02+00:00","breadcrumb":{"@id":"https:\/\/darshion.com\/product\/amz-hot-sale-rechargeable-wireless-keyboard-mute-silent-split-computer-office-ergo-ergonomic-mouse-and-keyboard-with-palm-rest\/#breadcrumb"},"inLanguage":"pl-PL","potentialAction":[{"@type":"ReadAction","target":["https:\/\/darshion.com\/product\/amz-hot-sale-rechargeable-wireless-keyboard-mute-silent-split-computer-office-ergo-ergonomic-mouse-and-keyboard-with-palm-rest\/"]}]},{"@type":"ImageObject","inLanguage":"pl-PL","@id":"https:\/\/darshion.com\/product\/amz-hot-sale-rechargeable-wireless-keyboard-mute-silent-split-computer-office-ergo-ergonomic-mouse-and-keyboard-with-palm-rest\/#primaryimage","url":"https:\/\/darshion.com\/wp-content\/uploads\/2026\/03\/H86879c8083df4a9eaa2c873a6647c32dK.jpg","contentUrl":"https:\/\/darshion.com\/wp-content\/uploads\/2026\/03\/H86879c8083df4a9eaa2c873a6647c32dK.jpg","width":1400,"height":1400},{"@type":"BreadcrumbList","@id":"https:\/\/darshion.com\/product\/amz-hot-sale-rechargeable-wireless-keyboard-mute-silent-split-computer-office-ergo-ergonomic-mouse-and-keyboard-with-palm-rest\/#breadcrumb","itemListElement":[{"@type":"ListItem","position":1,"name":"\u9996\u9875","item":"https:\/\/darshion.com\/"},{"@type":"ListItem","position":2,"name":"PRODUCT","item":"https:\/\/darshion.com\/pt\/product\/"},{"@type":"ListItem","position":3,"name":"AMZ Hot Sale Rechargeable Wireless Keyboard Mute Silent Split Computer Office Ergo Ergonomic Mouse and Keyboard with Palm Rest"}]},{"@type":"WebSite","@id":"https:\/\/darshion.com\/#website","url":"https:\/\/darshion.com\/","name":"darshion","description":"14 lat do\u015bwiadczenia, zapewnienie jako\u015bci, innowacyjny design","publisher":{"@id":"https:\/\/darshion.com\/#organization"},"potentialAction":[{"@type":"SearchAction","target":{"@type":"EntryPoint","urlTemplate":"https:\/\/darshion.com\/?s={search_term_string}"},"query-input":{"@type":"PropertyValueSpecification","valueRequired":true,"valueName":"search_term_string"}}],"inLanguage":"pl-PL"},{"@type":"Organization","@id":"https:\/\/darshion.com\/#organization","name":"darshion","url":"https:\/\/darshion.com\/","logo":{"@type":"ImageObject","inLanguage":"pl-PL","@id":"https:\/\/darshion.com\/#\/schema\/logo\/image\/","url":"https:\/\/darshion.com\/wp-content\/uploads\/2023\/09\/01-1.png","contentUrl":"https:\/\/darshion.com\/wp-content\/uploads\/2023\/09\/01-1.png","width":350,"height":100,"caption":"darshion"},"image":{"@id":"https:\/\/darshion.com\/#\/schema\/logo\/image\/"}}]}},"_links":{"self":[{"href":"https:\/\/darshion.com\/pl\/wp-json\/wp\/v2\/product\/4356"}],"collection":[{"href":"https:\/\/darshion.com\/pl\/wp-json\/wp\/v2\/product"}],"about":[{"href":"https:\/\/darshion.com\/pl\/wp-json\/wp\/v2\/types\/product"}],"replies":[{"embeddable":true,"href":"https:\/\/darshion.com\/pl\/wp-json\/wp\/v2\/comments?post=4356"}],"wp:featuredmedia":[{"embeddable":true,"href":"https:\/\/darshion.com\/pl\/wp-json\/wp\/v2\/media\/4343"}],"wp:attachment":[{"href":"https:\/\/darshion.com\/pl\/wp-json\/wp\/v2\/media?parent=4356"}],"wp:term":[{"taxonomy":"product_cat","embeddable":true,"href":"https:\/\/darshion.com\/pl\/wp-json\/wp\/v2\/product_cat?post=4356"},{"taxonomy":"product_tag","embeddable":true,"href":"https:\/\/darshion.com\/pl\/wp-json\/wp\/v2\/product_tag?post=4356"}],"curies":[{"name":"wp","href":"https:\/\/api.w.org\/{rel}","templated":true}]}}