{"id":999,"date":"2023-10-06T11:52:02","date_gmt":"2023-10-06T03:52:02","guid":{"rendered":"https:\/\/darshion.com\/?post_type=product&#038;p=999"},"modified":"2024-06-28T09:32:24","modified_gmt":"2024-06-28T01:32:24","slug":"gaming-mousepads","status":"publish","type":"product","link":"https:\/\/darshion.com\/pl\/produkt\/gaming-mousepads\/","title":{"rendered":"Podk\u0142adka pod mysz do gier z blokad\u0105 kraw\u0119dzi Dostawca niestandardowego wzoru"},"content":{"rendered":"<p>Cechy:<\/p>\n<p>Wytrzyma\u0142e kraw\u0119dzie: Podk\u0142adka pod mysz ma delikatne kraw\u0119dzie, kt\u00f3re zapobiegaj\u0105 zu\u017cyciu. Zapewniaj\u0105 d\u0142ugotrwa\u0142e u\u017cytkowanie bez deformacji i odszumiania.<\/p>\n<p>G\u0142adka powierzchnia: Tekstura jest g\u0119stsza. Mysz mo\u017cna szybko przesuwa\u0107 i dok\u0142adnie pozycjonowa\u0107, aby zapewni\u0107 p\u0142ynniejsze sterowanie mysz\u0105. Idealna do laptopa, komputera i PC.<\/p>\n<p>Antypo\u015blizgowa gumowa podstawa: G\u0119ste cieniowanie i antypo\u015blizgowa podstawa z naturalnej gumy zapewniaj\u0105 pewny chwyt na biurku. Najwy\u017cszej jako\u015bci mi\u0119kki materia\u0142 zapewnia komfort i kontrol\u0119 nad mysz\u0105.<\/p>\n<p>Zmywalna konstrukcja i ochrona przed blakni\u0119ciem: ta mata pod mysz jest wykonana z materia\u0142u o doskona\u0142ym efekcie blokuj\u0105cym kolor. P\u0142ynne plamy mo\u017cna czy\u015bci\u0107 wod\u0105 podczas ci\u0105g\u0142ego u\u017cytkowania. I nie wyblaknie przy wielokrotnym czyszczeniu.<\/p>\n<p>Kolor: D\u0105\u017cymy do zapewnienia najbardziej kolorowych wydruk\u00f3w. U\u017cywamy 6 kolor\u00f3w do drukowania, podczas gdy wi\u0119kszo\u015b\u0107 konkurent\u00f3w u\u017cywa 4 kolor\u00f3w, a my u\u017cywamy zastrze\u017conej mieszanki CMYK i kolor\u00f3w neonowych, aby stworzy\u0107 najszersz\u0105 mo\u017cliw\u0105 gam\u0119 kolor\u00f3w.<br \/>\nProces drukowania: Nasza podk\u0142adka pod mysz jest drukowana i produkowana za pomoc\u0105 prasowania na gor\u0105co i sublimacji barwnika, kt\u00f3ra jest procesem przekszta\u0142cania cia\u0142 sta\u0142ych w gazy. Wysoka temperatura prasy drukarskiej zamienia atrament w gaz i \u0142\u0105czy si\u0119 z g\u0142adkim materia\u0142em poliestrowym, kt\u00f3ry tworzy g\u00f3rn\u0105 cz\u0119\u015b\u0107 podk\u0142adki pod mysz, dzi\u0119ki czemu nie musisz si\u0119 martwi\u0107 o z\u0142uszczanie si\u0119 lub blakni\u0119cie wzoru.<\/p>\n<p>Szerokie zastosowanie: Dost\u0119pne dla wszystkich typ\u00f3w myszy, laserowych i optycznych. Idealny rozmiar do codziennego u\u017cytku.<\/p>\n<p>Spersonalizuj swoj\u0105 podk\u0142adk\u0119 pod mysz:<br \/>\n1.100% Brand New<br \/>\n2. Podk\u0142adk\u0105 pod mysz mo\u017cna udekorowa\u0107 pulpit.<br \/>\n3. \u0141adny kolorowy nadruk na podk\u0142adce pod mysz<br \/>\n4. Wysoka jako\u015b\u0107, wykonany z mi\u0119kkiej gumy i g\u0142adkiej tkaniny<br \/>\n5. Wszystkie rozmiary (zakres odchyle\u0144: 1-3 cm 2. Nale\u017cy pami\u0119ta\u0107, \u017ce niewielka r\u00f3\u017cnica kolor\u00f3w powinna by\u0107 dopuszczalna ze wzgl\u0119du na \u015bwiat\u0142o i ekran).<br \/>\n6. Mo\u017cemy dostosowa\u0107 dowolne zdj\u0119cie. Mo\u017cesz si\u0119 z nami skontaktowa\u0107, je\u015bli tego potrzebujesz. Je\u015bli kupisz wi\u0119cej. Prosimy o kontakt z naszym dzia\u0142em obs\u0142ugi klienta. Damy ci cen\u0119 hurtow\u0105.<\/p>\n<p>Wz\u00f3r niestandardowy: Upewnij si\u0119, \u017ce zdj\u0119cie ma wysok\u0105 rozdzielczo\u015b\u0107, najlepiej nie mniejsz\u0105 ni\u017c 1920 * 1080, je\u015bli zdj\u0119cie jest wi\u0119ksze ni\u017c 5 MB, wy\u015blij link do zdj\u0119cia do sprzedawcy lub popro\u015b sprzedawc\u0119 o wys\u0142anie wiadomo\u015bci e-mail<\/p>","protected":false},"excerpt":{"rendered":"<p>Chiny Podk\u0142adka pod mysz do gier Producent antypo\u015blizgowych podk\u0142adek na biurko<\/p>","protected":false},"featured_media":1000,"comment_status":"open","ping_status":"closed","template":"","meta":{"_monsterinsights_skip_tracking":false,"_monsterinsights_sitenote_active":false,"_monsterinsights_sitenote_note":"","_monsterinsights_sitenote_category":0},"product_cat":[100],"product_tag":[107,103],"yoast_head":"<!-- This site is optimized with the Yoast SEO Premium plugin v22.9 (Yoast SEO v24.0) - https:\/\/yoast.com\/wordpress\/plugins\/seo\/ -->\n<title>Locking Edge Gaming Mousepad Custom Pattern Supplier - darshion<\/title>\n<meta name=\"robots\" content=\"index, follow, max-snippet:-1, max-image-preview:large, max-video-preview:-1\" \/>\n<link rel=\"canonical\" href=\"https:\/\/darshion.com\/pl\/produkt\/gaming-mousepads\/\" \/>\n<meta property=\"og:locale\" content=\"pl_PL\" \/>\n<meta property=\"og:type\" content=\"article\" \/>\n<meta property=\"og:title\" content=\"Locking Edge Gaming Mousepad Custom Pattern Supplier\" \/>\n<meta property=\"og:description\" content=\"China Gaming Mousepad Computer Deskmat Non-Slip Manufacturer\" \/>\n<meta property=\"og:url\" content=\"https:\/\/darshion.com\/pl\/produkt\/gaming-mousepads\/\" \/>\n<meta property=\"og:site_name\" content=\"darshion\" \/>\n<meta property=\"article:modified_time\" content=\"2024-06-28T01:32:24+00:00\" \/>\n<meta property=\"og:image\" content=\"https:\/\/darshion.com\/wp-content\/uploads\/2023\/10\/1.webp\" \/>\n\t<meta property=\"og:image:width\" content=\"720\" \/>\n\t<meta property=\"og:image:height\" content=\"720\" \/>\n\t<meta property=\"og:image:type\" content=\"image\/webp\" \/>\n<meta name=\"twitter:card\" content=\"summary_large_image\" \/>\n<meta name=\"twitter:label1\" content=\"Szacowany czas czytania\" \/>\n\t<meta name=\"twitter:data1\" content=\"2 minuty\" \/>\n<script type=\"application\/ld+json\" class=\"yoast-schema-graph\">{\"@context\":\"https:\/\/schema.org\",\"@graph\":[{\"@type\":\"WebPage\",\"@id\":\"https:\/\/darshion.com\/product\/gaming-mousepads\/\",\"url\":\"https:\/\/darshion.com\/product\/gaming-mousepads\/\",\"name\":\"Locking Edge Gaming Mousepad Custom Pattern Supplier - darshion\",\"isPartOf\":{\"@id\":\"https:\/\/darshion.com\/#website\"},\"primaryImageOfPage\":{\"@id\":\"https:\/\/darshion.com\/product\/gaming-mousepads\/#primaryimage\"},\"image\":{\"@id\":\"https:\/\/darshion.com\/product\/gaming-mousepads\/#primaryimage\"},\"thumbnailUrl\":\"https:\/\/darshion.com\/wp-content\/uploads\/2023\/10\/1.webp\",\"datePublished\":\"2023-10-06T03:52:02+00:00\",\"dateModified\":\"2024-06-28T01:32:24+00:00\",\"breadcrumb\":{\"@id\":\"https:\/\/darshion.com\/product\/gaming-mousepads\/#breadcrumb\"},\"inLanguage\":\"pl-PL\",\"potentialAction\":[{\"@type\":\"ReadAction\",\"target\":[\"https:\/\/darshion.com\/product\/gaming-mousepads\/\"]}]},{\"@type\":\"ImageObject\",\"inLanguage\":\"pl-PL\",\"@id\":\"https:\/\/darshion.com\/product\/gaming-mousepads\/#primaryimage\",\"url\":\"https:\/\/darshion.com\/wp-content\/uploads\/2023\/10\/1.webp\",\"contentUrl\":\"https:\/\/darshion.com\/wp-content\/uploads\/2023\/10\/1.webp\",\"width\":720,\"height\":720},{\"@type\":\"BreadcrumbList\",\"@id\":\"https:\/\/darshion.com\/product\/gaming-mousepads\/#breadcrumb\",\"itemListElement\":[{\"@type\":\"ListItem\",\"position\":1,\"name\":\"\u9996\u9875\",\"item\":\"https:\/\/darshion.com\/\"},{\"@type\":\"ListItem\",\"position\":2,\"name\":\"PRODUCT\",\"item\":\"https:\/\/darshion.com\/pt\/product\/\"},{\"@type\":\"ListItem\",\"position\":3,\"name\":\"Locking Edge Gaming Mousepad Custom Pattern Supplier\"}]},{\"@type\":\"WebSite\",\"@id\":\"https:\/\/darshion.com\/#website\",\"url\":\"https:\/\/darshion.com\/\",\"name\":\"darshion\",\"description\":\"14 Years of Experience, Quality Assurance, Innovative Design\",\"publisher\":{\"@id\":\"https:\/\/darshion.com\/#organization\"},\"potentialAction\":[{\"@type\":\"SearchAction\",\"target\":{\"@type\":\"EntryPoint\",\"urlTemplate\":\"https:\/\/darshion.com\/?s={search_term_string}\"},\"query-input\":{\"@type\":\"PropertyValueSpecification\",\"valueRequired\":true,\"valueName\":\"search_term_string\"}}],\"inLanguage\":\"pl-PL\"},{\"@type\":\"Organization\",\"@id\":\"https:\/\/darshion.com\/#organization\",\"name\":\"darshion\",\"url\":\"https:\/\/darshion.com\/\",\"logo\":{\"@type\":\"ImageObject\",\"inLanguage\":\"pl-PL\",\"@id\":\"https:\/\/darshion.com\/#\/schema\/logo\/image\/\",\"url\":\"https:\/\/darshion.com\/wp-content\/uploads\/2023\/09\/01-1.png\",\"contentUrl\":\"https:\/\/darshion.com\/wp-content\/uploads\/2023\/09\/01-1.png\",\"width\":350,\"height\":100,\"caption\":\"darshion\"},\"image\":{\"@id\":\"https:\/\/darshion.com\/#\/schema\/logo\/image\/\"}}]}<\/script>\n<!-- \/ Yoast SEO Premium plugin. -->","yoast_head_json":{"title":"Podk\u0142adka pod mysz do gier z blokad\u0105 kraw\u0119dzi i niestandardowym wzorem - darshion","robots":{"index":"index","follow":"follow","max-snippet":"max-snippet:-1","max-image-preview":"max-image-preview:large","max-video-preview":"max-video-preview:-1"},"canonical":"https:\/\/darshion.com\/pl\/produkt\/gaming-mousepads\/","og_locale":"pl_PL","og_type":"article","og_title":"Locking Edge Gaming Mousepad Custom Pattern Supplier","og_description":"China Gaming Mousepad Computer Deskmat Non-Slip Manufacturer","og_url":"https:\/\/darshion.com\/pl\/produkt\/gaming-mousepads\/","og_site_name":"darshion","article_modified_time":"2024-06-28T01:32:24+00:00","og_image":[{"width":720,"height":720,"url":"https:\/\/darshion.com\/wp-content\/uploads\/2023\/10\/1.webp","type":"image\/webp"}],"twitter_card":"summary_large_image","twitter_misc":{"Szacowany czas czytania":"2 minuty"},"schema":{"@context":"https:\/\/schema.org","@graph":[{"@type":"WebPage","@id":"https:\/\/darshion.com\/product\/gaming-mousepads\/","url":"https:\/\/darshion.com\/product\/gaming-mousepads\/","name":"Podk\u0142adka pod mysz do gier z blokad\u0105 kraw\u0119dzi i niestandardowym wzorem - darshion","isPartOf":{"@id":"https:\/\/darshion.com\/#website"},"primaryImageOfPage":{"@id":"https:\/\/darshion.com\/product\/gaming-mousepads\/#primaryimage"},"image":{"@id":"https:\/\/darshion.com\/product\/gaming-mousepads\/#primaryimage"},"thumbnailUrl":"https:\/\/darshion.com\/wp-content\/uploads\/2023\/10\/1.webp","datePublished":"2023-10-06T03:52:02+00:00","dateModified":"2024-06-28T01:32:24+00:00","breadcrumb":{"@id":"https:\/\/darshion.com\/product\/gaming-mousepads\/#breadcrumb"},"inLanguage":"pl-PL","potentialAction":[{"@type":"ReadAction","target":["https:\/\/darshion.com\/product\/gaming-mousepads\/"]}]},{"@type":"ImageObject","inLanguage":"pl-PL","@id":"https:\/\/darshion.com\/product\/gaming-mousepads\/#primaryimage","url":"https:\/\/darshion.com\/wp-content\/uploads\/2023\/10\/1.webp","contentUrl":"https:\/\/darshion.com\/wp-content\/uploads\/2023\/10\/1.webp","width":720,"height":720},{"@type":"BreadcrumbList","@id":"https:\/\/darshion.com\/product\/gaming-mousepads\/#breadcrumb","itemListElement":[{"@type":"ListItem","position":1,"name":"\u9996\u9875","item":"https:\/\/darshion.com\/"},{"@type":"ListItem","position":2,"name":"PRODUCT","item":"https:\/\/darshion.com\/pt\/product\/"},{"@type":"ListItem","position":3,"name":"Locking Edge Gaming Mousepad Custom Pattern Supplier"}]},{"@type":"WebSite","@id":"https:\/\/darshion.com\/#website","url":"https:\/\/darshion.com\/","name":"darshion","description":"14 lat do\u015bwiadczenia, zapewnienie jako\u015bci, innowacyjny design","publisher":{"@id":"https:\/\/darshion.com\/#organization"},"potentialAction":[{"@type":"SearchAction","target":{"@type":"EntryPoint","urlTemplate":"https:\/\/darshion.com\/?s={search_term_string}"},"query-input":{"@type":"PropertyValueSpecification","valueRequired":true,"valueName":"search_term_string"}}],"inLanguage":"pl-PL"},{"@type":"Organization","@id":"https:\/\/darshion.com\/#organization","name":"darshion","url":"https:\/\/darshion.com\/","logo":{"@type":"ImageObject","inLanguage":"pl-PL","@id":"https:\/\/darshion.com\/#\/schema\/logo\/image\/","url":"https:\/\/darshion.com\/wp-content\/uploads\/2023\/09\/01-1.png","contentUrl":"https:\/\/darshion.com\/wp-content\/uploads\/2023\/09\/01-1.png","width":350,"height":100,"caption":"darshion"},"image":{"@id":"https:\/\/darshion.com\/#\/schema\/logo\/image\/"}}]}},"_links":{"self":[{"href":"https:\/\/darshion.com\/pl\/wp-json\/wp\/v2\/product\/999"}],"collection":[{"href":"https:\/\/darshion.com\/pl\/wp-json\/wp\/v2\/product"}],"about":[{"href":"https:\/\/darshion.com\/pl\/wp-json\/wp\/v2\/types\/product"}],"replies":[{"embeddable":true,"href":"https:\/\/darshion.com\/pl\/wp-json\/wp\/v2\/comments?post=999"}],"wp:featuredmedia":[{"embeddable":true,"href":"https:\/\/darshion.com\/pl\/wp-json\/wp\/v2\/media\/1000"}],"wp:attachment":[{"href":"https:\/\/darshion.com\/pl\/wp-json\/wp\/v2\/media?parent=999"}],"wp:term":[{"taxonomy":"product_cat","embeddable":true,"href":"https:\/\/darshion.com\/pl\/wp-json\/wp\/v2\/product_cat?post=999"},{"taxonomy":"product_tag","embeddable":true,"href":"https:\/\/darshion.com\/pl\/wp-json\/wp\/v2\/product_tag?post=999"}],"curies":[{"name":"wp","href":"https:\/\/api.w.org\/{rel}","templated":true}]}}