{"id":1402,"date":"2023-10-25T12:01:40","date_gmt":"2023-10-25T04:01:40","guid":{"rendered":"https:\/\/darshion.com\/?post_type=product&#038;p=1402"},"modified":"2024-06-28T09:32:23","modified_gmt":"2024-06-28T01:32:23","slug":"custom-gaming-mouse-pads","status":"publish","type":"product","link":"https:\/\/darshion.com\/pt\/produto\/custom-gaming-mouse-pads\/","title":{"rendered":"Mouse pad para jogos personalizado Fornecedor de borda de bloqueio"},"content":{"rendered":"<p><strong data-spm-anchor-id=\"a2g0o.detail.1000023.i0.2dba4611eeJYtX\">Caracter\u00edsticas:<\/strong><\/p>\n<p>*Bordas costuradas e dur\u00e1veis: Esse mouse pad tem bordas delicadas que podem evitar o desgaste. Garante o uso prolongado sem deforma\u00e7\u00e3o e degomagem.<\/p>\n<div>*Superf\u00edcie lisa: a textura \u00e9 mais densa. O mouse pode ser movido rapidamente e posicionado com precis\u00e3o para garantir um controle mais suave do mouse. Perfeito para seu laptop, computador e PC.<\/div>\n<div>*Base de borracha antiderrapante: o sombreamento denso e a base de borracha natural antiderrapante podem segurar firmemente a \u00e1rea de trabalho. Material macio de primeira qualidade para seu conforto e controle do mouse.<\/div>\n<div>*Design lav\u00e1vel e preven\u00e7\u00e3o contra desbotamento: esse tapete de mouse \u00e9 feito de um material que tem um \u00f3timo efeito de cor de bloqueio. As manchas de l\u00edquidos podem ser limpas com \u00e1gua para uso cont\u00ednuo. E n\u00e3o desbotar\u00e1 com a limpeza repetida.<\/div>\n<div>*Cor: N\u00f3s nos esfor\u00e7amos para fornecer as impress\u00f5es mais coloridas. Usamos 6 cores para impress\u00e3o, enquanto a maioria dos concorrentes usa 4 cores, e usamos uma mistura propriet\u00e1ria de CMYK e cores neon para criar a mais ampla gama de cores poss\u00edvel.<br \/>\n*Processo de impress\u00e3o: Nosso mouse pad \u00e9 impresso e produzido com a ajuda de prensagem a quente e sublima\u00e7\u00e3o de tinta, que \u00e9 o processo de convers\u00e3o de s\u00f3lidos em gases. A alta temperatura da prensa de impress\u00e3o transforma a tinta em g\u00e1s e se une ao material de poli\u00e9ster liso que forma a parte superior do mouse pad, de modo que voc\u00ea n\u00e3o precisa se preocupar com a possibilidade de o desenho descascar ou desbotar.<\/div>\n<div>*Ampla aplicabilidade: dispon\u00edvel para todos os tipos de mouse, laser e \u00f3ptico. Tamanho ideal para uso di\u00e1rio.<\/div>\n<div><strong>Especifica\u00e7\u00f5es:<\/strong><\/div>\n<div>Material: borracha + tecido<\/div>\n<div>Sizes : 30x60cm,30x70cm,30x80cm,40x70cm,40x80cm,40x90cm,50x100cm<\/div>\n<div>Espessura: 2\/3\/4\/5 mm<\/div>\n<div>Pacote inclu\u00eddo: 1 x Mouse Pad<\/div>\n<div>Observa\u00e7\u00e3o: Quando voc\u00ea abrir a embalagem, \u00e0s vezes haver\u00e1 um leve odor de borracha, o que \u00e9 normal e desaparecer\u00e1 em alguns dias.<\/div>\n<div>Ap\u00f3s o transporte de longa dist\u00e2ncia, o desvio de tamanho \u00e9 de 0,5 a 1,5 cm, o que \u00e9 um fen\u00f4meno normal.<\/div>","protected":false},"excerpt":{"rendered":"<p>Personalized Art Gaming Mouse Pad Gamer Large tapis de souris anime Rubber Locking Edge Big Computer Mousepad Laptop Desk Mat<\/p>","protected":false},"featured_media":1405,"comment_status":"open","ping_status":"closed","template":"","meta":{"_monsterinsights_skip_tracking":false,"_monsterinsights_sitenote_active":false,"_monsterinsights_sitenote_note":"","_monsterinsights_sitenote_category":0},"product_cat":[100],"product_tag":[107,134,103],"yoast_head":"<!-- This site is optimized with the Yoast SEO Premium plugin v22.9 (Yoast SEO v24.0) - https:\/\/yoast.com\/wordpress\/plugins\/seo\/ -->\n<title>custom Gaming Mouse pad Lock edge Supplier - darshion<\/title>\n<meta name=\"robots\" content=\"index, follow, max-snippet:-1, max-image-preview:large, max-video-preview:-1\" \/>\n<link rel=\"canonical\" href=\"https:\/\/darshion.com\/pt\/produto\/custom-gaming-mouse-pads\/\" \/>\n<meta property=\"og:locale\" content=\"pt_BR\" \/>\n<meta property=\"og:type\" content=\"article\" \/>\n<meta property=\"og:title\" content=\"custom Gaming Mouse pad Lock edge Supplier\" \/>\n<meta property=\"og:description\" content=\"Personalized Art Gaming Mouse Pad Gamer Large tapis de souris anime Rubber Locking Edge Big Computer Mousepad Laptop Desk Mat\" \/>\n<meta property=\"og:url\" content=\"https:\/\/darshion.com\/pt\/produto\/custom-gaming-mouse-pads\/\" \/>\n<meta property=\"og:site_name\" content=\"darshion\" \/>\n<meta property=\"article:modified_time\" content=\"2024-06-28T01:32:23+00:00\" \/>\n<meta property=\"og:image\" content=\"https:\/\/darshion.com\/wp-content\/uploads\/2023\/10\/Large-Custom-Mouse-pad-900x400-1200x600-Desk-Mat-Anime-Gaming-Mousepad-xxl-xl-Lock-edge-Game.jpg_.webp.jpg\" \/>\n\t<meta property=\"og:image:width\" content=\"800\" \/>\n\t<meta property=\"og:image:height\" content=\"800\" \/>\n\t<meta property=\"og:image:type\" content=\"image\/jpeg\" \/>\n<meta name=\"twitter:card\" content=\"summary_large_image\" \/>\n<meta name=\"twitter:label1\" content=\"Est. tempo de leitura\" \/>\n\t<meta name=\"twitter:data1\" content=\"1 minuto\" \/>\n<script type=\"application\/ld+json\" class=\"yoast-schema-graph\">{\"@context\":\"https:\/\/schema.org\",\"@graph\":[{\"@type\":\"WebPage\",\"@id\":\"https:\/\/darshion.com\/product\/custom-gaming-mouse-pads\/\",\"url\":\"https:\/\/darshion.com\/product\/custom-gaming-mouse-pads\/\",\"name\":\"custom Gaming Mouse pad Lock edge Supplier - darshion\",\"isPartOf\":{\"@id\":\"https:\/\/darshion.com\/#website\"},\"primaryImageOfPage\":{\"@id\":\"https:\/\/darshion.com\/product\/custom-gaming-mouse-pads\/#primaryimage\"},\"image\":{\"@id\":\"https:\/\/darshion.com\/product\/custom-gaming-mouse-pads\/#primaryimage\"},\"thumbnailUrl\":\"https:\/\/darshion.com\/wp-content\/uploads\/2023\/10\/Large-Custom-Mouse-pad-900x400-1200x600-Desk-Mat-Anime-Gaming-Mousepad-xxl-xl-Lock-edge-Game.jpg_.webp.jpg\",\"datePublished\":\"2023-10-25T04:01:40+00:00\",\"dateModified\":\"2024-06-28T01:32:23+00:00\",\"breadcrumb\":{\"@id\":\"https:\/\/darshion.com\/product\/custom-gaming-mouse-pads\/#breadcrumb\"},\"inLanguage\":\"pt-BR\",\"potentialAction\":[{\"@type\":\"ReadAction\",\"target\":[\"https:\/\/darshion.com\/product\/custom-gaming-mouse-pads\/\"]}]},{\"@type\":\"ImageObject\",\"inLanguage\":\"pt-BR\",\"@id\":\"https:\/\/darshion.com\/product\/custom-gaming-mouse-pads\/#primaryimage\",\"url\":\"https:\/\/darshion.com\/wp-content\/uploads\/2023\/10\/Large-Custom-Mouse-pad-900x400-1200x600-Desk-Mat-Anime-Gaming-Mousepad-xxl-xl-Lock-edge-Game.jpg_.webp.jpg\",\"contentUrl\":\"https:\/\/darshion.com\/wp-content\/uploads\/2023\/10\/Large-Custom-Mouse-pad-900x400-1200x600-Desk-Mat-Anime-Gaming-Mousepad-xxl-xl-Lock-edge-Game.jpg_.webp.jpg\",\"width\":800,\"height\":800},{\"@type\":\"BreadcrumbList\",\"@id\":\"https:\/\/darshion.com\/product\/custom-gaming-mouse-pads\/#breadcrumb\",\"itemListElement\":[{\"@type\":\"ListItem\",\"position\":1,\"name\":\"\u9996\u9875\",\"item\":\"https:\/\/darshion.com\/\"},{\"@type\":\"ListItem\",\"position\":2,\"name\":\"PRODUCT\",\"item\":\"https:\/\/darshion.com\/pt\/product\/\"},{\"@type\":\"ListItem\",\"position\":3,\"name\":\"custom Gaming Mouse pad Lock edge Supplier\"}]},{\"@type\":\"WebSite\",\"@id\":\"https:\/\/darshion.com\/#website\",\"url\":\"https:\/\/darshion.com\/\",\"name\":\"darshion\",\"description\":\"14 Years of Experience, Quality Assurance, Innovative Design\",\"publisher\":{\"@id\":\"https:\/\/darshion.com\/#organization\"},\"potentialAction\":[{\"@type\":\"SearchAction\",\"target\":{\"@type\":\"EntryPoint\",\"urlTemplate\":\"https:\/\/darshion.com\/?s={search_term_string}\"},\"query-input\":{\"@type\":\"PropertyValueSpecification\",\"valueRequired\":true,\"valueName\":\"search_term_string\"}}],\"inLanguage\":\"pt-BR\"},{\"@type\":\"Organization\",\"@id\":\"https:\/\/darshion.com\/#organization\",\"name\":\"darshion\",\"url\":\"https:\/\/darshion.com\/\",\"logo\":{\"@type\":\"ImageObject\",\"inLanguage\":\"pt-BR\",\"@id\":\"https:\/\/darshion.com\/#\/schema\/logo\/image\/\",\"url\":\"https:\/\/darshion.com\/wp-content\/uploads\/2023\/09\/01-1.png\",\"contentUrl\":\"https:\/\/darshion.com\/wp-content\/uploads\/2023\/09\/01-1.png\",\"width\":350,\"height\":100,\"caption\":\"darshion\"},\"image\":{\"@id\":\"https:\/\/darshion.com\/#\/schema\/logo\/image\/\"}}]}<\/script>\n<!-- \/ Yoast SEO Premium plugin. -->","yoast_head_json":{"title":"Mouse pad para jogos personalizado Fornecedor de borda de bloqueio - darshion","robots":{"index":"index","follow":"follow","max-snippet":"max-snippet:-1","max-image-preview":"max-image-preview:large","max-video-preview":"max-video-preview:-1"},"canonical":"https:\/\/darshion.com\/pt\/produto\/custom-gaming-mouse-pads\/","og_locale":"pt_BR","og_type":"article","og_title":"custom Gaming Mouse pad Lock edge Supplier","og_description":"Personalized Art Gaming Mouse Pad Gamer Large tapis de souris anime Rubber Locking Edge Big Computer Mousepad Laptop Desk Mat","og_url":"https:\/\/darshion.com\/pt\/produto\/custom-gaming-mouse-pads\/","og_site_name":"darshion","article_modified_time":"2024-06-28T01:32:23+00:00","og_image":[{"width":800,"height":800,"url":"https:\/\/darshion.com\/wp-content\/uploads\/2023\/10\/Large-Custom-Mouse-pad-900x400-1200x600-Desk-Mat-Anime-Gaming-Mousepad-xxl-xl-Lock-edge-Game.jpg_.webp.jpg","type":"image\/jpeg"}],"twitter_card":"summary_large_image","twitter_misc":{"Est. tempo de leitura":"1 minuto"},"schema":{"@context":"https:\/\/schema.org","@graph":[{"@type":"WebPage","@id":"https:\/\/darshion.com\/product\/custom-gaming-mouse-pads\/","url":"https:\/\/darshion.com\/product\/custom-gaming-mouse-pads\/","name":"Mouse pad para jogos personalizado Fornecedor de borda de bloqueio - darshion","isPartOf":{"@id":"https:\/\/darshion.com\/#website"},"primaryImageOfPage":{"@id":"https:\/\/darshion.com\/product\/custom-gaming-mouse-pads\/#primaryimage"},"image":{"@id":"https:\/\/darshion.com\/product\/custom-gaming-mouse-pads\/#primaryimage"},"thumbnailUrl":"https:\/\/darshion.com\/wp-content\/uploads\/2023\/10\/Large-Custom-Mouse-pad-900x400-1200x600-Desk-Mat-Anime-Gaming-Mousepad-xxl-xl-Lock-edge-Game.jpg_.webp.jpg","datePublished":"2023-10-25T04:01:40+00:00","dateModified":"2024-06-28T01:32:23+00:00","breadcrumb":{"@id":"https:\/\/darshion.com\/product\/custom-gaming-mouse-pads\/#breadcrumb"},"inLanguage":"pt-BR","potentialAction":[{"@type":"ReadAction","target":["https:\/\/darshion.com\/product\/custom-gaming-mouse-pads\/"]}]},{"@type":"ImageObject","inLanguage":"pt-BR","@id":"https:\/\/darshion.com\/product\/custom-gaming-mouse-pads\/#primaryimage","url":"https:\/\/darshion.com\/wp-content\/uploads\/2023\/10\/Large-Custom-Mouse-pad-900x400-1200x600-Desk-Mat-Anime-Gaming-Mousepad-xxl-xl-Lock-edge-Game.jpg_.webp.jpg","contentUrl":"https:\/\/darshion.com\/wp-content\/uploads\/2023\/10\/Large-Custom-Mouse-pad-900x400-1200x600-Desk-Mat-Anime-Gaming-Mousepad-xxl-xl-Lock-edge-Game.jpg_.webp.jpg","width":800,"height":800},{"@type":"BreadcrumbList","@id":"https:\/\/darshion.com\/product\/custom-gaming-mouse-pads\/#breadcrumb","itemListElement":[{"@type":"ListItem","position":1,"name":"\u9996\u9875","item":"https:\/\/darshion.com\/"},{"@type":"ListItem","position":2,"name":"PRODUCT","item":"https:\/\/darshion.com\/pt\/product\/"},{"@type":"ListItem","position":3,"name":"custom Gaming Mouse pad Lock edge Supplier"}]},{"@type":"WebSite","@id":"https:\/\/darshion.com\/#website","url":"https:\/\/darshion.com\/","name":"darshion","description":"14 anos de experi\u00eancia, garantia de qualidade, design inovador","publisher":{"@id":"https:\/\/darshion.com\/#organization"},"potentialAction":[{"@type":"SearchAction","target":{"@type":"EntryPoint","urlTemplate":"https:\/\/darshion.com\/?s={search_term_string}"},"query-input":{"@type":"PropertyValueSpecification","valueRequired":true,"valueName":"search_term_string"}}],"inLanguage":"pt-BR"},{"@type":"Organization","@id":"https:\/\/darshion.com\/#organization","name":"darshion","url":"https:\/\/darshion.com\/","logo":{"@type":"ImageObject","inLanguage":"pt-BR","@id":"https:\/\/darshion.com\/#\/schema\/logo\/image\/","url":"https:\/\/darshion.com\/wp-content\/uploads\/2023\/09\/01-1.png","contentUrl":"https:\/\/darshion.com\/wp-content\/uploads\/2023\/09\/01-1.png","width":350,"height":100,"caption":"darshion"},"image":{"@id":"https:\/\/darshion.com\/#\/schema\/logo\/image\/"}}]}},"_links":{"self":[{"href":"https:\/\/darshion.com\/pt\/wp-json\/wp\/v2\/product\/1402"}],"collection":[{"href":"https:\/\/darshion.com\/pt\/wp-json\/wp\/v2\/product"}],"about":[{"href":"https:\/\/darshion.com\/pt\/wp-json\/wp\/v2\/types\/product"}],"replies":[{"embeddable":true,"href":"https:\/\/darshion.com\/pt\/wp-json\/wp\/v2\/comments?post=1402"}],"wp:featuredmedia":[{"embeddable":true,"href":"https:\/\/darshion.com\/pt\/wp-json\/wp\/v2\/media\/1405"}],"wp:attachment":[{"href":"https:\/\/darshion.com\/pt\/wp-json\/wp\/v2\/media?parent=1402"}],"wp:term":[{"taxonomy":"product_cat","embeddable":true,"href":"https:\/\/darshion.com\/pt\/wp-json\/wp\/v2\/product_cat?post=1402"},{"taxonomy":"product_tag","embeddable":true,"href":"https:\/\/darshion.com\/pt\/wp-json\/wp\/v2\/product_tag?post=1402"}],"curies":[{"name":"wp","href":"https:\/\/api.w.org\/{rel}","templated":true}]}}