{"id":149,"date":"2023-09-14T16:01:15","date_gmt":"2023-09-14T08:01:15","guid":{"rendered":"https:\/\/darshion.com\/?post_type=product&#038;p=149"},"modified":"2024-07-19T12:15:39","modified_gmt":"2024-07-19T04:15:39","slug":"rgb-mousepads","status":"publish","type":"product","link":"https:\/\/darshion.com\/pt\/produto\/rgb-mousepads\/","title":{"rendered":"Mouse Pads RGB para jogos a granel"},"content":{"rendered":"<div class=\"elementor-element elementor-element-1766ea6 elementor-widget elementor-widget-heading\" data-id=\"1766ea6\" data-element_type=\"widget\" data-widget_type=\"heading.default\">\n<div class=\"elementor-widget-container\">\n<div id=\"ali-anchor-AliPostDhMb-80is8\" class=\"mceSectionContainer\" style=\"color: #000000; font-family: Arial; font-size: 12px; font-style: normal; font-weight: 400; padding-top: 8px;\" data-section=\"AliPostDhMb-80is8\" data-section-title=\"Product Description\">\n<div style=\"padding: 10px 0px;\">\n<div style=\"margin: 0px; padding: 0px; border: 0px; font-style: normal; font-weight: 400; font-size: 12px; line-height: inherit; font-family: Arial; vertical-align: baseline; color: #000000;\">\n<table class=\"is-zebra all magic-7\">\n<tbody>\n<tr>\n<td colspan=\"1\" rowspan=\"1\">\n<div class=\"magic-8\">\n<div class=\"magic-9\" data-spm-anchor-id=\"a2700.custom-template.0.i45.5b423333IFnvem\"><b><span class=\"magic-10\">Item:<\/span><\/b><\/div>\n<\/div>\n<\/td>\n<td colspan=\"1\" rowspan=\"1\">\n<div class=\"magic-11\"><b>Mouse Pad RGB<\/b><\/div>\n<\/td>\n<td colspan=\"1\" rowspan=\"1\">\n<div class=\"magic-12\"><span class=\"magic-13\"><span class=\"magic-14\"><b data-spm-anchor-id=\"a2700.custom-template.0.i215.5b423333IFnvem\">MOQ:<\/b><\/span><\/span><\/div>\n<\/td>\n<td colspan=\"1\" rowspan=\"1\">\n<div class=\"magic-15\">100 pe\u00e7as<\/div>\n<\/td>\n<\/tr>\n<tr>\n<td colspan=\"1\" rowspan=\"1\">\n<div class=\"magic-8\">\n<div class=\"magic-9\" data-spm-anchor-id=\"a2700.custom-template.0.i56.5b423333IFnvem\"><b><span class=\"magic-10\">Material:<\/span><\/b><\/div>\n<\/div>\n<\/td>\n<td colspan=\"1\" rowspan=\"1\">\n<div class=\"magic-11\">Borracha natural + tecido de seda + ilumina\u00e7\u00e3o RGB<\/div>\n<\/td>\n<td colspan=\"1\" rowspan=\"1\">\n<div class=\"magic-12\"><span class=\"magic-16\"><span class=\"magic-14\"><b data-spm-anchor-id=\"a2700.custom-template.0.i213.5b423333IFnvem\">Amostra :<\/b><\/span><\/span><\/div>\n<\/td>\n<td colspan=\"1\" rowspan=\"1\">\n<div class=\"magic-15\" data-spm-anchor-id=\"a2700.details.0.i82.454d7d05QsR4UP\">A taxa de amostragem pode ser deduzida<\/div>\n<\/td>\n<\/tr>\n<tr>\n<td colspan=\"1\" rowspan=\"1\">\n<div class=\"magic-8\"><b data-spm-anchor-id=\"a2700.custom-template.0.i220.5b423333IFnvem\">Impress\u00e3o<\/b><\/div>\n<\/td>\n<td colspan=\"1\" rowspan=\"1\">\n<div class=\"magic-11\"><b data-spm-anchor-id=\"a2700.custom-template.0.i305.5b423333IFnvem\">CMYK\u00a0<\/b><span data-spm-anchor-id=\"a2700.custom-template.0.i305.5b423333IFnvem\">Impress\u00e3o<\/span>\/<b data-spm-anchor-id=\"a2700.custom-template.0.i306.5b423333IFnvem\">Digital<\/b>\u00a0Impress\u00e3o\/<b>Seda<\/b>\u00a0Impress\u00e3o<\/div>\n<\/td>\n<td colspan=\"1\" rowspan=\"1\">\n<div class=\"magic-12\"><span class=\"magic-10\"><b data-spm-anchor-id=\"a2700.custom-template.0.i207.5b423333IFnvem\">Tempo de amostragem:<\/b><\/span><\/div>\n<\/td>\n<td colspan=\"1\" rowspan=\"1\">\n<div class=\"magic-15\">4-7 dias<\/div>\n<\/td>\n<\/tr>\n<tr>\n<td colspan=\"1\" rowspan=\"1\">\n<div class=\"magic-8\">\n<div class=\"magic-9\" data-spm-anchor-id=\"a2700.custom-template.0.i57.5b423333IFnvem\"><b><span class=\"magic-10\">Tamanho M:<\/span><\/b><\/div>\n<\/div>\n<\/td>\n<td colspan=\"1\" rowspan=\"1\">\n<div class=\"magic-11\"><b>350*250 mm\u00a0<\/b><\/div>\n<\/td>\n<td colspan=\"1\" rowspan=\"1\">\n<div class=\"magic-12\"><span class=\"magic-10\"><b data-spm-anchor-id=\"a2700.custom-template.0.i212.5b423333IFnvem\">Prazo de entrega:<\/b><\/span><\/div>\n<\/td>\n<td colspan=\"1\" rowspan=\"1\">\n<div class=\"magic-15\">7-28 dias \uff08normal\uff09<\/div>\n<\/td>\n<\/tr>\n<tr>\n<td colspan=\"1\" rowspan=\"1\">\n<div class=\"magic-8\">\n<div class=\"magic-9\" data-spm-anchor-id=\"a2700.custom-template.0.i58.5b423333IFnvem\"><b><span class=\"magic-10\">Tamanho L:<\/span><\/b><\/div>\n<\/div>\n<\/td>\n<td colspan=\"1\" rowspan=\"1\">\n<div class=\"magic-11\"><b>800*300 mm<\/b><\/div>\n<\/td>\n<td colspan=\"1\" rowspan=\"1\">\n<div class=\"magic-12\"><b>Local de origem\uff1a<\/b><\/div>\n<\/td>\n<td colspan=\"1\" rowspan=\"1\">\n<div class=\"magic-15\">Dongguan, China<\/div>\n<\/td>\n<\/tr>\n<tr>\n<td colspan=\"1\" rowspan=\"1\">\n<div class=\"magic-8\"><b><span class=\"magic-10\">Tamanho XL:<\/span><\/b><\/div>\n<\/td>\n<td colspan=\"1\" rowspan=\"1\">\n<div class=\"magic-11\"><b data-spm-anchor-id=\"a2700.custom-template.0.i29.1bba3333LwM3EE\">900*400 mm<\/b><\/div>\n<\/td>\n<td colspan=\"1\" rowspan=\"1\">\n<div class=\"magic-12\"><span class=\"magic-10\"><span class=\"magic-17\" data-spm-anchor-id=\"a2700.custom-template.0.i152.5b423333IFnvem\"><b data-spm-anchor-id=\"a2700.custom-template.0.i202.5b423333IFnvem\">Certificado:<\/b><\/span><\/span><\/div>\n<\/td>\n<td colspan=\"1\" rowspan=\"1\">\n<div class=\"magic-15\">Sedex\/Reach\/RoHS\/EN-71\/CE\/PAHs\/FAMA<\/div>\n<\/td>\n<\/tr>\n<tr>\n<td colspan=\"1\" rowspan=\"1\">\n<div class=\"magic-8\"><b><span class=\"magic-10\">Espessura:<\/span><\/b><\/div>\n<\/td>\n<td colspan=\"1\" rowspan=\"1\">\n<div class=\"magic-11\"><b>3mm\/4mm\/5mm\/6mm<\/b><\/div>\n<\/td>\n<td colspan=\"1\" rowspan=\"1\">\n<div class=\"magic-12\"><b class=\"magic-18\" data-spm-anchor-id=\"a2700.custom-template.0.i202.5b423333IFnvem\">Prazo do pre\u00e7o\uff1a<\/b><\/div>\n<\/td>\n<td colspan=\"1\" rowspan=\"1\">\n<div class=\"magic-15\">EXW\/FOB\/CIF\/Fedex\/DHL\/TNT\/UPS<\/div>\n<\/td>\n<\/tr>\n<tr>\n<td colspan=\"1\" rowspan=\"1\">\n<div class=\"magic-8\"><b><span class=\"magic-10\">Marca:<\/span><\/b><\/div>\n<\/td>\n<td colspan=\"1\" rowspan=\"1\">\n<div class=\"magic-11\"><b>Tigerwings ou OEM\/ODM<\/b><\/div>\n<\/td>\n<td colspan=\"1\" rowspan=\"1\">\n<div class=\"magic-12\"><b class=\"magic-19\" data-spm-anchor-id=\"a2700.custom-template.0.i202.5b423333IFnvem\">Prazo de pagamento\uff1a<\/b><\/div>\n<\/td>\n<td colspan=\"1\" rowspan=\"1\">\n<div class=\"magic-15\">T\/T, Paypal, Western Union, L\/C<\/div>\n<\/td>\n<\/tr>\n<tr>\n<td colspan=\"1\" rowspan=\"1\">\n<div class=\"magic-8\"><b><span class=\"magic-10\">Personalizado:<\/span><\/b><\/div>\n<\/td>\n<td colspan=\"3\" rowspan=\"1\">\n<div class=\"magic-20\" data-spm-anchor-id=\"a2700.details.0.i81.454d7d05QsR4UP\">Somos a\u00a0<b data-spm-anchor-id=\"a2700.custom-template.0.i291.5b423333IFnvem\">F\u00e1brica de origem<\/b>, aceitando\u00a0<b data-spm-anchor-id=\"a2700.custom-template.0.i290.5b423333IFnvem\">Personalizado\u00a0<\/b><span data-spm-anchor-id=\"a2700.custom-template.0.i290.5b423333IFnvem\"><b>MATERIAL, TAMANHO, IMPRESS\u00c3O, LOGOTIPO, BORDAS, EMBALAGEM<\/b><\/span>etc.<\/div>\n<\/td>\n<\/tr>\n<\/tbody>\n<\/table>\n<p>Novo modelo privado do produto de patente mais vendido da Amazon<\/p>\n<p>Nome do produto: Mouse Pad com ilumina\u00e7\u00e3o RGB<\/p>\n<p>Peso do produto:<\/p>\n<ul>\n<li>900<em>400<\/em>4 mm (peso 900-950 g)<\/li>\n<li>800<em>300<\/em>4 mm (peso 630-660 g)<\/li>\n<li>300<em>250<\/em>4 mm (peso de 300 a 350 g)<\/li>\n<\/ul>\n<p>Tamanho da caixa: 48*<em>48*<\/em>35cm, 25 pe\u00e7as, 17KG<\/p>\n<p>7 cores s\u00f3lidas, 14 modos: Azul, vermelho, verde, branco, roxo, ciano, amarelo, modo de respira\u00e7\u00e3o, modo de cavalo de corrida<\/p>\n<p>Fun\u00e7\u00e3o de mem\u00f3ria: Fun\u00e7\u00e3o de mem\u00f3ria de desligamento<\/p>\n<p>Interface do produto: Interface tipo C<\/p>\n<p>Fonte de alimenta\u00e7\u00e3o: 5V<\/p>\n<p>Embalagem: Caixa de cor inglesa<\/p>\n<p>Personaliz\u00e1vel: Design do logotipo, embalagem da caixa de papel, dimens\u00f5es<\/p>\n<p style=\"margin: 0px; padding: 0px; border: 0px; vertical-align: baseline;\"><span style=\"margin: 0px; padding: 0px; border: 0px; font-style: inherit; font-weight: inherit; font-size: 20px; line-height: 30px; vertical-align: baseline;\"><strong>O pacote inclui:<\/strong><\/span><span style=\"margin: 0px; padding: 0px; border: 0px; font-style: inherit; font-weight: inherit; font-size: 16px; line-height: 24px; vertical-align: baseline;\"> 1* mouse pad RGB, 1* cabo Type-C<\/span><\/p>\n<p style=\"margin: 0px; padding: 0px; border: 0px; vertical-align: baseline;\"><span style=\"margin: 0px; padding: 0px; border: 0px; font-style: inherit; font-weight: inherit; font-size: inherit; line-height: 18px; vertical-align: baseline; color: #ff0000;\"><span style=\"margin: 0px; padding: 0px; border: 0px; font-style: inherit; font-weight: inherit; font-size: 16px; line-height: 24px; vertical-align: baseline;\">nota:<\/span><\/span><\/p>\n<p style=\"margin: 0px; padding: 0px; border: 0px; vertical-align: baseline;\"><span style=\"margin: 0px; padding: 0px; border: 0px; font-style: inherit; font-weight: inherit; font-size: 16px; line-height: 24px; vertical-align: baseline; color: #ff0000;\">pressione uma vez para ligar\/ mudar de cor<\/span><\/p>\n<p style=\"margin: 0px; padding: 0px; border: 0px; vertical-align: baseline;\"><span style=\"margin: 0px; padding: 0px; border: 0px; font-style: inherit; font-weight: inherit; font-size: inherit; line-height: 18px; vertical-align: baseline; color: #ff0000;\"><span style=\"margin: 0px; padding: 0px; border: 0px; font-style: inherit; font-weight: inherit; font-size: 16px; line-height: 24px; vertical-align: baseline;\">pressione duas vezes rapidamente para ajustar o brilho<\/span><\/span><\/p>\n<div style=\"margin: 0px; padding: 0px; border: 0px; vertical-align: baseline;\"><span style=\"margin: 0px; padding: 0px; border: 0px; font-style: inherit; font-weight: inherit; font-size: inherit; line-height: 18px; vertical-align: baseline; color: #ff0000;\"><span style=\"margin: 0px; padding: 0px; border: 0px; font-style: inherit; font-weight: inherit; font-size: 16px; line-height: 24px; vertical-align: baseline;\">Pressione longamente por 3 segundos para desligar<\/span><\/span><\/div>\n<\/div>\n<\/div>\n<div>\n<h1>Manual do usu\u00e1rio do mouse pad RGB<\/h1>\n<h2 class=\"wp-block-heading\">1. fun\u00e7\u00f5es da chave de comuta\u00e7\u00e3o:<\/h2>\n<ol>\n<li>Clique uma vez para alternar os modos entre 14 padr\u00f5es de ilumina\u00e7\u00e3o, passando por eles.<\/li>\n<li>Clique duas vezes para alternar entre os n\u00edveis de brilho alto e baixo.<\/li>\n<li>Pressione e mantenha pressionado por 3 segundos para desligar a luz; pressione levemente novamente para lig\u00e1-la.<\/li>\n<li>Os padr\u00f5es de ilumina\u00e7\u00e3o e os n\u00edveis de brilho t\u00eam uma fun\u00e7\u00e3o de mem\u00f3ria. Independentemente de a energia ser desligada por um toque longo ou devido a uma queda de energia, o estado anterior ser\u00e1 lembrado.<\/li>\n<\/ol>\n<figure class=\"wp-block-image size-full\"><img fetchpriority=\"high\" decoding=\"async\" class=\"wp-image-1091\" src=\"https:\/\/rgbmousepad.com\/wp-content\/uploads\/2023\/10\/mousepad-swich.jpg\" sizes=\"(max-width: 790px) 100vw, 790px\" srcset=\"https:\/\/rgbmousepad.com\/wp-content\/uploads\/2023\/10\/mousepad-swich.jpg 790w, https:\/\/rgbmousepad.com\/wp-content\/uploads\/2023\/10\/mousepad-swich-300x297.jpg 300w, https:\/\/rgbmousepad.com\/wp-content\/uploads\/2023\/10\/mousepad-swich-150x150.jpg 150w, https:\/\/rgbmousepad.com\/wp-content\/uploads\/2023\/10\/mousepad-swich-768x761.jpg 768w, https:\/\/rgbmousepad.com\/wp-content\/uploads\/2023\/10\/mousepad-swich-600x595.jpg 600w, https:\/\/rgbmousepad.com\/wp-content\/uploads\/2023\/10\/mousepad-swich-100x100.jpg 100w\" alt=\"\" width=\"790\" height=\"783\" \/><\/figure>\n<h2 class=\"wp-block-heading\">2.Padr\u00f5es de ilumina\u00e7\u00e3o<\/h2>\n<ol>\n<li>Vermelho<\/li>\n<li>Azul<\/li>\n<li>Verde<\/li>\n<li>Roxo<\/li>\n<li>Ciano<\/li>\n<li>Amarelo<\/li>\n<li>Branco<\/li>\n<li>Gradiente ass\u00edncrono<\/li>\n<li>Gradiente s\u00edncrono<\/li>\n<li>Piscando<\/li>\n<li>Gradiente cintilante<\/li>\n<li>Desligado<\/li>\n<li>Respira\u00e7\u00e3o s\u00edncrona<\/li>\n<li>Respira\u00e7\u00e3o ass\u00edncrona<\/li>\n<\/ol>\n<figure class=\"wp-block-image size-full\"><img decoding=\"async\" class=\"wp-image-1095\" src=\"https:\/\/rgbmousepad.com\/wp-content\/uploads\/2023\/10\/O1CN01ueTMBo2DQgPHnwLK9_2210221638604-0-cib.gif\" alt=\"\" width=\"790\" height=\"790\" \/><\/figure>\n<h2 class=\"wp-block-heading\">3.Nota especial<\/h2>\n<ol>\n<li>Quando o usu\u00e1rio ligar o mouse pad, ele passar\u00e1 por uma autoverifica\u00e7\u00e3o com as cores vermelha, azul e verde. Se essas cores forem exibidas, isso indica que a ilumina\u00e7\u00e3o est\u00e1 funcionando corretamente.<\/li>\n<li>O mouse pad suporta uma interface USB plug-and-play e n\u00e3o requer a instala\u00e7\u00e3o de nenhum software.<\/li>\n<\/ol>\n<h2 class=\"wp-block-heading\">4. ESPECIFICA\u00c7\u00c3O T\u00c9CNICA<\/h2>\n<ol>\n<li>Bot\u00f5es seletores de modo de espectro RGB<\/li>\n<li>Otimizado para todas as configura\u00e7\u00f5es de sensibilidade<\/li>\n<li>Base de borracha antiderrapante<\/li>\n<li>Borda de ilumina\u00e7\u00e3o RGB<\/li>\n<li>Superf\u00edcie de tecido respir\u00e1vel<\/li>\n<\/ol>\n<figure class=\"wp-block-image size-large\"><a href=\"https:\/\/rgbmousepad.com\/product\/rgb-mousepads\/\"><img decoding=\"async\" class=\"wp-image-1093\" src=\"https:\/\/rgbmousepad.com\/wp-content\/uploads\/2023\/10\/7-1-1024x1024.jpg\" sizes=\"(max-width: 1024px) 100vw, 1024px\" srcset=\"https:\/\/rgbmousepad.com\/wp-content\/uploads\/2023\/10\/7-1-1024x1024.jpg 1024w, https:\/\/rgbmousepad.com\/wp-content\/uploads\/2023\/10\/7-1-300x300.jpg 300w, https:\/\/rgbmousepad.com\/wp-content\/uploads\/2023\/10\/7-1-150x150.jpg 150w, https:\/\/rgbmousepad.com\/wp-content\/uploads\/2023\/10\/7-1-768x768.jpg 768w, https:\/\/rgbmousepad.com\/wp-content\/uploads\/2023\/10\/7-1-600x600.jpg 600w, https:\/\/rgbmousepad.com\/wp-content\/uploads\/2023\/10\/7-1-100x100.jpg 100w, https:\/\/rgbmousepad.com\/wp-content\/uploads\/2023\/10\/7-1.jpg 1500w\" alt=\"\" width=\"1024\" height=\"1024\" \/><\/a><\/figure>\n<h2 class=\"wp-block-heading\">5.<strong>COMO SE CONECTAR<\/strong><\/h2>\n<p>Conecte o cabo micro USB remov\u00edvel ao mouse pad para lig\u00e1-lo<\/p>\n<h2 class=\"wp-block-heading\">6.<strong>CONFIGURA\u00c7\u00d5ES DE ILUMINA\u00c7\u00c3O RGB<\/strong><\/h2>\n<ul>\n<li><strong>INTERRUPTOR<\/strong><\/li>\n<\/ul>\n<p>Pressione o bot\u00e3o SWITCH para escolher 14 da ilumina\u00e7\u00e3o de espectro RGB.<\/p>\n<p>Clique duas vezes no SWITCH para alterar o brilho da luz RGB, com suporte para dois ajustes de brilho<\/p>\n<p>O produto pode lembrar o brilho e o modo de RGB<\/p>\n<ul>\n<li><strong>LIGADO\/DESLIGADO<\/strong><\/li>\n<\/ul>\n<p>pressione e mantenha pressionado por 3 segundos o bot\u00e3o para ligar ou desligar a ilumina\u00e7\u00e3o RGB.<\/p>\n<h2 class=\"wp-block-heading\">7.SUPERF\u00cdCIE PARA JOGOS<\/h2>\n<p>A fim de obter o equil\u00edbrio perfeito entre controle e velocidade, apresenta uma superf\u00edcie de tecido que proporciona precis\u00e3o e velocidade sem esfor\u00e7o. A superf\u00edcie precisa e consistente garante que todos os movimentos do mouse sejam traduzidos em movimentos do cursor, para que voc\u00ea possa desfrutar da m\u00e1xima precis\u00e3o durante os duelos de jogos mais cheios de a\u00e7\u00e3o.<\/p>\n<h2 class=\"wp-block-heading\">8.<strong>Advert\u00eancia<\/strong><\/h2>\n<p>* N\u00e3o tente fazer manuten\u00e7\u00e3o ou modificar o mouse pad.<\/p>\n<p>* Limpe o mouse usando apenas um pano seco; n\u00e3o use \u00e1lcool ou detergente.<\/p>\n<p>* Mantenha-o afastado Lire,<\/p>\n<h2 class=\"wp-block-heading\">9.<strong>Condi\u00e7\u00f5es operacionais<\/strong><\/h2>\n<p>1, temperatura operacional: -25\u00b0C\uff5e65\u00b0C'+10\u00b0C<\/p>\n<p>2, temperatura de armazenamento: -40\u00b0C, -70\u00b0C'+10\u00b0C<\/p>\n<p>3. Umidade operacional: 10 - 90% rh<\/p>\n<p>4. Umidade de armazenamento: -5 - 95% rh<\/p>\n<\/div>\n<\/div>\n<div style=\"color: #000000; font-family: Arial; font-size: 12px; font-style: normal; font-weight: 400;\">\n<p style=\"margin: 0px; padding: 0px;\">\n<\/div>\n<\/div>\n<\/div>","protected":false},"excerpt":{"rendered":"<p>14 Efeitos de ilumina\u00e7\u00e3o Luminous Gaming XXL RGB Mousepad Factory<\/p>","protected":false},"featured_media":951,"comment_status":"open","ping_status":"closed","template":"","meta":{"_monsterinsights_skip_tracking":false,"_monsterinsights_sitenote_active":false,"_monsterinsights_sitenote_note":"","_monsterinsights_sitenote_category":0},"product_cat":[563,100],"product_tag":[103,92],"yoast_head":"<!-- This site is optimized with the Yoast SEO Premium plugin v22.9 (Yoast SEO v24.0) - https:\/\/yoast.com\/wordpress\/plugins\/seo\/ -->\n<title>Bulk Luminous Gaming RGB Mouse Pads - darshion<\/title>\n<meta name=\"description\" content=\"RGB mouse pad parameters and user manual, Professional mouse pad factory wholesale and bulk.\" \/>\n<meta name=\"robots\" content=\"index, follow, max-snippet:-1, max-image-preview:large, max-video-preview:-1\" \/>\n<link rel=\"canonical\" href=\"https:\/\/darshion.com\/pt\/produto\/rgb-mousepads\/\" \/>\n<meta property=\"og:locale\" content=\"pt_BR\" \/>\n<meta property=\"og:type\" content=\"article\" \/>\n<meta property=\"og:title\" content=\"Bulk Luminous Gaming RGB Mouse Pads\" \/>\n<meta property=\"og:description\" content=\"RGB mouse pad parameters and user manual, Professional mouse pad factory wholesale and bulk.\" \/>\n<meta property=\"og:url\" content=\"https:\/\/darshion.com\/pt\/produto\/rgb-mousepads\/\" \/>\n<meta property=\"og:site_name\" content=\"darshion\" \/>\n<meta property=\"article:modified_time\" content=\"2024-07-19T04:15:39+00:00\" \/>\n<meta property=\"og:image\" content=\"https:\/\/darshion.com\/wp-content\/uploads\/2023\/09\/4.jpg\" \/>\n\t<meta property=\"og:image:width\" content=\"1500\" \/>\n\t<meta property=\"og:image:height\" content=\"1500\" \/>\n\t<meta property=\"og:image:type\" content=\"image\/jpeg\" \/>\n<meta name=\"twitter:card\" content=\"summary_large_image\" \/>\n<meta name=\"twitter:label1\" content=\"Est. tempo de leitura\" \/>\n\t<meta name=\"twitter:data1\" content=\"4 minutos\" \/>\n<script type=\"application\/ld+json\" class=\"yoast-schema-graph\">{\"@context\":\"https:\/\/schema.org\",\"@graph\":[{\"@type\":\"WebPage\",\"@id\":\"https:\/\/darshion.com\/product\/rgb-mousepads\/\",\"url\":\"https:\/\/darshion.com\/product\/rgb-mousepads\/\",\"name\":\"Bulk Luminous Gaming RGB Mouse Pads - darshion\",\"isPartOf\":{\"@id\":\"https:\/\/darshion.com\/#website\"},\"primaryImageOfPage\":{\"@id\":\"https:\/\/darshion.com\/product\/rgb-mousepads\/#primaryimage\"},\"image\":{\"@id\":\"https:\/\/darshion.com\/product\/rgb-mousepads\/#primaryimage\"},\"thumbnailUrl\":\"https:\/\/darshion.com\/wp-content\/uploads\/2023\/09\/4.jpg\",\"datePublished\":\"2023-09-14T08:01:15+00:00\",\"dateModified\":\"2024-07-19T04:15:39+00:00\",\"description\":\"RGB mouse pad parameters and user manual, Professional mouse pad factory wholesale and bulk.\",\"breadcrumb\":{\"@id\":\"https:\/\/darshion.com\/product\/rgb-mousepads\/#breadcrumb\"},\"inLanguage\":\"pt-BR\",\"potentialAction\":[{\"@type\":\"ReadAction\",\"target\":[\"https:\/\/darshion.com\/product\/rgb-mousepads\/\"]}]},{\"@type\":\"ImageObject\",\"inLanguage\":\"pt-BR\",\"@id\":\"https:\/\/darshion.com\/product\/rgb-mousepads\/#primaryimage\",\"url\":\"https:\/\/darshion.com\/wp-content\/uploads\/2023\/09\/4.jpg\",\"contentUrl\":\"https:\/\/darshion.com\/wp-content\/uploads\/2023\/09\/4.jpg\",\"width\":1500,\"height\":1500},{\"@type\":\"BreadcrumbList\",\"@id\":\"https:\/\/darshion.com\/product\/rgb-mousepads\/#breadcrumb\",\"itemListElement\":[{\"@type\":\"ListItem\",\"position\":1,\"name\":\"\u9996\u9875\",\"item\":\"https:\/\/darshion.com\/\"},{\"@type\":\"ListItem\",\"position\":2,\"name\":\"PRODUCT\",\"item\":\"https:\/\/darshion.com\/pt\/product\/\"},{\"@type\":\"ListItem\",\"position\":3,\"name\":\"Bulk Luminous Gaming RGB Mouse Pads\"}]},{\"@type\":\"WebSite\",\"@id\":\"https:\/\/darshion.com\/#website\",\"url\":\"https:\/\/darshion.com\/\",\"name\":\"darshion\",\"description\":\"14 Years of Experience, Quality Assurance, Innovative Design\",\"publisher\":{\"@id\":\"https:\/\/darshion.com\/#organization\"},\"potentialAction\":[{\"@type\":\"SearchAction\",\"target\":{\"@type\":\"EntryPoint\",\"urlTemplate\":\"https:\/\/darshion.com\/?s={search_term_string}\"},\"query-input\":{\"@type\":\"PropertyValueSpecification\",\"valueRequired\":true,\"valueName\":\"search_term_string\"}}],\"inLanguage\":\"pt-BR\"},{\"@type\":\"Organization\",\"@id\":\"https:\/\/darshion.com\/#organization\",\"name\":\"darshion\",\"url\":\"https:\/\/darshion.com\/\",\"logo\":{\"@type\":\"ImageObject\",\"inLanguage\":\"pt-BR\",\"@id\":\"https:\/\/darshion.com\/#\/schema\/logo\/image\/\",\"url\":\"https:\/\/darshion.com\/wp-content\/uploads\/2023\/09\/01-1.png\",\"contentUrl\":\"https:\/\/darshion.com\/wp-content\/uploads\/2023\/09\/01-1.png\",\"width\":350,\"height\":100,\"caption\":\"darshion\"},\"image\":{\"@id\":\"https:\/\/darshion.com\/#\/schema\/logo\/image\/\"}}]}<\/script>\n<!-- \/ Yoast SEO Premium plugin. -->","yoast_head_json":{"title":"Mouse Pads RGB para jogos em massa - darshion","description":"Par\u00e2metros e manual do usu\u00e1rio do mouse pad RGB, f\u00e1brica de mouse pad profissional no atacado e a granel.","robots":{"index":"index","follow":"follow","max-snippet":"max-snippet:-1","max-image-preview":"max-image-preview:large","max-video-preview":"max-video-preview:-1"},"canonical":"https:\/\/darshion.com\/pt\/produto\/rgb-mousepads\/","og_locale":"pt_BR","og_type":"article","og_title":"Bulk Luminous Gaming RGB Mouse Pads","og_description":"RGB mouse pad parameters and user manual, Professional mouse pad factory wholesale and bulk.","og_url":"https:\/\/darshion.com\/pt\/produto\/rgb-mousepads\/","og_site_name":"darshion","article_modified_time":"2024-07-19T04:15:39+00:00","og_image":[{"width":1500,"height":1500,"url":"https:\/\/darshion.com\/wp-content\/uploads\/2023\/09\/4.jpg","type":"image\/jpeg"}],"twitter_card":"summary_large_image","twitter_misc":{"Est. tempo de leitura":"4 minutos"},"schema":{"@context":"https:\/\/schema.org","@graph":[{"@type":"WebPage","@id":"https:\/\/darshion.com\/product\/rgb-mousepads\/","url":"https:\/\/darshion.com\/product\/rgb-mousepads\/","name":"Mouse Pads RGB para jogos em massa - darshion","isPartOf":{"@id":"https:\/\/darshion.com\/#website"},"primaryImageOfPage":{"@id":"https:\/\/darshion.com\/product\/rgb-mousepads\/#primaryimage"},"image":{"@id":"https:\/\/darshion.com\/product\/rgb-mousepads\/#primaryimage"},"thumbnailUrl":"https:\/\/darshion.com\/wp-content\/uploads\/2023\/09\/4.jpg","datePublished":"2023-09-14T08:01:15+00:00","dateModified":"2024-07-19T04:15:39+00:00","description":"Par\u00e2metros e manual do usu\u00e1rio do mouse pad RGB, f\u00e1brica de mouse pad profissional no atacado e a granel.","breadcrumb":{"@id":"https:\/\/darshion.com\/product\/rgb-mousepads\/#breadcrumb"},"inLanguage":"pt-BR","potentialAction":[{"@type":"ReadAction","target":["https:\/\/darshion.com\/product\/rgb-mousepads\/"]}]},{"@type":"ImageObject","inLanguage":"pt-BR","@id":"https:\/\/darshion.com\/product\/rgb-mousepads\/#primaryimage","url":"https:\/\/darshion.com\/wp-content\/uploads\/2023\/09\/4.jpg","contentUrl":"https:\/\/darshion.com\/wp-content\/uploads\/2023\/09\/4.jpg","width":1500,"height":1500},{"@type":"BreadcrumbList","@id":"https:\/\/darshion.com\/product\/rgb-mousepads\/#breadcrumb","itemListElement":[{"@type":"ListItem","position":1,"name":"\u9996\u9875","item":"https:\/\/darshion.com\/"},{"@type":"ListItem","position":2,"name":"PRODUCT","item":"https:\/\/darshion.com\/pt\/product\/"},{"@type":"ListItem","position":3,"name":"Bulk Luminous Gaming RGB Mouse Pads"}]},{"@type":"WebSite","@id":"https:\/\/darshion.com\/#website","url":"https:\/\/darshion.com\/","name":"darshion","description":"14 anos de experi\u00eancia, garantia de qualidade, design inovador","publisher":{"@id":"https:\/\/darshion.com\/#organization"},"potentialAction":[{"@type":"SearchAction","target":{"@type":"EntryPoint","urlTemplate":"https:\/\/darshion.com\/?s={search_term_string}"},"query-input":{"@type":"PropertyValueSpecification","valueRequired":true,"valueName":"search_term_string"}}],"inLanguage":"pt-BR"},{"@type":"Organization","@id":"https:\/\/darshion.com\/#organization","name":"darshion","url":"https:\/\/darshion.com\/","logo":{"@type":"ImageObject","inLanguage":"pt-BR","@id":"https:\/\/darshion.com\/#\/schema\/logo\/image\/","url":"https:\/\/darshion.com\/wp-content\/uploads\/2023\/09\/01-1.png","contentUrl":"https:\/\/darshion.com\/wp-content\/uploads\/2023\/09\/01-1.png","width":350,"height":100,"caption":"darshion"},"image":{"@id":"https:\/\/darshion.com\/#\/schema\/logo\/image\/"}}]}},"_links":{"self":[{"href":"https:\/\/darshion.com\/pt\/wp-json\/wp\/v2\/product\/149"}],"collection":[{"href":"https:\/\/darshion.com\/pt\/wp-json\/wp\/v2\/product"}],"about":[{"href":"https:\/\/darshion.com\/pt\/wp-json\/wp\/v2\/types\/product"}],"replies":[{"embeddable":true,"href":"https:\/\/darshion.com\/pt\/wp-json\/wp\/v2\/comments?post=149"}],"wp:featuredmedia":[{"embeddable":true,"href":"https:\/\/darshion.com\/pt\/wp-json\/wp\/v2\/media\/951"}],"wp:attachment":[{"href":"https:\/\/darshion.com\/pt\/wp-json\/wp\/v2\/media?parent=149"}],"wp:term":[{"taxonomy":"product_cat","embeddable":true,"href":"https:\/\/darshion.com\/pt\/wp-json\/wp\/v2\/product_cat?post=149"},{"taxonomy":"product_tag","embeddable":true,"href":"https:\/\/darshion.com\/pt\/wp-json\/wp\/v2\/product_tag?post=149"}],"curies":[{"name":"wp","href":"https:\/\/api.w.org\/{rel}","templated":true}]}}