{"id":1859,"date":"2024-03-20T09:52:41","date_gmt":"2024-03-20T01:52:41","guid":{"rendered":"https:\/\/darshion.com\/?post_type=product&#038;p=1859"},"modified":"2024-07-06T09:49:44","modified_gmt":"2024-07-06T01:49:44","slug":"xxxxlmousepads","status":"publish","type":"product","link":"https:\/\/darshion.com\/pt\/produto\/xxxxlmousepads\/","title":{"rendered":"F\u00e1brica de mouse pad para jogos XXXXL grande por atacado"},"content":{"rendered":"<p><strong>Descri\u00e7\u00e3o do produto:<\/strong><\/p>\n<p>1. tamanho grande e extenso: esse mouse pad grande XXXXL oferece amplo espa\u00e7o para o seu teclado, mouse, laptop ou outros itens de tamanho normal na mesa. Perfeito para jogos profissionais ou trabalho de escrit\u00f3rio, ele tamb\u00e9m pode ser usado como um tapete de mesa, de escrita ou de prote\u00e7\u00e3o de plataforma, mantendo sua mesa limpa e organizada.<\/p>\n<p>2. superf\u00edcie ultra suave: Coberto por um tecido superfino, esse mouse pad estendido oferece uma superf\u00edcie macia e suave que permite o rastreamento r\u00e1pido e preciso do mouse, melhorando a sua experi\u00eancia de jogo ou de trabalho. \u00c9 f\u00e1cil de limpar com um pano \u00famido ou lavar, garantindo durabilidade e longevidade em compara\u00e7\u00e3o com outras op\u00e7\u00f5es.<\/p>\n<p>3. bordas lav\u00e1veis e costuradas: Com um revestimento resistente \u00e0 \u00e1gua, esse tapete para mouse e teclado pode resistir a derramamentos e bebidas, facilitando a limpeza com uma toalha molhada ou lavagem. As bordas com costura dupla protegem o tapete contra desgaste, deforma\u00e7\u00e3o e desgaste, garantindo o uso a longo prazo.<\/p>\n<p>4. base de borracha antiderrapante: A base inferior \u00e9 feita de borracha natural, livre de odores desagrad\u00e1veis e subst\u00e2ncias nocivas. Com uma borracha densa e texturizada, ela segura firmemente a mesa, evitando movimentos aleat\u00f3rios e proporcionando uma opera\u00e7\u00e3o est\u00e1vel para o mouse e o teclado.<\/p>\n<div class=\"aplus-v2 desktop celwidget\" data-cel-widget=\"aplus\" data-csa-c-id=\"8h9cp1-68hlzr-vzymt2-ej46l8\">\n<div class=\"celwidget aplus-module 3p-module-b aplus-standard\" data-cel-widget=\"aplus-3p-module-b\" data-csa-c-id=\"ehfx7q-38txcn-mefy72-si3se5\">\n<div class=\"aplus-module-wrapper aplus-3p-fixed-width\"><img decoding=\"async\" class=\"a-spacing-base\" src=\"https:\/\/m.media-amazon.com\/images\/S\/aplus-media-library-service-media\/a06c7eb0-c267-49e1-9c6a-4981c77d0e86.__CR0,0,970,600_PT0_SX970_V1___.jpg\" alt=\"Senetem Ultra-thin Mouse Pad\" data-src=\"https:\/\/m.media-amazon.com\/images\/S\/aplus-media-library-service-media\/a06c7eb0-c267-49e1-9c6a-4981c77d0e86.__CR0,0,970,600_PT0_SX970_V1___.jpg\" \/><\/div>\n<\/div>\n<div class=\"celwidget aplus-module 3p-module-b aplus-standard\" data-cel-widget=\"aplus-3p-module-b\" data-csa-c-id=\"838gq1-hkq06w-a9xwxc-8o5hit\">\n<div class=\"aplus-module-wrapper aplus-3p-fixed-width\"><img decoding=\"async\" class=\"a-spacing-base\" src=\"https:\/\/m.media-amazon.com\/images\/S\/aplus-media-library-service-media\/6f13fad0-732c-489d-bfd8-7172b72f76ab.__CR0,0,1600,990_PT0_SX970_V1___.jpg\" alt=\"Ultra-Smooth Surface\" data-src=\"https:\/\/m.media-amazon.com\/images\/S\/aplus-media-library-service-media\/6f13fad0-732c-489d-bfd8-7172b72f76ab.__CR0,0,1600,990_PT0_SX970_V1___.jpg\" \/><\/div>\n<\/div>\n<div class=\"celwidget aplus-module 3p-module-b aplus-standard\" data-cel-widget=\"aplus-3p-module-b\" data-csa-c-id=\"qsuxfb-a33z2i-80pkmq-37w9rc\">\n<div class=\"aplus-module-wrapper aplus-3p-fixed-width\"><img decoding=\"async\" class=\"a-spacing-base\" src=\"https:\/\/m.media-amazon.com\/images\/S\/aplus-media-library-service-media\/d156b237-8e2d-412c-ac1a-6cf6b6b40022.__CR0,0,1600,990_PT0_SX970_V1___.jpg\" alt=\"Rubber Base\" data-src=\"https:\/\/m.media-amazon.com\/images\/S\/aplus-media-library-service-media\/d156b237-8e2d-412c-ac1a-6cf6b6b40022.__CR0,0,1600,990_PT0_SX970_V1___.jpg\" \/><\/div>\n<\/div>\n<div class=\"celwidget aplus-module 3p-module-b aplus-standard\" data-cel-widget=\"aplus-3p-module-b\" data-csa-c-id=\"juy2e9-cppr9a-6nj5s4-wqayxt\">\n<div class=\"aplus-module-wrapper aplus-3p-fixed-width\"><img decoding=\"async\" class=\"a-spacing-base\" src=\"https:\/\/m.media-amazon.com\/images\/S\/aplus-media-library-service-media\/b6312620-b194-445e-b313-20fadc25590d.__CR0,0,1600,990_PT0_SX970_V1___.jpg\" alt=\"Reliable Performance\" data-src=\"https:\/\/m.media-amazon.com\/images\/S\/aplus-media-library-service-media\/b6312620-b194-445e-b313-20fadc25590d.__CR0,0,1600,990_PT0_SX970_V1___.jpg\" \/><\/div>\n<\/div>\n<div class=\"celwidget aplus-module 3p-module-b aplus-standard\" data-cel-widget=\"aplus-3p-module-b\" data-csa-c-id=\"i8anjs-xoy9np-158wah-jlifzt\">\n<div class=\"aplus-module-wrapper aplus-3p-fixed-width\"><img decoding=\"async\" class=\"a-spacing-base\" src=\"https:\/\/m.media-amazon.com\/images\/S\/aplus-media-library-service-media\/58a2fa94-55bb-4c6c-a3be-9534c51e6e08.__CR0,0,970,600_PT0_SX970_V1___.jpg\" alt=\"Size\" data-src=\"https:\/\/m.media-amazon.com\/images\/S\/aplus-media-library-service-media\/58a2fa94-55bb-4c6c-a3be-9534c51e6e08.__CR0,0,970,600_PT0_SX970_V1___.jpg\" \/><\/div>\n<\/div>\n<div class=\"celwidget aplus-module 3p-module-b aplus-standard\" data-cel-widget=\"aplus-3p-module-b\" data-csa-c-id=\"p9k15a-j708mq-b26jjp-o5ozfv\">\n<div class=\"aplus-module-wrapper aplus-3p-fixed-width\"><img decoding=\"async\" class=\"a-spacing-base\" src=\"https:\/\/m.media-amazon.com\/images\/S\/aplus-media-library-service-media\/4f8cc1f3-1359-443f-ab83-727955ffba67.__CR0,0,970,600_PT0_SX970_V1___.jpg\" alt=\"Stylish mouse pad\" data-src=\"https:\/\/m.media-amazon.com\/images\/S\/aplus-media-library-service-media\/4f8cc1f3-1359-443f-ab83-727955ffba67.__CR0,0,970,600_PT0_SX970_V1___.jpg\" \/><\/div>\n<\/div>\n<\/div>","protected":false},"excerpt":{"rendered":"<p>Mouse pad grande XXXL, mousepad para jogos ultrafino, tapete de mouse estendido, base de borracha antiderrapante para teclado<\/p>","protected":false},"featured_media":1863,"comment_status":"open","ping_status":"closed","template":"","meta":{"_monsterinsights_skip_tracking":false,"_monsterinsights_sitenote_active":false,"_monsterinsights_sitenote_note":"","_monsterinsights_sitenote_category":0},"product_cat":[100],"product_tag":[103,130,96],"yoast_head":"<!-- This site is optimized with the Yoast SEO Premium plugin v22.9 (Yoast SEO v24.0) - https:\/\/yoast.com\/wordpress\/plugins\/seo\/ -->\n<title>Wholesale XXXXL Large Gaming Mouse Pad Factory - darshion<\/title>\n<meta name=\"robots\" content=\"index, follow, max-snippet:-1, max-image-preview:large, max-video-preview:-1\" \/>\n<link rel=\"canonical\" href=\"https:\/\/darshion.com\/pt\/produto\/xxxxlmousepads\/\" \/>\n<meta property=\"og:locale\" content=\"pt_BR\" \/>\n<meta property=\"og:type\" content=\"article\" \/>\n<meta property=\"og:title\" content=\"Wholesale XXXXL Large Gaming Mouse Pad Factory\" \/>\n<meta property=\"og:description\" content=\"XXXL Large Mouse Pad, Ultra-Thin Gaming Mousepad, Extended Mouse Mat, Non-Slip Rubber Base Keyboard Pad\" \/>\n<meta property=\"og:url\" content=\"https:\/\/darshion.com\/pt\/produto\/xxxxlmousepads\/\" \/>\n<meta property=\"og:site_name\" content=\"darshion\" \/>\n<meta property=\"article:modified_time\" content=\"2024-07-06T01:49:44+00:00\" \/>\n<meta property=\"og:image\" content=\"https:\/\/darshion.com\/wp-content\/uploads\/2024\/03\/gaming-mouse-pad.jpg\" \/>\n\t<meta property=\"og:image:width\" content=\"1000\" \/>\n\t<meta property=\"og:image:height\" content=\"1000\" \/>\n\t<meta property=\"og:image:type\" content=\"image\/jpeg\" \/>\n<meta name=\"twitter:card\" content=\"summary_large_image\" \/>\n<meta name=\"twitter:label1\" content=\"Est. tempo de leitura\" \/>\n\t<meta name=\"twitter:data1\" content=\"1 minuto\" \/>\n<script type=\"application\/ld+json\" class=\"yoast-schema-graph\">{\"@context\":\"https:\/\/schema.org\",\"@graph\":[{\"@type\":\"WebPage\",\"@id\":\"https:\/\/darshion.com\/product\/xxxxlmousepads\/\",\"url\":\"https:\/\/darshion.com\/product\/xxxxlmousepads\/\",\"name\":\"Wholesale XXXXL Large Gaming Mouse Pad Factory - darshion\",\"isPartOf\":{\"@id\":\"https:\/\/darshion.com\/#website\"},\"primaryImageOfPage\":{\"@id\":\"https:\/\/darshion.com\/product\/xxxxlmousepads\/#primaryimage\"},\"image\":{\"@id\":\"https:\/\/darshion.com\/product\/xxxxlmousepads\/#primaryimage\"},\"thumbnailUrl\":\"https:\/\/darshion.com\/wp-content\/uploads\/2024\/03\/gaming-mouse-pad.jpg\",\"datePublished\":\"2024-03-20T01:52:41+00:00\",\"dateModified\":\"2024-07-06T01:49:44+00:00\",\"breadcrumb\":{\"@id\":\"https:\/\/darshion.com\/product\/xxxxlmousepads\/#breadcrumb\"},\"inLanguage\":\"pt-BR\",\"potentialAction\":[{\"@type\":\"ReadAction\",\"target\":[\"https:\/\/darshion.com\/product\/xxxxlmousepads\/\"]}]},{\"@type\":\"ImageObject\",\"inLanguage\":\"pt-BR\",\"@id\":\"https:\/\/darshion.com\/product\/xxxxlmousepads\/#primaryimage\",\"url\":\"https:\/\/darshion.com\/wp-content\/uploads\/2024\/03\/gaming-mouse-pad.jpg\",\"contentUrl\":\"https:\/\/darshion.com\/wp-content\/uploads\/2024\/03\/gaming-mouse-pad.jpg\",\"width\":1000,\"height\":1000},{\"@type\":\"BreadcrumbList\",\"@id\":\"https:\/\/darshion.com\/product\/xxxxlmousepads\/#breadcrumb\",\"itemListElement\":[{\"@type\":\"ListItem\",\"position\":1,\"name\":\"\u9996\u9875\",\"item\":\"https:\/\/darshion.com\/\"},{\"@type\":\"ListItem\",\"position\":2,\"name\":\"PRODUCT\",\"item\":\"https:\/\/darshion.com\/pt\/product\/\"},{\"@type\":\"ListItem\",\"position\":3,\"name\":\"Wholesale XXXXL Large Gaming Mouse Pad Factory\"}]},{\"@type\":\"WebSite\",\"@id\":\"https:\/\/darshion.com\/#website\",\"url\":\"https:\/\/darshion.com\/\",\"name\":\"darshion\",\"description\":\"14 Years of Experience, Quality Assurance, Innovative Design\",\"publisher\":{\"@id\":\"https:\/\/darshion.com\/#organization\"},\"potentialAction\":[{\"@type\":\"SearchAction\",\"target\":{\"@type\":\"EntryPoint\",\"urlTemplate\":\"https:\/\/darshion.com\/?s={search_term_string}\"},\"query-input\":{\"@type\":\"PropertyValueSpecification\",\"valueRequired\":true,\"valueName\":\"search_term_string\"}}],\"inLanguage\":\"pt-BR\"},{\"@type\":\"Organization\",\"@id\":\"https:\/\/darshion.com\/#organization\",\"name\":\"darshion\",\"url\":\"https:\/\/darshion.com\/\",\"logo\":{\"@type\":\"ImageObject\",\"inLanguage\":\"pt-BR\",\"@id\":\"https:\/\/darshion.com\/#\/schema\/logo\/image\/\",\"url\":\"https:\/\/darshion.com\/wp-content\/uploads\/2023\/09\/01-1.png\",\"contentUrl\":\"https:\/\/darshion.com\/wp-content\/uploads\/2023\/09\/01-1.png\",\"width\":350,\"height\":100,\"caption\":\"darshion\"},\"image\":{\"@id\":\"https:\/\/darshion.com\/#\/schema\/logo\/image\/\"}}]}<\/script>\n<!-- \/ Yoast SEO Premium plugin. -->","yoast_head_json":{"title":"F\u00e1brica de mouse pad para jogos XXXXL grande por atacado - darshion","robots":{"index":"index","follow":"follow","max-snippet":"max-snippet:-1","max-image-preview":"max-image-preview:large","max-video-preview":"max-video-preview:-1"},"canonical":"https:\/\/darshion.com\/pt\/produto\/xxxxlmousepads\/","og_locale":"pt_BR","og_type":"article","og_title":"Wholesale XXXXL Large Gaming Mouse Pad Factory","og_description":"XXXL Large Mouse Pad, Ultra-Thin Gaming Mousepad, Extended Mouse Mat, Non-Slip Rubber Base Keyboard Pad","og_url":"https:\/\/darshion.com\/pt\/produto\/xxxxlmousepads\/","og_site_name":"darshion","article_modified_time":"2024-07-06T01:49:44+00:00","og_image":[{"width":1000,"height":1000,"url":"https:\/\/darshion.com\/wp-content\/uploads\/2024\/03\/gaming-mouse-pad.jpg","type":"image\/jpeg"}],"twitter_card":"summary_large_image","twitter_misc":{"Est. tempo de leitura":"1 minuto"},"schema":{"@context":"https:\/\/schema.org","@graph":[{"@type":"WebPage","@id":"https:\/\/darshion.com\/product\/xxxxlmousepads\/","url":"https:\/\/darshion.com\/product\/xxxxlmousepads\/","name":"F\u00e1brica de mouse pad para jogos XXXXL grande por atacado - darshion","isPartOf":{"@id":"https:\/\/darshion.com\/#website"},"primaryImageOfPage":{"@id":"https:\/\/darshion.com\/product\/xxxxlmousepads\/#primaryimage"},"image":{"@id":"https:\/\/darshion.com\/product\/xxxxlmousepads\/#primaryimage"},"thumbnailUrl":"https:\/\/darshion.com\/wp-content\/uploads\/2024\/03\/gaming-mouse-pad.jpg","datePublished":"2024-03-20T01:52:41+00:00","dateModified":"2024-07-06T01:49:44+00:00","breadcrumb":{"@id":"https:\/\/darshion.com\/product\/xxxxlmousepads\/#breadcrumb"},"inLanguage":"pt-BR","potentialAction":[{"@type":"ReadAction","target":["https:\/\/darshion.com\/product\/xxxxlmousepads\/"]}]},{"@type":"ImageObject","inLanguage":"pt-BR","@id":"https:\/\/darshion.com\/product\/xxxxlmousepads\/#primaryimage","url":"https:\/\/darshion.com\/wp-content\/uploads\/2024\/03\/gaming-mouse-pad.jpg","contentUrl":"https:\/\/darshion.com\/wp-content\/uploads\/2024\/03\/gaming-mouse-pad.jpg","width":1000,"height":1000},{"@type":"BreadcrumbList","@id":"https:\/\/darshion.com\/product\/xxxxlmousepads\/#breadcrumb","itemListElement":[{"@type":"ListItem","position":1,"name":"\u9996\u9875","item":"https:\/\/darshion.com\/"},{"@type":"ListItem","position":2,"name":"PRODUCT","item":"https:\/\/darshion.com\/pt\/product\/"},{"@type":"ListItem","position":3,"name":"Wholesale XXXXL Large Gaming Mouse Pad Factory"}]},{"@type":"WebSite","@id":"https:\/\/darshion.com\/#website","url":"https:\/\/darshion.com\/","name":"darshion","description":"14 anos de experi\u00eancia, garantia de qualidade, design inovador","publisher":{"@id":"https:\/\/darshion.com\/#organization"},"potentialAction":[{"@type":"SearchAction","target":{"@type":"EntryPoint","urlTemplate":"https:\/\/darshion.com\/?s={search_term_string}"},"query-input":{"@type":"PropertyValueSpecification","valueRequired":true,"valueName":"search_term_string"}}],"inLanguage":"pt-BR"},{"@type":"Organization","@id":"https:\/\/darshion.com\/#organization","name":"darshion","url":"https:\/\/darshion.com\/","logo":{"@type":"ImageObject","inLanguage":"pt-BR","@id":"https:\/\/darshion.com\/#\/schema\/logo\/image\/","url":"https:\/\/darshion.com\/wp-content\/uploads\/2023\/09\/01-1.png","contentUrl":"https:\/\/darshion.com\/wp-content\/uploads\/2023\/09\/01-1.png","width":350,"height":100,"caption":"darshion"},"image":{"@id":"https:\/\/darshion.com\/#\/schema\/logo\/image\/"}}]}},"_links":{"self":[{"href":"https:\/\/darshion.com\/pt\/wp-json\/wp\/v2\/product\/1859"}],"collection":[{"href":"https:\/\/darshion.com\/pt\/wp-json\/wp\/v2\/product"}],"about":[{"href":"https:\/\/darshion.com\/pt\/wp-json\/wp\/v2\/types\/product"}],"replies":[{"embeddable":true,"href":"https:\/\/darshion.com\/pt\/wp-json\/wp\/v2\/comments?post=1859"}],"wp:featuredmedia":[{"embeddable":true,"href":"https:\/\/darshion.com\/pt\/wp-json\/wp\/v2\/media\/1863"}],"wp:attachment":[{"href":"https:\/\/darshion.com\/pt\/wp-json\/wp\/v2\/media?parent=1859"}],"wp:term":[{"taxonomy":"product_cat","embeddable":true,"href":"https:\/\/darshion.com\/pt\/wp-json\/wp\/v2\/product_cat?post=1859"},{"taxonomy":"product_tag","embeddable":true,"href":"https:\/\/darshion.com\/pt\/wp-json\/wp\/v2\/product_tag?post=1859"}],"curies":[{"name":"wp","href":"https:\/\/api.w.org\/{rel}","templated":true}]}}