{"id":2185,"date":"2024-05-16T16:57:11","date_gmt":"2024-05-16T08:57:11","guid":{"rendered":"https:\/\/darshion.com\/?post_type=product&#038;p=2185"},"modified":"2024-07-06T09:49:32","modified_gmt":"2024-07-06T01:49:32","slug":"chair-mats-factory","status":"publish","type":"product","link":"https:\/\/darshion.com\/pt\/produto\/chair-mats-factory\/","title":{"rendered":"F\u00e1brica de tapetes de borracha redondos antiderrapantes para cadeiras de jogos"},"content":{"rendered":"<div class=\"celwidget aplus-module 3p-module-b aplus-standard\" data-csa-c-id=\"ix3dej-x4kscu-p3udkf-htlicl\" data-cel-widget=\"aplus-3p-module-b\">\n<div class=\"aplus-module-wrapper aplus-3p-fixed-width\">\n<h3 class=\"a-spacing-mini\">\u00a0Tapete antiderrapante para cadeira para piso de madeira<\/h3>\n<p>\u3010F\u00e1brica de tapetes redondos para cadeiras de jogos de tamanho personalizado\u3011\uff1aAs almofadas para cadeiras de computador com 2 mm de espessura foram projetadas para serem frescas em salas de jogos. O tamanho personalizado grande e a superf\u00edcie lisa de tecido de microfibra de poli\u00e9ster permitem que as rodas da cadeira do computador deslizem livremente.<br \/>\n\u3010As esteiras de borracha antiderrapantes para cadeiras de madeira\u3011\uff1aA esteira redonda para cadeiras de computador para jogos \u00e9 feita de borracha natural e tecido de microfibra de poli\u00e9ster, o design do fundo de borracha proporciona estabilidade e mant\u00e9m a esteira firmemente no lugar - prote\u00e7\u00e3o de seguran\u00e7a.<br \/>\n\u3010F\u00e1brica de tapetes para cadeiras com design de controlador de jogos\u3011: Este tapete para cadeira de piso duro foi projetado para proteger o piso duro de todos os tipos de arranh\u00f5es ou marcas causados pelas rodas da cadeira e ajuda a reduzir o ru\u00eddo da superf\u00edcie do piso duro, tornando sua experi\u00eancia de jogo mais agrad\u00e1vel e maravilhosa.<br \/>\n\u3010F\u00e1brica de tapetes protetores dur\u00e1veis para cadeiras de mesa\u3011: O material macio e de alta qualidade e o design do padr\u00e3o fazem com que este tapete redondo se adapte de forma flex\u00edvel a v\u00e1rios cen\u00e1rios da vida, como escrit\u00f3rio, sala de jogos, academia, sala de estar, quarto, voc\u00ea tamb\u00e9m pode fazer tapetes de jogos VR, tapetes de ioga, tapete de jogos para crian\u00e7as, tapete de decora\u00e7\u00e3o de quarto infantil, tapetes para animais de estima\u00e7\u00e3o, \u00f3timo presente para jogadores, crian\u00e7as.<br \/>\n\u3010Amostra r\u00e1pida\u3011: Podemos providenciar amostras no mesmo dia, o mais r\u00e1pido poss\u00edvel.<\/p>\n<p><img fetchpriority=\"high\" decoding=\"async\" class=\"size-full wp-image-2230\" src=\"https:\/\/darshion.com\/wp-content\/uploads\/2024\/05\/aio7j-wgimi.webp\" alt=\"Chair Mats Factory\" width=\"970\" height=\"600\" srcset=\"https:\/\/darshion.com\/wp-content\/uploads\/2024\/05\/aio7j-wgimi.webp 970w, https:\/\/darshion.com\/wp-content\/uploads\/2024\/05\/aio7j-wgimi-300x186.webp 300w, https:\/\/darshion.com\/wp-content\/uploads\/2024\/05\/aio7j-wgimi-768x475.webp 768w, https:\/\/darshion.com\/wp-content\/uploads\/2024\/05\/aio7j-wgimi-600x371.webp 600w\" sizes=\"(max-width: 970px) 100vw, 970px\" \/><\/p>\n<\/div>\n<\/div>\n<div class=\"celwidget aplus-module module-2 aplus-standard\" data-csa-c-id=\"fzxhh3-588f6e-mylyb9-23ld9s\" data-cel-widget=\"aplus-module-2\">\n<div class=\"aplus-module-wrapper apm-floatnone apm-fixed-width\">\n<div class=\"apm-sidemodule apm-spacing\">\n<div class=\"apm-sidemodule-imageleft\"><img decoding=\"async\" class=\"alignleft\" src=\"https:\/\/m.media-amazon.com\/images\/S\/aplus-media-library-service-media\/c49fade5-5406-45b3-b202-35b7aa69c0d5.__CR0,0,600,600_PT0_SX300_V1___.jpg\" alt=\"Chair Mat\" data-src=\"https:\/\/m.media-amazon.com\/images\/S\/aplus-media-library-service-media\/c49fade5-5406-45b3-b202-35b7aa69c0d5.__CR0,0,600,600_PT0_SX300_V1___.jpg\" data-wp-editing=\"1\" \/><\/div>\n<div class=\"apm-sidemodule-textright\">\n<h3 class=\"a-spacing-mini\">ESPECIFICA\u00c7\u00c3O<\/h3>\n<p>&nbsp;<\/p>\n<p><span class=\"a-list-item\">Tamanho: 47\u00d747 polegadas<\/span><\/p>\n<ul class=\"a-unordered-list a-vertical\">\n<li><span class=\"a-list-item\">Material: Tecido de microfibra de poli\u00e9ster + apoio de borracha<\/span><\/li>\n<li><span class=\"a-list-item\">Cor : Colorido<\/span><\/li>\n<li><span class=\"a-list-item\">Estilo : Gaming Zone<\/span><\/li>\n<li><span class=\"a-list-item\">Tipo: Pilha baixa de 2 mm<\/span><\/li>\n<li><span class=\"a-list-item\">Instru\u00e7\u00f5es de cuidados : Use o aspirador de p\u00f3 para limp\u00e1-lo regularmente<\/span><\/li>\n<li><span class=\"a-list-item\">Uso vers\u00e1til: excelente para sala de jogos, escrit\u00f3rio dom\u00e9stico, academia, sala de estar, quarto, voc\u00ea tamb\u00e9m pode usar tapetes de jogos de RV, tapetes de ioga, tapete de jogos para crian\u00e7as, tapete de decora\u00e7\u00e3o para quarto de crian\u00e7as, tapetes para animais de estima\u00e7\u00e3o, \u00f3timo presente para jogadores e crian\u00e7as.<\/span><\/li>\n<li><span class=\"a-list-item\"><span class=\"a-text-bold\">Nota :<\/span>\u00a0<span class=\"a-text-bold\"><span class=\"a-text-italic\">Pode haver vincos no tapete devido \u00e0 embalagem dobrada. N\u00e3o se preocupe e apenas coloque-o na horizontal pacientemente por 1 a 2 dias para remover os vincos<\/span><\/span><\/span><\/li>\n<\/ul>\n<p>&nbsp;<\/p>\n<\/div>\n<\/div>\n<\/div>\n<div><\/div>\n<\/div>\n<div class=\"celwidget aplus-module 3p-module-b aplus-standard\" data-csa-c-id=\"dqcm5z-9pxn3f-kpstrl-nsx20o\" data-cel-widget=\"aplus-3p-module-b\">\n<div class=\"aplus-module-wrapper aplus-3p-fixed-width\">\n<p><img decoding=\"async\" class=\"size-full wp-image-2231\" src=\"https:\/\/darshion.com\/wp-content\/uploads\/2024\/05\/a3fy4-6tz9o.webp\" alt=\"Chair Mats Factory\" width=\"970\" height=\"600\" srcset=\"https:\/\/darshion.com\/wp-content\/uploads\/2024\/05\/a3fy4-6tz9o.webp 970w, https:\/\/darshion.com\/wp-content\/uploads\/2024\/05\/a3fy4-6tz9o-300x186.webp 300w, https:\/\/darshion.com\/wp-content\/uploads\/2024\/05\/a3fy4-6tz9o-768x475.webp 768w, https:\/\/darshion.com\/wp-content\/uploads\/2024\/05\/a3fy4-6tz9o-600x371.webp 600w\" sizes=\"(max-width: 970px) 100vw, 970px\" \/><\/p>\n<\/div>\n<\/div>\n<div class=\"celwidget aplus-module module-9 aplus-standard\" data-csa-c-id=\"l56t9i-od38gu-ishykx-b5z7nc\" data-cel-widget=\"aplus-module-9\">\n<div class=\"aplus-module-wrapper apm-fixed-width\">\n<div class=\"apm-spacing apm-fixed-width\">\n<h3 class=\"a-spacing-small\">Tapete para cadeira de computador com apoio de borracha Protetor de piso<\/h3>\n<table class=\"apm-fixed-width apm-eventhirdcol-table\">\n<tbody>\n<tr>\n<th class=\"apm-center\">\n<div class=\"apm-eventhirdcol apm-floatleft\">\n<p><img decoding=\"async\" class=\"a-spacing-mini\" src=\"https:\/\/m.media-amazon.com\/images\/S\/aplus-media-library-service-media\/9cdc6082-9052-4bef-992f-4c00b545d5fa.__CR0,0,600,600_PT0_SX300_V1___.jpg\" alt=\"Chair Mat\" data-src=\"https:\/\/m.media-amazon.com\/images\/S\/aplus-media-library-service-media\/9cdc6082-9052-4bef-992f-4c00b545d5fa.__CR0,0,600,600_PT0_SX300_V1___.jpg\" \/><\/p>\n<\/div>\n<\/th>\n<th class=\"apm-center\">\n<div class=\"apm-eventhirdcol apm-floatleft\">\n<p><img decoding=\"async\" class=\"a-spacing-mini\" src=\"https:\/\/m.media-amazon.com\/images\/S\/aplus-media-library-service-media\/344fd103-480a-4eff-8082-348a15b882fc.__CR0,0,600,600_PT0_SX300_V1___.jpg\" alt=\"Non Slip Chair Mat\" data-src=\"https:\/\/m.media-amazon.com\/images\/S\/aplus-media-library-service-media\/344fd103-480a-4eff-8082-348a15b882fc.__CR0,0,600,600_PT0_SX300_V1___.jpg\" \/><\/p>\n<\/div>\n<\/th>\n<th class=\"apm-center\">\n<div class=\"apm-eventhirdcol apm-floatleft\">\n<p><img decoding=\"async\" class=\"a-spacing-mini\" src=\"https:\/\/m.media-amazon.com\/images\/S\/aplus-media-library-service-media\/5e9dd705-8dd7-4651-aa82-678ef9bb6588.__CR0,0,600,600_PT0_SX300_V1___.jpg\" alt=\"chair mat\" data-src=\"https:\/\/m.media-amazon.com\/images\/S\/aplus-media-library-service-media\/5e9dd705-8dd7-4651-aa82-678ef9bb6588.__CR0,0,600,600_PT0_SX300_V1___.jpg\" \/><\/p>\n<\/div>\n<\/th>\n<\/tr>\n<tr>\n<td class=\"apm-top\">\n<div class=\"apm-eventhirdcol apm-floatleft\">\n<h4 class=\"a-spacing-mini\">Superf\u00edcie lisa<\/h4>\n<p>&nbsp;<\/p>\n<ul class=\"a-unordered-list a-vertical\">\n<li><span class=\"a-list-item\">Mais suave e silencioso<\/span><\/li>\n<li><span class=\"a-list-item\">Design de pilha baixa de 2 mm<\/span><\/li>\n<li><span class=\"a-list-item\">Design com bainha dupla<\/span><\/li>\n<li><span class=\"a-list-item\">Resistente a arranh\u00f5es<\/span><\/li>\n<\/ul>\n<p>&nbsp;<\/p>\n<\/div>\n<\/td>\n<td class=\"apm-top\">\n<div class=\"apm-eventhirdcol apm-floatleft\">\n<h4 class=\"a-spacing-mini\">Suporte de borracha antiderrapante<\/h4>\n<p>&nbsp;<\/p>\n<ul class=\"a-unordered-list a-vertical\">\n<li><span class=\"a-list-item\">Suporte antiderrapante<\/span><\/li>\n<li><span class=\"a-list-item\">Traga ader\u00eancia suficiente para o ch\u00e3o<\/span><\/li>\n<li><span class=\"a-list-item\">Adequado para pisos de madeira, m\u00e1rmore e azulejos.<\/span><\/li>\n<\/ul>\n<p>&nbsp;<\/p>\n<\/div>\n<\/td>\n<td class=\"apm-top\">\n<div class=\"apm-eventhirdcol apm-floatleft\">\n<h4 class=\"a-spacing-mini\">F\u00e1cil de limpar<\/h4>\n<p>&nbsp;<\/p>\n<ul class=\"a-unordered-list a-vertical\">\n<li><span class=\"a-list-item\">Usar o aspirador de p\u00f3 para limp\u00e1-lo regularmente<\/span><\/li>\n<li><span class=\"a-list-item\">Limpe com um pano \u00famido<\/span><\/li>\n<\/ul>\n<p>&nbsp;<\/p>\n<\/div>\n<\/td>\n<\/tr>\n<\/tbody>\n<\/table>\n<\/div>\n<\/div>\n<div><\/div>\n<\/div>\n<div class=\"celwidget aplus-module module-9 aplus-standard\" data-csa-c-id=\"z9yuvq-j25pux-ucjnf7-sql50e\" data-cel-widget=\"aplus-module-9\">\n<div class=\"aplus-module-wrapper apm-fixed-width\">\n<div class=\"apm-spacing apm-fixed-width\">\n<h3 class=\"a-spacing-small\">Tapete para cadeira de jogos Yincimar para escrit\u00f3rio dom\u00e9stico, sala de jogos, tapete para jogos de RV<\/h3>\n<table class=\"apm-fixed-width apm-eventhirdcol-table\">\n<tbody>\n<tr>\n<th class=\"apm-center\">\n<div class=\"apm-eventhirdcol apm-floatleft\">\n<p><img decoding=\"async\" class=\"a-spacing-mini\" src=\"https:\/\/m.media-amazon.com\/images\/S\/aplus-media-library-service-media\/411a0f84-f836-4b33-907f-40102cd961c2.__CR0,0,600,600_PT0_SX300_V1___.jpg\" alt=\"Gaming Chair Mat\" data-src=\"https:\/\/m.media-amazon.com\/images\/S\/aplus-media-library-service-media\/411a0f84-f836-4b33-907f-40102cd961c2.__CR0,0,600,600_PT0_SX300_V1___.jpg\" \/><\/p>\n<\/div>\n<\/th>\n<th class=\"apm-center\">\n<div class=\"apm-eventhirdcol apm-floatleft\">\n<p><img decoding=\"async\" class=\"a-spacing-mini\" src=\"https:\/\/m.media-amazon.com\/images\/S\/aplus-media-library-service-media\/12f4a4f1-da13-4bf7-937a-a77f4ab73704.__CR0,0,600,600_PT0_SX300_V1___.jpg\" alt=\"Home Office Decor\" data-src=\"https:\/\/m.media-amazon.com\/images\/S\/aplus-media-library-service-media\/12f4a4f1-da13-4bf7-937a-a77f4ab73704.__CR0,0,600,600_PT0_SX300_V1___.jpg\" \/><\/p>\n<\/div>\n<\/th>\n<th class=\"apm-center\">\n<div class=\"apm-eventhirdcol apm-floatleft\">\n<p><img decoding=\"async\" class=\"a-spacing-mini\" src=\"https:\/\/m.media-amazon.com\/images\/S\/aplus-media-library-service-media\/6c036462-88c6-4880-a2b6-d4c52616bb2e.__CR0,0,600,600_PT0_SX300_V1___.jpg\" alt=\"RV Gaming Mat\" data-src=\"https:\/\/m.media-amazon.com\/images\/S\/aplus-media-library-service-media\/6c036462-88c6-4880-a2b6-d4c52616bb2e.__CR0,0,600,600_PT0_SX300_V1___.jpg\" \/><\/p>\n<\/div>\n<\/th>\n<\/tr>\n<tr>\n<td class=\"apm-top\">\n<div class=\"apm-eventhirdcol apm-floatleft\">\n<h4 class=\"a-spacing-mini\">Tapete para cadeira de jogos<\/h4>\n<p>&nbsp;<\/p>\n<ul class=\"a-unordered-list a-vertical\">\n<li><span class=\"a-list-item\">Um \u00f3timo complemento para a sua sala de jogos e o design bacana do controlador de jogos adicionam divers\u00e3o \u00e0 sua sala de jogos.<\/span><\/li>\n<\/ul>\n<p>&nbsp;<\/p>\n<\/div>\n<\/td>\n<td class=\"apm-top\">\n<div class=\"apm-eventhirdcol apm-floatleft\">\n<h4 class=\"a-spacing-mini\">Tapete para cadeira de computador para escrit\u00f3rio dom\u00e9stico<\/h4>\n<p>&nbsp;<\/p>\n<ul class=\"a-unordered-list a-vertical\">\n<li><span class=\"a-list-item\">Proteja seus pisos duros contra todos os tipos de arranh\u00f5es ou amassados causados por rodas de cadeiras e ajude a reduzir o ru\u00eddo da superf\u00edcie do piso duro<\/span><\/li>\n<\/ul>\n<p>&nbsp;<\/p>\n<\/div>\n<\/td>\n<td class=\"apm-top\">\n<div class=\"apm-eventhirdcol apm-floatleft\">\n<h4 class=\"a-spacing-mini\">Tapete para jogos de RV<\/h4>\n<p>&nbsp;<\/p>\n<ul class=\"a-unordered-list a-vertical\">\n<li><span class=\"a-list-item\">O material macio e de alta qualidade e o design com padr\u00e3o fazem com que esse tapete redondo se adapte com flexibilidade a v\u00e1rios cen\u00e1rios da vida.<\/span><\/li>\n<\/ul>\n<\/div>\n<\/td>\n<\/tr>\n<\/tbody>\n<\/table>\n<\/div>\n<\/div>\n<\/div>","protected":false},"excerpt":{"rendered":"<p>F\u00e1brica de tapetes de borracha para cadeiras de jogos<\/p>","protected":false},"featured_media":2188,"comment_status":"open","ping_status":"closed","template":"","meta":{"_monsterinsights_skip_tracking":false,"_monsterinsights_sitenote_active":false,"_monsterinsights_sitenote_note":"","_monsterinsights_sitenote_category":0},"product_cat":[100],"product_tag":[],"yoast_head":"<!-- This site is optimized with the Yoast SEO Premium plugin v22.9 (Yoast SEO v24.0) - https:\/\/yoast.com\/wordpress\/plugins\/seo\/ -->\n<title>Anti-Slip Round Rubber Gaming Chair Mats Factory - darshion<\/title>\n<meta name=\"robots\" content=\"index, follow, max-snippet:-1, max-image-preview:large, max-video-preview:-1\" \/>\n<link rel=\"canonical\" href=\"https:\/\/darshion.com\/pt\/produto\/chair-mats-factory\/\" \/>\n<meta property=\"og:locale\" content=\"pt_BR\" \/>\n<meta property=\"og:type\" content=\"article\" \/>\n<meta property=\"og:title\" content=\"Anti-Slip Round Rubber Gaming Chair Mats Factory\" \/>\n<meta property=\"og:description\" content=\"Rubber Gaming Chair Mats Factory\" \/>\n<meta property=\"og:url\" content=\"https:\/\/darshion.com\/pt\/produto\/chair-mats-factory\/\" \/>\n<meta property=\"og:site_name\" content=\"darshion\" \/>\n<meta property=\"article:modified_time\" content=\"2024-07-06T01:49:32+00:00\" \/>\n<meta property=\"og:image\" content=\"https:\/\/darshion.com\/wp-content\/uploads\/2024\/05\/1.jpg\" \/>\n\t<meta property=\"og:image:width\" content=\"1491\" \/>\n\t<meta property=\"og:image:height\" content=\"1486\" \/>\n\t<meta property=\"og:image:type\" content=\"image\/jpeg\" \/>\n<meta name=\"twitter:card\" content=\"summary_large_image\" \/>\n<meta name=\"twitter:label1\" content=\"Est. tempo de leitura\" \/>\n\t<meta name=\"twitter:data1\" content=\"2 minutos\" \/>\n<script type=\"application\/ld+json\" class=\"yoast-schema-graph\">{\"@context\":\"https:\/\/schema.org\",\"@graph\":[{\"@type\":\"WebPage\",\"@id\":\"https:\/\/darshion.com\/product\/chair-mats-factory\/\",\"url\":\"https:\/\/darshion.com\/product\/chair-mats-factory\/\",\"name\":\"Anti-Slip Round Rubber Gaming Chair Mats Factory - darshion\",\"isPartOf\":{\"@id\":\"https:\/\/darshion.com\/#website\"},\"primaryImageOfPage\":{\"@id\":\"https:\/\/darshion.com\/product\/chair-mats-factory\/#primaryimage\"},\"image\":{\"@id\":\"https:\/\/darshion.com\/product\/chair-mats-factory\/#primaryimage\"},\"thumbnailUrl\":\"https:\/\/darshion.com\/wp-content\/uploads\/2024\/05\/1.jpg\",\"datePublished\":\"2024-05-16T08:57:11+00:00\",\"dateModified\":\"2024-07-06T01:49:32+00:00\",\"breadcrumb\":{\"@id\":\"https:\/\/darshion.com\/product\/chair-mats-factory\/#breadcrumb\"},\"inLanguage\":\"pt-BR\",\"potentialAction\":[{\"@type\":\"ReadAction\",\"target\":[\"https:\/\/darshion.com\/product\/chair-mats-factory\/\"]}]},{\"@type\":\"ImageObject\",\"inLanguage\":\"pt-BR\",\"@id\":\"https:\/\/darshion.com\/product\/chair-mats-factory\/#primaryimage\",\"url\":\"https:\/\/darshion.com\/wp-content\/uploads\/2024\/05\/1.jpg\",\"contentUrl\":\"https:\/\/darshion.com\/wp-content\/uploads\/2024\/05\/1.jpg\",\"width\":1491,\"height\":1486,\"caption\":\"chair mats factory\"},{\"@type\":\"BreadcrumbList\",\"@id\":\"https:\/\/darshion.com\/product\/chair-mats-factory\/#breadcrumb\",\"itemListElement\":[{\"@type\":\"ListItem\",\"position\":1,\"name\":\"\u9996\u9875\",\"item\":\"https:\/\/darshion.com\/\"},{\"@type\":\"ListItem\",\"position\":2,\"name\":\"PRODUCT\",\"item\":\"https:\/\/darshion.com\/pt\/product\/\"},{\"@type\":\"ListItem\",\"position\":3,\"name\":\"Anti-Slip Round Rubber Gaming Chair Mats Factory\"}]},{\"@type\":\"WebSite\",\"@id\":\"https:\/\/darshion.com\/#website\",\"url\":\"https:\/\/darshion.com\/\",\"name\":\"darshion\",\"description\":\"14 Years of Experience, Quality Assurance, Innovative Design\",\"publisher\":{\"@id\":\"https:\/\/darshion.com\/#organization\"},\"potentialAction\":[{\"@type\":\"SearchAction\",\"target\":{\"@type\":\"EntryPoint\",\"urlTemplate\":\"https:\/\/darshion.com\/?s={search_term_string}\"},\"query-input\":{\"@type\":\"PropertyValueSpecification\",\"valueRequired\":true,\"valueName\":\"search_term_string\"}}],\"inLanguage\":\"pt-BR\"},{\"@type\":\"Organization\",\"@id\":\"https:\/\/darshion.com\/#organization\",\"name\":\"darshion\",\"url\":\"https:\/\/darshion.com\/\",\"logo\":{\"@type\":\"ImageObject\",\"inLanguage\":\"pt-BR\",\"@id\":\"https:\/\/darshion.com\/#\/schema\/logo\/image\/\",\"url\":\"https:\/\/darshion.com\/wp-content\/uploads\/2023\/09\/01-1.png\",\"contentUrl\":\"https:\/\/darshion.com\/wp-content\/uploads\/2023\/09\/01-1.png\",\"width\":350,\"height\":100,\"caption\":\"darshion\"},\"image\":{\"@id\":\"https:\/\/darshion.com\/#\/schema\/logo\/image\/\"}}]}<\/script>\n<!-- \/ Yoast SEO Premium plugin. -->","yoast_head_json":{"title":"F\u00e1brica de tapetes de borracha redondos antiderrapantes para cadeiras de jogos - darshion","robots":{"index":"index","follow":"follow","max-snippet":"max-snippet:-1","max-image-preview":"max-image-preview:large","max-video-preview":"max-video-preview:-1"},"canonical":"https:\/\/darshion.com\/pt\/produto\/chair-mats-factory\/","og_locale":"pt_BR","og_type":"article","og_title":"Anti-Slip Round Rubber Gaming Chair Mats Factory","og_description":"Rubber Gaming Chair Mats Factory","og_url":"https:\/\/darshion.com\/pt\/produto\/chair-mats-factory\/","og_site_name":"darshion","article_modified_time":"2024-07-06T01:49:32+00:00","og_image":[{"width":1491,"height":1486,"url":"https:\/\/darshion.com\/wp-content\/uploads\/2024\/05\/1.jpg","type":"image\/jpeg"}],"twitter_card":"summary_large_image","twitter_misc":{"Est. tempo de leitura":"2 minutos"},"schema":{"@context":"https:\/\/schema.org","@graph":[{"@type":"WebPage","@id":"https:\/\/darshion.com\/product\/chair-mats-factory\/","url":"https:\/\/darshion.com\/product\/chair-mats-factory\/","name":"F\u00e1brica de tapetes de borracha redondos antiderrapantes para cadeiras de jogos - darshion","isPartOf":{"@id":"https:\/\/darshion.com\/#website"},"primaryImageOfPage":{"@id":"https:\/\/darshion.com\/product\/chair-mats-factory\/#primaryimage"},"image":{"@id":"https:\/\/darshion.com\/product\/chair-mats-factory\/#primaryimage"},"thumbnailUrl":"https:\/\/darshion.com\/wp-content\/uploads\/2024\/05\/1.jpg","datePublished":"2024-05-16T08:57:11+00:00","dateModified":"2024-07-06T01:49:32+00:00","breadcrumb":{"@id":"https:\/\/darshion.com\/product\/chair-mats-factory\/#breadcrumb"},"inLanguage":"pt-BR","potentialAction":[{"@type":"ReadAction","target":["https:\/\/darshion.com\/product\/chair-mats-factory\/"]}]},{"@type":"ImageObject","inLanguage":"pt-BR","@id":"https:\/\/darshion.com\/product\/chair-mats-factory\/#primaryimage","url":"https:\/\/darshion.com\/wp-content\/uploads\/2024\/05\/1.jpg","contentUrl":"https:\/\/darshion.com\/wp-content\/uploads\/2024\/05\/1.jpg","width":1491,"height":1486,"caption":"chair mats factory"},{"@type":"BreadcrumbList","@id":"https:\/\/darshion.com\/product\/chair-mats-factory\/#breadcrumb","itemListElement":[{"@type":"ListItem","position":1,"name":"\u9996\u9875","item":"https:\/\/darshion.com\/"},{"@type":"ListItem","position":2,"name":"PRODUCT","item":"https:\/\/darshion.com\/pt\/product\/"},{"@type":"ListItem","position":3,"name":"Anti-Slip Round Rubber Gaming Chair Mats Factory"}]},{"@type":"WebSite","@id":"https:\/\/darshion.com\/#website","url":"https:\/\/darshion.com\/","name":"darshion","description":"14 anos de experi\u00eancia, garantia de qualidade, design inovador","publisher":{"@id":"https:\/\/darshion.com\/#organization"},"potentialAction":[{"@type":"SearchAction","target":{"@type":"EntryPoint","urlTemplate":"https:\/\/darshion.com\/?s={search_term_string}"},"query-input":{"@type":"PropertyValueSpecification","valueRequired":true,"valueName":"search_term_string"}}],"inLanguage":"pt-BR"},{"@type":"Organization","@id":"https:\/\/darshion.com\/#organization","name":"darshion","url":"https:\/\/darshion.com\/","logo":{"@type":"ImageObject","inLanguage":"pt-BR","@id":"https:\/\/darshion.com\/#\/schema\/logo\/image\/","url":"https:\/\/darshion.com\/wp-content\/uploads\/2023\/09\/01-1.png","contentUrl":"https:\/\/darshion.com\/wp-content\/uploads\/2023\/09\/01-1.png","width":350,"height":100,"caption":"darshion"},"image":{"@id":"https:\/\/darshion.com\/#\/schema\/logo\/image\/"}}]}},"_links":{"self":[{"href":"https:\/\/darshion.com\/pt\/wp-json\/wp\/v2\/product\/2185"}],"collection":[{"href":"https:\/\/darshion.com\/pt\/wp-json\/wp\/v2\/product"}],"about":[{"href":"https:\/\/darshion.com\/pt\/wp-json\/wp\/v2\/types\/product"}],"replies":[{"embeddable":true,"href":"https:\/\/darshion.com\/pt\/wp-json\/wp\/v2\/comments?post=2185"}],"wp:featuredmedia":[{"embeddable":true,"href":"https:\/\/darshion.com\/pt\/wp-json\/wp\/v2\/media\/2188"}],"wp:attachment":[{"href":"https:\/\/darshion.com\/pt\/wp-json\/wp\/v2\/media?parent=2185"}],"wp:term":[{"taxonomy":"product_cat","embeddable":true,"href":"https:\/\/darshion.com\/pt\/wp-json\/wp\/v2\/product_cat?post=2185"},{"taxonomy":"product_tag","embeddable":true,"href":"https:\/\/darshion.com\/pt\/wp-json\/wp\/v2\/product_tag?post=2185"}],"curies":[{"name":"wp","href":"https:\/\/api.w.org\/{rel}","templated":true}]}}