{"id":2298,"date":"2024-05-28T11:17:16","date_gmt":"2024-05-28T03:17:16","guid":{"rendered":"https:\/\/darshion.com\/?post_type=product&#038;p=2298"},"modified":"2026-03-07T12:52:25","modified_gmt":"2026-03-07T04:52:25","slug":"desk-mat-manufacturers","status":"publish","type":"product","link":"https:\/\/darshion.com\/pt\/produto\/desk-mat-manufacturers\/","title":{"rendered":"Mouse Pad grande para jogos Fabricantes de tapetes de mesa XXXXL"},"content":{"rendered":"<h1>Fabricante e fornecedor por atacado de tapetes de mesa<\/h1>\n<h2>F\u00e1brica de tapetes de mesa personalizados para pedidos a granel e no atacado<\/h2>\n<p>A Darshion \u00e9 uma fabricante profissional de tapetes de mesa especializada em produ\u00e7\u00e3o a granel e no atacado para marcas, distribuidores, compradores de projetos e vendedores em grande escala.<\/p>\n<p>Fornecemos tapetes de mesa OEM e ODM com op\u00e7\u00f5es completas de personaliza\u00e7\u00e3o, incluindo tamanho, material, impress\u00e3o de superf\u00edcie, costura de borda e embalagem. Nossa f\u00e1brica suporta baixo MOQ a partir de 500 unidades e produ\u00e7\u00e3o em massa est\u00e1vel para coopera\u00e7\u00e3o de longo prazo.<\/p>\n<h2>Tapetes de mesa no atacado com personaliza\u00e7\u00e3o OEM e ODM<\/h2>\n<p>Nossos tapetes de mesa no atacado s\u00e3o amplamente usados para merchandising de marcas, configura\u00e7\u00f5es de escrit\u00f3rio, projetos promocionais e distribui\u00e7\u00e3o no varejo.<\/p>\n<p>As op\u00e7\u00f5es de personaliza\u00e7\u00e3o incluem:<br \/>\n- Sublima\u00e7\u00e3o colorida ou impress\u00e3o de logotipo<br \/>\n- Base de borracha, superf\u00edcie de tecido, op\u00e7\u00f5es de couro PU<br \/>\n- Tamanho, espessura e costura de borda personalizados<br \/>\n- Marca pr\u00f3pria e embalagens prontas para o varejo<\/p>\n<p>Ajudamos os parceiros a criar produtos de tapete de mesa diferenciados para mercados competitivos.<\/p>\n<h2>Tapetes de mesa para escrit\u00f3rio, jogos e aplica\u00e7\u00f5es de marca<\/h2>\n<p>Nossos tapetes de mesa s\u00e3o projetados para durabilidade e conforto, adequados para uso em escrit\u00f3rios, configura\u00e7\u00f5es de jogos e linhas de produtos de marca. Eles s\u00e3o fabricados para fornecimento a granel e distribui\u00e7\u00e3o no atacado, n\u00e3o para vendas individuais no varejo.<\/p>\n<h2>Fabrica\u00e7\u00e3o de tapetes de mesa a granel com baixo MOQ<\/h2>\n<p>Nosso MOQ padr\u00e3o para pedidos de tapetes de mesa em massa come\u00e7a em 500 unidades, dependendo dos requisitos de personaliza\u00e7\u00e3o. Com linhas de produ\u00e7\u00e3o maduras e controle de qualidade rigoroso, garantimos qualidade e entrega consistentes para pedidos repetidos.<\/p>\n<p>\u3010Mouse Pad profissional para jogos\u3011Este \u00e9 um mouse pad profissional para jogos de grande porte, nosso mouse pad para jogos pode ajud\u00e1-lo a maximizar a suavidade e a precis\u00e3o do controle do mouse, a superf\u00edcie ultrassuave do mousepad profissional para jogos permite que voc\u00ea mova o mouse sem esfor\u00e7o a qualquer momento para um rastreamento preciso, para que todos os jogadores \u00e1vidos possam ter a melhor experi\u00eancia de jogo, use este mouse pad profissional para jogos de grande porte para trazer o seu n\u00edvel de jogo perfeito\uff01<br \/>\n\u3010Alta estabilidade, durabilidade e conforto\u3011 Este grande mouse pad para jogos tem a mais poderosa estabilidade, durabilidade e conforto! Resolva todos os problemas do mercado de mouse pad com bordas dobradas, material de baixa qualidade, odor e uso desconfort\u00e1vel do mouse pad e assim por diante! Nossos mouse pads para jogos foram testados por in\u00fameras horas e in\u00fameras vezes para oferecer os melhores mouse pads para jogos a todos os jogadores!<br \/>\n\u3010Material da melhor qualidade e melhor desempenho antideslizante\u3011A superf\u00edcie do nosso mouse pad para jogos \u00e9 toda feita de tecido de lycra de alta precis\u00e3o e da melhor qualidade, para garantir que permane\u00e7a plana quando voc\u00ea usar esse mousepad para jogos. A base de borracha antiderrapante na parte inferior do mouse pad grande para jogos mant\u00e9m o mouse pad firmemente no lugar e oferece o melhor desempenho antiderrapante, e esse mouse pad para jogos \u00e9 revestido com um revestimento \u00e0 prova d'\u00e1gua que evita derramamentos ou sujeira, \u00e9 f\u00e1cil de limpar e n\u00e3o tem cheiro. Esse mouse pad grande para jogos lhe proporcionar\u00e1 a melhor estabilidade, durabilidade e conforto.<br \/>\n\u3010Mouse pad para jogos de tamanho XXXL extragrande\u3011 Nosso mouse pad para jogos grande, mais longo e mais largo do que outros mouse pads, oferece muito espa\u00e7o para o mouse e o teclado, proporcionando uma superf\u00edcie maior, lisa e desobstru\u00edda para sess\u00f5es de jogos profissionais, al\u00e9m de proteger a \u00e1rea de trabalho. A espessura extra de 2 mm do mousepad para jogos n\u00e3o apenas reduz o ru\u00eddo, mas tamb\u00e9m garante uma experi\u00eancia mais confort\u00e1vel para as suas m\u00e3os.<br \/>\n\u3010Mouse pad multifuncional\u3011 O nosso mouse pad grande para jogos n\u00e3o s\u00f3 oferece o melhor desempenho nos jogos, como tamb\u00e9m \u00e9 um assistente multifacetado para o seu escrit\u00f3rio em casa, estudo e trabalho no escrit\u00f3rio. O tamanho ampliado e alongado do mouse pad grande xl proporciona um espa\u00e7o de atividade mais confort\u00e1vel e espa\u00e7oso, al\u00e9m de proteger a sua \u00e1rea de trabalho. O belo padr\u00e3o do mouse pad de mesa tamb\u00e9m pode adicionar uma atmosfera relaxante ao seu escrit\u00f3rio, que \u00e9 um mouse pad multifuncional pr\u00e1tico e bonito.<\/p>\n<p><img fetchpriority=\"high\" decoding=\"async\" class=\"size-full wp-image-2305\" src=\"https:\/\/darshion.com\/wp-content\/uploads\/2024\/05\/Full-Desk-Mouse-Pad.jpg\" alt=\"Full Desk Mouse Pad\" width=\"1464\" height=\"600\" srcset=\"https:\/\/darshion.com\/wp-content\/uploads\/2024\/05\/Full-Desk-Mouse-Pad.jpg 1464w, https:\/\/darshion.com\/wp-content\/uploads\/2024\/05\/Full-Desk-Mouse-Pad-300x123.jpg 300w, https:\/\/darshion.com\/wp-content\/uploads\/2024\/05\/Full-Desk-Mouse-Pad-1024x420.jpg 1024w, https:\/\/darshion.com\/wp-content\/uploads\/2024\/05\/Full-Desk-Mouse-Pad-768x315.jpg 768w, https:\/\/darshion.com\/wp-content\/uploads\/2024\/05\/Full-Desk-Mouse-Pad-600x246.jpg 600w\" sizes=\"(max-width: 1464px) 100vw, 1464px\" \/><\/p>\n<table class=\"apm-fixed-width apm-eventhirdcol-table\" style=\"height: 566px;\" width=\"474\">\n<tbody>\n<tr>\n<th class=\"apm-center\"><span style=\"font-weight: 400;\"><img decoding=\"async\" class=\"size-full wp-image-2304\" src=\"https:\/\/darshion.com\/wp-content\/uploads\/2024\/05\/f0eff780-12f1-4eeb-8c09-f5c1a4c3b575.__CR00300225_PT0_SX300_V1___.jpg\" alt=\"xxxxl mouse pad\" width=\"300\" height=\"225\" \/><\/span><\/th>\n<th class=\"apm-center\"><span style=\"font-weight: 400;\"><img decoding=\"async\" class=\"size-full wp-image-2302\" src=\"https:\/\/darshion.com\/wp-content\/uploads\/2024\/05\/e5882a06-82f0-40e7-b46a-b5fd7878b0ed.__CR00300225_PT0_SX300_V1___.jpg\" alt=\"xxxxl mouse pad\" width=\"300\" height=\"225\" \/><\/span><\/th>\n<th class=\"apm-center\"><span style=\"font-weight: 400;\"><img loading=\"lazy\" decoding=\"async\" class=\"size-full wp-image-2301\" src=\"https:\/\/darshion.com\/wp-content\/uploads\/2024\/05\/476a90b3-1584-4bd6-98d3-390979d77c08.__CR00300225_PT0_SX300_V1___.jpg\" alt=\"xxxxl mouse pad\" width=\"300\" height=\"225\" \/><\/span><\/th>\n<th class=\"apm-center\"><span style=\"font-weight: 400;\"><img loading=\"lazy\" decoding=\"async\" class=\"size-full wp-image-2303\" src=\"https:\/\/darshion.com\/wp-content\/uploads\/2024\/05\/ec1dcddc-3d07-4e10-b350-1aaf0e3bbac3.__CR00300225_PT0_SX300_V1___.jpg\" alt=\"xxxxl mouse pad\" width=\"300\" height=\"225\" \/><\/span><\/th>\n<\/tr>\n<tr>\n<td class=\"apm-top\">\n<div class=\"a-section a-spacing-none column-heading\">\n<h4 class=\"aplus-h3 a-text-bold\"><span style=\"font-weight: 400;\">Superf\u00edcie resistente ao desgaste<\/span><\/h4>\n<\/div>\n<div class=\"a-section a-spacing-none column-description\">\n<p class=\"aplus-p3\">A superf\u00edcie de tecido de lycra evita arranh\u00f5es causados por objetos pontiagudos, como talheres e canetas<\/p>\n<\/div>\n<\/td>\n<td class=\"apm-top\">\n<div class=\"apm-eventhirdcol apm-floatleft\">\n<div class=\"a-section a-spacing-none column-heading\">\n<h4 class=\"aplus-h3 a-text-bold\"><span style=\"font-weight: 400;\">Resistente a rugas<\/span><\/h4>\n<\/div>\n<div class=\"a-section a-spacing-none column-description\">\n<p class=\"aplus-p3\">A base de borracha natural \u00e9 flex\u00edvel, portanto, voc\u00ea n\u00e3o precisa se preocupar com a possibilidade de o mouse pad amassar ou quebrar ap\u00f3s o uso prolongado<\/p>\n<\/div>\n<\/div>\n<\/td>\n<td class=\"apm-top\">\n<div class=\"apm-eventhirdcol apm-floatleft\">\n<div class=\"a-section a-spacing-none column-heading\">\n<h4 class=\"aplus-h3 a-text-bold\"><span style=\"font-weight: 400;\">\u00c0 prova de \u00e1gua e \u00f3leo<\/span><\/h4>\n<\/div>\n<div class=\"a-section a-spacing-none column-description\">\n<p class=\"aplus-p3\">A superf\u00edcie tem um revestimento \u00e0 prova d'\u00e1gua, que resiste facilmente \u00e0 \u00e1gua e ao \u00f3leo, e \u00e9 muito f\u00e1cil de limpar e cuidar<\/p>\n<\/div>\n<\/div>\n<\/td>\n<td class=\"apm-top\">\n<div class=\"apm-eventhirdcol apm-floatleft\">\n<div class=\"a-section a-spacing-none column-heading\">\n<h4 class=\"aplus-h3 a-text-bold\"><span style=\"font-weight: 400;\">Bordas costuradas para maior durabilidade<\/span><\/h4>\n<\/div>\n<div class=\"a-section a-spacing-none column-description\">\n<p class=\"aplus-p3\">Refor\u00e7o de costura dupla, feito para durar, evitando o desgaste e garantindo um desempenho consistente<\/p>\n<\/div>\n<\/div>\n<\/td>\n<\/tr>\n<\/tbody>\n<\/table>\n<p>P: Qual \u00e9 o seu MOQ para tapetes de mesa no atacado?<br \/>\nR: Nosso MOQ padr\u00e3o \u00e9 a partir de 500 unidades, dependendo do tamanho e da personaliza\u00e7\u00e3o.<\/p>\n<p>P: Voc\u00eas oferecem suporte a logotipo personalizado e tapetes de mesa OEM?<br \/>\nR: Sim, fornecemos servi\u00e7os completos de OEM e ODM, incluindo impress\u00e3o, materiais e embalagens.<\/p>\n<p>P: Os tapetes de mesa s\u00e3o adequados para projetos corporativos e de marca?<br \/>\nR: Sim, nossos tapetes de mesa s\u00e3o amplamente utilizados por marcas, distribuidores e compradores corporativos.<\/p>","protected":false},"excerpt":{"rendered":"<p>Mouse Pad grande com base de borracha antiderrapante profissional, Mouse Pad XXXL para jogos, escrit\u00f3rio e casa, Mouse Pad de mesa completo<\/p>","protected":false},"featured_media":2279,"comment_status":"open","ping_status":"closed","template":"","meta":{"_monsterinsights_skip_tracking":false,"_monsterinsights_sitenote_active":false,"_monsterinsights_sitenote_note":"","_monsterinsights_sitenote_category":0},"product_cat":[100],"product_tag":[130,556],"yoast_head":"<!-- This site is optimized with the Yoast SEO Premium plugin v22.9 (Yoast SEO v24.0) - https:\/\/yoast.com\/wordpress\/plugins\/seo\/ -->\n<title>Big Mouse Pad for Gaming XXXXL Desk Mat Manufacturers<\/title>\n<meta name=\"description\" content=\"Darshion is a professional desk mat manufacturer and wholesale supplier offering custom desk mats in bulk. OEM &amp; ODM services, full color printing, low MOQ and factory direct pricing.\" \/>\n<meta name=\"robots\" content=\"index, follow, max-snippet:-1, max-image-preview:large, max-video-preview:-1\" \/>\n<link rel=\"canonical\" href=\"https:\/\/darshion.com\/pt\/produto\/desk-mat-manufacturers\/\" \/>\n<meta property=\"og:locale\" content=\"pt_BR\" \/>\n<meta property=\"og:type\" content=\"article\" \/>\n<meta property=\"og:title\" content=\"Big Mouse Pad for Gaming XXXXL Desk Mat Manufacturers\" \/>\n<meta property=\"og:description\" content=\"Darshion is a professional desk mat manufacturer and wholesale supplier offering custom desk mats in bulk. OEM &amp; ODM services, full color printing, low MOQ and factory direct pricing.\" \/>\n<meta property=\"og:url\" content=\"https:\/\/darshion.com\/pt\/produto\/desk-mat-manufacturers\/\" \/>\n<meta property=\"og:site_name\" content=\"darshion\" \/>\n<meta property=\"article:modified_time\" content=\"2026-03-07T04:52:25+00:00\" \/>\n<meta property=\"og:image\" content=\"https:\/\/darshion.com\/wp-content\/uploads\/2024\/05\/12.jpg\" \/>\n\t<meta property=\"og:image:width\" content=\"768\" \/>\n\t<meta property=\"og:image:height\" content=\"768\" \/>\n\t<meta property=\"og:image:type\" content=\"image\/jpeg\" \/>\n<meta name=\"twitter:card\" content=\"summary_large_image\" \/>\n<meta name=\"twitter:label1\" content=\"Est. tempo de leitura\" \/>\n\t<meta name=\"twitter:data1\" content=\"5 minutos\" \/>\n<script type=\"application\/ld+json\" class=\"yoast-schema-graph\">{\"@context\":\"https:\/\/schema.org\",\"@graph\":[{\"@type\":\"WebPage\",\"@id\":\"https:\/\/darshion.com\/product\/desk-mat-manufacturers\/\",\"url\":\"https:\/\/darshion.com\/product\/desk-mat-manufacturers\/\",\"name\":\"Big Mouse Pad for Gaming XXXXL Desk Mat Manufacturers\",\"isPartOf\":{\"@id\":\"https:\/\/darshion.com\/#website\"},\"primaryImageOfPage\":{\"@id\":\"https:\/\/darshion.com\/product\/desk-mat-manufacturers\/#primaryimage\"},\"image\":{\"@id\":\"https:\/\/darshion.com\/product\/desk-mat-manufacturers\/#primaryimage\"},\"thumbnailUrl\":\"https:\/\/darshion.com\/wp-content\/uploads\/2024\/05\/12.jpg\",\"datePublished\":\"2024-05-28T03:17:16+00:00\",\"dateModified\":\"2026-03-07T04:52:25+00:00\",\"description\":\"Darshion is a professional desk mat manufacturer and wholesale supplier offering custom desk mats in bulk. OEM & ODM services, full color printing, low MOQ and factory direct pricing.\",\"breadcrumb\":{\"@id\":\"https:\/\/darshion.com\/product\/desk-mat-manufacturers\/#breadcrumb\"},\"inLanguage\":\"pt-BR\",\"potentialAction\":[{\"@type\":\"ReadAction\",\"target\":[\"https:\/\/darshion.com\/product\/desk-mat-manufacturers\/\"]}]},{\"@type\":\"ImageObject\",\"inLanguage\":\"pt-BR\",\"@id\":\"https:\/\/darshion.com\/product\/desk-mat-manufacturers\/#primaryimage\",\"url\":\"https:\/\/darshion.com\/wp-content\/uploads\/2024\/05\/12.jpg\",\"contentUrl\":\"https:\/\/darshion.com\/wp-content\/uploads\/2024\/05\/12.jpg\",\"width\":768,\"height\":768,\"caption\":\"xxxxl mouse pad\"},{\"@type\":\"BreadcrumbList\",\"@id\":\"https:\/\/darshion.com\/product\/desk-mat-manufacturers\/#breadcrumb\",\"itemListElement\":[{\"@type\":\"ListItem\",\"position\":1,\"name\":\"\u9996\u9875\",\"item\":\"https:\/\/darshion.com\/\"},{\"@type\":\"ListItem\",\"position\":2,\"name\":\"PRODUCT\",\"item\":\"https:\/\/darshion.com\/pt\/product\/\"},{\"@type\":\"ListItem\",\"position\":3,\"name\":\"Big Mouse Pad for Gaming XXXXL Desk Mat Manufacturers\"}]},{\"@type\":\"WebSite\",\"@id\":\"https:\/\/darshion.com\/#website\",\"url\":\"https:\/\/darshion.com\/\",\"name\":\"darshion\",\"description\":\"14 Years of Experience, Quality Assurance, Innovative Design\",\"publisher\":{\"@id\":\"https:\/\/darshion.com\/#organization\"},\"potentialAction\":[{\"@type\":\"SearchAction\",\"target\":{\"@type\":\"EntryPoint\",\"urlTemplate\":\"https:\/\/darshion.com\/?s={search_term_string}\"},\"query-input\":{\"@type\":\"PropertyValueSpecification\",\"valueRequired\":true,\"valueName\":\"search_term_string\"}}],\"inLanguage\":\"pt-BR\"},{\"@type\":\"Organization\",\"@id\":\"https:\/\/darshion.com\/#organization\",\"name\":\"darshion\",\"url\":\"https:\/\/darshion.com\/\",\"logo\":{\"@type\":\"ImageObject\",\"inLanguage\":\"pt-BR\",\"@id\":\"https:\/\/darshion.com\/#\/schema\/logo\/image\/\",\"url\":\"https:\/\/darshion.com\/wp-content\/uploads\/2023\/09\/01-1.png\",\"contentUrl\":\"https:\/\/darshion.com\/wp-content\/uploads\/2023\/09\/01-1.png\",\"width\":350,\"height\":100,\"caption\":\"darshion\"},\"image\":{\"@id\":\"https:\/\/darshion.com\/#\/schema\/logo\/image\/\"}}]}<\/script>\n<!-- \/ Yoast SEO Premium plugin. -->","yoast_head_json":{"title":"Mouse Pad grande para jogos Fabricantes de tapetes de mesa XXXXL","description":"A Darshion \u00e9 um fabricante profissional de tapetes de mesa e fornecedor atacadista que oferece tapetes de mesa personalizados a granel. Servi\u00e7os OEM e ODM, impress\u00e3o em cores, baixo MOQ e pre\u00e7o direto de f\u00e1brica.","robots":{"index":"index","follow":"follow","max-snippet":"max-snippet:-1","max-image-preview":"max-image-preview:large","max-video-preview":"max-video-preview:-1"},"canonical":"https:\/\/darshion.com\/pt\/produto\/desk-mat-manufacturers\/","og_locale":"pt_BR","og_type":"article","og_title":"Big Mouse Pad for Gaming XXXXL Desk Mat Manufacturers","og_description":"Darshion is a professional desk mat manufacturer and wholesale supplier offering custom desk mats in bulk. OEM & ODM services, full color printing, low MOQ and factory direct pricing.","og_url":"https:\/\/darshion.com\/pt\/produto\/desk-mat-manufacturers\/","og_site_name":"darshion","article_modified_time":"2026-03-07T04:52:25+00:00","og_image":[{"width":768,"height":768,"url":"https:\/\/darshion.com\/wp-content\/uploads\/2024\/05\/12.jpg","type":"image\/jpeg"}],"twitter_card":"summary_large_image","twitter_misc":{"Est. tempo de leitura":"5 minutos"},"schema":{"@context":"https:\/\/schema.org","@graph":[{"@type":"WebPage","@id":"https:\/\/darshion.com\/product\/desk-mat-manufacturers\/","url":"https:\/\/darshion.com\/product\/desk-mat-manufacturers\/","name":"Mouse Pad grande para jogos Fabricantes de tapetes de mesa XXXXL","isPartOf":{"@id":"https:\/\/darshion.com\/#website"},"primaryImageOfPage":{"@id":"https:\/\/darshion.com\/product\/desk-mat-manufacturers\/#primaryimage"},"image":{"@id":"https:\/\/darshion.com\/product\/desk-mat-manufacturers\/#primaryimage"},"thumbnailUrl":"https:\/\/darshion.com\/wp-content\/uploads\/2024\/05\/12.jpg","datePublished":"2024-05-28T03:17:16+00:00","dateModified":"2026-03-07T04:52:25+00:00","description":"A Darshion \u00e9 um fabricante profissional de tapetes de mesa e fornecedor atacadista que oferece tapetes de mesa personalizados a granel. Servi\u00e7os OEM e ODM, impress\u00e3o em cores, baixo MOQ e pre\u00e7o direto de f\u00e1brica.","breadcrumb":{"@id":"https:\/\/darshion.com\/product\/desk-mat-manufacturers\/#breadcrumb"},"inLanguage":"pt-BR","potentialAction":[{"@type":"ReadAction","target":["https:\/\/darshion.com\/product\/desk-mat-manufacturers\/"]}]},{"@type":"ImageObject","inLanguage":"pt-BR","@id":"https:\/\/darshion.com\/product\/desk-mat-manufacturers\/#primaryimage","url":"https:\/\/darshion.com\/wp-content\/uploads\/2024\/05\/12.jpg","contentUrl":"https:\/\/darshion.com\/wp-content\/uploads\/2024\/05\/12.jpg","width":768,"height":768,"caption":"xxxxl mouse pad"},{"@type":"BreadcrumbList","@id":"https:\/\/darshion.com\/product\/desk-mat-manufacturers\/#breadcrumb","itemListElement":[{"@type":"ListItem","position":1,"name":"\u9996\u9875","item":"https:\/\/darshion.com\/"},{"@type":"ListItem","position":2,"name":"PRODUCT","item":"https:\/\/darshion.com\/pt\/product\/"},{"@type":"ListItem","position":3,"name":"Big Mouse Pad for Gaming XXXXL Desk Mat Manufacturers"}]},{"@type":"WebSite","@id":"https:\/\/darshion.com\/#website","url":"https:\/\/darshion.com\/","name":"darshion","description":"14 anos de experi\u00eancia, garantia de qualidade, design inovador","publisher":{"@id":"https:\/\/darshion.com\/#organization"},"potentialAction":[{"@type":"SearchAction","target":{"@type":"EntryPoint","urlTemplate":"https:\/\/darshion.com\/?s={search_term_string}"},"query-input":{"@type":"PropertyValueSpecification","valueRequired":true,"valueName":"search_term_string"}}],"inLanguage":"pt-BR"},{"@type":"Organization","@id":"https:\/\/darshion.com\/#organization","name":"darshion","url":"https:\/\/darshion.com\/","logo":{"@type":"ImageObject","inLanguage":"pt-BR","@id":"https:\/\/darshion.com\/#\/schema\/logo\/image\/","url":"https:\/\/darshion.com\/wp-content\/uploads\/2023\/09\/01-1.png","contentUrl":"https:\/\/darshion.com\/wp-content\/uploads\/2023\/09\/01-1.png","width":350,"height":100,"caption":"darshion"},"image":{"@id":"https:\/\/darshion.com\/#\/schema\/logo\/image\/"}}]}},"_links":{"self":[{"href":"https:\/\/darshion.com\/pt\/wp-json\/wp\/v2\/product\/2298"}],"collection":[{"href":"https:\/\/darshion.com\/pt\/wp-json\/wp\/v2\/product"}],"about":[{"href":"https:\/\/darshion.com\/pt\/wp-json\/wp\/v2\/types\/product"}],"replies":[{"embeddable":true,"href":"https:\/\/darshion.com\/pt\/wp-json\/wp\/v2\/comments?post=2298"}],"wp:featuredmedia":[{"embeddable":true,"href":"https:\/\/darshion.com\/pt\/wp-json\/wp\/v2\/media\/2279"}],"wp:attachment":[{"href":"https:\/\/darshion.com\/pt\/wp-json\/wp\/v2\/media?parent=2298"}],"wp:term":[{"taxonomy":"product_cat","embeddable":true,"href":"https:\/\/darshion.com\/pt\/wp-json\/wp\/v2\/product_cat?post=2298"},{"taxonomy":"product_tag","embeddable":true,"href":"https:\/\/darshion.com\/pt\/wp-json\/wp\/v2\/product_tag?post=2298"}],"curies":[{"name":"wp","href":"https:\/\/api.w.org\/{rel}","templated":true}]}}