{"id":2421,"date":"2024-06-05T17:13:08","date_gmt":"2024-06-05T09:13:08","guid":{"rendered":"https:\/\/darshion.com\/?post_type=product&#038;p=2421"},"modified":"2024-07-09T17:11:01","modified_gmt":"2024-07-09T09:11:01","slug":"rgb-gaming-mouse-v6","status":"publish","type":"product","link":"https:\/\/darshion.com\/pt\/produto\/rgb-gaming-mouse-v6\/","title":{"rendered":"Mouse para jogos de computador com fio V6 RGB Fabricante"},"content":{"rendered":"<p><strong>Caracter\u00edsticas:<\/strong><br \/>\n1. Design ergon\u00f4mico, adequado para todos os tipos de m\u00e3o e computador<br \/>\n2. 6 teclas, mais convenientes para opera\u00e7\u00f5es de jogos<br \/>\n3. O DPI ajust\u00e1vel de 3 tipos proporciona um posicionamento preciso<br \/>\n4. Configura\u00e7\u00f5es de macro personalizadas, perfeitas para jogos mais complexos<br \/>\n5. Bem embalado com a caixa original, \u00e9 um \u00f3timo presente para seus amigos.<\/p>\n<p><strong>Especifica\u00e7\u00e3o:<\/strong><br \/>\nQuantidade de teclas: 6 bot\u00f5es (incluindo a roda)<br \/>\nInterruptor de DPI: 1200\/1600\/2400 DPI ajust\u00e1vel<br \/>\nVida \u00fatil da chave: 10 milh\u00f5es de vezes<br \/>\nTamanho: 133 * 78 * 40 mm<br \/>\nPeso: cerca de 157g<br \/>\nCor: preto<br \/>\nComprimento do cabo USB: cerca de 160 cm<br \/>\nCor da luz de respira\u00e7\u00e3o: mut\u00e1vel (pressione a tecla \"DPI\" e a tecla lateral \"Forward\" do mouse para ligar\/desligar a luz de fundo)<br \/>\nUsu\u00e1rio para: Jogadores de alto n\u00edvel e jogadores profissionais de Dota, LOL, CSGO, etc.<br \/>\nDicas quentes: A \"roda\" na lateral do mouse \u00e9 apenas uma decora\u00e7\u00e3o, n\u00e3o pode ser girada.<\/p>\n<p><strong>O pacote inclui:<\/strong><br \/>\n1 x Mouse para jogos de computador com fio V6 (com caixa original)<br \/>\n1 manual do usu\u00e1rio<\/p>\n<p><img fetchpriority=\"high\" decoding=\"async\" class=\"alignnone size-full wp-image-2424\" src=\"https:\/\/darshion.com\/wp-content\/uploads\/2024\/06\/1-4.jpg\" alt=\"\" width=\"790\" height=\"1049\" srcset=\"https:\/\/darshion.com\/wp-content\/uploads\/2024\/06\/1-4.jpg 790w, https:\/\/darshion.com\/wp-content\/uploads\/2024\/06\/1-4-226x300.jpg 226w, https:\/\/darshion.com\/wp-content\/uploads\/2024\/06\/1-4-771x1024.jpg 771w, https:\/\/darshion.com\/wp-content\/uploads\/2024\/06\/1-4-768x1020.jpg 768w, https:\/\/darshion.com\/wp-content\/uploads\/2024\/06\/1-4-600x797.jpg 600w\" sizes=\"(max-width: 790px) 100vw, 790px\" \/> <img decoding=\"async\" class=\"alignnone size-full wp-image-2425\" src=\"https:\/\/darshion.com\/wp-content\/uploads\/2024\/06\/2-4.jpg\" alt=\"\" width=\"790\" height=\"1049\" srcset=\"https:\/\/darshion.com\/wp-content\/uploads\/2024\/06\/2-4.jpg 790w, https:\/\/darshion.com\/wp-content\/uploads\/2024\/06\/2-4-226x300.jpg 226w, https:\/\/darshion.com\/wp-content\/uploads\/2024\/06\/2-4-771x1024.jpg 771w, https:\/\/darshion.com\/wp-content\/uploads\/2024\/06\/2-4-768x1020.jpg 768w, https:\/\/darshion.com\/wp-content\/uploads\/2024\/06\/2-4-600x797.jpg 600w\" sizes=\"(max-width: 790px) 100vw, 790px\" \/> <img decoding=\"async\" class=\"alignnone size-full wp-image-2426\" src=\"https:\/\/darshion.com\/wp-content\/uploads\/2024\/06\/3-4.jpg\" alt=\"\" width=\"800\" height=\"800\" srcset=\"https:\/\/darshion.com\/wp-content\/uploads\/2024\/06\/3-4.jpg 800w, https:\/\/darshion.com\/wp-content\/uploads\/2024\/06\/3-4-300x300.jpg 300w, https:\/\/darshion.com\/wp-content\/uploads\/2024\/06\/3-4-150x150.jpg 150w, https:\/\/darshion.com\/wp-content\/uploads\/2024\/06\/3-4-768x768.jpg 768w, https:\/\/darshion.com\/wp-content\/uploads\/2024\/06\/3-4-600x600.jpg 600w, https:\/\/darshion.com\/wp-content\/uploads\/2024\/06\/3-4-100x100.jpg 100w\" sizes=\"(max-width: 800px) 100vw, 800px\" \/> <img loading=\"lazy\" decoding=\"async\" class=\"alignnone size-full wp-image-2427\" src=\"https:\/\/darshion.com\/wp-content\/uploads\/2024\/06\/4-4.jpg\" alt=\"\" width=\"790\" height=\"862\" srcset=\"https:\/\/darshion.com\/wp-content\/uploads\/2024\/06\/4-4.jpg 790w, https:\/\/darshion.com\/wp-content\/uploads\/2024\/06\/4-4-275x300.jpg 275w, https:\/\/darshion.com\/wp-content\/uploads\/2024\/06\/4-4-768x838.jpg 768w, https:\/\/darshion.com\/wp-content\/uploads\/2024\/06\/4-4-600x655.jpg 600w\" sizes=\"(max-width: 790px) 100vw, 790px\" \/><\/p>","protected":false},"excerpt":{"rendered":"<p class=\"pro_single_title\">Mouse para jogos de computador V6 RGB com fio<\/p>","protected":false},"featured_media":2428,"comment_status":"open","ping_status":"closed","template":"","meta":{"_monsterinsights_skip_tracking":false,"_monsterinsights_sitenote_active":false,"_monsterinsights_sitenote_note":"","_monsterinsights_sitenote_category":0},"product_cat":[542],"product_tag":[],"yoast_head":"<!-- This site is optimized with the Yoast SEO Premium plugin v22.9 (Yoast SEO v24.0) - https:\/\/yoast.com\/wordpress\/plugins\/seo\/ -->\n<title>V6 RGB Wired Computer Gaming Mouse Manufacturer - darshion<\/title>\n<meta name=\"robots\" content=\"index, follow, max-snippet:-1, max-image-preview:large, max-video-preview:-1\" \/>\n<link rel=\"canonical\" href=\"https:\/\/darshion.com\/pt\/urun\/rgb-gaming-mouse-v6\/\" \/>\n<meta property=\"og:locale\" content=\"pt_BR\" \/>\n<meta property=\"og:type\" content=\"article\" \/>\n<meta property=\"og:title\" content=\"V6 RGB Wired Computer Gaming Mouse Manufacturer\" \/>\n<meta property=\"og:description\" content=\"V6 RGB Wired Computer Gaming Mouse\" \/>\n<meta property=\"og:url\" content=\"https:\/\/darshion.com\/pt\/urun\/rgb-gaming-mouse-v6\/\" \/>\n<meta property=\"og:site_name\" content=\"darshion\" \/>\n<meta property=\"article:modified_time\" content=\"2024-07-09T09:11:01+00:00\" \/>\n<meta property=\"og:image\" content=\"https:\/\/darshion.com\/wp-content\/uploads\/2024\/06\/\u4e3b-1.webp\" \/>\n\t<meta property=\"og:image:width\" content=\"600\" \/>\n\t<meta property=\"og:image:height\" content=\"600\" \/>\n\t<meta property=\"og:image:type\" content=\"image\/webp\" \/>\n<meta name=\"twitter:card\" content=\"summary_large_image\" \/>\n<meta name=\"twitter:label1\" content=\"Est. tempo de leitura\" \/>\n\t<meta name=\"twitter:data1\" content=\"2 minutos\" \/>\n<script type=\"application\/ld+json\" class=\"yoast-schema-graph\">{\"@context\":\"https:\/\/schema.org\",\"@graph\":[{\"@type\":\"WebPage\",\"@id\":\"https:\/\/darshion.com\/tr\/urun\/rgb-gaming-mouse-v6\/\",\"url\":\"https:\/\/darshion.com\/tr\/urun\/rgb-gaming-mouse-v6\/\",\"name\":\"V6 RGB Wired Computer Gaming Mouse Manufacturer - darshion\",\"isPartOf\":{\"@id\":\"https:\/\/darshion.com\/#website\"},\"primaryImageOfPage\":{\"@id\":\"https:\/\/darshion.com\/tr\/urun\/rgb-gaming-mouse-v6\/#primaryimage\"},\"image\":{\"@id\":\"https:\/\/darshion.com\/tr\/urun\/rgb-gaming-mouse-v6\/#primaryimage\"},\"thumbnailUrl\":\"https:\/\/darshion.com\/wp-content\/uploads\/2024\/06\/\u4e3b-1.webp\",\"datePublished\":\"2024-06-05T09:13:08+00:00\",\"dateModified\":\"2024-07-09T09:11:01+00:00\",\"breadcrumb\":{\"@id\":\"https:\/\/darshion.com\/tr\/urun\/rgb-gaming-mouse-v6\/#breadcrumb\"},\"inLanguage\":\"pt-BR\",\"potentialAction\":[{\"@type\":\"ReadAction\",\"target\":[\"https:\/\/darshion.com\/tr\/urun\/rgb-gaming-mouse-v6\/\"]}]},{\"@type\":\"ImageObject\",\"inLanguage\":\"pt-BR\",\"@id\":\"https:\/\/darshion.com\/tr\/urun\/rgb-gaming-mouse-v6\/#primaryimage\",\"url\":\"https:\/\/darshion.com\/wp-content\/uploads\/2024\/06\/\u4e3b-1.webp\",\"contentUrl\":\"https:\/\/darshion.com\/wp-content\/uploads\/2024\/06\/\u4e3b-1.webp\",\"width\":600,\"height\":600,\"caption\":\"V6 RGB Wired Gaming Mouse\"},{\"@type\":\"BreadcrumbList\",\"@id\":\"https:\/\/darshion.com\/tr\/urun\/rgb-gaming-mouse-v6\/#breadcrumb\",\"itemListElement\":[{\"@type\":\"ListItem\",\"position\":1,\"name\":\"\u9996\u9875\",\"item\":\"https:\/\/darshion.com\/\"},{\"@type\":\"ListItem\",\"position\":2,\"name\":\"PRODUCT\",\"item\":\"https:\/\/darshion.com\/pt\/product\/\"},{\"@type\":\"ListItem\",\"position\":3,\"name\":\"V6 RGB Wired Computer Gaming Mouse Manufacturer\"}]},{\"@type\":\"WebSite\",\"@id\":\"https:\/\/darshion.com\/#website\",\"url\":\"https:\/\/darshion.com\/\",\"name\":\"darshion\",\"description\":\"14 Years of Experience, Quality Assurance, Innovative Design\",\"publisher\":{\"@id\":\"https:\/\/darshion.com\/#organization\"},\"potentialAction\":[{\"@type\":\"SearchAction\",\"target\":{\"@type\":\"EntryPoint\",\"urlTemplate\":\"https:\/\/darshion.com\/?s={search_term_string}\"},\"query-input\":{\"@type\":\"PropertyValueSpecification\",\"valueRequired\":true,\"valueName\":\"search_term_string\"}}],\"inLanguage\":\"pt-BR\"},{\"@type\":\"Organization\",\"@id\":\"https:\/\/darshion.com\/#organization\",\"name\":\"darshion\",\"url\":\"https:\/\/darshion.com\/\",\"logo\":{\"@type\":\"ImageObject\",\"inLanguage\":\"pt-BR\",\"@id\":\"https:\/\/darshion.com\/#\/schema\/logo\/image\/\",\"url\":\"https:\/\/darshion.com\/wp-content\/uploads\/2023\/09\/01-1.png\",\"contentUrl\":\"https:\/\/darshion.com\/wp-content\/uploads\/2023\/09\/01-1.png\",\"width\":350,\"height\":100,\"caption\":\"darshion\"},\"image\":{\"@id\":\"https:\/\/darshion.com\/#\/schema\/logo\/image\/\"}}]}<\/script>\n<!-- \/ Yoast SEO Premium plugin. -->","yoast_head_json":{"title":"Fabricante do mouse para jogos de computador com fio V6 RGB - darshion","robots":{"index":"index","follow":"follow","max-snippet":"max-snippet:-1","max-image-preview":"max-image-preview:large","max-video-preview":"max-video-preview:-1"},"canonical":"https:\/\/darshion.com\/pt\/urun\/rgb-gaming-mouse-v6\/","og_locale":"pt_BR","og_type":"article","og_title":"V6 RGB Wired Computer Gaming Mouse Manufacturer","og_description":"V6 RGB Wired Computer Gaming Mouse","og_url":"https:\/\/darshion.com\/pt\/urun\/rgb-gaming-mouse-v6\/","og_site_name":"darshion","article_modified_time":"2024-07-09T09:11:01+00:00","og_image":[{"width":600,"height":600,"url":"https:\/\/darshion.com\/wp-content\/uploads\/2024\/06\/\u4e3b-1.webp","type":"image\/webp"}],"twitter_card":"summary_large_image","twitter_misc":{"Est. tempo de leitura":"2 minutos"},"schema":{"@context":"https:\/\/schema.org","@graph":[{"@type":"WebPage","@id":"https:\/\/darshion.com\/tr\/urun\/rgb-gaming-mouse-v6\/","url":"https:\/\/darshion.com\/tr\/urun\/rgb-gaming-mouse-v6\/","name":"Fabricante do mouse para jogos de computador com fio V6 RGB - darshion","isPartOf":{"@id":"https:\/\/darshion.com\/#website"},"primaryImageOfPage":{"@id":"https:\/\/darshion.com\/tr\/urun\/rgb-gaming-mouse-v6\/#primaryimage"},"image":{"@id":"https:\/\/darshion.com\/tr\/urun\/rgb-gaming-mouse-v6\/#primaryimage"},"thumbnailUrl":"https:\/\/darshion.com\/wp-content\/uploads\/2024\/06\/\u4e3b-1.webp","datePublished":"2024-06-05T09:13:08+00:00","dateModified":"2024-07-09T09:11:01+00:00","breadcrumb":{"@id":"https:\/\/darshion.com\/tr\/urun\/rgb-gaming-mouse-v6\/#breadcrumb"},"inLanguage":"pt-BR","potentialAction":[{"@type":"ReadAction","target":["https:\/\/darshion.com\/tr\/urun\/rgb-gaming-mouse-v6\/"]}]},{"@type":"ImageObject","inLanguage":"pt-BR","@id":"https:\/\/darshion.com\/tr\/urun\/rgb-gaming-mouse-v6\/#primaryimage","url":"https:\/\/darshion.com\/wp-content\/uploads\/2024\/06\/\u4e3b-1.webp","contentUrl":"https:\/\/darshion.com\/wp-content\/uploads\/2024\/06\/\u4e3b-1.webp","width":600,"height":600,"caption":"V6 RGB Wired Gaming Mouse"},{"@type":"BreadcrumbList","@id":"https:\/\/darshion.com\/tr\/urun\/rgb-gaming-mouse-v6\/#breadcrumb","itemListElement":[{"@type":"ListItem","position":1,"name":"\u9996\u9875","item":"https:\/\/darshion.com\/"},{"@type":"ListItem","position":2,"name":"PRODUCT","item":"https:\/\/darshion.com\/pt\/product\/"},{"@type":"ListItem","position":3,"name":"V6 RGB Wired Computer Gaming Mouse Manufacturer"}]},{"@type":"WebSite","@id":"https:\/\/darshion.com\/#website","url":"https:\/\/darshion.com\/","name":"darshion","description":"14 anos de experi\u00eancia, garantia de qualidade, design inovador","publisher":{"@id":"https:\/\/darshion.com\/#organization"},"potentialAction":[{"@type":"SearchAction","target":{"@type":"EntryPoint","urlTemplate":"https:\/\/darshion.com\/?s={search_term_string}"},"query-input":{"@type":"PropertyValueSpecification","valueRequired":true,"valueName":"search_term_string"}}],"inLanguage":"pt-BR"},{"@type":"Organization","@id":"https:\/\/darshion.com\/#organization","name":"darshion","url":"https:\/\/darshion.com\/","logo":{"@type":"ImageObject","inLanguage":"pt-BR","@id":"https:\/\/darshion.com\/#\/schema\/logo\/image\/","url":"https:\/\/darshion.com\/wp-content\/uploads\/2023\/09\/01-1.png","contentUrl":"https:\/\/darshion.com\/wp-content\/uploads\/2023\/09\/01-1.png","width":350,"height":100,"caption":"darshion"},"image":{"@id":"https:\/\/darshion.com\/#\/schema\/logo\/image\/"}}]}},"_links":{"self":[{"href":"https:\/\/darshion.com\/pt\/wp-json\/wp\/v2\/product\/2421"}],"collection":[{"href":"https:\/\/darshion.com\/pt\/wp-json\/wp\/v2\/product"}],"about":[{"href":"https:\/\/darshion.com\/pt\/wp-json\/wp\/v2\/types\/product"}],"replies":[{"embeddable":true,"href":"https:\/\/darshion.com\/pt\/wp-json\/wp\/v2\/comments?post=2421"}],"wp:featuredmedia":[{"embeddable":true,"href":"https:\/\/darshion.com\/pt\/wp-json\/wp\/v2\/media\/2428"}],"wp:attachment":[{"href":"https:\/\/darshion.com\/pt\/wp-json\/wp\/v2\/media?parent=2421"}],"wp:term":[{"taxonomy":"product_cat","embeddable":true,"href":"https:\/\/darshion.com\/pt\/wp-json\/wp\/v2\/product_cat?post=2421"},{"taxonomy":"product_tag","embeddable":true,"href":"https:\/\/darshion.com\/pt\/wp-json\/wp\/v2\/product_tag?post=2421"}],"curies":[{"name":"wp","href":"https:\/\/api.w.org\/{rel}","templated":true}]}}