{"id":2433,"date":"2024-06-05T17:30:47","date_gmt":"2024-06-05T09:30:47","guid":{"rendered":"https:\/\/darshion.com\/?post_type=product&#038;p=2433"},"modified":"2024-07-09T17:15:20","modified_gmt":"2024-07-09T09:15:20","slug":"2-4ghz-wireless-mouse-t26","status":"publish","type":"product","link":"https:\/\/darshion.com\/pt\/produto\/2-4ghz-wireless-mouse-t26\/","title":{"rendered":"Fabricantes do mouse sem fio T26 Gaming 2.4GHz"},"content":{"rendered":"<p><strong>Caracter\u00edsticas:<\/strong><br \/>\n1:Tecnologia de laser \u00f3ptico T26 para controle preciso\uff0cBateria de l\u00edtio recarreg\u00e1vel embutida, o carregamento usa a interface TYPE-C para carregar rapidamente, evitando o problema de carregamento lento\uff0cN\u00e3o h\u00e1 necessidade de substituir a bateria.<br \/>\n2:Receptor sem fio, pode ser recebido em um raio de 10 metros sem fio\uff0cMotor de alta precis\u00e3o 2400 DPl, experi\u00eancia precisa! Punho confort\u00e1vel\uff0cDesfrute da tecnologia sem fio 24G, aplic\u00e1vel a jogos casuais de escrit\u00f3rio.<br \/>\n3 bot\u00f5es L\/R do mouse, 2 bot\u00f5es de polegar e uma roda de rolagem clic\u00e1vel, dpi +\/-.<br \/>\n4: Design de luz de respira\u00e7\u00e3o colorida e legal, apaga as luzes e economiza energia.<br \/>\n5: Voc\u00ea escolhe a posi\u00e7\u00e3o da m\u00e3o que melhor lhe convier. Plug and play, compat\u00edvel com Mac.<\/p>\n<p><strong>Especifica\u00e7\u00e3o\uff1a<\/strong><br \/>\n1\uff1aTipo de projeto: Mouse de carga r\u00e1pida TYPE-C<br \/>\n2\uff1aNOME DO PRODUTO: mouse sem fio 2.4G<br \/>\n3\uff1aMarca: Darshion<br \/>\n4\uff1aTecnologia sem fio: 2.4G<br \/>\n5\uff1aDist\u00e2ncia sem fio: 10m<br \/>\n6\uff1aTens\u00e3o nominal \/ corrente: 3,7V\/18mA<br \/>\n7\uff1aFonte de alimenta\u00e7\u00e3o: bateria de l\u00edtio recarreg\u00e1vel embutida (600 mAh)<br \/>\n8\uff1aN\u00famero de teclas: 7 teclas\uff084 bot\u00f5es e 1 roda (bot\u00e3o do meio)e dpi+\/-(ajust\u00e1vel) \uff09<br \/>\n9\uff1aResolu\u00e7\u00e3o \u00f3ptica: 800dpi; 1600dpi; 2400dpi.<br \/>\n10\uff1aClassifica\u00e7\u00e3o de cores: Preto .<br \/>\n11\uff1aTrabalho: Fotoeletricidade<br \/>\n12\uff1aVida do clique do bot\u00e3o: 10 milh\u00f5es de vezes<br \/>\n13\uff1aMaterial: ABS<br \/>\n14\uff1aPeso do produto: 102g<br \/>\n15\uff1aTamanho do item: 12,7x7x4,1cm<br \/>\n16\uff1aPeso da embalagem: 150g<br \/>\n17\uff1aTamanho da embalagem: 13,5\u00d78,5x5cm<br \/>\n18\uff1aRequisitos do sistema: Windows 98 \/ Me \/ 2000 \/ XP \/ Vista \/ Win 7 \/ Win8 \/10\/Vista Mac OS ou mais recente.<\/p>\n<p><strong>O pacote inclui:<\/strong><br \/>\n1 x Mouse<br \/>\n1 x Receptor USB<br \/>\n1 x Manual do usu\u00e1rio<br \/>\n1 x cabo de carregamento tipo C~usb<br \/>\nObserva\u00e7\u00f5es:<br \/>\nPara economizar mais energia e tornar a bateria mais dur\u00e1vel, n\u00e3o usamos luzes mais coloridas. Somente quando n\u00e3o h\u00e1 luz \u00e0 noite, o efeito de ilumina\u00e7\u00e3o \u00e9 melhor. Se voc\u00ea se importar, compre-o com cuidado.<\/p>\n<p><img fetchpriority=\"high\" decoding=\"async\" class=\"alignnone size-full wp-image-2436\" src=\"https:\/\/darshion.com\/wp-content\/uploads\/2024\/06\/1-5.jpg\" alt=\"\" width=\"1500\" height=\"1500\" srcset=\"https:\/\/darshion.com\/wp-content\/uploads\/2024\/06\/1-5.jpg 1500w, https:\/\/darshion.com\/wp-content\/uploads\/2024\/06\/1-5-300x300.jpg 300w, https:\/\/darshion.com\/wp-content\/uploads\/2024\/06\/1-5-1024x1024.jpg 1024w, https:\/\/darshion.com\/wp-content\/uploads\/2024\/06\/1-5-150x150.jpg 150w, https:\/\/darshion.com\/wp-content\/uploads\/2024\/06\/1-5-768x768.jpg 768w, https:\/\/darshion.com\/wp-content\/uploads\/2024\/06\/1-5-600x600.jpg 600w, https:\/\/darshion.com\/wp-content\/uploads\/2024\/06\/1-5-100x100.jpg 100w\" sizes=\"(max-width: 1500px) 100vw, 1500px\" \/> <img decoding=\"async\" class=\"alignnone size-full wp-image-2437\" src=\"https:\/\/darshion.com\/wp-content\/uploads\/2024\/06\/2-5.jpg\" alt=\"\" width=\"1500\" height=\"1500\" srcset=\"https:\/\/darshion.com\/wp-content\/uploads\/2024\/06\/2-5.jpg 1500w, https:\/\/darshion.com\/wp-content\/uploads\/2024\/06\/2-5-300x300.jpg 300w, https:\/\/darshion.com\/wp-content\/uploads\/2024\/06\/2-5-1024x1024.jpg 1024w, https:\/\/darshion.com\/wp-content\/uploads\/2024\/06\/2-5-150x150.jpg 150w, https:\/\/darshion.com\/wp-content\/uploads\/2024\/06\/2-5-768x768.jpg 768w, https:\/\/darshion.com\/wp-content\/uploads\/2024\/06\/2-5-600x600.jpg 600w, https:\/\/darshion.com\/wp-content\/uploads\/2024\/06\/2-5-100x100.jpg 100w\" sizes=\"(max-width: 1500px) 100vw, 1500px\" \/> <img decoding=\"async\" class=\"alignnone size-full wp-image-2438\" src=\"https:\/\/darshion.com\/wp-content\/uploads\/2024\/06\/3-5.jpg\" alt=\"\" width=\"1500\" height=\"1500\" srcset=\"https:\/\/darshion.com\/wp-content\/uploads\/2024\/06\/3-5.jpg 1500w, https:\/\/darshion.com\/wp-content\/uploads\/2024\/06\/3-5-300x300.jpg 300w, https:\/\/darshion.com\/wp-content\/uploads\/2024\/06\/3-5-1024x1024.jpg 1024w, https:\/\/darshion.com\/wp-content\/uploads\/2024\/06\/3-5-150x150.jpg 150w, https:\/\/darshion.com\/wp-content\/uploads\/2024\/06\/3-5-768x768.jpg 768w, https:\/\/darshion.com\/wp-content\/uploads\/2024\/06\/3-5-600x600.jpg 600w, https:\/\/darshion.com\/wp-content\/uploads\/2024\/06\/3-5-100x100.jpg 100w\" sizes=\"(max-width: 1500px) 100vw, 1500px\" \/> <img loading=\"lazy\" decoding=\"async\" class=\"alignnone size-full wp-image-2439\" src=\"https:\/\/darshion.com\/wp-content\/uploads\/2024\/06\/4-5.jpg\" alt=\"\" width=\"1500\" height=\"1500\" srcset=\"https:\/\/darshion.com\/wp-content\/uploads\/2024\/06\/4-5.jpg 1500w, https:\/\/darshion.com\/wp-content\/uploads\/2024\/06\/4-5-300x300.jpg 300w, https:\/\/darshion.com\/wp-content\/uploads\/2024\/06\/4-5-1024x1024.jpg 1024w, https:\/\/darshion.com\/wp-content\/uploads\/2024\/06\/4-5-150x150.jpg 150w, https:\/\/darshion.com\/wp-content\/uploads\/2024\/06\/4-5-768x768.jpg 768w, https:\/\/darshion.com\/wp-content\/uploads\/2024\/06\/4-5-600x600.jpg 600w, https:\/\/darshion.com\/wp-content\/uploads\/2024\/06\/4-5-100x100.jpg 100w\" sizes=\"(max-width: 1500px) 100vw, 1500px\" \/><\/p>","protected":false},"excerpt":{"rendered":"<p class=\"pro_single_title\">Mouse sem fio para jogos T26 retroiluminado RGB USB recarreg\u00e1vel de 2,4 GHz<\/p>","protected":false},"featured_media":2440,"comment_status":"open","ping_status":"closed","template":"","meta":{"_monsterinsights_skip_tracking":false,"_monsterinsights_sitenote_active":false,"_monsterinsights_sitenote_note":"","_monsterinsights_sitenote_category":0},"product_cat":[541],"product_tag":[],"yoast_head":"<!-- This site is optimized with the Yoast SEO Premium plugin v22.9 (Yoast SEO v24.0) - https:\/\/yoast.com\/wordpress\/plugins\/seo\/ -->\n<title>T26 Gaming 2.4GHz Wireless Mouse Manufacturers - darshion<\/title>\n<meta name=\"robots\" content=\"index, follow, max-snippet:-1, max-image-preview:large, max-video-preview:-1\" \/>\n<link rel=\"canonical\" href=\"https:\/\/darshion.com\/pt\/produto\/2-4ghz-wireless-mouse-t26\/\" \/>\n<meta property=\"og:locale\" content=\"pt_BR\" \/>\n<meta property=\"og:type\" content=\"article\" \/>\n<meta property=\"og:title\" content=\"T26 Gaming 2.4GHz Wireless Mouse Manufacturers\" \/>\n<meta property=\"og:description\" content=\"T26 Backlit RGB Gaming USB Rechargeable 2.4GHz Wireless Mouse\" \/>\n<meta property=\"og:url\" content=\"https:\/\/darshion.com\/pt\/produto\/2-4ghz-wireless-mouse-t26\/\" \/>\n<meta property=\"og:site_name\" content=\"darshion\" \/>\n<meta property=\"article:modified_time\" content=\"2024-07-09T09:15:20+00:00\" \/>\n<meta property=\"og:image\" content=\"https:\/\/darshion.com\/wp-content\/uploads\/2024\/06\/2021-6-2-16226235973710.webp\" \/>\n\t<meta property=\"og:image:width\" content=\"600\" \/>\n\t<meta property=\"og:image:height\" content=\"600\" \/>\n\t<meta property=\"og:image:type\" content=\"image\/webp\" \/>\n<meta name=\"twitter:card\" content=\"summary_large_image\" \/>\n<meta name=\"twitter:label1\" content=\"Est. tempo de leitura\" \/>\n\t<meta name=\"twitter:data1\" content=\"3 minutos\" \/>\n<script type=\"application\/ld+json\" class=\"yoast-schema-graph\">{\"@context\":\"https:\/\/schema.org\",\"@graph\":[{\"@type\":\"WebPage\",\"@id\":\"https:\/\/darshion.com\/pt\/produto\/2-4ghz-wireless-mouse-t26\/\",\"url\":\"https:\/\/darshion.com\/pt\/produto\/2-4ghz-wireless-mouse-t26\/\",\"name\":\"T26 Gaming 2.4GHz Wireless Mouse Manufacturers - darshion\",\"isPartOf\":{\"@id\":\"https:\/\/darshion.com\/#website\"},\"primaryImageOfPage\":{\"@id\":\"https:\/\/darshion.com\/pt\/produto\/2-4ghz-wireless-mouse-t26\/#primaryimage\"},\"image\":{\"@id\":\"https:\/\/darshion.com\/pt\/produto\/2-4ghz-wireless-mouse-t26\/#primaryimage\"},\"thumbnailUrl\":\"https:\/\/darshion.com\/wp-content\/uploads\/2024\/06\/2021-6-2-16226235973710.webp\",\"datePublished\":\"2024-06-05T09:30:47+00:00\",\"dateModified\":\"2024-07-09T09:15:20+00:00\",\"breadcrumb\":{\"@id\":\"https:\/\/darshion.com\/pt\/produto\/2-4ghz-wireless-mouse-t26\/#breadcrumb\"},\"inLanguage\":\"pt-BR\",\"potentialAction\":[{\"@type\":\"ReadAction\",\"target\":[\"https:\/\/darshion.com\/pt\/produto\/2-4ghz-wireless-mouse-t26\/\"]}]},{\"@type\":\"ImageObject\",\"inLanguage\":\"pt-BR\",\"@id\":\"https:\/\/darshion.com\/pt\/produto\/2-4ghz-wireless-mouse-t26\/#primaryimage\",\"url\":\"https:\/\/darshion.com\/wp-content\/uploads\/2024\/06\/2021-6-2-16226235973710.webp\",\"contentUrl\":\"https:\/\/darshion.com\/wp-content\/uploads\/2024\/06\/2021-6-2-16226235973710.webp\",\"width\":600,\"height\":600,\"caption\":\"T26 2.4GHz Wireless Mouse\"},{\"@type\":\"BreadcrumbList\",\"@id\":\"https:\/\/darshion.com\/pt\/produto\/2-4ghz-wireless-mouse-t26\/#breadcrumb\",\"itemListElement\":[{\"@type\":\"ListItem\",\"position\":1,\"name\":\"\u9996\u9875\",\"item\":\"https:\/\/darshion.com\/\"},{\"@type\":\"ListItem\",\"position\":2,\"name\":\"PRODUCT\",\"item\":\"https:\/\/darshion.com\/pt\/product\/\"},{\"@type\":\"ListItem\",\"position\":3,\"name\":\"T26 Gaming 2.4GHz Wireless Mouse Manufacturers\"}]},{\"@type\":\"WebSite\",\"@id\":\"https:\/\/darshion.com\/#website\",\"url\":\"https:\/\/darshion.com\/\",\"name\":\"darshion\",\"description\":\"14 Years of Experience, Quality Assurance, Innovative Design\",\"publisher\":{\"@id\":\"https:\/\/darshion.com\/#organization\"},\"potentialAction\":[{\"@type\":\"SearchAction\",\"target\":{\"@type\":\"EntryPoint\",\"urlTemplate\":\"https:\/\/darshion.com\/?s={search_term_string}\"},\"query-input\":{\"@type\":\"PropertyValueSpecification\",\"valueRequired\":true,\"valueName\":\"search_term_string\"}}],\"inLanguage\":\"pt-BR\"},{\"@type\":\"Organization\",\"@id\":\"https:\/\/darshion.com\/#organization\",\"name\":\"darshion\",\"url\":\"https:\/\/darshion.com\/\",\"logo\":{\"@type\":\"ImageObject\",\"inLanguage\":\"pt-BR\",\"@id\":\"https:\/\/darshion.com\/#\/schema\/logo\/image\/\",\"url\":\"https:\/\/darshion.com\/wp-content\/uploads\/2023\/09\/01-1.png\",\"contentUrl\":\"https:\/\/darshion.com\/wp-content\/uploads\/2023\/09\/01-1.png\",\"width\":350,\"height\":100,\"caption\":\"darshion\"},\"image\":{\"@id\":\"https:\/\/darshion.com\/#\/schema\/logo\/image\/\"}}]}<\/script>\n<!-- \/ Yoast SEO Premium plugin. -->","yoast_head_json":{"title":"Fabricantes de mouses sem fio de 2,4 GHz para jogos T26 - darshion","robots":{"index":"index","follow":"follow","max-snippet":"max-snippet:-1","max-image-preview":"max-image-preview:large","max-video-preview":"max-video-preview:-1"},"canonical":"https:\/\/darshion.com\/pt\/produto\/2-4ghz-wireless-mouse-t26\/","og_locale":"pt_BR","og_type":"article","og_title":"T26 Gaming 2.4GHz Wireless Mouse Manufacturers","og_description":"T26 Backlit RGB Gaming USB Rechargeable 2.4GHz Wireless Mouse","og_url":"https:\/\/darshion.com\/pt\/produto\/2-4ghz-wireless-mouse-t26\/","og_site_name":"darshion","article_modified_time":"2024-07-09T09:15:20+00:00","og_image":[{"width":600,"height":600,"url":"https:\/\/darshion.com\/wp-content\/uploads\/2024\/06\/2021-6-2-16226235973710.webp","type":"image\/webp"}],"twitter_card":"summary_large_image","twitter_misc":{"Est. tempo de leitura":"3 minutos"},"schema":{"@context":"https:\/\/schema.org","@graph":[{"@type":"WebPage","@id":"https:\/\/darshion.com\/pt\/produto\/2-4ghz-wireless-mouse-t26\/","url":"https:\/\/darshion.com\/pt\/produto\/2-4ghz-wireless-mouse-t26\/","name":"Fabricantes de mouses sem fio de 2,4 GHz para jogos T26 - darshion","isPartOf":{"@id":"https:\/\/darshion.com\/#website"},"primaryImageOfPage":{"@id":"https:\/\/darshion.com\/pt\/produto\/2-4ghz-wireless-mouse-t26\/#primaryimage"},"image":{"@id":"https:\/\/darshion.com\/pt\/produto\/2-4ghz-wireless-mouse-t26\/#primaryimage"},"thumbnailUrl":"https:\/\/darshion.com\/wp-content\/uploads\/2024\/06\/2021-6-2-16226235973710.webp","datePublished":"2024-06-05T09:30:47+00:00","dateModified":"2024-07-09T09:15:20+00:00","breadcrumb":{"@id":"https:\/\/darshion.com\/pt\/produto\/2-4ghz-wireless-mouse-t26\/#breadcrumb"},"inLanguage":"pt-BR","potentialAction":[{"@type":"ReadAction","target":["https:\/\/darshion.com\/pt\/produto\/2-4ghz-wireless-mouse-t26\/"]}]},{"@type":"ImageObject","inLanguage":"pt-BR","@id":"https:\/\/darshion.com\/pt\/produto\/2-4ghz-wireless-mouse-t26\/#primaryimage","url":"https:\/\/darshion.com\/wp-content\/uploads\/2024\/06\/2021-6-2-16226235973710.webp","contentUrl":"https:\/\/darshion.com\/wp-content\/uploads\/2024\/06\/2021-6-2-16226235973710.webp","width":600,"height":600,"caption":"T26 2.4GHz Wireless Mouse"},{"@type":"BreadcrumbList","@id":"https:\/\/darshion.com\/pt\/produto\/2-4ghz-wireless-mouse-t26\/#breadcrumb","itemListElement":[{"@type":"ListItem","position":1,"name":"\u9996\u9875","item":"https:\/\/darshion.com\/"},{"@type":"ListItem","position":2,"name":"PRODUCT","item":"https:\/\/darshion.com\/pt\/product\/"},{"@type":"ListItem","position":3,"name":"T26 Gaming 2.4GHz Wireless Mouse Manufacturers"}]},{"@type":"WebSite","@id":"https:\/\/darshion.com\/#website","url":"https:\/\/darshion.com\/","name":"darshion","description":"14 anos de experi\u00eancia, garantia de qualidade, design inovador","publisher":{"@id":"https:\/\/darshion.com\/#organization"},"potentialAction":[{"@type":"SearchAction","target":{"@type":"EntryPoint","urlTemplate":"https:\/\/darshion.com\/?s={search_term_string}"},"query-input":{"@type":"PropertyValueSpecification","valueRequired":true,"valueName":"search_term_string"}}],"inLanguage":"pt-BR"},{"@type":"Organization","@id":"https:\/\/darshion.com\/#organization","name":"darshion","url":"https:\/\/darshion.com\/","logo":{"@type":"ImageObject","inLanguage":"pt-BR","@id":"https:\/\/darshion.com\/#\/schema\/logo\/image\/","url":"https:\/\/darshion.com\/wp-content\/uploads\/2023\/09\/01-1.png","contentUrl":"https:\/\/darshion.com\/wp-content\/uploads\/2023\/09\/01-1.png","width":350,"height":100,"caption":"darshion"},"image":{"@id":"https:\/\/darshion.com\/#\/schema\/logo\/image\/"}}]}},"_links":{"self":[{"href":"https:\/\/darshion.com\/pt\/wp-json\/wp\/v2\/product\/2433"}],"collection":[{"href":"https:\/\/darshion.com\/pt\/wp-json\/wp\/v2\/product"}],"about":[{"href":"https:\/\/darshion.com\/pt\/wp-json\/wp\/v2\/types\/product"}],"replies":[{"embeddable":true,"href":"https:\/\/darshion.com\/pt\/wp-json\/wp\/v2\/comments?post=2433"}],"wp:featuredmedia":[{"embeddable":true,"href":"https:\/\/darshion.com\/pt\/wp-json\/wp\/v2\/media\/2440"}],"wp:attachment":[{"href":"https:\/\/darshion.com\/pt\/wp-json\/wp\/v2\/media?parent=2433"}],"wp:term":[{"taxonomy":"product_cat","embeddable":true,"href":"https:\/\/darshion.com\/pt\/wp-json\/wp\/v2\/product_cat?post=2433"},{"taxonomy":"product_tag","embeddable":true,"href":"https:\/\/darshion.com\/pt\/wp-json\/wp\/v2\/product_tag?post=2433"}],"curies":[{"name":"wp","href":"https:\/\/api.w.org\/{rel}","templated":true}]}}