{"id":2496,"date":"2024-06-06T17:28:12","date_gmt":"2024-06-06T09:28:12","guid":{"rendered":"https:\/\/darshion.com\/?post_type=product&#038;p=2496"},"modified":"2024-07-08T17:27:50","modified_gmt":"2024-07-08T09:27:50","slug":"wired-gaming-mouse-j200","status":"publish","type":"product","link":"https:\/\/darshion.com\/pt\/produto\/wired-gaming-mouse-j200\/","title":{"rendered":"J200 USB Wired Gaming Mouse Fabricante"},"content":{"rendered":"<p><strong>Descri\u00e7\u00e3o<\/strong><br \/>\nTipo: Mouse para jogos esportivos<br \/>\nFun\u00e7\u00e3o: Suporta programa\u00e7\u00e3o de macros<br \/>\nDPI: 800\/1200\/1600\/2400\/4800<br \/>\nFio: Fio tran\u00e7ado de 1,5 metro<br \/>\nPlano: Inspur 704E<br \/>\nInterface: USB<br \/>\nIlumina\u00e7\u00e3o: Luz respirat\u00f3ria de quatro cores<br \/>\nFun\u00e7\u00e3o: Mouse para jogos com programa\u00e7\u00e3o de jogos<br \/>\nVida \u00fatil: 3 anos<br \/>\nMaterial: ABS + chapa de a\u00e7o<br \/>\nTamanho: 120 * 85 * 32 mm<br \/>\nPeso l\u00edquido: 135g<br \/>\nCor: preto, prata<\/p>\n<p><img fetchpriority=\"high\" decoding=\"async\" class=\"alignnone size-full wp-image-2504\" src=\"https:\/\/darshion.com\/wp-content\/uploads\/2024\/06\/1622453136697840.jpg\" alt=\"\" width=\"800\" height=\"800\" srcset=\"https:\/\/darshion.com\/wp-content\/uploads\/2024\/06\/1622453136697840.jpg 800w, https:\/\/darshion.com\/wp-content\/uploads\/2024\/06\/1622453136697840-300x300.jpg 300w, https:\/\/darshion.com\/wp-content\/uploads\/2024\/06\/1622453136697840-150x150.jpg 150w, https:\/\/darshion.com\/wp-content\/uploads\/2024\/06\/1622453136697840-768x768.jpg 768w, https:\/\/darshion.com\/wp-content\/uploads\/2024\/06\/1622453136697840-600x600.jpg 600w, https:\/\/darshion.com\/wp-content\/uploads\/2024\/06\/1622453136697840-100x100.jpg 100w\" sizes=\"(max-width: 800px) 100vw, 800px\" \/> <img decoding=\"async\" class=\"alignnone size-full wp-image-2505\" src=\"https:\/\/darshion.com\/wp-content\/uploads\/2024\/06\/1622453146382603.jpg\" alt=\"\" width=\"1500\" height=\"1500\" srcset=\"https:\/\/darshion.com\/wp-content\/uploads\/2024\/06\/1622453146382603.jpg 1500w, https:\/\/darshion.com\/wp-content\/uploads\/2024\/06\/1622453146382603-300x300.jpg 300w, https:\/\/darshion.com\/wp-content\/uploads\/2024\/06\/1622453146382603-1024x1024.jpg 1024w, https:\/\/darshion.com\/wp-content\/uploads\/2024\/06\/1622453146382603-150x150.jpg 150w, https:\/\/darshion.com\/wp-content\/uploads\/2024\/06\/1622453146382603-768x768.jpg 768w, https:\/\/darshion.com\/wp-content\/uploads\/2024\/06\/1622453146382603-600x600.jpg 600w, https:\/\/darshion.com\/wp-content\/uploads\/2024\/06\/1622453146382603-100x100.jpg 100w\" sizes=\"(max-width: 1500px) 100vw, 1500px\" \/> <img decoding=\"async\" class=\"alignnone size-full wp-image-2506\" src=\"https:\/\/darshion.com\/wp-content\/uploads\/2024\/06\/1622453156217729.jpg\" alt=\"\" width=\"1500\" height=\"1500\" srcset=\"https:\/\/darshion.com\/wp-content\/uploads\/2024\/06\/1622453156217729.jpg 1500w, https:\/\/darshion.com\/wp-content\/uploads\/2024\/06\/1622453156217729-300x300.jpg 300w, https:\/\/darshion.com\/wp-content\/uploads\/2024\/06\/1622453156217729-1024x1024.jpg 1024w, https:\/\/darshion.com\/wp-content\/uploads\/2024\/06\/1622453156217729-150x150.jpg 150w, https:\/\/darshion.com\/wp-content\/uploads\/2024\/06\/1622453156217729-768x768.jpg 768w, https:\/\/darshion.com\/wp-content\/uploads\/2024\/06\/1622453156217729-600x600.jpg 600w, https:\/\/darshion.com\/wp-content\/uploads\/2024\/06\/1622453156217729-100x100.jpg 100w\" sizes=\"(max-width: 1500px) 100vw, 1500px\" \/> <img loading=\"lazy\" decoding=\"async\" class=\"alignnone size-full wp-image-2507\" src=\"https:\/\/darshion.com\/wp-content\/uploads\/2024\/06\/1622453167727798.jpg\" alt=\"\" width=\"800\" height=\"800\" srcset=\"https:\/\/darshion.com\/wp-content\/uploads\/2024\/06\/1622453167727798.jpg 800w, https:\/\/darshion.com\/wp-content\/uploads\/2024\/06\/1622453167727798-300x300.jpg 300w, https:\/\/darshion.com\/wp-content\/uploads\/2024\/06\/1622453167727798-150x150.jpg 150w, https:\/\/darshion.com\/wp-content\/uploads\/2024\/06\/1622453167727798-768x768.jpg 768w, https:\/\/darshion.com\/wp-content\/uploads\/2024\/06\/1622453167727798-600x600.jpg 600w, https:\/\/darshion.com\/wp-content\/uploads\/2024\/06\/1622453167727798-100x100.jpg 100w\" sizes=\"(max-width: 800px) 100vw, 800px\" \/> <img loading=\"lazy\" decoding=\"async\" class=\"alignnone size-full wp-image-2508\" src=\"https:\/\/darshion.com\/wp-content\/uploads\/2024\/06\/1622453174633895.jpg\" alt=\"\" width=\"800\" height=\"800\" srcset=\"https:\/\/darshion.com\/wp-content\/uploads\/2024\/06\/1622453174633895.jpg 800w, https:\/\/darshion.com\/wp-content\/uploads\/2024\/06\/1622453174633895-300x300.jpg 300w, https:\/\/darshion.com\/wp-content\/uploads\/2024\/06\/1622453174633895-150x150.jpg 150w, https:\/\/darshion.com\/wp-content\/uploads\/2024\/06\/1622453174633895-768x768.jpg 768w, https:\/\/darshion.com\/wp-content\/uploads\/2024\/06\/1622453174633895-600x600.jpg 600w, https:\/\/darshion.com\/wp-content\/uploads\/2024\/06\/1622453174633895-100x100.jpg 100w\" sizes=\"(max-width: 800px) 100vw, 800px\" \/><\/p>","protected":false},"excerpt":{"rendered":"<p>Mouse para jogos com fio USB J200 de 7 teclas<\/p>\n<p>Ponto de venda:<\/p>\n<p>1. Programa\u00e7\u00e3o de macro personaliz\u00e1vel com 7 teclas completas.<\/p>\n<p>2. DIP ajust\u00e1vel de velocidade vari\u00e1vel de seis velocidades (800-1600-2400-3200-4800-6400).<\/p>\n<p>3. microinterruptor do chip do jogo.<\/p>\n<p>4. Design integrado do piso de metal jateado em liga de alum\u00ednio.<\/p>\n<p>5. Roda de avental galvanizada Escultura tridimensional em 3D.<\/p>\n<p>Luz de fundo de 6,1680 milh\u00f5es de cores com v\u00e1rias altera\u00e7\u00f5es de modo.<\/p>\n<p>7. Design mec\u00e2nico, sensa\u00e7\u00e3o confort\u00e1vel na pele.<\/p>\n<p>8. Projeto de peso remov\u00edvel<\/p>\n<p>&nbsp;<\/p>\n<p>Especifica\u00e7\u00e3o:<\/p>\n<p>1. Modelo do produto: J200 Mechanical Macros Defina o mouse para jogos<\/p>\n<p>2. 100% novo jogo do mouse<\/p>\n<p>3. Mouse para jogos de macro defini\u00e7\u00e3o mec\u00e2nico de marca de alta qualidade<\/p>\n<p>4. Projeto de engenharia do corpo humano<\/p>\n<p>5. 7 teclas program\u00e1veis<\/p>\n<p>6. Efeito de luz vari\u00e1vel de LED frio<\/p>\n<p>7. DPI ajust\u00e1vel em 12 n\u00edveis, m\u00e1ximo de 6400 DPI<\/p>\n<p>8. Classifica\u00e7\u00e3o da tens\u00e3o\/corrente el\u00e9trica: DC 5V \/ 100mA<\/p>\n<p>9. Plug and play USB<\/p>\n<p>10. Vida \u00fatil do interruptor: 20 milh\u00f5es de ciclos<\/p>\n<p>11. Comprimento do cabo: 150 cm<\/p>\n<p>12:Peso do produto: 139g<\/p>\n<p>13:Tamanho do produto: 13*8,5*3,5cm<\/p>\n<p>14:Peso da embalagem: 193g<\/p>\n<p>15:Tamanho da embalagem: 15*9,8*5cm<\/p>\n<p>16. Suporte ao Windows 2000 \/ XP \/ win7 \/ win8 \/ win10 Vista<\/p>\n<p>IOS de 32 bits ou mais recente.<\/p>","protected":false},"featured_media":2505,"comment_status":"open","ping_status":"closed","template":"","meta":{"_monsterinsights_skip_tracking":false,"_monsterinsights_sitenote_active":false,"_monsterinsights_sitenote_note":"","_monsterinsights_sitenote_category":0},"product_cat":[542],"product_tag":[],"yoast_head":"<!-- This site is optimized with the Yoast SEO Premium plugin v22.9 (Yoast SEO v24.0) - https:\/\/yoast.com\/wordpress\/plugins\/seo\/ -->\n<title>J200 USB Wired Gaming Mouse Manufacturer - darshion<\/title>\n<meta name=\"robots\" content=\"index, follow, max-snippet:-1, max-image-preview:large, max-video-preview:-1\" \/>\n<link rel=\"canonical\" href=\"https:\/\/darshion.com\/pt\/urun\/wired-gaming-mouse-j200\/\" \/>\n<meta property=\"og:locale\" content=\"pt_BR\" \/>\n<meta property=\"og:type\" content=\"article\" \/>\n<meta property=\"og:title\" content=\"J200 USB Wired Gaming Mouse Manufacturer\" \/>\n<meta property=\"og:description\" content=\"J200 7 Keys USB Wired Gaming Mouse  Selling point:  1. Full-key 7 customizable macro programming.  2. Six-speed variable speed adjustable DIP (800-1600-2400-3200-4800-6400).  3. game chip micro switch.  4. Integrated aluminum alloy sandblasted metal floor design.  5. Electroplated apron wheel 3D three-dimensional carving.  6.1680 million color backlight multiple mode changes.  7. Mechanical design, comfortable skin feel.  8. Removable weight design  &nbsp;  Specification:  1. Product model : J200 Mechanical Macros Define the game\u00a0mouse  2. 100% new mouse game  3. High-end brand mechanical macro definition gaming mouse  4. Human body engineering design  5. 7 programmable keys  6. Cool LED variable light effect  7. 12-level adjustable DPI, Max.6400 DPI  8. Voltage rating \/ electric current: DC 5V \/ 100mA  9. USB plug and play  10. Switch life:20 million cycle  11. Cable length: 150cm  12:Product weight: 139g  13:Product size: 13*8.5*3.5cm  14:Package weight: 193g  15:Packing size: 15*9.8*5cm  16. Support Windows 2000 \/ XP \/ win7 \/ win8 \/win10 Vista  32bit IOS or latest.\" \/>\n<meta property=\"og:url\" content=\"https:\/\/darshion.com\/pt\/urun\/wired-gaming-mouse-j200\/\" \/>\n<meta property=\"og:site_name\" content=\"darshion\" \/>\n<meta property=\"article:modified_time\" content=\"2024-07-08T09:27:50+00:00\" \/>\n<meta property=\"og:image\" content=\"https:\/\/darshion.com\/wp-content\/uploads\/2024\/06\/1622453146382603.jpg\" \/>\n\t<meta property=\"og:image:width\" content=\"1500\" \/>\n\t<meta property=\"og:image:height\" content=\"1500\" \/>\n\t<meta property=\"og:image:type\" content=\"image\/jpeg\" \/>\n<meta name=\"twitter:card\" content=\"summary_large_image\" \/>\n<meta name=\"twitter:label1\" content=\"Est. tempo de leitura\" \/>\n\t<meta name=\"twitter:data1\" content=\"2 minutos\" \/>\n<script type=\"application\/ld+json\" class=\"yoast-schema-graph\">{\"@context\":\"https:\/\/schema.org\",\"@graph\":[{\"@type\":\"WebPage\",\"@id\":\"https:\/\/darshion.com\/tr\/urun\/wired-gaming-mouse-j200\/\",\"url\":\"https:\/\/darshion.com\/tr\/urun\/wired-gaming-mouse-j200\/\",\"name\":\"J200 USB Wired Gaming Mouse Manufacturer - darshion\",\"isPartOf\":{\"@id\":\"https:\/\/darshion.com\/#website\"},\"primaryImageOfPage\":{\"@id\":\"https:\/\/darshion.com\/tr\/urun\/wired-gaming-mouse-j200\/#primaryimage\"},\"image\":{\"@id\":\"https:\/\/darshion.com\/tr\/urun\/wired-gaming-mouse-j200\/#primaryimage\"},\"thumbnailUrl\":\"https:\/\/darshion.com\/wp-content\/uploads\/2024\/06\/1622453146382603.jpg\",\"datePublished\":\"2024-06-06T09:28:12+00:00\",\"dateModified\":\"2024-07-08T09:27:50+00:00\",\"breadcrumb\":{\"@id\":\"https:\/\/darshion.com\/tr\/urun\/wired-gaming-mouse-j200\/#breadcrumb\"},\"inLanguage\":\"pt-BR\",\"potentialAction\":[{\"@type\":\"ReadAction\",\"target\":[\"https:\/\/darshion.com\/tr\/urun\/wired-gaming-mouse-j200\/\"]}]},{\"@type\":\"ImageObject\",\"inLanguage\":\"pt-BR\",\"@id\":\"https:\/\/darshion.com\/tr\/urun\/wired-gaming-mouse-j200\/#primaryimage\",\"url\":\"https:\/\/darshion.com\/wp-content\/uploads\/2024\/06\/1622453146382603.jpg\",\"contentUrl\":\"https:\/\/darshion.com\/wp-content\/uploads\/2024\/06\/1622453146382603.jpg\",\"width\":1500,\"height\":1500,\"caption\":\"J200 Wired Gaming Mouse\"},{\"@type\":\"BreadcrumbList\",\"@id\":\"https:\/\/darshion.com\/tr\/urun\/wired-gaming-mouse-j200\/#breadcrumb\",\"itemListElement\":[{\"@type\":\"ListItem\",\"position\":1,\"name\":\"\u9996\u9875\",\"item\":\"https:\/\/darshion.com\/\"},{\"@type\":\"ListItem\",\"position\":2,\"name\":\"PRODUCT\",\"item\":\"https:\/\/darshion.com\/pt\/product\/\"},{\"@type\":\"ListItem\",\"position\":3,\"name\":\"J200 USB Wired Gaming Mouse Manufacturer\"}]},{\"@type\":\"WebSite\",\"@id\":\"https:\/\/darshion.com\/#website\",\"url\":\"https:\/\/darshion.com\/\",\"name\":\"darshion\",\"description\":\"14 Years of Experience, Quality Assurance, Innovative Design\",\"publisher\":{\"@id\":\"https:\/\/darshion.com\/#organization\"},\"potentialAction\":[{\"@type\":\"SearchAction\",\"target\":{\"@type\":\"EntryPoint\",\"urlTemplate\":\"https:\/\/darshion.com\/?s={search_term_string}\"},\"query-input\":{\"@type\":\"PropertyValueSpecification\",\"valueRequired\":true,\"valueName\":\"search_term_string\"}}],\"inLanguage\":\"pt-BR\"},{\"@type\":\"Organization\",\"@id\":\"https:\/\/darshion.com\/#organization\",\"name\":\"darshion\",\"url\":\"https:\/\/darshion.com\/\",\"logo\":{\"@type\":\"ImageObject\",\"inLanguage\":\"pt-BR\",\"@id\":\"https:\/\/darshion.com\/#\/schema\/logo\/image\/\",\"url\":\"https:\/\/darshion.com\/wp-content\/uploads\/2023\/09\/01-1.png\",\"contentUrl\":\"https:\/\/darshion.com\/wp-content\/uploads\/2023\/09\/01-1.png\",\"width\":350,\"height\":100,\"caption\":\"darshion\"},\"image\":{\"@id\":\"https:\/\/darshion.com\/#\/schema\/logo\/image\/\"}}]}<\/script>\n<!-- \/ Yoast SEO Premium plugin. -->","yoast_head_json":{"title":"Mouse para jogos com fio USB J200 Fabricante - darshion","robots":{"index":"index","follow":"follow","max-snippet":"max-snippet:-1","max-image-preview":"max-image-preview:large","max-video-preview":"max-video-preview:-1"},"canonical":"https:\/\/darshion.com\/pt\/urun\/wired-gaming-mouse-j200\/","og_locale":"pt_BR","og_type":"article","og_title":"J200 USB Wired Gaming Mouse Manufacturer","og_description":"J200 7 Keys USB Wired Gaming Mouse  Selling point:  1. Full-key 7 customizable macro programming.  2. Six-speed variable speed adjustable DIP (800-1600-2400-3200-4800-6400).  3. game chip micro switch.  4. Integrated aluminum alloy sandblasted metal floor design.  5. Electroplated apron wheel 3D three-dimensional carving.  6.1680 million color backlight multiple mode changes.  7. Mechanical design, comfortable skin feel.  8. Removable weight design  &nbsp;  Specification:  1. Product model : J200 Mechanical Macros Define the game\u00a0mouse  2. 100% new mouse game  3. High-end brand mechanical macro definition gaming mouse  4. Human body engineering design  5. 7 programmable keys  6. Cool LED variable light effect  7. 12-level adjustable DPI, Max.6400 DPI  8. Voltage rating \/ electric current: DC 5V \/ 100mA  9. USB plug and play  10. Switch life:20 million cycle  11. Cable length: 150cm  12:Product weight: 139g  13:Product size: 13*8.5*3.5cm  14:Package weight: 193g  15:Packing size: 15*9.8*5cm  16. Support Windows 2000 \/ XP \/ win7 \/ win8 \/win10 Vista  32bit IOS or latest.","og_url":"https:\/\/darshion.com\/pt\/urun\/wired-gaming-mouse-j200\/","og_site_name":"darshion","article_modified_time":"2024-07-08T09:27:50+00:00","og_image":[{"width":1500,"height":1500,"url":"https:\/\/darshion.com\/wp-content\/uploads\/2024\/06\/1622453146382603.jpg","type":"image\/jpeg"}],"twitter_card":"summary_large_image","twitter_misc":{"Est. tempo de leitura":"2 minutos"},"schema":{"@context":"https:\/\/schema.org","@graph":[{"@type":"WebPage","@id":"https:\/\/darshion.com\/tr\/urun\/wired-gaming-mouse-j200\/","url":"https:\/\/darshion.com\/tr\/urun\/wired-gaming-mouse-j200\/","name":"Mouse para jogos com fio USB J200 Fabricante - darshion","isPartOf":{"@id":"https:\/\/darshion.com\/#website"},"primaryImageOfPage":{"@id":"https:\/\/darshion.com\/tr\/urun\/wired-gaming-mouse-j200\/#primaryimage"},"image":{"@id":"https:\/\/darshion.com\/tr\/urun\/wired-gaming-mouse-j200\/#primaryimage"},"thumbnailUrl":"https:\/\/darshion.com\/wp-content\/uploads\/2024\/06\/1622453146382603.jpg","datePublished":"2024-06-06T09:28:12+00:00","dateModified":"2024-07-08T09:27:50+00:00","breadcrumb":{"@id":"https:\/\/darshion.com\/tr\/urun\/wired-gaming-mouse-j200\/#breadcrumb"},"inLanguage":"pt-BR","potentialAction":[{"@type":"ReadAction","target":["https:\/\/darshion.com\/tr\/urun\/wired-gaming-mouse-j200\/"]}]},{"@type":"ImageObject","inLanguage":"pt-BR","@id":"https:\/\/darshion.com\/tr\/urun\/wired-gaming-mouse-j200\/#primaryimage","url":"https:\/\/darshion.com\/wp-content\/uploads\/2024\/06\/1622453146382603.jpg","contentUrl":"https:\/\/darshion.com\/wp-content\/uploads\/2024\/06\/1622453146382603.jpg","width":1500,"height":1500,"caption":"J200 Wired Gaming Mouse"},{"@type":"BreadcrumbList","@id":"https:\/\/darshion.com\/tr\/urun\/wired-gaming-mouse-j200\/#breadcrumb","itemListElement":[{"@type":"ListItem","position":1,"name":"\u9996\u9875","item":"https:\/\/darshion.com\/"},{"@type":"ListItem","position":2,"name":"PRODUCT","item":"https:\/\/darshion.com\/pt\/product\/"},{"@type":"ListItem","position":3,"name":"J200 USB Wired Gaming Mouse Manufacturer"}]},{"@type":"WebSite","@id":"https:\/\/darshion.com\/#website","url":"https:\/\/darshion.com\/","name":"darshion","description":"14 anos de experi\u00eancia, garantia de qualidade, design inovador","publisher":{"@id":"https:\/\/darshion.com\/#organization"},"potentialAction":[{"@type":"SearchAction","target":{"@type":"EntryPoint","urlTemplate":"https:\/\/darshion.com\/?s={search_term_string}"},"query-input":{"@type":"PropertyValueSpecification","valueRequired":true,"valueName":"search_term_string"}}],"inLanguage":"pt-BR"},{"@type":"Organization","@id":"https:\/\/darshion.com\/#organization","name":"darshion","url":"https:\/\/darshion.com\/","logo":{"@type":"ImageObject","inLanguage":"pt-BR","@id":"https:\/\/darshion.com\/#\/schema\/logo\/image\/","url":"https:\/\/darshion.com\/wp-content\/uploads\/2023\/09\/01-1.png","contentUrl":"https:\/\/darshion.com\/wp-content\/uploads\/2023\/09\/01-1.png","width":350,"height":100,"caption":"darshion"},"image":{"@id":"https:\/\/darshion.com\/#\/schema\/logo\/image\/"}}]}},"_links":{"self":[{"href":"https:\/\/darshion.com\/pt\/wp-json\/wp\/v2\/product\/2496"}],"collection":[{"href":"https:\/\/darshion.com\/pt\/wp-json\/wp\/v2\/product"}],"about":[{"href":"https:\/\/darshion.com\/pt\/wp-json\/wp\/v2\/types\/product"}],"replies":[{"embeddable":true,"href":"https:\/\/darshion.com\/pt\/wp-json\/wp\/v2\/comments?post=2496"}],"wp:featuredmedia":[{"embeddable":true,"href":"https:\/\/darshion.com\/pt\/wp-json\/wp\/v2\/media\/2505"}],"wp:attachment":[{"href":"https:\/\/darshion.com\/pt\/wp-json\/wp\/v2\/media?parent=2496"}],"wp:term":[{"taxonomy":"product_cat","embeddable":true,"href":"https:\/\/darshion.com\/pt\/wp-json\/wp\/v2\/product_cat?post=2496"},{"taxonomy":"product_tag","embeddable":true,"href":"https:\/\/darshion.com\/pt\/wp-json\/wp\/v2\/product_tag?post=2496"}],"curies":[{"name":"wp","href":"https:\/\/api.w.org\/{rel}","templated":true}]}}