{"id":2509,"date":"2024-06-06T17:43:16","date_gmt":"2024-06-06T09:43:16","guid":{"rendered":"https:\/\/darshion.com\/?post_type=product&#038;p=2509"},"modified":"2024-07-08T16:48:18","modified_gmt":"2024-07-08T08:48:18","slug":"pc-laptop-mouse-hm9","status":"publish","type":"product","link":"https:\/\/darshion.com\/pt\/produto\/pc-laptop-mouse-hm9\/","title":{"rendered":"Mouse sem fio para escrit\u00f3rio silencioso rosa HM9 Fornecedores"},"content":{"rendered":"<p><strong>Caracter\u00edsticas:<\/strong><br \/>\nnovo e de alta qualidade.<br \/>\nTipo sem fio recarreg\u00e1vel. Bateria de \u00edons de l\u00edtio recarreg\u00e1vel integrada, muito conveniente de usar, dispensa o problema de substitui\u00e7\u00e3o frequente da bateria e vem com um cabo USB de recarga.<br \/>\nRequisitos do sistema: Windows 2000\/XP\/Vista\/7\/10, Linux, M-a-c OS, acima.<br \/>\nDesign moderno da Pink Girl: Design fino para uma apar\u00eancia elegante e f\u00e1cil de usar<br \/>\nProjetado ergonomicamente, com tecnologia de rastreamento \u00f3ptico, funciona em muitas superf\u00edcies diferentes e \u00e9 ideal para uso em casa, no escrit\u00f3rio ou em jogos.<br \/>\nAdequado para PC, laptop, computador de mesa com porta USB.<\/p>\n<p><strong>Especifica\u00e7\u00f5es:<\/strong><br \/>\nMaterial: Pl\u00e1stico<br \/>\nCor: rosa<br \/>\nTamanho: aprox.: 125x67x39mm<br \/>\nDPI: 1600 dpi.<br \/>\nFonte de alimenta\u00e7\u00e3o: Bateria de l\u00edtio recarreg\u00e1vel<\/p>\n<p><strong>O pacote inclui:<\/strong><br \/>\n1 x mouse sem fio 2.4G<br \/>\n1 x receptor USB (cor aleat\u00f3ria)<br \/>\n1 x cabo USB<\/p>\n<p><img fetchpriority=\"high\" decoding=\"async\" class=\"alignnone size-full wp-image-2517\" src=\"https:\/\/darshion.com\/wp-content\/uploads\/2024\/06\/1622451518604103.jpg\" alt=\"\" width=\"800\" height=\"800\" srcset=\"https:\/\/darshion.com\/wp-content\/uploads\/2024\/06\/1622451518604103.jpg 800w, https:\/\/darshion.com\/wp-content\/uploads\/2024\/06\/1622451518604103-300x300.jpg 300w, https:\/\/darshion.com\/wp-content\/uploads\/2024\/06\/1622451518604103-150x150.jpg 150w, https:\/\/darshion.com\/wp-content\/uploads\/2024\/06\/1622451518604103-768x768.jpg 768w, https:\/\/darshion.com\/wp-content\/uploads\/2024\/06\/1622451518604103-600x600.jpg 600w, https:\/\/darshion.com\/wp-content\/uploads\/2024\/06\/1622451518604103-100x100.jpg 100w\" sizes=\"(max-width: 800px) 100vw, 800px\" \/> <img decoding=\"async\" class=\"alignnone size-full wp-image-2518\" src=\"https:\/\/darshion.com\/wp-content\/uploads\/2024\/06\/1622451633448029.jpg\" alt=\"\" width=\"800\" height=\"800\" srcset=\"https:\/\/darshion.com\/wp-content\/uploads\/2024\/06\/1622451633448029.jpg 800w, https:\/\/darshion.com\/wp-content\/uploads\/2024\/06\/1622451633448029-300x300.jpg 300w, https:\/\/darshion.com\/wp-content\/uploads\/2024\/06\/1622451633448029-150x150.jpg 150w, https:\/\/darshion.com\/wp-content\/uploads\/2024\/06\/1622451633448029-768x768.jpg 768w, https:\/\/darshion.com\/wp-content\/uploads\/2024\/06\/1622451633448029-600x600.jpg 600w, https:\/\/darshion.com\/wp-content\/uploads\/2024\/06\/1622451633448029-100x100.jpg 100w\" sizes=\"(max-width: 800px) 100vw, 800px\" \/> <img decoding=\"async\" class=\"alignnone size-full wp-image-2519\" src=\"https:\/\/darshion.com\/wp-content\/uploads\/2024\/06\/1622451633809278.jpg\" alt=\"\" width=\"800\" height=\"800\" srcset=\"https:\/\/darshion.com\/wp-content\/uploads\/2024\/06\/1622451633809278.jpg 800w, https:\/\/darshion.com\/wp-content\/uploads\/2024\/06\/1622451633809278-300x300.jpg 300w, https:\/\/darshion.com\/wp-content\/uploads\/2024\/06\/1622451633809278-150x150.jpg 150w, https:\/\/darshion.com\/wp-content\/uploads\/2024\/06\/1622451633809278-768x768.jpg 768w, https:\/\/darshion.com\/wp-content\/uploads\/2024\/06\/1622451633809278-600x600.jpg 600w, https:\/\/darshion.com\/wp-content\/uploads\/2024\/06\/1622451633809278-100x100.jpg 100w\" sizes=\"(max-width: 800px) 100vw, 800px\" \/> <img loading=\"lazy\" decoding=\"async\" class=\"alignnone size-full wp-image-2520\" src=\"https:\/\/darshion.com\/wp-content\/uploads\/2024\/06\/H6ab552e784bc49c5ace7b034260ceceb9_proc.jpg\" alt=\"\" width=\"800\" height=\"800\" srcset=\"https:\/\/darshion.com\/wp-content\/uploads\/2024\/06\/H6ab552e784bc49c5ace7b034260ceceb9_proc.jpg 800w, https:\/\/darshion.com\/wp-content\/uploads\/2024\/06\/H6ab552e784bc49c5ace7b034260ceceb9_proc-300x300.jpg 300w, https:\/\/darshion.com\/wp-content\/uploads\/2024\/06\/H6ab552e784bc49c5ace7b034260ceceb9_proc-150x150.jpg 150w, https:\/\/darshion.com\/wp-content\/uploads\/2024\/06\/H6ab552e784bc49c5ace7b034260ceceb9_proc-768x768.jpg 768w, https:\/\/darshion.com\/wp-content\/uploads\/2024\/06\/H6ab552e784bc49c5ace7b034260ceceb9_proc-600x600.jpg 600w, https:\/\/darshion.com\/wp-content\/uploads\/2024\/06\/H6ab552e784bc49c5ace7b034260ceceb9_proc-100x100.jpg 100w\" sizes=\"(max-width: 800px) 100vw, 800px\" \/> <img loading=\"lazy\" decoding=\"async\" class=\"alignnone size-full wp-image-2521\" src=\"https:\/\/darshion.com\/wp-content\/uploads\/2024\/06\/H985364aee3c24450a67b84c840c6cf4ax_proc.jpg\" alt=\"\" width=\"800\" height=\"800\" srcset=\"https:\/\/darshion.com\/wp-content\/uploads\/2024\/06\/H985364aee3c24450a67b84c840c6cf4ax_proc.jpg 800w, https:\/\/darshion.com\/wp-content\/uploads\/2024\/06\/H985364aee3c24450a67b84c840c6cf4ax_proc-300x300.jpg 300w, https:\/\/darshion.com\/wp-content\/uploads\/2024\/06\/H985364aee3c24450a67b84c840c6cf4ax_proc-150x150.jpg 150w, https:\/\/darshion.com\/wp-content\/uploads\/2024\/06\/H985364aee3c24450a67b84c840c6cf4ax_proc-768x768.jpg 768w, https:\/\/darshion.com\/wp-content\/uploads\/2024\/06\/H985364aee3c24450a67b84c840c6cf4ax_proc-600x600.jpg 600w, https:\/\/darshion.com\/wp-content\/uploads\/2024\/06\/H985364aee3c24450a67b84c840c6cf4ax_proc-100x100.jpg 100w\" sizes=\"(max-width: 800px) 100vw, 800px\" \/> <img loading=\"lazy\" decoding=\"async\" class=\"alignnone size-full wp-image-2522\" src=\"https:\/\/darshion.com\/wp-content\/uploads\/2024\/06\/Hf8436b0f49cb455ba602cc9d931aad34Z_proc.jpg\" alt=\"\" width=\"800\" height=\"800\" srcset=\"https:\/\/darshion.com\/wp-content\/uploads\/2024\/06\/Hf8436b0f49cb455ba602cc9d931aad34Z_proc.jpg 800w, https:\/\/darshion.com\/wp-content\/uploads\/2024\/06\/Hf8436b0f49cb455ba602cc9d931aad34Z_proc-300x300.jpg 300w, https:\/\/darshion.com\/wp-content\/uploads\/2024\/06\/Hf8436b0f49cb455ba602cc9d931aad34Z_proc-150x150.jpg 150w, https:\/\/darshion.com\/wp-content\/uploads\/2024\/06\/Hf8436b0f49cb455ba602cc9d931aad34Z_proc-768x768.jpg 768w, https:\/\/darshion.com\/wp-content\/uploads\/2024\/06\/Hf8436b0f49cb455ba602cc9d931aad34Z_proc-600x600.jpg 600w, https:\/\/darshion.com\/wp-content\/uploads\/2024\/06\/Hf8436b0f49cb455ba602cc9d931aad34Z_proc-100x100.jpg 100w\" sizes=\"(max-width: 800px) 100vw, 800px\" \/><\/p>","protected":false},"excerpt":{"rendered":"<p>HM9 Pink Silent LED 1600DPI para mouse de laptop para PC<\/p>\n<p>100% \u00e9 novo e de alta qualidade.<\/p>\n<p>Tipo sem fio recarreg\u00e1vel. Bateria de \u00edons de l\u00edtio recarreg\u00e1vel integrada, muito conveniente de usar, dispensa o problema de substitui\u00e7\u00e3o frequente da bateria e vem com um cabo USB de recarga.<\/p>\n<p>Requisitos do sistema: Windows 2000\/XP\/Vista\/7, Linux, M-a-c OS, acima.<\/p>\n<p>Design moderno da Pink Girl: Design fino para uma apar\u00eancia elegante e f\u00e1cil de usar<\/p>\n<p>Projetado ergonomicamente, com tecnologia de rastreamento \u00f3ptico, funciona em muitas superf\u00edcies diferentes e \u00e9 ideal para uso em casa, no escrit\u00f3rio ou em jogos.<\/p>\n<p>Adequado para PC, laptop, computador de mesa com porta USB.<\/p>\n<p>Especifica\u00e7\u00f5es:<br \/>\nMaterial: Pl\u00e1stico<br \/>\nCor: rosa<br \/>\nTamanho: aprox.: 125x67x39mm<br \/>\nDPI: 1600 dpi.<br \/>\nFonte de alimenta\u00e7\u00e3o: Bateria de l\u00edtio recarreg\u00e1vel<\/p>","protected":false},"featured_media":2518,"comment_status":"open","ping_status":"closed","template":"","meta":{"_monsterinsights_skip_tracking":false,"_monsterinsights_sitenote_active":false,"_monsterinsights_sitenote_note":"","_monsterinsights_sitenote_category":0},"product_cat":[541],"product_tag":[],"yoast_head":"<!-- This site is optimized with the Yoast SEO Premium plugin v22.9 (Yoast SEO v24.0) - https:\/\/yoast.com\/wordpress\/plugins\/seo\/ -->\n<title>HM9 Pink Silent Office Wireless Mouse Suppliers - darshion<\/title>\n<meta name=\"robots\" content=\"index, follow, max-snippet:-1, max-image-preview:large, max-video-preview:-1\" \/>\n<link rel=\"canonical\" href=\"https:\/\/darshion.com\/pt\/produkt\/pc-laptop-mouse-hm9\/\" \/>\n<meta property=\"og:locale\" content=\"pt_BR\" \/>\n<meta property=\"og:type\" content=\"article\" \/>\n<meta property=\"og:title\" content=\"HM9 Pink Silent Office Wireless Mouse Suppliers\" \/>\n<meta property=\"og:description\" content=\"HM9 Pink Silent LED 1600DPI for PC Laptop Mouse  100% brand new and high quality.  Rechargeable wireless type. Built-in rechargeable lithium-ion battery,very convenient to use, dispense with frequent battery replacement trouble, comes with a recharging usb cable.  System requirement: Windows 2000\/XP\/Vista\/7, Linux, M-a-c OS,above.  Fashionable Pink Girl design: Slim design for sleek look and easy to use  Ergonomically designed, optical tracking technology, working on many different surfaces and ideal usage for home, office or game.  Suitable for PC Laptop Desktop Computer With USB port.  Specifications: Material: Plastic Color: Pink Size: approx.: 125x67x39mm DPI: 1600 dpi. Power supply: Rechargeable lithium battery\" \/>\n<meta property=\"og:url\" content=\"https:\/\/darshion.com\/pt\/produkt\/pc-laptop-mouse-hm9\/\" \/>\n<meta property=\"og:site_name\" content=\"darshion\" \/>\n<meta property=\"article:modified_time\" content=\"2024-07-08T08:48:18+00:00\" \/>\n<meta property=\"og:image\" content=\"https:\/\/darshion.com\/wp-content\/uploads\/2024\/06\/1622451633448029.jpg\" \/>\n\t<meta property=\"og:image:width\" content=\"800\" \/>\n\t<meta property=\"og:image:height\" content=\"800\" \/>\n\t<meta property=\"og:image:type\" content=\"image\/jpeg\" \/>\n<meta name=\"twitter:card\" content=\"summary_large_image\" \/>\n<meta name=\"twitter:label1\" content=\"Est. tempo de leitura\" \/>\n\t<meta name=\"twitter:data1\" content=\"2 minutos\" \/>\n<script type=\"application\/ld+json\" class=\"yoast-schema-graph\">{\"@context\":\"https:\/\/schema.org\",\"@graph\":[{\"@type\":\"WebPage\",\"@id\":\"https:\/\/darshion.com\/de\/produkt\/pc-laptop-mouse-hm9\/\",\"url\":\"https:\/\/darshion.com\/de\/produkt\/pc-laptop-mouse-hm9\/\",\"name\":\"HM9 Pink Silent Office Wireless Mouse Suppliers - darshion\",\"isPartOf\":{\"@id\":\"https:\/\/darshion.com\/#website\"},\"primaryImageOfPage\":{\"@id\":\"https:\/\/darshion.com\/de\/produkt\/pc-laptop-mouse-hm9\/#primaryimage\"},\"image\":{\"@id\":\"https:\/\/darshion.com\/de\/produkt\/pc-laptop-mouse-hm9\/#primaryimage\"},\"thumbnailUrl\":\"https:\/\/darshion.com\/wp-content\/uploads\/2024\/06\/1622451633448029.jpg\",\"datePublished\":\"2024-06-06T09:43:16+00:00\",\"dateModified\":\"2024-07-08T08:48:18+00:00\",\"breadcrumb\":{\"@id\":\"https:\/\/darshion.com\/de\/produkt\/pc-laptop-mouse-hm9\/#breadcrumb\"},\"inLanguage\":\"pt-BR\",\"potentialAction\":[{\"@type\":\"ReadAction\",\"target\":[\"https:\/\/darshion.com\/de\/produkt\/pc-laptop-mouse-hm9\/\"]}]},{\"@type\":\"ImageObject\",\"inLanguage\":\"pt-BR\",\"@id\":\"https:\/\/darshion.com\/de\/produkt\/pc-laptop-mouse-hm9\/#primaryimage\",\"url\":\"https:\/\/darshion.com\/wp-content\/uploads\/2024\/06\/1622451633448029.jpg\",\"contentUrl\":\"https:\/\/darshion.com\/wp-content\/uploads\/2024\/06\/1622451633448029.jpg\",\"width\":800,\"height\":800,\"caption\":\"HM9 Silent LED Wireless Mouse\"},{\"@type\":\"BreadcrumbList\",\"@id\":\"https:\/\/darshion.com\/de\/produkt\/pc-laptop-mouse-hm9\/#breadcrumb\",\"itemListElement\":[{\"@type\":\"ListItem\",\"position\":1,\"name\":\"\u9996\u9875\",\"item\":\"https:\/\/darshion.com\/\"},{\"@type\":\"ListItem\",\"position\":2,\"name\":\"PRODUCT\",\"item\":\"https:\/\/darshion.com\/pt\/product\/\"},{\"@type\":\"ListItem\",\"position\":3,\"name\":\"HM9 Pink Silent Office Wireless Mouse Suppliers\"}]},{\"@type\":\"WebSite\",\"@id\":\"https:\/\/darshion.com\/#website\",\"url\":\"https:\/\/darshion.com\/\",\"name\":\"darshion\",\"description\":\"14 Years of Experience, Quality Assurance, Innovative Design\",\"publisher\":{\"@id\":\"https:\/\/darshion.com\/#organization\"},\"potentialAction\":[{\"@type\":\"SearchAction\",\"target\":{\"@type\":\"EntryPoint\",\"urlTemplate\":\"https:\/\/darshion.com\/?s={search_term_string}\"},\"query-input\":{\"@type\":\"PropertyValueSpecification\",\"valueRequired\":true,\"valueName\":\"search_term_string\"}}],\"inLanguage\":\"pt-BR\"},{\"@type\":\"Organization\",\"@id\":\"https:\/\/darshion.com\/#organization\",\"name\":\"darshion\",\"url\":\"https:\/\/darshion.com\/\",\"logo\":{\"@type\":\"ImageObject\",\"inLanguage\":\"pt-BR\",\"@id\":\"https:\/\/darshion.com\/#\/schema\/logo\/image\/\",\"url\":\"https:\/\/darshion.com\/wp-content\/uploads\/2023\/09\/01-1.png\",\"contentUrl\":\"https:\/\/darshion.com\/wp-content\/uploads\/2023\/09\/01-1.png\",\"width\":350,\"height\":100,\"caption\":\"darshion\"},\"image\":{\"@id\":\"https:\/\/darshion.com\/#\/schema\/logo\/image\/\"}}]}<\/script>\n<!-- \/ Yoast SEO Premium plugin. -->","yoast_head_json":{"title":"HM9 Pink Silent Office Wireless Mouse Suppliers - darshion","robots":{"index":"index","follow":"follow","max-snippet":"max-snippet:-1","max-image-preview":"max-image-preview:large","max-video-preview":"max-video-preview:-1"},"canonical":"https:\/\/darshion.com\/pt\/produkt\/pc-laptop-mouse-hm9\/","og_locale":"pt_BR","og_type":"article","og_title":"HM9 Pink Silent Office Wireless Mouse Suppliers","og_description":"HM9 Pink Silent LED 1600DPI for PC Laptop Mouse  100% brand new and high quality.  Rechargeable wireless type. Built-in rechargeable lithium-ion battery,very convenient to use, dispense with frequent battery replacement trouble, comes with a recharging usb cable.  System requirement: Windows 2000\/XP\/Vista\/7, Linux, M-a-c OS,above.  Fashionable Pink Girl design: Slim design for sleek look and easy to use  Ergonomically designed, optical tracking technology, working on many different surfaces and ideal usage for home, office or game.  Suitable for PC Laptop Desktop Computer With USB port.  Specifications: Material: Plastic Color: Pink Size: approx.: 125x67x39mm DPI: 1600 dpi. Power supply: Rechargeable lithium battery","og_url":"https:\/\/darshion.com\/pt\/produkt\/pc-laptop-mouse-hm9\/","og_site_name":"darshion","article_modified_time":"2024-07-08T08:48:18+00:00","og_image":[{"width":800,"height":800,"url":"https:\/\/darshion.com\/wp-content\/uploads\/2024\/06\/1622451633448029.jpg","type":"image\/jpeg"}],"twitter_card":"summary_large_image","twitter_misc":{"Est. tempo de leitura":"2 minutos"},"schema":{"@context":"https:\/\/schema.org","@graph":[{"@type":"WebPage","@id":"https:\/\/darshion.com\/de\/produkt\/pc-laptop-mouse-hm9\/","url":"https:\/\/darshion.com\/de\/produkt\/pc-laptop-mouse-hm9\/","name":"HM9 Pink Silent Office Wireless Mouse Suppliers - darshion","isPartOf":{"@id":"https:\/\/darshion.com\/#website"},"primaryImageOfPage":{"@id":"https:\/\/darshion.com\/de\/produkt\/pc-laptop-mouse-hm9\/#primaryimage"},"image":{"@id":"https:\/\/darshion.com\/de\/produkt\/pc-laptop-mouse-hm9\/#primaryimage"},"thumbnailUrl":"https:\/\/darshion.com\/wp-content\/uploads\/2024\/06\/1622451633448029.jpg","datePublished":"2024-06-06T09:43:16+00:00","dateModified":"2024-07-08T08:48:18+00:00","breadcrumb":{"@id":"https:\/\/darshion.com\/de\/produkt\/pc-laptop-mouse-hm9\/#breadcrumb"},"inLanguage":"pt-BR","potentialAction":[{"@type":"ReadAction","target":["https:\/\/darshion.com\/de\/produkt\/pc-laptop-mouse-hm9\/"]}]},{"@type":"ImageObject","inLanguage":"pt-BR","@id":"https:\/\/darshion.com\/de\/produkt\/pc-laptop-mouse-hm9\/#primaryimage","url":"https:\/\/darshion.com\/wp-content\/uploads\/2024\/06\/1622451633448029.jpg","contentUrl":"https:\/\/darshion.com\/wp-content\/uploads\/2024\/06\/1622451633448029.jpg","width":800,"height":800,"caption":"HM9 Silent LED Wireless Mouse"},{"@type":"BreadcrumbList","@id":"https:\/\/darshion.com\/de\/produkt\/pc-laptop-mouse-hm9\/#breadcrumb","itemListElement":[{"@type":"ListItem","position":1,"name":"\u9996\u9875","item":"https:\/\/darshion.com\/"},{"@type":"ListItem","position":2,"name":"PRODUCT","item":"https:\/\/darshion.com\/pt\/product\/"},{"@type":"ListItem","position":3,"name":"HM9 Pink Silent Office Wireless Mouse Suppliers"}]},{"@type":"WebSite","@id":"https:\/\/darshion.com\/#website","url":"https:\/\/darshion.com\/","name":"darshion","description":"14 anos de experi\u00eancia, garantia de qualidade, design inovador","publisher":{"@id":"https:\/\/darshion.com\/#organization"},"potentialAction":[{"@type":"SearchAction","target":{"@type":"EntryPoint","urlTemplate":"https:\/\/darshion.com\/?s={search_term_string}"},"query-input":{"@type":"PropertyValueSpecification","valueRequired":true,"valueName":"search_term_string"}}],"inLanguage":"pt-BR"},{"@type":"Organization","@id":"https:\/\/darshion.com\/#organization","name":"darshion","url":"https:\/\/darshion.com\/","logo":{"@type":"ImageObject","inLanguage":"pt-BR","@id":"https:\/\/darshion.com\/#\/schema\/logo\/image\/","url":"https:\/\/darshion.com\/wp-content\/uploads\/2023\/09\/01-1.png","contentUrl":"https:\/\/darshion.com\/wp-content\/uploads\/2023\/09\/01-1.png","width":350,"height":100,"caption":"darshion"},"image":{"@id":"https:\/\/darshion.com\/#\/schema\/logo\/image\/"}}]}},"_links":{"self":[{"href":"https:\/\/darshion.com\/pt\/wp-json\/wp\/v2\/product\/2509"}],"collection":[{"href":"https:\/\/darshion.com\/pt\/wp-json\/wp\/v2\/product"}],"about":[{"href":"https:\/\/darshion.com\/pt\/wp-json\/wp\/v2\/types\/product"}],"replies":[{"embeddable":true,"href":"https:\/\/darshion.com\/pt\/wp-json\/wp\/v2\/comments?post=2509"}],"wp:featuredmedia":[{"embeddable":true,"href":"https:\/\/darshion.com\/pt\/wp-json\/wp\/v2\/media\/2518"}],"wp:attachment":[{"href":"https:\/\/darshion.com\/pt\/wp-json\/wp\/v2\/media?parent=2509"}],"wp:term":[{"taxonomy":"product_cat","embeddable":true,"href":"https:\/\/darshion.com\/pt\/wp-json\/wp\/v2\/product_cat?post=2509"},{"taxonomy":"product_tag","embeddable":true,"href":"https:\/\/darshion.com\/pt\/wp-json\/wp\/v2\/product_tag?post=2509"}],"curies":[{"name":"wp","href":"https:\/\/api.w.org\/{rel}","templated":true}]}}