{"id":2523,"date":"2024-06-06T17:51:47","date_gmt":"2024-06-06T09:51:47","guid":{"rendered":"https:\/\/darshion.com\/?post_type=product&#038;p=2523"},"modified":"2024-07-08T16:18:53","modified_gmt":"2024-07-08T08:18:53","slug":"computer-gaming-mouse-g821","status":"publish","type":"product","link":"https:\/\/darshion.com\/pt\/produto\/computer-gaming-mouse-g821\/","title":{"rendered":"Mouse sem fio para jogos de computador G821 Fornecedores"},"content":{"rendered":"<p><strong>Caracter\u00edsticas:<\/strong><br \/>\nMouse \u00f3ptico sem fio para jogos 1.2.4g, 2400 dpi reais.<br \/>\n2. conex\u00e3o inteligente USB, sem codifica\u00e7\u00e3o, plug and play. 1*Bateria AAA (n\u00e3o inclu\u00edda), baixo consumo de energia.<br \/>\n3. com transmiss\u00e3o sem fio de 2,4 GHz, a dist\u00e2ncia de transmiss\u00e3o pode chegar a 10 metros \/ 32,81 p\u00e9s.<br \/>\n4. ergonomicamente projetado para uma pegada e uso confort\u00e1veis. Alta qualidade, design decente e moderno. O receptor USB pode ser colocado na parte de tr\u00e1s do mouse para facilitar a portabilidade.<br \/>\n5. \u00f3timo companheiro para computadores para uso dom\u00e9stico e no escrit\u00f3rio, bem como para jogos.<br \/>\nTamanho: 13cm*7,5cm*4cm<\/p>\n<p><strong>Pacote incluso:<\/strong><br \/>\n1 x mouse<br \/>\n1 x Adaptador<br \/>\n1 x instru\u00e7\u00f5es em ingl\u00eas<\/p>\n<p><img fetchpriority=\"high\" decoding=\"async\" class=\"alignnone size-full wp-image-2531\" src=\"https:\/\/darshion.com\/wp-content\/uploads\/2024\/06\/1622450951617949.jpg\" alt=\"\" width=\"1000\" height=\"1000\" srcset=\"https:\/\/darshion.com\/wp-content\/uploads\/2024\/06\/1622450951617949.jpg 1000w, https:\/\/darshion.com\/wp-content\/uploads\/2024\/06\/1622450951617949-300x300.jpg 300w, https:\/\/darshion.com\/wp-content\/uploads\/2024\/06\/1622450951617949-150x150.jpg 150w, https:\/\/darshion.com\/wp-content\/uploads\/2024\/06\/1622450951617949-768x768.jpg 768w, https:\/\/darshion.com\/wp-content\/uploads\/2024\/06\/1622450951617949-600x600.jpg 600w, https:\/\/darshion.com\/wp-content\/uploads\/2024\/06\/1622450951617949-100x100.jpg 100w\" sizes=\"(max-width: 1000px) 100vw, 1000px\" \/> <img decoding=\"async\" class=\"alignnone size-full wp-image-2532\" src=\"https:\/\/darshion.com\/wp-content\/uploads\/2024\/06\/1622450958464835.jpg\" alt=\"\" width=\"1000\" height=\"1000\" srcset=\"https:\/\/darshion.com\/wp-content\/uploads\/2024\/06\/1622450958464835.jpg 1000w, https:\/\/darshion.com\/wp-content\/uploads\/2024\/06\/1622450958464835-300x300.jpg 300w, https:\/\/darshion.com\/wp-content\/uploads\/2024\/06\/1622450958464835-150x150.jpg 150w, https:\/\/darshion.com\/wp-content\/uploads\/2024\/06\/1622450958464835-768x768.jpg 768w, https:\/\/darshion.com\/wp-content\/uploads\/2024\/06\/1622450958464835-600x600.jpg 600w, https:\/\/darshion.com\/wp-content\/uploads\/2024\/06\/1622450958464835-100x100.jpg 100w\" sizes=\"(max-width: 1000px) 100vw, 1000px\" \/> <img decoding=\"async\" class=\"alignnone size-full wp-image-2533\" src=\"https:\/\/darshion.com\/wp-content\/uploads\/2024\/06\/1622450965804360.jpg\" alt=\"\" width=\"1000\" height=\"1000\" srcset=\"https:\/\/darshion.com\/wp-content\/uploads\/2024\/06\/1622450965804360.jpg 1000w, https:\/\/darshion.com\/wp-content\/uploads\/2024\/06\/1622450965804360-300x300.jpg 300w, https:\/\/darshion.com\/wp-content\/uploads\/2024\/06\/1622450965804360-150x150.jpg 150w, https:\/\/darshion.com\/wp-content\/uploads\/2024\/06\/1622450965804360-768x768.jpg 768w, https:\/\/darshion.com\/wp-content\/uploads\/2024\/06\/1622450965804360-600x600.jpg 600w, https:\/\/darshion.com\/wp-content\/uploads\/2024\/06\/1622450965804360-100x100.jpg 100w\" sizes=\"(max-width: 1000px) 100vw, 1000px\" \/> <img loading=\"lazy\" decoding=\"async\" class=\"alignnone size-full wp-image-2534\" src=\"https:\/\/darshion.com\/wp-content\/uploads\/2024\/06\/H46fe7ee8d9e44fc09be86893b52aab0bM_proc.jpg\" alt=\"\" width=\"1000\" height=\"1000\" srcset=\"https:\/\/darshion.com\/wp-content\/uploads\/2024\/06\/H46fe7ee8d9e44fc09be86893b52aab0bM_proc.jpg 1000w, https:\/\/darshion.com\/wp-content\/uploads\/2024\/06\/H46fe7ee8d9e44fc09be86893b52aab0bM_proc-300x300.jpg 300w, https:\/\/darshion.com\/wp-content\/uploads\/2024\/06\/H46fe7ee8d9e44fc09be86893b52aab0bM_proc-150x150.jpg 150w, https:\/\/darshion.com\/wp-content\/uploads\/2024\/06\/H46fe7ee8d9e44fc09be86893b52aab0bM_proc-768x768.jpg 768w, https:\/\/darshion.com\/wp-content\/uploads\/2024\/06\/H46fe7ee8d9e44fc09be86893b52aab0bM_proc-600x600.jpg 600w, https:\/\/darshion.com\/wp-content\/uploads\/2024\/06\/H46fe7ee8d9e44fc09be86893b52aab0bM_proc-100x100.jpg 100w\" sizes=\"(max-width: 1000px) 100vw, 1000px\" \/> \u00a0<img loading=\"lazy\" decoding=\"async\" class=\"alignnone size-full wp-image-2536\" src=\"https:\/\/darshion.com\/wp-content\/uploads\/2024\/06\/He6cf5b436c284757a09d6c53d9393a59R_proc.jpg\" alt=\"\" width=\"1000\" height=\"1000\" srcset=\"https:\/\/darshion.com\/wp-content\/uploads\/2024\/06\/He6cf5b436c284757a09d6c53d9393a59R_proc.jpg 1000w, https:\/\/darshion.com\/wp-content\/uploads\/2024\/06\/He6cf5b436c284757a09d6c53d9393a59R_proc-300x300.jpg 300w, https:\/\/darshion.com\/wp-content\/uploads\/2024\/06\/He6cf5b436c284757a09d6c53d9393a59R_proc-150x150.jpg 150w, https:\/\/darshion.com\/wp-content\/uploads\/2024\/06\/He6cf5b436c284757a09d6c53d9393a59R_proc-768x768.jpg 768w, https:\/\/darshion.com\/wp-content\/uploads\/2024\/06\/He6cf5b436c284757a09d6c53d9393a59R_proc-600x600.jpg 600w, https:\/\/darshion.com\/wp-content\/uploads\/2024\/06\/He6cf5b436c284757a09d6c53d9393a59R_proc-100x100.jpg 100w\" sizes=\"(max-width: 1000px) 100vw, 1000px\" \/><img loading=\"lazy\" decoding=\"async\" class=\"alignnone size-full wp-image-2535\" src=\"https:\/\/darshion.com\/wp-content\/uploads\/2024\/06\/H52803fc7eb8c4b6286eb38a5b4ba69fe1_proc.jpg\" alt=\"\" width=\"1000\" height=\"1000\" srcset=\"https:\/\/darshion.com\/wp-content\/uploads\/2024\/06\/H52803fc7eb8c4b6286eb38a5b4ba69fe1_proc.jpg 1000w, https:\/\/darshion.com\/wp-content\/uploads\/2024\/06\/H52803fc7eb8c4b6286eb38a5b4ba69fe1_proc-300x300.jpg 300w, https:\/\/darshion.com\/wp-content\/uploads\/2024\/06\/H52803fc7eb8c4b6286eb38a5b4ba69fe1_proc-150x150.jpg 150w, https:\/\/darshion.com\/wp-content\/uploads\/2024\/06\/H52803fc7eb8c4b6286eb38a5b4ba69fe1_proc-768x768.jpg 768w, https:\/\/darshion.com\/wp-content\/uploads\/2024\/06\/H52803fc7eb8c4b6286eb38a5b4ba69fe1_proc-600x600.jpg 600w, https:\/\/darshion.com\/wp-content\/uploads\/2024\/06\/H52803fc7eb8c4b6286eb38a5b4ba69fe1_proc-100x100.jpg 100w\" sizes=\"(max-width: 1000px) 100vw, 1000px\" \/><\/p>","protected":false},"excerpt":{"rendered":"<p class=\"pro_single_title\">Mouse para jogos de computador recarreg\u00e1vel e sem fio G821<\/p>","protected":false},"featured_media":2531,"comment_status":"open","ping_status":"closed","template":"","meta":{"_monsterinsights_skip_tracking":false,"_monsterinsights_sitenote_active":false,"_monsterinsights_sitenote_note":"","_monsterinsights_sitenote_category":0},"product_cat":[541],"product_tag":[],"yoast_head":"<!-- This site is optimized with the Yoast SEO Premium plugin v22.9 (Yoast SEO v24.0) - https:\/\/yoast.com\/wordpress\/plugins\/seo\/ -->\n<title>G821 Wireless Computer Gaming Mouse Suppliers - darshion<\/title>\n<meta name=\"robots\" content=\"index, follow, max-snippet:-1, max-image-preview:large, max-video-preview:-1\" \/>\n<link rel=\"canonical\" href=\"https:\/\/darshion.com\/pt\/produto\/computer-gaming-mouse-g821\/\" \/>\n<meta property=\"og:locale\" content=\"pt_BR\" \/>\n<meta property=\"og:type\" content=\"article\" \/>\n<meta property=\"og:title\" content=\"G821 Wireless Computer Gaming Mouse Suppliers\" \/>\n<meta property=\"og:description\" content=\"G821 Wireless Rechargeable Computer Gaming Mouse\" \/>\n<meta property=\"og:url\" content=\"https:\/\/darshion.com\/pt\/produto\/computer-gaming-mouse-g821\/\" \/>\n<meta property=\"og:site_name\" content=\"darshion\" \/>\n<meta property=\"article:modified_time\" content=\"2024-07-08T08:18:53+00:00\" \/>\n<meta property=\"og:image\" content=\"https:\/\/darshion.com\/wp-content\/uploads\/2024\/06\/1622450951617949.jpg\" \/>\n\t<meta property=\"og:image:width\" content=\"1000\" \/>\n\t<meta property=\"og:image:height\" content=\"1000\" \/>\n\t<meta property=\"og:image:type\" content=\"image\/jpeg\" \/>\n<meta name=\"twitter:card\" content=\"summary_large_image\" \/>\n<meta name=\"twitter:label1\" content=\"Est. tempo de leitura\" \/>\n\t<meta name=\"twitter:data1\" content=\"2 minutos\" \/>\n<script type=\"application\/ld+json\" class=\"yoast-schema-graph\">{\"@context\":\"https:\/\/schema.org\",\"@graph\":[{\"@type\":\"WebPage\",\"@id\":\"https:\/\/darshion.com\/ru\/product\/computer-gaming-mouse-g821\/\",\"url\":\"https:\/\/darshion.com\/ru\/product\/computer-gaming-mouse-g821\/\",\"name\":\"G821 Wireless Computer Gaming Mouse Suppliers - darshion\",\"isPartOf\":{\"@id\":\"https:\/\/darshion.com\/#website\"},\"primaryImageOfPage\":{\"@id\":\"https:\/\/darshion.com\/ru\/product\/computer-gaming-mouse-g821\/#primaryimage\"},\"image\":{\"@id\":\"https:\/\/darshion.com\/ru\/product\/computer-gaming-mouse-g821\/#primaryimage\"},\"thumbnailUrl\":\"https:\/\/darshion.com\/wp-content\/uploads\/2024\/06\/1622450951617949.jpg\",\"datePublished\":\"2024-06-06T09:51:47+00:00\",\"dateModified\":\"2024-07-08T08:18:53+00:00\",\"breadcrumb\":{\"@id\":\"https:\/\/darshion.com\/ru\/product\/computer-gaming-mouse-g821\/#breadcrumb\"},\"inLanguage\":\"pt-BR\",\"potentialAction\":[{\"@type\":\"ReadAction\",\"target\":[\"https:\/\/darshion.com\/ru\/product\/computer-gaming-mouse-g821\/\"]}]},{\"@type\":\"ImageObject\",\"inLanguage\":\"pt-BR\",\"@id\":\"https:\/\/darshion.com\/ru\/product\/computer-gaming-mouse-g821\/#primaryimage\",\"url\":\"https:\/\/darshion.com\/wp-content\/uploads\/2024\/06\/1622450951617949.jpg\",\"contentUrl\":\"https:\/\/darshion.com\/wp-content\/uploads\/2024\/06\/1622450951617949.jpg\",\"width\":1000,\"height\":1000,\"caption\":\"G821 Wireless Gaming Mouse\"},{\"@type\":\"BreadcrumbList\",\"@id\":\"https:\/\/darshion.com\/ru\/product\/computer-gaming-mouse-g821\/#breadcrumb\",\"itemListElement\":[{\"@type\":\"ListItem\",\"position\":1,\"name\":\"\u9996\u9875\",\"item\":\"https:\/\/darshion.com\/\"},{\"@type\":\"ListItem\",\"position\":2,\"name\":\"PRODUCT\",\"item\":\"https:\/\/darshion.com\/pt\/product\/\"},{\"@type\":\"ListItem\",\"position\":3,\"name\":\"G821 Wireless Computer Gaming Mouse Suppliers\"}]},{\"@type\":\"WebSite\",\"@id\":\"https:\/\/darshion.com\/#website\",\"url\":\"https:\/\/darshion.com\/\",\"name\":\"darshion\",\"description\":\"14 Years of Experience, Quality Assurance, Innovative Design\",\"publisher\":{\"@id\":\"https:\/\/darshion.com\/#organization\"},\"potentialAction\":[{\"@type\":\"SearchAction\",\"target\":{\"@type\":\"EntryPoint\",\"urlTemplate\":\"https:\/\/darshion.com\/?s={search_term_string}\"},\"query-input\":{\"@type\":\"PropertyValueSpecification\",\"valueRequired\":true,\"valueName\":\"search_term_string\"}}],\"inLanguage\":\"pt-BR\"},{\"@type\":\"Organization\",\"@id\":\"https:\/\/darshion.com\/#organization\",\"name\":\"darshion\",\"url\":\"https:\/\/darshion.com\/\",\"logo\":{\"@type\":\"ImageObject\",\"inLanguage\":\"pt-BR\",\"@id\":\"https:\/\/darshion.com\/#\/schema\/logo\/image\/\",\"url\":\"https:\/\/darshion.com\/wp-content\/uploads\/2023\/09\/01-1.png\",\"contentUrl\":\"https:\/\/darshion.com\/wp-content\/uploads\/2023\/09\/01-1.png\",\"width\":350,\"height\":100,\"caption\":\"darshion\"},\"image\":{\"@id\":\"https:\/\/darshion.com\/#\/schema\/logo\/image\/\"}}]}<\/script>\n<!-- \/ Yoast SEO Premium plugin. -->","yoast_head_json":{"title":"Mouse sem fio para jogos de computador G821 Fornecedores - darshion","robots":{"index":"index","follow":"follow","max-snippet":"max-snippet:-1","max-image-preview":"max-image-preview:large","max-video-preview":"max-video-preview:-1"},"canonical":"https:\/\/darshion.com\/pt\/produto\/computer-gaming-mouse-g821\/","og_locale":"pt_BR","og_type":"article","og_title":"G821 Wireless Computer Gaming Mouse Suppliers","og_description":"G821 Wireless Rechargeable Computer Gaming Mouse","og_url":"https:\/\/darshion.com\/pt\/produto\/computer-gaming-mouse-g821\/","og_site_name":"darshion","article_modified_time":"2024-07-08T08:18:53+00:00","og_image":[{"width":1000,"height":1000,"url":"https:\/\/darshion.com\/wp-content\/uploads\/2024\/06\/1622450951617949.jpg","type":"image\/jpeg"}],"twitter_card":"summary_large_image","twitter_misc":{"Est. tempo de leitura":"2 minutos"},"schema":{"@context":"https:\/\/schema.org","@graph":[{"@type":"WebPage","@id":"https:\/\/darshion.com\/ru\/product\/computer-gaming-mouse-g821\/","url":"https:\/\/darshion.com\/ru\/product\/computer-gaming-mouse-g821\/","name":"Mouse sem fio para jogos de computador G821 Fornecedores - darshion","isPartOf":{"@id":"https:\/\/darshion.com\/#website"},"primaryImageOfPage":{"@id":"https:\/\/darshion.com\/ru\/product\/computer-gaming-mouse-g821\/#primaryimage"},"image":{"@id":"https:\/\/darshion.com\/ru\/product\/computer-gaming-mouse-g821\/#primaryimage"},"thumbnailUrl":"https:\/\/darshion.com\/wp-content\/uploads\/2024\/06\/1622450951617949.jpg","datePublished":"2024-06-06T09:51:47+00:00","dateModified":"2024-07-08T08:18:53+00:00","breadcrumb":{"@id":"https:\/\/darshion.com\/ru\/product\/computer-gaming-mouse-g821\/#breadcrumb"},"inLanguage":"pt-BR","potentialAction":[{"@type":"ReadAction","target":["https:\/\/darshion.com\/ru\/product\/computer-gaming-mouse-g821\/"]}]},{"@type":"ImageObject","inLanguage":"pt-BR","@id":"https:\/\/darshion.com\/ru\/product\/computer-gaming-mouse-g821\/#primaryimage","url":"https:\/\/darshion.com\/wp-content\/uploads\/2024\/06\/1622450951617949.jpg","contentUrl":"https:\/\/darshion.com\/wp-content\/uploads\/2024\/06\/1622450951617949.jpg","width":1000,"height":1000,"caption":"G821 Wireless Gaming Mouse"},{"@type":"BreadcrumbList","@id":"https:\/\/darshion.com\/ru\/product\/computer-gaming-mouse-g821\/#breadcrumb","itemListElement":[{"@type":"ListItem","position":1,"name":"\u9996\u9875","item":"https:\/\/darshion.com\/"},{"@type":"ListItem","position":2,"name":"PRODUCT","item":"https:\/\/darshion.com\/pt\/product\/"},{"@type":"ListItem","position":3,"name":"G821 Wireless Computer Gaming Mouse Suppliers"}]},{"@type":"WebSite","@id":"https:\/\/darshion.com\/#website","url":"https:\/\/darshion.com\/","name":"darshion","description":"14 anos de experi\u00eancia, garantia de qualidade, design inovador","publisher":{"@id":"https:\/\/darshion.com\/#organization"},"potentialAction":[{"@type":"SearchAction","target":{"@type":"EntryPoint","urlTemplate":"https:\/\/darshion.com\/?s={search_term_string}"},"query-input":{"@type":"PropertyValueSpecification","valueRequired":true,"valueName":"search_term_string"}}],"inLanguage":"pt-BR"},{"@type":"Organization","@id":"https:\/\/darshion.com\/#organization","name":"darshion","url":"https:\/\/darshion.com\/","logo":{"@type":"ImageObject","inLanguage":"pt-BR","@id":"https:\/\/darshion.com\/#\/schema\/logo\/image\/","url":"https:\/\/darshion.com\/wp-content\/uploads\/2023\/09\/01-1.png","contentUrl":"https:\/\/darshion.com\/wp-content\/uploads\/2023\/09\/01-1.png","width":350,"height":100,"caption":"darshion"},"image":{"@id":"https:\/\/darshion.com\/#\/schema\/logo\/image\/"}}]}},"_links":{"self":[{"href":"https:\/\/darshion.com\/pt\/wp-json\/wp\/v2\/product\/2523"}],"collection":[{"href":"https:\/\/darshion.com\/pt\/wp-json\/wp\/v2\/product"}],"about":[{"href":"https:\/\/darshion.com\/pt\/wp-json\/wp\/v2\/types\/product"}],"replies":[{"embeddable":true,"href":"https:\/\/darshion.com\/pt\/wp-json\/wp\/v2\/comments?post=2523"}],"wp:featuredmedia":[{"embeddable":true,"href":"https:\/\/darshion.com\/pt\/wp-json\/wp\/v2\/media\/2531"}],"wp:attachment":[{"href":"https:\/\/darshion.com\/pt\/wp-json\/wp\/v2\/media?parent=2523"}],"wp:term":[{"taxonomy":"product_cat","embeddable":true,"href":"https:\/\/darshion.com\/pt\/wp-json\/wp\/v2\/product_cat?post=2523"},{"taxonomy":"product_tag","embeddable":true,"href":"https:\/\/darshion.com\/pt\/wp-json\/wp\/v2\/product_tag?post=2523"}],"curies":[{"name":"wp","href":"https:\/\/api.w.org\/{rel}","templated":true}]}}