{"id":2550,"date":"2024-06-07T10:49:31","date_gmt":"2024-06-07T02:49:31","guid":{"rendered":"https:\/\/darshion.com\/?post_type=product&#038;p=2550"},"modified":"2024-07-08T11:41:16","modified_gmt":"2024-07-08T03:41:16","slug":"gaming-mouse-g402","status":"publish","type":"product","link":"https:\/\/darshion.com\/pt\/produto\/gaming-mouse-g402\/","title":{"rendered":"Mouse para jogos G402 RGB com fio Factory"},"content":{"rendered":"<h3>Par\u00e2metros de configura\u00e7\u00e3o<\/h3>\n<ul>\n<li><strong>Peso<\/strong>: 140 \u00b1 10 g<\/li>\n<li><strong>Mecanismo de jogo<\/strong>: A3212<\/li>\n<li><strong>Fio<\/strong>: 1,68 m de fio tran\u00e7ado<\/li>\n<li><strong>DPI<\/strong>: Perfil padr\u00e3o 4 (11 perfis no total, 500-4000 DPI)<\/li>\n<li><strong>Acelera\u00e7\u00e3o<\/strong>: 10 G<\/li>\n<li><strong>Velocidade de movimenta\u00e7\u00e3o<\/strong>: 80 polegadas\/segundo<\/li>\n<li><strong>N\u00famero de chaves<\/strong>: 7<\/li>\n<li><strong>Velocidade de resposta<\/strong>: 80 IPS<\/li>\n<li><strong>Interface<\/strong>: USB<\/li>\n<li><strong>Taxa de atualiza\u00e7\u00e3o<\/strong>: 4 n\u00edveis (125-250-500-1000 Hz)<\/li>\n<li><strong>Amostragem SPI<\/strong>: 2 ms<\/li>\n<li><strong>Tamanho<\/strong>: 121 x 67 x 39 mm<\/li>\n<\/ul>\n<p><img fetchpriority=\"high\" decoding=\"async\" class=\"alignnone size-full wp-image-2558\" src=\"https:\/\/darshion.com\/wp-content\/uploads\/2024\/06\/1622449062481846.jpg\" alt=\"\" width=\"800\" height=\"800\" srcset=\"https:\/\/darshion.com\/wp-content\/uploads\/2024\/06\/1622449062481846.jpg 800w, https:\/\/darshion.com\/wp-content\/uploads\/2024\/06\/1622449062481846-300x300.jpg 300w, https:\/\/darshion.com\/wp-content\/uploads\/2024\/06\/1622449062481846-150x150.jpg 150w, https:\/\/darshion.com\/wp-content\/uploads\/2024\/06\/1622449062481846-768x768.jpg 768w, https:\/\/darshion.com\/wp-content\/uploads\/2024\/06\/1622449062481846-600x600.jpg 600w, https:\/\/darshion.com\/wp-content\/uploads\/2024\/06\/1622449062481846-100x100.jpg 100w\" sizes=\"(max-width: 800px) 100vw, 800px\" \/> <img decoding=\"async\" class=\"alignnone size-full wp-image-2559\" src=\"https:\/\/darshion.com\/wp-content\/uploads\/2024\/06\/1622449062661030.jpg\" alt=\"\" width=\"800\" height=\"800\" srcset=\"https:\/\/darshion.com\/wp-content\/uploads\/2024\/06\/1622449062661030.jpg 800w, https:\/\/darshion.com\/wp-content\/uploads\/2024\/06\/1622449062661030-300x300.jpg 300w, https:\/\/darshion.com\/wp-content\/uploads\/2024\/06\/1622449062661030-150x150.jpg 150w, https:\/\/darshion.com\/wp-content\/uploads\/2024\/06\/1622449062661030-768x768.jpg 768w, https:\/\/darshion.com\/wp-content\/uploads\/2024\/06\/1622449062661030-600x600.jpg 600w, https:\/\/darshion.com\/wp-content\/uploads\/2024\/06\/1622449062661030-100x100.jpg 100w\" sizes=\"(max-width: 800px) 100vw, 800px\" \/> <img decoding=\"async\" class=\"alignnone size-full wp-image-2560\" src=\"https:\/\/darshion.com\/wp-content\/uploads\/2024\/06\/1622449062844687.jpg\" alt=\"\" width=\"800\" height=\"800\" srcset=\"https:\/\/darshion.com\/wp-content\/uploads\/2024\/06\/1622449062844687.jpg 800w, https:\/\/darshion.com\/wp-content\/uploads\/2024\/06\/1622449062844687-300x300.jpg 300w, https:\/\/darshion.com\/wp-content\/uploads\/2024\/06\/1622449062844687-150x150.jpg 150w, https:\/\/darshion.com\/wp-content\/uploads\/2024\/06\/1622449062844687-768x768.jpg 768w, https:\/\/darshion.com\/wp-content\/uploads\/2024\/06\/1622449062844687-600x600.jpg 600w, https:\/\/darshion.com\/wp-content\/uploads\/2024\/06\/1622449062844687-100x100.jpg 100w\" sizes=\"(max-width: 800px) 100vw, 800px\" \/> <img loading=\"lazy\" decoding=\"async\" class=\"alignnone size-full wp-image-2561\" src=\"https:\/\/darshion.com\/wp-content\/uploads\/2024\/06\/1622449062960813.jpg\" alt=\"\" width=\"800\" height=\"800\" srcset=\"https:\/\/darshion.com\/wp-content\/uploads\/2024\/06\/1622449062960813.jpg 800w, https:\/\/darshion.com\/wp-content\/uploads\/2024\/06\/1622449062960813-300x300.jpg 300w, https:\/\/darshion.com\/wp-content\/uploads\/2024\/06\/1622449062960813-150x150.jpg 150w, https:\/\/darshion.com\/wp-content\/uploads\/2024\/06\/1622449062960813-768x768.jpg 768w, https:\/\/darshion.com\/wp-content\/uploads\/2024\/06\/1622449062960813-600x600.jpg 600w, https:\/\/darshion.com\/wp-content\/uploads\/2024\/06\/1622449062960813-100x100.jpg 100w\" sizes=\"(max-width: 800px) 100vw, 800px\" \/><\/p>","protected":false},"excerpt":{"rendered":"<p class=\"pro_single_title\">Mouse para jogos G402 com fio, RGB, 7 bot\u00f5es, luz de fundo e 4000DPI<\/p>","protected":false},"featured_media":2561,"comment_status":"open","ping_status":"closed","template":"","meta":{"_monsterinsights_skip_tracking":false,"_monsterinsights_sitenote_active":false,"_monsterinsights_sitenote_note":"","_monsterinsights_sitenote_category":0},"product_cat":[542],"product_tag":[],"yoast_head":"<!-- This site is optimized with the Yoast SEO Premium plugin v22.9 (Yoast SEO v24.0) - https:\/\/yoast.com\/wordpress\/plugins\/seo\/ -->\n<title>G402 Wired RGB Gaming Mouse Factory - darshion<\/title>\n<meta name=\"robots\" content=\"index, follow, max-snippet:-1, max-image-preview:large, max-video-preview:-1\" \/>\n<link rel=\"canonical\" href=\"https:\/\/darshion.com\/pt\/urun\/gaming-mouse-g402\/\" \/>\n<meta property=\"og:locale\" content=\"pt_BR\" \/>\n<meta property=\"og:type\" content=\"article\" \/>\n<meta property=\"og:title\" content=\"G402 Wired RGB Gaming Mouse Factory\" \/>\n<meta property=\"og:description\" content=\"G402 Wired RGB 7 Buttons Light Breath 4000DPI Gaming Mouse\" \/>\n<meta property=\"og:url\" content=\"https:\/\/darshion.com\/pt\/urun\/gaming-mouse-g402\/\" \/>\n<meta property=\"og:site_name\" content=\"darshion\" \/>\n<meta property=\"article:modified_time\" content=\"2024-07-08T03:41:16+00:00\" \/>\n<meta property=\"og:image\" content=\"https:\/\/darshion.com\/wp-content\/uploads\/2024\/06\/1622449062960813.jpg\" \/>\n\t<meta property=\"og:image:width\" content=\"800\" \/>\n\t<meta property=\"og:image:height\" content=\"800\" \/>\n\t<meta property=\"og:image:type\" content=\"image\/jpeg\" \/>\n<meta name=\"twitter:card\" content=\"summary_large_image\" \/>\n<meta name=\"twitter:label1\" content=\"Est. tempo de leitura\" \/>\n\t<meta name=\"twitter:data1\" content=\"2 minutos\" \/>\n<script type=\"application\/ld+json\" class=\"yoast-schema-graph\">{\"@context\":\"https:\/\/schema.org\",\"@graph\":[{\"@type\":\"WebPage\",\"@id\":\"https:\/\/darshion.com\/tr\/urun\/gaming-mouse-g402\/\",\"url\":\"https:\/\/darshion.com\/tr\/urun\/gaming-mouse-g402\/\",\"name\":\"G402 Wired RGB Gaming Mouse Factory - darshion\",\"isPartOf\":{\"@id\":\"https:\/\/darshion.com\/#website\"},\"primaryImageOfPage\":{\"@id\":\"https:\/\/darshion.com\/tr\/urun\/gaming-mouse-g402\/#primaryimage\"},\"image\":{\"@id\":\"https:\/\/darshion.com\/tr\/urun\/gaming-mouse-g402\/#primaryimage\"},\"thumbnailUrl\":\"https:\/\/darshion.com\/wp-content\/uploads\/2024\/06\/1622449062960813.jpg\",\"datePublished\":\"2024-06-07T02:49:31+00:00\",\"dateModified\":\"2024-07-08T03:41:16+00:00\",\"breadcrumb\":{\"@id\":\"https:\/\/darshion.com\/tr\/urun\/gaming-mouse-g402\/#breadcrumb\"},\"inLanguage\":\"pt-BR\",\"potentialAction\":[{\"@type\":\"ReadAction\",\"target\":[\"https:\/\/darshion.com\/tr\/urun\/gaming-mouse-g402\/\"]}]},{\"@type\":\"ImageObject\",\"inLanguage\":\"pt-BR\",\"@id\":\"https:\/\/darshion.com\/tr\/urun\/gaming-mouse-g402\/#primaryimage\",\"url\":\"https:\/\/darshion.com\/wp-content\/uploads\/2024\/06\/1622449062960813.jpg\",\"contentUrl\":\"https:\/\/darshion.com\/wp-content\/uploads\/2024\/06\/1622449062960813.jpg\",\"width\":800,\"height\":800,\"caption\":\"G402 Wired RGB Gaming Mouse\"},{\"@type\":\"BreadcrumbList\",\"@id\":\"https:\/\/darshion.com\/tr\/urun\/gaming-mouse-g402\/#breadcrumb\",\"itemListElement\":[{\"@type\":\"ListItem\",\"position\":1,\"name\":\"\u9996\u9875\",\"item\":\"https:\/\/darshion.com\/\"},{\"@type\":\"ListItem\",\"position\":2,\"name\":\"PRODUCT\",\"item\":\"https:\/\/darshion.com\/pt\/product\/\"},{\"@type\":\"ListItem\",\"position\":3,\"name\":\"G402 Wired RGB Gaming Mouse Factory\"}]},{\"@type\":\"WebSite\",\"@id\":\"https:\/\/darshion.com\/#website\",\"url\":\"https:\/\/darshion.com\/\",\"name\":\"darshion\",\"description\":\"14 Years of Experience, Quality Assurance, Innovative Design\",\"publisher\":{\"@id\":\"https:\/\/darshion.com\/#organization\"},\"potentialAction\":[{\"@type\":\"SearchAction\",\"target\":{\"@type\":\"EntryPoint\",\"urlTemplate\":\"https:\/\/darshion.com\/?s={search_term_string}\"},\"query-input\":{\"@type\":\"PropertyValueSpecification\",\"valueRequired\":true,\"valueName\":\"search_term_string\"}}],\"inLanguage\":\"pt-BR\"},{\"@type\":\"Organization\",\"@id\":\"https:\/\/darshion.com\/#organization\",\"name\":\"darshion\",\"url\":\"https:\/\/darshion.com\/\",\"logo\":{\"@type\":\"ImageObject\",\"inLanguage\":\"pt-BR\",\"@id\":\"https:\/\/darshion.com\/#\/schema\/logo\/image\/\",\"url\":\"https:\/\/darshion.com\/wp-content\/uploads\/2023\/09\/01-1.png\",\"contentUrl\":\"https:\/\/darshion.com\/wp-content\/uploads\/2023\/09\/01-1.png\",\"width\":350,\"height\":100,\"caption\":\"darshion\"},\"image\":{\"@id\":\"https:\/\/darshion.com\/#\/schema\/logo\/image\/\"}}]}<\/script>\n<!-- \/ Yoast SEO Premium plugin. -->","yoast_head_json":{"title":"Mouse para jogos G402 RGB com fio Factory - darshion","robots":{"index":"index","follow":"follow","max-snippet":"max-snippet:-1","max-image-preview":"max-image-preview:large","max-video-preview":"max-video-preview:-1"},"canonical":"https:\/\/darshion.com\/pt\/urun\/gaming-mouse-g402\/","og_locale":"pt_BR","og_type":"article","og_title":"G402 Wired RGB Gaming Mouse Factory","og_description":"G402 Wired RGB 7 Buttons Light Breath 4000DPI Gaming Mouse","og_url":"https:\/\/darshion.com\/pt\/urun\/gaming-mouse-g402\/","og_site_name":"darshion","article_modified_time":"2024-07-08T03:41:16+00:00","og_image":[{"width":800,"height":800,"url":"https:\/\/darshion.com\/wp-content\/uploads\/2024\/06\/1622449062960813.jpg","type":"image\/jpeg"}],"twitter_card":"summary_large_image","twitter_misc":{"Est. tempo de leitura":"2 minutos"},"schema":{"@context":"https:\/\/schema.org","@graph":[{"@type":"WebPage","@id":"https:\/\/darshion.com\/tr\/urun\/gaming-mouse-g402\/","url":"https:\/\/darshion.com\/tr\/urun\/gaming-mouse-g402\/","name":"Mouse para jogos G402 RGB com fio Factory - darshion","isPartOf":{"@id":"https:\/\/darshion.com\/#website"},"primaryImageOfPage":{"@id":"https:\/\/darshion.com\/tr\/urun\/gaming-mouse-g402\/#primaryimage"},"image":{"@id":"https:\/\/darshion.com\/tr\/urun\/gaming-mouse-g402\/#primaryimage"},"thumbnailUrl":"https:\/\/darshion.com\/wp-content\/uploads\/2024\/06\/1622449062960813.jpg","datePublished":"2024-06-07T02:49:31+00:00","dateModified":"2024-07-08T03:41:16+00:00","breadcrumb":{"@id":"https:\/\/darshion.com\/tr\/urun\/gaming-mouse-g402\/#breadcrumb"},"inLanguage":"pt-BR","potentialAction":[{"@type":"ReadAction","target":["https:\/\/darshion.com\/tr\/urun\/gaming-mouse-g402\/"]}]},{"@type":"ImageObject","inLanguage":"pt-BR","@id":"https:\/\/darshion.com\/tr\/urun\/gaming-mouse-g402\/#primaryimage","url":"https:\/\/darshion.com\/wp-content\/uploads\/2024\/06\/1622449062960813.jpg","contentUrl":"https:\/\/darshion.com\/wp-content\/uploads\/2024\/06\/1622449062960813.jpg","width":800,"height":800,"caption":"G402 Wired RGB Gaming Mouse"},{"@type":"BreadcrumbList","@id":"https:\/\/darshion.com\/tr\/urun\/gaming-mouse-g402\/#breadcrumb","itemListElement":[{"@type":"ListItem","position":1,"name":"\u9996\u9875","item":"https:\/\/darshion.com\/"},{"@type":"ListItem","position":2,"name":"PRODUCT","item":"https:\/\/darshion.com\/pt\/product\/"},{"@type":"ListItem","position":3,"name":"G402 Wired RGB Gaming Mouse Factory"}]},{"@type":"WebSite","@id":"https:\/\/darshion.com\/#website","url":"https:\/\/darshion.com\/","name":"darshion","description":"14 anos de experi\u00eancia, garantia de qualidade, design inovador","publisher":{"@id":"https:\/\/darshion.com\/#organization"},"potentialAction":[{"@type":"SearchAction","target":{"@type":"EntryPoint","urlTemplate":"https:\/\/darshion.com\/?s={search_term_string}"},"query-input":{"@type":"PropertyValueSpecification","valueRequired":true,"valueName":"search_term_string"}}],"inLanguage":"pt-BR"},{"@type":"Organization","@id":"https:\/\/darshion.com\/#organization","name":"darshion","url":"https:\/\/darshion.com\/","logo":{"@type":"ImageObject","inLanguage":"pt-BR","@id":"https:\/\/darshion.com\/#\/schema\/logo\/image\/","url":"https:\/\/darshion.com\/wp-content\/uploads\/2023\/09\/01-1.png","contentUrl":"https:\/\/darshion.com\/wp-content\/uploads\/2023\/09\/01-1.png","width":350,"height":100,"caption":"darshion"},"image":{"@id":"https:\/\/darshion.com\/#\/schema\/logo\/image\/"}}]}},"_links":{"self":[{"href":"https:\/\/darshion.com\/pt\/wp-json\/wp\/v2\/product\/2550"}],"collection":[{"href":"https:\/\/darshion.com\/pt\/wp-json\/wp\/v2\/product"}],"about":[{"href":"https:\/\/darshion.com\/pt\/wp-json\/wp\/v2\/types\/product"}],"replies":[{"embeddable":true,"href":"https:\/\/darshion.com\/pt\/wp-json\/wp\/v2\/comments?post=2550"}],"wp:featuredmedia":[{"embeddable":true,"href":"https:\/\/darshion.com\/pt\/wp-json\/wp\/v2\/media\/2561"}],"wp:attachment":[{"href":"https:\/\/darshion.com\/pt\/wp-json\/wp\/v2\/media?parent=2550"}],"wp:term":[{"taxonomy":"product_cat","embeddable":true,"href":"https:\/\/darshion.com\/pt\/wp-json\/wp\/v2\/product_cat?post=2550"},{"taxonomy":"product_tag","embeddable":true,"href":"https:\/\/darshion.com\/pt\/wp-json\/wp\/v2\/product_tag?post=2550"}],"curies":[{"name":"wp","href":"https:\/\/api.w.org\/{rel}","templated":true}]}}