{"id":2655,"date":"2024-06-11T11:53:08","date_gmt":"2024-06-11T03:53:08","guid":{"rendered":"https:\/\/darshion.com\/?post_type=product&#038;p=2655"},"modified":"2024-07-06T11:46:08","modified_gmt":"2024-07-06T03:46:08","slug":"2-4g-wireless-mouse","status":"publish","type":"product","link":"https:\/\/darshion.com\/pt\/produto\/2-4g-wireless-mouse\/","title":{"rendered":"Mouse sem fio com toque Bluetooth C100 Fornecedores"},"content":{"rendered":"<table border=\"1\">\n<tbody>\n<tr>\n<th>Atributos<\/th>\n<th>Par\u00e2metros<\/th>\n<\/tr>\n<tr>\n<td>Local de origem<\/td>\n<td>Guangdong, China<\/td>\n<\/tr>\n<tr>\n<td>Molde privado<\/td>\n<td>Sim<\/td>\n<\/tr>\n<tr>\n<td>Program\u00e1vel<\/td>\n<td>N\u00c3O<\/td>\n<\/tr>\n<tr>\n<td>M\u00e9todo de rastreamento<\/td>\n<td>\u00d3ptico<\/td>\n<\/tr>\n<tr>\n<td>Tipo de energia<\/td>\n<td>Bateria<\/td>\n<\/tr>\n<tr>\n<td>N\u00famero de rolos<\/td>\n<td>1<\/td>\n<\/tr>\n<tr>\n<td>Status dos produtos<\/td>\n<td>Estoque<\/td>\n<\/tr>\n<tr>\n<td>Aplicativo<\/td>\n<td>Desktop, LAPTOP<\/td>\n<\/tr>\n<tr>\n<td>Orienta\u00e7\u00e3o da m\u00e3o<\/td>\n<td>Certo<\/td>\n<\/tr>\n<tr>\n<td>Nome da marca<\/td>\n<td>Outros<\/td>\n<\/tr>\n<tr>\n<td>Retroiluminado<\/td>\n<td>LED<\/td>\n<\/tr>\n<tr>\n<td>Ergonomia<\/td>\n<td>Sim<\/td>\n<\/tr>\n<tr>\n<td>Nome do produto<\/td>\n<td>mouse de computador com fio usb<\/td>\n<\/tr>\n<tr>\n<td>Palavras-chave<\/td>\n<td>mouse de computador com fio<\/td>\n<\/tr>\n<tr>\n<td>Material<\/td>\n<td>Pl\u00e1stico ABS<\/td>\n<\/tr>\n<tr>\n<td>Interface<\/td>\n<td>USB tipo C<\/td>\n<\/tr>\n<tr>\n<td>Fun\u00e7\u00e3o<\/td>\n<td>Laptop Pc Computador<\/td>\n<\/tr>\n<tr>\n<td>DPI<\/td>\n<td>1600<\/td>\n<\/tr>\n<tr>\n<td>Tipo de mouse<\/td>\n<td>Mouse \u00f3ptico USB<\/td>\n<\/tr>\n<tr>\n<td>Design<\/td>\n<td>Confort\u00e1vel<\/td>\n<\/tr>\n<\/tbody>\n<\/table>\n<p>&nbsp;<\/p>\n<p><img fetchpriority=\"high\" decoding=\"async\" class=\"alignnone size-full wp-image-2664\" src=\"https:\/\/darshion.com\/wp-content\/uploads\/2024\/06\/H2bf901c2b1314216bc69ecf71ec76566d_proc.jpg\" alt=\"\" width=\"751\" height=\"570\" srcset=\"https:\/\/darshion.com\/wp-content\/uploads\/2024\/06\/H2bf901c2b1314216bc69ecf71ec76566d_proc.jpg 751w, https:\/\/darshion.com\/wp-content\/uploads\/2024\/06\/H2bf901c2b1314216bc69ecf71ec76566d_proc-300x228.jpg 300w, https:\/\/darshion.com\/wp-content\/uploads\/2024\/06\/H2bf901c2b1314216bc69ecf71ec76566d_proc-600x455.jpg 600w\" sizes=\"(max-width: 751px) 100vw, 751px\" \/> <img decoding=\"async\" class=\"alignnone size-full wp-image-2665\" src=\"https:\/\/darshion.com\/wp-content\/uploads\/2024\/06\/H8b0958ed9df7498db0214500e38ac3a1v_proc.jpg\" alt=\"\" width=\"751\" height=\"752\" srcset=\"https:\/\/darshion.com\/wp-content\/uploads\/2024\/06\/H8b0958ed9df7498db0214500e38ac3a1v_proc.jpg 751w, https:\/\/darshion.com\/wp-content\/uploads\/2024\/06\/H8b0958ed9df7498db0214500e38ac3a1v_proc-300x300.jpg 300w, https:\/\/darshion.com\/wp-content\/uploads\/2024\/06\/H8b0958ed9df7498db0214500e38ac3a1v_proc-150x150.jpg 150w, https:\/\/darshion.com\/wp-content\/uploads\/2024\/06\/H8b0958ed9df7498db0214500e38ac3a1v_proc-600x601.jpg 600w, https:\/\/darshion.com\/wp-content\/uploads\/2024\/06\/H8b0958ed9df7498db0214500e38ac3a1v_proc-100x100.jpg 100w\" sizes=\"(max-width: 751px) 100vw, 751px\" \/> <img decoding=\"async\" class=\"alignnone size-full wp-image-2666\" src=\"https:\/\/darshion.com\/wp-content\/uploads\/2024\/06\/H8618dae37f9f464598c2ca88c314e9ffW_proc.jpg\" alt=\"\" width=\"751\" height=\"730\" srcset=\"https:\/\/darshion.com\/wp-content\/uploads\/2024\/06\/H8618dae37f9f464598c2ca88c314e9ffW_proc.jpg 751w, https:\/\/darshion.com\/wp-content\/uploads\/2024\/06\/H8618dae37f9f464598c2ca88c314e9ffW_proc-300x292.jpg 300w, https:\/\/darshion.com\/wp-content\/uploads\/2024\/06\/H8618dae37f9f464598c2ca88c314e9ffW_proc-600x583.jpg 600w\" sizes=\"(max-width: 751px) 100vw, 751px\" \/> <img loading=\"lazy\" decoding=\"async\" class=\"alignnone size-full wp-image-2667\" src=\"https:\/\/darshion.com\/wp-content\/uploads\/2024\/06\/Ha9fc723e8b494147ac1194a04ce45813q_proc.jpg\" alt=\"\" width=\"751\" height=\"706\" srcset=\"https:\/\/darshion.com\/wp-content\/uploads\/2024\/06\/Ha9fc723e8b494147ac1194a04ce45813q_proc.jpg 751w, https:\/\/darshion.com\/wp-content\/uploads\/2024\/06\/Ha9fc723e8b494147ac1194a04ce45813q_proc-300x282.jpg 300w, https:\/\/darshion.com\/wp-content\/uploads\/2024\/06\/Ha9fc723e8b494147ac1194a04ce45813q_proc-600x564.jpg 600w\" sizes=\"(max-width: 751px) 100vw, 751px\" \/> <img loading=\"lazy\" decoding=\"async\" class=\"alignnone size-full wp-image-2668\" src=\"https:\/\/darshion.com\/wp-content\/uploads\/2024\/06\/Hf379641a64b04c7da5259ac8bf6f4df04_proc.jpg\" alt=\"\" width=\"751\" height=\"656\" srcset=\"https:\/\/darshion.com\/wp-content\/uploads\/2024\/06\/Hf379641a64b04c7da5259ac8bf6f4df04_proc.jpg 751w, https:\/\/darshion.com\/wp-content\/uploads\/2024\/06\/Hf379641a64b04c7da5259ac8bf6f4df04_proc-300x262.jpg 300w, https:\/\/darshion.com\/wp-content\/uploads\/2024\/06\/Hf379641a64b04c7da5259ac8bf6f4df04_proc-600x524.jpg 600w\" sizes=\"(max-width: 751px) 100vw, 751px\" \/><\/p>","protected":false},"excerpt":{"rendered":"<p class=\"pro_single_title\">Mini mouse sem fio 2.4G para computador com toque Bluetooth C100<\/p>\n<div>Frequ\u00eancia: 2402-2480MHz<\/div>\n<div>Canal de opera\u00e7\u00e3o: 16<\/div>\n<div>Faixa de opera\u00e7\u00e3o: 10m<\/div>\n<div>Corrente de opera\u00e7\u00e3o: 15mA<\/div>\n<div>USB: USB 2.0<\/div>\n<div>Alimenta\u00e7\u00e3o: 1*bateriaAAA #7 (n\u00e3o inclu\u00edda)<\/div>\n<div>Cor: branco<\/div>\n<div>Tamanho do mouse: 11,5*6*2cm<\/div>\n<div>Tamanho do receptor USB: 1,8 * 1,4 * 0,6 cm<\/div>\n<div>Peso do mouse: 60g<\/div>\n<div>Peso do receptor: 2g<\/div>\n<p>Sistemas operacionais: Windows 98, 2000, XP, Vista, Mac OS.<\/p>","protected":false},"featured_media":3061,"comment_status":"open","ping_status":"closed","template":"","meta":{"_monsterinsights_skip_tracking":false,"_monsterinsights_sitenote_active":false,"_monsterinsights_sitenote_note":"","_monsterinsights_sitenote_category":0},"product_cat":[541],"product_tag":[],"yoast_head":"<!-- This site is optimized with the Yoast SEO Premium plugin v22.9 (Yoast SEO v24.0) - https:\/\/yoast.com\/wordpress\/plugins\/seo\/ -->\n<title>C100 Bluetooth Touch Wireless Mouse Suppliers - darshion<\/title>\n<meta name=\"robots\" content=\"index, follow, max-snippet:-1, max-image-preview:large, max-video-preview:-1\" \/>\n<link rel=\"canonical\" href=\"https:\/\/darshion.com\/pt\/produkt\/2-4g-wireless-mouse\/\" \/>\n<meta property=\"og:locale\" content=\"pt_BR\" \/>\n<meta property=\"og:type\" content=\"article\" \/>\n<meta property=\"og:title\" content=\"C100 Bluetooth Touch Wireless Mouse Suppliers\" \/>\n<meta property=\"og:description\" content=\"C100 Bluetooth Computer Touch Mini 2.4G Wireless Mouse  Frequency: 2402-2480MHz Operation channel: 16 Operation range: 10m Operation current: 15mA USB: USB 2.0 Power: 1*AAA \u00a0#7 battery (not included) Color: White Mouse size: 11.5*6*2cm USB receiver size: 1.8 * 1.4 * 0.6cm Mouse weight: 60g Receiver weight: 2g Operation systems: Windows 98, 2000, XP, Vista, Mac OS.\" \/>\n<meta property=\"og:url\" content=\"https:\/\/darshion.com\/pt\/produkt\/2-4g-wireless-mouse\/\" \/>\n<meta property=\"og:site_name\" content=\"darshion\" \/>\n<meta property=\"article:modified_time\" content=\"2024-07-06T03:46:08+00:00\" \/>\n<meta name=\"twitter:card\" content=\"summary_large_image\" \/>\n<meta name=\"twitter:label1\" content=\"Est. tempo de leitura\" \/>\n\t<meta name=\"twitter:data1\" content=\"2 minutos\" \/>\n<script type=\"application\/ld+json\" class=\"yoast-schema-graph\">{\"@context\":\"https:\/\/schema.org\",\"@graph\":[{\"@type\":\"WebPage\",\"@id\":\"https:\/\/darshion.com\/de\/produkt\/2-4g-wireless-mouse\/\",\"url\":\"https:\/\/darshion.com\/de\/produkt\/2-4g-wireless-mouse\/\",\"name\":\"C100 Bluetooth Touch Wireless Mouse Suppliers - darshion\",\"isPartOf\":{\"@id\":\"https:\/\/darshion.com\/#website\"},\"primaryImageOfPage\":{\"@id\":\"https:\/\/darshion.com\/de\/produkt\/2-4g-wireless-mouse\/#primaryimage\"},\"image\":{\"@id\":\"https:\/\/darshion.com\/de\/produkt\/2-4g-wireless-mouse\/#primaryimage\"},\"thumbnailUrl\":\"https:\/\/darshion.com\/wp-content\/uploads\/2024\/06\/1.avif\",\"datePublished\":\"2024-06-11T03:53:08+00:00\",\"dateModified\":\"2024-07-06T03:46:08+00:00\",\"breadcrumb\":{\"@id\":\"https:\/\/darshion.com\/de\/produkt\/2-4g-wireless-mouse\/#breadcrumb\"},\"inLanguage\":\"pt-BR\",\"potentialAction\":[{\"@type\":\"ReadAction\",\"target\":[\"https:\/\/darshion.com\/de\/produkt\/2-4g-wireless-mouse\/\"]}]},{\"@type\":\"ImageObject\",\"inLanguage\":\"pt-BR\",\"@id\":\"https:\/\/darshion.com\/de\/produkt\/2-4g-wireless-mouse\/#primaryimage\",\"url\":\"https:\/\/darshion.com\/wp-content\/uploads\/2024\/06\/1.avif\",\"contentUrl\":\"https:\/\/darshion.com\/wp-content\/uploads\/2024\/06\/1.avif\",\"width\":750,\"height\":750},{\"@type\":\"BreadcrumbList\",\"@id\":\"https:\/\/darshion.com\/de\/produkt\/2-4g-wireless-mouse\/#breadcrumb\",\"itemListElement\":[{\"@type\":\"ListItem\",\"position\":1,\"name\":\"\u9996\u9875\",\"item\":\"https:\/\/darshion.com\/\"},{\"@type\":\"ListItem\",\"position\":2,\"name\":\"PRODUCT\",\"item\":\"https:\/\/darshion.com\/pt\/product\/\"},{\"@type\":\"ListItem\",\"position\":3,\"name\":\"C100 Bluetooth Touch Wireless Mouse Suppliers\"}]},{\"@type\":\"WebSite\",\"@id\":\"https:\/\/darshion.com\/#website\",\"url\":\"https:\/\/darshion.com\/\",\"name\":\"darshion\",\"description\":\"14 Years of Experience, Quality Assurance, Innovative Design\",\"publisher\":{\"@id\":\"https:\/\/darshion.com\/#organization\"},\"potentialAction\":[{\"@type\":\"SearchAction\",\"target\":{\"@type\":\"EntryPoint\",\"urlTemplate\":\"https:\/\/darshion.com\/?s={search_term_string}\"},\"query-input\":{\"@type\":\"PropertyValueSpecification\",\"valueRequired\":true,\"valueName\":\"search_term_string\"}}],\"inLanguage\":\"pt-BR\"},{\"@type\":\"Organization\",\"@id\":\"https:\/\/darshion.com\/#organization\",\"name\":\"darshion\",\"url\":\"https:\/\/darshion.com\/\",\"logo\":{\"@type\":\"ImageObject\",\"inLanguage\":\"pt-BR\",\"@id\":\"https:\/\/darshion.com\/#\/schema\/logo\/image\/\",\"url\":\"https:\/\/darshion.com\/wp-content\/uploads\/2023\/09\/01-1.png\",\"contentUrl\":\"https:\/\/darshion.com\/wp-content\/uploads\/2023\/09\/01-1.png\",\"width\":350,\"height\":100,\"caption\":\"darshion\"},\"image\":{\"@id\":\"https:\/\/darshion.com\/#\/schema\/logo\/image\/\"}}]}<\/script>\n<!-- \/ Yoast SEO Premium plugin. -->","yoast_head_json":{"title":"C100 Bluetooth Touch Wireless Mouse Suppliers - darshion","robots":{"index":"index","follow":"follow","max-snippet":"max-snippet:-1","max-image-preview":"max-image-preview:large","max-video-preview":"max-video-preview:-1"},"canonical":"https:\/\/darshion.com\/pt\/produkt\/2-4g-wireless-mouse\/","og_locale":"pt_BR","og_type":"article","og_title":"C100 Bluetooth Touch Wireless Mouse Suppliers","og_description":"C100 Bluetooth Computer Touch Mini 2.4G Wireless Mouse  Frequency: 2402-2480MHz Operation channel: 16 Operation range: 10m Operation current: 15mA USB: USB 2.0 Power: 1*AAA \u00a0#7 battery (not included) Color: White Mouse size: 11.5*6*2cm USB receiver size: 1.8 * 1.4 * 0.6cm Mouse weight: 60g Receiver weight: 2g Operation systems: Windows 98, 2000, XP, Vista, Mac OS.","og_url":"https:\/\/darshion.com\/pt\/produkt\/2-4g-wireless-mouse\/","og_site_name":"darshion","article_modified_time":"2024-07-06T03:46:08+00:00","twitter_card":"summary_large_image","twitter_misc":{"Est. tempo de leitura":"2 minutos"},"schema":{"@context":"https:\/\/schema.org","@graph":[{"@type":"WebPage","@id":"https:\/\/darshion.com\/de\/produkt\/2-4g-wireless-mouse\/","url":"https:\/\/darshion.com\/de\/produkt\/2-4g-wireless-mouse\/","name":"C100 Bluetooth Touch Wireless Mouse Suppliers - darshion","isPartOf":{"@id":"https:\/\/darshion.com\/#website"},"primaryImageOfPage":{"@id":"https:\/\/darshion.com\/de\/produkt\/2-4g-wireless-mouse\/#primaryimage"},"image":{"@id":"https:\/\/darshion.com\/de\/produkt\/2-4g-wireless-mouse\/#primaryimage"},"thumbnailUrl":"https:\/\/darshion.com\/wp-content\/uploads\/2024\/06\/1.avif","datePublished":"2024-06-11T03:53:08+00:00","dateModified":"2024-07-06T03:46:08+00:00","breadcrumb":{"@id":"https:\/\/darshion.com\/de\/produkt\/2-4g-wireless-mouse\/#breadcrumb"},"inLanguage":"pt-BR","potentialAction":[{"@type":"ReadAction","target":["https:\/\/darshion.com\/de\/produkt\/2-4g-wireless-mouse\/"]}]},{"@type":"ImageObject","inLanguage":"pt-BR","@id":"https:\/\/darshion.com\/de\/produkt\/2-4g-wireless-mouse\/#primaryimage","url":"https:\/\/darshion.com\/wp-content\/uploads\/2024\/06\/1.avif","contentUrl":"https:\/\/darshion.com\/wp-content\/uploads\/2024\/06\/1.avif","width":750,"height":750},{"@type":"BreadcrumbList","@id":"https:\/\/darshion.com\/de\/produkt\/2-4g-wireless-mouse\/#breadcrumb","itemListElement":[{"@type":"ListItem","position":1,"name":"\u9996\u9875","item":"https:\/\/darshion.com\/"},{"@type":"ListItem","position":2,"name":"PRODUCT","item":"https:\/\/darshion.com\/pt\/product\/"},{"@type":"ListItem","position":3,"name":"C100 Bluetooth Touch Wireless Mouse Suppliers"}]},{"@type":"WebSite","@id":"https:\/\/darshion.com\/#website","url":"https:\/\/darshion.com\/","name":"darshion","description":"14 anos de experi\u00eancia, garantia de qualidade, design inovador","publisher":{"@id":"https:\/\/darshion.com\/#organization"},"potentialAction":[{"@type":"SearchAction","target":{"@type":"EntryPoint","urlTemplate":"https:\/\/darshion.com\/?s={search_term_string}"},"query-input":{"@type":"PropertyValueSpecification","valueRequired":true,"valueName":"search_term_string"}}],"inLanguage":"pt-BR"},{"@type":"Organization","@id":"https:\/\/darshion.com\/#organization","name":"darshion","url":"https:\/\/darshion.com\/","logo":{"@type":"ImageObject","inLanguage":"pt-BR","@id":"https:\/\/darshion.com\/#\/schema\/logo\/image\/","url":"https:\/\/darshion.com\/wp-content\/uploads\/2023\/09\/01-1.png","contentUrl":"https:\/\/darshion.com\/wp-content\/uploads\/2023\/09\/01-1.png","width":350,"height":100,"caption":"darshion"},"image":{"@id":"https:\/\/darshion.com\/#\/schema\/logo\/image\/"}}]}},"_links":{"self":[{"href":"https:\/\/darshion.com\/pt\/wp-json\/wp\/v2\/product\/2655"}],"collection":[{"href":"https:\/\/darshion.com\/pt\/wp-json\/wp\/v2\/product"}],"about":[{"href":"https:\/\/darshion.com\/pt\/wp-json\/wp\/v2\/types\/product"}],"replies":[{"embeddable":true,"href":"https:\/\/darshion.com\/pt\/wp-json\/wp\/v2\/comments?post=2655"}],"wp:featuredmedia":[{"embeddable":true,"href":"https:\/\/darshion.com\/pt\/wp-json\/wp\/v2\/media\/3061"}],"wp:attachment":[{"href":"https:\/\/darshion.com\/pt\/wp-json\/wp\/v2\/media?parent=2655"}],"wp:term":[{"taxonomy":"product_cat","embeddable":true,"href":"https:\/\/darshion.com\/pt\/wp-json\/wp\/v2\/product_cat?post=2655"},{"taxonomy":"product_tag","embeddable":true,"href":"https:\/\/darshion.com\/pt\/wp-json\/wp\/v2\/product_tag?post=2655"}],"curies":[{"name":"wp","href":"https:\/\/api.w.org\/{rel}","templated":true}]}}