{"id":3433,"date":"2024-07-16T17:23:05","date_gmt":"2024-07-16T09:23:05","guid":{"rendered":"https:\/\/darshion.com\/product\/g6-wired-gaming-rgb-mouse-ergonomic-mice-factory\/"},"modified":"2024-07-17T11:12:11","modified_gmt":"2024-07-17T03:12:11","slug":"g6-wired-gaming-rgb-mouse","status":"publish","type":"product","link":"https:\/\/darshion.com\/pt\/produto\/g6-wired-gaming-rgb-mouse\/","title":{"rendered":"Mouse G6 com fio para jogos RGB Mouses ergon\u00f4micos Factory"},"content":{"rendered":"<div id=\"detail_decorate_root\" data-magic-global=\"%7B%22bizId%22%3A2329368643%2C%22pageId%22%3A21427034721%2C%22siteId%22%3A10003129106%7D\">\n<div class=\"J_module\">\n<div class=\"detail-decorate-json-renderer-container\">\n<div class=\"magic-0\">\n<div class=\"magic-1\">\n<div class=\"magic-2\">\n<div class=\"magic-3\">Especifica\u00e7\u00e3o<\/div>\n<\/div>\n<\/div>\n<\/div>\n<\/div>\n<\/div>\n<div class=\"J_module\">\n<div class=\"detail-decorate-json-renderer-container\">\n<div class=\"magic-0\">\n<div class=\"magic-1\">\n<div class=\"magic-2\">\n<div class=\"magic-3\">\n<p>1- Mouse para jogos program\u00e1vel de 12800 dpi<br \/>\n2- Projeto de engenharia do corpo humano<br \/>\n3- N\u00famero de teclas: 10 teclas<br \/>\n4- Configura\u00e7\u00e3o DPl: padr\u00e3o 1200\/1600\/2000\/2400\/6400\/12800 o valor DPl de seis segmentos pode ser qualquer se\u00e7\u00e3o.<br \/>\n5- Efeito de luz: interruptor de modo de ilumina\u00e7\u00e3o RGB de 13 tipos.<br \/>\nDPl ajust\u00e1vel em 6 n\u00edveis, m\u00e1x. 12800 DPl<br \/>\n7- Cabo de dados de carregamento TYPE-C: 1M<br \/>\n8- Tamanho do item: 128*89*42mm<br \/>\n9- Peso do item: 116g<br \/>\n10- Tamanho da embalagem: 160*148*55mm<br \/>\n11- Peso da embalagem: 208g<br \/>\n12- Suporte: Windows Win7\/8\/10\/Android\/Mac\/iOS ou mais recente.<\/p>\n<p>Lista de embalagem:<br \/>\n1* mouse para jogos<br \/>\n1* Cabo de dados de carregamento TIPO C<br \/>\n1* Manual do usu\u00e1rio<\/p>\n<div>\n<div><\/div>\n<div>\u3010Customiz\u00e1vel\u3011<br \/>\n- Cores<br \/>\n- Com fio\/sem fio\/2.4G\/Bluetooth Triplo modo\/M\u00faltiplos canais<br \/>\n- LOGOTIPO e embalagem<\/div>\n<\/div>\n<\/div>\n<\/div>\n<\/div>\n<\/div>\n<\/div>\n<\/div>\n<div class=\"J_module\">\n<div id=\"ali-anchor-AliMagic-aee4d5\" class=\"magic-4\" data-section=\"AliMagic-aee4d5\" data-section-title=\"Details Images\">Detalhes das imagens<\/div>\n<\/div>\n<div class=\"J_module\">\n<div class=\"icbu-pc-detailManyImage magic-5\">\n<div class=\"magic-6\"><img decoding=\"async\" class=\"wired gaming mouse factory\" title=\"f\u00e1brica de mouse para jogos com fio\" src=\"https:\/\/darshion.com\/wp-content\/uploads\/2024\/07\/Hfa4f05760b974e02a0bc5c7715a693fcG.jpg\" alt=\"wired gaming mouse factory\" \/><\/div>\n<div class=\"magic-6\"><img decoding=\"async\" class=\"wired gaming mouse factory\" title=\"f\u00e1brica de mouse para jogos com fio\" src=\"https:\/\/darshion.com\/wp-content\/uploads\/2024\/07\/H786f59fe3dff487cbc9a4657d72d3d029.jpg\" alt=\"wired gaming mouse factory\" \/><\/div>\n<div class=\"magic-6\"><img decoding=\"async\" class=\"wired gaming mouse factory\" title=\"f\u00e1brica de mouse para jogos com fio\" src=\"https:\/\/darshion.com\/wp-content\/uploads\/2024\/07\/H3d4702eedf284516af6091337d6af89fq.jpg\" alt=\"wired gaming mouse factory\" \/><\/div>\n<div class=\"magic-6\"><img decoding=\"async\" class=\"wired gaming mouse factory\" title=\"f\u00e1brica de mouse para jogos com fio\" src=\"https:\/\/darshion.com\/wp-content\/uploads\/2024\/07\/Ha281b33c254e49a09f51d2a65ecf0dedn.jpg\" alt=\"wired gaming mouse factory\" \/><\/div>\n<div class=\"magic-6\"><img decoding=\"async\" class=\"wired gaming mouse factory\" title=\"f\u00e1brica de mouse para jogos com fio\" src=\"https:\/\/darshion.com\/wp-content\/uploads\/2024\/07\/Hd0d7ddc680854b44923d9b8a2a3cb6b9U.jpg\" alt=\"wired gaming mouse factory\" \/><\/div>\n<div class=\"magic-6\"><img decoding=\"async\" class=\"wired gaming mouse factory\" title=\"f\u00e1brica de mouse para jogos com fio\" src=\"https:\/\/darshion.com\/wp-content\/uploads\/2024\/07\/Heb38e96f78f8439981d373d82afcc439U.jpg\" alt=\"wired gaming mouse factory\" \/><\/div>\n<div class=\"magic-6\"><img decoding=\"async\" class=\"wired gaming mouse factory\" title=\"f\u00e1brica de mouse para jogos com fio\" src=\"https:\/\/darshion.com\/wp-content\/uploads\/2024\/07\/Hf9fae8861cc849f5b5577245fa796163h.jpg\" alt=\"wired gaming mouse factory\" \/><\/div>\n<div class=\"magic-6\"><img decoding=\"async\" class=\"wired gaming mouse factory\" title=\"f\u00e1brica de mouse para jogos com fio\" src=\"https:\/\/darshion.com\/wp-content\/uploads\/2024\/07\/H944df7d45e534b8bacc4db7bb572eb9ev.jpg\" alt=\"wired gaming mouse factory\" \/><\/div>\n<div class=\"magic-6\"><img decoding=\"async\" class=\"wired gaming mouse factory\" title=\"f\u00e1brica de mouse para jogos com fio\" src=\"https:\/\/darshion.com\/wp-content\/uploads\/2024\/07\/Haddcd43233fc4768af6a557e6207259eb.jpg\" alt=\"wired gaming mouse factory\" \/><\/div>\n<div class=\"magic-6\"><img decoding=\"async\" class=\"wired gaming mouse factory\" title=\"f\u00e1brica de mouse para jogos com fio\" src=\"https:\/\/darshion.com\/wp-content\/uploads\/2024\/07\/Hb244b7934449455abadd53cd91f3d6139.jpg\" alt=\"wired gaming mouse factory\" \/><\/div>\n<\/div>\n<\/div>\n<div class=\"J_module\">\n<div id=\"ali-anchor-AliMagic-6rf3hp\" class=\"magic-4\" data-section=\"AliMagic-6rf3hp\" data-section-title=\"TOP PICKS\"><\/div>\n<\/div>\n<div class=\"J_module\">\n<div class=\"icbu-pc-images magic-9\">\n<div>\n<div class=\"flex-layout-v\">\n<div class=\"flex-layout-h magic-9\">\n<div class=\"magic-10\"><\/div>\n<\/div>\n<\/div>\n<\/div>\n<\/div>\n<\/div>\n<\/div>","protected":false},"excerpt":{"rendered":"<div>\n<p>Type:Wired<br \/>\nInterface Type:USB receiver &amp; Type C cable<br \/>\nNumber of Buttons:10<br \/>\nDPI:1200, 1600, 2000, 2400, 6400, 12800<br \/>\nStyle:Gaming, Programmable, backlit<\/p>\n<p>[Other attributes]<br \/>\nPlace of Origin:Guangdong, China<br \/>\nProgrammable:NO<br \/>\nTracking Method:Optical<br \/>\nNumber of Rollers:1<br \/>\nProducts Status:Stock<br \/>\nApplication:Desktop, LAPTOP, pc<br \/>\nHand Orientation:Right<br \/>\nModel Number:G6<br \/>\nBacklit:RGB<br \/>\nErgonomics:Yes<br \/>\nProduct Name:programmable gaming Mouse<br \/>\nFeature:High DPI,wireless,programmable<br \/>\nMaterial:ABS Plastic<br \/>\nLogo:Accept Customized Logo<br \/>\nPackage:Customized Box<br \/>\nKeywords:Desktop \u00a0Laptop Computer<br \/>\nWarranty:12 Months<br \/>\nMOQ:1000 Pcs<br \/>\nSupport system:Win07\/08\/10\/NT\/ME\/2000\/XP\/vista<br \/>\nMouse Type:Mouse Gaming<\/p>\n<\/div>\n","protected":false},"featured_media":3424,"comment_status":"open","ping_status":"closed","template":"","meta":{"_monsterinsights_skip_tracking":false,"_monsterinsights_sitenote_active":false,"_monsterinsights_sitenote_note":"","_monsterinsights_sitenote_category":0},"product_cat":[542],"product_tag":[561],"yoast_head":"<!-- This site is optimized with the Yoast SEO Premium plugin v22.9 (Yoast SEO v24.0) - https:\/\/yoast.com\/wordpress\/plugins\/seo\/ -->\n<title>G6 Wired Gaming RGB Mouse Ergonomic Mice Factory - darshion<\/title>\n<meta name=\"robots\" content=\"index, follow, max-snippet:-1, max-image-preview:large, max-video-preview:-1\" \/>\n<link rel=\"canonical\" href=\"https:\/\/darshion.com\/pt\/produto\/g6-wired-gaming-rgb-mouse\/\" \/>\n<meta property=\"og:locale\" content=\"pt_BR\" \/>\n<meta property=\"og:type\" content=\"article\" \/>\n<meta property=\"og:title\" content=\"G6 Wired Gaming RGB Mouse Ergonomic Mice Factory\" \/>\n<meta property=\"og:description\" content=\"Type:Wired Interface Type:USB receiver &amp; Type C cable Number of Buttons:10 DPI:1200, 1600, 2000, 2400, 6400, 12800 Style:Gaming, Programmable, backlit  [Other attributes] Place of Origin:Guangdong, China Programmable:NO Tracking Method:Optical Number of Rollers:1 Products Status:Stock Application:Desktop, LAPTOP, pc Hand Orientation:Right Model Number:G6 Backlit:RGB Ergonomics:Yes Product Name:programmable gaming Mouse Feature:High DPI,wireless,programmable Material:ABS Plastic Logo:Accept Customized Logo Package:Customized Box Keywords:Desktop \u00a0Laptop Computer Warranty:12 Months MOQ:1000 Pcs Support system:Win07\/08\/10\/NT\/ME\/2000\/XP\/vista Mouse Type:Mouse Gaming\" \/>\n<meta property=\"og:url\" content=\"https:\/\/darshion.com\/pt\/produto\/g6-wired-gaming-rgb-mouse\/\" \/>\n<meta property=\"og:site_name\" content=\"darshion\" \/>\n<meta property=\"article:modified_time\" content=\"2024-07-17T03:12:11+00:00\" \/>\n<meta property=\"og:image\" content=\"https:\/\/darshion.com\/wp-content\/uploads\/2024\/07\/Hb0f0af589d9a4cf6884fd78024e0e73di.jpg\" \/>\n\t<meta property=\"og:image:width\" content=\"800\" \/>\n\t<meta property=\"og:image:height\" content=\"800\" \/>\n\t<meta property=\"og:image:type\" content=\"image\/jpeg\" \/>\n<meta name=\"twitter:card\" content=\"summary_large_image\" \/>\n<meta name=\"twitter:label1\" content=\"Est. tempo de leitura\" \/>\n\t<meta name=\"twitter:data1\" content=\"3 minutos\" \/>\n<script type=\"application\/ld+json\" class=\"yoast-schema-graph\">{\"@context\":\"https:\/\/schema.org\",\"@graph\":[{\"@type\":\"WebPage\",\"@id\":\"https:\/\/darshion.com\/product\/g6-wired-gaming-rgb-mouse\/\",\"url\":\"https:\/\/darshion.com\/product\/g6-wired-gaming-rgb-mouse\/\",\"name\":\"G6 Wired Gaming RGB Mouse Ergonomic Mice Factory - darshion\",\"isPartOf\":{\"@id\":\"https:\/\/darshion.com\/#website\"},\"primaryImageOfPage\":{\"@id\":\"https:\/\/darshion.com\/product\/g6-wired-gaming-rgb-mouse\/#primaryimage\"},\"image\":{\"@id\":\"https:\/\/darshion.com\/product\/g6-wired-gaming-rgb-mouse\/#primaryimage\"},\"thumbnailUrl\":\"https:\/\/darshion.com\/wp-content\/uploads\/2024\/07\/Hb0f0af589d9a4cf6884fd78024e0e73di.jpg\",\"datePublished\":\"2024-07-16T09:23:05+00:00\",\"dateModified\":\"2024-07-17T03:12:11+00:00\",\"breadcrumb\":{\"@id\":\"https:\/\/darshion.com\/product\/g6-wired-gaming-rgb-mouse\/#breadcrumb\"},\"inLanguage\":\"pt-BR\",\"potentialAction\":[{\"@type\":\"ReadAction\",\"target\":[\"https:\/\/darshion.com\/product\/g6-wired-gaming-rgb-mouse\/\"]}]},{\"@type\":\"ImageObject\",\"inLanguage\":\"pt-BR\",\"@id\":\"https:\/\/darshion.com\/product\/g6-wired-gaming-rgb-mouse\/#primaryimage\",\"url\":\"https:\/\/darshion.com\/wp-content\/uploads\/2024\/07\/Hb0f0af589d9a4cf6884fd78024e0e73di.jpg\",\"contentUrl\":\"https:\/\/darshion.com\/wp-content\/uploads\/2024\/07\/Hb0f0af589d9a4cf6884fd78024e0e73di.jpg\",\"width\":800,\"height\":800},{\"@type\":\"BreadcrumbList\",\"@id\":\"https:\/\/darshion.com\/product\/g6-wired-gaming-rgb-mouse\/#breadcrumb\",\"itemListElement\":[{\"@type\":\"ListItem\",\"position\":1,\"name\":\"\u9996\u9875\",\"item\":\"https:\/\/darshion.com\/\"},{\"@type\":\"ListItem\",\"position\":2,\"name\":\"PRODUCT\",\"item\":\"https:\/\/darshion.com\/pt\/product\/\"},{\"@type\":\"ListItem\",\"position\":3,\"name\":\"G6 Wired Gaming RGB Mouse Ergonomic Mice Factory\"}]},{\"@type\":\"WebSite\",\"@id\":\"https:\/\/darshion.com\/#website\",\"url\":\"https:\/\/darshion.com\/\",\"name\":\"darshion\",\"description\":\"14 Years of Experience, Quality Assurance, Innovative Design\",\"publisher\":{\"@id\":\"https:\/\/darshion.com\/#organization\"},\"potentialAction\":[{\"@type\":\"SearchAction\",\"target\":{\"@type\":\"EntryPoint\",\"urlTemplate\":\"https:\/\/darshion.com\/?s={search_term_string}\"},\"query-input\":{\"@type\":\"PropertyValueSpecification\",\"valueRequired\":true,\"valueName\":\"search_term_string\"}}],\"inLanguage\":\"pt-BR\"},{\"@type\":\"Organization\",\"@id\":\"https:\/\/darshion.com\/#organization\",\"name\":\"darshion\",\"url\":\"https:\/\/darshion.com\/\",\"logo\":{\"@type\":\"ImageObject\",\"inLanguage\":\"pt-BR\",\"@id\":\"https:\/\/darshion.com\/#\/schema\/logo\/image\/\",\"url\":\"https:\/\/darshion.com\/wp-content\/uploads\/2023\/09\/01-1.png\",\"contentUrl\":\"https:\/\/darshion.com\/wp-content\/uploads\/2023\/09\/01-1.png\",\"width\":350,\"height\":100,\"caption\":\"darshion\"},\"image\":{\"@id\":\"https:\/\/darshion.com\/#\/schema\/logo\/image\/\"}}]}<\/script>\n<!-- \/ Yoast SEO Premium plugin. -->","yoast_head_json":{"title":"Mouse G6 para jogos com fio RGB Mouses ergon\u00f4micos Factory - darshion","robots":{"index":"index","follow":"follow","max-snippet":"max-snippet:-1","max-image-preview":"max-image-preview:large","max-video-preview":"max-video-preview:-1"},"canonical":"https:\/\/darshion.com\/pt\/produto\/g6-wired-gaming-rgb-mouse\/","og_locale":"pt_BR","og_type":"article","og_title":"G6 Wired Gaming RGB Mouse Ergonomic Mice Factory","og_description":"Type:Wired Interface Type:USB receiver &amp; Type C cable Number of Buttons:10 DPI:1200, 1600, 2000, 2400, 6400, 12800 Style:Gaming, Programmable, backlit  [Other attributes] Place of Origin:Guangdong, China Programmable:NO Tracking Method:Optical Number of Rollers:1 Products Status:Stock Application:Desktop, LAPTOP, pc Hand Orientation:Right Model Number:G6 Backlit:RGB Ergonomics:Yes Product Name:programmable gaming Mouse Feature:High DPI,wireless,programmable Material:ABS Plastic Logo:Accept Customized Logo Package:Customized Box Keywords:Desktop \u00a0Laptop Computer Warranty:12 Months MOQ:1000 Pcs Support system:Win07\/08\/10\/NT\/ME\/2000\/XP\/vista Mouse Type:Mouse Gaming","og_url":"https:\/\/darshion.com\/pt\/produto\/g6-wired-gaming-rgb-mouse\/","og_site_name":"darshion","article_modified_time":"2024-07-17T03:12:11+00:00","og_image":[{"width":800,"height":800,"url":"https:\/\/darshion.com\/wp-content\/uploads\/2024\/07\/Hb0f0af589d9a4cf6884fd78024e0e73di.jpg","type":"image\/jpeg"}],"twitter_card":"summary_large_image","twitter_misc":{"Est. tempo de leitura":"3 minutos"},"schema":{"@context":"https:\/\/schema.org","@graph":[{"@type":"WebPage","@id":"https:\/\/darshion.com\/product\/g6-wired-gaming-rgb-mouse\/","url":"https:\/\/darshion.com\/product\/g6-wired-gaming-rgb-mouse\/","name":"Mouse G6 para jogos com fio RGB Mouses ergon\u00f4micos Factory - darshion","isPartOf":{"@id":"https:\/\/darshion.com\/#website"},"primaryImageOfPage":{"@id":"https:\/\/darshion.com\/product\/g6-wired-gaming-rgb-mouse\/#primaryimage"},"image":{"@id":"https:\/\/darshion.com\/product\/g6-wired-gaming-rgb-mouse\/#primaryimage"},"thumbnailUrl":"https:\/\/darshion.com\/wp-content\/uploads\/2024\/07\/Hb0f0af589d9a4cf6884fd78024e0e73di.jpg","datePublished":"2024-07-16T09:23:05+00:00","dateModified":"2024-07-17T03:12:11+00:00","breadcrumb":{"@id":"https:\/\/darshion.com\/product\/g6-wired-gaming-rgb-mouse\/#breadcrumb"},"inLanguage":"pt-BR","potentialAction":[{"@type":"ReadAction","target":["https:\/\/darshion.com\/product\/g6-wired-gaming-rgb-mouse\/"]}]},{"@type":"ImageObject","inLanguage":"pt-BR","@id":"https:\/\/darshion.com\/product\/g6-wired-gaming-rgb-mouse\/#primaryimage","url":"https:\/\/darshion.com\/wp-content\/uploads\/2024\/07\/Hb0f0af589d9a4cf6884fd78024e0e73di.jpg","contentUrl":"https:\/\/darshion.com\/wp-content\/uploads\/2024\/07\/Hb0f0af589d9a4cf6884fd78024e0e73di.jpg","width":800,"height":800},{"@type":"BreadcrumbList","@id":"https:\/\/darshion.com\/product\/g6-wired-gaming-rgb-mouse\/#breadcrumb","itemListElement":[{"@type":"ListItem","position":1,"name":"\u9996\u9875","item":"https:\/\/darshion.com\/"},{"@type":"ListItem","position":2,"name":"PRODUCT","item":"https:\/\/darshion.com\/pt\/product\/"},{"@type":"ListItem","position":3,"name":"G6 Wired Gaming RGB Mouse Ergonomic Mice Factory"}]},{"@type":"WebSite","@id":"https:\/\/darshion.com\/#website","url":"https:\/\/darshion.com\/","name":"darshion","description":"14 anos de experi\u00eancia, garantia de qualidade, design inovador","publisher":{"@id":"https:\/\/darshion.com\/#organization"},"potentialAction":[{"@type":"SearchAction","target":{"@type":"EntryPoint","urlTemplate":"https:\/\/darshion.com\/?s={search_term_string}"},"query-input":{"@type":"PropertyValueSpecification","valueRequired":true,"valueName":"search_term_string"}}],"inLanguage":"pt-BR"},{"@type":"Organization","@id":"https:\/\/darshion.com\/#organization","name":"darshion","url":"https:\/\/darshion.com\/","logo":{"@type":"ImageObject","inLanguage":"pt-BR","@id":"https:\/\/darshion.com\/#\/schema\/logo\/image\/","url":"https:\/\/darshion.com\/wp-content\/uploads\/2023\/09\/01-1.png","contentUrl":"https:\/\/darshion.com\/wp-content\/uploads\/2023\/09\/01-1.png","width":350,"height":100,"caption":"darshion"},"image":{"@id":"https:\/\/darshion.com\/#\/schema\/logo\/image\/"}}]}},"_links":{"self":[{"href":"https:\/\/darshion.com\/pt\/wp-json\/wp\/v2\/product\/3433"}],"collection":[{"href":"https:\/\/darshion.com\/pt\/wp-json\/wp\/v2\/product"}],"about":[{"href":"https:\/\/darshion.com\/pt\/wp-json\/wp\/v2\/types\/product"}],"replies":[{"embeddable":true,"href":"https:\/\/darshion.com\/pt\/wp-json\/wp\/v2\/comments?post=3433"}],"wp:featuredmedia":[{"embeddable":true,"href":"https:\/\/darshion.com\/pt\/wp-json\/wp\/v2\/media\/3424"}],"wp:attachment":[{"href":"https:\/\/darshion.com\/pt\/wp-json\/wp\/v2\/media?parent=3433"}],"wp:term":[{"taxonomy":"product_cat","embeddable":true,"href":"https:\/\/darshion.com\/pt\/wp-json\/wp\/v2\/product_cat?post=3433"},{"taxonomy":"product_tag","embeddable":true,"href":"https:\/\/darshion.com\/pt\/wp-json\/wp\/v2\/product_tag?post=3433"}],"curies":[{"name":"wp","href":"https:\/\/api.w.org\/{rel}","templated":true}]}}