{"id":3478,"date":"2024-07-17T11:02:13","date_gmt":"2024-07-17T03:02:13","guid":{"rendered":"https:\/\/darshion.com\/product\/a904-programmable-honeycomb-wired-rgb-gaming-mouse-factory\/"},"modified":"2024-07-17T16:17:41","modified_gmt":"2024-07-17T08:17:41","slug":"a904-wired-gaming-mouse","status":"publish","type":"product","link":"https:\/\/darshion.com\/pt\/produto\/a904-wired-gaming-mouse\/","title":{"rendered":"Mouse para jogos RGB com fio A904 Programmable Honeycomb Factory"},"content":{"rendered":"<div id=\"detail_decorate_root\" data-magic-global=\"%7B%22bizId%22%3A2329368643%2C%22pageId%22%3A21442230035%2C%22siteId%22%3A10003129106%7D\">\n<div class=\"J_module\">\n<div class=\"detail-decorate-json-renderer-container\">\n<div class=\"magic-0\">\n<div class=\"magic-1\">\n<div class=\"magic-2\">\n<div class=\"magic-3\">Especifica\u00e7\u00e3o<\/div>\n<\/div>\n<\/div>\n<\/div>\n<\/div>\n<\/div>\n<div class=\"J_module\">\n<div class=\"detail-decorate-json-renderer-container\">\n<div class=\"magic-0\">\n<div class=\"magic-1\">\n<div class=\"magic-2\">\n<div class=\"magic-3\">\n<table class=\"spec-table\">\n<tbody>\n<tr>\n<td>Tamanho do item:<\/td>\n<td>12,5 * 6,5 * 3,8 cm (C * L * A)<\/td>\n<\/tr>\n<tr>\n<td>Peso da embalagem:<\/td>\n<td>129g<\/td>\n<\/tr>\n<tr>\n<td>Tamanho da embalagem:<\/td>\n<td>14 * 8,5 * 4,7 cm (C * L * A)<\/td>\n<\/tr>\n<tr>\n<td>Modelo do produto:<\/td>\n<td>MOUSE PROGRAM\u00c1VEL PARA JOGOS A904<\/td>\n<\/tr>\n<tr>\n<td>100% novo jogo do mouse<\/td>\n<td><\/td>\n<\/tr>\n<tr>\n<td>Mouse mec\u00e2nico de alta qualidade para jogos com macro defini\u00e7\u00e3o<\/td>\n<td><\/td>\n<\/tr>\n<tr>\n<td>Projeto de engenharia do corpo humano<\/td>\n<td><\/td>\n<\/tr>\n<tr>\n<td>6 teclas program\u00e1veis<\/td>\n<td><\/td>\n<\/tr>\n<tr>\n<td>Plug and play USB<\/td>\n<td><\/td>\n<\/tr>\n<tr>\n<td>Vida \u00fatil do interruptor:<\/td>\n<td>20 milh\u00f5es de ciclos<\/td>\n<\/tr>\n<tr>\n<td>Taxa de relat\u00f3rio:<\/td>\n<td>125 Hz<\/td>\n<\/tr>\n<tr>\n<td>Acelera\u00e7\u00e3o:<\/td>\n<td>12G<\/td>\n<\/tr>\n<tr>\n<td>DPI ajust\u00e1vel em 6 n\u00edveis, m\u00e1ximo.<\/td>\n<td>8000 DPI<\/td>\n<\/tr>\n<tr>\n<td>Efeito de luz:<\/td>\n<td>6 tipos de interruptor de modo de ilumina\u00e7\u00e3o RGB<\/td>\n<\/tr>\n<tr>\n<td>Classifica\u00e7\u00e3o de tens\u00e3o I corrente el\u00e9trica:<\/td>\n<td>DC 5V \/ 100mA<\/td>\n<\/tr>\n<tr>\n<td>N\u00famero de quadros:<\/td>\n<td>4000 quadros<\/td>\n<\/tr>\n<tr>\n<td>Velocidade m\u00e1xima de movimenta\u00e7\u00e3o:<\/td>\n<td>32 polegadas\/segundo<\/td>\n<\/tr>\n<tr>\n<td>Comprimento do cabo:<\/td>\n<td>150 cm<\/td>\n<\/tr>\n<tr>\n<td>Peso do item:<\/td>\n<td>99g<\/td>\n<\/tr>\n<tr>\n<td>Sistemas de suporte:<\/td>\n<td>Windows 2000 \/ XP \/ Win7 \/ Win8 \/ Win10 Vista 32bit IOS ou mais recente<\/td>\n<\/tr>\n<\/tbody>\n<\/table>\n<div>\n<h4>Lista de embalagem:<\/h4>\n<ul>\n<li>1 X mouse para jogos<\/li>\n<li>1 x manual do usu\u00e1rio<\/li>\n<\/ul>\n<\/div>\n<\/div>\n<\/div>\n<\/div>\n<\/div>\n<\/div>\n<\/div>\n<div class=\"J_module\">\n<div id=\"ali-anchor-AliMagic-r7tmxw\" class=\"magic-4\" data-section=\"AliMagic-r7tmxw\" data-section-title=\"Details Images\">Detalhes das imagens<\/div>\n<\/div>\n<div class=\"J_module\">\n<div class=\"icbu-pc-detailManyImage magic-6\">\n<div class=\"magic-7\"><img decoding=\"async\" class=\"wired gaming mouse factory\" title=\"f\u00e1brica de mouse para jogos com fio\" src=\"https:\/\/darshion.com\/wp-content\/uploads\/2024\/07\/He735964e191e4c87b399ffef0015eb0ba.jpg\" alt=\"wired gaming mouse factory\" \/><\/div>\n<div class=\"magic-7\"><img decoding=\"async\" class=\"wired gaming mouse factory\" title=\"f\u00e1brica de mouse para jogos com fio\" src=\"https:\/\/darshion.com\/wp-content\/uploads\/2024\/07\/H07bb9430b9d744c08563c71141eb46a2V.jpg\" alt=\"wired gaming mouse factory\" \/><\/div>\n<div class=\"magic-7\"><img decoding=\"async\" class=\"wired gaming mouse factory\" title=\"f\u00e1brica de mouse para jogos com fio\" src=\"https:\/\/darshion.com\/wp-content\/uploads\/2024\/07\/Hd73cf7ef37c44c4f842b49fcc1e72adbu.jpg\" alt=\"wired gaming mouse factory\" \/><\/div>\n<div class=\"magic-7\"><img decoding=\"async\" class=\"wired gaming mouse factory\" title=\"f\u00e1brica de mouse para jogos com fio\" src=\"https:\/\/darshion.com\/wp-content\/uploads\/2024\/07\/H722891b1afcd476b9daa5e37ea94c1d87.jpg\" alt=\"wired gaming mouse factory\" \/><\/div>\n<div class=\"magic-7\"><img decoding=\"async\" class=\"wired gaming mouse factory\" title=\"f\u00e1brica de mouse para jogos com fio\" src=\"https:\/\/darshion.com\/wp-content\/uploads\/2024\/07\/H9850d85ab57c477f9840519cd4f3f050f.jpg\" alt=\"wired gaming mouse factory\" \/><\/div>\n<div class=\"magic-7\"><img decoding=\"async\" class=\"wired gaming mouse factory\" title=\"f\u00e1brica de mouse para jogos com fio\" src=\"https:\/\/darshion.com\/wp-content\/uploads\/2024\/07\/H0381dbc3908d4eb481bcb210c0742b453.jpg\" alt=\"wired gaming mouse factory\" \/><\/div>\n<div class=\"magic-7\"><img decoding=\"async\" class=\"wired gaming mouse factory\" title=\"f\u00e1brica de mouse para jogos com fio\" src=\"https:\/\/darshion.com\/wp-content\/uploads\/2024\/07\/H5235853e0cbe435ebc3f80c930438ea5l.jpg\" alt=\"wired gaming mouse factory\" \/><\/div>\n<div class=\"magic-7\"><img decoding=\"async\" class=\"wired gaming mouse factory\" title=\"f\u00e1brica de mouse para jogos com fio\" src=\"https:\/\/darshion.com\/wp-content\/uploads\/2024\/07\/Hd893137589d14920bf733811732823f6U.jpg\" alt=\"wired gaming mouse factory\" \/><\/div>\n<\/div>\n<\/div>\n<div class=\"J_module\">\n<div id=\"ali-anchor-AliMagic-wgnz1l\" class=\"magic-9\" data-section=\"AliMagic-wgnz1l\" data-section-title=\"WHY CHOOSE US?\"><\/div>\n<\/div>\n<\/div>","protected":false},"excerpt":{"rendered":"<div>\n<p>[Industry-specific attributes]<br \/>\nType:2.4Ghz Wireless<br \/>\nDPI:12000<br \/>\nErgonomics:Yes<br \/>\nProgrammable:Yes<\/p>\n<p>[Other attributes]<br \/>\nHand Orientation:Right<br \/>\nTracking Method:Optical<br \/>\nStyle:Programmable<br \/>\nInterface Type:usb<br \/>\nPower Type:RECHARGEABLE<br \/>\nNumber of Rollers:1<br \/>\nNumber of Buttons:7<br \/>\nBacklit:&gt;7-RGB<br \/>\nProduct Name:programmable high dpi gaming mouse<br \/>\nColor:Black\/white<br \/>\nMouse Type:gaming mouse<br \/>\nMaterial:ABS<br \/>\nLogo:Accept Customized Logo<br \/>\nFeature:High Sensitivity<br \/>\nKeywords:Gaming Optical Mouse<br \/>\nApplication:LaptopdesktopPCGamingComputer<br \/>\nUsage:Gaming Mouse Optical<br \/>\nWeight:59G<\/p>\n<\/div>\n","protected":false},"featured_media":3471,"comment_status":"open","ping_status":"closed","template":"","meta":{"_monsterinsights_skip_tracking":false,"_monsterinsights_sitenote_active":false,"_monsterinsights_sitenote_note":"","_monsterinsights_sitenote_category":0},"product_cat":[542],"product_tag":[134,561],"yoast_head":"<!-- This site is optimized with the Yoast SEO Premium plugin v22.9 (Yoast SEO v24.0) - https:\/\/yoast.com\/wordpress\/plugins\/seo\/ -->\n<title>A904 Programmable Honeycomb Wired RGB Gaming Mouse Factory - darshion<\/title>\n<meta name=\"robots\" content=\"index, follow, max-snippet:-1, max-image-preview:large, max-video-preview:-1\" \/>\n<link rel=\"canonical\" href=\"https:\/\/darshion.com\/pt\/producto\/a904-wired-gaming-mouse\/\" \/>\n<meta property=\"og:locale\" content=\"pt_BR\" \/>\n<meta property=\"og:type\" content=\"article\" \/>\n<meta property=\"og:title\" content=\"A904 Programmable Honeycomb Wired RGB Gaming Mouse Factory\" \/>\n<meta property=\"og:description\" content=\"[Industry-specific attributes] Type:2.4Ghz Wireless DPI:12000 Ergonomics:Yes Programmable:Yes  [Other attributes] Hand Orientation:Right Tracking Method:Optical Style:Programmable Interface Type:usb Power Type:RECHARGEABLE Number of Rollers:1 Number of Buttons:7 Backlit:&gt;7-RGB Product Name:programmable high dpi gaming mouse Color:Black\/white Mouse Type:gaming mouse Material:ABS Logo:Accept Customized Logo Feature:High Sensitivity Keywords:Gaming Optical Mouse Application:LaptopdesktopPCGamingComputer Usage:Gaming Mouse Optical Weight:59G\" \/>\n<meta property=\"og:url\" content=\"https:\/\/darshion.com\/pt\/producto\/a904-wired-gaming-mouse\/\" \/>\n<meta property=\"og:site_name\" content=\"darshion\" \/>\n<meta property=\"article:modified_time\" content=\"2024-07-17T08:17:41+00:00\" \/>\n<meta property=\"og:image\" content=\"https:\/\/darshion.com\/wp-content\/uploads\/2024\/07\/H77628af43edd45f4807ac4a6b465f571q.jpg\" \/>\n\t<meta property=\"og:image:width\" content=\"800\" \/>\n\t<meta property=\"og:image:height\" content=\"800\" \/>\n\t<meta property=\"og:image:type\" content=\"image\/jpeg\" \/>\n<meta name=\"twitter:card\" content=\"summary_large_image\" \/>\n<meta name=\"twitter:label1\" content=\"Est. tempo de leitura\" \/>\n\t<meta name=\"twitter:data1\" content=\"3 minutos\" \/>\n<script type=\"application\/ld+json\" class=\"yoast-schema-graph\">{\"@context\":\"https:\/\/schema.org\",\"@graph\":[{\"@type\":\"WebPage\",\"@id\":\"https:\/\/darshion.com\/es\/producto\/a904-wired-gaming-mouse\/\",\"url\":\"https:\/\/darshion.com\/es\/producto\/a904-wired-gaming-mouse\/\",\"name\":\"A904 Programmable Honeycomb Wired RGB Gaming Mouse Factory - darshion\",\"isPartOf\":{\"@id\":\"https:\/\/darshion.com\/#website\"},\"primaryImageOfPage\":{\"@id\":\"https:\/\/darshion.com\/es\/producto\/a904-wired-gaming-mouse\/#primaryimage\"},\"image\":{\"@id\":\"https:\/\/darshion.com\/es\/producto\/a904-wired-gaming-mouse\/#primaryimage\"},\"thumbnailUrl\":\"https:\/\/darshion.com\/wp-content\/uploads\/2024\/07\/H77628af43edd45f4807ac4a6b465f571q.jpg\",\"datePublished\":\"2024-07-17T03:02:13+00:00\",\"dateModified\":\"2024-07-17T08:17:41+00:00\",\"breadcrumb\":{\"@id\":\"https:\/\/darshion.com\/es\/producto\/a904-wired-gaming-mouse\/#breadcrumb\"},\"inLanguage\":\"pt-BR\",\"potentialAction\":[{\"@type\":\"ReadAction\",\"target\":[\"https:\/\/darshion.com\/es\/producto\/a904-wired-gaming-mouse\/\"]}]},{\"@type\":\"ImageObject\",\"inLanguage\":\"pt-BR\",\"@id\":\"https:\/\/darshion.com\/es\/producto\/a904-wired-gaming-mouse\/#primaryimage\",\"url\":\"https:\/\/darshion.com\/wp-content\/uploads\/2024\/07\/H77628af43edd45f4807ac4a6b465f571q.jpg\",\"contentUrl\":\"https:\/\/darshion.com\/wp-content\/uploads\/2024\/07\/H77628af43edd45f4807ac4a6b465f571q.jpg\",\"width\":800,\"height\":800},{\"@type\":\"BreadcrumbList\",\"@id\":\"https:\/\/darshion.com\/es\/producto\/a904-wired-gaming-mouse\/#breadcrumb\",\"itemListElement\":[{\"@type\":\"ListItem\",\"position\":1,\"name\":\"\u9996\u9875\",\"item\":\"https:\/\/darshion.com\/\"},{\"@type\":\"ListItem\",\"position\":2,\"name\":\"PRODUCT\",\"item\":\"https:\/\/darshion.com\/pt\/product\/\"},{\"@type\":\"ListItem\",\"position\":3,\"name\":\"A904 Programmable Honeycomb Wired RGB Gaming Mouse Factory\"}]},{\"@type\":\"WebSite\",\"@id\":\"https:\/\/darshion.com\/#website\",\"url\":\"https:\/\/darshion.com\/\",\"name\":\"darshion\",\"description\":\"14 Years of Experience, Quality Assurance, Innovative Design\",\"publisher\":{\"@id\":\"https:\/\/darshion.com\/#organization\"},\"potentialAction\":[{\"@type\":\"SearchAction\",\"target\":{\"@type\":\"EntryPoint\",\"urlTemplate\":\"https:\/\/darshion.com\/?s={search_term_string}\"},\"query-input\":{\"@type\":\"PropertyValueSpecification\",\"valueRequired\":true,\"valueName\":\"search_term_string\"}}],\"inLanguage\":\"pt-BR\"},{\"@type\":\"Organization\",\"@id\":\"https:\/\/darshion.com\/#organization\",\"name\":\"darshion\",\"url\":\"https:\/\/darshion.com\/\",\"logo\":{\"@type\":\"ImageObject\",\"inLanguage\":\"pt-BR\",\"@id\":\"https:\/\/darshion.com\/#\/schema\/logo\/image\/\",\"url\":\"https:\/\/darshion.com\/wp-content\/uploads\/2023\/09\/01-1.png\",\"contentUrl\":\"https:\/\/darshion.com\/wp-content\/uploads\/2023\/09\/01-1.png\",\"width\":350,\"height\":100,\"caption\":\"darshion\"},\"image\":{\"@id\":\"https:\/\/darshion.com\/#\/schema\/logo\/image\/\"}}]}<\/script>\n<!-- \/ Yoast SEO Premium plugin. -->","yoast_head_json":{"title":"Mouse para jogos RGB com fio A904 Programmable Honeycomb Factory - darshion","robots":{"index":"index","follow":"follow","max-snippet":"max-snippet:-1","max-image-preview":"max-image-preview:large","max-video-preview":"max-video-preview:-1"},"canonical":"https:\/\/darshion.com\/pt\/producto\/a904-wired-gaming-mouse\/","og_locale":"pt_BR","og_type":"article","og_title":"A904 Programmable Honeycomb Wired RGB Gaming Mouse Factory","og_description":"[Industry-specific attributes] Type:2.4Ghz Wireless DPI:12000 Ergonomics:Yes Programmable:Yes  [Other attributes] Hand Orientation:Right Tracking Method:Optical Style:Programmable Interface Type:usb Power Type:RECHARGEABLE Number of Rollers:1 Number of Buttons:7 Backlit:&gt;7-RGB Product Name:programmable high dpi gaming mouse Color:Black\/white Mouse Type:gaming mouse Material:ABS Logo:Accept Customized Logo Feature:High Sensitivity Keywords:Gaming Optical Mouse Application:LaptopdesktopPCGamingComputer Usage:Gaming Mouse Optical Weight:59G","og_url":"https:\/\/darshion.com\/pt\/producto\/a904-wired-gaming-mouse\/","og_site_name":"darshion","article_modified_time":"2024-07-17T08:17:41+00:00","og_image":[{"width":800,"height":800,"url":"https:\/\/darshion.com\/wp-content\/uploads\/2024\/07\/H77628af43edd45f4807ac4a6b465f571q.jpg","type":"image\/jpeg"}],"twitter_card":"summary_large_image","twitter_misc":{"Est. tempo de leitura":"3 minutos"},"schema":{"@context":"https:\/\/schema.org","@graph":[{"@type":"WebPage","@id":"https:\/\/darshion.com\/es\/producto\/a904-wired-gaming-mouse\/","url":"https:\/\/darshion.com\/es\/producto\/a904-wired-gaming-mouse\/","name":"Mouse para jogos RGB com fio A904 Programmable Honeycomb Factory - darshion","isPartOf":{"@id":"https:\/\/darshion.com\/#website"},"primaryImageOfPage":{"@id":"https:\/\/darshion.com\/es\/producto\/a904-wired-gaming-mouse\/#primaryimage"},"image":{"@id":"https:\/\/darshion.com\/es\/producto\/a904-wired-gaming-mouse\/#primaryimage"},"thumbnailUrl":"https:\/\/darshion.com\/wp-content\/uploads\/2024\/07\/H77628af43edd45f4807ac4a6b465f571q.jpg","datePublished":"2024-07-17T03:02:13+00:00","dateModified":"2024-07-17T08:17:41+00:00","breadcrumb":{"@id":"https:\/\/darshion.com\/es\/producto\/a904-wired-gaming-mouse\/#breadcrumb"},"inLanguage":"pt-BR","potentialAction":[{"@type":"ReadAction","target":["https:\/\/darshion.com\/es\/producto\/a904-wired-gaming-mouse\/"]}]},{"@type":"ImageObject","inLanguage":"pt-BR","@id":"https:\/\/darshion.com\/es\/producto\/a904-wired-gaming-mouse\/#primaryimage","url":"https:\/\/darshion.com\/wp-content\/uploads\/2024\/07\/H77628af43edd45f4807ac4a6b465f571q.jpg","contentUrl":"https:\/\/darshion.com\/wp-content\/uploads\/2024\/07\/H77628af43edd45f4807ac4a6b465f571q.jpg","width":800,"height":800},{"@type":"BreadcrumbList","@id":"https:\/\/darshion.com\/es\/producto\/a904-wired-gaming-mouse\/#breadcrumb","itemListElement":[{"@type":"ListItem","position":1,"name":"\u9996\u9875","item":"https:\/\/darshion.com\/"},{"@type":"ListItem","position":2,"name":"PRODUCT","item":"https:\/\/darshion.com\/pt\/product\/"},{"@type":"ListItem","position":3,"name":"A904 Programmable Honeycomb Wired RGB Gaming Mouse Factory"}]},{"@type":"WebSite","@id":"https:\/\/darshion.com\/#website","url":"https:\/\/darshion.com\/","name":"darshion","description":"14 anos de experi\u00eancia, garantia de qualidade, design inovador","publisher":{"@id":"https:\/\/darshion.com\/#organization"},"potentialAction":[{"@type":"SearchAction","target":{"@type":"EntryPoint","urlTemplate":"https:\/\/darshion.com\/?s={search_term_string}"},"query-input":{"@type":"PropertyValueSpecification","valueRequired":true,"valueName":"search_term_string"}}],"inLanguage":"pt-BR"},{"@type":"Organization","@id":"https:\/\/darshion.com\/#organization","name":"darshion","url":"https:\/\/darshion.com\/","logo":{"@type":"ImageObject","inLanguage":"pt-BR","@id":"https:\/\/darshion.com\/#\/schema\/logo\/image\/","url":"https:\/\/darshion.com\/wp-content\/uploads\/2023\/09\/01-1.png","contentUrl":"https:\/\/darshion.com\/wp-content\/uploads\/2023\/09\/01-1.png","width":350,"height":100,"caption":"darshion"},"image":{"@id":"https:\/\/darshion.com\/#\/schema\/logo\/image\/"}}]}},"_links":{"self":[{"href":"https:\/\/darshion.com\/pt\/wp-json\/wp\/v2\/product\/3478"}],"collection":[{"href":"https:\/\/darshion.com\/pt\/wp-json\/wp\/v2\/product"}],"about":[{"href":"https:\/\/darshion.com\/pt\/wp-json\/wp\/v2\/types\/product"}],"replies":[{"embeddable":true,"href":"https:\/\/darshion.com\/pt\/wp-json\/wp\/v2\/comments?post=3478"}],"wp:featuredmedia":[{"embeddable":true,"href":"https:\/\/darshion.com\/pt\/wp-json\/wp\/v2\/media\/3471"}],"wp:attachment":[{"href":"https:\/\/darshion.com\/pt\/wp-json\/wp\/v2\/media?parent=3478"}],"wp:term":[{"taxonomy":"product_cat","embeddable":true,"href":"https:\/\/darshion.com\/pt\/wp-json\/wp\/v2\/product_cat?post=3478"},{"taxonomy":"product_tag","embeddable":true,"href":"https:\/\/darshion.com\/pt\/wp-json\/wp\/v2\/product_tag?post=3478"}],"curies":[{"name":"wp","href":"https:\/\/api.w.org\/{rel}","templated":true}]}}