{"id":3595,"date":"2024-07-18T11:02:47","date_gmt":"2024-07-18T03:02:47","guid":{"rendered":"https:\/\/darshion.com\/product\/gm303-mute-rgb-dual-mode-wireless-gaming-mouse-suppliers\/"},"modified":"2024-07-18T18:09:33","modified_gmt":"2024-07-18T10:09:33","slug":"gm303-wireless-gaming-mouse-suppliers","status":"publish","type":"product","link":"https:\/\/darshion.com\/pt\/produto\/gm303-wireless-gaming-mouse-suppliers\/","title":{"rendered":"Mouse para jogos sem fio GM303 Mute RGB Dual-mode Fornecedores"},"content":{"rendered":"<div id=\"detail_decorate_root\" data-magic-global=\"%7B%22bizId%22%3A2329368643%2C%22pageId%22%3A21393781363%2C%22siteId%22%3A10003129106%7D\">\n<div class=\"J_module\">\n<div class=\"detail-decorate-json-renderer-container\">\n<div class=\"magic-0\">\n<div class=\"magic-1\">\n<div class=\"magic-2\">\n<div class=\"magic-3\">Especifica\u00e7\u00e3o<\/div>\n<\/div>\n<\/div>\n<\/div>\n<\/div>\n<\/div>\n<div class=\"J_module\">\n<div class=\"detail-decorate-json-renderer-container\">\n<div class=\"magic-0\">\n<div class=\"magic-1\">\n<div class=\"magic-2\">\n<div class=\"magic-3\"><span style=\"color: #000000;\"><strong class=\"magic-13\">Par\u00e2metros do produto:<\/strong><\/span>IC: PixArt 3212<br \/>\nModo de funcionamento: 2.4G+BT5.1<br \/>\nTaxa de retorno: 125HZ<br \/>\nVelocidade de movimenta\u00e7\u00e3o: 30 polegadas\/s<br \/>\nTaxa de atualiza\u00e7\u00e3o: 4800 quadros\/segundo<br \/>\nAcelera\u00e7\u00e3o: 10G<br \/>\nN\u00famero de chaves: 6 teclas (design mudo)<br \/>\nVida \u00fatil do interruptor: 10 milh\u00f5es de vezes<br \/>\nMaterial do produto: Material ABS + rolo de metal<br \/>\nTens\u00e3o\/corrente: 5V\/500mA<br \/>\nCapacidade da bateria: 700mAH<br \/>\nFaixa de trabalho: 10m<br \/>\nComprimento da linha de carregamento: 80 cm (linha de carregamento tipo C)<br \/>\nDPI: 800\/1200\/1600\/2400 ajust\u00e1vel<br \/>\nModo de luz correspondente ao DPI: vermelho (800)\/verde (1200)\/azul (1600)\/roxo (2400)<br \/>\nModo de luz: Interruptor de 14 modos de luz<br \/>\nTamanho do produto: 10\u00d76,5\u00d73,4 cm<br \/>\nPeso do produto: 72g<br \/>\nTamanho da embalagem: 14\u00d78,7\u00d74,6 cm<br \/>\nPeso da embalagem: 143g<strong>O pacote inclui:<\/strong>1 x mouse sem fio (2.4G+BT5.1)<br \/>\n1 x Receptor USB<br \/>\n1 x cabo de carregamento (80 cm tipo C)<br \/>\n1 x Instru\u00e7\u00f5es em ingl\u00eas<\/p>\n<p><strong>Sistema adequado:<\/strong><\/p>\n<p>A vers\u00e3o USB 2.4G \u00e9 compat\u00edvel com Windows \/ Mac, a vers\u00e3o Bluetooth \u00e9 compat\u00edvel com Windows \/ Mac \/ iOS \/ Android.<\/p>\n<div>\n<p><strong>\u3010Customiz\u00e1vel\u3011<\/strong><\/p>\n<ul>\n<li>Cores<\/li>\n<li>Com fio\/sem fio\/2.4G\/Bluetooth Triplo modo\/M\u00faltiplos canais<\/li>\n<li>Solu\u00e7\u00f5es internas: Yichip \/ NORDIC \/ BEKEN \/ MOSART \/ TELINK<\/li>\n<li>Logotipo e embalagem<\/li>\n<\/ul>\n<\/div>\n<\/div>\n<\/div>\n<\/div>\n<\/div>\n<\/div>\n<\/div>\n<div class=\"J_module\">\n<div id=\"ali-anchor-AliMagic-ddw2ss\" class=\"magic-11\" data-section=\"AliMagic-ddw2ss\" data-section-title=\"Details Images\">Detalhes das imagens<\/div>\n<\/div>\n<div class=\"J_module\">\n<div class=\"icbu-pc-detailManyImage magic-14\">\n<div class=\"magic-15\"><img decoding=\"async\" class=\"Wireless Gaming Mouse Suppliers\" title=\"Fornecedores de mouses para jogos sem fio\" src=\"https:\/\/darshion.com\/wp-content\/uploads\/2024\/07\/H21e535538ca846c186eddfccec718670d.jpg\" alt=\"Wireless Gaming Mouse Suppliers\" \/><\/div>\n<div class=\"magic-15\"><img decoding=\"async\" class=\"Wireless Gaming Mouse Suppliers\" title=\"Fornecedores de mouses para jogos sem fio\" src=\"https:\/\/darshion.com\/wp-content\/uploads\/2024\/07\/H06c007ed16ad46a58a95496deefb41e6U.jpg\" alt=\"Wireless Gaming Mouse Suppliers\" \/><\/div>\n<div class=\"magic-15\"><img decoding=\"async\" class=\"Wireless Gaming Mouse Suppliers\" title=\"Fornecedores de mouses para jogos sem fio\" src=\"https:\/\/darshion.com\/wp-content\/uploads\/2024\/07\/H4371564eb13b43918bc1fa817ae6eee4f.jpg\" alt=\"Wireless Gaming Mouse Suppliers\" \/><\/div>\n<div class=\"magic-15\"><img decoding=\"async\" class=\"Wireless Gaming Mouse Suppliers\" title=\"Fornecedores de mouses para jogos sem fio\" src=\"https:\/\/darshion.com\/wp-content\/uploads\/2024\/07\/H9d5d91ad3e2446e7887017279b8310a7c.jpg\" alt=\"Wireless Gaming Mouse Suppliers\" \/><\/div>\n<div class=\"magic-15\"><img decoding=\"async\" class=\"Wireless Gaming Mouse Suppliers\" title=\"Fornecedores de mouses para jogos sem fio\" src=\"https:\/\/darshion.com\/wp-content\/uploads\/2024\/07\/Hf75b062fd8b0417cad647957a9f9134es.jpg\" alt=\"Wireless Gaming Mouse Suppliers\" \/><\/div>\n<div class=\"magic-15\"><img decoding=\"async\" class=\"Wireless Gaming Mouse Suppliers\" title=\"Fornecedores de mouses para jogos sem fio\" src=\"https:\/\/darshion.com\/wp-content\/uploads\/2024\/07\/H42b0a8b26c154c7091a3844c9585ea3bz.jpg\" alt=\"Wireless Gaming Mouse Suppliers\" \/><\/div>\n<div class=\"magic-15\"><img decoding=\"async\" class=\"Wireless Gaming Mouse Suppliers\" title=\"Fornecedores de mouses para jogos sem fio\" src=\"https:\/\/darshion.com\/wp-content\/uploads\/2024\/07\/Hbca21785a673434680343dd82692f9fe5.jpg\" alt=\"Wireless Gaming Mouse Suppliers\" \/><\/div>\n<\/div>\n<\/div>\n<\/div>","protected":false},"excerpt":{"rendered":"<div>\n<p>[Industry-specific attributes]<br \/>\nType:IR Wireless<br \/>\nDPI:2400<br \/>\nErgonomics:Yes<\/p>\n<p>[Other attributes]<br \/>\nHand Orientation:Right<br \/>\nTracking Method:Optical<br \/>\nStyle:Gaming<br \/>\nInterface Type:usb<br \/>\nPower Type:RECHARGEABLE<br \/>\nNumber of Rollers:1<br \/>\nNumber of Buttons:6<br \/>\nBacklit:7-RGB<br \/>\nProduct Name:wireless gaming Mouse<br \/>\nFeature:High DPI,wireless bluetooth,rechargeable<br \/>\nMaterial:ABS Plastic<br \/>\nLogo:Accept Customized Logo<br \/>\nPackage:Customized Box<br \/>\nKeywords:Desktop \u00a0Laptop Computer<br \/>\nWarranty:12 Months<br \/>\nMOQ:1 Pcs<br \/>\nSupport system:Win07\/08\/10\/NT\/ME\/2000\/XP\/vista<br \/>\nMouse Type:Mouse Gaming<\/p>\n<\/div>\n","protected":false},"featured_media":3586,"comment_status":"open","ping_status":"closed","template":"","meta":{"_monsterinsights_skip_tracking":false,"_monsterinsights_sitenote_active":false,"_monsterinsights_sitenote_note":"","_monsterinsights_sitenote_category":0},"product_cat":[541],"product_tag":[558],"yoast_head":"<!-- This site is optimized with the Yoast SEO Premium plugin v22.9 (Yoast SEO v24.0) - https:\/\/yoast.com\/wordpress\/plugins\/seo\/ -->\n<title>GM303 Mute RGB Dual-mode Wireless Gaming Mouse Suppliers - darshion<\/title>\n<meta name=\"robots\" content=\"index, follow, max-snippet:-1, max-image-preview:large, max-video-preview:-1\" \/>\n<link rel=\"canonical\" href=\"https:\/\/darshion.com\/pt\/produit\/gm303-wireless-gaming-mouse-suppliers\/\" \/>\n<meta property=\"og:locale\" content=\"pt_BR\" \/>\n<meta property=\"og:type\" content=\"article\" \/>\n<meta property=\"og:title\" content=\"GM303 Mute RGB Dual-mode Wireless Gaming Mouse Suppliers\" \/>\n<meta property=\"og:description\" content=\"[Industry-specific attributes] Type:IR Wireless DPI:2400 Ergonomics:Yes  [Other attributes] Hand Orientation:Right Tracking Method:Optical Style:Gaming Interface Type:usb Power Type:RECHARGEABLE Number of Rollers:1 Number of Buttons:6 Backlit:7-RGB Product Name:wireless gaming Mouse Feature:High DPI,wireless bluetooth,rechargeable Material:ABS Plastic Logo:Accept Customized Logo Package:Customized Box Keywords:Desktop \u00a0Laptop Computer Warranty:12 Months MOQ:1 Pcs Support system:Win07\/08\/10\/NT\/ME\/2000\/XP\/vista Mouse Type:Mouse Gaming\" \/>\n<meta property=\"og:url\" content=\"https:\/\/darshion.com\/pt\/produit\/gm303-wireless-gaming-mouse-suppliers\/\" \/>\n<meta property=\"og:site_name\" content=\"darshion\" \/>\n<meta property=\"article:modified_time\" content=\"2024-07-18T10:09:33+00:00\" \/>\n<meta property=\"og:image\" content=\"https:\/\/darshion.com\/wp-content\/uploads\/2024\/07\/Hab83464a23914ec09655ff520126d98cO.jpg\" \/>\n\t<meta property=\"og:image:width\" content=\"1000\" \/>\n\t<meta property=\"og:image:height\" content=\"1000\" \/>\n\t<meta property=\"og:image:type\" content=\"image\/jpeg\" \/>\n<meta name=\"twitter:card\" content=\"summary_large_image\" \/>\n<meta name=\"twitter:label1\" content=\"Est. tempo de leitura\" \/>\n\t<meta name=\"twitter:data1\" content=\"3 minutos\" \/>\n<script type=\"application\/ld+json\" class=\"yoast-schema-graph\">{\"@context\":\"https:\/\/schema.org\",\"@graph\":[{\"@type\":\"WebPage\",\"@id\":\"https:\/\/darshion.com\/fr\/produit\/gm303-wireless-gaming-mouse-suppliers\/\",\"url\":\"https:\/\/darshion.com\/fr\/produit\/gm303-wireless-gaming-mouse-suppliers\/\",\"name\":\"GM303 Mute RGB Dual-mode Wireless Gaming Mouse Suppliers - darshion\",\"isPartOf\":{\"@id\":\"https:\/\/darshion.com\/#website\"},\"primaryImageOfPage\":{\"@id\":\"https:\/\/darshion.com\/fr\/produit\/gm303-wireless-gaming-mouse-suppliers\/#primaryimage\"},\"image\":{\"@id\":\"https:\/\/darshion.com\/fr\/produit\/gm303-wireless-gaming-mouse-suppliers\/#primaryimage\"},\"thumbnailUrl\":\"https:\/\/darshion.com\/wp-content\/uploads\/2024\/07\/Hab83464a23914ec09655ff520126d98cO.jpg\",\"datePublished\":\"2024-07-18T03:02:47+00:00\",\"dateModified\":\"2024-07-18T10:09:33+00:00\",\"breadcrumb\":{\"@id\":\"https:\/\/darshion.com\/fr\/produit\/gm303-wireless-gaming-mouse-suppliers\/#breadcrumb\"},\"inLanguage\":\"pt-BR\",\"potentialAction\":[{\"@type\":\"ReadAction\",\"target\":[\"https:\/\/darshion.com\/fr\/produit\/gm303-wireless-gaming-mouse-suppliers\/\"]}]},{\"@type\":\"ImageObject\",\"inLanguage\":\"pt-BR\",\"@id\":\"https:\/\/darshion.com\/fr\/produit\/gm303-wireless-gaming-mouse-suppliers\/#primaryimage\",\"url\":\"https:\/\/darshion.com\/wp-content\/uploads\/2024\/07\/Hab83464a23914ec09655ff520126d98cO.jpg\",\"contentUrl\":\"https:\/\/darshion.com\/wp-content\/uploads\/2024\/07\/Hab83464a23914ec09655ff520126d98cO.jpg\",\"width\":1000,\"height\":1000},{\"@type\":\"BreadcrumbList\",\"@id\":\"https:\/\/darshion.com\/fr\/produit\/gm303-wireless-gaming-mouse-suppliers\/#breadcrumb\",\"itemListElement\":[{\"@type\":\"ListItem\",\"position\":1,\"name\":\"\u9996\u9875\",\"item\":\"https:\/\/darshion.com\/\"},{\"@type\":\"ListItem\",\"position\":2,\"name\":\"PRODUCT\",\"item\":\"https:\/\/darshion.com\/pt\/product\/\"},{\"@type\":\"ListItem\",\"position\":3,\"name\":\"GM303 Mute RGB Dual-mode Wireless Gaming Mouse Suppliers\"}]},{\"@type\":\"WebSite\",\"@id\":\"https:\/\/darshion.com\/#website\",\"url\":\"https:\/\/darshion.com\/\",\"name\":\"darshion\",\"description\":\"14 Years of Experience, Quality Assurance, Innovative Design\",\"publisher\":{\"@id\":\"https:\/\/darshion.com\/#organization\"},\"potentialAction\":[{\"@type\":\"SearchAction\",\"target\":{\"@type\":\"EntryPoint\",\"urlTemplate\":\"https:\/\/darshion.com\/?s={search_term_string}\"},\"query-input\":{\"@type\":\"PropertyValueSpecification\",\"valueRequired\":true,\"valueName\":\"search_term_string\"}}],\"inLanguage\":\"pt-BR\"},{\"@type\":\"Organization\",\"@id\":\"https:\/\/darshion.com\/#organization\",\"name\":\"darshion\",\"url\":\"https:\/\/darshion.com\/\",\"logo\":{\"@type\":\"ImageObject\",\"inLanguage\":\"pt-BR\",\"@id\":\"https:\/\/darshion.com\/#\/schema\/logo\/image\/\",\"url\":\"https:\/\/darshion.com\/wp-content\/uploads\/2023\/09\/01-1.png\",\"contentUrl\":\"https:\/\/darshion.com\/wp-content\/uploads\/2023\/09\/01-1.png\",\"width\":350,\"height\":100,\"caption\":\"darshion\"},\"image\":{\"@id\":\"https:\/\/darshion.com\/#\/schema\/logo\/image\/\"}}]}<\/script>\n<!-- \/ Yoast SEO Premium plugin. -->","yoast_head_json":{"title":"Mouse para jogos sem fio GM303 Mute RGB Dual-mode Fornecedores - darshion","robots":{"index":"index","follow":"follow","max-snippet":"max-snippet:-1","max-image-preview":"max-image-preview:large","max-video-preview":"max-video-preview:-1"},"canonical":"https:\/\/darshion.com\/pt\/produit\/gm303-wireless-gaming-mouse-suppliers\/","og_locale":"pt_BR","og_type":"article","og_title":"GM303 Mute RGB Dual-mode Wireless Gaming Mouse Suppliers","og_description":"[Industry-specific attributes] Type:IR Wireless DPI:2400 Ergonomics:Yes  [Other attributes] Hand Orientation:Right Tracking Method:Optical Style:Gaming Interface Type:usb Power Type:RECHARGEABLE Number of Rollers:1 Number of Buttons:6 Backlit:7-RGB Product Name:wireless gaming Mouse Feature:High DPI,wireless bluetooth,rechargeable Material:ABS Plastic Logo:Accept Customized Logo Package:Customized Box Keywords:Desktop \u00a0Laptop Computer Warranty:12 Months MOQ:1 Pcs Support system:Win07\/08\/10\/NT\/ME\/2000\/XP\/vista Mouse Type:Mouse Gaming","og_url":"https:\/\/darshion.com\/pt\/produit\/gm303-wireless-gaming-mouse-suppliers\/","og_site_name":"darshion","article_modified_time":"2024-07-18T10:09:33+00:00","og_image":[{"width":1000,"height":1000,"url":"https:\/\/darshion.com\/wp-content\/uploads\/2024\/07\/Hab83464a23914ec09655ff520126d98cO.jpg","type":"image\/jpeg"}],"twitter_card":"summary_large_image","twitter_misc":{"Est. tempo de leitura":"3 minutos"},"schema":{"@context":"https:\/\/schema.org","@graph":[{"@type":"WebPage","@id":"https:\/\/darshion.com\/fr\/produit\/gm303-wireless-gaming-mouse-suppliers\/","url":"https:\/\/darshion.com\/fr\/produit\/gm303-wireless-gaming-mouse-suppliers\/","name":"Mouse para jogos sem fio GM303 Mute RGB Dual-mode Fornecedores - darshion","isPartOf":{"@id":"https:\/\/darshion.com\/#website"},"primaryImageOfPage":{"@id":"https:\/\/darshion.com\/fr\/produit\/gm303-wireless-gaming-mouse-suppliers\/#primaryimage"},"image":{"@id":"https:\/\/darshion.com\/fr\/produit\/gm303-wireless-gaming-mouse-suppliers\/#primaryimage"},"thumbnailUrl":"https:\/\/darshion.com\/wp-content\/uploads\/2024\/07\/Hab83464a23914ec09655ff520126d98cO.jpg","datePublished":"2024-07-18T03:02:47+00:00","dateModified":"2024-07-18T10:09:33+00:00","breadcrumb":{"@id":"https:\/\/darshion.com\/fr\/produit\/gm303-wireless-gaming-mouse-suppliers\/#breadcrumb"},"inLanguage":"pt-BR","potentialAction":[{"@type":"ReadAction","target":["https:\/\/darshion.com\/fr\/produit\/gm303-wireless-gaming-mouse-suppliers\/"]}]},{"@type":"ImageObject","inLanguage":"pt-BR","@id":"https:\/\/darshion.com\/fr\/produit\/gm303-wireless-gaming-mouse-suppliers\/#primaryimage","url":"https:\/\/darshion.com\/wp-content\/uploads\/2024\/07\/Hab83464a23914ec09655ff520126d98cO.jpg","contentUrl":"https:\/\/darshion.com\/wp-content\/uploads\/2024\/07\/Hab83464a23914ec09655ff520126d98cO.jpg","width":1000,"height":1000},{"@type":"BreadcrumbList","@id":"https:\/\/darshion.com\/fr\/produit\/gm303-wireless-gaming-mouse-suppliers\/#breadcrumb","itemListElement":[{"@type":"ListItem","position":1,"name":"\u9996\u9875","item":"https:\/\/darshion.com\/"},{"@type":"ListItem","position":2,"name":"PRODUCT","item":"https:\/\/darshion.com\/pt\/product\/"},{"@type":"ListItem","position":3,"name":"GM303 Mute RGB Dual-mode Wireless Gaming Mouse Suppliers"}]},{"@type":"WebSite","@id":"https:\/\/darshion.com\/#website","url":"https:\/\/darshion.com\/","name":"darshion","description":"14 anos de experi\u00eancia, garantia de qualidade, design inovador","publisher":{"@id":"https:\/\/darshion.com\/#organization"},"potentialAction":[{"@type":"SearchAction","target":{"@type":"EntryPoint","urlTemplate":"https:\/\/darshion.com\/?s={search_term_string}"},"query-input":{"@type":"PropertyValueSpecification","valueRequired":true,"valueName":"search_term_string"}}],"inLanguage":"pt-BR"},{"@type":"Organization","@id":"https:\/\/darshion.com\/#organization","name":"darshion","url":"https:\/\/darshion.com\/","logo":{"@type":"ImageObject","inLanguage":"pt-BR","@id":"https:\/\/darshion.com\/#\/schema\/logo\/image\/","url":"https:\/\/darshion.com\/wp-content\/uploads\/2023\/09\/01-1.png","contentUrl":"https:\/\/darshion.com\/wp-content\/uploads\/2023\/09\/01-1.png","width":350,"height":100,"caption":"darshion"},"image":{"@id":"https:\/\/darshion.com\/#\/schema\/logo\/image\/"}}]}},"_links":{"self":[{"href":"https:\/\/darshion.com\/pt\/wp-json\/wp\/v2\/product\/3595"}],"collection":[{"href":"https:\/\/darshion.com\/pt\/wp-json\/wp\/v2\/product"}],"about":[{"href":"https:\/\/darshion.com\/pt\/wp-json\/wp\/v2\/types\/product"}],"replies":[{"embeddable":true,"href":"https:\/\/darshion.com\/pt\/wp-json\/wp\/v2\/comments?post=3595"}],"wp:featuredmedia":[{"embeddable":true,"href":"https:\/\/darshion.com\/pt\/wp-json\/wp\/v2\/media\/3586"}],"wp:attachment":[{"href":"https:\/\/darshion.com\/pt\/wp-json\/wp\/v2\/media?parent=3595"}],"wp:term":[{"taxonomy":"product_cat","embeddable":true,"href":"https:\/\/darshion.com\/pt\/wp-json\/wp\/v2\/product_cat?post=3595"},{"taxonomy":"product_tag","embeddable":true,"href":"https:\/\/darshion.com\/pt\/wp-json\/wp\/v2\/product_tag?post=3595"}],"curies":[{"name":"wp","href":"https:\/\/api.w.org\/{rel}","templated":true}]}}