{"id":4076,"date":"2024-07-31T11:01:38","date_gmt":"2024-07-31T03:01:38","guid":{"rendered":"https:\/\/darshion.com\/product\/cx23-61-keys-wired-gaming-mechanical-keyboard-factory\/"},"modified":"2024-07-31T11:18:06","modified_gmt":"2024-07-31T03:18:06","slug":"cx23-wired-gaming-mechanical-keyboard-factory","status":"publish","type":"product","link":"https:\/\/darshion.com\/pt\/produto\/cx23-wired-gaming-mechanical-keyboard-factory\/","title":{"rendered":"F\u00e1brica do teclado mec\u00e2nico para jogos com fio CX23 61 teclas"},"content":{"rendered":"<div id=\"detail_decorate_root\" data-magic-global=\"%7B%22bizId%22%3A2329368643%2C%22pageId%22%3A21313193765%2C%22siteId%22%3A10003129106%7D\">\n<div class=\"J_module\">\n<div class=\"detail-decorate-json-renderer-container\">\n<div class=\"magic-0\">\n<div class=\"magic-1\">\n<div class=\"magic-2\">\n<div class=\"magic-3\">Descri\u00e7\u00e3o dos produtos<\/div>\n<\/div>\n<\/div>\n<\/div>\n<\/div>\n<\/div>\n<div class=\"J_module\">\n<div class=\"detail-decorate-json-renderer-container\">\n<div class=\"magic-0\">\n<div class=\"magic-1\">\n<div class=\"magic-2\">\n<div class=\"magic-3\">\u3010Teclado cl\u00e1ssico 60%: 61 teclas com design compacto\u3011<br \/>\nO layout ultracompacto com 61 teclas \u00e9 um teclado de tamanho perfeito, e o cabo USB-C destac\u00e1vel torna-o mais conveniente para transportar\u3010Troca mec\u00e2nica azul\u3011<br \/>\nPara digita\u00e7\u00e3o e jogos, os switches azuis oferecem comandos de tecla precisos e responsivos; proporcionam um som de \"clique\" satisfat\u00f3rio e resist\u00eancia t\u00e1til a cada pressionamento de tecla<\/p>\n<p>\u3010Luz de fundo LED Rainbow\u3011<br \/>\n8 efeitos de luz de fundo monocrom\u00e1tica d\u00e3o a este pequeno teclado para jogos um efeito visual vibrante e espl\u00eandido.<\/p>\n<p>\u3010Cabo tipo C remov\u00edvel\u3011<br \/>\nA conex\u00e3o USB tipo C tamb\u00e9m proporciona uma transmiss\u00e3o mais est\u00e1vel, design de separa\u00e7\u00e3o de cabo principal, conveniente para armazenamento.<\/p>\n<p>\u3010Customiz\u00e1vel\u3011<br \/>\n- Cores das teclas<br \/>\n- Com fio\/sem fio\/2.4G\/Bluetooth Triplo modo\/M\u00faltiplos canais<br \/>\n- At\u00e9 24 efeitos de ilumina\u00e7\u00e3o de fundo Real RGB predefinidos<br \/>\n- Material das teclas: ABS\/PBT<br \/>\n- Interruptores mec\u00e2nicos: Interruptor vermelho\/interruptor azul\/interruptor marrom etc.<br \/>\n- Solu\u00e7\u00f5es internas: Yichip\/NORDIC\/BEKEN\/MOSART\/TELINK\/<br \/>\n- Layout: EUA\/Reino Unido\/Coreia do Sul\/Espanha\/Brasil\/R\u00fassia etc.<br \/>\n- Material da placa de circuito impresso: ABS\/alum\u00ednio premium\/ferro de eletroforese premium<br \/>\n- LOGOTIPO e embalagem<\/p>\n<\/div>\n<\/div>\n<\/div>\n<\/div>\n<\/div>\n<\/div>\n<div class=\"J_module\">\n<div id=\"ali-anchor-AliMagic-ig5qre\" class=\"magic-7\" data-section=\"AliMagic-ig5qre\" data-section-title=\"Details Images\">Detalhes das imagens<\/div>\n<\/div>\n<div class=\"J_module\">\n<div class=\"icbu-pc-detailManyImage magic-9\">\n<div class=\"magic-10\"><\/div>\n<div class=\"magic-10\"><img decoding=\"async\" class=\"Gaming Mechanical Keyboard Factory\" title=\"F\u00e1brica de teclados mec\u00e2nicos para jogos\" src=\"https:\/\/darshion.com\/wp-content\/uploads\/2024\/07\/Hd4bfed7ca7684943b9330afc2d8cffd8X-1.jpg\" alt=\"Gaming Mechanical Keyboard Factory\" \/><\/div>\n<div class=\"magic-10\"><img decoding=\"async\" class=\"Gaming Mechanical Keyboard Factory\" title=\"F\u00e1brica de teclados mec\u00e2nicos para jogos\" src=\"https:\/\/darshion.com\/wp-content\/uploads\/2024\/07\/H4471463e505740ca8ce0094b249b50b1Z-1.jpg\" alt=\"Gaming Mechanical Keyboard Factory\" \/><\/div>\n<div class=\"magic-10\"><img decoding=\"async\" class=\"Gaming Mechanical Keyboard Factory\" title=\"F\u00e1brica de teclados mec\u00e2nicos para jogos\" src=\"https:\/\/darshion.com\/wp-content\/uploads\/2024\/07\/H9c036046699b45068554224923e026de2-1.jpg\" alt=\"Gaming Mechanical Keyboard Factory\" \/><\/div>\n<div class=\"magic-10\"><img decoding=\"async\" class=\"Gaming Mechanical Keyboard Factory\" title=\"F\u00e1brica de teclados mec\u00e2nicos para jogos\" src=\"https:\/\/darshion.com\/wp-content\/uploads\/2024\/07\/H53ceb7baddcd4e5686d08a4fa546cdae7-1.jpg\" alt=\"Gaming Mechanical Keyboard Factory\" \/><\/div>\n<div class=\"magic-10\"><img decoding=\"async\" class=\"Gaming Mechanical Keyboard Factory\" title=\"F\u00e1brica de teclados mec\u00e2nicos para jogos\" src=\"https:\/\/darshion.com\/wp-content\/uploads\/2024\/07\/H1a8e79d568e343b58927b641e86235c6x.jpg\" alt=\"Gaming Mechanical Keyboard Factory\" \/><\/div>\n<div class=\"magic-10\"><img decoding=\"async\" class=\"Gaming Mechanical Keyboard Factory\" title=\"F\u00e1brica de teclados mec\u00e2nicos para jogos\" src=\"https:\/\/darshion.com\/wp-content\/uploads\/2024\/07\/Hd90e0ef7ba514bc8861ed10588aab1920-1.jpg\" alt=\"Gaming Mechanical Keyboard Factory\" \/><\/div>\n<div class=\"magic-10\"><img decoding=\"async\" class=\"Gaming Mechanical Keyboard Factory\" title=\"F\u00e1brica de teclados mec\u00e2nicos para jogos\" src=\"https:\/\/darshion.com\/wp-content\/uploads\/2024\/07\/H77e688f018284b2d9b10a5e25f0282ecW-2.jpg\" alt=\"Gaming Mechanical Keyboard Factory\" \/><\/div>\n<div class=\"magic-10\"><img decoding=\"async\" class=\"Gaming Mechanical Keyboard Factory\" title=\"F\u00e1brica de teclados mec\u00e2nicos para jogos\" src=\"https:\/\/darshion.com\/wp-content\/uploads\/2024\/07\/H61113bb0fd314bccafb15e1e180ccc66T-1.jpg\" alt=\"Gaming Mechanical Keyboard Factory\" \/><\/div>\n<div class=\"magic-10\"><img decoding=\"async\" class=\"Gaming Mechanical Keyboard Factory\" title=\"F\u00e1brica de teclados mec\u00e2nicos para jogos\" src=\"https:\/\/darshion.com\/wp-content\/uploads\/2024\/07\/H023865a7d366416ea80b133484eaf462U-2.jpg\" alt=\"Gaming Mechanical Keyboard Factory\" \/><\/div>\n<\/div>\n<\/div>\n<\/div>","protected":false},"excerpt":{"rendered":"<div>\n<p>[Industry-specific attributes]<br \/>\nOperation Style:Mechanical<br \/>\nStyle:Mini, Gaming, Mechanical<br \/>\nType:Wired<br \/>\nInterface Type:usb<br \/>\nKeyboard Standard:61 keys<\/p>\n<p>[Other attributes]<br \/>\nDrive Interface:USB Type C<br \/>\nProducts Status:New<br \/>\nApplication:Desktop<br \/>\nPlace of Origin:Guangdong, China<br \/>\nKeyboard backlit:LED<br \/>\nFeatures:Plug and Play<br \/>\nPrivate Mold:Yes<br \/>\nModel Number:CX23<br \/>\nAxis Body Brand:Kailh<br \/>\nMechanical:Yes<br \/>\nProgrammable:NO<br \/>\nProduct name:Gaming Keyboard<br \/>\nMaterial:ABS Plastic<br \/>\nCertification:CE FCC ROHS<br \/>\nLayout:Customized Layout<br \/>\nWarranty:12 Months<br \/>\nPackage:Customized Box<br \/>\nLogo:Accept Customized Logo<br \/>\nKeywords:Gaming Keyboard<br \/>\nColor:Customizable<br \/>\nUsage:computer office gaming<\/p>\n<\/div>\n","protected":false},"featured_media":4066,"comment_status":"open","ping_status":"closed","template":"","meta":{"_monsterinsights_skip_tracking":false,"_monsterinsights_sitenote_active":false,"_monsterinsights_sitenote_note":"","_monsterinsights_sitenote_category":0},"product_cat":[559,554],"product_tag":[560],"yoast_head":"<!-- This site is optimized with the Yoast SEO Premium plugin v22.9 (Yoast SEO v24.0) - https:\/\/yoast.com\/wordpress\/plugins\/seo\/ -->\n<title>CX23 61 Keys Wired Gaming Mechanical Keyboard Factory - darshion<\/title>\n<meta name=\"robots\" content=\"index, follow, max-snippet:-1, max-image-preview:large, max-video-preview:-1\" \/>\n<link rel=\"canonical\" href=\"https:\/\/darshion.com\/pt\/produto\/cx23-wired-gaming-mechanical-keyboard-factory\/\" \/>\n<meta property=\"og:locale\" content=\"pt_BR\" \/>\n<meta property=\"og:type\" content=\"article\" \/>\n<meta property=\"og:title\" content=\"CX23 61 Keys Wired Gaming Mechanical Keyboard Factory\" \/>\n<meta property=\"og:description\" content=\"[Industry-specific attributes] Operation Style:Mechanical Style:Mini, Gaming, Mechanical Type:Wired Interface Type:usb Keyboard Standard:61 keys  [Other attributes] Drive Interface:USB Type C Products Status:New Application:Desktop Place of Origin:Guangdong, China Keyboard backlit:LED Features:Plug and Play Private Mold:Yes Model Number:CX23 Axis Body Brand:Kailh Mechanical:Yes Programmable:NO Product name:Gaming Keyboard Material:ABS Plastic Certification:CE FCC ROHS Layout:Customized Layout Warranty:12 Months Package:Customized Box Logo:Accept Customized Logo Keywords:Gaming Keyboard Color:Customizable Usage:computer office gaming\" \/>\n<meta property=\"og:url\" content=\"https:\/\/darshion.com\/pt\/produto\/cx23-wired-gaming-mechanical-keyboard-factory\/\" \/>\n<meta property=\"og:site_name\" content=\"darshion\" \/>\n<meta property=\"article:modified_time\" content=\"2024-07-31T03:18:06+00:00\" \/>\n<meta property=\"og:image\" content=\"https:\/\/darshion.com\/wp-content\/uploads\/2024\/07\/H638851ed0b8d48afa342792d615cef69C.jpg\" \/>\n\t<meta property=\"og:image:width\" content=\"800\" \/>\n\t<meta property=\"og:image:height\" content=\"800\" \/>\n\t<meta property=\"og:image:type\" content=\"image\/jpeg\" \/>\n<meta name=\"twitter:card\" content=\"summary_large_image\" \/>\n<meta name=\"twitter:label1\" content=\"Est. tempo de leitura\" \/>\n\t<meta name=\"twitter:data1\" content=\"3 minutos\" \/>\n<script type=\"application\/ld+json\" class=\"yoast-schema-graph\">{\"@context\":\"https:\/\/schema.org\",\"@graph\":[{\"@type\":\"WebPage\",\"@id\":\"https:\/\/darshion.com\/product\/cx23-wired-gaming-mechanical-keyboard-factory\/\",\"url\":\"https:\/\/darshion.com\/product\/cx23-wired-gaming-mechanical-keyboard-factory\/\",\"name\":\"CX23 61 Keys Wired Gaming Mechanical Keyboard Factory - darshion\",\"isPartOf\":{\"@id\":\"https:\/\/darshion.com\/#website\"},\"primaryImageOfPage\":{\"@id\":\"https:\/\/darshion.com\/product\/cx23-wired-gaming-mechanical-keyboard-factory\/#primaryimage\"},\"image\":{\"@id\":\"https:\/\/darshion.com\/product\/cx23-wired-gaming-mechanical-keyboard-factory\/#primaryimage\"},\"thumbnailUrl\":\"https:\/\/darshion.com\/wp-content\/uploads\/2024\/07\/H638851ed0b8d48afa342792d615cef69C.jpg\",\"datePublished\":\"2024-07-31T03:01:38+00:00\",\"dateModified\":\"2024-07-31T03:18:06+00:00\",\"breadcrumb\":{\"@id\":\"https:\/\/darshion.com\/product\/cx23-wired-gaming-mechanical-keyboard-factory\/#breadcrumb\"},\"inLanguage\":\"pt-BR\",\"potentialAction\":[{\"@type\":\"ReadAction\",\"target\":[\"https:\/\/darshion.com\/product\/cx23-wired-gaming-mechanical-keyboard-factory\/\"]}]},{\"@type\":\"ImageObject\",\"inLanguage\":\"pt-BR\",\"@id\":\"https:\/\/darshion.com\/product\/cx23-wired-gaming-mechanical-keyboard-factory\/#primaryimage\",\"url\":\"https:\/\/darshion.com\/wp-content\/uploads\/2024\/07\/H638851ed0b8d48afa342792d615cef69C.jpg\",\"contentUrl\":\"https:\/\/darshion.com\/wp-content\/uploads\/2024\/07\/H638851ed0b8d48afa342792d615cef69C.jpg\",\"width\":800,\"height\":800},{\"@type\":\"BreadcrumbList\",\"@id\":\"https:\/\/darshion.com\/product\/cx23-wired-gaming-mechanical-keyboard-factory\/#breadcrumb\",\"itemListElement\":[{\"@type\":\"ListItem\",\"position\":1,\"name\":\"\u9996\u9875\",\"item\":\"https:\/\/darshion.com\/\"},{\"@type\":\"ListItem\",\"position\":2,\"name\":\"PRODUCT\",\"item\":\"https:\/\/darshion.com\/pt\/product\/\"},{\"@type\":\"ListItem\",\"position\":3,\"name\":\"CX23 61 Keys Wired Gaming Mechanical Keyboard Factory\"}]},{\"@type\":\"WebSite\",\"@id\":\"https:\/\/darshion.com\/#website\",\"url\":\"https:\/\/darshion.com\/\",\"name\":\"darshion\",\"description\":\"14 Years of Experience, Quality Assurance, Innovative Design\",\"publisher\":{\"@id\":\"https:\/\/darshion.com\/#organization\"},\"potentialAction\":[{\"@type\":\"SearchAction\",\"target\":{\"@type\":\"EntryPoint\",\"urlTemplate\":\"https:\/\/darshion.com\/?s={search_term_string}\"},\"query-input\":{\"@type\":\"PropertyValueSpecification\",\"valueRequired\":true,\"valueName\":\"search_term_string\"}}],\"inLanguage\":\"pt-BR\"},{\"@type\":\"Organization\",\"@id\":\"https:\/\/darshion.com\/#organization\",\"name\":\"darshion\",\"url\":\"https:\/\/darshion.com\/\",\"logo\":{\"@type\":\"ImageObject\",\"inLanguage\":\"pt-BR\",\"@id\":\"https:\/\/darshion.com\/#\/schema\/logo\/image\/\",\"url\":\"https:\/\/darshion.com\/wp-content\/uploads\/2023\/09\/01-1.png\",\"contentUrl\":\"https:\/\/darshion.com\/wp-content\/uploads\/2023\/09\/01-1.png\",\"width\":350,\"height\":100,\"caption\":\"darshion\"},\"image\":{\"@id\":\"https:\/\/darshion.com\/#\/schema\/logo\/image\/\"}}]}<\/script>\n<!-- \/ Yoast SEO Premium plugin. -->","yoast_head_json":{"title":"Teclado mec\u00e2nico para jogos com fio CX23 61 teclas Factory - darshion","robots":{"index":"index","follow":"follow","max-snippet":"max-snippet:-1","max-image-preview":"max-image-preview:large","max-video-preview":"max-video-preview:-1"},"canonical":"https:\/\/darshion.com\/pt\/produto\/cx23-wired-gaming-mechanical-keyboard-factory\/","og_locale":"pt_BR","og_type":"article","og_title":"CX23 61 Keys Wired Gaming Mechanical Keyboard Factory","og_description":"[Industry-specific attributes] Operation Style:Mechanical Style:Mini, Gaming, Mechanical Type:Wired Interface Type:usb Keyboard Standard:61 keys  [Other attributes] Drive Interface:USB Type C Products Status:New Application:Desktop Place of Origin:Guangdong, China Keyboard backlit:LED Features:Plug and Play Private Mold:Yes Model Number:CX23 Axis Body Brand:Kailh Mechanical:Yes Programmable:NO Product name:Gaming Keyboard Material:ABS Plastic Certification:CE FCC ROHS Layout:Customized Layout Warranty:12 Months Package:Customized Box Logo:Accept Customized Logo Keywords:Gaming Keyboard Color:Customizable Usage:computer office gaming","og_url":"https:\/\/darshion.com\/pt\/produto\/cx23-wired-gaming-mechanical-keyboard-factory\/","og_site_name":"darshion","article_modified_time":"2024-07-31T03:18:06+00:00","og_image":[{"width":800,"height":800,"url":"https:\/\/darshion.com\/wp-content\/uploads\/2024\/07\/H638851ed0b8d48afa342792d615cef69C.jpg","type":"image\/jpeg"}],"twitter_card":"summary_large_image","twitter_misc":{"Est. tempo de leitura":"3 minutos"},"schema":{"@context":"https:\/\/schema.org","@graph":[{"@type":"WebPage","@id":"https:\/\/darshion.com\/product\/cx23-wired-gaming-mechanical-keyboard-factory\/","url":"https:\/\/darshion.com\/product\/cx23-wired-gaming-mechanical-keyboard-factory\/","name":"Teclado mec\u00e2nico para jogos com fio CX23 61 teclas Factory - darshion","isPartOf":{"@id":"https:\/\/darshion.com\/#website"},"primaryImageOfPage":{"@id":"https:\/\/darshion.com\/product\/cx23-wired-gaming-mechanical-keyboard-factory\/#primaryimage"},"image":{"@id":"https:\/\/darshion.com\/product\/cx23-wired-gaming-mechanical-keyboard-factory\/#primaryimage"},"thumbnailUrl":"https:\/\/darshion.com\/wp-content\/uploads\/2024\/07\/H638851ed0b8d48afa342792d615cef69C.jpg","datePublished":"2024-07-31T03:01:38+00:00","dateModified":"2024-07-31T03:18:06+00:00","breadcrumb":{"@id":"https:\/\/darshion.com\/product\/cx23-wired-gaming-mechanical-keyboard-factory\/#breadcrumb"},"inLanguage":"pt-BR","potentialAction":[{"@type":"ReadAction","target":["https:\/\/darshion.com\/product\/cx23-wired-gaming-mechanical-keyboard-factory\/"]}]},{"@type":"ImageObject","inLanguage":"pt-BR","@id":"https:\/\/darshion.com\/product\/cx23-wired-gaming-mechanical-keyboard-factory\/#primaryimage","url":"https:\/\/darshion.com\/wp-content\/uploads\/2024\/07\/H638851ed0b8d48afa342792d615cef69C.jpg","contentUrl":"https:\/\/darshion.com\/wp-content\/uploads\/2024\/07\/H638851ed0b8d48afa342792d615cef69C.jpg","width":800,"height":800},{"@type":"BreadcrumbList","@id":"https:\/\/darshion.com\/product\/cx23-wired-gaming-mechanical-keyboard-factory\/#breadcrumb","itemListElement":[{"@type":"ListItem","position":1,"name":"\u9996\u9875","item":"https:\/\/darshion.com\/"},{"@type":"ListItem","position":2,"name":"PRODUCT","item":"https:\/\/darshion.com\/pt\/product\/"},{"@type":"ListItem","position":3,"name":"CX23 61 Keys Wired Gaming Mechanical Keyboard Factory"}]},{"@type":"WebSite","@id":"https:\/\/darshion.com\/#website","url":"https:\/\/darshion.com\/","name":"darshion","description":"14 anos de experi\u00eancia, garantia de qualidade, design inovador","publisher":{"@id":"https:\/\/darshion.com\/#organization"},"potentialAction":[{"@type":"SearchAction","target":{"@type":"EntryPoint","urlTemplate":"https:\/\/darshion.com\/?s={search_term_string}"},"query-input":{"@type":"PropertyValueSpecification","valueRequired":true,"valueName":"search_term_string"}}],"inLanguage":"pt-BR"},{"@type":"Organization","@id":"https:\/\/darshion.com\/#organization","name":"darshion","url":"https:\/\/darshion.com\/","logo":{"@type":"ImageObject","inLanguage":"pt-BR","@id":"https:\/\/darshion.com\/#\/schema\/logo\/image\/","url":"https:\/\/darshion.com\/wp-content\/uploads\/2023\/09\/01-1.png","contentUrl":"https:\/\/darshion.com\/wp-content\/uploads\/2023\/09\/01-1.png","width":350,"height":100,"caption":"darshion"},"image":{"@id":"https:\/\/darshion.com\/#\/schema\/logo\/image\/"}}]}},"_links":{"self":[{"href":"https:\/\/darshion.com\/pt\/wp-json\/wp\/v2\/product\/4076"}],"collection":[{"href":"https:\/\/darshion.com\/pt\/wp-json\/wp\/v2\/product"}],"about":[{"href":"https:\/\/darshion.com\/pt\/wp-json\/wp\/v2\/types\/product"}],"replies":[{"embeddable":true,"href":"https:\/\/darshion.com\/pt\/wp-json\/wp\/v2\/comments?post=4076"}],"wp:featuredmedia":[{"embeddable":true,"href":"https:\/\/darshion.com\/pt\/wp-json\/wp\/v2\/media\/4066"}],"wp:attachment":[{"href":"https:\/\/darshion.com\/pt\/wp-json\/wp\/v2\/media?parent=4076"}],"wp:term":[{"taxonomy":"product_cat","embeddable":true,"href":"https:\/\/darshion.com\/pt\/wp-json\/wp\/v2\/product_cat?post=4076"},{"taxonomy":"product_tag","embeddable":true,"href":"https:\/\/darshion.com\/pt\/wp-json\/wp\/v2\/product_tag?post=4076"}],"curies":[{"name":"wp","href":"https:\/\/api.w.org\/{rel}","templated":true}]}}