{"id":4165,"date":"2026-02-26T16:42:19","date_gmt":"2026-02-26T08:42:19","guid":{"rendered":"https:\/\/darshion.com\/product\/professional-gamer-blue-switches-60-percent-gaming-keyboard-61-keys-portable-led-rgb-backlit-mechanical-keyboard-for-pc-laptop\/"},"modified":"2026-02-26T16:59:28","modified_gmt":"2026-02-26T08:59:28","slug":"cx23-mechanical-keyboard-factory","status":"publish","type":"product","link":"https:\/\/darshion.com\/pt\/produto\/cx23-mechanical-keyboard-factory\/","title":{"rendered":"CX23 61 teclas RGB Backlit Gaming Mechanical Keyboard Fabricante e f\u00e1brica"},"content":{"rendered":"<div id=\"detail_decorate_root\" data-magic-global=\"%7B%22bizId%22%3A2329368643%2C%22pageId%22%3A21382983881%2C%22siteId%22%3A10003129106%7D\">\n<div class=\"J_module\">\n<div class=\"detail-decorate-json-renderer-container\">\n<div class=\"magic-0\">\n<div class=\"magic-1\">\n<div class=\"magic-2\">\n<div class=\"magic-3\">LED RGB Mechanical Keyboard 61-key Gaming Keyboard Blue Switches Durable Compact Various Lighting Modes Mechanical Keyboard<\/div>\n<\/div>\n<\/div>\n<\/div>\n<\/div>\n<\/div>\n<div class=\"J_module\">\n<div id=\"ali-anchor-AliMagic-gutfvn\" class=\"magic-4\" data-section=\"AliMagic-gutfvn\" data-section-title=\"TOP PICKS\">TOP PICKS<\/div>\n<\/div>\n<div class=\"J_module\">\n<div class=\"icbu-pc-detailSellerRecommend magic-5\" data-magic=\"{&quot;mds&quot;:{&quot;assetsVersion&quot;:&quot;0.0.14&quot;,&quot;assetsPackageName&quot;:&quot;icbumod&quot;,&quot;moduleNameAlias&quot;:&quot;icbu-pc-detailSellerRecommend&quot;,&quot;moduleData&quot;:{&quot;config&quot;:{&quot;miniSiteUrl&quot;:&quot;https:\/\/cousotech.en.alibaba.com\/productgrouplist-933519109\/Hot_Sale_Mechanical_keyboard.html&quot;,&quot;columnCount&quot;:4,&quot;titleKey&quot;:0,&quot;url&quot;:&quot;https:\/\/cousotech.en.alibaba.com\/productgrouplist-933519109\/Hot_Sale_Mechanical_keyboard.html&quot;,&quot;products&quot;:[1600691037754,1601081940647,1601005638127,1600961374551,1601074679653,1600958097309,1601027682035,1600961318406,1601081392390,1601042310812,1601101323352,1601027644208]}}},&quot;version&quot;:1}\"><\/div>\n<\/div>\n<div class=\"J_module\">\n<div id=\"ali-anchor-AliMagic-6kcdrs\" class=\"magic-4\" data-section=\"AliMagic-6kcdrs\" data-section-title=\"Products Description\">Products Description<\/div>\n<\/div>\n<div class=\"J_module\">\n<div class=\"detail-decorate-json-renderer-container\">\n<div class=\"magic-0\">\n<div class=\"magic-1\">\n<div class=\"magic-2\">\n<div class=\"magic-3\">\n<p>\u3010Classic 60% Keyboard: 61 Keys Compact Design\u3011<br \/>\nUltra-compact layout with 61 keys is a perfect size keyboard,and detachable USB-C cable makes it more convenient to carry<\/p>\n<p>\u3010Mechanical blue switch\u3011<br \/>\nFor TYPING and GAMING, blue switches deliver accurate, responsive key commands;it gives a satisfyingly &#8220;click&#8221; sound and tactile resistance with each keystroke<\/p>\n<p>\u3010Rainbow LED Backlit\u3011<br \/>\n8 monochrome backlighting effects gives this small gaming keyboard a vibrant and splendid visual effect.<\/p>\n<p>\u3010Full keys Anti-ghosting\u3011<br \/>\nAll keys can work simultaneously,thus you can fully enjoy your game without program errors<\/p>\n<p>\u3010Detachable Type-C cable\u3011<br \/>\nUSB Type-C connection also provides more stable transmission, key cable separation design, convenient with storage.<\/p>\n<div>\n\u3010Customizable\u3011<br \/>\n&#8211; Keycap Colors<br \/>\n&#8211; Wired\/Wireless\/2.4G\/Bluetooth Triple-mode\/Multiple Channel<br \/>\n&#8211; UP to 20 preset Real RGB Backlighting Effects<br \/>\n&#8211; Keycaps Material:ABS\/PBT<br \/>\n&#8211; Mechanical Switches:Red Switch\/Blue Switch\/Brown Switch etc.<br \/>\n&#8211; Inner Solutions:Yichip\/NORDIC\/BEKEN\/MOSART\/TELINK\/<br \/>\n&#8211; Layout:US\/UK\/SOUTH KOREA\/SPAIN\/BRAZILIAN\/RUSSIA etc<br \/>\n&#8211; PCB Material:ABS\/Premium Aluminum\/Premium Electrophoresis Iron<br \/>\n&#8211; LOGO &amp; Packing<\/div>\n<\/div>\n<\/div>\n<\/div>\n<\/div>\n<\/div>\n<\/div>\n<div class=\"J_module\">\n<div id=\"ali-anchor-AliMagic-4q7d5k\" class=\"magic-4\" data-section=\"AliMagic-4q7d5k\" data-section-title=\"Details Images\">Details Images<\/div>\n<\/div>\n<div class=\"J_module\">\n<div class=\"icbu-pc-detailManyImage magic-7\">\n<div class=\"magic-8\"><img decoding=\"async\" class=\"magic-9\" src=\"https:\/\/darshion.com\/wp-content\/uploads\/2026\/02\/Hd4bfed7ca7684943b9330afc2d8cffd8X.jpg\" \/><\/div>\n<div class=\"magic-8\"><img decoding=\"async\" class=\"magic-9\" src=\"https:\/\/darshion.com\/wp-content\/uploads\/2026\/02\/H53ceb7baddcd4e5686d08a4fa546cdae7.jpg\" \/><\/div>\n<div class=\"magic-8\"><img decoding=\"async\" class=\"magic-9\" src=\"https:\/\/darshion.com\/wp-content\/uploads\/2026\/02\/H9c036046699b45068554224923e026de2.jpg\" \/><\/div>\n<div class=\"magic-8\"><img decoding=\"async\" class=\"magic-9\" src=\"https:\/\/darshion.com\/wp-content\/uploads\/2026\/02\/Hd90e0ef7ba514bc8861ed10588aab1920.jpg\" \/><\/div>\n<div class=\"magic-8\"><img decoding=\"async\" class=\"magic-9\" src=\"https:\/\/darshion.com\/wp-content\/uploads\/2026\/02\/H61113bb0fd314bccafb15e1e180ccc66T.jpg\" \/><\/div>\n<div class=\"magic-8\"><img decoding=\"async\" class=\"magic-9\" src=\"https:\/\/darshion.com\/wp-content\/uploads\/2026\/02\/H77e688f018284b2d9b10a5e25f0282ecW.jpg\" \/><\/div>\n<\/div>\n<\/div>\n<div class=\"J_module\">\n<div id=\"ali-anchor-AliMagic-5vx76n\" class=\"magic-4\" data-section=\"AliMagic-5vx76n\" data-section-title=\"WHY CHOOSE US?\"><\/div>\n<\/div>\n<div class=\"J_module\">\n<div class=\"icbu-pc-images magic-10\">\n<div>\n<div class=\"flex-layout-v\">\n<div class=\"flex-layout-h magic-10\"><\/div>\n<\/div>\n<\/div>\n<\/div>\n<\/div>\n<\/div>\n","protected":false},"excerpt":{"rendered":"<div>\n<p>[Industry-specific attributes]<br \/>\nOperation Style:Optical<br \/>\nStyle:Mini, Gaming, Mechanical<br \/>\nType:Wired<br \/>\nInterface Type:usb<br \/>\nKeyboard Standard:61 keys<\/p>\n<p>[Other attributes]<br \/>\nDrive Interface:USB Type C<br \/>\nProducts Status:New<br \/>\nApplication:Desktop<br \/>\nPlace of Origin:Guangdong, China<br \/>\nKeyboard backlit:RGB, LED<br \/>\nFeatures:anti-ghosting, Right-Handed<br \/>\nPrivate Mold:Yes<br \/>\nWrist Support:NO<br \/>\nBrand Name:COUSO<br \/>\nModel Number:CX23<br \/>\nMechanical:Yes<br \/>\nProgrammable:NO<br \/>\nSupport:Windows XP\/7\/8\/10, IOS, Android Mobile phone, PC, Tablet, Mac<br \/>\nPackage:4c colour box<br \/>\nCertification:CE,ROHS<br \/>\nLogo:OEM Service<br \/>\nProduct name:61 keys rgb backlit gaming mechanical keyboard<br \/>\nKeywords:Mechanical Keyboard Backlight<br \/>\nMaterial:ABS\/STEEL\/Aluminum<br \/>\nLayout:Customized Layout<br \/>\nUsage:Office Working Gaming<br \/>\nBacklit:RGB Backling<\/p>\n<\/div>\n","protected":false},"featured_media":4155,"comment_status":"open","ping_status":"closed","template":"","meta":{"_monsterinsights_skip_tracking":false,"_monsterinsights_sitenote_active":false,"_monsterinsights_sitenote_note":"","_monsterinsights_sitenote_category":0},"product_cat":[559],"product_tag":[567],"yoast_head":"<!-- This site is optimized with the Yoast SEO Premium plugin v22.9 (Yoast SEO v24.0) - https:\/\/yoast.com\/wordpress\/plugins\/seo\/ -->\n<title>61 Keys RGB Backlit Gaming Mechanical Keyboard Factory | OEM &amp; Custom Manufacturing<\/title>\n<meta name=\"description\" content=\"Darshion is a professional factory specializing in 61 keys RGB backlit gaming mechanical keyboards. We provide OEM and custom manufacturing services for brands, distributors, and bulk buyers with stable production capacity and quality control.\" \/>\n<meta name=\"robots\" content=\"index, follow, max-snippet:-1, max-image-preview:large, max-video-preview:-1\" \/>\n<link rel=\"canonical\" href=\"https:\/\/darshion.com\/pt\/produto\/cx23-mechanical-keyboard-factory\/\" \/>\n<meta property=\"og:locale\" content=\"pt_BR\" \/>\n<meta property=\"og:type\" content=\"article\" \/>\n<meta property=\"og:title\" content=\"CX23 61 Keys RGB Backlit Gaming Mechanical Keyboard Manufacturer &amp; Factory\" \/>\n<meta property=\"og:description\" content=\"Darshion is a professional factory specializing in 61 keys RGB backlit gaming mechanical keyboards. We provide OEM and custom manufacturing services for brands, distributors, and bulk buyers with stable production capacity and quality control.\" \/>\n<meta property=\"og:url\" content=\"https:\/\/darshion.com\/pt\/produto\/cx23-mechanical-keyboard-factory\/\" \/>\n<meta property=\"og:site_name\" content=\"darshion\" \/>\n<meta property=\"article:modified_time\" content=\"2026-02-26T08:59:28+00:00\" \/>\n<meta property=\"og:image\" content=\"https:\/\/darshion.com\/wp-content\/uploads\/2026\/02\/H2a1215e2ff104ba8bb4168ab7730a902R.jpg\" \/>\n\t<meta property=\"og:image:width\" content=\"1200\" \/>\n\t<meta property=\"og:image:height\" content=\"1200\" \/>\n\t<meta property=\"og:image:type\" content=\"image\/jpeg\" \/>\n<meta name=\"twitter:card\" content=\"summary_large_image\" \/>\n<meta name=\"twitter:label1\" content=\"Est. tempo de leitura\" \/>\n\t<meta name=\"twitter:data1\" content=\"3 minutos\" \/>\n<script type=\"application\/ld+json\" class=\"yoast-schema-graph\">{\"@context\":\"https:\/\/schema.org\",\"@graph\":[{\"@type\":\"WebPage\",\"@id\":\"https:\/\/darshion.com\/product\/cx23-mechanical-keyboard-factory\/\",\"url\":\"https:\/\/darshion.com\/product\/cx23-mechanical-keyboard-factory\/\",\"name\":\"61 Keys RGB Backlit Gaming Mechanical Keyboard Factory | OEM & Custom Manufacturing\",\"isPartOf\":{\"@id\":\"https:\/\/darshion.com\/#website\"},\"primaryImageOfPage\":{\"@id\":\"https:\/\/darshion.com\/product\/cx23-mechanical-keyboard-factory\/#primaryimage\"},\"image\":{\"@id\":\"https:\/\/darshion.com\/product\/cx23-mechanical-keyboard-factory\/#primaryimage\"},\"thumbnailUrl\":\"https:\/\/darshion.com\/wp-content\/uploads\/2026\/02\/H2a1215e2ff104ba8bb4168ab7730a902R.jpg\",\"datePublished\":\"2026-02-26T08:42:19+00:00\",\"dateModified\":\"2026-02-26T08:59:28+00:00\",\"description\":\"Darshion is a professional factory specializing in 61 keys RGB backlit gaming mechanical keyboards. We provide OEM and custom manufacturing services for brands, distributors, and bulk buyers with stable production capacity and quality control.\",\"breadcrumb\":{\"@id\":\"https:\/\/darshion.com\/product\/cx23-mechanical-keyboard-factory\/#breadcrumb\"},\"inLanguage\":\"pt-BR\",\"potentialAction\":[{\"@type\":\"ReadAction\",\"target\":[\"https:\/\/darshion.com\/product\/cx23-mechanical-keyboard-factory\/\"]}]},{\"@type\":\"ImageObject\",\"inLanguage\":\"pt-BR\",\"@id\":\"https:\/\/darshion.com\/product\/cx23-mechanical-keyboard-factory\/#primaryimage\",\"url\":\"https:\/\/darshion.com\/wp-content\/uploads\/2026\/02\/H2a1215e2ff104ba8bb4168ab7730a902R.jpg\",\"contentUrl\":\"https:\/\/darshion.com\/wp-content\/uploads\/2026\/02\/H2a1215e2ff104ba8bb4168ab7730a902R.jpg\",\"width\":1200,\"height\":1200},{\"@type\":\"BreadcrumbList\",\"@id\":\"https:\/\/darshion.com\/product\/cx23-mechanical-keyboard-factory\/#breadcrumb\",\"itemListElement\":[{\"@type\":\"ListItem\",\"position\":1,\"name\":\"\u9996\u9875\",\"item\":\"https:\/\/darshion.com\/\"},{\"@type\":\"ListItem\",\"position\":2,\"name\":\"PRODUCT\",\"item\":\"https:\/\/darshion.com\/pt\/product\/\"},{\"@type\":\"ListItem\",\"position\":3,\"name\":\"CX23 61 Keys RGB Backlit Gaming Mechanical Keyboard Manufacturer &#038; Factory\"}]},{\"@type\":\"WebSite\",\"@id\":\"https:\/\/darshion.com\/#website\",\"url\":\"https:\/\/darshion.com\/\",\"name\":\"darshion\",\"description\":\"14 Years of Experience, Quality Assurance, Innovative Design\",\"publisher\":{\"@id\":\"https:\/\/darshion.com\/#organization\"},\"potentialAction\":[{\"@type\":\"SearchAction\",\"target\":{\"@type\":\"EntryPoint\",\"urlTemplate\":\"https:\/\/darshion.com\/?s={search_term_string}\"},\"query-input\":{\"@type\":\"PropertyValueSpecification\",\"valueRequired\":true,\"valueName\":\"search_term_string\"}}],\"inLanguage\":\"pt-BR\"},{\"@type\":\"Organization\",\"@id\":\"https:\/\/darshion.com\/#organization\",\"name\":\"darshion\",\"url\":\"https:\/\/darshion.com\/\",\"logo\":{\"@type\":\"ImageObject\",\"inLanguage\":\"pt-BR\",\"@id\":\"https:\/\/darshion.com\/#\/schema\/logo\/image\/\",\"url\":\"https:\/\/darshion.com\/wp-content\/uploads\/2023\/09\/01-1.png\",\"contentUrl\":\"https:\/\/darshion.com\/wp-content\/uploads\/2023\/09\/01-1.png\",\"width\":350,\"height\":100,\"caption\":\"darshion\"},\"image\":{\"@id\":\"https:\/\/darshion.com\/#\/schema\/logo\/image\/\"}}]}<\/script>\n<!-- \/ Yoast SEO Premium plugin. -->","yoast_head_json":{"title":"F\u00e1brica de teclado mec\u00e2nico para jogos com retroilumina\u00e7\u00e3o RGB de 61 teclas, OEM e fabrica\u00e7\u00e3o personalizada","description":"A Darshion \u00e9 uma f\u00e1brica profissional especializada em teclados mec\u00e2nicos para jogos com retroilumina\u00e7\u00e3o RGB de 61 teclas. Fornecemos servi\u00e7os de fabrica\u00e7\u00e3o personalizada e OEM para marcas, distribuidores e compradores em massa com capacidade de produ\u00e7\u00e3o est\u00e1vel e controle de qualidade.","robots":{"index":"index","follow":"follow","max-snippet":"max-snippet:-1","max-image-preview":"max-image-preview:large","max-video-preview":"max-video-preview:-1"},"canonical":"https:\/\/darshion.com\/pt\/produto\/cx23-mechanical-keyboard-factory\/","og_locale":"pt_BR","og_type":"article","og_title":"CX23 61 Keys RGB Backlit Gaming Mechanical Keyboard Manufacturer & Factory","og_description":"Darshion is a professional factory specializing in 61 keys RGB backlit gaming mechanical keyboards. We provide OEM and custom manufacturing services for brands, distributors, and bulk buyers with stable production capacity and quality control.","og_url":"https:\/\/darshion.com\/pt\/produto\/cx23-mechanical-keyboard-factory\/","og_site_name":"darshion","article_modified_time":"2026-02-26T08:59:28+00:00","og_image":[{"width":1200,"height":1200,"url":"https:\/\/darshion.com\/wp-content\/uploads\/2026\/02\/H2a1215e2ff104ba8bb4168ab7730a902R.jpg","type":"image\/jpeg"}],"twitter_card":"summary_large_image","twitter_misc":{"Est. tempo de leitura":"3 minutos"},"schema":{"@context":"https:\/\/schema.org","@graph":[{"@type":"WebPage","@id":"https:\/\/darshion.com\/product\/cx23-mechanical-keyboard-factory\/","url":"https:\/\/darshion.com\/product\/cx23-mechanical-keyboard-factory\/","name":"F\u00e1brica de teclado mec\u00e2nico para jogos com retroilumina\u00e7\u00e3o RGB de 61 teclas, OEM e fabrica\u00e7\u00e3o personalizada","isPartOf":{"@id":"https:\/\/darshion.com\/#website"},"primaryImageOfPage":{"@id":"https:\/\/darshion.com\/product\/cx23-mechanical-keyboard-factory\/#primaryimage"},"image":{"@id":"https:\/\/darshion.com\/product\/cx23-mechanical-keyboard-factory\/#primaryimage"},"thumbnailUrl":"https:\/\/darshion.com\/wp-content\/uploads\/2026\/02\/H2a1215e2ff104ba8bb4168ab7730a902R.jpg","datePublished":"2026-02-26T08:42:19+00:00","dateModified":"2026-02-26T08:59:28+00:00","description":"A Darshion \u00e9 uma f\u00e1brica profissional especializada em teclados mec\u00e2nicos para jogos com retroilumina\u00e7\u00e3o RGB de 61 teclas. Fornecemos servi\u00e7os de fabrica\u00e7\u00e3o personalizada e OEM para marcas, distribuidores e compradores em massa com capacidade de produ\u00e7\u00e3o est\u00e1vel e controle de qualidade.","breadcrumb":{"@id":"https:\/\/darshion.com\/product\/cx23-mechanical-keyboard-factory\/#breadcrumb"},"inLanguage":"pt-BR","potentialAction":[{"@type":"ReadAction","target":["https:\/\/darshion.com\/product\/cx23-mechanical-keyboard-factory\/"]}]},{"@type":"ImageObject","inLanguage":"pt-BR","@id":"https:\/\/darshion.com\/product\/cx23-mechanical-keyboard-factory\/#primaryimage","url":"https:\/\/darshion.com\/wp-content\/uploads\/2026\/02\/H2a1215e2ff104ba8bb4168ab7730a902R.jpg","contentUrl":"https:\/\/darshion.com\/wp-content\/uploads\/2026\/02\/H2a1215e2ff104ba8bb4168ab7730a902R.jpg","width":1200,"height":1200},{"@type":"BreadcrumbList","@id":"https:\/\/darshion.com\/product\/cx23-mechanical-keyboard-factory\/#breadcrumb","itemListElement":[{"@type":"ListItem","position":1,"name":"\u9996\u9875","item":"https:\/\/darshion.com\/"},{"@type":"ListItem","position":2,"name":"PRODUCT","item":"https:\/\/darshion.com\/pt\/product\/"},{"@type":"ListItem","position":3,"name":"CX23 61 Keys RGB Backlit Gaming Mechanical Keyboard Manufacturer &#038; Factory"}]},{"@type":"WebSite","@id":"https:\/\/darshion.com\/#website","url":"https:\/\/darshion.com\/","name":"darshion","description":"14 anos de experi\u00eancia, garantia de qualidade, design inovador","publisher":{"@id":"https:\/\/darshion.com\/#organization"},"potentialAction":[{"@type":"SearchAction","target":{"@type":"EntryPoint","urlTemplate":"https:\/\/darshion.com\/?s={search_term_string}"},"query-input":{"@type":"PropertyValueSpecification","valueRequired":true,"valueName":"search_term_string"}}],"inLanguage":"pt-BR"},{"@type":"Organization","@id":"https:\/\/darshion.com\/#organization","name":"darshion","url":"https:\/\/darshion.com\/","logo":{"@type":"ImageObject","inLanguage":"pt-BR","@id":"https:\/\/darshion.com\/#\/schema\/logo\/image\/","url":"https:\/\/darshion.com\/wp-content\/uploads\/2023\/09\/01-1.png","contentUrl":"https:\/\/darshion.com\/wp-content\/uploads\/2023\/09\/01-1.png","width":350,"height":100,"caption":"darshion"},"image":{"@id":"https:\/\/darshion.com\/#\/schema\/logo\/image\/"}}]}},"_links":{"self":[{"href":"https:\/\/darshion.com\/pt\/wp-json\/wp\/v2\/product\/4165"}],"collection":[{"href":"https:\/\/darshion.com\/pt\/wp-json\/wp\/v2\/product"}],"about":[{"href":"https:\/\/darshion.com\/pt\/wp-json\/wp\/v2\/types\/product"}],"replies":[{"embeddable":true,"href":"https:\/\/darshion.com\/pt\/wp-json\/wp\/v2\/comments?post=4165"}],"wp:featuredmedia":[{"embeddable":true,"href":"https:\/\/darshion.com\/pt\/wp-json\/wp\/v2\/media\/4155"}],"wp:attachment":[{"href":"https:\/\/darshion.com\/pt\/wp-json\/wp\/v2\/media?parent=4165"}],"wp:term":[{"taxonomy":"product_cat","embeddable":true,"href":"https:\/\/darshion.com\/pt\/wp-json\/wp\/v2\/product_cat?post=4165"},{"taxonomy":"product_tag","embeddable":true,"href":"https:\/\/darshion.com\/pt\/wp-json\/wp\/v2\/product_tag?post=4165"}],"curies":[{"name":"wp","href":"https:\/\/api.w.org\/{rel}","templated":true}]}}