{"id":4227,"date":"2026-02-26T17:41:56","date_gmt":"2026-02-26T09:41:56","guid":{"rendered":"https:\/\/darshion.com\/product\/amz-hot-sale-2-4g-full-sized-ergonomic-keyboard-mouse-quiet-click-computer-laptop-cordless-usb-wireless-keyboard-and-mouse\/"},"modified":"2026-02-26T18:02:30","modified_gmt":"2026-02-26T10:02:30","slug":"ck710-keyboard-and-mouse-combo-manufacturer","status":"publish","type":"product","link":"https:\/\/darshion.com\/pt\/produto\/ck710-keyboard-and-mouse-combo-manufacturer\/","title":{"rendered":"CK710 2.4G Full-Sized Ergonomic Wireless Keyboard and Mouse Combo Fabricante"},"content":{"rendered":"<div id=\"detail_decorate_root\" data-magic-global=\"%7B%22bizId%22%3A2329368643%2C%22pageId%22%3A21463948937%2C%22siteId%22%3A10003129106%7D\">\n<div class=\"J_module\">\n<div class=\"icbu-pc-detailVideoShow magic-0\" data-magic=\"\"><\/div>\n<\/div>\n<div class=\"J_module\">\n<p style=\"border-bottom: solid 2px currentColor; font-size: 24px; padding: 8px 0 4px 0; margin: 0 0 8px 0;\">Descri\u00e7\u00e3o dos produtos<\/p>\n<\/div>\n<div class=\"J_module\">\n<div class=\"detail-decorate-json-renderer-container\">1.  N\u00famero de teclas:104 teclas<br \/>\n2.  Design fino, tampas de chave de chocolate<br \/>\n3.  12 Grupo de teclas de fun\u00e7\u00e3o multim\u00eddia Fn+F<br \/>\n4.  Tr\u00eas indicadores<br \/>\n5.  Op\u00e7\u00f5es com fio\/sem fio dispon\u00edveis<br \/>\n6.  Op\u00e7\u00f5es de baterias alcalinas e de l\u00edtio dispon\u00edveis<br \/>\n7.  Com p\u00e9s de borracha antiderrapantes, ajuste de inclina\u00e7\u00e3o<br \/>\n8.  Tamanho: 434,99 *184,88 *25,62mm; Peso: 686g1.  Mouse ergon\u00f4mico 4D<br \/>\n2.  DPI: 800-1200-1600<br \/>\n3.  Size:106*62*37.7mm;Weight:55g \u00b15g<br \/>\n\u3010Customiz\u00e1vel\u3011<br \/>\n- Cor das teclas<br \/>\n- Com fio\/sem fio\/2.4G\/Bluetooth Triplo modo\/M\u00faltiplos canais<br \/>\n- Layout: EUA\/Reino Unido\/Coreia do Sul\/Espanha\/Brasil\/R\u00fassia etc.<br \/>\n- LOGOTIPO e embalagem<\/p>\n<\/div>\n<\/div>\n<div class=\"J_module\">\n<div id=\"ali-anchor-AliMagic-t9ai6c\" class=\"magic-1\" style=\"border-bottom: solid 2px currentColor; font-size: 24px; padding: 8px 0 4px 0; margin: 0 0 8px 0;\" data-section=\"AliMagic-t9ai6c\" data-section-title=\"Details Images\">Detalhes das imagens<\/div>\n<\/div>\n<div class=\"J_module\">\n<div class=\"icbu-pc-detailManyImage magic-6\">\n<div class=\"magic-7\"><img decoding=\"async\" class=\"magic-8\" src=\"https:\/\/darshion.com\/wp-content\/uploads\/2026\/02\/H4ebaefe40f7041bd8e4ea99d38c1f28bl.jpg\" \/><\/div>\n<div class=\"magic-7\"><img decoding=\"async\" class=\"magic-8\" src=\"https:\/\/darshion.com\/wp-content\/uploads\/2026\/02\/H41f2ec0ac7a4425bb43efc4151e977a87.jpg\" \/><\/div>\n<div class=\"magic-7\"><img decoding=\"async\" class=\"magic-8\" src=\"https:\/\/darshion.com\/wp-content\/uploads\/2026\/02\/Hdd916391c6c341afb2f9c27d29c638f0J.jpg\" \/><\/div>\n<div class=\"magic-7\"><img decoding=\"async\" class=\"magic-8\" src=\"https:\/\/darshion.com\/wp-content\/uploads\/2026\/02\/H75e968de59d3409fbf4f453704bce1a1a.jpg\" \/><\/div>\n<div class=\"magic-7\"><img decoding=\"async\" class=\"magic-8\" src=\"https:\/\/darshion.com\/wp-content\/uploads\/2026\/02\/Hba4b6f1c4c3143afa2e6e3007e8139fbx.jpg\" \/><\/div>\n<div class=\"magic-7\"><img decoding=\"async\" class=\"magic-8\" src=\"https:\/\/darshion.com\/wp-content\/uploads\/2026\/02\/H4574e576a1574e6aa3be44fc3060b44bJ.jpg\" \/><\/div>\n<\/div>\n<\/div>\n<div class=\"J_module\">\n<div class=\"icbu-pc-images magic-9\">\n<div><\/div>\n<\/div>\n<\/div>\n<div class=\"J_module\">\n<div id=\"ali-anchor-AliMagic-bfpvzk\" class=\"magic-1\" style=\"border-bottom: solid 2px currentColor; font-size: 24px; padding: 8px 0 4px 0; margin: 0 0 8px 0;\" data-section=\"AliMagic-bfpvzk\" data-section-title=\"Description\">Descri\u00e7\u00e3o<\/div>\n<\/div>\n<div class=\"J_module\">\n<div class=\"detail-decorate-json-renderer-container\">\n<p>1.2.4G Wireless Plug and Play - Basta conectar o teclado e o mouse sem fio com um receptor USB para salvar a porta USB do seu computador. Sem atrasos ou interrup\u00e7\u00f5es. Permite uma conex\u00e3o sem fio confi\u00e1vel de at\u00e9 10 metros (33 p\u00e9s) sem nenhum driver.<br \/>\n2.104 teclas - Teclado de tamanho normal - Com o layout QWERTY padr\u00e3o dos EUA, o teclado sem fio Lovaky torna cada tecla do teclado num\u00e9rico independente e bem espa\u00e7ada, evitando assim pressionar a tecla errada. O suporte dobr\u00e1vel atr\u00e1s do teclado oferece um \u00e2ngulo de digita\u00e7\u00e3o confort\u00e1vel para que voc\u00ea possa digitar confortavelmente por horas.<br \/>\n3. economia de energia prolonga a vida \u00fatil da bateria - O teclado e o mouse sem fio t\u00eam um interruptor de energia para ligar\/desligar, economizando a perda desnecess\u00e1ria da bateria. Ap\u00f3s 10 minutos de inatividade, o combo de teclado e mouse sem fio entrar\u00e1 automaticamente no modo de suspens\u00e3o para economizar energia. O teclado requer uma pilha AAA e o mouse requer duas.<br \/>\n4. mouse sem fio silencioso - o mouse de computador proporciona um clique silencioso, sem a necessidade de se preocupar em incomodar os outros enquanto trabalha ou joga. O mouse com DPI ajust\u00e1vel oferece 3 n\u00edveis de DPI (800\/1200\/1600) para atender \u00e0s suas diferentes necessidades em termos de sensibilidade.<br \/>\nCombina\u00e7\u00e3o de mouse e teclado sem fio 5.Compatible - Inclui um teclado de tamanho normal e um mouse de alta sensibilidade. Funciona com seu PC, desktop, laptop ou notebook. Compat\u00edvel com os sistemas operacionais Windows XP \/ Vista \/ 7 \/ 8 \/ 10.<\/p>\n<p>6. indicador de energia - a nova bateria no teclado e no mouse, se a conex\u00e3o normal com o computador estiver ligada, a luz vermelha piscar\u00e1 de 5 a 8 segundos, se o computador n\u00e3o estiver normalmente conectado \u00e0 luz vermelha ligada por um momento, desligar\u00e1. O modo de bateria fraca consiste em pressionar qualquer tecla para que a luz vermelha pisque. Portanto, quando voc\u00ea come\u00e7ar a usar pela primeira vez, a luz vermelha de energia continuar\u00e1 piscando por 5 a 8 segundos, o que \u00e9 normal. Dica: se o mouse parar de funcionar, primeiro verifique as pilhas e substitua-as por novas.<br \/>\n7. idioma\/layout personaliz\u00e1vel: alem\u00e3o, espanhol, italiano, coreano, japon\u00eas, \u00e1rabe e russo<\/p>\n<\/div>\n<\/div>\n<div class=\"J_module\">\n<div id=\"ali-anchor-AliMagic-o5sbrj\" class=\"magic-12\" style=\"border-bottom: solid 2px currentColor; font-size: 24px; padding: 8px 0 4px 0; margin: 0 0 8px 0;\" data-section=\"AliMagic-o5sbrj\" data-section-title=\"WHY CHOOSE US?\"><\/div>\n<\/div>\n<\/div>","protected":false},"excerpt":{"rendered":"<div>\n<p>[Industry-specific attributes]<br \/>\nsupports human engineering:Yes<br \/>\ntype:Wireless<\/p>\n<p>[Other attributes]<br \/>\nplace of origin:Guangdong, China<br \/>\ninterface:Usb<br \/>\nkeyboard backlit:no<br \/>\nkeyboard standard:104 Keys<br \/>\nmechanical:No<br \/>\nmodel number:CK710+CM620<br \/>\nBrand:OEM<br \/>\napplicable object:For Home Office<br \/>\ndpi:1600<br \/>\nmouse connection:Wireless<br \/>\nprivate mold:Yes<br \/>\nwith multimedia function keys:Yes<br \/>\nwrist support:No<br \/>\nProduct name:Wireless Keyboard Mouse Combo<br \/>\nKeywords:Wireless Keyboard and mouse<br \/>\nLayout:Customized Layout<br \/>\nMaterial:ABS<br \/>\nUsage:Office Working Gaming<br \/>\nLogo:Accept Customized Logo<br \/>\nPackage:Customized Box<br \/>\nWarranty:12 Months<br \/>\nLanguage:Customized Lanaguage<br \/>\nMOQ:1000PCS<\/p>\n<\/div>\n","protected":false},"featured_media":4216,"comment_status":"open","ping_status":"closed","template":"","meta":{"_monsterinsights_skip_tracking":false,"_monsterinsights_sitenote_active":false,"_monsterinsights_sitenote_note":"","_monsterinsights_sitenote_category":0},"product_cat":[552],"product_tag":[130,112,558],"yoast_head":"<!-- This site is optimized with the Yoast SEO Premium plugin v22.9 (Yoast SEO v24.0) - https:\/\/yoast.com\/wordpress\/plugins\/seo\/ -->\n<title>CK710 2.4G Full-Sized Ergonomic Wireless Keyboard and Mouse Combo Manufacturer<\/title>\n<meta name=\"description\" content=\"Darshion is a professional manufacturer of 2.4G full-sized ergonomic wireless keyboard and mouse combos. We provide OEM and custom solutions for brands, distributors, and bulk buyers with stable production capacity.\" \/>\n<meta name=\"robots\" content=\"index, follow, max-snippet:-1, max-image-preview:large, max-video-preview:-1\" \/>\n<link rel=\"canonical\" href=\"https:\/\/darshion.com\/pt\/produto\/ck710-keyboard-and-mouse-combo-manufacturer\/\" \/>\n<meta property=\"og:locale\" content=\"pt_BR\" \/>\n<meta property=\"og:type\" content=\"article\" \/>\n<meta property=\"og:title\" content=\"CK710 2.4G Full-Sized Ergonomic Wireless Keyboard and Mouse Combo Manufacturer\" \/>\n<meta property=\"og:description\" content=\"Darshion is a professional manufacturer of 2.4G full-sized ergonomic wireless keyboard and mouse combos. We provide OEM and custom solutions for brands, distributors, and bulk buyers with stable production capacity.\" \/>\n<meta property=\"og:url\" content=\"https:\/\/darshion.com\/pt\/produto\/ck710-keyboard-and-mouse-combo-manufacturer\/\" \/>\n<meta property=\"og:site_name\" content=\"darshion\" \/>\n<meta property=\"article:modified_time\" content=\"2026-02-26T10:02:30+00:00\" \/>\n<meta property=\"og:image\" content=\"https:\/\/darshion.com\/wp-content\/uploads\/2026\/02\/H4ebaefe40f7041bd8e4ea99d38c1f28bl.jpg\" \/>\n\t<meta property=\"og:image:width\" content=\"1200\" \/>\n\t<meta property=\"og:image:height\" content=\"1200\" \/>\n\t<meta property=\"og:image:type\" content=\"image\/jpeg\" \/>\n<meta name=\"twitter:card\" content=\"summary_large_image\" \/>\n<meta name=\"twitter:label1\" content=\"Est. tempo de leitura\" \/>\n\t<meta name=\"twitter:data1\" content=\"4 minutos\" \/>\n<script type=\"application\/ld+json\" class=\"yoast-schema-graph\">{\"@context\":\"https:\/\/schema.org\",\"@graph\":[{\"@type\":\"WebPage\",\"@id\":\"https:\/\/darshion.com\/product\/ck710-keyboard-and-mouse-combo-manufacturer\/\",\"url\":\"https:\/\/darshion.com\/product\/ck710-keyboard-and-mouse-combo-manufacturer\/\",\"name\":\"CK710 2.4G Full-Sized Ergonomic Wireless Keyboard and Mouse Combo Manufacturer\",\"isPartOf\":{\"@id\":\"https:\/\/darshion.com\/#website\"},\"primaryImageOfPage\":{\"@id\":\"https:\/\/darshion.com\/product\/ck710-keyboard-and-mouse-combo-manufacturer\/#primaryimage\"},\"image\":{\"@id\":\"https:\/\/darshion.com\/product\/ck710-keyboard-and-mouse-combo-manufacturer\/#primaryimage\"},\"thumbnailUrl\":\"https:\/\/darshion.com\/wp-content\/uploads\/2026\/02\/H4ebaefe40f7041bd8e4ea99d38c1f28bl.jpg\",\"datePublished\":\"2026-02-26T09:41:56+00:00\",\"dateModified\":\"2026-02-26T10:02:30+00:00\",\"description\":\"Darshion is a professional manufacturer of 2.4G full-sized ergonomic wireless keyboard and mouse combos. We provide OEM and custom solutions for brands, distributors, and bulk buyers with stable production capacity.\",\"breadcrumb\":{\"@id\":\"https:\/\/darshion.com\/product\/ck710-keyboard-and-mouse-combo-manufacturer\/#breadcrumb\"},\"inLanguage\":\"pt-BR\",\"potentialAction\":[{\"@type\":\"ReadAction\",\"target\":[\"https:\/\/darshion.com\/product\/ck710-keyboard-and-mouse-combo-manufacturer\/\"]}]},{\"@type\":\"ImageObject\",\"inLanguage\":\"pt-BR\",\"@id\":\"https:\/\/darshion.com\/product\/ck710-keyboard-and-mouse-combo-manufacturer\/#primaryimage\",\"url\":\"https:\/\/darshion.com\/wp-content\/uploads\/2026\/02\/H4ebaefe40f7041bd8e4ea99d38c1f28bl.jpg\",\"contentUrl\":\"https:\/\/darshion.com\/wp-content\/uploads\/2026\/02\/H4ebaefe40f7041bd8e4ea99d38c1f28bl.jpg\",\"width\":1200,\"height\":1200},{\"@type\":\"BreadcrumbList\",\"@id\":\"https:\/\/darshion.com\/product\/ck710-keyboard-and-mouse-combo-manufacturer\/#breadcrumb\",\"itemListElement\":[{\"@type\":\"ListItem\",\"position\":1,\"name\":\"\u9996\u9875\",\"item\":\"https:\/\/darshion.com\/\"},{\"@type\":\"ListItem\",\"position\":2,\"name\":\"PRODUCT\",\"item\":\"https:\/\/darshion.com\/pt\/product\/\"},{\"@type\":\"ListItem\",\"position\":3,\"name\":\"CK710 2.4G Full-Sized Ergonomic Wireless Keyboard and Mouse Combo Manufacturer\"}]},{\"@type\":\"WebSite\",\"@id\":\"https:\/\/darshion.com\/#website\",\"url\":\"https:\/\/darshion.com\/\",\"name\":\"darshion\",\"description\":\"14 Years of Experience, Quality Assurance, Innovative Design\",\"publisher\":{\"@id\":\"https:\/\/darshion.com\/#organization\"},\"potentialAction\":[{\"@type\":\"SearchAction\",\"target\":{\"@type\":\"EntryPoint\",\"urlTemplate\":\"https:\/\/darshion.com\/?s={search_term_string}\"},\"query-input\":{\"@type\":\"PropertyValueSpecification\",\"valueRequired\":true,\"valueName\":\"search_term_string\"}}],\"inLanguage\":\"pt-BR\"},{\"@type\":\"Organization\",\"@id\":\"https:\/\/darshion.com\/#organization\",\"name\":\"darshion\",\"url\":\"https:\/\/darshion.com\/\",\"logo\":{\"@type\":\"ImageObject\",\"inLanguage\":\"pt-BR\",\"@id\":\"https:\/\/darshion.com\/#\/schema\/logo\/image\/\",\"url\":\"https:\/\/darshion.com\/wp-content\/uploads\/2023\/09\/01-1.png\",\"contentUrl\":\"https:\/\/darshion.com\/wp-content\/uploads\/2023\/09\/01-1.png\",\"width\":350,\"height\":100,\"caption\":\"darshion\"},\"image\":{\"@id\":\"https:\/\/darshion.com\/#\/schema\/logo\/image\/\"}}]}<\/script>\n<!-- \/ Yoast SEO Premium plugin. -->","yoast_head_json":{"title":"CK710 2.4G Full-Sized Ergonomic Wireless Keyboard and Mouse Combo Fabricante","description":"A Darshion \u00e9 uma fabricante profissional de combos de teclado e mouse sem fio ergon\u00f4micos de tamanho normal 2.4G. Fornecemos solu\u00e7\u00f5es OEM e personalizadas para marcas, distribuidores e compradores em massa com capacidade de produ\u00e7\u00e3o est\u00e1vel.","robots":{"index":"index","follow":"follow","max-snippet":"max-snippet:-1","max-image-preview":"max-image-preview:large","max-video-preview":"max-video-preview:-1"},"canonical":"https:\/\/darshion.com\/pt\/produto\/ck710-keyboard-and-mouse-combo-manufacturer\/","og_locale":"pt_BR","og_type":"article","og_title":"CK710 2.4G Full-Sized Ergonomic Wireless Keyboard and Mouse Combo Manufacturer","og_description":"Darshion is a professional manufacturer of 2.4G full-sized ergonomic wireless keyboard and mouse combos. We provide OEM and custom solutions for brands, distributors, and bulk buyers with stable production capacity.","og_url":"https:\/\/darshion.com\/pt\/produto\/ck710-keyboard-and-mouse-combo-manufacturer\/","og_site_name":"darshion","article_modified_time":"2026-02-26T10:02:30+00:00","og_image":[{"width":1200,"height":1200,"url":"https:\/\/darshion.com\/wp-content\/uploads\/2026\/02\/H4ebaefe40f7041bd8e4ea99d38c1f28bl.jpg","type":"image\/jpeg"}],"twitter_card":"summary_large_image","twitter_misc":{"Est. tempo de leitura":"4 minutos"},"schema":{"@context":"https:\/\/schema.org","@graph":[{"@type":"WebPage","@id":"https:\/\/darshion.com\/product\/ck710-keyboard-and-mouse-combo-manufacturer\/","url":"https:\/\/darshion.com\/product\/ck710-keyboard-and-mouse-combo-manufacturer\/","name":"CK710 2.4G Full-Sized Ergonomic Wireless Keyboard and Mouse Combo Fabricante","isPartOf":{"@id":"https:\/\/darshion.com\/#website"},"primaryImageOfPage":{"@id":"https:\/\/darshion.com\/product\/ck710-keyboard-and-mouse-combo-manufacturer\/#primaryimage"},"image":{"@id":"https:\/\/darshion.com\/product\/ck710-keyboard-and-mouse-combo-manufacturer\/#primaryimage"},"thumbnailUrl":"https:\/\/darshion.com\/wp-content\/uploads\/2026\/02\/H4ebaefe40f7041bd8e4ea99d38c1f28bl.jpg","datePublished":"2026-02-26T09:41:56+00:00","dateModified":"2026-02-26T10:02:30+00:00","description":"A Darshion \u00e9 uma fabricante profissional de combos de teclado e mouse sem fio ergon\u00f4micos de tamanho normal 2.4G. Fornecemos solu\u00e7\u00f5es OEM e personalizadas para marcas, distribuidores e compradores em massa com capacidade de produ\u00e7\u00e3o est\u00e1vel.","breadcrumb":{"@id":"https:\/\/darshion.com\/product\/ck710-keyboard-and-mouse-combo-manufacturer\/#breadcrumb"},"inLanguage":"pt-BR","potentialAction":[{"@type":"ReadAction","target":["https:\/\/darshion.com\/product\/ck710-keyboard-and-mouse-combo-manufacturer\/"]}]},{"@type":"ImageObject","inLanguage":"pt-BR","@id":"https:\/\/darshion.com\/product\/ck710-keyboard-and-mouse-combo-manufacturer\/#primaryimage","url":"https:\/\/darshion.com\/wp-content\/uploads\/2026\/02\/H4ebaefe40f7041bd8e4ea99d38c1f28bl.jpg","contentUrl":"https:\/\/darshion.com\/wp-content\/uploads\/2026\/02\/H4ebaefe40f7041bd8e4ea99d38c1f28bl.jpg","width":1200,"height":1200},{"@type":"BreadcrumbList","@id":"https:\/\/darshion.com\/product\/ck710-keyboard-and-mouse-combo-manufacturer\/#breadcrumb","itemListElement":[{"@type":"ListItem","position":1,"name":"\u9996\u9875","item":"https:\/\/darshion.com\/"},{"@type":"ListItem","position":2,"name":"PRODUCT","item":"https:\/\/darshion.com\/pt\/product\/"},{"@type":"ListItem","position":3,"name":"CK710 2.4G Full-Sized Ergonomic Wireless Keyboard and Mouse Combo Manufacturer"}]},{"@type":"WebSite","@id":"https:\/\/darshion.com\/#website","url":"https:\/\/darshion.com\/","name":"darshion","description":"14 anos de experi\u00eancia, garantia de qualidade, design inovador","publisher":{"@id":"https:\/\/darshion.com\/#organization"},"potentialAction":[{"@type":"SearchAction","target":{"@type":"EntryPoint","urlTemplate":"https:\/\/darshion.com\/?s={search_term_string}"},"query-input":{"@type":"PropertyValueSpecification","valueRequired":true,"valueName":"search_term_string"}}],"inLanguage":"pt-BR"},{"@type":"Organization","@id":"https:\/\/darshion.com\/#organization","name":"darshion","url":"https:\/\/darshion.com\/","logo":{"@type":"ImageObject","inLanguage":"pt-BR","@id":"https:\/\/darshion.com\/#\/schema\/logo\/image\/","url":"https:\/\/darshion.com\/wp-content\/uploads\/2023\/09\/01-1.png","contentUrl":"https:\/\/darshion.com\/wp-content\/uploads\/2023\/09\/01-1.png","width":350,"height":100,"caption":"darshion"},"image":{"@id":"https:\/\/darshion.com\/#\/schema\/logo\/image\/"}}]}},"_links":{"self":[{"href":"https:\/\/darshion.com\/pt\/wp-json\/wp\/v2\/product\/4227"}],"collection":[{"href":"https:\/\/darshion.com\/pt\/wp-json\/wp\/v2\/product"}],"about":[{"href":"https:\/\/darshion.com\/pt\/wp-json\/wp\/v2\/types\/product"}],"replies":[{"embeddable":true,"href":"https:\/\/darshion.com\/pt\/wp-json\/wp\/v2\/comments?post=4227"}],"wp:featuredmedia":[{"embeddable":true,"href":"https:\/\/darshion.com\/pt\/wp-json\/wp\/v2\/media\/4216"}],"wp:attachment":[{"href":"https:\/\/darshion.com\/pt\/wp-json\/wp\/v2\/media?parent=4227"}],"wp:term":[{"taxonomy":"product_cat","embeddable":true,"href":"https:\/\/darshion.com\/pt\/wp-json\/wp\/v2\/product_cat?post=4227"},{"taxonomy":"product_tag","embeddable":true,"href":"https:\/\/darshion.com\/pt\/wp-json\/wp\/v2\/product_tag?post=4227"}],"curies":[{"name":"wp","href":"https:\/\/api.w.org\/{rel}","templated":true}]}}