{"id":1053,"date":"2023-10-06T11:59:49","date_gmt":"2023-10-06T03:59:49","guid":{"rendered":"https:\/\/darshion.com\/?post_type=product&#038;p=1053"},"modified":"2024-07-06T09:50:36","modified_gmt":"2024-07-06T01:50:36","slug":"wrist-mousepads","status":"publish","type":"product","link":"https:\/\/darshion.com\/tr\/urun\/wrist-mousepads\/","title":{"rendered":"Bilek Dayana\u011f\u0131 3D Yumu\u015fak Oyun Mouse Pad'i"},"content":{"rendered":"<p><span data-spm-anchor-id=\"a2g0o.detail.1000023.i1.323966hf66hfUr\">\u00d6zellikler:<\/span><\/p>\n<div><\/div>\n<p>1. Jel silikon malzemeden yap\u0131lm\u0131\u015ft\u0131r, toksik de\u011fildir, kaymaya kar\u015f\u0131 dayan\u0131kl\u0131d\u0131r.<\/p>\n<p><span data-spm-anchor-id=\"a2g0o.detail.1000023.i0.323966hf66hfUr\">2. Farenin sorunsuz ve rahat \u00e7al\u0131\u015fmas\u0131 i\u00e7in bilek deste\u011fi tasar\u0131m\u0131.<\/span><\/p>\n<p>3. Hareket kolayl\u0131\u011f\u0131 ve eklem stresinin azalt\u0131lmas\u0131 i\u00e7in ergonomik olarak tasarlanm\u0131\u015ft\u0131r. 4. Ola\u011fan\u00fcst\u00fc konfor i\u00e7in bas\u0131n\u00e7 noktalar\u0131n\u0131 yeniden da\u011f\u0131t\u0131rken rahatlat\u0131c\u0131 destek sa\u011flar.<\/p>\n<p>4. Yumu\u015fak, kaymaz PU taban masa\u00fcst\u00fcn\u00fc s\u0131k\u0131ca kavrar. Mouse pad'in masa\u00fcst\u00fcnde kaymas\u0131n\u0131 engeller.<\/p>\n<div><\/div>\n<p>\u00d6zellikler:<\/p>\n<div><\/div>\n<p>Malzeme Silikon + SBR + Likral\u0131 Kuma\u015f<\/p>\n<p data-spm-anchor-id=\"a2g0o.detail.1000023.i3.323966hf66hfUr\">Boyut: Approx. 26\u00d722\u00d72.5cm\/10.24\u00d78.66\u00d70.98in<\/p>","protected":false},"excerpt":{"rendered":"<p>Seksi Anime Oyun Mouse Pad Bilek Dinlenme 3D Yumu\u015fak G\u00f6\u011f\u00fcs Mousepad Seksi K\u0131z Kal\u00e7a Kawaii Silikon Masa\u00fcst\u00fc Mat<\/p>","protected":false},"featured_media":1054,"comment_status":"open","ping_status":"closed","template":"","meta":{"_monsterinsights_skip_tracking":false,"_monsterinsights_sitenote_active":false,"_monsterinsights_sitenote_note":"","_monsterinsights_sitenote_category":0},"product_cat":[100],"product_tag":[107,113],"yoast_head":"<!-- This site is optimized with the Yoast SEO Premium plugin v22.9 (Yoast SEO v24.0) - https:\/\/yoast.com\/wordpress\/plugins\/seo\/ -->\n<title>Wrist Rest 3D Soft Gaming Mouse Pad - darshion<\/title>\n<meta name=\"robots\" content=\"index, follow, max-snippet:-1, max-image-preview:large, max-video-preview:-1\" \/>\n<link rel=\"canonical\" href=\"https:\/\/darshion.com\/tr\/urun\/wrist-mousepads\/\" \/>\n<meta property=\"og:locale\" content=\"tr_TR\" \/>\n<meta property=\"og:type\" content=\"article\" \/>\n<meta property=\"og:title\" content=\"Wrist Rest 3D Soft Gaming Mouse Pad\" \/>\n<meta property=\"og:description\" content=\"Sexy Anime Gaming Mouse Pad Wrist Rest 3D Soft Breast Mousepad Sexy Girl Hip Kawaii Silicone Desktop Mat\" \/>\n<meta property=\"og:url\" content=\"https:\/\/darshion.com\/tr\/urun\/wrist-mousepads\/\" \/>\n<meta property=\"og:site_name\" content=\"darshion\" \/>\n<meta property=\"article:modified_time\" content=\"2024-07-06T01:50:36+00:00\" \/>\n<meta property=\"og:image\" content=\"https:\/\/darshion.com\/wp-content\/uploads\/2023\/10\/Creative-Idea-3D-Stereo-Silicone-Mouse-Pad-Anime-Sexy-Beauty-Chest-Hand-Rest-Mouse-Pad-Cartoon.jpg_.webp.jpg\" \/>\n\t<meta property=\"og:image:width\" content=\"800\" \/>\n\t<meta property=\"og:image:height\" content=\"800\" \/>\n\t<meta property=\"og:image:type\" content=\"image\/jpeg\" \/>\n<meta name=\"twitter:card\" content=\"summary_large_image\" \/>\n<script type=\"application\/ld+json\" class=\"yoast-schema-graph\">{\"@context\":\"https:\/\/schema.org\",\"@graph\":[{\"@type\":\"WebPage\",\"@id\":\"https:\/\/darshion.com\/product\/wrist-mousepads\/\",\"url\":\"https:\/\/darshion.com\/product\/wrist-mousepads\/\",\"name\":\"Wrist Rest 3D Soft Gaming Mouse Pad - darshion\",\"isPartOf\":{\"@id\":\"https:\/\/darshion.com\/#website\"},\"primaryImageOfPage\":{\"@id\":\"https:\/\/darshion.com\/product\/wrist-mousepads\/#primaryimage\"},\"image\":{\"@id\":\"https:\/\/darshion.com\/product\/wrist-mousepads\/#primaryimage\"},\"thumbnailUrl\":\"https:\/\/darshion.com\/wp-content\/uploads\/2023\/10\/Creative-Idea-3D-Stereo-Silicone-Mouse-Pad-Anime-Sexy-Beauty-Chest-Hand-Rest-Mouse-Pad-Cartoon.jpg_.webp.jpg\",\"datePublished\":\"2023-10-06T03:59:49+00:00\",\"dateModified\":\"2024-07-06T01:50:36+00:00\",\"breadcrumb\":{\"@id\":\"https:\/\/darshion.com\/product\/wrist-mousepads\/#breadcrumb\"},\"inLanguage\":\"tr\",\"potentialAction\":[{\"@type\":\"ReadAction\",\"target\":[\"https:\/\/darshion.com\/product\/wrist-mousepads\/\"]}]},{\"@type\":\"ImageObject\",\"inLanguage\":\"tr\",\"@id\":\"https:\/\/darshion.com\/product\/wrist-mousepads\/#primaryimage\",\"url\":\"https:\/\/darshion.com\/wp-content\/uploads\/2023\/10\/Creative-Idea-3D-Stereo-Silicone-Mouse-Pad-Anime-Sexy-Beauty-Chest-Hand-Rest-Mouse-Pad-Cartoon.jpg_.webp.jpg\",\"contentUrl\":\"https:\/\/darshion.com\/wp-content\/uploads\/2023\/10\/Creative-Idea-3D-Stereo-Silicone-Mouse-Pad-Anime-Sexy-Beauty-Chest-Hand-Rest-Mouse-Pad-Cartoon.jpg_.webp.jpg\",\"width\":800,\"height\":800},{\"@type\":\"BreadcrumbList\",\"@id\":\"https:\/\/darshion.com\/product\/wrist-mousepads\/#breadcrumb\",\"itemListElement\":[{\"@type\":\"ListItem\",\"position\":1,\"name\":\"\u9996\u9875\",\"item\":\"https:\/\/darshion.com\/\"},{\"@type\":\"ListItem\",\"position\":2,\"name\":\"PRODUCT\",\"item\":\"https:\/\/darshion.com\/pt\/product\/\"},{\"@type\":\"ListItem\",\"position\":3,\"name\":\"Wrist Rest 3D Soft Gaming Mouse Pad\"}]},{\"@type\":\"WebSite\",\"@id\":\"https:\/\/darshion.com\/#website\",\"url\":\"https:\/\/darshion.com\/\",\"name\":\"darshion\",\"description\":\"14 Years of Experience, Quality Assurance, Innovative Design\",\"publisher\":{\"@id\":\"https:\/\/darshion.com\/#organization\"},\"potentialAction\":[{\"@type\":\"SearchAction\",\"target\":{\"@type\":\"EntryPoint\",\"urlTemplate\":\"https:\/\/darshion.com\/?s={search_term_string}\"},\"query-input\":{\"@type\":\"PropertyValueSpecification\",\"valueRequired\":true,\"valueName\":\"search_term_string\"}}],\"inLanguage\":\"tr\"},{\"@type\":\"Organization\",\"@id\":\"https:\/\/darshion.com\/#organization\",\"name\":\"darshion\",\"url\":\"https:\/\/darshion.com\/\",\"logo\":{\"@type\":\"ImageObject\",\"inLanguage\":\"tr\",\"@id\":\"https:\/\/darshion.com\/#\/schema\/logo\/image\/\",\"url\":\"https:\/\/darshion.com\/wp-content\/uploads\/2023\/09\/01-1.png\",\"contentUrl\":\"https:\/\/darshion.com\/wp-content\/uploads\/2023\/09\/01-1.png\",\"width\":350,\"height\":100,\"caption\":\"darshion\"},\"image\":{\"@id\":\"https:\/\/darshion.com\/#\/schema\/logo\/image\/\"}}]}<\/script>\n<!-- \/ Yoast SEO Premium plugin. -->","yoast_head_json":{"title":"Bilek Dayana\u011f\u0131 3D Yumu\u015fak Oyun Mouse Pad'i - darshion","robots":{"index":"index","follow":"follow","max-snippet":"max-snippet:-1","max-image-preview":"max-image-preview:large","max-video-preview":"max-video-preview:-1"},"canonical":"https:\/\/darshion.com\/tr\/urun\/wrist-mousepads\/","og_locale":"tr_TR","og_type":"article","og_title":"Wrist Rest 3D Soft Gaming Mouse Pad","og_description":"Sexy Anime Gaming Mouse Pad Wrist Rest 3D Soft Breast Mousepad Sexy Girl Hip Kawaii Silicone Desktop Mat","og_url":"https:\/\/darshion.com\/tr\/urun\/wrist-mousepads\/","og_site_name":"darshion","article_modified_time":"2024-07-06T01:50:36+00:00","og_image":[{"width":800,"height":800,"url":"https:\/\/darshion.com\/wp-content\/uploads\/2023\/10\/Creative-Idea-3D-Stereo-Silicone-Mouse-Pad-Anime-Sexy-Beauty-Chest-Hand-Rest-Mouse-Pad-Cartoon.jpg_.webp.jpg","type":"image\/jpeg"}],"twitter_card":"summary_large_image","schema":{"@context":"https:\/\/schema.org","@graph":[{"@type":"WebPage","@id":"https:\/\/darshion.com\/product\/wrist-mousepads\/","url":"https:\/\/darshion.com\/product\/wrist-mousepads\/","name":"Bilek Dayana\u011f\u0131 3D Yumu\u015fak Oyun Mouse Pad'i - darshion","isPartOf":{"@id":"https:\/\/darshion.com\/#website"},"primaryImageOfPage":{"@id":"https:\/\/darshion.com\/product\/wrist-mousepads\/#primaryimage"},"image":{"@id":"https:\/\/darshion.com\/product\/wrist-mousepads\/#primaryimage"},"thumbnailUrl":"https:\/\/darshion.com\/wp-content\/uploads\/2023\/10\/Creative-Idea-3D-Stereo-Silicone-Mouse-Pad-Anime-Sexy-Beauty-Chest-Hand-Rest-Mouse-Pad-Cartoon.jpg_.webp.jpg","datePublished":"2023-10-06T03:59:49+00:00","dateModified":"2024-07-06T01:50:36+00:00","breadcrumb":{"@id":"https:\/\/darshion.com\/product\/wrist-mousepads\/#breadcrumb"},"inLanguage":"tr","potentialAction":[{"@type":"ReadAction","target":["https:\/\/darshion.com\/product\/wrist-mousepads\/"]}]},{"@type":"ImageObject","inLanguage":"tr","@id":"https:\/\/darshion.com\/product\/wrist-mousepads\/#primaryimage","url":"https:\/\/darshion.com\/wp-content\/uploads\/2023\/10\/Creative-Idea-3D-Stereo-Silicone-Mouse-Pad-Anime-Sexy-Beauty-Chest-Hand-Rest-Mouse-Pad-Cartoon.jpg_.webp.jpg","contentUrl":"https:\/\/darshion.com\/wp-content\/uploads\/2023\/10\/Creative-Idea-3D-Stereo-Silicone-Mouse-Pad-Anime-Sexy-Beauty-Chest-Hand-Rest-Mouse-Pad-Cartoon.jpg_.webp.jpg","width":800,"height":800},{"@type":"BreadcrumbList","@id":"https:\/\/darshion.com\/product\/wrist-mousepads\/#breadcrumb","itemListElement":[{"@type":"ListItem","position":1,"name":"\u9996\u9875","item":"https:\/\/darshion.com\/"},{"@type":"ListItem","position":2,"name":"PRODUCT","item":"https:\/\/darshion.com\/pt\/product\/"},{"@type":"ListItem","position":3,"name":"Wrist Rest 3D Soft Gaming Mouse Pad"}]},{"@type":"WebSite","@id":"https:\/\/darshion.com\/#website","url":"https:\/\/darshion.com\/","name":"darshion","description":"14 Y\u0131ll\u0131k Tecr\u00fcbe, Kalite G\u00fcvencesi, Yenilik\u00e7i Tasar\u0131m","publisher":{"@id":"https:\/\/darshion.com\/#organization"},"potentialAction":[{"@type":"SearchAction","target":{"@type":"EntryPoint","urlTemplate":"https:\/\/darshion.com\/?s={search_term_string}"},"query-input":{"@type":"PropertyValueSpecification","valueRequired":true,"valueName":"search_term_string"}}],"inLanguage":"tr"},{"@type":"Organization","@id":"https:\/\/darshion.com\/#organization","name":"darshion","url":"https:\/\/darshion.com\/","logo":{"@type":"ImageObject","inLanguage":"tr","@id":"https:\/\/darshion.com\/#\/schema\/logo\/image\/","url":"https:\/\/darshion.com\/wp-content\/uploads\/2023\/09\/01-1.png","contentUrl":"https:\/\/darshion.com\/wp-content\/uploads\/2023\/09\/01-1.png","width":350,"height":100,"caption":"darshion"},"image":{"@id":"https:\/\/darshion.com\/#\/schema\/logo\/image\/"}}]}},"_links":{"self":[{"href":"https:\/\/darshion.com\/tr\/wp-json\/wp\/v2\/product\/1053"}],"collection":[{"href":"https:\/\/darshion.com\/tr\/wp-json\/wp\/v2\/product"}],"about":[{"href":"https:\/\/darshion.com\/tr\/wp-json\/wp\/v2\/types\/product"}],"replies":[{"embeddable":true,"href":"https:\/\/darshion.com\/tr\/wp-json\/wp\/v2\/comments?post=1053"}],"wp:featuredmedia":[{"embeddable":true,"href":"https:\/\/darshion.com\/tr\/wp-json\/wp\/v2\/media\/1054"}],"wp:attachment":[{"href":"https:\/\/darshion.com\/tr\/wp-json\/wp\/v2\/media?parent=1053"}],"wp:term":[{"taxonomy":"product_cat","embeddable":true,"href":"https:\/\/darshion.com\/tr\/wp-json\/wp\/v2\/product_cat?post=1053"},{"taxonomy":"product_tag","embeddable":true,"href":"https:\/\/darshion.com\/tr\/wp-json\/wp\/v2\/product_tag?post=1053"}],"curies":[{"name":"wp","href":"https:\/\/api.w.org\/{rel}","templated":true}]}}