{"id":1063,"date":"2023-10-06T16:09:28","date_gmt":"2023-10-06T08:09:28","guid":{"rendered":"https:\/\/darshion.com\/?post_type=product&#038;p=1063"},"modified":"2024-07-06T09:50:27","modified_gmt":"2024-07-06T01:50:27","slug":"leather-mousepads","status":"publish","type":"product","link":"https:\/\/darshion.com\/tr\/urun\/leather-mousepads\/","title":{"rendered":"PU Deri Su Ge\u00e7irmez Mouse Pad \u00dcreticisi"},"content":{"rendered":"<h2>Toplu Deri Mouse Pad Toptan Sat\u0131\u015f<\/h2>\n<div class=\"aplus-v2 desktop celwidget\" data-csa-c-id=\"buydj7-tvddbq-k3wm84-wsjsff\" data-cel-widget=\"aplus\">\n<div class=\"celwidget aplus-module module-11 aplus-standard\" data-csa-c-id=\"lyqns2-w0bgk6-a9efo0-udeuev\" data-cel-widget=\"aplus-module-11\">\n<div class=\"aplus-module-wrapper apm-spacing apm-floatnone apm-fixed-width\">\n<div class=\"apm-sidemodule aplus-module-content\">\n<div class=\"apm-hero-image\">\n<p><img fetchpriority=\"high\" decoding=\"async\" class=\"size-full wp-image-2238\" src=\"https:\/\/darshion.com\/wp-content\/uploads\/2024\/05\/aerbh-3rggz.webp\" alt=\"mouse pads wholesale\" width=\"970\" height=\"300\" srcset=\"https:\/\/darshion.com\/wp-content\/uploads\/2024\/05\/aerbh-3rggz.webp 970w, https:\/\/darshion.com\/wp-content\/uploads\/2024\/05\/aerbh-3rggz-300x93.webp 300w, https:\/\/darshion.com\/wp-content\/uploads\/2024\/05\/aerbh-3rggz-768x238.webp 768w, https:\/\/darshion.com\/wp-content\/uploads\/2024\/05\/aerbh-3rggz-600x186.webp 600w\" sizes=\"(max-width: 970px) 100vw, 970px\" \/><\/p>\n<\/div>\n<\/div>\n<\/div>\n<\/div>\n<div class=\"celwidget aplus-module module-3 aplus-standard\" data-csa-c-id=\"5f5y2d-rk39rw-ey84ga-1esz8a\" data-cel-widget=\"aplus-module-3\">\n<div class=\"aplus-module-wrapper apm-floatnone apm-fixed-width\">\n<div class=\"apm-sidemodule apm-spacing\">\n<div class=\"apm-sidemodule-imageright\">\n<p><img decoding=\"async\" class=\"wp-image-2240 alignleft\" src=\"https:\/\/darshion.com\/wp-content\/uploads\/2024\/05\/ak536-7q96m.webp\" alt=\"mouse pads wholesale\" width=\"363\" height=\"363\" srcset=\"https:\/\/darshion.com\/wp-content\/uploads\/2024\/05\/ak536-7q96m.webp 300w, https:\/\/darshion.com\/wp-content\/uploads\/2024\/05\/ak536-7q96m-150x150.webp 150w, https:\/\/darshion.com\/wp-content\/uploads\/2024\/05\/ak536-7q96m-100x100.webp 100w\" sizes=\"(max-width: 363px) 100vw, 363px\" \/><\/p>\n<\/div>\n<div class=\"apm-sidemodule-textleft\">\n<h3><\/h3>\n<h3><\/h3>\n<h3 class=\"a-spacing-mini\" style=\"text-align: center;\">B\u00fcy\u00fck Mouse Pad<\/h3>\n<p><span class=\"a-text-bold\">Towwi masa pedi<\/span> tam hareket ve do\u011fru konumland\u0131rma sa\u011flayan birinci s\u0131n\u0131f dokulu ve b\u00fcy\u00fck boyutlu y\u00fczeydir. Fare h\u0131zl\u0131 ve sorunsuz hareket edebilir. Sorunsuz bir deneyim sa\u011flayan t\u00fcm farelerle etkili bir \u015fekilde \u00e7al\u0131\u015f\u0131r.<\/p>\n<\/div>\n<\/div>\n<\/div>\n<\/div>\n<\/div>\n<div class=\"aplus-v2 desktop celwidget\" data-csa-c-id=\"buydj7-tvddbq-k3wm84-wsjsff\" data-cel-widget=\"aplus\">\n<div class=\"celwidget aplus-module module-9 aplus-standard\" data-csa-c-id=\"tkdkch-1w3yyv-t6v4s6-fkqoxb\" data-cel-widget=\"aplus-module-9\">\n<div class=\"aplus-module-wrapper apm-fixed-width\">\n<div class=\"apm-spacing apm-fixed-width\">\n<p>&nbsp;<\/p>\n<p>&nbsp;<\/p>\n<p>&nbsp;<\/p>\n<p>&nbsp;<\/p>\n<p>&nbsp;<\/p>\n<p>&nbsp;<\/p>\n<table class=\"apm-fixed-width apm-eventhirdcol-table\">\n<tbody>\n<tr>\n<th class=\"apm-center\">\n<div class=\"apm-eventhirdcol apm-floatleft\">\n<p><img decoding=\"async\" class=\"size-full wp-image-2244\" src=\"https:\/\/darshion.com\/wp-content\/uploads\/2024\/05\/a8tm5-iuqqh.webp\" alt=\"mouse pads wholesale\" width=\"300\" height=\"300\" srcset=\"https:\/\/darshion.com\/wp-content\/uploads\/2024\/05\/a8tm5-iuqqh.webp 300w, https:\/\/darshion.com\/wp-content\/uploads\/2024\/05\/a8tm5-iuqqh-150x150.webp 150w, https:\/\/darshion.com\/wp-content\/uploads\/2024\/05\/a8tm5-iuqqh-100x100.webp 100w\" sizes=\"(max-width: 300px) 100vw, 300px\" \/><\/p>\n<\/div>\n<\/th>\n<th class=\"apm-center\">\n<div class=\"apm-eventhirdcol apm-floatleft\">\n<p><img loading=\"lazy\" decoding=\"async\" class=\"size-full wp-image-2245\" src=\"https:\/\/darshion.com\/wp-content\/uploads\/2024\/05\/aor2f-y8brp.webp\" alt=\"mouse pads wholesale\" width=\"300\" height=\"300\" srcset=\"https:\/\/darshion.com\/wp-content\/uploads\/2024\/05\/aor2f-y8brp.webp 300w, https:\/\/darshion.com\/wp-content\/uploads\/2024\/05\/aor2f-y8brp-150x150.webp 150w, https:\/\/darshion.com\/wp-content\/uploads\/2024\/05\/aor2f-y8brp-100x100.webp 100w\" sizes=\"(max-width: 300px) 100vw, 300px\" \/><\/p>\n<\/div>\n<\/th>\n<th class=\"apm-center\">\n<div class=\"apm-eventhirdcol apm-floatleft\">\n<p><img loading=\"lazy\" decoding=\"async\" class=\"size-full wp-image-2246\" src=\"https:\/\/darshion.com\/wp-content\/uploads\/2024\/05\/a64i5-9gjan.webp\" alt=\"mouse pads wholesale\" width=\"300\" height=\"300\" srcset=\"https:\/\/darshion.com\/wp-content\/uploads\/2024\/05\/a64i5-9gjan.webp 300w, https:\/\/darshion.com\/wp-content\/uploads\/2024\/05\/a64i5-9gjan-150x150.webp 150w, https:\/\/darshion.com\/wp-content\/uploads\/2024\/05\/a64i5-9gjan-100x100.webp 100w\" sizes=\"(max-width: 300px) 100vw, 300px\" \/><\/p>\n<\/div>\n<\/th>\n<\/tr>\n<tr>\n<td class=\"apm-top\">\n<div class=\"apm-eventhirdcol apm-floatleft\">\n<h4 class=\"a-spacing-mini\">Kolay Temizlenir<\/h4>\n<p>Y\u00fczey su ge\u00e7irmez ve ya\u011f ge\u00e7irmezdir, temizlenmesi kolayd\u0131r, yanl\u0131\u015fl\u0131kla \u00fczerine su serpti\u011finizde \uff0c silmek i\u00e7in sadece bez kullan\u0131n \uff0c paspas\u0131n i\u00e7inde \u00e7ok fazla kir varsa \u0131slak bez tercih edilir.<\/p>\n<\/div>\n<\/td>\n<td class=\"apm-top\">\n<div class=\"apm-eventhirdcol apm-floatleft\">\n<h4 class=\"a-spacing-mini\">Ta\u015f\u0131nabilir Tasar\u0131m<\/h4>\n<p>Rulo halinde gelir ve kolayca d\u00fcz hale getirilebilir. Bir ba\u011f ile paketleyin, masa pedi mat\u0131n\u0131 i\u015fe veya i\u015f gezisine her yere yuvarlayabilir ve ta\u015f\u0131yabilirsiniz.<\/p>\n<\/div>\n<\/td>\n<td class=\"apm-top\">\n<div class=\"apm-eventhirdcol apm-floatleft\">\n<h4 class=\"a-spacing-mini\">M\u00fckemmel Yaz\u0131 Y\u00fczeyi<\/h4>\n<p>Towwi Masa pedi, ellerinizi dinlendirmek ve zahmetsizce yazmak i\u00e7in rahatt\u0131r. Masan\u0131z\u0131 \u00e7izilmeye kar\u015f\u0131 y\u00fcksek oranda korur ve ofis ortam\u0131n\u0131za biraz renk katar<\/p>\n<\/div>\n<\/td>\n<\/tr>\n<\/tbody>\n<\/table>\n<\/div>\n<\/div>\n<\/div>\n<\/div>\n<div><\/div>\n<h3>Sa\u011fl\u0131k Dostu Masa \u00d6rt\u00fcs\u00fc:<\/h3>\n<div>\u00a0Sa\u011fl\u0131\u011f\u0131n\u0131za de\u011fer veriyoruz, Towwi Masa Pedi y\u00fcksek kaliteli \u00e7evre dostu malzemelerden yap\u0131lm\u0131\u015ft\u0131r - PU Deri (ger\u00e7ek deri yok) ve S\u00fcet. Hepsi g\u00fcvenli ve \u00e7evre dostu malzemelerdir.<\/div>\n<div><\/div>\n<div>\n<p><img loading=\"lazy\" decoding=\"async\" class=\"size-full wp-image-2241\" src=\"https:\/\/darshion.com\/wp-content\/uploads\/2024\/05\/a9ps3-efhch.webp\" alt=\"mouse pads wholesale\" width=\"970\" height=\"398\" srcset=\"https:\/\/darshion.com\/wp-content\/uploads\/2024\/05\/a9ps3-efhch.webp 970w, https:\/\/darshion.com\/wp-content\/uploads\/2024\/05\/a9ps3-efhch-300x123.webp 300w, https:\/\/darshion.com\/wp-content\/uploads\/2024\/05\/a9ps3-efhch-768x315.webp 768w, https:\/\/darshion.com\/wp-content\/uploads\/2024\/05\/a9ps3-efhch-600x246.webp 600w\" sizes=\"(max-width: 970px) 100vw, 970px\" \/><\/p>\n<\/div>\n<h3><\/h3>\n<h3>Masan\u0131z\u0131 ve G\u00f6zlerinizi Koruyun:<\/h3>\n<div>PU deri taraf\u0131 su ge\u00e7irmez, ya\u011f ge\u00e7irmezdir ve masa\u00fcst\u00fcn\u00fcz\u00fc \u00e7izilmelere, lekelere ve d\u00f6k\u00fclmelere kar\u015f\u0131 korur. Silmek i\u00e7in \u0131slak bez kullan\u0131n, temizlemesi \u00e7ok kolayd\u0131r. Y\u00fczey dokusu, \u0131\u015f\u0131k yans\u0131mas\u0131n\u0131n g\u00f6z\u00fc tahri\u015f etmesini \u00f6nler, g\u00f6z yorgunlu\u011funu giderir.<\/div>\n<div><\/div>\n<div>\n<p><img loading=\"lazy\" decoding=\"async\" class=\"size-full wp-image-2239\" src=\"https:\/\/darshion.com\/wp-content\/uploads\/2024\/05\/a1crw-73ul3.webp\" alt=\"mouse pads wholesale\" width=\"970\" height=\"300\" srcset=\"https:\/\/darshion.com\/wp-content\/uploads\/2024\/05\/a1crw-73ul3.webp 970w, https:\/\/darshion.com\/wp-content\/uploads\/2024\/05\/a1crw-73ul3-300x93.webp 300w, https:\/\/darshion.com\/wp-content\/uploads\/2024\/05\/a1crw-73ul3-768x238.webp 768w, https:\/\/darshion.com\/wp-content\/uploads\/2024\/05\/a1crw-73ul3-600x186.webp 600w\" sizes=\"(max-width: 970px) 100vw, 970px\" \/><\/p>\n<\/div>\n<h3><\/h3>\n<h3>Su Ge\u00e7irmez Y\u00fczey ve Kaymaz Arka Taraf:<\/h3>\n<div>Farkl\u0131 taraflar farkl\u0131 malzeme; PU deri taraf\u0131 p\u00fcr\u00fczs\u00fcz ve su ge\u00e7irmezdir, mouse pad ve yaz\u0131 pedi olarak kullan\u0131labilir. S\u00fcet arka taraf kaymaz tabanl\u0131d\u0131r, size yumu\u015fak bir dokunu\u015f sa\u011flar ve l\u00fctfen arka taraf\u0131n tamamen su ge\u00e7irmez OLMADI\u011eINI unutmay\u0131n.<\/div>\n<div><\/div>\n<div>\n<p><img loading=\"lazy\" decoding=\"async\" class=\"size-full wp-image-2243\" src=\"https:\/\/darshion.com\/wp-content\/uploads\/2024\/05\/a7qkj-pc6s9.webp\" alt=\"mouse pads wholesale\" width=\"970\" height=\"398\" srcset=\"https:\/\/darshion.com\/wp-content\/uploads\/2024\/05\/a7qkj-pc6s9.webp 970w, https:\/\/darshion.com\/wp-content\/uploads\/2024\/05\/a7qkj-pc6s9-300x123.webp 300w, https:\/\/darshion.com\/wp-content\/uploads\/2024\/05\/a7qkj-pc6s9-768x315.webp 768w, https:\/\/darshion.com\/wp-content\/uploads\/2024\/05\/a7qkj-pc6s9-600x246.webp 600w\" sizes=\"(max-width: 970px) 100vw, 970px\" \/><\/p>\n<\/div>\n<h3><\/h3>\n<h3>Ta\u015f\u0131nabilir Tasar\u0131m:<\/h3>\n<div>Ped yumu\u015fak ve ince olacak \u015fekilde tasarlanm\u0131\u015ft\u0131r. Depoya koymak veya yan\u0131n\u0131zda g\u00f6t\u00fcrmek istiyorsan\u0131z, kay\u0131\u015fla sarman\u0131z yeterlidir. Ama\u00e7 yerden tasarruf etmek ve ta\u015f\u0131may\u0131 kolayla\u015ft\u0131rmakt\u0131r.<\/div>\n<div><\/div>\n<div class=\"aplus-v2 desktop celwidget\" data-csa-c-id=\"buydj7-tvddbq-k3wm84-wsjsff\" data-cel-widget=\"aplus\">\n<div class=\"celwidget aplus-module module-12 aplus-standard\" data-csa-c-id=\"exs0mw-2b73ec-ctf10a-osgidd\" data-cel-widget=\"aplus-module-12\">\n<div class=\"aplus-module-wrapper apm-spacing apm-floatnone apm-fixed-width\">\n<div class=\"apm-sidemodule aplus-module-content\">\n<div class=\"apm-hero-image\">\n<p><img loading=\"lazy\" decoding=\"async\" class=\"size-full wp-image-2242\" src=\"https:\/\/darshion.com\/wp-content\/uploads\/2024\/05\/a3opa-t0oi1.webp\" alt=\"mouse pads wholesale\" width=\"970\" height=\"398\" srcset=\"https:\/\/darshion.com\/wp-content\/uploads\/2024\/05\/a3opa-t0oi1.webp 970w, https:\/\/darshion.com\/wp-content\/uploads\/2024\/05\/a3opa-t0oi1-300x123.webp 300w, https:\/\/darshion.com\/wp-content\/uploads\/2024\/05\/a3opa-t0oi1-768x315.webp 768w, https:\/\/darshion.com\/wp-content\/uploads\/2024\/05\/a3opa-t0oi1-600x246.webp 600w\" sizes=\"(max-width: 970px) 100vw, 970px\" \/><\/p>\n<\/div>\n<\/div>\n<\/div>\n<\/div>\n<\/div>","protected":false},"excerpt":{"rendered":"<p>Fabrika \u00d6zel Boyut Bask\u0131 Kaymaz PU Deri Masa Pedi Oyun Koruyucu Ofis Masa Mat Mouse Pad<\/p>","protected":false},"featured_media":1067,"comment_status":"open","ping_status":"closed","template":"","meta":{"_monsterinsights_skip_tracking":false,"_monsterinsights_sitenote_active":false,"_monsterinsights_sitenote_note":"","_monsterinsights_sitenote_category":0},"product_cat":[100],"product_tag":[95,112],"yoast_head":"<!-- This site is optimized with the Yoast SEO Premium plugin v22.9 (Yoast SEO v24.0) - https:\/\/yoast.com\/wordpress\/plugins\/seo\/ -->\n<title>PU Leather Waterproof Mouse Pad Manufacturer - darshion<\/title>\n<meta name=\"robots\" content=\"index, follow, max-snippet:-1, max-image-preview:large, max-video-preview:-1\" \/>\n<link rel=\"canonical\" href=\"https:\/\/darshion.com\/tr\/urun\/leather-mousepads\/\" \/>\n<meta property=\"og:locale\" content=\"tr_TR\" \/>\n<meta property=\"og:type\" content=\"article\" \/>\n<meta property=\"og:title\" content=\"PU Leather Waterproof Mouse Pad Manufacturer\" \/>\n<meta property=\"og:description\" content=\"Factory Custom Size Print Non Slip PU Leather Desk Pad Gaming Protector Office Table Mat Mouse Pad\" \/>\n<meta property=\"og:url\" content=\"https:\/\/darshion.com\/tr\/urun\/leather-mousepads\/\" \/>\n<meta property=\"og:site_name\" content=\"darshion\" \/>\n<meta property=\"article:modified_time\" content=\"2024-07-06T01:50:27+00:00\" \/>\n<meta property=\"og:image\" content=\"https:\/\/darshion.com\/wp-content\/uploads\/2023\/10\/PU-Leather-Desk-Protector-Mat-Large-Size-Office-Waterproof-Mouse-Pad-XXL-Desktop-Gaming-MousePad-Mouse.jpg_.webp.jpg\" \/>\n\t<meta property=\"og:image:width\" content=\"1000\" \/>\n\t<meta property=\"og:image:height\" content=\"1000\" \/>\n\t<meta property=\"og:image:type\" content=\"image\/jpeg\" \/>\n<meta name=\"twitter:card\" content=\"summary_large_image\" \/>\n<meta name=\"twitter:label1\" content=\"Tahmini okuma s\u00fcresi\" \/>\n\t<meta name=\"twitter:data1\" content=\"2 dakika\" \/>\n<script type=\"application\/ld+json\" class=\"yoast-schema-graph\">{\"@context\":\"https:\/\/schema.org\",\"@graph\":[{\"@type\":\"WebPage\",\"@id\":\"https:\/\/darshion.com\/product\/leather-mousepads\/\",\"url\":\"https:\/\/darshion.com\/product\/leather-mousepads\/\",\"name\":\"PU Leather Waterproof Mouse Pad Manufacturer - darshion\",\"isPartOf\":{\"@id\":\"https:\/\/darshion.com\/#website\"},\"primaryImageOfPage\":{\"@id\":\"https:\/\/darshion.com\/product\/leather-mousepads\/#primaryimage\"},\"image\":{\"@id\":\"https:\/\/darshion.com\/product\/leather-mousepads\/#primaryimage\"},\"thumbnailUrl\":\"https:\/\/darshion.com\/wp-content\/uploads\/2023\/10\/PU-Leather-Desk-Protector-Mat-Large-Size-Office-Waterproof-Mouse-Pad-XXL-Desktop-Gaming-MousePad-Mouse.jpg_.webp.jpg\",\"datePublished\":\"2023-10-06T08:09:28+00:00\",\"dateModified\":\"2024-07-06T01:50:27+00:00\",\"breadcrumb\":{\"@id\":\"https:\/\/darshion.com\/product\/leather-mousepads\/#breadcrumb\"},\"inLanguage\":\"tr\",\"potentialAction\":[{\"@type\":\"ReadAction\",\"target\":[\"https:\/\/darshion.com\/product\/leather-mousepads\/\"]}]},{\"@type\":\"ImageObject\",\"inLanguage\":\"tr\",\"@id\":\"https:\/\/darshion.com\/product\/leather-mousepads\/#primaryimage\",\"url\":\"https:\/\/darshion.com\/wp-content\/uploads\/2023\/10\/PU-Leather-Desk-Protector-Mat-Large-Size-Office-Waterproof-Mouse-Pad-XXL-Desktop-Gaming-MousePad-Mouse.jpg_.webp.jpg\",\"contentUrl\":\"https:\/\/darshion.com\/wp-content\/uploads\/2023\/10\/PU-Leather-Desk-Protector-Mat-Large-Size-Office-Waterproof-Mouse-Pad-XXL-Desktop-Gaming-MousePad-Mouse.jpg_.webp.jpg\",\"width\":1000,\"height\":1000},{\"@type\":\"BreadcrumbList\",\"@id\":\"https:\/\/darshion.com\/product\/leather-mousepads\/#breadcrumb\",\"itemListElement\":[{\"@type\":\"ListItem\",\"position\":1,\"name\":\"\u9996\u9875\",\"item\":\"https:\/\/darshion.com\/\"},{\"@type\":\"ListItem\",\"position\":2,\"name\":\"PRODUCT\",\"item\":\"https:\/\/darshion.com\/pt\/product\/\"},{\"@type\":\"ListItem\",\"position\":3,\"name\":\"PU Leather Waterproof Mouse Pad Manufacturer\"}]},{\"@type\":\"WebSite\",\"@id\":\"https:\/\/darshion.com\/#website\",\"url\":\"https:\/\/darshion.com\/\",\"name\":\"darshion\",\"description\":\"14 Years of Experience, Quality Assurance, Innovative Design\",\"publisher\":{\"@id\":\"https:\/\/darshion.com\/#organization\"},\"potentialAction\":[{\"@type\":\"SearchAction\",\"target\":{\"@type\":\"EntryPoint\",\"urlTemplate\":\"https:\/\/darshion.com\/?s={search_term_string}\"},\"query-input\":{\"@type\":\"PropertyValueSpecification\",\"valueRequired\":true,\"valueName\":\"search_term_string\"}}],\"inLanguage\":\"tr\"},{\"@type\":\"Organization\",\"@id\":\"https:\/\/darshion.com\/#organization\",\"name\":\"darshion\",\"url\":\"https:\/\/darshion.com\/\",\"logo\":{\"@type\":\"ImageObject\",\"inLanguage\":\"tr\",\"@id\":\"https:\/\/darshion.com\/#\/schema\/logo\/image\/\",\"url\":\"https:\/\/darshion.com\/wp-content\/uploads\/2023\/09\/01-1.png\",\"contentUrl\":\"https:\/\/darshion.com\/wp-content\/uploads\/2023\/09\/01-1.png\",\"width\":350,\"height\":100,\"caption\":\"darshion\"},\"image\":{\"@id\":\"https:\/\/darshion.com\/#\/schema\/logo\/image\/\"}}]}<\/script>\n<!-- \/ Yoast SEO Premium plugin. -->","yoast_head_json":{"title":"PU Deri Su Ge\u00e7irmez Mouse Pad \u00dcreticisi - darshion","robots":{"index":"index","follow":"follow","max-snippet":"max-snippet:-1","max-image-preview":"max-image-preview:large","max-video-preview":"max-video-preview:-1"},"canonical":"https:\/\/darshion.com\/tr\/urun\/leather-mousepads\/","og_locale":"tr_TR","og_type":"article","og_title":"PU Leather Waterproof Mouse Pad Manufacturer","og_description":"Factory Custom Size Print Non Slip PU Leather Desk Pad Gaming Protector Office Table Mat Mouse Pad","og_url":"https:\/\/darshion.com\/tr\/urun\/leather-mousepads\/","og_site_name":"darshion","article_modified_time":"2024-07-06T01:50:27+00:00","og_image":[{"width":1000,"height":1000,"url":"https:\/\/darshion.com\/wp-content\/uploads\/2023\/10\/PU-Leather-Desk-Protector-Mat-Large-Size-Office-Waterproof-Mouse-Pad-XXL-Desktop-Gaming-MousePad-Mouse.jpg_.webp.jpg","type":"image\/jpeg"}],"twitter_card":"summary_large_image","twitter_misc":{"Tahmini okuma s\u00fcresi":"2 dakika"},"schema":{"@context":"https:\/\/schema.org","@graph":[{"@type":"WebPage","@id":"https:\/\/darshion.com\/product\/leather-mousepads\/","url":"https:\/\/darshion.com\/product\/leather-mousepads\/","name":"PU Deri Su Ge\u00e7irmez Mouse Pad \u00dcreticisi - darshion","isPartOf":{"@id":"https:\/\/darshion.com\/#website"},"primaryImageOfPage":{"@id":"https:\/\/darshion.com\/product\/leather-mousepads\/#primaryimage"},"image":{"@id":"https:\/\/darshion.com\/product\/leather-mousepads\/#primaryimage"},"thumbnailUrl":"https:\/\/darshion.com\/wp-content\/uploads\/2023\/10\/PU-Leather-Desk-Protector-Mat-Large-Size-Office-Waterproof-Mouse-Pad-XXL-Desktop-Gaming-MousePad-Mouse.jpg_.webp.jpg","datePublished":"2023-10-06T08:09:28+00:00","dateModified":"2024-07-06T01:50:27+00:00","breadcrumb":{"@id":"https:\/\/darshion.com\/product\/leather-mousepads\/#breadcrumb"},"inLanguage":"tr","potentialAction":[{"@type":"ReadAction","target":["https:\/\/darshion.com\/product\/leather-mousepads\/"]}]},{"@type":"ImageObject","inLanguage":"tr","@id":"https:\/\/darshion.com\/product\/leather-mousepads\/#primaryimage","url":"https:\/\/darshion.com\/wp-content\/uploads\/2023\/10\/PU-Leather-Desk-Protector-Mat-Large-Size-Office-Waterproof-Mouse-Pad-XXL-Desktop-Gaming-MousePad-Mouse.jpg_.webp.jpg","contentUrl":"https:\/\/darshion.com\/wp-content\/uploads\/2023\/10\/PU-Leather-Desk-Protector-Mat-Large-Size-Office-Waterproof-Mouse-Pad-XXL-Desktop-Gaming-MousePad-Mouse.jpg_.webp.jpg","width":1000,"height":1000},{"@type":"BreadcrumbList","@id":"https:\/\/darshion.com\/product\/leather-mousepads\/#breadcrumb","itemListElement":[{"@type":"ListItem","position":1,"name":"\u9996\u9875","item":"https:\/\/darshion.com\/"},{"@type":"ListItem","position":2,"name":"PRODUCT","item":"https:\/\/darshion.com\/pt\/product\/"},{"@type":"ListItem","position":3,"name":"PU Leather Waterproof Mouse Pad Manufacturer"}]},{"@type":"WebSite","@id":"https:\/\/darshion.com\/#website","url":"https:\/\/darshion.com\/","name":"darshion","description":"14 Y\u0131ll\u0131k Tecr\u00fcbe, Kalite G\u00fcvencesi, Yenilik\u00e7i Tasar\u0131m","publisher":{"@id":"https:\/\/darshion.com\/#organization"},"potentialAction":[{"@type":"SearchAction","target":{"@type":"EntryPoint","urlTemplate":"https:\/\/darshion.com\/?s={search_term_string}"},"query-input":{"@type":"PropertyValueSpecification","valueRequired":true,"valueName":"search_term_string"}}],"inLanguage":"tr"},{"@type":"Organization","@id":"https:\/\/darshion.com\/#organization","name":"darshion","url":"https:\/\/darshion.com\/","logo":{"@type":"ImageObject","inLanguage":"tr","@id":"https:\/\/darshion.com\/#\/schema\/logo\/image\/","url":"https:\/\/darshion.com\/wp-content\/uploads\/2023\/09\/01-1.png","contentUrl":"https:\/\/darshion.com\/wp-content\/uploads\/2023\/09\/01-1.png","width":350,"height":100,"caption":"darshion"},"image":{"@id":"https:\/\/darshion.com\/#\/schema\/logo\/image\/"}}]}},"_links":{"self":[{"href":"https:\/\/darshion.com\/tr\/wp-json\/wp\/v2\/product\/1063"}],"collection":[{"href":"https:\/\/darshion.com\/tr\/wp-json\/wp\/v2\/product"}],"about":[{"href":"https:\/\/darshion.com\/tr\/wp-json\/wp\/v2\/types\/product"}],"replies":[{"embeddable":true,"href":"https:\/\/darshion.com\/tr\/wp-json\/wp\/v2\/comments?post=1063"}],"wp:featuredmedia":[{"embeddable":true,"href":"https:\/\/darshion.com\/tr\/wp-json\/wp\/v2\/media\/1067"}],"wp:attachment":[{"href":"https:\/\/darshion.com\/tr\/wp-json\/wp\/v2\/media?parent=1063"}],"wp:term":[{"taxonomy":"product_cat","embeddable":true,"href":"https:\/\/darshion.com\/tr\/wp-json\/wp\/v2\/product_cat?post=1063"},{"taxonomy":"product_tag","embeddable":true,"href":"https:\/\/darshion.com\/tr\/wp-json\/wp\/v2\/product_tag?post=1063"}],"curies":[{"name":"wp","href":"https:\/\/api.w.org\/{rel}","templated":true}]}}