{"id":149,"date":"2023-09-14T16:01:15","date_gmt":"2023-09-14T08:01:15","guid":{"rendered":"https:\/\/darshion.com\/?post_type=product&#038;p=149"},"modified":"2024-07-19T12:15:39","modified_gmt":"2024-07-19T04:15:39","slug":"rgb-mousepads","status":"publish","type":"product","link":"https:\/\/darshion.com\/tr\/urun\/rgb-mousepads\/","title":{"rendered":"Toplu Ayd\u0131nl\u0131k Oyun RGB Mouse Pad'leri"},"content":{"rendered":"<div class=\"elementor-element elementor-element-1766ea6 elementor-widget elementor-widget-heading\" data-id=\"1766ea6\" data-element_type=\"widget\" data-widget_type=\"heading.default\">\n<div class=\"elementor-widget-container\">\n<div id=\"ali-anchor-AliPostDhMb-80is8\" class=\"mceSectionContainer\" style=\"color: #000000; font-family: Arial; font-size: 12px; font-style: normal; font-weight: 400; padding-top: 8px;\" data-section=\"AliPostDhMb-80is8\" data-section-title=\"Product Description\">\n<div style=\"padding: 10px 0px;\">\n<div style=\"margin: 0px; padding: 0px; border: 0px; font-style: normal; font-weight: 400; font-size: 12px; line-height: inherit; font-family: Arial; vertical-align: baseline; color: #000000;\">\n<table class=\"is-zebra all magic-7\">\n<tbody>\n<tr>\n<td colspan=\"1\" rowspan=\"1\">\n<div class=\"magic-8\">\n<div class=\"magic-9\" data-spm-anchor-id=\"a2700.custom-template.0.i45.5b423333IFnvem\"><b><span class=\"magic-10\">E\u015fya:<\/span><\/b><\/div>\n<\/div>\n<\/td>\n<td colspan=\"1\" rowspan=\"1\">\n<div class=\"magic-11\"><b>RGB Mouse Pad<\/b><\/div>\n<\/td>\n<td colspan=\"1\" rowspan=\"1\">\n<div class=\"magic-12\"><span class=\"magic-13\"><span class=\"magic-14\"><b data-spm-anchor-id=\"a2700.custom-template.0.i215.5b423333IFnvem\">ADEDI:<\/b><\/span><\/span><\/div>\n<\/td>\n<td colspan=\"1\" rowspan=\"1\">\n<div class=\"magic-15\">100 Adet<\/div>\n<\/td>\n<\/tr>\n<tr>\n<td colspan=\"1\" rowspan=\"1\">\n<div class=\"magic-8\">\n<div class=\"magic-9\" data-spm-anchor-id=\"a2700.custom-template.0.i56.5b423333IFnvem\"><b><span class=\"magic-10\">Malzeme:<\/span><\/b><\/div>\n<\/div>\n<\/td>\n<td colspan=\"1\" rowspan=\"1\">\n<div class=\"magic-11\">Do\u011fal Kau\u00e7uk +\u0130pek Kuma\u015f+RGB Ayd\u0131nlatma<\/div>\n<\/td>\n<td colspan=\"1\" rowspan=\"1\">\n<div class=\"magic-12\"><span class=\"magic-16\"><span class=\"magic-14\"><b data-spm-anchor-id=\"a2700.custom-template.0.i213.5b423333IFnvem\">\u00d6rnek :<\/b><\/span><\/span><\/div>\n<\/td>\n<td colspan=\"1\" rowspan=\"1\">\n<div class=\"magic-15\" data-spm-anchor-id=\"a2700.details.0.i82.454d7d05QsR4UP\">Numune \u00fccreti d\u00fc\u015f\u00fclebilir<\/div>\n<\/td>\n<\/tr>\n<tr>\n<td colspan=\"1\" rowspan=\"1\">\n<div class=\"magic-8\"><b data-spm-anchor-id=\"a2700.custom-template.0.i220.5b423333IFnvem\">Bask\u0131<\/b><\/div>\n<\/td>\n<td colspan=\"1\" rowspan=\"1\">\n<div class=\"magic-11\"><b data-spm-anchor-id=\"a2700.custom-template.0.i305.5b423333IFnvem\">CMYK\u00a0<\/b><span data-spm-anchor-id=\"a2700.custom-template.0.i305.5b423333IFnvem\">Bask\u0131<\/span>\/<b data-spm-anchor-id=\"a2700.custom-template.0.i306.5b423333IFnvem\">Dijital<\/b>\u00a0Bask\u0131\/<b>\u0130pek<\/b>\u00a0Bask\u0131<\/div>\n<\/td>\n<td colspan=\"1\" rowspan=\"1\">\n<div class=\"magic-12\"><span class=\"magic-10\"><b data-spm-anchor-id=\"a2700.custom-template.0.i207.5b423333IFnvem\">\u00d6rnekleme zaman\u0131:<\/b><\/span><\/div>\n<\/td>\n<td colspan=\"1\" rowspan=\"1\">\n<div class=\"magic-15\">4-7 G\u00fcn<\/div>\n<\/td>\n<\/tr>\n<tr>\n<td colspan=\"1\" rowspan=\"1\">\n<div class=\"magic-8\">\n<div class=\"magic-9\" data-spm-anchor-id=\"a2700.custom-template.0.i57.5b423333IFnvem\"><b><span class=\"magic-10\">M beden:<\/span><\/b><\/div>\n<\/div>\n<\/td>\n<td colspan=\"1\" rowspan=\"1\">\n<div class=\"magic-11\"><b>350*250 mm\u00a0<\/b><\/div>\n<\/td>\n<td colspan=\"1\" rowspan=\"1\">\n<div class=\"magic-12\"><span class=\"magic-10\"><b data-spm-anchor-id=\"a2700.custom-template.0.i212.5b423333IFnvem\">Teslimat S\u00fcresi:<\/b><\/span><\/div>\n<\/td>\n<td colspan=\"1\" rowspan=\"1\">\n<div class=\"magic-15\">7-28 G\u00fcn \uff08normal\uff09<\/div>\n<\/td>\n<\/tr>\n<tr>\n<td colspan=\"1\" rowspan=\"1\">\n<div class=\"magic-8\">\n<div class=\"magic-9\" data-spm-anchor-id=\"a2700.custom-template.0.i58.5b423333IFnvem\"><b><span class=\"magic-10\">L beden:<\/span><\/b><\/div>\n<\/div>\n<\/td>\n<td colspan=\"1\" rowspan=\"1\">\n<div class=\"magic-11\"><b>800*300 mm<\/b><\/div>\n<\/td>\n<td colspan=\"1\" rowspan=\"1\">\n<div class=\"magic-12\"><b>Men\u015fe Yeri\uff1a<\/b><\/div>\n<\/td>\n<td colspan=\"1\" rowspan=\"1\">\n<div class=\"magic-15\">Dongguan, \u00c7in<\/div>\n<\/td>\n<\/tr>\n<tr>\n<td colspan=\"1\" rowspan=\"1\">\n<div class=\"magic-8\"><b><span class=\"magic-10\">XL beden:<\/span><\/b><\/div>\n<\/td>\n<td colspan=\"1\" rowspan=\"1\">\n<div class=\"magic-11\"><b data-spm-anchor-id=\"a2700.custom-template.0.i29.1bba3333LwM3EE\">900*400 mm<\/b><\/div>\n<\/td>\n<td colspan=\"1\" rowspan=\"1\">\n<div class=\"magic-12\"><span class=\"magic-10\"><span class=\"magic-17\" data-spm-anchor-id=\"a2700.custom-template.0.i152.5b423333IFnvem\"><b data-spm-anchor-id=\"a2700.custom-template.0.i202.5b423333IFnvem\">Sertifika:<\/b><\/span><\/span><\/div>\n<\/td>\n<td colspan=\"1\" rowspan=\"1\">\n<div class=\"magic-15\">Sedex\/Reach\/RoHS\/EN-71\/CE\/PAHs\/FAMA<\/div>\n<\/td>\n<\/tr>\n<tr>\n<td colspan=\"1\" rowspan=\"1\">\n<div class=\"magic-8\"><b><span class=\"magic-10\">Thckness:<\/span><\/b><\/div>\n<\/td>\n<td colspan=\"1\" rowspan=\"1\">\n<div class=\"magic-11\"><b>3mm\/4mm\/5mm\/6mm<\/b><\/div>\n<\/td>\n<td colspan=\"1\" rowspan=\"1\">\n<div class=\"magic-12\"><b class=\"magic-18\" data-spm-anchor-id=\"a2700.custom-template.0.i202.5b423333IFnvem\">Fiyat Vadesi\uff1a<\/b><\/div>\n<\/td>\n<td colspan=\"1\" rowspan=\"1\">\n<div class=\"magic-15\">EXW\/FOB\/CIF\/Fedex\/DHL\/TNT\/UPS<\/div>\n<\/td>\n<\/tr>\n<tr>\n<td colspan=\"1\" rowspan=\"1\">\n<div class=\"magic-8\"><b><span class=\"magic-10\">Marka:<\/span><\/b><\/div>\n<\/td>\n<td colspan=\"1\" rowspan=\"1\">\n<div class=\"magic-11\"><b>Tigerwings veya OEM\/ODM<\/b><\/div>\n<\/td>\n<td colspan=\"1\" rowspan=\"1\">\n<div class=\"magic-12\"><b class=\"magic-19\" data-spm-anchor-id=\"a2700.custom-template.0.i202.5b423333IFnvem\">\u00d6deme S\u00fcresi\uff1a<\/b><\/div>\n<\/td>\n<td colspan=\"1\" rowspan=\"1\">\n<div class=\"magic-15\">T \/ T, Paypal, Western Union, L \/ C<\/div>\n<\/td>\n<\/tr>\n<tr>\n<td colspan=\"1\" rowspan=\"1\">\n<div class=\"magic-8\"><b><span class=\"magic-10\">\u00d6zel:<\/span><\/b><\/div>\n<\/td>\n<td colspan=\"3\" rowspan=\"1\">\n<div class=\"magic-20\" data-spm-anchor-id=\"a2700.details.0.i81.454d7d05QsR4UP\">Bizler\u00a0<b data-spm-anchor-id=\"a2700.custom-template.0.i291.5b423333IFnvem\">Kaynak Fabrika<\/b>, kabul etmek\u00a0<b data-spm-anchor-id=\"a2700.custom-template.0.i290.5b423333IFnvem\">\u00d6zelle\u015ftirilmi\u015f\u00a0<\/b><span data-spm-anchor-id=\"a2700.custom-template.0.i290.5b423333IFnvem\"><b>MALZEME, BOYUT, BASKI, LOGO, KENAR, AMBALAJ<\/b><\/span>vb.<\/div>\n<\/td>\n<\/tr>\n<\/tbody>\n<\/table>\n<p>Yeni \u00d6zel Model Amazon \u00c7ok Satan Patentli \u00dcr\u00fcn<\/p>\n<p>\u00dcr\u00fcn Ad\u0131: RGB Ayd\u0131nlatmal\u0131 Mouse Pad<\/p>\n<p>\u00dcr\u00fcn A\u011f\u0131rl\u0131\u011f\u0131:<\/p>\n<ul>\n<li>900<em>400<\/em>4mm (A\u011f\u0131rl\u0131k 900-950g)<\/li>\n<li>800<em>300<\/em>4mm (A\u011f\u0131rl\u0131k 630-660g)<\/li>\n<li>300<em>250<\/em>4mm (A\u011f\u0131rl\u0131k 300-350g)<\/li>\n<\/ul>\n<p>Karton Boyutu: 48*<em>48*<\/em>35cm, 25 adet, 17KG<\/p>\n<p>7 D\u00fcz Renk, 14 Mod: Mavi, K\u0131rm\u0131z\u0131, Ye\u015fil, Beyaz, Mor, Camg\u00f6be\u011fi, Sar\u0131 Solunum Modu, Ko\u015fan At Modu<\/p>\n<p>Haf\u0131za Fonksiyonu: Kapatma Haf\u0131za Fonksiyonu<\/p>\n<p>\u00dcr\u00fcn Aray\u00fcz\u00fc: C Tipi Aray\u00fcz<\/p>\n<p>G\u00fc\u00e7 Kayna\u011f\u0131: 5V<\/p>\n<p>Paketleme \u0130ngilizce Renkli Kutu<\/p>\n<p>\u00d6zelle\u015ftirilebilir: Logo Tasar\u0131m\u0131, Ka\u011f\u0131t Kutu Ambalaj\u0131, Boyutlar<\/p>\n<p style=\"margin: 0px; padding: 0px; border: 0px; vertical-align: baseline;\"><span style=\"margin: 0px; padding: 0px; border: 0px; font-style: inherit; font-weight: inherit; font-size: 20px; line-height: 30px; vertical-align: baseline;\"><strong>Paket i\u00e7eri\u011fi:<\/strong><\/span><span style=\"margin: 0px; padding: 0px; border: 0px; font-style: inherit; font-weight: inherit; font-size: 16px; line-height: 24px; vertical-align: baseline;\"> 1* RGB mouse pad, 1* C Tipi kablo<\/span><\/p>\n<p style=\"margin: 0px; padding: 0px; border: 0px; vertical-align: baseline;\"><span style=\"margin: 0px; padding: 0px; border: 0px; font-style: inherit; font-weight: inherit; font-size: inherit; line-height: 18px; vertical-align: baseline; color: #ff0000;\"><span style=\"margin: 0px; padding: 0px; border: 0px; font-style: inherit; font-weight: inherit; font-size: 16px; line-height: 24px; vertical-align: baseline;\">Not:<\/span><\/span><\/p>\n<p style=\"margin: 0px; padding: 0px; border: 0px; vertical-align: baseline;\"><span style=\"margin: 0px; padding: 0px; border: 0px; font-style: inherit; font-weight: inherit; font-size: 16px; line-height: 24px; vertical-align: baseline; color: #ff0000;\">a\u00e7mak\/renk de\u011fi\u015ftirmek i\u00e7in bir kez bas\u0131n<\/span><\/p>\n<p style=\"margin: 0px; padding: 0px; border: 0px; vertical-align: baseline;\"><span style=\"margin: 0px; padding: 0px; border: 0px; font-style: inherit; font-weight: inherit; font-size: inherit; line-height: 18px; vertical-align: baseline; color: #ff0000;\"><span style=\"margin: 0px; padding: 0px; border: 0px; font-style: inherit; font-weight: inherit; font-size: 16px; line-height: 24px; vertical-align: baseline;\">parlakl\u0131\u011f\u0131 ayarlamak i\u00e7in iki kez h\u0131zl\u0131ca bas\u0131n<\/span><\/span><\/p>\n<div style=\"margin: 0px; padding: 0px; border: 0px; vertical-align: baseline;\"><span style=\"margin: 0px; padding: 0px; border: 0px; font-style: inherit; font-weight: inherit; font-size: inherit; line-height: 18px; vertical-align: baseline; color: #ff0000;\"><span style=\"margin: 0px; padding: 0px; border: 0px; font-style: inherit; font-weight: inherit; font-size: 16px; line-height: 24px; vertical-align: baseline;\">kapatmak i\u00e7in 3 saniye uzun bas\u0131n<\/span><\/span><\/div>\n<\/div>\n<\/div>\n<div>\n<h1>RGB Mouse Pad Kullan\u0131m K\u0131lavuzu<\/h1>\n<h2 class=\"wp-block-heading\">1. Anahtar Fonksiyonlar\u0131n\u0131 De\u011fi\u015ftirme:<\/h2>\n<ol>\n<li>Modlar aras\u0131nda ge\u00e7i\u015f yapmak i\u00e7in tek t\u0131klamayla 14 ayd\u0131nlatma deseni aras\u0131nda ge\u00e7i\u015f yap\u0131n.<\/li>\n<li>Y\u00fcksek ve d\u00fc\u015f\u00fck parlakl\u0131k seviyeleri aras\u0131nda ge\u00e7i\u015f yapmak i\u00e7in \u00e7ift t\u0131klay\u0131n.<\/li>\n<li>I\u015f\u0131\u011f\u0131 kapatmak i\u00e7in 3 saniye bas\u0131l\u0131 tutun; a\u00e7mak i\u00e7in tekrar hafif\u00e7e bas\u0131n.<\/li>\n<li>Hem ayd\u0131nlatma desenleri hem de parlakl\u0131k seviyeleri bir haf\u0131za fonksiyonuna sahiptir. G\u00fcc\u00fcn uzun bir bas\u0131\u015fla veya elektrik kesintisi nedeniyle kapat\u0131l\u0131p kapat\u0131lmad\u0131\u011f\u0131na bak\u0131lmaks\u0131z\u0131n, \u00f6nceki durum hat\u0131rlanacakt\u0131r.<\/li>\n<\/ol>\n<figure class=\"wp-block-image size-full\"><img fetchpriority=\"high\" decoding=\"async\" class=\"wp-image-1091\" src=\"https:\/\/rgbmousepad.com\/wp-content\/uploads\/2023\/10\/mousepad-swich.jpg\" sizes=\"(max-width: 790px) 100vw, 790px\" srcset=\"https:\/\/rgbmousepad.com\/wp-content\/uploads\/2023\/10\/mousepad-swich.jpg 790w, https:\/\/rgbmousepad.com\/wp-content\/uploads\/2023\/10\/mousepad-swich-300x297.jpg 300w, https:\/\/rgbmousepad.com\/wp-content\/uploads\/2023\/10\/mousepad-swich-150x150.jpg 150w, https:\/\/rgbmousepad.com\/wp-content\/uploads\/2023\/10\/mousepad-swich-768x761.jpg 768w, https:\/\/rgbmousepad.com\/wp-content\/uploads\/2023\/10\/mousepad-swich-600x595.jpg 600w, https:\/\/rgbmousepad.com\/wp-content\/uploads\/2023\/10\/mousepad-swich-100x100.jpg 100w\" alt=\"\" width=\"790\" height=\"783\" \/><\/figure>\n<h2 class=\"wp-block-heading\">2. Ayd\u0131nlatma Desenleri<\/h2>\n<ol>\n<li>K\u0131rm\u0131z\u0131<\/li>\n<li>Mavi<\/li>\n<li>Ye\u015fil<\/li>\n<li>Mor<\/li>\n<li>Cyan<\/li>\n<li>Sar\u0131<\/li>\n<li>Beyaz<\/li>\n<li>Asenkron Gradyan<\/li>\n<li>Senkron Gradyan<\/li>\n<li>Yan\u0131p s\u00f6n\u00fcyor<\/li>\n<li>Titre\u015fen Gradyan<\/li>\n<li>Kapal\u0131<\/li>\n<li>Senkronize Solunum<\/li>\n<li>Asenkron Nefes Alma<\/li>\n<\/ol>\n<figure class=\"wp-block-image size-full\"><img decoding=\"async\" class=\"wp-image-1095\" src=\"https:\/\/rgbmousepad.com\/wp-content\/uploads\/2023\/10\/O1CN01ueTMBo2DQgPHnwLK9_2210221638604-0-cib.gif\" alt=\"\" width=\"790\" height=\"790\" \/><\/figure>\n<h2 class=\"wp-block-heading\">3. \u00d6zel Not<\/h2>\n<ol>\n<li>Kullan\u0131c\u0131 mouse pad'i a\u00e7t\u0131\u011f\u0131nda, k\u0131rm\u0131z\u0131, mavi ve ye\u015fil renklerle kendi kendini kontrol edecektir. Bu renklerin g\u00f6r\u00fcnt\u00fclenmesi, ayd\u0131nlatman\u0131n do\u011fru \u00e7al\u0131\u015ft\u0131\u011f\u0131n\u0131 g\u00f6sterir.<\/li>\n<li>Mouse pad, tak ve \u00e7al\u0131\u015ft\u0131r USB aray\u00fcz\u00fcn\u00fc destekler ve herhangi bir yaz\u0131l\u0131m y\u00fcklemesi gerektirmez.<\/li>\n<\/ol>\n<h2 class=\"wp-block-heading\">4. TEKNI\u0307K \u00d6ZELLI\u0307KLER<\/h2>\n<ol>\n<li>RGB Spektrum Modu Se\u00e7ici D\u00fc\u011fmeleri<\/li>\n<li>T\u00fcm Hassasiyet Ayarlar\u0131 i\u00e7in Optimize Edilmi\u015ftir<\/li>\n<li>Kaymaz Kau\u00e7uk Taban<\/li>\n<li>RGB Ayd\u0131nlatma Kenar\u0131<\/li>\n<li>Nefes Alabilen Kuma\u015f Y\u00fczey<\/li>\n<\/ol>\n<figure class=\"wp-block-image size-large\"><a href=\"https:\/\/rgbmousepad.com\/product\/rgb-mousepads\/\"><img decoding=\"async\" class=\"wp-image-1093\" src=\"https:\/\/rgbmousepad.com\/wp-content\/uploads\/2023\/10\/7-1-1024x1024.jpg\" sizes=\"(max-width: 1024px) 100vw, 1024px\" srcset=\"https:\/\/rgbmousepad.com\/wp-content\/uploads\/2023\/10\/7-1-1024x1024.jpg 1024w, https:\/\/rgbmousepad.com\/wp-content\/uploads\/2023\/10\/7-1-300x300.jpg 300w, https:\/\/rgbmousepad.com\/wp-content\/uploads\/2023\/10\/7-1-150x150.jpg 150w, https:\/\/rgbmousepad.com\/wp-content\/uploads\/2023\/10\/7-1-768x768.jpg 768w, https:\/\/rgbmousepad.com\/wp-content\/uploads\/2023\/10\/7-1-600x600.jpg 600w, https:\/\/rgbmousepad.com\/wp-content\/uploads\/2023\/10\/7-1-100x100.jpg 100w, https:\/\/rgbmousepad.com\/wp-content\/uploads\/2023\/10\/7-1.jpg 1500w\" alt=\"\" width=\"1024\" height=\"1024\" \/><\/a><\/figure>\n<h2 class=\"wp-block-heading\">5.<strong>NASIL BA\u011eLANILIR<\/strong><\/h2>\n<p>\u00c7al\u0131\u015ft\u0131rmak i\u00e7in \u00e7\u0131kar\u0131labilir Mikro USB kablosunu mouse pad'e tak\u0131n<\/p>\n<h2 class=\"wp-block-heading\">6.<strong>RGB AYDINLATMA AYARLARI<\/strong><\/h2>\n<ul>\n<li><strong>ANAHTAR<\/strong><\/li>\n<\/ul>\n<p>RGB Spektrum Ayd\u0131nlatmas\u0131n\u0131n 14'\u00fcn\u00fc se\u00e7mek i\u00e7in SWITCH d\u00fc\u011fmesine bas\u0131n.<\/p>\n<p>RGB \u0131\u015f\u0131k parlakl\u0131\u011f\u0131n\u0131 de\u011fi\u015ftirmek i\u00e7in SWITCH'e \u00e7ift t\u0131klay\u0131n, \u0130ki parlakl\u0131k ayar\u0131n\u0131 destekler<\/p>\n<p>\u00dcr\u00fcn RGB'nin parlakl\u0131\u011f\u0131n\u0131 ve modunu hat\u0131rlayabilir<\/p>\n<ul>\n<li><strong>A\u00c7IK\/KAPALI<\/strong><\/li>\n<\/ul>\n<p>RGB ayd\u0131nlatmas\u0131n\u0131 a\u00e7mak veya kapatmak i\u00e7in d\u00fc\u011fmeyi 3 saniye bas\u0131l\u0131 tutun.<\/p>\n<h2 class=\"wp-block-heading\">7. OYUN I\u00c7IN Y\u00dcZEY<\/h2>\n<p>Kontrol ve h\u0131z aras\u0131nda m\u00fckemmel dengeyi sa\u011flamak i\u00e7in size nokta at\u0131\u015f\u0131 do\u011fruluk ve zahmetsiz h\u0131z sa\u011flayan kuma\u015f y\u00fczeye sahiptir. Hassas, tutarl\u0131 y\u00fczey, her fare hareketinizin imle\u00e7 hareketine d\u00f6n\u00fc\u015ft\u00fcr\u00fclmesini sa\u011flar, b\u00f6ylece en aksiyon dolu oyun d\u00fcellolar\u0131 s\u0131ras\u0131nda en \u00fcst d\u00fczeyde hassasiyetin keyfini \u00e7\u0131karabilirsiniz.<\/p>\n<h2 class=\"wp-block-heading\">8.<strong>Uyar\u0131<\/strong><\/h2>\n<p>* Mouse pad'e servis uygulamay\u0131n veya \u00fczerinde de\u011fi\u015fiklik yapmay\u0131n.<\/p>\n<p>* Fareyi yaln\u0131zca kuru bir bez kullanarak temizleyin; alkol veya deterjan kullanmay\u0131n.<\/p>\n<p>* Onu uzak tut Lire,<\/p>\n<h2 class=\"wp-block-heading\">9.<strong>\u00c7al\u0131\u015fma ko\u015fullar\u0131<\/strong><\/h2>\n<p>1, \u00c7al\u0131\u015fma s\u0131cakl\u0131\u011f\u0131: -25 \u2103 \uff5e 65 \u2103 '+ 10 \u2103<\/p>\n<p>2, Depolama s\u0131cakl\u0131\u011f\u0131 \uff1a -40 \u2103 \uff5e 70 \u2103'+10 \u2103<\/p>\n<p>3. \u00c7al\u0131\u015fma nemi: 10 - 90% rh<\/p>\n<p>4. Depolama nemi: -5 - 95% rh<\/p>\n<\/div>\n<\/div>\n<div style=\"color: #000000; font-family: Arial; font-size: 12px; font-style: normal; font-weight: 400;\">\n<p style=\"margin: 0px; padding: 0px;\">\n<\/div>\n<\/div>\n<\/div>","protected":false},"excerpt":{"rendered":"<p>14 I\u015f\u0131k Efekti Ayd\u0131nl\u0131k Oyun XXL RGB Mousepad Fabrika<\/p>","protected":false},"featured_media":951,"comment_status":"open","ping_status":"closed","template":"","meta":{"_monsterinsights_skip_tracking":false,"_monsterinsights_sitenote_active":false,"_monsterinsights_sitenote_note":"","_monsterinsights_sitenote_category":0},"product_cat":[563,100],"product_tag":[103,92],"yoast_head":"<!-- This site is optimized with the Yoast SEO Premium plugin v22.9 (Yoast SEO v24.0) - https:\/\/yoast.com\/wordpress\/plugins\/seo\/ -->\n<title>Bulk Luminous Gaming RGB Mouse Pads - darshion<\/title>\n<meta name=\"description\" content=\"RGB mouse pad parameters and user manual, Professional mouse pad factory wholesale and bulk.\" \/>\n<meta name=\"robots\" content=\"index, follow, max-snippet:-1, max-image-preview:large, max-video-preview:-1\" \/>\n<link rel=\"canonical\" href=\"https:\/\/darshion.com\/tr\/urun\/rgb-mousepads\/\" \/>\n<meta property=\"og:locale\" content=\"tr_TR\" \/>\n<meta property=\"og:type\" content=\"article\" \/>\n<meta property=\"og:title\" content=\"Bulk Luminous Gaming RGB Mouse Pads\" \/>\n<meta property=\"og:description\" content=\"RGB mouse pad parameters and user manual, Professional mouse pad factory wholesale and bulk.\" \/>\n<meta property=\"og:url\" content=\"https:\/\/darshion.com\/tr\/urun\/rgb-mousepads\/\" \/>\n<meta property=\"og:site_name\" content=\"darshion\" \/>\n<meta property=\"article:modified_time\" content=\"2024-07-19T04:15:39+00:00\" \/>\n<meta property=\"og:image\" content=\"https:\/\/darshion.com\/wp-content\/uploads\/2023\/09\/4.jpg\" \/>\n\t<meta property=\"og:image:width\" content=\"1500\" \/>\n\t<meta property=\"og:image:height\" content=\"1500\" \/>\n\t<meta property=\"og:image:type\" content=\"image\/jpeg\" \/>\n<meta name=\"twitter:card\" content=\"summary_large_image\" \/>\n<meta name=\"twitter:label1\" content=\"Tahmini okuma s\u00fcresi\" \/>\n\t<meta name=\"twitter:data1\" content=\"4 dakika\" \/>\n<script type=\"application\/ld+json\" class=\"yoast-schema-graph\">{\"@context\":\"https:\/\/schema.org\",\"@graph\":[{\"@type\":\"WebPage\",\"@id\":\"https:\/\/darshion.com\/product\/rgb-mousepads\/\",\"url\":\"https:\/\/darshion.com\/product\/rgb-mousepads\/\",\"name\":\"Bulk Luminous Gaming RGB Mouse Pads - darshion\",\"isPartOf\":{\"@id\":\"https:\/\/darshion.com\/#website\"},\"primaryImageOfPage\":{\"@id\":\"https:\/\/darshion.com\/product\/rgb-mousepads\/#primaryimage\"},\"image\":{\"@id\":\"https:\/\/darshion.com\/product\/rgb-mousepads\/#primaryimage\"},\"thumbnailUrl\":\"https:\/\/darshion.com\/wp-content\/uploads\/2023\/09\/4.jpg\",\"datePublished\":\"2023-09-14T08:01:15+00:00\",\"dateModified\":\"2024-07-19T04:15:39+00:00\",\"description\":\"RGB mouse pad parameters and user manual, Professional mouse pad factory wholesale and bulk.\",\"breadcrumb\":{\"@id\":\"https:\/\/darshion.com\/product\/rgb-mousepads\/#breadcrumb\"},\"inLanguage\":\"tr\",\"potentialAction\":[{\"@type\":\"ReadAction\",\"target\":[\"https:\/\/darshion.com\/product\/rgb-mousepads\/\"]}]},{\"@type\":\"ImageObject\",\"inLanguage\":\"tr\",\"@id\":\"https:\/\/darshion.com\/product\/rgb-mousepads\/#primaryimage\",\"url\":\"https:\/\/darshion.com\/wp-content\/uploads\/2023\/09\/4.jpg\",\"contentUrl\":\"https:\/\/darshion.com\/wp-content\/uploads\/2023\/09\/4.jpg\",\"width\":1500,\"height\":1500},{\"@type\":\"BreadcrumbList\",\"@id\":\"https:\/\/darshion.com\/product\/rgb-mousepads\/#breadcrumb\",\"itemListElement\":[{\"@type\":\"ListItem\",\"position\":1,\"name\":\"\u9996\u9875\",\"item\":\"https:\/\/darshion.com\/\"},{\"@type\":\"ListItem\",\"position\":2,\"name\":\"PRODUCT\",\"item\":\"https:\/\/darshion.com\/pt\/product\/\"},{\"@type\":\"ListItem\",\"position\":3,\"name\":\"Bulk Luminous Gaming RGB Mouse Pads\"}]},{\"@type\":\"WebSite\",\"@id\":\"https:\/\/darshion.com\/#website\",\"url\":\"https:\/\/darshion.com\/\",\"name\":\"darshion\",\"description\":\"14 Years of Experience, Quality Assurance, Innovative Design\",\"publisher\":{\"@id\":\"https:\/\/darshion.com\/#organization\"},\"potentialAction\":[{\"@type\":\"SearchAction\",\"target\":{\"@type\":\"EntryPoint\",\"urlTemplate\":\"https:\/\/darshion.com\/?s={search_term_string}\"},\"query-input\":{\"@type\":\"PropertyValueSpecification\",\"valueRequired\":true,\"valueName\":\"search_term_string\"}}],\"inLanguage\":\"tr\"},{\"@type\":\"Organization\",\"@id\":\"https:\/\/darshion.com\/#organization\",\"name\":\"darshion\",\"url\":\"https:\/\/darshion.com\/\",\"logo\":{\"@type\":\"ImageObject\",\"inLanguage\":\"tr\",\"@id\":\"https:\/\/darshion.com\/#\/schema\/logo\/image\/\",\"url\":\"https:\/\/darshion.com\/wp-content\/uploads\/2023\/09\/01-1.png\",\"contentUrl\":\"https:\/\/darshion.com\/wp-content\/uploads\/2023\/09\/01-1.png\",\"width\":350,\"height\":100,\"caption\":\"darshion\"},\"image\":{\"@id\":\"https:\/\/darshion.com\/#\/schema\/logo\/image\/\"}}]}<\/script>\n<!-- \/ Yoast SEO Premium plugin. -->","yoast_head_json":{"title":"Toplu Ayd\u0131nl\u0131k Oyun RGB Mouse Pad'leri - darshion","description":"RGB mouse pad parametreleri ve kullan\u0131m k\u0131lavuzu, Profesyonel mouse pad fabrikas\u0131 toptan ve toplu.","robots":{"index":"index","follow":"follow","max-snippet":"max-snippet:-1","max-image-preview":"max-image-preview:large","max-video-preview":"max-video-preview:-1"},"canonical":"https:\/\/darshion.com\/tr\/urun\/rgb-mousepads\/","og_locale":"tr_TR","og_type":"article","og_title":"Bulk Luminous Gaming RGB Mouse Pads","og_description":"RGB mouse pad parameters and user manual, Professional mouse pad factory wholesale and bulk.","og_url":"https:\/\/darshion.com\/tr\/urun\/rgb-mousepads\/","og_site_name":"darshion","article_modified_time":"2024-07-19T04:15:39+00:00","og_image":[{"width":1500,"height":1500,"url":"https:\/\/darshion.com\/wp-content\/uploads\/2023\/09\/4.jpg","type":"image\/jpeg"}],"twitter_card":"summary_large_image","twitter_misc":{"Tahmini okuma s\u00fcresi":"4 dakika"},"schema":{"@context":"https:\/\/schema.org","@graph":[{"@type":"WebPage","@id":"https:\/\/darshion.com\/product\/rgb-mousepads\/","url":"https:\/\/darshion.com\/product\/rgb-mousepads\/","name":"Toplu Ayd\u0131nl\u0131k Oyun RGB Mouse Pad'leri - darshion","isPartOf":{"@id":"https:\/\/darshion.com\/#website"},"primaryImageOfPage":{"@id":"https:\/\/darshion.com\/product\/rgb-mousepads\/#primaryimage"},"image":{"@id":"https:\/\/darshion.com\/product\/rgb-mousepads\/#primaryimage"},"thumbnailUrl":"https:\/\/darshion.com\/wp-content\/uploads\/2023\/09\/4.jpg","datePublished":"2023-09-14T08:01:15+00:00","dateModified":"2024-07-19T04:15:39+00:00","description":"RGB mouse pad parametreleri ve kullan\u0131m k\u0131lavuzu, Profesyonel mouse pad fabrikas\u0131 toptan ve toplu.","breadcrumb":{"@id":"https:\/\/darshion.com\/product\/rgb-mousepads\/#breadcrumb"},"inLanguage":"tr","potentialAction":[{"@type":"ReadAction","target":["https:\/\/darshion.com\/product\/rgb-mousepads\/"]}]},{"@type":"ImageObject","inLanguage":"tr","@id":"https:\/\/darshion.com\/product\/rgb-mousepads\/#primaryimage","url":"https:\/\/darshion.com\/wp-content\/uploads\/2023\/09\/4.jpg","contentUrl":"https:\/\/darshion.com\/wp-content\/uploads\/2023\/09\/4.jpg","width":1500,"height":1500},{"@type":"BreadcrumbList","@id":"https:\/\/darshion.com\/product\/rgb-mousepads\/#breadcrumb","itemListElement":[{"@type":"ListItem","position":1,"name":"\u9996\u9875","item":"https:\/\/darshion.com\/"},{"@type":"ListItem","position":2,"name":"PRODUCT","item":"https:\/\/darshion.com\/pt\/product\/"},{"@type":"ListItem","position":3,"name":"Bulk Luminous Gaming RGB Mouse Pads"}]},{"@type":"WebSite","@id":"https:\/\/darshion.com\/#website","url":"https:\/\/darshion.com\/","name":"darshion","description":"14 Y\u0131ll\u0131k Tecr\u00fcbe, Kalite G\u00fcvencesi, Yenilik\u00e7i Tasar\u0131m","publisher":{"@id":"https:\/\/darshion.com\/#organization"},"potentialAction":[{"@type":"SearchAction","target":{"@type":"EntryPoint","urlTemplate":"https:\/\/darshion.com\/?s={search_term_string}"},"query-input":{"@type":"PropertyValueSpecification","valueRequired":true,"valueName":"search_term_string"}}],"inLanguage":"tr"},{"@type":"Organization","@id":"https:\/\/darshion.com\/#organization","name":"darshion","url":"https:\/\/darshion.com\/","logo":{"@type":"ImageObject","inLanguage":"tr","@id":"https:\/\/darshion.com\/#\/schema\/logo\/image\/","url":"https:\/\/darshion.com\/wp-content\/uploads\/2023\/09\/01-1.png","contentUrl":"https:\/\/darshion.com\/wp-content\/uploads\/2023\/09\/01-1.png","width":350,"height":100,"caption":"darshion"},"image":{"@id":"https:\/\/darshion.com\/#\/schema\/logo\/image\/"}}]}},"_links":{"self":[{"href":"https:\/\/darshion.com\/tr\/wp-json\/wp\/v2\/product\/149"}],"collection":[{"href":"https:\/\/darshion.com\/tr\/wp-json\/wp\/v2\/product"}],"about":[{"href":"https:\/\/darshion.com\/tr\/wp-json\/wp\/v2\/types\/product"}],"replies":[{"embeddable":true,"href":"https:\/\/darshion.com\/tr\/wp-json\/wp\/v2\/comments?post=149"}],"wp:featuredmedia":[{"embeddable":true,"href":"https:\/\/darshion.com\/tr\/wp-json\/wp\/v2\/media\/951"}],"wp:attachment":[{"href":"https:\/\/darshion.com\/tr\/wp-json\/wp\/v2\/media?parent=149"}],"wp:term":[{"taxonomy":"product_cat","embeddable":true,"href":"https:\/\/darshion.com\/tr\/wp-json\/wp\/v2\/product_cat?post=149"},{"taxonomy":"product_tag","embeddable":true,"href":"https:\/\/darshion.com\/tr\/wp-json\/wp\/v2\/product_tag?post=149"}],"curies":[{"name":"wp","href":"https:\/\/api.w.org\/{rel}","templated":true}]}}