{"id":1553,"date":"2024-05-25T16:13:32","date_gmt":"2024-05-25T08:13:32","guid":{"rendered":"https:\/\/darshion.com\/?post_type=product&#038;p=1553"},"modified":"2024-07-19T12:16:27","modified_gmt":"2024-07-19T04:16:27","slug":"ds20-rgb-gaming-mousepad-with-wireless-charging-oem","status":"publish","type":"product","link":"https:\/\/darshion.com\/tr\/urun\/ds20-rgb-gaming-mousepad-with-wireless-charging-oem\/","title":{"rendered":"DS20 Kablosuz \u015earjl\u0131 RGB Oyun Mousepad'i OEM"},"content":{"rendered":"","protected":false},"excerpt":{"rendered":"","protected":false},"featured_media":1559,"comment_status":"open","ping_status":"closed","template":"","meta":{"_monsterinsights_skip_tracking":false,"_monsterinsights_sitenote_active":false,"_monsterinsights_sitenote_note":"","_monsterinsights_sitenote_category":0},"product_cat":[563,100],"product_tag":[],"yoast_head":"<!-- This site is optimized with the Yoast SEO Premium plugin v22.9 (Yoast SEO v24.0) - https:\/\/yoast.com\/wordpress\/plugins\/seo\/ -->\n<title>DS20 RGB Gaming Mousepad with Wireless Charging OEM - darshion<\/title>\n<meta name=\"robots\" content=\"index, follow, max-snippet:-1, max-image-preview:large, max-video-preview:-1\" \/>\n<link rel=\"canonical\" href=\"https:\/\/darshion.com\/tr\/urun\/ds20-rgb-gaming-mousepad-with-wireless-charging-oem\/\" \/>\n<meta property=\"og:locale\" content=\"tr_TR\" \/>\n<meta property=\"og:type\" content=\"article\" \/>\n<meta property=\"og:title\" content=\"DS20 RGB Gaming Mousepad with Wireless Charging OEM\" \/>\n<meta property=\"og:url\" content=\"https:\/\/darshion.com\/tr\/urun\/ds20-rgb-gaming-mousepad-with-wireless-charging-oem\/\" \/>\n<meta property=\"og:site_name\" content=\"darshion\" \/>\n<meta property=\"article:modified_time\" content=\"2024-07-19T04:16:27+00:00\" \/>\n<meta property=\"og:image\" content=\"https:\/\/darshion.com\/wp-content\/uploads\/2023\/11\/6.jpg\" \/>\n\t<meta property=\"og:image:width\" content=\"1500\" \/>\n\t<meta property=\"og:image:height\" content=\"1500\" \/>\n\t<meta property=\"og:image:type\" content=\"image\/jpeg\" \/>\n<meta name=\"twitter:card\" content=\"summary_large_image\" \/>\n<script type=\"application\/ld+json\" class=\"yoast-schema-graph\">{\"@context\":\"https:\/\/schema.org\",\"@graph\":[{\"@type\":\"WebPage\",\"@id\":\"https:\/\/darshion.com\/product\/ds20-rgb-gaming-mousepad-with-wireless-charging-oem\/\",\"url\":\"https:\/\/darshion.com\/product\/ds20-rgb-gaming-mousepad-with-wireless-charging-oem\/\",\"name\":\"DS20 RGB Gaming Mousepad with Wireless Charging OEM - darshion\",\"isPartOf\":{\"@id\":\"https:\/\/darshion.com\/#website\"},\"primaryImageOfPage\":{\"@id\":\"https:\/\/darshion.com\/product\/ds20-rgb-gaming-mousepad-with-wireless-charging-oem\/#primaryimage\"},\"image\":{\"@id\":\"https:\/\/darshion.com\/product\/ds20-rgb-gaming-mousepad-with-wireless-charging-oem\/#primaryimage\"},\"thumbnailUrl\":\"https:\/\/darshion.com\/wp-content\/uploads\/2023\/11\/6.jpg\",\"datePublished\":\"2024-05-25T08:13:32+00:00\",\"dateModified\":\"2024-07-19T04:16:27+00:00\",\"breadcrumb\":{\"@id\":\"https:\/\/darshion.com\/product\/ds20-rgb-gaming-mousepad-with-wireless-charging-oem\/#breadcrumb\"},\"inLanguage\":\"tr\",\"potentialAction\":[{\"@type\":\"ReadAction\",\"target\":[\"https:\/\/darshion.com\/product\/ds20-rgb-gaming-mousepad-with-wireless-charging-oem\/\"]}]},{\"@type\":\"ImageObject\",\"inLanguage\":\"tr\",\"@id\":\"https:\/\/darshion.com\/product\/ds20-rgb-gaming-mousepad-with-wireless-charging-oem\/#primaryimage\",\"url\":\"https:\/\/darshion.com\/wp-content\/uploads\/2023\/11\/6.jpg\",\"contentUrl\":\"https:\/\/darshion.com\/wp-content\/uploads\/2023\/11\/6.jpg\",\"width\":1500,\"height\":1500},{\"@type\":\"BreadcrumbList\",\"@id\":\"https:\/\/darshion.com\/product\/ds20-rgb-gaming-mousepad-with-wireless-charging-oem\/#breadcrumb\",\"itemListElement\":[{\"@type\":\"ListItem\",\"position\":1,\"name\":\"\u9996\u9875\",\"item\":\"https:\/\/darshion.com\/\"},{\"@type\":\"ListItem\",\"position\":2,\"name\":\"PRODUCT\",\"item\":\"https:\/\/darshion.com\/pt\/product\/\"},{\"@type\":\"ListItem\",\"position\":3,\"name\":\"DS20 RGB Gaming Mousepad with Wireless Charging OEM\"}]},{\"@type\":\"WebSite\",\"@id\":\"https:\/\/darshion.com\/#website\",\"url\":\"https:\/\/darshion.com\/\",\"name\":\"darshion\",\"description\":\"14 Years of Experience, Quality Assurance, Innovative Design\",\"publisher\":{\"@id\":\"https:\/\/darshion.com\/#organization\"},\"potentialAction\":[{\"@type\":\"SearchAction\",\"target\":{\"@type\":\"EntryPoint\",\"urlTemplate\":\"https:\/\/darshion.com\/?s={search_term_string}\"},\"query-input\":{\"@type\":\"PropertyValueSpecification\",\"valueRequired\":true,\"valueName\":\"search_term_string\"}}],\"inLanguage\":\"tr\"},{\"@type\":\"Organization\",\"@id\":\"https:\/\/darshion.com\/#organization\",\"name\":\"darshion\",\"url\":\"https:\/\/darshion.com\/\",\"logo\":{\"@type\":\"ImageObject\",\"inLanguage\":\"tr\",\"@id\":\"https:\/\/darshion.com\/#\/schema\/logo\/image\/\",\"url\":\"https:\/\/darshion.com\/wp-content\/uploads\/2023\/09\/01-1.png\",\"contentUrl\":\"https:\/\/darshion.com\/wp-content\/uploads\/2023\/09\/01-1.png\",\"width\":350,\"height\":100,\"caption\":\"darshion\"},\"image\":{\"@id\":\"https:\/\/darshion.com\/#\/schema\/logo\/image\/\"}}]}<\/script>\n<!-- \/ Yoast SEO Premium plugin. -->","yoast_head_json":{"title":"DS20 RGB Kablosuz \u015earjl\u0131 Oyun Mousepad'i OEM - darshion","robots":{"index":"index","follow":"follow","max-snippet":"max-snippet:-1","max-image-preview":"max-image-preview:large","max-video-preview":"max-video-preview:-1"},"canonical":"https:\/\/darshion.com\/tr\/urun\/ds20-rgb-gaming-mousepad-with-wireless-charging-oem\/","og_locale":"tr_TR","og_type":"article","og_title":"DS20 RGB Gaming Mousepad with Wireless Charging OEM","og_url":"https:\/\/darshion.com\/tr\/urun\/ds20-rgb-gaming-mousepad-with-wireless-charging-oem\/","og_site_name":"darshion","article_modified_time":"2024-07-19T04:16:27+00:00","og_image":[{"width":1500,"height":1500,"url":"https:\/\/darshion.com\/wp-content\/uploads\/2023\/11\/6.jpg","type":"image\/jpeg"}],"twitter_card":"summary_large_image","schema":{"@context":"https:\/\/schema.org","@graph":[{"@type":"WebPage","@id":"https:\/\/darshion.com\/product\/ds20-rgb-gaming-mousepad-with-wireless-charging-oem\/","url":"https:\/\/darshion.com\/product\/ds20-rgb-gaming-mousepad-with-wireless-charging-oem\/","name":"DS20 RGB Kablosuz \u015earjl\u0131 Oyun Mousepad'i OEM - darshion","isPartOf":{"@id":"https:\/\/darshion.com\/#website"},"primaryImageOfPage":{"@id":"https:\/\/darshion.com\/product\/ds20-rgb-gaming-mousepad-with-wireless-charging-oem\/#primaryimage"},"image":{"@id":"https:\/\/darshion.com\/product\/ds20-rgb-gaming-mousepad-with-wireless-charging-oem\/#primaryimage"},"thumbnailUrl":"https:\/\/darshion.com\/wp-content\/uploads\/2023\/11\/6.jpg","datePublished":"2024-05-25T08:13:32+00:00","dateModified":"2024-07-19T04:16:27+00:00","breadcrumb":{"@id":"https:\/\/darshion.com\/product\/ds20-rgb-gaming-mousepad-with-wireless-charging-oem\/#breadcrumb"},"inLanguage":"tr","potentialAction":[{"@type":"ReadAction","target":["https:\/\/darshion.com\/product\/ds20-rgb-gaming-mousepad-with-wireless-charging-oem\/"]}]},{"@type":"ImageObject","inLanguage":"tr","@id":"https:\/\/darshion.com\/product\/ds20-rgb-gaming-mousepad-with-wireless-charging-oem\/#primaryimage","url":"https:\/\/darshion.com\/wp-content\/uploads\/2023\/11\/6.jpg","contentUrl":"https:\/\/darshion.com\/wp-content\/uploads\/2023\/11\/6.jpg","width":1500,"height":1500},{"@type":"BreadcrumbList","@id":"https:\/\/darshion.com\/product\/ds20-rgb-gaming-mousepad-with-wireless-charging-oem\/#breadcrumb","itemListElement":[{"@type":"ListItem","position":1,"name":"\u9996\u9875","item":"https:\/\/darshion.com\/"},{"@type":"ListItem","position":2,"name":"PRODUCT","item":"https:\/\/darshion.com\/pt\/product\/"},{"@type":"ListItem","position":3,"name":"DS20 RGB Gaming Mousepad with Wireless Charging OEM"}]},{"@type":"WebSite","@id":"https:\/\/darshion.com\/#website","url":"https:\/\/darshion.com\/","name":"darshion","description":"14 Y\u0131ll\u0131k Tecr\u00fcbe, Kalite G\u00fcvencesi, Yenilik\u00e7i Tasar\u0131m","publisher":{"@id":"https:\/\/darshion.com\/#organization"},"potentialAction":[{"@type":"SearchAction","target":{"@type":"EntryPoint","urlTemplate":"https:\/\/darshion.com\/?s={search_term_string}"},"query-input":{"@type":"PropertyValueSpecification","valueRequired":true,"valueName":"search_term_string"}}],"inLanguage":"tr"},{"@type":"Organization","@id":"https:\/\/darshion.com\/#organization","name":"darshion","url":"https:\/\/darshion.com\/","logo":{"@type":"ImageObject","inLanguage":"tr","@id":"https:\/\/darshion.com\/#\/schema\/logo\/image\/","url":"https:\/\/darshion.com\/wp-content\/uploads\/2023\/09\/01-1.png","contentUrl":"https:\/\/darshion.com\/wp-content\/uploads\/2023\/09\/01-1.png","width":350,"height":100,"caption":"darshion"},"image":{"@id":"https:\/\/darshion.com\/#\/schema\/logo\/image\/"}}]}},"_links":{"self":[{"href":"https:\/\/darshion.com\/tr\/wp-json\/wp\/v2\/product\/1553"}],"collection":[{"href":"https:\/\/darshion.com\/tr\/wp-json\/wp\/v2\/product"}],"about":[{"href":"https:\/\/darshion.com\/tr\/wp-json\/wp\/v2\/types\/product"}],"replies":[{"embeddable":true,"href":"https:\/\/darshion.com\/tr\/wp-json\/wp\/v2\/comments?post=1553"}],"wp:featuredmedia":[{"embeddable":true,"href":"https:\/\/darshion.com\/tr\/wp-json\/wp\/v2\/media\/1559"}],"wp:attachment":[{"href":"https:\/\/darshion.com\/tr\/wp-json\/wp\/v2\/media?parent=1553"}],"wp:term":[{"taxonomy":"product_cat","embeddable":true,"href":"https:\/\/darshion.com\/tr\/wp-json\/wp\/v2\/product_cat?post=1553"},{"taxonomy":"product_tag","embeddable":true,"href":"https:\/\/darshion.com\/tr\/wp-json\/wp\/v2\/product_tag?post=1553"}],"curies":[{"name":"wp","href":"https:\/\/api.w.org\/{rel}","templated":true}]}}