{"id":1842,"date":"2024-03-19T16:53:33","date_gmt":"2024-03-19T08:53:33","guid":{"rendered":"https:\/\/darshion.com\/?post_type=product&#038;p=1842"},"modified":"2024-06-28T09:32:23","modified_gmt":"2024-06-28T01:32:23","slug":"roundmousepad","status":"publish","type":"product","link":"https:\/\/darshion.com\/tr\/urun\/roundmousepad\/","title":{"rendered":"Yuvarlak Sevimli Ki\u015fiselle\u015ftirilmi\u015f Mouse Pad \u00dcreticisi"},"content":{"rendered":"<p>1. Ki\u015fiselle\u015ftirilmi\u015f \u00d6zel Mouse Pad: Bu mouse pad 7,9 x 7,9 x 0,1 in\u00e7 (200 mm x 200 mm x 3 mm) boyutlar\u0131ndad\u0131r, k\u00fc\u00e7\u00fck olmas\u0131na ra\u011fmen i\u015f ve oyun i\u00e7in m\u00fckemmeldir. Zarif geometrik \u015fekli ve zarif ill\u00fcstrasyonu ofisinize ki\u015filik katar, t\u00fcm stil masa\u00fcstleri, ofisler, evler, bilgisayarlar, klavyeler ve fareler i\u00e7in idealdir.<\/p>\n<p>2. P\u00fcr\u00fczs\u00fcz Y\u00fczey ve Kaymaz Kau\u00e7uk Taban: Dayan\u0131kl\u0131, \u0131s\u0131ya dayan\u0131kl\u0131 polyester kuma\u015ftan \u00fcretilen p\u00fcr\u00fczs\u00fcz y\u00fczey, farenin daha do\u011fru ve h\u0131zl\u0131 hareket etmesini sa\u011flar. Kaymaya kar\u015f\u0131 dayan\u0131kl\u0131 yo\u011fun kau\u00e7uk taban, masa\u00fcst\u00fcn\u00fc s\u0131k\u0131ca kavrayarak farenin dengeli \u00e7al\u0131\u015fmas\u0131n\u0131 sa\u011flar ve kaymay\u0131 \u00f6nler.<\/p>\n<p>3. Dayan\u0131kl\u0131 ve Rahat Malzeme: Y\u00fcksek elastikiyete sahip do\u011fal kau\u00e7uk malzemeden \u00fcretilen bu yumu\u015fak mouse pad, kullan\u0131m s\u0131ras\u0131nda maksimum konfor sunar. G\u00fcncellenmi\u015f versiyon, a\u015f\u0131nma, deformasyon veya ayr\u0131lma riski olu\u015fturmayan dayan\u0131kl\u0131 diki\u015fli kenarlara sahiptir.<\/p>\n<p>4. Kolay Bak\u0131m: Bas\u0131l\u0131 g\u00f6r\u00fcnt\u00fc kristal berrakl\u0131\u011f\u0131nda emaye ile kaplanm\u0131\u015ft\u0131r ve tekrar tekrar temizlendikten sonra solmayan harika bir kilitleme-renk efekti sunar. Suya dayan\u0131kl\u0131 kaplama, d\u00f6k\u00fclen s\u0131v\u0131lar\u0131n kazara zarar vermesini etkili bir \u015fekilde \u00f6nler ve temizlenmesi kolayd\u0131r, b\u00f6ylece i\u015finizde veya oyununuzda herhangi bir kesinti olmaz.<\/p>\n<p>5. M\u00fckemmel Ofis Aksesuarlar\u0131 ve Masa Dekoru: Sanatsal tasar\u0131ma sahip mini mouse pad, estetik ve kullan\u0131\u015fl\u0131l\u0131k aras\u0131nda m\u00fckemmel bir denge kurar. G\u00fczel tasar\u0131m\u0131 herkesi memnun edecek ve ofis, ev, okul ve seyahat kullan\u0131m\u0131 i\u00e7in m\u00fckemmel hale getirecektir.<\/p>\n<p>6. Herhangi bir boyut ve desen \u00f6zelle\u015ftirilebilir, l\u00fctfen bir soru\u015fturma g\u00f6nderin ve size \u00fccretsiz bir \u00f6rnek g\u00f6nderece\u011fiz<\/p>","protected":false},"excerpt":{"rendered":"<p>P\u00fcr\u00fczs\u00fcz y\u00fczeyli, kaymaz kau\u00e7uk tabanl\u0131, dayan\u0131kl\u0131 ve rahat malzemeli, temizlenmesi kolay, ofis masas\u0131 dekoru i\u00e7in m\u00fckemmel ki\u015fiselle\u015ftirilmi\u015f mouse pad.<\/p>","protected":false},"featured_media":1845,"comment_status":"open","ping_status":"closed","template":"","meta":{"_monsterinsights_skip_tracking":false,"_monsterinsights_sitenote_active":false,"_monsterinsights_sitenote_note":"","_monsterinsights_sitenote_category":0},"product_cat":[100],"product_tag":[107,113,134,103],"yoast_head":"<!-- This site is optimized with the Yoast SEO Premium plugin v22.9 (Yoast SEO v24.0) - https:\/\/yoast.com\/wordpress\/plugins\/seo\/ -->\n<title>Round Cute Personalized Mouse Pad Manufacturer - darshion<\/title>\n<meta name=\"robots\" content=\"index, follow, max-snippet:-1, max-image-preview:large, max-video-preview:-1\" \/>\n<link rel=\"canonical\" href=\"https:\/\/darshion.com\/tr\/urun\/roundmousepad\/\" \/>\n<meta property=\"og:locale\" content=\"tr_TR\" \/>\n<meta property=\"og:type\" content=\"article\" \/>\n<meta property=\"og:title\" content=\"Round Cute Personalized Mouse Pad Manufacturer\" \/>\n<meta property=\"og:description\" content=\"Personalized mouse pad with smooth surface, non-slip rubber base, durable and comfortable material, easy to clean, perfect for office desk decor.\" \/>\n<meta property=\"og:url\" content=\"https:\/\/darshion.com\/tr\/urun\/roundmousepad\/\" \/>\n<meta property=\"og:site_name\" content=\"darshion\" \/>\n<meta property=\"article:modified_time\" content=\"2024-06-28T01:32:23+00:00\" \/>\n<meta property=\"og:image\" content=\"https:\/\/darshion.com\/wp-content\/uploads\/2024\/03\/111.jpg\" \/>\n\t<meta property=\"og:image:width\" content=\"1000\" \/>\n\t<meta property=\"og:image:height\" content=\"999\" \/>\n\t<meta property=\"og:image:type\" content=\"image\/jpeg\" \/>\n<meta name=\"twitter:card\" content=\"summary_large_image\" \/>\n<meta name=\"twitter:label1\" content=\"Tahmini okuma s\u00fcresi\" \/>\n\t<meta name=\"twitter:data1\" content=\"1 dakika\" \/>\n<script type=\"application\/ld+json\" class=\"yoast-schema-graph\">{\"@context\":\"https:\/\/schema.org\",\"@graph\":[{\"@type\":\"WebPage\",\"@id\":\"https:\/\/darshion.com\/product\/roundmousepad\/\",\"url\":\"https:\/\/darshion.com\/product\/roundmousepad\/\",\"name\":\"Round Cute Personalized Mouse Pad Manufacturer - darshion\",\"isPartOf\":{\"@id\":\"https:\/\/darshion.com\/#website\"},\"primaryImageOfPage\":{\"@id\":\"https:\/\/darshion.com\/product\/roundmousepad\/#primaryimage\"},\"image\":{\"@id\":\"https:\/\/darshion.com\/product\/roundmousepad\/#primaryimage\"},\"thumbnailUrl\":\"https:\/\/darshion.com\/wp-content\/uploads\/2024\/03\/111.jpg\",\"datePublished\":\"2024-03-19T08:53:33+00:00\",\"dateModified\":\"2024-06-28T01:32:23+00:00\",\"breadcrumb\":{\"@id\":\"https:\/\/darshion.com\/product\/roundmousepad\/#breadcrumb\"},\"inLanguage\":\"tr\",\"potentialAction\":[{\"@type\":\"ReadAction\",\"target\":[\"https:\/\/darshion.com\/product\/roundmousepad\/\"]}]},{\"@type\":\"ImageObject\",\"inLanguage\":\"tr\",\"@id\":\"https:\/\/darshion.com\/product\/roundmousepad\/#primaryimage\",\"url\":\"https:\/\/darshion.com\/wp-content\/uploads\/2024\/03\/111.jpg\",\"contentUrl\":\"https:\/\/darshion.com\/wp-content\/uploads\/2024\/03\/111.jpg\",\"width\":1000,\"height\":999},{\"@type\":\"BreadcrumbList\",\"@id\":\"https:\/\/darshion.com\/product\/roundmousepad\/#breadcrumb\",\"itemListElement\":[{\"@type\":\"ListItem\",\"position\":1,\"name\":\"\u9996\u9875\",\"item\":\"https:\/\/darshion.com\/\"},{\"@type\":\"ListItem\",\"position\":2,\"name\":\"PRODUCT\",\"item\":\"https:\/\/darshion.com\/pt\/product\/\"},{\"@type\":\"ListItem\",\"position\":3,\"name\":\"Round Cute Personalized Mouse Pad Manufacturer\"}]},{\"@type\":\"WebSite\",\"@id\":\"https:\/\/darshion.com\/#website\",\"url\":\"https:\/\/darshion.com\/\",\"name\":\"darshion\",\"description\":\"14 Years of Experience, Quality Assurance, Innovative Design\",\"publisher\":{\"@id\":\"https:\/\/darshion.com\/#organization\"},\"potentialAction\":[{\"@type\":\"SearchAction\",\"target\":{\"@type\":\"EntryPoint\",\"urlTemplate\":\"https:\/\/darshion.com\/?s={search_term_string}\"},\"query-input\":{\"@type\":\"PropertyValueSpecification\",\"valueRequired\":true,\"valueName\":\"search_term_string\"}}],\"inLanguage\":\"tr\"},{\"@type\":\"Organization\",\"@id\":\"https:\/\/darshion.com\/#organization\",\"name\":\"darshion\",\"url\":\"https:\/\/darshion.com\/\",\"logo\":{\"@type\":\"ImageObject\",\"inLanguage\":\"tr\",\"@id\":\"https:\/\/darshion.com\/#\/schema\/logo\/image\/\",\"url\":\"https:\/\/darshion.com\/wp-content\/uploads\/2023\/09\/01-1.png\",\"contentUrl\":\"https:\/\/darshion.com\/wp-content\/uploads\/2023\/09\/01-1.png\",\"width\":350,\"height\":100,\"caption\":\"darshion\"},\"image\":{\"@id\":\"https:\/\/darshion.com\/#\/schema\/logo\/image\/\"}}]}<\/script>\n<!-- \/ Yoast SEO Premium plugin. -->","yoast_head_json":{"title":"Yuvarlak Sevimli Ki\u015fiselle\u015ftirilmi\u015f Mouse Pad \u00dcreticisi - darshion","robots":{"index":"index","follow":"follow","max-snippet":"max-snippet:-1","max-image-preview":"max-image-preview:large","max-video-preview":"max-video-preview:-1"},"canonical":"https:\/\/darshion.com\/tr\/urun\/roundmousepad\/","og_locale":"tr_TR","og_type":"article","og_title":"Round Cute Personalized Mouse Pad Manufacturer","og_description":"Personalized mouse pad with smooth surface, non-slip rubber base, durable and comfortable material, easy to clean, perfect for office desk decor.","og_url":"https:\/\/darshion.com\/tr\/urun\/roundmousepad\/","og_site_name":"darshion","article_modified_time":"2024-06-28T01:32:23+00:00","og_image":[{"width":1000,"height":999,"url":"https:\/\/darshion.com\/wp-content\/uploads\/2024\/03\/111.jpg","type":"image\/jpeg"}],"twitter_card":"summary_large_image","twitter_misc":{"Tahmini okuma s\u00fcresi":"1 dakika"},"schema":{"@context":"https:\/\/schema.org","@graph":[{"@type":"WebPage","@id":"https:\/\/darshion.com\/product\/roundmousepad\/","url":"https:\/\/darshion.com\/product\/roundmousepad\/","name":"Yuvarlak Sevimli Ki\u015fiselle\u015ftirilmi\u015f Mouse Pad \u00dcreticisi - darshion","isPartOf":{"@id":"https:\/\/darshion.com\/#website"},"primaryImageOfPage":{"@id":"https:\/\/darshion.com\/product\/roundmousepad\/#primaryimage"},"image":{"@id":"https:\/\/darshion.com\/product\/roundmousepad\/#primaryimage"},"thumbnailUrl":"https:\/\/darshion.com\/wp-content\/uploads\/2024\/03\/111.jpg","datePublished":"2024-03-19T08:53:33+00:00","dateModified":"2024-06-28T01:32:23+00:00","breadcrumb":{"@id":"https:\/\/darshion.com\/product\/roundmousepad\/#breadcrumb"},"inLanguage":"tr","potentialAction":[{"@type":"ReadAction","target":["https:\/\/darshion.com\/product\/roundmousepad\/"]}]},{"@type":"ImageObject","inLanguage":"tr","@id":"https:\/\/darshion.com\/product\/roundmousepad\/#primaryimage","url":"https:\/\/darshion.com\/wp-content\/uploads\/2024\/03\/111.jpg","contentUrl":"https:\/\/darshion.com\/wp-content\/uploads\/2024\/03\/111.jpg","width":1000,"height":999},{"@type":"BreadcrumbList","@id":"https:\/\/darshion.com\/product\/roundmousepad\/#breadcrumb","itemListElement":[{"@type":"ListItem","position":1,"name":"\u9996\u9875","item":"https:\/\/darshion.com\/"},{"@type":"ListItem","position":2,"name":"PRODUCT","item":"https:\/\/darshion.com\/pt\/product\/"},{"@type":"ListItem","position":3,"name":"Round Cute Personalized Mouse Pad Manufacturer"}]},{"@type":"WebSite","@id":"https:\/\/darshion.com\/#website","url":"https:\/\/darshion.com\/","name":"darshion","description":"14 Y\u0131ll\u0131k Tecr\u00fcbe, Kalite G\u00fcvencesi, Yenilik\u00e7i Tasar\u0131m","publisher":{"@id":"https:\/\/darshion.com\/#organization"},"potentialAction":[{"@type":"SearchAction","target":{"@type":"EntryPoint","urlTemplate":"https:\/\/darshion.com\/?s={search_term_string}"},"query-input":{"@type":"PropertyValueSpecification","valueRequired":true,"valueName":"search_term_string"}}],"inLanguage":"tr"},{"@type":"Organization","@id":"https:\/\/darshion.com\/#organization","name":"darshion","url":"https:\/\/darshion.com\/","logo":{"@type":"ImageObject","inLanguage":"tr","@id":"https:\/\/darshion.com\/#\/schema\/logo\/image\/","url":"https:\/\/darshion.com\/wp-content\/uploads\/2023\/09\/01-1.png","contentUrl":"https:\/\/darshion.com\/wp-content\/uploads\/2023\/09\/01-1.png","width":350,"height":100,"caption":"darshion"},"image":{"@id":"https:\/\/darshion.com\/#\/schema\/logo\/image\/"}}]}},"_links":{"self":[{"href":"https:\/\/darshion.com\/tr\/wp-json\/wp\/v2\/product\/1842"}],"collection":[{"href":"https:\/\/darshion.com\/tr\/wp-json\/wp\/v2\/product"}],"about":[{"href":"https:\/\/darshion.com\/tr\/wp-json\/wp\/v2\/types\/product"}],"replies":[{"embeddable":true,"href":"https:\/\/darshion.com\/tr\/wp-json\/wp\/v2\/comments?post=1842"}],"wp:featuredmedia":[{"embeddable":true,"href":"https:\/\/darshion.com\/tr\/wp-json\/wp\/v2\/media\/1845"}],"wp:attachment":[{"href":"https:\/\/darshion.com\/tr\/wp-json\/wp\/v2\/media?parent=1842"}],"wp:term":[{"taxonomy":"product_cat","embeddable":true,"href":"https:\/\/darshion.com\/tr\/wp-json\/wp\/v2\/product_cat?post=1842"},{"taxonomy":"product_tag","embeddable":true,"href":"https:\/\/darshion.com\/tr\/wp-json\/wp\/v2\/product_tag?post=1842"}],"curies":[{"name":"wp","href":"https:\/\/api.w.org\/{rel}","templated":true}]}}