{"id":1859,"date":"2024-03-20T09:52:41","date_gmt":"2024-03-20T01:52:41","guid":{"rendered":"https:\/\/darshion.com\/?post_type=product&#038;p=1859"},"modified":"2024-07-06T09:49:44","modified_gmt":"2024-07-06T01:49:44","slug":"xxxxlmousepads","status":"publish","type":"product","link":"https:\/\/darshion.com\/tr\/urun\/xxxxlmousepads\/","title":{"rendered":"Toptan XXXXL B\u00fcy\u00fck Oyun Mouse Pad Fabrikas\u0131"},"content":{"rendered":"<p><strong>\u00dcr\u00fcn A\u00e7\u0131klamas\u0131:<\/strong><\/p>\n<p>1. B\u00fcy\u00fck ve Geni\u015fletilmi\u015f Boyut: Bu XXXXL b\u00fcy\u00fck mouse pad, tam boyutlu klavyeniz, fareniz, diz\u00fcst\u00fc bilgisayar\u0131n\u0131z veya masadaki di\u011fer \u00f6\u011feler i\u00e7in geni\u015f alan sa\u011flar. Profesyonel oyun veya ofis i\u015fleri i\u00e7in m\u00fckemmel olan bu \u00fcr\u00fcn, masan\u0131z\u0131 temiz ve d\u00fczenli tutarak masa pedi, yaz\u0131 pedi veya platform koruma paspas\u0131 olarak da kullan\u0131labilir.<\/p>\n<p>2. Ultra P\u00fcr\u00fczs\u00fcz Y\u00fczey: S\u00fcper ince kuma\u015fla kapl\u0131 bu geni\u015fletilmi\u015f mouse pad, h\u0131zl\u0131 ve do\u011fru mouse takibi sa\u011flayan yumu\u015fak ve p\u00fcr\u00fczs\u00fcz bir y\u00fczey sunarak oyun veya \u00e7al\u0131\u015fma deneyiminizi geli\u015ftirir. Islak bir bezle veya y\u0131kayarak temizlenmesi kolayd\u0131r, di\u011fer se\u00e7eneklere k\u0131yasla dayan\u0131kl\u0131l\u0131k ve uzun \u00f6m\u00fcr sa\u011flar.<\/p>\n<p>3. Y\u0131kanabilir ve Diki\u015fli Kenarlar: Suya dayan\u0131kl\u0131 bir kaplamaya sahip olan bu fare ve klavye paspas\u0131, d\u00f6k\u00fclmelere ve i\u00e7eceklere dayanabilir ve \u0131slak bir havlu veya y\u0131kama ile temizlenmesini kolayla\u015ft\u0131r\u0131r. \u00c7ift diki\u015fli kenarlar paspas\u0131 a\u015f\u0131nma, deformasyon ve y\u0131pranmaya kar\u015f\u0131 koruyarak uzun s\u00fcreli kullan\u0131m sa\u011flar.<\/p>\n<p>4. Kaymaz Kau\u00e7uk Taban: Alt taban, ho\u015f olmayan kokular ve zararl\u0131 maddeler i\u00e7ermeyen do\u011fal kau\u00e7uktan yap\u0131lm\u0131\u015ft\u0131r. Yo\u011fun dokulu kau\u00e7uk ile masan\u0131z\u0131 s\u0131k\u0131ca kavrar, rastgele hareketleri \u00f6nler ve fare ve klavyeniz i\u00e7in dengeli \u00e7al\u0131\u015fma sa\u011flar.<\/p>\n<div class=\"aplus-v2 desktop celwidget\" data-cel-widget=\"aplus\" data-csa-c-id=\"8h9cp1-68hlzr-vzymt2-ej46l8\">\n<div class=\"celwidget aplus-module 3p-module-b aplus-standard\" data-cel-widget=\"aplus-3p-module-b\" data-csa-c-id=\"ehfx7q-38txcn-mefy72-si3se5\">\n<div class=\"aplus-module-wrapper aplus-3p-fixed-width\"><img decoding=\"async\" class=\"a-spacing-base\" src=\"https:\/\/m.media-amazon.com\/images\/S\/aplus-media-library-service-media\/a06c7eb0-c267-49e1-9c6a-4981c77d0e86.__CR0,0,970,600_PT0_SX970_V1___.jpg\" alt=\"Senetem Ultra-thin Mouse Pad\" data-src=\"https:\/\/m.media-amazon.com\/images\/S\/aplus-media-library-service-media\/a06c7eb0-c267-49e1-9c6a-4981c77d0e86.__CR0,0,970,600_PT0_SX970_V1___.jpg\" \/><\/div>\n<\/div>\n<div class=\"celwidget aplus-module 3p-module-b aplus-standard\" data-cel-widget=\"aplus-3p-module-b\" data-csa-c-id=\"838gq1-hkq06w-a9xwxc-8o5hit\">\n<div class=\"aplus-module-wrapper aplus-3p-fixed-width\"><img decoding=\"async\" class=\"a-spacing-base\" src=\"https:\/\/m.media-amazon.com\/images\/S\/aplus-media-library-service-media\/6f13fad0-732c-489d-bfd8-7172b72f76ab.__CR0,0,1600,990_PT0_SX970_V1___.jpg\" alt=\"Ultra-Smooth Surface\" data-src=\"https:\/\/m.media-amazon.com\/images\/S\/aplus-media-library-service-media\/6f13fad0-732c-489d-bfd8-7172b72f76ab.__CR0,0,1600,990_PT0_SX970_V1___.jpg\" \/><\/div>\n<\/div>\n<div class=\"celwidget aplus-module 3p-module-b aplus-standard\" data-cel-widget=\"aplus-3p-module-b\" data-csa-c-id=\"qsuxfb-a33z2i-80pkmq-37w9rc\">\n<div class=\"aplus-module-wrapper aplus-3p-fixed-width\"><img decoding=\"async\" class=\"a-spacing-base\" src=\"https:\/\/m.media-amazon.com\/images\/S\/aplus-media-library-service-media\/d156b237-8e2d-412c-ac1a-6cf6b6b40022.__CR0,0,1600,990_PT0_SX970_V1___.jpg\" alt=\"Rubber Base\" data-src=\"https:\/\/m.media-amazon.com\/images\/S\/aplus-media-library-service-media\/d156b237-8e2d-412c-ac1a-6cf6b6b40022.__CR0,0,1600,990_PT0_SX970_V1___.jpg\" \/><\/div>\n<\/div>\n<div class=\"celwidget aplus-module 3p-module-b aplus-standard\" data-cel-widget=\"aplus-3p-module-b\" data-csa-c-id=\"juy2e9-cppr9a-6nj5s4-wqayxt\">\n<div class=\"aplus-module-wrapper aplus-3p-fixed-width\"><img decoding=\"async\" class=\"a-spacing-base\" src=\"https:\/\/m.media-amazon.com\/images\/S\/aplus-media-library-service-media\/b6312620-b194-445e-b313-20fadc25590d.__CR0,0,1600,990_PT0_SX970_V1___.jpg\" alt=\"Reliable Performance\" data-src=\"https:\/\/m.media-amazon.com\/images\/S\/aplus-media-library-service-media\/b6312620-b194-445e-b313-20fadc25590d.__CR0,0,1600,990_PT0_SX970_V1___.jpg\" \/><\/div>\n<\/div>\n<div class=\"celwidget aplus-module 3p-module-b aplus-standard\" data-cel-widget=\"aplus-3p-module-b\" data-csa-c-id=\"i8anjs-xoy9np-158wah-jlifzt\">\n<div class=\"aplus-module-wrapper aplus-3p-fixed-width\"><img decoding=\"async\" class=\"a-spacing-base\" src=\"https:\/\/m.media-amazon.com\/images\/S\/aplus-media-library-service-media\/58a2fa94-55bb-4c6c-a3be-9534c51e6e08.__CR0,0,970,600_PT0_SX970_V1___.jpg\" alt=\"Size\" data-src=\"https:\/\/m.media-amazon.com\/images\/S\/aplus-media-library-service-media\/58a2fa94-55bb-4c6c-a3be-9534c51e6e08.__CR0,0,970,600_PT0_SX970_V1___.jpg\" \/><\/div>\n<\/div>\n<div class=\"celwidget aplus-module 3p-module-b aplus-standard\" data-cel-widget=\"aplus-3p-module-b\" data-csa-c-id=\"p9k15a-j708mq-b26jjp-o5ozfv\">\n<div class=\"aplus-module-wrapper aplus-3p-fixed-width\"><img decoding=\"async\" class=\"a-spacing-base\" src=\"https:\/\/m.media-amazon.com\/images\/S\/aplus-media-library-service-media\/4f8cc1f3-1359-443f-ab83-727955ffba67.__CR0,0,970,600_PT0_SX970_V1___.jpg\" alt=\"Stylish mouse pad\" data-src=\"https:\/\/m.media-amazon.com\/images\/S\/aplus-media-library-service-media\/4f8cc1f3-1359-443f-ab83-727955ffba67.__CR0,0,970,600_PT0_SX970_V1___.jpg\" \/><\/div>\n<\/div>\n<\/div>","protected":false},"excerpt":{"rendered":"<p>XXXL B\u00fcy\u00fck Mouse Pad, Ultra \u0130nce Oyun Mousepad, Geni\u015fletilmi\u015f Mouse Mat, Kaymaz Kau\u00e7uk Tabanl\u0131 Klavye Pedi<\/p>","protected":false},"featured_media":1863,"comment_status":"open","ping_status":"closed","template":"","meta":{"_monsterinsights_skip_tracking":false,"_monsterinsights_sitenote_active":false,"_monsterinsights_sitenote_note":"","_monsterinsights_sitenote_category":0},"product_cat":[100],"product_tag":[103,130,96],"yoast_head":"<!-- This site is optimized with the Yoast SEO Premium plugin v22.9 (Yoast SEO v24.0) - https:\/\/yoast.com\/wordpress\/plugins\/seo\/ -->\n<title>Wholesale XXXXL Large Gaming Mouse Pad Factory - darshion<\/title>\n<meta name=\"robots\" content=\"index, follow, max-snippet:-1, max-image-preview:large, max-video-preview:-1\" \/>\n<link rel=\"canonical\" href=\"https:\/\/darshion.com\/tr\/urun\/xxxxlmousepads\/\" \/>\n<meta property=\"og:locale\" content=\"tr_TR\" \/>\n<meta property=\"og:type\" content=\"article\" \/>\n<meta property=\"og:title\" content=\"Wholesale XXXXL Large Gaming Mouse Pad Factory\" \/>\n<meta property=\"og:description\" content=\"XXXL Large Mouse Pad, Ultra-Thin Gaming Mousepad, Extended Mouse Mat, Non-Slip Rubber Base Keyboard Pad\" \/>\n<meta property=\"og:url\" content=\"https:\/\/darshion.com\/tr\/urun\/xxxxlmousepads\/\" \/>\n<meta property=\"og:site_name\" content=\"darshion\" \/>\n<meta property=\"article:modified_time\" content=\"2024-07-06T01:49:44+00:00\" \/>\n<meta property=\"og:image\" content=\"https:\/\/darshion.com\/wp-content\/uploads\/2024\/03\/gaming-mouse-pad.jpg\" \/>\n\t<meta property=\"og:image:width\" content=\"1000\" \/>\n\t<meta property=\"og:image:height\" content=\"1000\" \/>\n\t<meta property=\"og:image:type\" content=\"image\/jpeg\" \/>\n<meta name=\"twitter:card\" content=\"summary_large_image\" \/>\n<meta name=\"twitter:label1\" content=\"Tahmini okuma s\u00fcresi\" \/>\n\t<meta name=\"twitter:data1\" content=\"1 dakika\" \/>\n<script type=\"application\/ld+json\" class=\"yoast-schema-graph\">{\"@context\":\"https:\/\/schema.org\",\"@graph\":[{\"@type\":\"WebPage\",\"@id\":\"https:\/\/darshion.com\/product\/xxxxlmousepads\/\",\"url\":\"https:\/\/darshion.com\/product\/xxxxlmousepads\/\",\"name\":\"Wholesale XXXXL Large Gaming Mouse Pad Factory - darshion\",\"isPartOf\":{\"@id\":\"https:\/\/darshion.com\/#website\"},\"primaryImageOfPage\":{\"@id\":\"https:\/\/darshion.com\/product\/xxxxlmousepads\/#primaryimage\"},\"image\":{\"@id\":\"https:\/\/darshion.com\/product\/xxxxlmousepads\/#primaryimage\"},\"thumbnailUrl\":\"https:\/\/darshion.com\/wp-content\/uploads\/2024\/03\/gaming-mouse-pad.jpg\",\"datePublished\":\"2024-03-20T01:52:41+00:00\",\"dateModified\":\"2024-07-06T01:49:44+00:00\",\"breadcrumb\":{\"@id\":\"https:\/\/darshion.com\/product\/xxxxlmousepads\/#breadcrumb\"},\"inLanguage\":\"tr\",\"potentialAction\":[{\"@type\":\"ReadAction\",\"target\":[\"https:\/\/darshion.com\/product\/xxxxlmousepads\/\"]}]},{\"@type\":\"ImageObject\",\"inLanguage\":\"tr\",\"@id\":\"https:\/\/darshion.com\/product\/xxxxlmousepads\/#primaryimage\",\"url\":\"https:\/\/darshion.com\/wp-content\/uploads\/2024\/03\/gaming-mouse-pad.jpg\",\"contentUrl\":\"https:\/\/darshion.com\/wp-content\/uploads\/2024\/03\/gaming-mouse-pad.jpg\",\"width\":1000,\"height\":1000},{\"@type\":\"BreadcrumbList\",\"@id\":\"https:\/\/darshion.com\/product\/xxxxlmousepads\/#breadcrumb\",\"itemListElement\":[{\"@type\":\"ListItem\",\"position\":1,\"name\":\"\u9996\u9875\",\"item\":\"https:\/\/darshion.com\/\"},{\"@type\":\"ListItem\",\"position\":2,\"name\":\"PRODUCT\",\"item\":\"https:\/\/darshion.com\/pt\/product\/\"},{\"@type\":\"ListItem\",\"position\":3,\"name\":\"Wholesale XXXXL Large Gaming Mouse Pad Factory\"}]},{\"@type\":\"WebSite\",\"@id\":\"https:\/\/darshion.com\/#website\",\"url\":\"https:\/\/darshion.com\/\",\"name\":\"darshion\",\"description\":\"14 Years of Experience, Quality Assurance, Innovative Design\",\"publisher\":{\"@id\":\"https:\/\/darshion.com\/#organization\"},\"potentialAction\":[{\"@type\":\"SearchAction\",\"target\":{\"@type\":\"EntryPoint\",\"urlTemplate\":\"https:\/\/darshion.com\/?s={search_term_string}\"},\"query-input\":{\"@type\":\"PropertyValueSpecification\",\"valueRequired\":true,\"valueName\":\"search_term_string\"}}],\"inLanguage\":\"tr\"},{\"@type\":\"Organization\",\"@id\":\"https:\/\/darshion.com\/#organization\",\"name\":\"darshion\",\"url\":\"https:\/\/darshion.com\/\",\"logo\":{\"@type\":\"ImageObject\",\"inLanguage\":\"tr\",\"@id\":\"https:\/\/darshion.com\/#\/schema\/logo\/image\/\",\"url\":\"https:\/\/darshion.com\/wp-content\/uploads\/2023\/09\/01-1.png\",\"contentUrl\":\"https:\/\/darshion.com\/wp-content\/uploads\/2023\/09\/01-1.png\",\"width\":350,\"height\":100,\"caption\":\"darshion\"},\"image\":{\"@id\":\"https:\/\/darshion.com\/#\/schema\/logo\/image\/\"}}]}<\/script>\n<!-- \/ Yoast SEO Premium plugin. -->","yoast_head_json":{"title":"Toptan XXXXL B\u00fcy\u00fck Oyun Mouse Pad Fabrikas\u0131 - darshion","robots":{"index":"index","follow":"follow","max-snippet":"max-snippet:-1","max-image-preview":"max-image-preview:large","max-video-preview":"max-video-preview:-1"},"canonical":"https:\/\/darshion.com\/tr\/urun\/xxxxlmousepads\/","og_locale":"tr_TR","og_type":"article","og_title":"Wholesale XXXXL Large Gaming Mouse Pad Factory","og_description":"XXXL Large Mouse Pad, Ultra-Thin Gaming Mousepad, Extended Mouse Mat, Non-Slip Rubber Base Keyboard Pad","og_url":"https:\/\/darshion.com\/tr\/urun\/xxxxlmousepads\/","og_site_name":"darshion","article_modified_time":"2024-07-06T01:49:44+00:00","og_image":[{"width":1000,"height":1000,"url":"https:\/\/darshion.com\/wp-content\/uploads\/2024\/03\/gaming-mouse-pad.jpg","type":"image\/jpeg"}],"twitter_card":"summary_large_image","twitter_misc":{"Tahmini okuma s\u00fcresi":"1 dakika"},"schema":{"@context":"https:\/\/schema.org","@graph":[{"@type":"WebPage","@id":"https:\/\/darshion.com\/product\/xxxxlmousepads\/","url":"https:\/\/darshion.com\/product\/xxxxlmousepads\/","name":"Toptan XXXXL B\u00fcy\u00fck Oyun Mouse Pad Fabrikas\u0131 - darshion","isPartOf":{"@id":"https:\/\/darshion.com\/#website"},"primaryImageOfPage":{"@id":"https:\/\/darshion.com\/product\/xxxxlmousepads\/#primaryimage"},"image":{"@id":"https:\/\/darshion.com\/product\/xxxxlmousepads\/#primaryimage"},"thumbnailUrl":"https:\/\/darshion.com\/wp-content\/uploads\/2024\/03\/gaming-mouse-pad.jpg","datePublished":"2024-03-20T01:52:41+00:00","dateModified":"2024-07-06T01:49:44+00:00","breadcrumb":{"@id":"https:\/\/darshion.com\/product\/xxxxlmousepads\/#breadcrumb"},"inLanguage":"tr","potentialAction":[{"@type":"ReadAction","target":["https:\/\/darshion.com\/product\/xxxxlmousepads\/"]}]},{"@type":"ImageObject","inLanguage":"tr","@id":"https:\/\/darshion.com\/product\/xxxxlmousepads\/#primaryimage","url":"https:\/\/darshion.com\/wp-content\/uploads\/2024\/03\/gaming-mouse-pad.jpg","contentUrl":"https:\/\/darshion.com\/wp-content\/uploads\/2024\/03\/gaming-mouse-pad.jpg","width":1000,"height":1000},{"@type":"BreadcrumbList","@id":"https:\/\/darshion.com\/product\/xxxxlmousepads\/#breadcrumb","itemListElement":[{"@type":"ListItem","position":1,"name":"\u9996\u9875","item":"https:\/\/darshion.com\/"},{"@type":"ListItem","position":2,"name":"PRODUCT","item":"https:\/\/darshion.com\/pt\/product\/"},{"@type":"ListItem","position":3,"name":"Wholesale XXXXL Large Gaming Mouse Pad Factory"}]},{"@type":"WebSite","@id":"https:\/\/darshion.com\/#website","url":"https:\/\/darshion.com\/","name":"darshion","description":"14 Y\u0131ll\u0131k Tecr\u00fcbe, Kalite G\u00fcvencesi, Yenilik\u00e7i Tasar\u0131m","publisher":{"@id":"https:\/\/darshion.com\/#organization"},"potentialAction":[{"@type":"SearchAction","target":{"@type":"EntryPoint","urlTemplate":"https:\/\/darshion.com\/?s={search_term_string}"},"query-input":{"@type":"PropertyValueSpecification","valueRequired":true,"valueName":"search_term_string"}}],"inLanguage":"tr"},{"@type":"Organization","@id":"https:\/\/darshion.com\/#organization","name":"darshion","url":"https:\/\/darshion.com\/","logo":{"@type":"ImageObject","inLanguage":"tr","@id":"https:\/\/darshion.com\/#\/schema\/logo\/image\/","url":"https:\/\/darshion.com\/wp-content\/uploads\/2023\/09\/01-1.png","contentUrl":"https:\/\/darshion.com\/wp-content\/uploads\/2023\/09\/01-1.png","width":350,"height":100,"caption":"darshion"},"image":{"@id":"https:\/\/darshion.com\/#\/schema\/logo\/image\/"}}]}},"_links":{"self":[{"href":"https:\/\/darshion.com\/tr\/wp-json\/wp\/v2\/product\/1859"}],"collection":[{"href":"https:\/\/darshion.com\/tr\/wp-json\/wp\/v2\/product"}],"about":[{"href":"https:\/\/darshion.com\/tr\/wp-json\/wp\/v2\/types\/product"}],"replies":[{"embeddable":true,"href":"https:\/\/darshion.com\/tr\/wp-json\/wp\/v2\/comments?post=1859"}],"wp:featuredmedia":[{"embeddable":true,"href":"https:\/\/darshion.com\/tr\/wp-json\/wp\/v2\/media\/1863"}],"wp:attachment":[{"href":"https:\/\/darshion.com\/tr\/wp-json\/wp\/v2\/media?parent=1859"}],"wp:term":[{"taxonomy":"product_cat","embeddable":true,"href":"https:\/\/darshion.com\/tr\/wp-json\/wp\/v2\/product_cat?post=1859"},{"taxonomy":"product_tag","embeddable":true,"href":"https:\/\/darshion.com\/tr\/wp-json\/wp\/v2\/product_tag?post=1859"}],"curies":[{"name":"wp","href":"https:\/\/api.w.org\/{rel}","templated":true}]}}