{"id":2185,"date":"2024-05-16T16:57:11","date_gmt":"2024-05-16T08:57:11","guid":{"rendered":"https:\/\/darshion.com\/?post_type=product&#038;p=2185"},"modified":"2024-07-06T09:49:32","modified_gmt":"2024-07-06T01:49:32","slug":"chair-mats-factory","status":"publish","type":"product","link":"https:\/\/darshion.com\/tr\/urun\/chair-mats-factory\/","title":{"rendered":"Kaymaz Yuvarlak Kau\u00e7uk Oyun Koltu\u011fu Paspaslar\u0131 Fabrikas\u0131"},"content":{"rendered":"<div class=\"celwidget aplus-module 3p-module-b aplus-standard\" data-csa-c-id=\"ix3dej-x4kscu-p3udkf-htlicl\" data-cel-widget=\"aplus-3p-module-b\">\n<div class=\"aplus-module-wrapper aplus-3p-fixed-width\">\n<h3 class=\"a-spacing-mini\">\u00a0Parke Zemin i\u00e7in Kaymaz Sandalye Paspas\u0131<\/h3>\n<p>\u3010\u00d6zel Boyutlu Yuvarlak Oyun Koltu\u011fu Paspaslar\u0131 Fabrikas\u0131\u3011 \uff1a 2 mm kal\u0131nl\u0131\u011f\u0131ndaki bilgisayar koltu\u011fu pedleri, oyun odalar\u0131 i\u00e7in serin olacak \u015fekilde tasarlanm\u0131\u015ft\u0131r, B\u00fcy\u00fck \u00d6zel boyut ve p\u00fcr\u00fczs\u00fcz polyester mikrofiber kuma\u015f y\u00fczey, bilgisayar koltu\u011funun tekerleklerinin serbest\u00e7e kaymas\u0131n\u0131 sa\u011flar.<br \/>\n\u3010Sert Ah\u015fap i\u00e7in Kaymaz Kau\u00e7uk Sandalye Paspaslar\u0131 Fabrikas\u0131\u3011\uff1a yuvarlak oyun bilgisayar\u0131 sandalye paspas\u0131 do\u011fal kau\u00e7uk ve polyester mikrofiber kuma\u015ftan yap\u0131lm\u0131\u015ft\u0131r, kau\u00e7uk alt tasar\u0131m stabilite sa\u011flar ve zemin paspas\u0131n\u0131 s\u0131k\u0131ca yerinde tutar - g\u00fcvenlik korumas\u0131.<br \/>\n\u3010Oyun Kumandas\u0131 Tasar\u0131m Sandalye Paspaslar\u0131 Fabrikas\u0131\u3011: Cool Game Controller tasar\u0131m\u0131 oyun odan\u0131za e\u011flence katar ve Bu sert zemin sandalye paspas\u0131, sert zeminlerinizi sandalye tekerleklerinin neden oldu\u011fu her t\u00fcrl\u00fc \u00e7izik veya girintiden korumak ve sert zemin y\u00fczeyinin g\u00fcr\u00fclt\u00fcs\u00fcn\u00fc azaltmaya yard\u0131mc\u0131 olmak i\u00e7in oyun sandalyeniz i\u00e7in tasarlanm\u0131\u015ft\u0131r. oyun deneyiminizi daha keyifli hale getirmek harika.<br \/>\n\u3010Dayan\u0131kl\u0131 Koruyucu Masa Sandalye Paspaslar\u0131 Fabrikas\u0131\u3011: Yumu\u015fak ve y\u00fcksek kaliteli malzeme ve desen tasar\u0131m\u0131, bu yuvarlak paspas\u0131n ofis, oyun odas\u0131, spor salonu, oturma odas\u0131, yatak odas\u0131 gibi \u00e7e\u015fitli ya\u015fam senaryolar\u0131na esnek bir \u015fekilde uyum sa\u011flamas\u0131n\u0131 sa\u011flar, ayr\u0131ca VR oyun paspaslar\u0131, yoga paspaslar\u0131, \u00e7ocuk oyun paspas\u0131, \u00e7ocuk odas\u0131 dekor hal\u0131s\u0131, evcil hayvan paspaslar\u0131, oyuncular, \u00e7ocuklar i\u00e7in harika bir hediye yapabilirsiniz.<br \/>\n\u3010H\u0131zl\u0131 Numune\u3011: M\u00fcmk\u00fcn olan en k\u0131sa s\u00fcrede ayn\u0131 g\u00fcn numune ayarlayabiliriz.<\/p>\n<p><img fetchpriority=\"high\" decoding=\"async\" class=\"size-full wp-image-2230\" src=\"https:\/\/darshion.com\/wp-content\/uploads\/2024\/05\/aio7j-wgimi.webp\" alt=\"Chair Mats Factory\" width=\"970\" height=\"600\" srcset=\"https:\/\/darshion.com\/wp-content\/uploads\/2024\/05\/aio7j-wgimi.webp 970w, https:\/\/darshion.com\/wp-content\/uploads\/2024\/05\/aio7j-wgimi-300x186.webp 300w, https:\/\/darshion.com\/wp-content\/uploads\/2024\/05\/aio7j-wgimi-768x475.webp 768w, https:\/\/darshion.com\/wp-content\/uploads\/2024\/05\/aio7j-wgimi-600x371.webp 600w\" sizes=\"(max-width: 970px) 100vw, 970px\" \/><\/p>\n<\/div>\n<\/div>\n<div class=\"celwidget aplus-module module-2 aplus-standard\" data-csa-c-id=\"fzxhh3-588f6e-mylyb9-23ld9s\" data-cel-widget=\"aplus-module-2\">\n<div class=\"aplus-module-wrapper apm-floatnone apm-fixed-width\">\n<div class=\"apm-sidemodule apm-spacing\">\n<div class=\"apm-sidemodule-imageleft\"><img decoding=\"async\" class=\"alignleft\" src=\"https:\/\/m.media-amazon.com\/images\/S\/aplus-media-library-service-media\/c49fade5-5406-45b3-b202-35b7aa69c0d5.__CR0,0,600,600_PT0_SX300_V1___.jpg\" alt=\"Chair Mat\" data-src=\"https:\/\/m.media-amazon.com\/images\/S\/aplus-media-library-service-media\/c49fade5-5406-45b3-b202-35b7aa69c0d5.__CR0,0,600,600_PT0_SX300_V1___.jpg\" data-wp-editing=\"1\" \/><\/div>\n<div class=\"apm-sidemodule-textright\">\n<h3 class=\"a-spacing-mini\">\u015eARTNAME<\/h3>\n<p>&nbsp;<\/p>\n<p><span class=\"a-list-item\">Boyut : 47\u00d747 in\u00e7<\/span><\/p>\n<ul class=\"a-unordered-list a-vertical\">\n<li><span class=\"a-list-item\">Malzeme: Polyester mikrofiber kuma\u015f+Kau\u00e7uk Destek<\/span><\/li>\n<li><span class=\"a-list-item\">Renk : Renkli<\/span><\/li>\n<li><span class=\"a-list-item\">Stil : Oyun Alan\u0131<\/span><\/li>\n<li><span class=\"a-list-item\">Tip D\u00fc\u015f\u00fck Kaz\u0131k 2mm<\/span><\/li>\n<li><span class=\"a-list-item\">Bak\u0131m Talimatlar\u0131 : D\u00fczenli olarak temizlemek i\u00e7in vakum kullan\u0131n<\/span><\/li>\n<li><span class=\"a-list-item\">\u00c7ok Y\u00f6nl\u00fc Kullan\u0131m: Oyun odas\u0131, ev ofisi, spor salonu, oturma odas\u0131, yatak odas\u0131 i\u00e7in m\u00fckemmel, ayr\u0131ca VR oyun paspaslar\u0131, yoga paspaslar\u0131, \u00e7ocuk oyun paspas\u0131, \u00e7ocuk odas\u0131 dekor hal\u0131s\u0131, evcil hayvan paspaslar\u0131, oyuncular, \u00e7ocuklar i\u00e7in harika bir hediye yapabilirsiniz.<\/span><\/li>\n<li><span class=\"a-list-item\"><span class=\"a-text-bold\">Not :<\/span>\u00a0<span class=\"a-text-bold\"><span class=\"a-text-italic\">Katlanm\u0131\u015f paket nedeniyle paspas \u00fczerinde k\u0131r\u0131\u015f\u0131kl\u0131klar olabilir, Endi\u015felenmeyin ve k\u0131r\u0131\u015f\u0131kl\u0131\u011f\u0131 gidermek i\u00e7in 1-2 g\u00fcn boyunca sab\u0131rla d\u00fcz bir \u015fekilde yat\u0131r\u0131n.<\/span><\/span><\/span><\/li>\n<\/ul>\n<p>&nbsp;<\/p>\n<\/div>\n<\/div>\n<\/div>\n<div><\/div>\n<\/div>\n<div class=\"celwidget aplus-module 3p-module-b aplus-standard\" data-csa-c-id=\"dqcm5z-9pxn3f-kpstrl-nsx20o\" data-cel-widget=\"aplus-3p-module-b\">\n<div class=\"aplus-module-wrapper aplus-3p-fixed-width\">\n<p><img decoding=\"async\" class=\"size-full wp-image-2231\" src=\"https:\/\/darshion.com\/wp-content\/uploads\/2024\/05\/a3fy4-6tz9o.webp\" alt=\"Chair Mats Factory\" width=\"970\" height=\"600\" srcset=\"https:\/\/darshion.com\/wp-content\/uploads\/2024\/05\/a3fy4-6tz9o.webp 970w, https:\/\/darshion.com\/wp-content\/uploads\/2024\/05\/a3fy4-6tz9o-300x186.webp 300w, https:\/\/darshion.com\/wp-content\/uploads\/2024\/05\/a3fy4-6tz9o-768x475.webp 768w, https:\/\/darshion.com\/wp-content\/uploads\/2024\/05\/a3fy4-6tz9o-600x371.webp 600w\" sizes=\"(max-width: 970px) 100vw, 970px\" \/><\/p>\n<\/div>\n<\/div>\n<div class=\"celwidget aplus-module module-9 aplus-standard\" data-csa-c-id=\"l56t9i-od38gu-ishykx-b5z7nc\" data-cel-widget=\"aplus-module-9\">\n<div class=\"aplus-module-wrapper apm-fixed-width\">\n<div class=\"apm-spacing apm-fixed-width\">\n<h3 class=\"a-spacing-small\">Kau\u00e7uk Destekli Bilgisayar Sandalye Paspas\u0131 Zemin Koruyucu<\/h3>\n<table class=\"apm-fixed-width apm-eventhirdcol-table\">\n<tbody>\n<tr>\n<th class=\"apm-center\">\n<div class=\"apm-eventhirdcol apm-floatleft\">\n<p><img decoding=\"async\" class=\"a-spacing-mini\" src=\"https:\/\/m.media-amazon.com\/images\/S\/aplus-media-library-service-media\/9cdc6082-9052-4bef-992f-4c00b545d5fa.__CR0,0,600,600_PT0_SX300_V1___.jpg\" alt=\"Chair Mat\" data-src=\"https:\/\/m.media-amazon.com\/images\/S\/aplus-media-library-service-media\/9cdc6082-9052-4bef-992f-4c00b545d5fa.__CR0,0,600,600_PT0_SX300_V1___.jpg\" \/><\/p>\n<\/div>\n<\/th>\n<th class=\"apm-center\">\n<div class=\"apm-eventhirdcol apm-floatleft\">\n<p><img decoding=\"async\" class=\"a-spacing-mini\" src=\"https:\/\/m.media-amazon.com\/images\/S\/aplus-media-library-service-media\/344fd103-480a-4eff-8082-348a15b882fc.__CR0,0,600,600_PT0_SX300_V1___.jpg\" alt=\"Non Slip Chair Mat\" data-src=\"https:\/\/m.media-amazon.com\/images\/S\/aplus-media-library-service-media\/344fd103-480a-4eff-8082-348a15b882fc.__CR0,0,600,600_PT0_SX300_V1___.jpg\" \/><\/p>\n<\/div>\n<\/th>\n<th class=\"apm-center\">\n<div class=\"apm-eventhirdcol apm-floatleft\">\n<p><img decoding=\"async\" class=\"a-spacing-mini\" src=\"https:\/\/m.media-amazon.com\/images\/S\/aplus-media-library-service-media\/5e9dd705-8dd7-4651-aa82-678ef9bb6588.__CR0,0,600,600_PT0_SX300_V1___.jpg\" alt=\"chair mat\" data-src=\"https:\/\/m.media-amazon.com\/images\/S\/aplus-media-library-service-media\/5e9dd705-8dd7-4651-aa82-678ef9bb6588.__CR0,0,600,600_PT0_SX300_V1___.jpg\" \/><\/p>\n<\/div>\n<\/th>\n<\/tr>\n<tr>\n<td class=\"apm-top\">\n<div class=\"apm-eventhirdcol apm-floatleft\">\n<h4 class=\"a-spacing-mini\">P\u00fcr\u00fczs\u00fcz Y\u00fczey<\/h4>\n<p>&nbsp;<\/p>\n<ul class=\"a-unordered-list a-vertical\">\n<li><span class=\"a-list-item\">Daha P\u00fcr\u00fczs\u00fcz ve Daha Sessiz<\/span><\/li>\n<li><span class=\"a-list-item\">2mm d\u00fc\u015f\u00fck havl\u0131 tasar\u0131m<\/span><\/li>\n<li><span class=\"a-list-item\">\u00c7ift k\u0131vr\u0131ml\u0131 tasar\u0131m<\/span><\/li>\n<li><span class=\"a-list-item\">\u00c7izilmeye Dayan\u0131kl\u0131<\/span><\/li>\n<\/ul>\n<p>&nbsp;<\/p>\n<\/div>\n<\/td>\n<td class=\"apm-top\">\n<div class=\"apm-eventhirdcol apm-floatleft\">\n<h4 class=\"a-spacing-mini\">Kaymaz Kau\u00e7uk Destek<\/h4>\n<p>&nbsp;<\/p>\n<ul class=\"a-unordered-list a-vertical\">\n<li><span class=\"a-list-item\">Kaymaz destek<\/span><\/li>\n<li><span class=\"a-list-item\">Zemine yeterince tutu\u015f getirin<\/span><\/li>\n<li><span class=\"a-list-item\">Parke, mermer ve karo zeminler i\u00e7in uygundur.<\/span><\/li>\n<\/ul>\n<p>&nbsp;<\/p>\n<\/div>\n<\/td>\n<td class=\"apm-top\">\n<div class=\"apm-eventhirdcol apm-floatleft\">\n<h4 class=\"a-spacing-mini\">Temizlemesi Kolay<\/h4>\n<p>&nbsp;<\/p>\n<ul class=\"a-unordered-list a-vertical\">\n<li><span class=\"a-list-item\">D\u00fczenli olarak temizlemek i\u00e7in vakum kullanmak<\/span><\/li>\n<li><span class=\"a-list-item\">Nemli bir bezle silin<\/span><\/li>\n<\/ul>\n<p>&nbsp;<\/p>\n<\/div>\n<\/td>\n<\/tr>\n<\/tbody>\n<\/table>\n<\/div>\n<\/div>\n<div><\/div>\n<\/div>\n<div class=\"celwidget aplus-module module-9 aplus-standard\" data-csa-c-id=\"z9yuvq-j25pux-ucjnf7-sql50e\" data-cel-widget=\"aplus-module-9\">\n<div class=\"aplus-module-wrapper apm-fixed-width\">\n<div class=\"apm-spacing apm-fixed-width\">\n<h3 class=\"a-spacing-small\">Yincimar Ev Ofis Oyun Odas\u0131 i\u00e7in Oyun Koltu\u011fu Minderi VR Oyun Minderi<\/h3>\n<table class=\"apm-fixed-width apm-eventhirdcol-table\">\n<tbody>\n<tr>\n<th class=\"apm-center\">\n<div class=\"apm-eventhirdcol apm-floatleft\">\n<p><img decoding=\"async\" class=\"a-spacing-mini\" src=\"https:\/\/m.media-amazon.com\/images\/S\/aplus-media-library-service-media\/411a0f84-f836-4b33-907f-40102cd961c2.__CR0,0,600,600_PT0_SX300_V1___.jpg\" alt=\"Gaming Chair Mat\" data-src=\"https:\/\/m.media-amazon.com\/images\/S\/aplus-media-library-service-media\/411a0f84-f836-4b33-907f-40102cd961c2.__CR0,0,600,600_PT0_SX300_V1___.jpg\" \/><\/p>\n<\/div>\n<\/th>\n<th class=\"apm-center\">\n<div class=\"apm-eventhirdcol apm-floatleft\">\n<p><img decoding=\"async\" class=\"a-spacing-mini\" src=\"https:\/\/m.media-amazon.com\/images\/S\/aplus-media-library-service-media\/12f4a4f1-da13-4bf7-937a-a77f4ab73704.__CR0,0,600,600_PT0_SX300_V1___.jpg\" alt=\"Home Office Decor\" data-src=\"https:\/\/m.media-amazon.com\/images\/S\/aplus-media-library-service-media\/12f4a4f1-da13-4bf7-937a-a77f4ab73704.__CR0,0,600,600_PT0_SX300_V1___.jpg\" \/><\/p>\n<\/div>\n<\/th>\n<th class=\"apm-center\">\n<div class=\"apm-eventhirdcol apm-floatleft\">\n<p><img decoding=\"async\" class=\"a-spacing-mini\" src=\"https:\/\/m.media-amazon.com\/images\/S\/aplus-media-library-service-media\/6c036462-88c6-4880-a2b6-d4c52616bb2e.__CR0,0,600,600_PT0_SX300_V1___.jpg\" alt=\"RV Gaming Mat\" data-src=\"https:\/\/m.media-amazon.com\/images\/S\/aplus-media-library-service-media\/6c036462-88c6-4880-a2b6-d4c52616bb2e.__CR0,0,600,600_PT0_SX300_V1___.jpg\" \/><\/p>\n<\/div>\n<\/th>\n<\/tr>\n<tr>\n<td class=\"apm-top\">\n<div class=\"apm-eventhirdcol apm-floatleft\">\n<h4 class=\"a-spacing-mini\">Oyun Koltu\u011fu Minderi<\/h4>\n<p>&nbsp;<\/p>\n<ul class=\"a-unordered-list a-vertical\">\n<li><span class=\"a-list-item\">Oyun odan\u0131za harika bir katk\u0131 ve Cool Game Controller tasar\u0131m\u0131 oyun odan\u0131za e\u011flence katar.<\/span><\/li>\n<\/ul>\n<p>&nbsp;<\/p>\n<\/div>\n<\/td>\n<td class=\"apm-top\">\n<div class=\"apm-eventhirdcol apm-floatleft\">\n<h4 class=\"a-spacing-mini\">Ev Ofis Bilgisayar Koltu\u011fu Paspas\u0131<\/h4>\n<p>&nbsp;<\/p>\n<ul class=\"a-unordered-list a-vertical\">\n<li><span class=\"a-list-item\">Sert zeminlerinizi sandalye tekerleklerinin neden oldu\u011fu her t\u00fcrl\u00fc \u00e7izik veya girintiden korur ve sert zemin y\u00fczeyinin g\u00fcr\u00fclt\u00fcs\u00fcn\u00fc azaltmaya yard\u0131mc\u0131 olur<\/span><\/li>\n<\/ul>\n<p>&nbsp;<\/p>\n<\/div>\n<\/td>\n<td class=\"apm-top\">\n<div class=\"apm-eventhirdcol apm-floatleft\">\n<h4 class=\"a-spacing-mini\">VR Oyun Oyun Minderi<\/h4>\n<p>&nbsp;<\/p>\n<ul class=\"a-unordered-list a-vertical\">\n<li><span class=\"a-list-item\">Yumu\u015fak ve y\u00fcksek kaliteli malzeme ve desen tasar\u0131m\u0131, bu yuvarlak paspas\u0131n \u00e7e\u015fitli ya\u015fam senaryolar\u0131na esnek bir \u015fekilde uyum sa\u011flamas\u0131n\u0131 sa\u011flar.<\/span><\/li>\n<\/ul>\n<\/div>\n<\/td>\n<\/tr>\n<\/tbody>\n<\/table>\n<\/div>\n<\/div>\n<\/div>","protected":false},"excerpt":{"rendered":"<p>Kau\u00e7uk Oyun Koltu\u011fu Paspaslar\u0131 Fabrikas\u0131<\/p>","protected":false},"featured_media":2188,"comment_status":"open","ping_status":"closed","template":"","meta":{"_monsterinsights_skip_tracking":false,"_monsterinsights_sitenote_active":false,"_monsterinsights_sitenote_note":"","_monsterinsights_sitenote_category":0},"product_cat":[100],"product_tag":[],"yoast_head":"<!-- This site is optimized with the Yoast SEO Premium plugin v22.9 (Yoast SEO v24.0) - https:\/\/yoast.com\/wordpress\/plugins\/seo\/ -->\n<title>Anti-Slip Round Rubber Gaming Chair Mats Factory - darshion<\/title>\n<meta name=\"robots\" content=\"index, follow, max-snippet:-1, max-image-preview:large, max-video-preview:-1\" \/>\n<link rel=\"canonical\" href=\"https:\/\/darshion.com\/tr\/urun\/chair-mats-factory\/\" \/>\n<meta property=\"og:locale\" content=\"tr_TR\" \/>\n<meta property=\"og:type\" content=\"article\" \/>\n<meta property=\"og:title\" content=\"Anti-Slip Round Rubber Gaming Chair Mats Factory\" \/>\n<meta property=\"og:description\" content=\"Rubber Gaming Chair Mats Factory\" \/>\n<meta property=\"og:url\" content=\"https:\/\/darshion.com\/tr\/urun\/chair-mats-factory\/\" \/>\n<meta property=\"og:site_name\" content=\"darshion\" \/>\n<meta property=\"article:modified_time\" content=\"2024-07-06T01:49:32+00:00\" \/>\n<meta property=\"og:image\" content=\"https:\/\/darshion.com\/wp-content\/uploads\/2024\/05\/1.jpg\" \/>\n\t<meta property=\"og:image:width\" content=\"1491\" \/>\n\t<meta property=\"og:image:height\" content=\"1486\" \/>\n\t<meta property=\"og:image:type\" content=\"image\/jpeg\" \/>\n<meta name=\"twitter:card\" content=\"summary_large_image\" \/>\n<meta name=\"twitter:label1\" content=\"Tahmini okuma s\u00fcresi\" \/>\n\t<meta name=\"twitter:data1\" content=\"2 dakika\" \/>\n<script type=\"application\/ld+json\" class=\"yoast-schema-graph\">{\"@context\":\"https:\/\/schema.org\",\"@graph\":[{\"@type\":\"WebPage\",\"@id\":\"https:\/\/darshion.com\/product\/chair-mats-factory\/\",\"url\":\"https:\/\/darshion.com\/product\/chair-mats-factory\/\",\"name\":\"Anti-Slip Round Rubber Gaming Chair Mats Factory - darshion\",\"isPartOf\":{\"@id\":\"https:\/\/darshion.com\/#website\"},\"primaryImageOfPage\":{\"@id\":\"https:\/\/darshion.com\/product\/chair-mats-factory\/#primaryimage\"},\"image\":{\"@id\":\"https:\/\/darshion.com\/product\/chair-mats-factory\/#primaryimage\"},\"thumbnailUrl\":\"https:\/\/darshion.com\/wp-content\/uploads\/2024\/05\/1.jpg\",\"datePublished\":\"2024-05-16T08:57:11+00:00\",\"dateModified\":\"2024-07-06T01:49:32+00:00\",\"breadcrumb\":{\"@id\":\"https:\/\/darshion.com\/product\/chair-mats-factory\/#breadcrumb\"},\"inLanguage\":\"tr\",\"potentialAction\":[{\"@type\":\"ReadAction\",\"target\":[\"https:\/\/darshion.com\/product\/chair-mats-factory\/\"]}]},{\"@type\":\"ImageObject\",\"inLanguage\":\"tr\",\"@id\":\"https:\/\/darshion.com\/product\/chair-mats-factory\/#primaryimage\",\"url\":\"https:\/\/darshion.com\/wp-content\/uploads\/2024\/05\/1.jpg\",\"contentUrl\":\"https:\/\/darshion.com\/wp-content\/uploads\/2024\/05\/1.jpg\",\"width\":1491,\"height\":1486,\"caption\":\"chair mats factory\"},{\"@type\":\"BreadcrumbList\",\"@id\":\"https:\/\/darshion.com\/product\/chair-mats-factory\/#breadcrumb\",\"itemListElement\":[{\"@type\":\"ListItem\",\"position\":1,\"name\":\"\u9996\u9875\",\"item\":\"https:\/\/darshion.com\/\"},{\"@type\":\"ListItem\",\"position\":2,\"name\":\"PRODUCT\",\"item\":\"https:\/\/darshion.com\/pt\/product\/\"},{\"@type\":\"ListItem\",\"position\":3,\"name\":\"Anti-Slip Round Rubber Gaming Chair Mats Factory\"}]},{\"@type\":\"WebSite\",\"@id\":\"https:\/\/darshion.com\/#website\",\"url\":\"https:\/\/darshion.com\/\",\"name\":\"darshion\",\"description\":\"14 Years of Experience, Quality Assurance, Innovative Design\",\"publisher\":{\"@id\":\"https:\/\/darshion.com\/#organization\"},\"potentialAction\":[{\"@type\":\"SearchAction\",\"target\":{\"@type\":\"EntryPoint\",\"urlTemplate\":\"https:\/\/darshion.com\/?s={search_term_string}\"},\"query-input\":{\"@type\":\"PropertyValueSpecification\",\"valueRequired\":true,\"valueName\":\"search_term_string\"}}],\"inLanguage\":\"tr\"},{\"@type\":\"Organization\",\"@id\":\"https:\/\/darshion.com\/#organization\",\"name\":\"darshion\",\"url\":\"https:\/\/darshion.com\/\",\"logo\":{\"@type\":\"ImageObject\",\"inLanguage\":\"tr\",\"@id\":\"https:\/\/darshion.com\/#\/schema\/logo\/image\/\",\"url\":\"https:\/\/darshion.com\/wp-content\/uploads\/2023\/09\/01-1.png\",\"contentUrl\":\"https:\/\/darshion.com\/wp-content\/uploads\/2023\/09\/01-1.png\",\"width\":350,\"height\":100,\"caption\":\"darshion\"},\"image\":{\"@id\":\"https:\/\/darshion.com\/#\/schema\/logo\/image\/\"}}]}<\/script>\n<!-- \/ Yoast SEO Premium plugin. -->","yoast_head_json":{"title":"Kaymaz Yuvarlak Kau\u00e7uk Oyun Koltu\u011fu Paspaslar\u0131 Fabrikas\u0131 - darshion","robots":{"index":"index","follow":"follow","max-snippet":"max-snippet:-1","max-image-preview":"max-image-preview:large","max-video-preview":"max-video-preview:-1"},"canonical":"https:\/\/darshion.com\/tr\/urun\/chair-mats-factory\/","og_locale":"tr_TR","og_type":"article","og_title":"Anti-Slip Round Rubber Gaming Chair Mats Factory","og_description":"Rubber Gaming Chair Mats Factory","og_url":"https:\/\/darshion.com\/tr\/urun\/chair-mats-factory\/","og_site_name":"darshion","article_modified_time":"2024-07-06T01:49:32+00:00","og_image":[{"width":1491,"height":1486,"url":"https:\/\/darshion.com\/wp-content\/uploads\/2024\/05\/1.jpg","type":"image\/jpeg"}],"twitter_card":"summary_large_image","twitter_misc":{"Tahmini okuma s\u00fcresi":"2 dakika"},"schema":{"@context":"https:\/\/schema.org","@graph":[{"@type":"WebPage","@id":"https:\/\/darshion.com\/product\/chair-mats-factory\/","url":"https:\/\/darshion.com\/product\/chair-mats-factory\/","name":"Kaymaz Yuvarlak Kau\u00e7uk Oyun Koltu\u011fu Paspaslar\u0131 Fabrikas\u0131 - darshion","isPartOf":{"@id":"https:\/\/darshion.com\/#website"},"primaryImageOfPage":{"@id":"https:\/\/darshion.com\/product\/chair-mats-factory\/#primaryimage"},"image":{"@id":"https:\/\/darshion.com\/product\/chair-mats-factory\/#primaryimage"},"thumbnailUrl":"https:\/\/darshion.com\/wp-content\/uploads\/2024\/05\/1.jpg","datePublished":"2024-05-16T08:57:11+00:00","dateModified":"2024-07-06T01:49:32+00:00","breadcrumb":{"@id":"https:\/\/darshion.com\/product\/chair-mats-factory\/#breadcrumb"},"inLanguage":"tr","potentialAction":[{"@type":"ReadAction","target":["https:\/\/darshion.com\/product\/chair-mats-factory\/"]}]},{"@type":"ImageObject","inLanguage":"tr","@id":"https:\/\/darshion.com\/product\/chair-mats-factory\/#primaryimage","url":"https:\/\/darshion.com\/wp-content\/uploads\/2024\/05\/1.jpg","contentUrl":"https:\/\/darshion.com\/wp-content\/uploads\/2024\/05\/1.jpg","width":1491,"height":1486,"caption":"chair mats factory"},{"@type":"BreadcrumbList","@id":"https:\/\/darshion.com\/product\/chair-mats-factory\/#breadcrumb","itemListElement":[{"@type":"ListItem","position":1,"name":"\u9996\u9875","item":"https:\/\/darshion.com\/"},{"@type":"ListItem","position":2,"name":"PRODUCT","item":"https:\/\/darshion.com\/pt\/product\/"},{"@type":"ListItem","position":3,"name":"Anti-Slip Round Rubber Gaming Chair Mats Factory"}]},{"@type":"WebSite","@id":"https:\/\/darshion.com\/#website","url":"https:\/\/darshion.com\/","name":"darshion","description":"14 Y\u0131ll\u0131k Tecr\u00fcbe, Kalite G\u00fcvencesi, Yenilik\u00e7i Tasar\u0131m","publisher":{"@id":"https:\/\/darshion.com\/#organization"},"potentialAction":[{"@type":"SearchAction","target":{"@type":"EntryPoint","urlTemplate":"https:\/\/darshion.com\/?s={search_term_string}"},"query-input":{"@type":"PropertyValueSpecification","valueRequired":true,"valueName":"search_term_string"}}],"inLanguage":"tr"},{"@type":"Organization","@id":"https:\/\/darshion.com\/#organization","name":"darshion","url":"https:\/\/darshion.com\/","logo":{"@type":"ImageObject","inLanguage":"tr","@id":"https:\/\/darshion.com\/#\/schema\/logo\/image\/","url":"https:\/\/darshion.com\/wp-content\/uploads\/2023\/09\/01-1.png","contentUrl":"https:\/\/darshion.com\/wp-content\/uploads\/2023\/09\/01-1.png","width":350,"height":100,"caption":"darshion"},"image":{"@id":"https:\/\/darshion.com\/#\/schema\/logo\/image\/"}}]}},"_links":{"self":[{"href":"https:\/\/darshion.com\/tr\/wp-json\/wp\/v2\/product\/2185"}],"collection":[{"href":"https:\/\/darshion.com\/tr\/wp-json\/wp\/v2\/product"}],"about":[{"href":"https:\/\/darshion.com\/tr\/wp-json\/wp\/v2\/types\/product"}],"replies":[{"embeddable":true,"href":"https:\/\/darshion.com\/tr\/wp-json\/wp\/v2\/comments?post=2185"}],"wp:featuredmedia":[{"embeddable":true,"href":"https:\/\/darshion.com\/tr\/wp-json\/wp\/v2\/media\/2188"}],"wp:attachment":[{"href":"https:\/\/darshion.com\/tr\/wp-json\/wp\/v2\/media?parent=2185"}],"wp:term":[{"taxonomy":"product_cat","embeddable":true,"href":"https:\/\/darshion.com\/tr\/wp-json\/wp\/v2\/product_cat?post=2185"},{"taxonomy":"product_tag","embeddable":true,"href":"https:\/\/darshion.com\/tr\/wp-json\/wp\/v2\/product_tag?post=2185"}],"curies":[{"name":"wp","href":"https:\/\/api.w.org\/{rel}","templated":true}]}}