{"id":2268,"date":"2024-07-19T14:43:21","date_gmt":"2024-07-19T06:43:21","guid":{"rendered":"https:\/\/darshion.com\/?post_type=product&#038;p=2268"},"modified":"2024-07-19T14:43:21","modified_gmt":"2024-07-19T06:43:21","slug":"ds20-desk-mat-bulk","status":"publish","type":"product","link":"https:\/\/darshion.com\/tr\/urun\/ds20-desk-mat-bulk\/","title":{"rendered":"DS20 15W RGB Kablosuz \u015earj Masas\u0131 Mat\u0131 Toplu"},"content":{"rendered":"<h2>Yeni \u00d6zellikler Y\u00fcksek Kaliteli Kablosuz \u015earj Masas\u0131 Mat\u0131 Toplu<\/h2>\n<p>\u00c7o\u011fu ak\u0131ll\u0131 telefon i\u00e7in 15W kablosuz \u015farj sa\u011flayabilir<br \/>\nOyun oynarken veya \u00e7al\u0131\u015f\u0131rken, b\u00fcy\u00fck geni\u015fletilmi\u015f mouse pad klavyenizi, mouse'unuzu ve masa\u00fcst\u00fcn\u00fczdeki di\u011fer \u015feyleri kaplamak i\u00e7in daha geni\u015f bir kullan\u0131m alan\u0131 sa\u011flar.<br \/>\nFare altl\u0131klar\u0131m\u0131z ultra p\u00fcr\u00fczs\u00fcz bir y\u00fczey, hassas ve kontrol edilebilir bir y\u00fczey sa\u011flar. Di\u011fer mouse pad'lere k\u0131yasla daha az s\u00fcrt\u00fcnme ile oyun sens\u00f6rleri i\u00e7in en iyi y\u00fczeyi sa\u011flar. Fareniz i\u00e7in h\u0131zl\u0131 ve p\u00fcr\u00fczs\u00fcz bir izleme y\u00fczeyi sa\u011flar. Oyun deneyiminizi bir \u00fcst seviyeye ta\u015f\u0131y\u0131n<br \/>\nStatik ve dinamik ayd\u0131nlatma modlar\u0131 da dahil olmak \u00fczere s\u00fcper parlak \u00f6zel ayd\u0131nlatma modlar\u0131, oyun oynarken veya \u00e7al\u0131\u015f\u0131rken benzersiz bir atmosfer sa\u011flar.<br \/>\nBu mouse pad, masaya s\u0131k\u0131ca oturan ve a\u011f\u0131r bir tutu\u015f sa\u011flayan kaymaz bir tabana sahiptir. Profesyonel kenar diki\u015fi a\u015f\u0131nma ve y\u0131pranmay\u0131 \u00f6nler ve daha uzun kullan\u0131m \u00f6mr\u00fc sa\u011flar. 4 mm kal\u0131nl\u0131\u011f\u0131 \u015feklinin sabit kalmas\u0131n\u0131 sa\u011flar (b\u00f6ylece dalga olu\u015fturmaz)<br \/>\nTeknik \u00d6zellikler<br \/>\nMalzeme: Kau\u00e7uk + kuma\u015f<br \/>\nTip M\/L\/XL\/XXL\/\u00f6zel<br \/>\nGiri\u015f: 5V, 2A\/9V, 1.67A<br \/>\n\u00c7\u0131k\u0131\u015f: 5V, 1.0A (maksimum) \/ 9V, 1.2A (minimum)<br \/>\nBoyut: 600x600MM\/700x700MM<br \/>\n800x30MM\/800x40MM\/900x400MM<br \/>\nPaket i\u00e7eri\u011fi:<br \/>\n1x Kablosuz \u015earjl\u0131 Mouse Pad<br \/>\n1xUSB kablo<\/p>\n<p><img fetchpriority=\"high\" decoding=\"async\" class=\"wp-image-2275 size-large\" src=\"https:\/\/darshion.com\/wp-content\/uploads\/2024\/05\/O1CN013BRDyI2DQgTLAb2GM_2210221638604-0-cib-1024x1024.jpg\" alt=\"wireless charging mouse pad\" width=\"800\" height=\"800\" srcset=\"https:\/\/darshion.com\/wp-content\/uploads\/2024\/05\/O1CN013BRDyI2DQgTLAb2GM_2210221638604-0-cib-1024x1024.jpg 1024w, https:\/\/darshion.com\/wp-content\/uploads\/2024\/05\/O1CN013BRDyI2DQgTLAb2GM_2210221638604-0-cib-300x300.jpg 300w, https:\/\/darshion.com\/wp-content\/uploads\/2024\/05\/O1CN013BRDyI2DQgTLAb2GM_2210221638604-0-cib-150x150.jpg 150w, https:\/\/darshion.com\/wp-content\/uploads\/2024\/05\/O1CN013BRDyI2DQgTLAb2GM_2210221638604-0-cib-768x768.jpg 768w, https:\/\/darshion.com\/wp-content\/uploads\/2024\/05\/O1CN013BRDyI2DQgTLAb2GM_2210221638604-0-cib-600x600.jpg 600w, https:\/\/darshion.com\/wp-content\/uploads\/2024\/05\/O1CN013BRDyI2DQgTLAb2GM_2210221638604-0-cib-100x100.jpg 100w, https:\/\/darshion.com\/wp-content\/uploads\/2024\/05\/O1CN013BRDyI2DQgTLAb2GM_2210221638604-0-cib.jpg 1500w\" sizes=\"(max-width: 800px) 100vw, 800px\" \/><\/p>\n<p><img decoding=\"async\" class=\"size-full wp-image-2274\" src=\"https:\/\/darshion.com\/wp-content\/uploads\/2024\/05\/O1CN01oAkOgh1Jfh3moYomr_2215432781056-0-cib.jpg\" alt=\"wireless charging mouse pad\" width=\"800\" height=\"800\" srcset=\"https:\/\/darshion.com\/wp-content\/uploads\/2024\/05\/O1CN01oAkOgh1Jfh3moYomr_2215432781056-0-cib.jpg 800w, https:\/\/darshion.com\/wp-content\/uploads\/2024\/05\/O1CN01oAkOgh1Jfh3moYomr_2215432781056-0-cib-300x300.jpg 300w, https:\/\/darshion.com\/wp-content\/uploads\/2024\/05\/O1CN01oAkOgh1Jfh3moYomr_2215432781056-0-cib-150x150.jpg 150w, https:\/\/darshion.com\/wp-content\/uploads\/2024\/05\/O1CN01oAkOgh1Jfh3moYomr_2215432781056-0-cib-768x768.jpg 768w, https:\/\/darshion.com\/wp-content\/uploads\/2024\/05\/O1CN01oAkOgh1Jfh3moYomr_2215432781056-0-cib-600x600.jpg 600w, https:\/\/darshion.com\/wp-content\/uploads\/2024\/05\/O1CN01oAkOgh1Jfh3moYomr_2215432781056-0-cib-100x100.jpg 100w\" sizes=\"(max-width: 800px) 100vw, 800px\" \/><\/p>\n<p><img decoding=\"async\" class=\"size-full wp-image-2273\" src=\"https:\/\/darshion.com\/wp-content\/uploads\/2024\/05\/O1CN01KngMsh2DQgTNcdFd2_2210221638604-0-cib.jpg\" alt=\"wireless charging mouse pad\" width=\"800\" height=\"800\" srcset=\"https:\/\/darshion.com\/wp-content\/uploads\/2024\/05\/O1CN01KngMsh2DQgTNcdFd2_2210221638604-0-cib.jpg 800w, https:\/\/darshion.com\/wp-content\/uploads\/2024\/05\/O1CN01KngMsh2DQgTNcdFd2_2210221638604-0-cib-300x300.jpg 300w, https:\/\/darshion.com\/wp-content\/uploads\/2024\/05\/O1CN01KngMsh2DQgTNcdFd2_2210221638604-0-cib-150x150.jpg 150w, https:\/\/darshion.com\/wp-content\/uploads\/2024\/05\/O1CN01KngMsh2DQgTNcdFd2_2210221638604-0-cib-768x768.jpg 768w, https:\/\/darshion.com\/wp-content\/uploads\/2024\/05\/O1CN01KngMsh2DQgTNcdFd2_2210221638604-0-cib-600x600.jpg 600w, https:\/\/darshion.com\/wp-content\/uploads\/2024\/05\/O1CN01KngMsh2DQgTNcdFd2_2210221638604-0-cib-100x100.jpg 100w\" sizes=\"(max-width: 800px) 100vw, 800px\" \/><\/p>\n<p><img loading=\"lazy\" decoding=\"async\" class=\"size-full wp-image-2272\" src=\"https:\/\/darshion.com\/wp-content\/uploads\/2024\/05\/O1CN01AardWn2DQgTLiLQ2K_2210221638604-0-cib.jpg\" alt=\"wireless charging mouse pad\" width=\"800\" height=\"800\" srcset=\"https:\/\/darshion.com\/wp-content\/uploads\/2024\/05\/O1CN01AardWn2DQgTLiLQ2K_2210221638604-0-cib.jpg 800w, https:\/\/darshion.com\/wp-content\/uploads\/2024\/05\/O1CN01AardWn2DQgTLiLQ2K_2210221638604-0-cib-300x300.jpg 300w, https:\/\/darshion.com\/wp-content\/uploads\/2024\/05\/O1CN01AardWn2DQgTLiLQ2K_2210221638604-0-cib-150x150.jpg 150w, https:\/\/darshion.com\/wp-content\/uploads\/2024\/05\/O1CN01AardWn2DQgTLiLQ2K_2210221638604-0-cib-768x768.jpg 768w, https:\/\/darshion.com\/wp-content\/uploads\/2024\/05\/O1CN01AardWn2DQgTLiLQ2K_2210221638604-0-cib-600x600.jpg 600w, https:\/\/darshion.com\/wp-content\/uploads\/2024\/05\/O1CN01AardWn2DQgTLiLQ2K_2210221638604-0-cib-100x100.jpg 100w\" sizes=\"(max-width: 800px) 100vw, 800px\" \/><\/p>","protected":false},"excerpt":{"rendered":"<p>15W Kablosuz \u015earj Masas\u0131 Mat\u0131 Tedarik\u00e7iler<\/p>","protected":false},"featured_media":2271,"comment_status":"open","ping_status":"closed","template":"","meta":{"_monsterinsights_skip_tracking":false,"_monsterinsights_sitenote_active":false,"_monsterinsights_sitenote_note":"","_monsterinsights_sitenote_category":0},"product_cat":[563,100],"product_tag":[104],"yoast_head":"<!-- This site is optimized with the Yoast SEO Premium plugin v22.9 (Yoast SEO v24.0) - https:\/\/yoast.com\/wordpress\/plugins\/seo\/ -->\n<title>DS20 15W RGB Wireless Charging Desk Mat Bulk - darshion<\/title>\n<meta name=\"robots\" content=\"index, follow, max-snippet:-1, max-image-preview:large, max-video-preview:-1\" \/>\n<link rel=\"canonical\" href=\"https:\/\/darshion.com\/tr\/urun\/ds20-desk-mat-bulk\/\" \/>\n<meta property=\"og:locale\" content=\"tr_TR\" \/>\n<meta property=\"og:type\" content=\"article\" \/>\n<meta property=\"og:title\" content=\"DS20 15W RGB Wireless Charging Desk Mat Bulk\" \/>\n<meta property=\"og:description\" content=\"15W Wireless Charging Desk Mat Suppliers\" \/>\n<meta property=\"og:url\" content=\"https:\/\/darshion.com\/tr\/urun\/ds20-desk-mat-bulk\/\" \/>\n<meta property=\"og:site_name\" content=\"darshion\" \/>\n<meta property=\"og:image\" content=\"https:\/\/darshion.com\/wp-content\/uploads\/2024\/05\/O1CN01AohPqk2DQgTEGZvVb_2210221638604-0-cib.jpg\" \/>\n\t<meta property=\"og:image:width\" content=\"1500\" \/>\n\t<meta property=\"og:image:height\" content=\"1500\" \/>\n\t<meta property=\"og:image:type\" content=\"image\/jpeg\" \/>\n<meta name=\"twitter:card\" content=\"summary_large_image\" \/>\n<meta name=\"twitter:label1\" content=\"Tahmini okuma s\u00fcresi\" \/>\n\t<meta name=\"twitter:data1\" content=\"2 dakika\" \/>\n<script type=\"application\/ld+json\" class=\"yoast-schema-graph\">{\"@context\":\"https:\/\/schema.org\",\"@graph\":[{\"@type\":\"WebPage\",\"@id\":\"https:\/\/darshion.com\/product\/ds20-desk-mat-bulk\/\",\"url\":\"https:\/\/darshion.com\/product\/ds20-desk-mat-bulk\/\",\"name\":\"DS20 15W RGB Wireless Charging Desk Mat Bulk - darshion\",\"isPartOf\":{\"@id\":\"https:\/\/darshion.com\/#website\"},\"primaryImageOfPage\":{\"@id\":\"https:\/\/darshion.com\/product\/ds20-desk-mat-bulk\/#primaryimage\"},\"image\":{\"@id\":\"https:\/\/darshion.com\/product\/ds20-desk-mat-bulk\/#primaryimage\"},\"thumbnailUrl\":\"https:\/\/darshion.com\/wp-content\/uploads\/2024\/05\/O1CN01AohPqk2DQgTEGZvVb_2210221638604-0-cib.jpg\",\"datePublished\":\"2024-07-19T06:43:21+00:00\",\"dateModified\":\"2024-07-19T06:43:21+00:00\",\"breadcrumb\":{\"@id\":\"https:\/\/darshion.com\/product\/ds20-desk-mat-bulk\/#breadcrumb\"},\"inLanguage\":\"tr\",\"potentialAction\":[{\"@type\":\"ReadAction\",\"target\":[\"https:\/\/darshion.com\/product\/ds20-desk-mat-bulk\/\"]}]},{\"@type\":\"ImageObject\",\"inLanguage\":\"tr\",\"@id\":\"https:\/\/darshion.com\/product\/ds20-desk-mat-bulk\/#primaryimage\",\"url\":\"https:\/\/darshion.com\/wp-content\/uploads\/2024\/05\/O1CN01AohPqk2DQgTEGZvVb_2210221638604-0-cib.jpg\",\"contentUrl\":\"https:\/\/darshion.com\/wp-content\/uploads\/2024\/05\/O1CN01AohPqk2DQgTEGZvVb_2210221638604-0-cib.jpg\",\"width\":1500,\"height\":1500,\"caption\":\"wireless charging mouse pad\"},{\"@type\":\"BreadcrumbList\",\"@id\":\"https:\/\/darshion.com\/product\/ds20-desk-mat-bulk\/#breadcrumb\",\"itemListElement\":[{\"@type\":\"ListItem\",\"position\":1,\"name\":\"\u9996\u9875\",\"item\":\"https:\/\/darshion.com\/\"},{\"@type\":\"ListItem\",\"position\":2,\"name\":\"PRODUCT\",\"item\":\"https:\/\/darshion.com\/pt\/product\/\"},{\"@type\":\"ListItem\",\"position\":3,\"name\":\"DS20 15W RGB Wireless Charging Desk Mat Bulk\"}]},{\"@type\":\"WebSite\",\"@id\":\"https:\/\/darshion.com\/#website\",\"url\":\"https:\/\/darshion.com\/\",\"name\":\"darshion\",\"description\":\"14 Years of Experience, Quality Assurance, Innovative Design\",\"publisher\":{\"@id\":\"https:\/\/darshion.com\/#organization\"},\"potentialAction\":[{\"@type\":\"SearchAction\",\"target\":{\"@type\":\"EntryPoint\",\"urlTemplate\":\"https:\/\/darshion.com\/?s={search_term_string}\"},\"query-input\":{\"@type\":\"PropertyValueSpecification\",\"valueRequired\":true,\"valueName\":\"search_term_string\"}}],\"inLanguage\":\"tr\"},{\"@type\":\"Organization\",\"@id\":\"https:\/\/darshion.com\/#organization\",\"name\":\"darshion\",\"url\":\"https:\/\/darshion.com\/\",\"logo\":{\"@type\":\"ImageObject\",\"inLanguage\":\"tr\",\"@id\":\"https:\/\/darshion.com\/#\/schema\/logo\/image\/\",\"url\":\"https:\/\/darshion.com\/wp-content\/uploads\/2023\/09\/01-1.png\",\"contentUrl\":\"https:\/\/darshion.com\/wp-content\/uploads\/2023\/09\/01-1.png\",\"width\":350,\"height\":100,\"caption\":\"darshion\"},\"image\":{\"@id\":\"https:\/\/darshion.com\/#\/schema\/logo\/image\/\"}}]}<\/script>\n<!-- \/ Yoast SEO Premium plugin. -->","yoast_head_json":{"title":"DS20 15W RGB Kablosuz \u015earj Masas\u0131 Mat\u0131 Toplu - darshion","robots":{"index":"index","follow":"follow","max-snippet":"max-snippet:-1","max-image-preview":"max-image-preview:large","max-video-preview":"max-video-preview:-1"},"canonical":"https:\/\/darshion.com\/tr\/urun\/ds20-desk-mat-bulk\/","og_locale":"tr_TR","og_type":"article","og_title":"DS20 15W RGB Wireless Charging Desk Mat Bulk","og_description":"15W Wireless Charging Desk Mat Suppliers","og_url":"https:\/\/darshion.com\/tr\/urun\/ds20-desk-mat-bulk\/","og_site_name":"darshion","og_image":[{"width":1500,"height":1500,"url":"https:\/\/darshion.com\/wp-content\/uploads\/2024\/05\/O1CN01AohPqk2DQgTEGZvVb_2210221638604-0-cib.jpg","type":"image\/jpeg"}],"twitter_card":"summary_large_image","twitter_misc":{"Tahmini okuma s\u00fcresi":"2 dakika"},"schema":{"@context":"https:\/\/schema.org","@graph":[{"@type":"WebPage","@id":"https:\/\/darshion.com\/product\/ds20-desk-mat-bulk\/","url":"https:\/\/darshion.com\/product\/ds20-desk-mat-bulk\/","name":"DS20 15W RGB Kablosuz \u015earj Masas\u0131 Mat\u0131 Toplu - darshion","isPartOf":{"@id":"https:\/\/darshion.com\/#website"},"primaryImageOfPage":{"@id":"https:\/\/darshion.com\/product\/ds20-desk-mat-bulk\/#primaryimage"},"image":{"@id":"https:\/\/darshion.com\/product\/ds20-desk-mat-bulk\/#primaryimage"},"thumbnailUrl":"https:\/\/darshion.com\/wp-content\/uploads\/2024\/05\/O1CN01AohPqk2DQgTEGZvVb_2210221638604-0-cib.jpg","datePublished":"2024-07-19T06:43:21+00:00","dateModified":"2024-07-19T06:43:21+00:00","breadcrumb":{"@id":"https:\/\/darshion.com\/product\/ds20-desk-mat-bulk\/#breadcrumb"},"inLanguage":"tr","potentialAction":[{"@type":"ReadAction","target":["https:\/\/darshion.com\/product\/ds20-desk-mat-bulk\/"]}]},{"@type":"ImageObject","inLanguage":"tr","@id":"https:\/\/darshion.com\/product\/ds20-desk-mat-bulk\/#primaryimage","url":"https:\/\/darshion.com\/wp-content\/uploads\/2024\/05\/O1CN01AohPqk2DQgTEGZvVb_2210221638604-0-cib.jpg","contentUrl":"https:\/\/darshion.com\/wp-content\/uploads\/2024\/05\/O1CN01AohPqk2DQgTEGZvVb_2210221638604-0-cib.jpg","width":1500,"height":1500,"caption":"wireless charging mouse pad"},{"@type":"BreadcrumbList","@id":"https:\/\/darshion.com\/product\/ds20-desk-mat-bulk\/#breadcrumb","itemListElement":[{"@type":"ListItem","position":1,"name":"\u9996\u9875","item":"https:\/\/darshion.com\/"},{"@type":"ListItem","position":2,"name":"PRODUCT","item":"https:\/\/darshion.com\/pt\/product\/"},{"@type":"ListItem","position":3,"name":"DS20 15W RGB Wireless Charging Desk Mat Bulk"}]},{"@type":"WebSite","@id":"https:\/\/darshion.com\/#website","url":"https:\/\/darshion.com\/","name":"darshion","description":"14 Y\u0131ll\u0131k Tecr\u00fcbe, Kalite G\u00fcvencesi, Yenilik\u00e7i Tasar\u0131m","publisher":{"@id":"https:\/\/darshion.com\/#organization"},"potentialAction":[{"@type":"SearchAction","target":{"@type":"EntryPoint","urlTemplate":"https:\/\/darshion.com\/?s={search_term_string}"},"query-input":{"@type":"PropertyValueSpecification","valueRequired":true,"valueName":"search_term_string"}}],"inLanguage":"tr"},{"@type":"Organization","@id":"https:\/\/darshion.com\/#organization","name":"darshion","url":"https:\/\/darshion.com\/","logo":{"@type":"ImageObject","inLanguage":"tr","@id":"https:\/\/darshion.com\/#\/schema\/logo\/image\/","url":"https:\/\/darshion.com\/wp-content\/uploads\/2023\/09\/01-1.png","contentUrl":"https:\/\/darshion.com\/wp-content\/uploads\/2023\/09\/01-1.png","width":350,"height":100,"caption":"darshion"},"image":{"@id":"https:\/\/darshion.com\/#\/schema\/logo\/image\/"}}]}},"_links":{"self":[{"href":"https:\/\/darshion.com\/tr\/wp-json\/wp\/v2\/product\/2268"}],"collection":[{"href":"https:\/\/darshion.com\/tr\/wp-json\/wp\/v2\/product"}],"about":[{"href":"https:\/\/darshion.com\/tr\/wp-json\/wp\/v2\/types\/product"}],"replies":[{"embeddable":true,"href":"https:\/\/darshion.com\/tr\/wp-json\/wp\/v2\/comments?post=2268"}],"wp:featuredmedia":[{"embeddable":true,"href":"https:\/\/darshion.com\/tr\/wp-json\/wp\/v2\/media\/2271"}],"wp:attachment":[{"href":"https:\/\/darshion.com\/tr\/wp-json\/wp\/v2\/media?parent=2268"}],"wp:term":[{"taxonomy":"product_cat","embeddable":true,"href":"https:\/\/darshion.com\/tr\/wp-json\/wp\/v2\/product_cat?post=2268"},{"taxonomy":"product_tag","embeddable":true,"href":"https:\/\/darshion.com\/tr\/wp-json\/wp\/v2\/product_tag?post=2268"}],"curies":[{"name":"wp","href":"https:\/\/api.w.org\/{rel}","templated":true}]}}