{"id":2298,"date":"2024-05-28T11:17:16","date_gmt":"2024-05-28T03:17:16","guid":{"rendered":"https:\/\/darshion.com\/?post_type=product&#038;p=2298"},"modified":"2026-03-07T12:52:25","modified_gmt":"2026-03-07T04:52:25","slug":"desk-mat-manufacturers","status":"publish","type":"product","link":"https:\/\/darshion.com\/tr\/urun\/desk-mat-manufacturers\/","title":{"rendered":"Oyun i\u00e7in B\u00fcy\u00fck Mouse Pad XXXXL Masa Paspas\u0131 \u00dcreticileri"},"content":{"rendered":"<h1>Masa Paspas\u0131 \u00dcreticisi ve Toptan Tedarik\u00e7isi<\/h1>\n<h2>Toplu ve Toptan Sipari\u015fler i\u00e7in \u00d6zel Masa Paspas\u0131 Fabrikas\u0131<\/h2>\n<p>Darshion, markalar, distrib\u00fct\u00f6rler, proje al\u0131c\u0131lar\u0131 ve b\u00fcy\u00fck \u00f6l\u00e7ekli sat\u0131c\u0131lar i\u00e7in toplu ve toptan \u00fcretim konusunda uzmanla\u015fm\u0131\u015f profesyonel bir masa paspas\u0131 \u00fcreticisidir.<\/p>\n<p>Boyut, malzeme, y\u00fczey bask\u0131s\u0131, kenar diki\u015fi ve paketleme dahil olmak \u00fczere tam \u00f6zelle\u015ftirme se\u00e7enekleriyle OEM ve ODM masa paspaslar\u0131 sa\u011fl\u0131yoruz. Fabrikam\u0131z, 500 birimden ba\u015flayan d\u00fc\u015f\u00fck MOQ'u ve uzun vadeli i\u015fbirli\u011fi i\u00e7in istikrarl\u0131 seri \u00fcretimi desteklemektedir.<\/p>\n<h2>OEM ve ODM \u00d6zelle\u015ftirme ile Toptan Masa Paspaslar\u0131<\/h2>\n<p>Toptan masa paspaslar\u0131m\u0131z marka sergileme, ofis kurulumlar\u0131, promosyon projeleri ve perakende da\u011f\u0131t\u0131m i\u00e7in yayg\u0131n olarak kullan\u0131lmaktad\u0131r.<\/p>\n<p>\u00d6zelle\u015ftirme se\u00e7enekleri \u015funlar\u0131 i\u00e7erir:<br \/>\n- Tam renkli s\u00fcblimasyon veya logo bask\u0131s\u0131<br \/>\n- Kau\u00e7uk taban, kuma\u015f y\u00fczey, PU deri se\u00e7enekleri<br \/>\n- \u00d6zel boyut, kal\u0131nl\u0131k ve kenar diki\u015fi<br \/>\n- \u00d6zel etiket ve perakende sat\u0131\u015fa haz\u0131r ambalaj<\/p>\n<p>\u0130\u015f ortaklar\u0131m\u0131z\u0131n rekabet\u00e7i pazarlar i\u00e7in farkl\u0131la\u015ft\u0131r\u0131lm\u0131\u015f masa mat\u0131 \u00fcr\u00fcnleri olu\u015fturmalar\u0131na yard\u0131mc\u0131 oluyoruz.<\/p>\n<h2>Ofis, Oyun ve Marka Uygulamalar\u0131 i\u00e7in Masa Paspaslar\u0131<\/h2>\n<p>Masa matlar\u0131m\u0131z dayan\u0131kl\u0131l\u0131k ve konfor i\u00e7in tasarlanm\u0131\u015f olup ofis kullan\u0131m\u0131, oyun kurulumlar\u0131 ve markal\u0131 \u00fcr\u00fcn serileri i\u00e7in uygundur. Bireysel perakende sat\u0131\u015flar i\u00e7in de\u011fil, toplu tedarik ve toptan da\u011f\u0131t\u0131m i\u00e7in \u00fcretilmi\u015ftir.<\/p>\n<h2>D\u00fc\u015f\u00fck MOQ ile Toplu Masa Paspas\u0131 \u0130malat\u0131<\/h2>\n<p>Toplu masa paspas\u0131 sipari\u015fleri i\u00e7in standart MOQ'umuz, \u00f6zelle\u015ftirme gereksinimlerine ba\u011fl\u0131 olarak 500 birimden ba\u015flar. Olgun \u00fcretim hatlar\u0131 ve s\u0131k\u0131 kalite kontrol\u00fc ile, tekrarlanan sipari\u015fler i\u00e7in tutarl\u0131 kalite ve teslimat sa\u011fl\u0131yoruz.<\/p>\n<p>\u3010Profesyonel Oyun Mouse Pad\u3011 Bu profesyonel bir b\u00fcy\u00fck oyun mouse pad'idir, mouse pad oyunumuz fare kontrol\u00fcn\u00fcz\u00fcn p\u00fcr\u00fczs\u00fczl\u00fc\u011f\u00fcn\u00fc ve hassasiyetini en \u00fcst d\u00fczeye \u00e7\u0131karman\u0131za yard\u0131mc\u0131 olabilir, profesyonel oyun mousepad'inin ultra p\u00fcr\u00fczs\u00fcz y\u00fczeyi, hassas izleme i\u00e7in fareyi istedi\u011finiz zaman zahmetsizce hareket ettirmenize olanak tan\u0131r, b\u00f6ylece t\u00fcm hevesli oyuncular en iyi oyun deneyimine sahip olabilir, m\u00fckemmel oyun seviyenizi ortaya \u00e7\u0131karmak i\u00e7in bu profesyonel b\u00fcy\u00fck oyun mouse pad'ini kullan\u0131n\uff01<br \/>\n\u3010Y\u00fcksek Stabilite, Dayan\u0131kl\u0131l\u0131k ve Konfor\u3011 Bu b\u00fcy\u00fck oyun mouse pad'i en g\u00fc\u00e7l\u00fc stabilite, dayan\u0131kl\u0131l\u0131k ve konfora sahiptir! Piyasadaki mouse pad katlanm\u0131\u015f kenarlar\u0131, d\u00fc\u015f\u00fck kaliteli mouse pad malzemesi, mouse pad kokusu ve mouse pad'in rahats\u0131z kullan\u0131m\u0131 gibi t\u00fcm sorunlar\u0131 \u00e7\u00f6z\u00fcn! Oyun mouse padlerimiz, t\u00fcm oyunculara en iyi oyun mouse padlerini sunmak i\u00e7in say\u0131s\u0131z saat ve say\u0131s\u0131z kez test edilmi\u015ftir!<br \/>\nEn Kaliteli Malzeme ve En G\u00fc\u00e7l\u00fc Kaymaz Performans\u3011 B\u00fcy\u00fck oyun mouse pad y\u00fczeyimizin tamam\u0131, bu oyun mouse pad'ini kulland\u0131\u011f\u0131n\u0131zda d\u00fcz kalmas\u0131n\u0131 sa\u011flamak i\u00e7in en kaliteli y\u00fcksek hassasiyetli likral\u0131 kuma\u015ftan yap\u0131lm\u0131\u015ft\u0131r. B\u00fcy\u00fck oyun mouse pad'inin alt\u0131ndaki kaymaz kau\u00e7uk taban, mouse pad'i s\u0131k\u0131ca yerinde tutar ve en g\u00fc\u00e7l\u00fc kaymazl\u0131k performans\u0131n\u0131 sunar ve bu oyun mouse pad'i, d\u00f6k\u00fclmeleri veya kirlenmeyi \u00f6nleyen, temizlenmesi kolay ve kokusuz su ge\u00e7irmez bir kaplama ile kaplanm\u0131\u015ft\u0131r. Bu b\u00fcy\u00fck oyun mouse pad'i size en iyi dengeyi, dayan\u0131kl\u0131l\u0131\u011f\u0131 ve konforu sa\u011flayacakt\u0131r.<br \/>\nEkstra B\u00fcy\u00fck Geni\u015fletilmi\u015f XXXL Boyutlu Oyun Mouse Pad\u3011 Di\u011fer mouse pad'lerden daha uzun ve daha geni\u015f olan bu b\u00fcy\u00fck oyun mouse pad'imiz, mouse ve klavyeniz i\u00e7in bol miktarda alan sa\u011flayarak profesyonel oyun oturumlar\u0131 i\u00e7in daha geni\u015f, p\u00fcr\u00fczs\u00fcz ve engelsiz bir y\u00fczey sa\u011flar ve bu mouse pad oyun masa\u00fcst\u00fcn\u00fcz\u00fc de korur. Mousepad gaming'in ekstra kal\u0131n 2mm kal\u0131nl\u0131\u011f\u0131 sadece g\u00fcr\u00fclt\u00fcy\u00fc azaltmakla kalmaz, ayn\u0131 zamanda elleriniz i\u00e7in daha rahat bir deneyim sa\u011flar.<br \/>\n\u3010\u00c7ok Fonksiyonlu Mouse Pad\u3011 B\u00fcy\u00fck oyun mouse padimiz sadece oyun oynarken size en iyi performans\u0131 vermekle kalmaz, bu mouse pad ayn\u0131 zamanda ev ofisiniz, \u00e7al\u0131\u015fma ve ofis i\u015fleriniz i\u00e7in \u00e7ok y\u00f6nl\u00fc bir yard\u0131mc\u0131d\u0131r. B\u00fcy\u00fck mouse pad xl'in geni\u015fletilmi\u015f ve uzat\u0131lm\u0131\u015f boyutu, masa\u00fcst\u00fcn\u00fcz\u00fc korurken daha rahat ve ferah bir etkinlik alan\u0131 sa\u011flar. Masa mouse pad'inin g\u00fczel deseni de ofisinize rahatlat\u0131c\u0131 bir atmosfer katabilir, bu da pratik ve g\u00fczel bir \u00e7ok fonksiyonlu mouse pad'dir.<\/p>\n<p><img fetchpriority=\"high\" decoding=\"async\" class=\"size-full wp-image-2305\" src=\"https:\/\/darshion.com\/wp-content\/uploads\/2024\/05\/Full-Desk-Mouse-Pad.jpg\" alt=\"Full Desk Mouse Pad\" width=\"1464\" height=\"600\" srcset=\"https:\/\/darshion.com\/wp-content\/uploads\/2024\/05\/Full-Desk-Mouse-Pad.jpg 1464w, https:\/\/darshion.com\/wp-content\/uploads\/2024\/05\/Full-Desk-Mouse-Pad-300x123.jpg 300w, https:\/\/darshion.com\/wp-content\/uploads\/2024\/05\/Full-Desk-Mouse-Pad-1024x420.jpg 1024w, https:\/\/darshion.com\/wp-content\/uploads\/2024\/05\/Full-Desk-Mouse-Pad-768x315.jpg 768w, https:\/\/darshion.com\/wp-content\/uploads\/2024\/05\/Full-Desk-Mouse-Pad-600x246.jpg 600w\" sizes=\"(max-width: 1464px) 100vw, 1464px\" \/><\/p>\n<table class=\"apm-fixed-width apm-eventhirdcol-table\" style=\"height: 566px;\" width=\"474\">\n<tbody>\n<tr>\n<th class=\"apm-center\"><span style=\"font-weight: 400;\"><img decoding=\"async\" class=\"size-full wp-image-2304\" src=\"https:\/\/darshion.com\/wp-content\/uploads\/2024\/05\/f0eff780-12f1-4eeb-8c09-f5c1a4c3b575.__CR00300225_PT0_SX300_V1___.jpg\" alt=\"xxxxl mouse pad\" width=\"300\" height=\"225\" \/><\/span><\/th>\n<th class=\"apm-center\"><span style=\"font-weight: 400;\"><img decoding=\"async\" class=\"size-full wp-image-2302\" src=\"https:\/\/darshion.com\/wp-content\/uploads\/2024\/05\/e5882a06-82f0-40e7-b46a-b5fd7878b0ed.__CR00300225_PT0_SX300_V1___.jpg\" alt=\"xxxxl mouse pad\" width=\"300\" height=\"225\" \/><\/span><\/th>\n<th class=\"apm-center\"><span style=\"font-weight: 400;\"><img loading=\"lazy\" decoding=\"async\" class=\"size-full wp-image-2301\" src=\"https:\/\/darshion.com\/wp-content\/uploads\/2024\/05\/476a90b3-1584-4bd6-98d3-390979d77c08.__CR00300225_PT0_SX300_V1___.jpg\" alt=\"xxxxl mouse pad\" width=\"300\" height=\"225\" \/><\/span><\/th>\n<th class=\"apm-center\"><span style=\"font-weight: 400;\"><img loading=\"lazy\" decoding=\"async\" class=\"size-full wp-image-2303\" src=\"https:\/\/darshion.com\/wp-content\/uploads\/2024\/05\/ec1dcddc-3d07-4e10-b350-1aaf0e3bbac3.__CR00300225_PT0_SX300_V1___.jpg\" alt=\"xxxxl mouse pad\" width=\"300\" height=\"225\" \/><\/span><\/th>\n<\/tr>\n<tr>\n<td class=\"apm-top\">\n<div class=\"a-section a-spacing-none column-heading\">\n<h4 class=\"aplus-h3 a-text-bold\"><span style=\"font-weight: 400;\">A\u015f\u0131nmaya Dayan\u0131kl\u0131 Y\u00fczey<\/span><\/h4>\n<\/div>\n<div class=\"a-section a-spacing-none column-description\">\n<p class=\"aplus-p3\">Likral\u0131 kuma\u015f y\u00fczeyi, \u00e7atal b\u0131\u00e7ak ve kalem gibi keskin nesnelerin \u00e7izilmesini \u00f6nler<\/p>\n<\/div>\n<\/td>\n<td class=\"apm-top\">\n<div class=\"apm-eventhirdcol apm-floatleft\">\n<div class=\"a-section a-spacing-none column-heading\">\n<h4 class=\"aplus-h3 a-text-bold\"><span style=\"font-weight: 400;\">K\u0131r\u0131\u015f\u0131kl\u0131\u011fa Dayan\u0131kl\u0131<\/span><\/h4>\n<\/div>\n<div class=\"a-section a-spacing-none column-description\">\n<p class=\"aplus-p3\">Do\u011fal kau\u00e7uk taban esnektir, bu nedenle uzun s\u00fcreli kullan\u0131mdan sonra mouse pad'inizin buru\u015fmas\u0131 veya k\u0131r\u0131lmas\u0131 konusunda endi\u015felenmenize gerek yoktur<\/p>\n<\/div>\n<\/div>\n<\/td>\n<td class=\"apm-top\">\n<div class=\"apm-eventhirdcol apm-floatleft\">\n<div class=\"a-section a-spacing-none column-heading\">\n<h4 class=\"aplus-h3 a-text-bold\"><span style=\"font-weight: 400;\">Su ve Ya\u011f Ge\u00e7irmez<\/span><\/h4>\n<\/div>\n<div class=\"a-section a-spacing-none column-description\">\n<p class=\"aplus-p3\">Y\u00fczey, suya ve ya\u011fa kolayca dayanabilen su ge\u00e7irmez bir kaplamaya sahiptir ve temizlenmesi ve bak\u0131m\u0131 \u00e7ok kolayd\u0131r<\/p>\n<\/div>\n<\/div>\n<\/td>\n<td class=\"apm-top\">\n<div class=\"apm-eventhirdcol apm-floatleft\">\n<div class=\"a-section a-spacing-none column-heading\">\n<h4 class=\"aplus-h3 a-text-bold\"><span style=\"font-weight: 400;\">Dayan\u0131kl\u0131l\u0131k Diki\u015fli Kenarlar<\/span><\/h4>\n<\/div>\n<div class=\"a-section a-spacing-none column-description\">\n<p class=\"aplus-p3\">\u00c7ift diki\u015f takviyesi, y\u0131pranmay\u0131 \u00f6nleyerek ve tutarl\u0131 performans sa\u011flayarak uzun s\u00fcre dayanacak \u015fekilde \u00fcretilmi\u015ftir<\/p>\n<\/div>\n<\/div>\n<\/td>\n<\/tr>\n<\/tbody>\n<\/table>\n<p>S: Toptan masa paspaslar\u0131 i\u00e7in MOQ'unuz nedir?<br \/>\nC: Standart MOQ'umuz boyut ve \u00f6zelle\u015ftirmeye ba\u011fl\u0131 olarak 500 birimden ba\u015flar.<\/p>\n<p>S: \u00d6zel logo ve OEM masa paspaslar\u0131n\u0131 destekliyor musunuz?<br \/>\nC: Evet, bask\u0131, malzeme ve paketleme dahil olmak \u00fczere tam OEM ve ODM hizmetleri sunuyoruz.<\/p>\n<p>S: Masa matlar\u0131 marka ve kurumsal projeler i\u00e7in uygun mudur?<br \/>\nC: Evet, masa paspaslar\u0131m\u0131z markalar, distrib\u00fct\u00f6rler ve kurumsal al\u0131c\u0131lar taraf\u0131ndan yayg\u0131n olarak kullan\u0131lmaktad\u0131r.<\/p>","protected":false},"excerpt":{"rendered":"<p>Profesyonel Kaymaz Kau\u00e7uk Tabanl\u0131 B\u00fcy\u00fck Mouse Pad, Oyun &amp; Ofis &amp; Ev i\u00e7in Mouse Pad XXXL, Tam Masa Mouse Pad<\/p>","protected":false},"featured_media":2279,"comment_status":"open","ping_status":"closed","template":"","meta":{"_monsterinsights_skip_tracking":false,"_monsterinsights_sitenote_active":false,"_monsterinsights_sitenote_note":"","_monsterinsights_sitenote_category":0},"product_cat":[100],"product_tag":[130,556],"yoast_head":"<!-- This site is optimized with the Yoast SEO Premium plugin v22.9 (Yoast SEO v24.0) - https:\/\/yoast.com\/wordpress\/plugins\/seo\/ -->\n<title>Big Mouse Pad for Gaming XXXXL Desk Mat Manufacturers<\/title>\n<meta name=\"description\" content=\"Darshion is a professional desk mat manufacturer and wholesale supplier offering custom desk mats in bulk. OEM &amp; ODM services, full color printing, low MOQ and factory direct pricing.\" \/>\n<meta name=\"robots\" content=\"index, follow, max-snippet:-1, max-image-preview:large, max-video-preview:-1\" \/>\n<link rel=\"canonical\" href=\"https:\/\/darshion.com\/tr\/urun\/desk-mat-manufacturers\/\" \/>\n<meta property=\"og:locale\" content=\"tr_TR\" \/>\n<meta property=\"og:type\" content=\"article\" \/>\n<meta property=\"og:title\" content=\"Big Mouse Pad for Gaming XXXXL Desk Mat Manufacturers\" \/>\n<meta property=\"og:description\" content=\"Darshion is a professional desk mat manufacturer and wholesale supplier offering custom desk mats in bulk. OEM &amp; ODM services, full color printing, low MOQ and factory direct pricing.\" \/>\n<meta property=\"og:url\" content=\"https:\/\/darshion.com\/tr\/urun\/desk-mat-manufacturers\/\" \/>\n<meta property=\"og:site_name\" content=\"darshion\" \/>\n<meta property=\"article:modified_time\" content=\"2026-03-07T04:52:25+00:00\" \/>\n<meta property=\"og:image\" content=\"https:\/\/darshion.com\/wp-content\/uploads\/2024\/05\/12.jpg\" \/>\n\t<meta property=\"og:image:width\" content=\"768\" \/>\n\t<meta property=\"og:image:height\" content=\"768\" \/>\n\t<meta property=\"og:image:type\" content=\"image\/jpeg\" \/>\n<meta name=\"twitter:card\" content=\"summary_large_image\" \/>\n<meta name=\"twitter:label1\" content=\"Tahmini okuma s\u00fcresi\" \/>\n\t<meta name=\"twitter:data1\" content=\"5 dakika\" \/>\n<script type=\"application\/ld+json\" class=\"yoast-schema-graph\">{\"@context\":\"https:\/\/schema.org\",\"@graph\":[{\"@type\":\"WebPage\",\"@id\":\"https:\/\/darshion.com\/product\/desk-mat-manufacturers\/\",\"url\":\"https:\/\/darshion.com\/product\/desk-mat-manufacturers\/\",\"name\":\"Big Mouse Pad for Gaming XXXXL Desk Mat Manufacturers\",\"isPartOf\":{\"@id\":\"https:\/\/darshion.com\/#website\"},\"primaryImageOfPage\":{\"@id\":\"https:\/\/darshion.com\/product\/desk-mat-manufacturers\/#primaryimage\"},\"image\":{\"@id\":\"https:\/\/darshion.com\/product\/desk-mat-manufacturers\/#primaryimage\"},\"thumbnailUrl\":\"https:\/\/darshion.com\/wp-content\/uploads\/2024\/05\/12.jpg\",\"datePublished\":\"2024-05-28T03:17:16+00:00\",\"dateModified\":\"2026-03-07T04:52:25+00:00\",\"description\":\"Darshion is a professional desk mat manufacturer and wholesale supplier offering custom desk mats in bulk. OEM & ODM services, full color printing, low MOQ and factory direct pricing.\",\"breadcrumb\":{\"@id\":\"https:\/\/darshion.com\/product\/desk-mat-manufacturers\/#breadcrumb\"},\"inLanguage\":\"tr\",\"potentialAction\":[{\"@type\":\"ReadAction\",\"target\":[\"https:\/\/darshion.com\/product\/desk-mat-manufacturers\/\"]}]},{\"@type\":\"ImageObject\",\"inLanguage\":\"tr\",\"@id\":\"https:\/\/darshion.com\/product\/desk-mat-manufacturers\/#primaryimage\",\"url\":\"https:\/\/darshion.com\/wp-content\/uploads\/2024\/05\/12.jpg\",\"contentUrl\":\"https:\/\/darshion.com\/wp-content\/uploads\/2024\/05\/12.jpg\",\"width\":768,\"height\":768,\"caption\":\"xxxxl mouse pad\"},{\"@type\":\"BreadcrumbList\",\"@id\":\"https:\/\/darshion.com\/product\/desk-mat-manufacturers\/#breadcrumb\",\"itemListElement\":[{\"@type\":\"ListItem\",\"position\":1,\"name\":\"\u9996\u9875\",\"item\":\"https:\/\/darshion.com\/\"},{\"@type\":\"ListItem\",\"position\":2,\"name\":\"PRODUCT\",\"item\":\"https:\/\/darshion.com\/pt\/product\/\"},{\"@type\":\"ListItem\",\"position\":3,\"name\":\"Big Mouse Pad for Gaming XXXXL Desk Mat Manufacturers\"}]},{\"@type\":\"WebSite\",\"@id\":\"https:\/\/darshion.com\/#website\",\"url\":\"https:\/\/darshion.com\/\",\"name\":\"darshion\",\"description\":\"14 Years of Experience, Quality Assurance, Innovative Design\",\"publisher\":{\"@id\":\"https:\/\/darshion.com\/#organization\"},\"potentialAction\":[{\"@type\":\"SearchAction\",\"target\":{\"@type\":\"EntryPoint\",\"urlTemplate\":\"https:\/\/darshion.com\/?s={search_term_string}\"},\"query-input\":{\"@type\":\"PropertyValueSpecification\",\"valueRequired\":true,\"valueName\":\"search_term_string\"}}],\"inLanguage\":\"tr\"},{\"@type\":\"Organization\",\"@id\":\"https:\/\/darshion.com\/#organization\",\"name\":\"darshion\",\"url\":\"https:\/\/darshion.com\/\",\"logo\":{\"@type\":\"ImageObject\",\"inLanguage\":\"tr\",\"@id\":\"https:\/\/darshion.com\/#\/schema\/logo\/image\/\",\"url\":\"https:\/\/darshion.com\/wp-content\/uploads\/2023\/09\/01-1.png\",\"contentUrl\":\"https:\/\/darshion.com\/wp-content\/uploads\/2023\/09\/01-1.png\",\"width\":350,\"height\":100,\"caption\":\"darshion\"},\"image\":{\"@id\":\"https:\/\/darshion.com\/#\/schema\/logo\/image\/\"}}]}<\/script>\n<!-- \/ Yoast SEO Premium plugin. -->","yoast_head_json":{"title":"Oyun i\u00e7in B\u00fcy\u00fck Mouse Pad XXXXL Masa Paspas\u0131 \u00dcreticileri","description":"Darshion, toplu olarak \u00f6zel masa paspaslar\u0131 sunan profesyonel bir masa paspas\u0131 \u00fcreticisi ve toptan tedarik\u00e7isidir. OEM ve ODM hizmetleri, tam renkli bask\u0131, d\u00fc\u015f\u00fck MOQ ve fabrika do\u011frudan fiyatland\u0131rmas\u0131.","robots":{"index":"index","follow":"follow","max-snippet":"max-snippet:-1","max-image-preview":"max-image-preview:large","max-video-preview":"max-video-preview:-1"},"canonical":"https:\/\/darshion.com\/tr\/urun\/desk-mat-manufacturers\/","og_locale":"tr_TR","og_type":"article","og_title":"Big Mouse Pad for Gaming XXXXL Desk Mat Manufacturers","og_description":"Darshion is a professional desk mat manufacturer and wholesale supplier offering custom desk mats in bulk. OEM & ODM services, full color printing, low MOQ and factory direct pricing.","og_url":"https:\/\/darshion.com\/tr\/urun\/desk-mat-manufacturers\/","og_site_name":"darshion","article_modified_time":"2026-03-07T04:52:25+00:00","og_image":[{"width":768,"height":768,"url":"https:\/\/darshion.com\/wp-content\/uploads\/2024\/05\/12.jpg","type":"image\/jpeg"}],"twitter_card":"summary_large_image","twitter_misc":{"Tahmini okuma s\u00fcresi":"5 dakika"},"schema":{"@context":"https:\/\/schema.org","@graph":[{"@type":"WebPage","@id":"https:\/\/darshion.com\/product\/desk-mat-manufacturers\/","url":"https:\/\/darshion.com\/product\/desk-mat-manufacturers\/","name":"Oyun i\u00e7in B\u00fcy\u00fck Mouse Pad XXXXL Masa Paspas\u0131 \u00dcreticileri","isPartOf":{"@id":"https:\/\/darshion.com\/#website"},"primaryImageOfPage":{"@id":"https:\/\/darshion.com\/product\/desk-mat-manufacturers\/#primaryimage"},"image":{"@id":"https:\/\/darshion.com\/product\/desk-mat-manufacturers\/#primaryimage"},"thumbnailUrl":"https:\/\/darshion.com\/wp-content\/uploads\/2024\/05\/12.jpg","datePublished":"2024-05-28T03:17:16+00:00","dateModified":"2026-03-07T04:52:25+00:00","description":"Darshion, toplu olarak \u00f6zel masa paspaslar\u0131 sunan profesyonel bir masa paspas\u0131 \u00fcreticisi ve toptan tedarik\u00e7isidir. OEM ve ODM hizmetleri, tam renkli bask\u0131, d\u00fc\u015f\u00fck MOQ ve fabrika do\u011frudan fiyatland\u0131rmas\u0131.","breadcrumb":{"@id":"https:\/\/darshion.com\/product\/desk-mat-manufacturers\/#breadcrumb"},"inLanguage":"tr","potentialAction":[{"@type":"ReadAction","target":["https:\/\/darshion.com\/product\/desk-mat-manufacturers\/"]}]},{"@type":"ImageObject","inLanguage":"tr","@id":"https:\/\/darshion.com\/product\/desk-mat-manufacturers\/#primaryimage","url":"https:\/\/darshion.com\/wp-content\/uploads\/2024\/05\/12.jpg","contentUrl":"https:\/\/darshion.com\/wp-content\/uploads\/2024\/05\/12.jpg","width":768,"height":768,"caption":"xxxxl mouse pad"},{"@type":"BreadcrumbList","@id":"https:\/\/darshion.com\/product\/desk-mat-manufacturers\/#breadcrumb","itemListElement":[{"@type":"ListItem","position":1,"name":"\u9996\u9875","item":"https:\/\/darshion.com\/"},{"@type":"ListItem","position":2,"name":"PRODUCT","item":"https:\/\/darshion.com\/pt\/product\/"},{"@type":"ListItem","position":3,"name":"Big Mouse Pad for Gaming XXXXL Desk Mat Manufacturers"}]},{"@type":"WebSite","@id":"https:\/\/darshion.com\/#website","url":"https:\/\/darshion.com\/","name":"darshion","description":"14 Y\u0131ll\u0131k Tecr\u00fcbe, Kalite G\u00fcvencesi, Yenilik\u00e7i Tasar\u0131m","publisher":{"@id":"https:\/\/darshion.com\/#organization"},"potentialAction":[{"@type":"SearchAction","target":{"@type":"EntryPoint","urlTemplate":"https:\/\/darshion.com\/?s={search_term_string}"},"query-input":{"@type":"PropertyValueSpecification","valueRequired":true,"valueName":"search_term_string"}}],"inLanguage":"tr"},{"@type":"Organization","@id":"https:\/\/darshion.com\/#organization","name":"darshion","url":"https:\/\/darshion.com\/","logo":{"@type":"ImageObject","inLanguage":"tr","@id":"https:\/\/darshion.com\/#\/schema\/logo\/image\/","url":"https:\/\/darshion.com\/wp-content\/uploads\/2023\/09\/01-1.png","contentUrl":"https:\/\/darshion.com\/wp-content\/uploads\/2023\/09\/01-1.png","width":350,"height":100,"caption":"darshion"},"image":{"@id":"https:\/\/darshion.com\/#\/schema\/logo\/image\/"}}]}},"_links":{"self":[{"href":"https:\/\/darshion.com\/tr\/wp-json\/wp\/v2\/product\/2298"}],"collection":[{"href":"https:\/\/darshion.com\/tr\/wp-json\/wp\/v2\/product"}],"about":[{"href":"https:\/\/darshion.com\/tr\/wp-json\/wp\/v2\/types\/product"}],"replies":[{"embeddable":true,"href":"https:\/\/darshion.com\/tr\/wp-json\/wp\/v2\/comments?post=2298"}],"wp:featuredmedia":[{"embeddable":true,"href":"https:\/\/darshion.com\/tr\/wp-json\/wp\/v2\/media\/2279"}],"wp:attachment":[{"href":"https:\/\/darshion.com\/tr\/wp-json\/wp\/v2\/media?parent=2298"}],"wp:term":[{"taxonomy":"product_cat","embeddable":true,"href":"https:\/\/darshion.com\/tr\/wp-json\/wp\/v2\/product_cat?post=2298"},{"taxonomy":"product_tag","embeddable":true,"href":"https:\/\/darshion.com\/tr\/wp-json\/wp\/v2\/product_tag?post=2298"}],"curies":[{"name":"wp","href":"https:\/\/api.w.org\/{rel}","templated":true}]}}