{"id":2387,"date":"2024-06-04T16:49:01","date_gmt":"2024-06-04T08:49:01","guid":{"rendered":"https:\/\/darshion.com\/?post_type=product&#038;p=2387"},"modified":"2024-07-09T17:31:02","modified_gmt":"2024-07-09T09:31:02","slug":"wireless-gaming-mouse","status":"publish","type":"product","link":"https:\/\/darshion.com\/tr\/urun\/wireless-gaming-mouse\/","title":{"rendered":"X9 Bluetooth Kablosuz Oyun Mouse Fabrikas\u0131"},"content":{"rendered":"<p><strong>Description:<\/strong><\/p>\n<p>Transmission frequency: 2.4G<\/p>\n<p>Connection method: wireless<\/p>\n<p>Product size: 125 * 70 * 42cm<\/p>\n<p>Roller direction: two-way roller<\/p>\n<p>Number of keys: 6<\/p>\n<p>Color: black, gray<\/p>\n<p>Transmission distance: 10m (without interval)<\/p>\n<p>Product weight: 96g<\/p>\n<p>Working mode: photoelectric<\/p>\n<p>&nbsp;<\/p>\n<p><strong>Specifications:<\/strong><\/p>\n<p>1 [6-button rechargeable] Wireless mouse with curved design for comfortable grip<\/p>\n<p>2 [7 color free conversion] Dazzling office games<\/p>\n<p>3 [High capacity lithium battery] battery life upgrade, built-in high-performance lithium ternary battery<\/p>\n<p>4[2.4G dual mode] enables mouse to control two computers, respectively connecting 2.4G and enabling switching between two computers<\/p>\n<p>&nbsp;<\/p>\n<p><strong>Package Included:<\/strong><\/p>\n<p>1 * Mouse<\/p>\n<p>1 * USB cable<\/p>\n<p><img fetchpriority=\"high\" decoding=\"async\" class=\"alignnone size-full wp-image-2394\" src=\"https:\/\/darshion.com\/wp-content\/uploads\/2024\/06\/1-2.jpg\" alt=\"\" width=\"790\" height=\"681\" srcset=\"https:\/\/darshion.com\/wp-content\/uploads\/2024\/06\/1-2.jpg 790w, https:\/\/darshion.com\/wp-content\/uploads\/2024\/06\/1-2-300x259.jpg 300w, https:\/\/darshion.com\/wp-content\/uploads\/2024\/06\/1-2-768x662.jpg 768w, https:\/\/darshion.com\/wp-content\/uploads\/2024\/06\/1-2-600x517.jpg 600w\" sizes=\"(max-width: 790px) 100vw, 790px\" \/> <img decoding=\"async\" class=\"alignnone size-full wp-image-2395\" src=\"https:\/\/darshion.com\/wp-content\/uploads\/2024\/06\/2-2.jpg\" alt=\"\" width=\"790\" height=\"797\" srcset=\"https:\/\/darshion.com\/wp-content\/uploads\/2024\/06\/2-2.jpg 790w, https:\/\/darshion.com\/wp-content\/uploads\/2024\/06\/2-2-297x300.jpg 297w, https:\/\/darshion.com\/wp-content\/uploads\/2024\/06\/2-2-150x150.jpg 150w, https:\/\/darshion.com\/wp-content\/uploads\/2024\/06\/2-2-768x775.jpg 768w, https:\/\/darshion.com\/wp-content\/uploads\/2024\/06\/2-2-600x605.jpg 600w, https:\/\/darshion.com\/wp-content\/uploads\/2024\/06\/2-2-100x100.jpg 100w\" sizes=\"(max-width: 790px) 100vw, 790px\" \/> <img decoding=\"async\" class=\"alignnone size-full wp-image-2396\" src=\"https:\/\/darshion.com\/wp-content\/uploads\/2024\/06\/3-2.jpg\" alt=\"\" width=\"790\" height=\"790\" srcset=\"https:\/\/darshion.com\/wp-content\/uploads\/2024\/06\/3-2.jpg 790w, https:\/\/darshion.com\/wp-content\/uploads\/2024\/06\/3-2-300x300.jpg 300w, https:\/\/darshion.com\/wp-content\/uploads\/2024\/06\/3-2-150x150.jpg 150w, https:\/\/darshion.com\/wp-content\/uploads\/2024\/06\/3-2-768x768.jpg 768w, https:\/\/darshion.com\/wp-content\/uploads\/2024\/06\/3-2-600x600.jpg 600w, https:\/\/darshion.com\/wp-content\/uploads\/2024\/06\/3-2-100x100.jpg 100w\" sizes=\"(max-width: 790px) 100vw, 790px\" \/> <img loading=\"lazy\" decoding=\"async\" class=\"alignnone size-full wp-image-2397\" src=\"https:\/\/darshion.com\/wp-content\/uploads\/2024\/06\/4-2.jpg\" alt=\"\" width=\"790\" height=\"765\" srcset=\"https:\/\/darshion.com\/wp-content\/uploads\/2024\/06\/4-2.jpg 790w, https:\/\/darshion.com\/wp-content\/uploads\/2024\/06\/4-2-300x291.jpg 300w, https:\/\/darshion.com\/wp-content\/uploads\/2024\/06\/4-2-768x744.jpg 768w, https:\/\/darshion.com\/wp-content\/uploads\/2024\/06\/4-2-600x581.jpg 600w\" sizes=\"(max-width: 790px) 100vw, 790px\" \/><\/p>\n","protected":false},"excerpt":{"rendered":"<p>L\u00fctfen dikkat: bu fare 2.4Ghz + Bluetooth \u00c7ift Modlu 2'si 1 Arada Kablosuz Fare<\/p>\n<div>1. Kablosuz iletim mesafesi: \u226510m<\/div>\n<div>2. Kablosuz ta\u015f\u0131y\u0131c\u0131 frekans\u0131: 2402MHz-2480MHz<\/div>\n<div>3. Kablosuz \u00e7al\u0131\u015fma kanal\u0131: 16 otomatik frekans atlamal\u0131<\/div>\n<div>4. Nominal \u00e7al\u0131\u015fma ak\u0131m\u0131: 8-15mA1.5V\/3V<\/div>\n<div>5. D\u00fc\u011fme stroku: 0,8 mm<\/div>\n<div>6. D\u00fc\u011fme g\u00fcc\u00fc: 50-60\u00b110g<\/div>\n<div>7. D\u00fc\u011fme \u00f6mr\u00fc say\u0131s\u0131: 3 milyon kez<\/div>\n<div>8. \u015earj s\u00fcreleri 500 kez<\/div>\n<p>\u00dcr\u00fcn Detaylar\u0131:<\/p>\n<div>1. Dahili lityum pil.<\/div>\n<div>2. Ergonomik tasar\u0131m, \u015f\u0131k g\u00f6r\u00fcn\u00fcm ve rahat el.<\/div>\n<div>3. Profesyonel optik konumland\u0131rma teknolojisi, konumland\u0131rma daha do\u011frudur.<\/div>\n<div>4. Ak\u0131ll\u0131 mini al\u0131c\u0131, bire bir ba\u011flant\u0131, bozuk kod ve seri kod olmadan ka\u00e7 bilgisayar birlikte kullan\u0131l\u0131r.<\/div>\n<div>5. Farenin anti-parazit \u00f6zelliklerini geli\u015ftirmek i\u00e7in 16 milyondan fazla kimlik kodu tasar\u0131m\u0131;<\/div>\n<div>6. Kullan\u0131m a\u00e7\u0131s\u0131 etraf\u0131nda herhangi bir 360, 10 metreye kadar kontrol mesafesi;<\/div>\n<div>7. Fareyi daha ak\u0131ll\u0131 hale getirmek ve g\u00fc\u00e7 tasarrufu sa\u011flamak i\u00e7in benzersiz ak\u0131ll\u0131 devre y\u00f6netimi tasar\u0131m\u0131;<\/div>\n<div>8. \u00c7\u00f6z\u00fcn\u00fcrl\u00fck 1000-1600-2400dpi ayarlanabilir frekans, kablosuz bo\u015f alan\u0131n\u0131z\u0131n keyfini \u00e7\u0131kar\u0131n;<\/div>\n<div>9. Sistem gereksinimleri: Windows2000\/XP\/Vista\/Linux\/7\/8 ve MAC i\u015fletim sistemi.<\/div>","protected":false},"featured_media":2398,"comment_status":"open","ping_status":"closed","template":"","meta":{"_monsterinsights_skip_tracking":false,"_monsterinsights_sitenote_active":false,"_monsterinsights_sitenote_note":"","_monsterinsights_sitenote_category":0},"product_cat":[541],"product_tag":[],"yoast_head":"<!-- This site is optimized with the Yoast SEO Premium plugin v22.9 (Yoast SEO v24.0) - https:\/\/yoast.com\/wordpress\/plugins\/seo\/ -->\n<title>X9 Bluetooth Wireless Gaming Mouse Factory - darshion<\/title>\n<meta name=\"robots\" content=\"index, follow, max-snippet:-1, max-image-preview:large, max-video-preview:-1\" \/>\n<link rel=\"canonical\" href=\"https:\/\/darshion.com\/tr\/produkt\/wireless-gaming-mouse\/\" \/>\n<meta property=\"og:locale\" content=\"tr_TR\" \/>\n<meta property=\"og:type\" content=\"article\" \/>\n<meta property=\"og:title\" content=\"X9 Bluetooth Wireless Gaming Mouse Factory\" \/>\n<meta property=\"og:description\" content=\"Please noted :this mouse is 2.4Ghz + Bluetooth Dual Mode 2 In 1 Wireless Mouse 1. Wireless transmission distance: \u226510m 2. Wireless carrier frequency: 2402MHz-2480MHz 3. Wireless working channel: 16 automatic frequency hopping 4. Rated operating current: 8-15mA1.5V\/3V 5. Button stroke: 0.8mm 6. Button strength: 50-60\u00b110g 7. The number of button life: 3 million times 8. Charging times 500 times Product Details: 1. Built-in lithium battery. 2. Ergonomic design, stylish appearance and comfortable hand. 3. Professional optical positioning technology, positioning is more accurate. 4. Smart mini-receiver, one-to-one connection, how many computers are used together with no garbled code and serial code. 5. Up to more than 16 million ID code designs to enhance the anti-jamming characteristics of the mouse; 6. Any 360 around the use angle, up to 10 meters of control distance; 7. Unique intelligent circuit management design to make the mouse smarter and save power; 8. Resolution 1000-1600-2400dpi adjustable frequency, enjoy your wireless free space; 9. System requirements: Windows2000\/XP\/Vista\/Linux\/7\/8 and MAC operating system.\" \/>\n<meta property=\"og:url\" content=\"https:\/\/darshion.com\/tr\/produkt\/wireless-gaming-mouse\/\" \/>\n<meta property=\"og:site_name\" content=\"darshion\" \/>\n<meta property=\"article:modified_time\" content=\"2024-07-09T09:31:02+00:00\" \/>\n<meta property=\"og:image\" content=\"https:\/\/darshion.com\/wp-content\/uploads\/2024\/06\/\u4e3b1-1.webp\" \/>\n\t<meta property=\"og:image:width\" content=\"600\" \/>\n\t<meta property=\"og:image:height\" content=\"600\" \/>\n\t<meta property=\"og:image:type\" content=\"image\/webp\" \/>\n<meta name=\"twitter:card\" content=\"summary_large_image\" \/>\n<meta name=\"twitter:label1\" content=\"Tahmini okuma s\u00fcresi\" \/>\n\t<meta name=\"twitter:data1\" content=\"2 dakika\" \/>\n<script type=\"application\/ld+json\" class=\"yoast-schema-graph\">{\"@context\":\"https:\/\/schema.org\",\"@graph\":[{\"@type\":\"WebPage\",\"@id\":\"https:\/\/darshion.com\/pl\/produkt\/wireless-gaming-mouse\/\",\"url\":\"https:\/\/darshion.com\/pl\/produkt\/wireless-gaming-mouse\/\",\"name\":\"X9 Bluetooth Wireless Gaming Mouse Factory - darshion\",\"isPartOf\":{\"@id\":\"https:\/\/darshion.com\/#website\"},\"primaryImageOfPage\":{\"@id\":\"https:\/\/darshion.com\/pl\/produkt\/wireless-gaming-mouse\/#primaryimage\"},\"image\":{\"@id\":\"https:\/\/darshion.com\/pl\/produkt\/wireless-gaming-mouse\/#primaryimage\"},\"thumbnailUrl\":\"https:\/\/darshion.com\/wp-content\/uploads\/2024\/06\/\u4e3b1-1.webp\",\"datePublished\":\"2024-06-04T08:49:01+00:00\",\"dateModified\":\"2024-07-09T09:31:02+00:00\",\"breadcrumb\":{\"@id\":\"https:\/\/darshion.com\/pl\/produkt\/wireless-gaming-mouse\/#breadcrumb\"},\"inLanguage\":\"tr\",\"potentialAction\":[{\"@type\":\"ReadAction\",\"target\":[\"https:\/\/darshion.com\/pl\/produkt\/wireless-gaming-mouse\/\"]}]},{\"@type\":\"ImageObject\",\"inLanguage\":\"tr\",\"@id\":\"https:\/\/darshion.com\/pl\/produkt\/wireless-gaming-mouse\/#primaryimage\",\"url\":\"https:\/\/darshion.com\/wp-content\/uploads\/2024\/06\/\u4e3b1-1.webp\",\"contentUrl\":\"https:\/\/darshion.com\/wp-content\/uploads\/2024\/06\/\u4e3b1-1.webp\",\"width\":600,\"height\":600,\"caption\":\"X9 Bluetooth 4.0 Gaming Mouse Factory\"},{\"@type\":\"BreadcrumbList\",\"@id\":\"https:\/\/darshion.com\/pl\/produkt\/wireless-gaming-mouse\/#breadcrumb\",\"itemListElement\":[{\"@type\":\"ListItem\",\"position\":1,\"name\":\"\u9996\u9875\",\"item\":\"https:\/\/darshion.com\/\"},{\"@type\":\"ListItem\",\"position\":2,\"name\":\"PRODUCT\",\"item\":\"https:\/\/darshion.com\/pt\/product\/\"},{\"@type\":\"ListItem\",\"position\":3,\"name\":\"X9 Bluetooth Wireless Gaming Mouse Factory\"}]},{\"@type\":\"WebSite\",\"@id\":\"https:\/\/darshion.com\/#website\",\"url\":\"https:\/\/darshion.com\/\",\"name\":\"darshion\",\"description\":\"14 Years of Experience, Quality Assurance, Innovative Design\",\"publisher\":{\"@id\":\"https:\/\/darshion.com\/#organization\"},\"potentialAction\":[{\"@type\":\"SearchAction\",\"target\":{\"@type\":\"EntryPoint\",\"urlTemplate\":\"https:\/\/darshion.com\/?s={search_term_string}\"},\"query-input\":{\"@type\":\"PropertyValueSpecification\",\"valueRequired\":true,\"valueName\":\"search_term_string\"}}],\"inLanguage\":\"tr\"},{\"@type\":\"Organization\",\"@id\":\"https:\/\/darshion.com\/#organization\",\"name\":\"darshion\",\"url\":\"https:\/\/darshion.com\/\",\"logo\":{\"@type\":\"ImageObject\",\"inLanguage\":\"tr\",\"@id\":\"https:\/\/darshion.com\/#\/schema\/logo\/image\/\",\"url\":\"https:\/\/darshion.com\/wp-content\/uploads\/2023\/09\/01-1.png\",\"contentUrl\":\"https:\/\/darshion.com\/wp-content\/uploads\/2023\/09\/01-1.png\",\"width\":350,\"height\":100,\"caption\":\"darshion\"},\"image\":{\"@id\":\"https:\/\/darshion.com\/#\/schema\/logo\/image\/\"}}]}<\/script>\n<!-- \/ Yoast SEO Premium plugin. -->","yoast_head_json":{"title":"X9 Bluetooth Kablosuz Oyun Faresi Fabrikas\u0131 - darshion","robots":{"index":"index","follow":"follow","max-snippet":"max-snippet:-1","max-image-preview":"max-image-preview:large","max-video-preview":"max-video-preview:-1"},"canonical":"https:\/\/darshion.com\/tr\/produkt\/wireless-gaming-mouse\/","og_locale":"tr_TR","og_type":"article","og_title":"X9 Bluetooth Wireless Gaming Mouse Factory","og_description":"Please noted :this mouse is 2.4Ghz + Bluetooth Dual Mode 2 In 1 Wireless Mouse 1. Wireless transmission distance: \u226510m 2. Wireless carrier frequency: 2402MHz-2480MHz 3. Wireless working channel: 16 automatic frequency hopping 4. Rated operating current: 8-15mA1.5V\/3V 5. Button stroke: 0.8mm 6. Button strength: 50-60\u00b110g 7. The number of button life: 3 million times 8. Charging times 500 times Product Details: 1. Built-in lithium battery. 2. Ergonomic design, stylish appearance and comfortable hand. 3. Professional optical positioning technology, positioning is more accurate. 4. Smart mini-receiver, one-to-one connection, how many computers are used together with no garbled code and serial code. 5. Up to more than 16 million ID code designs to enhance the anti-jamming characteristics of the mouse; 6. Any 360 around the use angle, up to 10 meters of control distance; 7. Unique intelligent circuit management design to make the mouse smarter and save power; 8. Resolution 1000-1600-2400dpi adjustable frequency, enjoy your wireless free space; 9. System requirements: Windows2000\/XP\/Vista\/Linux\/7\/8 and MAC operating system.","og_url":"https:\/\/darshion.com\/tr\/produkt\/wireless-gaming-mouse\/","og_site_name":"darshion","article_modified_time":"2024-07-09T09:31:02+00:00","og_image":[{"width":600,"height":600,"url":"https:\/\/darshion.com\/wp-content\/uploads\/2024\/06\/\u4e3b1-1.webp","type":"image\/webp"}],"twitter_card":"summary_large_image","twitter_misc":{"Tahmini okuma s\u00fcresi":"2 dakika"},"schema":{"@context":"https:\/\/schema.org","@graph":[{"@type":"WebPage","@id":"https:\/\/darshion.com\/pl\/produkt\/wireless-gaming-mouse\/","url":"https:\/\/darshion.com\/pl\/produkt\/wireless-gaming-mouse\/","name":"X9 Bluetooth Kablosuz Oyun Faresi Fabrikas\u0131 - darshion","isPartOf":{"@id":"https:\/\/darshion.com\/#website"},"primaryImageOfPage":{"@id":"https:\/\/darshion.com\/pl\/produkt\/wireless-gaming-mouse\/#primaryimage"},"image":{"@id":"https:\/\/darshion.com\/pl\/produkt\/wireless-gaming-mouse\/#primaryimage"},"thumbnailUrl":"https:\/\/darshion.com\/wp-content\/uploads\/2024\/06\/\u4e3b1-1.webp","datePublished":"2024-06-04T08:49:01+00:00","dateModified":"2024-07-09T09:31:02+00:00","breadcrumb":{"@id":"https:\/\/darshion.com\/pl\/produkt\/wireless-gaming-mouse\/#breadcrumb"},"inLanguage":"tr","potentialAction":[{"@type":"ReadAction","target":["https:\/\/darshion.com\/pl\/produkt\/wireless-gaming-mouse\/"]}]},{"@type":"ImageObject","inLanguage":"tr","@id":"https:\/\/darshion.com\/pl\/produkt\/wireless-gaming-mouse\/#primaryimage","url":"https:\/\/darshion.com\/wp-content\/uploads\/2024\/06\/\u4e3b1-1.webp","contentUrl":"https:\/\/darshion.com\/wp-content\/uploads\/2024\/06\/\u4e3b1-1.webp","width":600,"height":600,"caption":"X9 Bluetooth 4.0 Gaming Mouse Factory"},{"@type":"BreadcrumbList","@id":"https:\/\/darshion.com\/pl\/produkt\/wireless-gaming-mouse\/#breadcrumb","itemListElement":[{"@type":"ListItem","position":1,"name":"\u9996\u9875","item":"https:\/\/darshion.com\/"},{"@type":"ListItem","position":2,"name":"PRODUCT","item":"https:\/\/darshion.com\/pt\/product\/"},{"@type":"ListItem","position":3,"name":"X9 Bluetooth Wireless Gaming Mouse Factory"}]},{"@type":"WebSite","@id":"https:\/\/darshion.com\/#website","url":"https:\/\/darshion.com\/","name":"darshion","description":"14 Y\u0131ll\u0131k Tecr\u00fcbe, Kalite G\u00fcvencesi, Yenilik\u00e7i Tasar\u0131m","publisher":{"@id":"https:\/\/darshion.com\/#organization"},"potentialAction":[{"@type":"SearchAction","target":{"@type":"EntryPoint","urlTemplate":"https:\/\/darshion.com\/?s={search_term_string}"},"query-input":{"@type":"PropertyValueSpecification","valueRequired":true,"valueName":"search_term_string"}}],"inLanguage":"tr"},{"@type":"Organization","@id":"https:\/\/darshion.com\/#organization","name":"darshion","url":"https:\/\/darshion.com\/","logo":{"@type":"ImageObject","inLanguage":"tr","@id":"https:\/\/darshion.com\/#\/schema\/logo\/image\/","url":"https:\/\/darshion.com\/wp-content\/uploads\/2023\/09\/01-1.png","contentUrl":"https:\/\/darshion.com\/wp-content\/uploads\/2023\/09\/01-1.png","width":350,"height":100,"caption":"darshion"},"image":{"@id":"https:\/\/darshion.com\/#\/schema\/logo\/image\/"}}]}},"_links":{"self":[{"href":"https:\/\/darshion.com\/tr\/wp-json\/wp\/v2\/product\/2387"}],"collection":[{"href":"https:\/\/darshion.com\/tr\/wp-json\/wp\/v2\/product"}],"about":[{"href":"https:\/\/darshion.com\/tr\/wp-json\/wp\/v2\/types\/product"}],"replies":[{"embeddable":true,"href":"https:\/\/darshion.com\/tr\/wp-json\/wp\/v2\/comments?post=2387"}],"wp:featuredmedia":[{"embeddable":true,"href":"https:\/\/darshion.com\/tr\/wp-json\/wp\/v2\/media\/2398"}],"wp:attachment":[{"href":"https:\/\/darshion.com\/tr\/wp-json\/wp\/v2\/media?parent=2387"}],"wp:term":[{"taxonomy":"product_cat","embeddable":true,"href":"https:\/\/darshion.com\/tr\/wp-json\/wp\/v2\/product_cat?post=2387"},{"taxonomy":"product_tag","embeddable":true,"href":"https:\/\/darshion.com\/tr\/wp-json\/wp\/v2\/product_tag?post=2387"}],"curies":[{"name":"wp","href":"https:\/\/api.w.org\/{rel}","templated":true}]}}