{"id":2421,"date":"2024-06-05T17:13:08","date_gmt":"2024-06-05T09:13:08","guid":{"rendered":"https:\/\/darshion.com\/?post_type=product&#038;p=2421"},"modified":"2024-07-09T17:11:01","modified_gmt":"2024-07-09T09:11:01","slug":"rgb-gaming-mouse-v6","status":"publish","type":"product","link":"https:\/\/darshion.com\/tr\/urun\/rgb-gaming-mouse-v6\/","title":{"rendered":"V6 RGB Kablolu Bilgisayar Oyun Mouse \u00dcreticisi"},"content":{"rendered":"<p><strong>\u00d6zellikler:<\/strong><br \/>\n1. Ergonomik tasar\u0131m, her t\u00fcrl\u00fc el tipi ve bilgisayar i\u00e7in uygun<br \/>\n2. 6 tu\u015f, oyun i\u015flemleri i\u00e7in daha uygun<br \/>\n3. 3 \u00e7e\u015fit DPI ayarlanabilir hassas konumland\u0131rma sa\u011flar<br \/>\n4. \u00d6zel makro ayarlar\u0131, daha karma\u015f\u0131k oyunlar i\u00e7in m\u00fckemmel uyum<br \/>\n5. Orijinal kutu ile iyi paketleyin, arkada\u015flar\u0131n\u0131z i\u00e7in olduk\u00e7a iyi bir hediye.<\/p>\n<p><strong>\u00d6zellikler:<\/strong><br \/>\nAnahtar Miktar\u0131: 6 D\u00fc\u011fme (tekerlek dahil)<br \/>\nDPI Anahtar\u0131: 1200\/1600\/2400 DPI Ayarlanabilir<br \/>\nAnahtar \u00d6mr\u00fc: 10 Milyon Kez<br \/>\nBoyut: 133* 78* 40 mm<br \/>\nA\u011f\u0131rl\u0131k: yakla\u015f\u0131k 157g<br \/>\nRenk: Siyah<br \/>\nUSB Kablo Uzunlu\u011fu: yakla\u015f\u0131k 160cm<br \/>\nSolunum I\u015f\u0131\u011f\u0131 Rengi: De\u011fi\u015ftirilebilir (Arka \u0131\u015f\u0131\u011f\u0131 a\u00e7mak\/kapatmak i\u00e7in farenin \"DPI tu\u015funa\" ve \"\u0130leri\" yan tu\u015funa bas\u0131n)<br \/>\nKullan\u0131c\u0131 i\u00e7in: Dota, LOL, CSGO, vb. i\u00e7in \u00fcst d\u00fczey oyuncular ve oyun profesyonel oyuncular\u0131<br \/>\nS\u0131cak \u0130pu\u00e7lar\u0131: Farenin yan taraf\u0131ndaki \"tekerlek\" sadece bir dekorasyondur, d\u00f6nd\u00fcr\u00fclemez Anlay\u0131\u015f\u0131n\u0131z i\u00e7in te\u015fekk\u00fcrler.<\/p>\n<p><strong>Paket i\u00e7eri\u011fi:<\/strong><br \/>\n1 x V6 Kablolu Bilgisayar Oyun Faresi (orijinal kutusuyla birlikte)<br \/>\n1x Kullan\u0131m k\u0131lavuzu<\/p>\n<p><img fetchpriority=\"high\" decoding=\"async\" class=\"alignnone size-full wp-image-2424\" src=\"https:\/\/darshion.com\/wp-content\/uploads\/2024\/06\/1-4.jpg\" alt=\"\" width=\"790\" height=\"1049\" srcset=\"https:\/\/darshion.com\/wp-content\/uploads\/2024\/06\/1-4.jpg 790w, https:\/\/darshion.com\/wp-content\/uploads\/2024\/06\/1-4-226x300.jpg 226w, https:\/\/darshion.com\/wp-content\/uploads\/2024\/06\/1-4-771x1024.jpg 771w, https:\/\/darshion.com\/wp-content\/uploads\/2024\/06\/1-4-768x1020.jpg 768w, https:\/\/darshion.com\/wp-content\/uploads\/2024\/06\/1-4-600x797.jpg 600w\" sizes=\"(max-width: 790px) 100vw, 790px\" \/> <img decoding=\"async\" class=\"alignnone size-full wp-image-2425\" src=\"https:\/\/darshion.com\/wp-content\/uploads\/2024\/06\/2-4.jpg\" alt=\"\" width=\"790\" height=\"1049\" srcset=\"https:\/\/darshion.com\/wp-content\/uploads\/2024\/06\/2-4.jpg 790w, https:\/\/darshion.com\/wp-content\/uploads\/2024\/06\/2-4-226x300.jpg 226w, https:\/\/darshion.com\/wp-content\/uploads\/2024\/06\/2-4-771x1024.jpg 771w, https:\/\/darshion.com\/wp-content\/uploads\/2024\/06\/2-4-768x1020.jpg 768w, https:\/\/darshion.com\/wp-content\/uploads\/2024\/06\/2-4-600x797.jpg 600w\" sizes=\"(max-width: 790px) 100vw, 790px\" \/> <img decoding=\"async\" class=\"alignnone size-full wp-image-2426\" src=\"https:\/\/darshion.com\/wp-content\/uploads\/2024\/06\/3-4.jpg\" alt=\"\" width=\"800\" height=\"800\" srcset=\"https:\/\/darshion.com\/wp-content\/uploads\/2024\/06\/3-4.jpg 800w, https:\/\/darshion.com\/wp-content\/uploads\/2024\/06\/3-4-300x300.jpg 300w, https:\/\/darshion.com\/wp-content\/uploads\/2024\/06\/3-4-150x150.jpg 150w, https:\/\/darshion.com\/wp-content\/uploads\/2024\/06\/3-4-768x768.jpg 768w, https:\/\/darshion.com\/wp-content\/uploads\/2024\/06\/3-4-600x600.jpg 600w, https:\/\/darshion.com\/wp-content\/uploads\/2024\/06\/3-4-100x100.jpg 100w\" sizes=\"(max-width: 800px) 100vw, 800px\" \/> <img loading=\"lazy\" decoding=\"async\" class=\"alignnone size-full wp-image-2427\" src=\"https:\/\/darshion.com\/wp-content\/uploads\/2024\/06\/4-4.jpg\" alt=\"\" width=\"790\" height=\"862\" srcset=\"https:\/\/darshion.com\/wp-content\/uploads\/2024\/06\/4-4.jpg 790w, https:\/\/darshion.com\/wp-content\/uploads\/2024\/06\/4-4-275x300.jpg 275w, https:\/\/darshion.com\/wp-content\/uploads\/2024\/06\/4-4-768x838.jpg 768w, https:\/\/darshion.com\/wp-content\/uploads\/2024\/06\/4-4-600x655.jpg 600w\" sizes=\"(max-width: 790px) 100vw, 790px\" \/><\/p>","protected":false},"excerpt":{"rendered":"<p class=\"pro_single_title\">V6 RGB Kablolu Bilgisayar Oyun Mouse'u<\/p>","protected":false},"featured_media":2428,"comment_status":"open","ping_status":"closed","template":"","meta":{"_monsterinsights_skip_tracking":false,"_monsterinsights_sitenote_active":false,"_monsterinsights_sitenote_note":"","_monsterinsights_sitenote_category":0},"product_cat":[542],"product_tag":[],"yoast_head":"<!-- This site is optimized with the Yoast SEO Premium plugin v22.9 (Yoast SEO v24.0) - https:\/\/yoast.com\/wordpress\/plugins\/seo\/ -->\n<title>V6 RGB Wired Computer Gaming Mouse Manufacturer - darshion<\/title>\n<meta name=\"robots\" content=\"index, follow, max-snippet:-1, max-image-preview:large, max-video-preview:-1\" \/>\n<link rel=\"canonical\" href=\"https:\/\/darshion.com\/tr\/urun\/rgb-gaming-mouse-v6\/\" \/>\n<meta property=\"og:locale\" content=\"tr_TR\" \/>\n<meta property=\"og:type\" content=\"article\" \/>\n<meta property=\"og:title\" content=\"V6 RGB Wired Computer Gaming Mouse Manufacturer\" \/>\n<meta property=\"og:description\" content=\"V6 RGB Wired Computer Gaming Mouse\" \/>\n<meta property=\"og:url\" content=\"https:\/\/darshion.com\/tr\/urun\/rgb-gaming-mouse-v6\/\" \/>\n<meta property=\"og:site_name\" content=\"darshion\" \/>\n<meta property=\"article:modified_time\" content=\"2024-07-09T09:11:01+00:00\" \/>\n<meta property=\"og:image\" content=\"https:\/\/darshion.com\/wp-content\/uploads\/2024\/06\/\u4e3b-1.webp\" \/>\n\t<meta property=\"og:image:width\" content=\"600\" \/>\n\t<meta property=\"og:image:height\" content=\"600\" \/>\n\t<meta property=\"og:image:type\" content=\"image\/webp\" \/>\n<meta name=\"twitter:card\" content=\"summary_large_image\" \/>\n<meta name=\"twitter:label1\" content=\"Tahmini okuma s\u00fcresi\" \/>\n\t<meta name=\"twitter:data1\" content=\"2 dakika\" \/>\n<script type=\"application\/ld+json\" class=\"yoast-schema-graph\">{\"@context\":\"https:\/\/schema.org\",\"@graph\":[{\"@type\":\"WebPage\",\"@id\":\"https:\/\/darshion.com\/tr\/urun\/rgb-gaming-mouse-v6\/\",\"url\":\"https:\/\/darshion.com\/tr\/urun\/rgb-gaming-mouse-v6\/\",\"name\":\"V6 RGB Wired Computer Gaming Mouse Manufacturer - darshion\",\"isPartOf\":{\"@id\":\"https:\/\/darshion.com\/#website\"},\"primaryImageOfPage\":{\"@id\":\"https:\/\/darshion.com\/tr\/urun\/rgb-gaming-mouse-v6\/#primaryimage\"},\"image\":{\"@id\":\"https:\/\/darshion.com\/tr\/urun\/rgb-gaming-mouse-v6\/#primaryimage\"},\"thumbnailUrl\":\"https:\/\/darshion.com\/wp-content\/uploads\/2024\/06\/\u4e3b-1.webp\",\"datePublished\":\"2024-06-05T09:13:08+00:00\",\"dateModified\":\"2024-07-09T09:11:01+00:00\",\"breadcrumb\":{\"@id\":\"https:\/\/darshion.com\/tr\/urun\/rgb-gaming-mouse-v6\/#breadcrumb\"},\"inLanguage\":\"tr\",\"potentialAction\":[{\"@type\":\"ReadAction\",\"target\":[\"https:\/\/darshion.com\/tr\/urun\/rgb-gaming-mouse-v6\/\"]}]},{\"@type\":\"ImageObject\",\"inLanguage\":\"tr\",\"@id\":\"https:\/\/darshion.com\/tr\/urun\/rgb-gaming-mouse-v6\/#primaryimage\",\"url\":\"https:\/\/darshion.com\/wp-content\/uploads\/2024\/06\/\u4e3b-1.webp\",\"contentUrl\":\"https:\/\/darshion.com\/wp-content\/uploads\/2024\/06\/\u4e3b-1.webp\",\"width\":600,\"height\":600,\"caption\":\"V6 RGB Wired Gaming Mouse\"},{\"@type\":\"BreadcrumbList\",\"@id\":\"https:\/\/darshion.com\/tr\/urun\/rgb-gaming-mouse-v6\/#breadcrumb\",\"itemListElement\":[{\"@type\":\"ListItem\",\"position\":1,\"name\":\"\u9996\u9875\",\"item\":\"https:\/\/darshion.com\/\"},{\"@type\":\"ListItem\",\"position\":2,\"name\":\"PRODUCT\",\"item\":\"https:\/\/darshion.com\/pt\/product\/\"},{\"@type\":\"ListItem\",\"position\":3,\"name\":\"V6 RGB Wired Computer Gaming Mouse Manufacturer\"}]},{\"@type\":\"WebSite\",\"@id\":\"https:\/\/darshion.com\/#website\",\"url\":\"https:\/\/darshion.com\/\",\"name\":\"darshion\",\"description\":\"14 Years of Experience, Quality Assurance, Innovative Design\",\"publisher\":{\"@id\":\"https:\/\/darshion.com\/#organization\"},\"potentialAction\":[{\"@type\":\"SearchAction\",\"target\":{\"@type\":\"EntryPoint\",\"urlTemplate\":\"https:\/\/darshion.com\/?s={search_term_string}\"},\"query-input\":{\"@type\":\"PropertyValueSpecification\",\"valueRequired\":true,\"valueName\":\"search_term_string\"}}],\"inLanguage\":\"tr\"},{\"@type\":\"Organization\",\"@id\":\"https:\/\/darshion.com\/#organization\",\"name\":\"darshion\",\"url\":\"https:\/\/darshion.com\/\",\"logo\":{\"@type\":\"ImageObject\",\"inLanguage\":\"tr\",\"@id\":\"https:\/\/darshion.com\/#\/schema\/logo\/image\/\",\"url\":\"https:\/\/darshion.com\/wp-content\/uploads\/2023\/09\/01-1.png\",\"contentUrl\":\"https:\/\/darshion.com\/wp-content\/uploads\/2023\/09\/01-1.png\",\"width\":350,\"height\":100,\"caption\":\"darshion\"},\"image\":{\"@id\":\"https:\/\/darshion.com\/#\/schema\/logo\/image\/\"}}]}<\/script>\n<!-- \/ Yoast SEO Premium plugin. -->","yoast_head_json":{"title":"V6 RGB Kablolu Bilgisayar Oyun Mouse \u00dcreticisi - darshion","robots":{"index":"index","follow":"follow","max-snippet":"max-snippet:-1","max-image-preview":"max-image-preview:large","max-video-preview":"max-video-preview:-1"},"canonical":"https:\/\/darshion.com\/tr\/urun\/rgb-gaming-mouse-v6\/","og_locale":"tr_TR","og_type":"article","og_title":"V6 RGB Wired Computer Gaming Mouse Manufacturer","og_description":"V6 RGB Wired Computer Gaming Mouse","og_url":"https:\/\/darshion.com\/tr\/urun\/rgb-gaming-mouse-v6\/","og_site_name":"darshion","article_modified_time":"2024-07-09T09:11:01+00:00","og_image":[{"width":600,"height":600,"url":"https:\/\/darshion.com\/wp-content\/uploads\/2024\/06\/\u4e3b-1.webp","type":"image\/webp"}],"twitter_card":"summary_large_image","twitter_misc":{"Tahmini okuma s\u00fcresi":"2 dakika"},"schema":{"@context":"https:\/\/schema.org","@graph":[{"@type":"WebPage","@id":"https:\/\/darshion.com\/tr\/urun\/rgb-gaming-mouse-v6\/","url":"https:\/\/darshion.com\/tr\/urun\/rgb-gaming-mouse-v6\/","name":"V6 RGB Kablolu Bilgisayar Oyun Mouse \u00dcreticisi - darshion","isPartOf":{"@id":"https:\/\/darshion.com\/#website"},"primaryImageOfPage":{"@id":"https:\/\/darshion.com\/tr\/urun\/rgb-gaming-mouse-v6\/#primaryimage"},"image":{"@id":"https:\/\/darshion.com\/tr\/urun\/rgb-gaming-mouse-v6\/#primaryimage"},"thumbnailUrl":"https:\/\/darshion.com\/wp-content\/uploads\/2024\/06\/\u4e3b-1.webp","datePublished":"2024-06-05T09:13:08+00:00","dateModified":"2024-07-09T09:11:01+00:00","breadcrumb":{"@id":"https:\/\/darshion.com\/tr\/urun\/rgb-gaming-mouse-v6\/#breadcrumb"},"inLanguage":"tr","potentialAction":[{"@type":"ReadAction","target":["https:\/\/darshion.com\/tr\/urun\/rgb-gaming-mouse-v6\/"]}]},{"@type":"ImageObject","inLanguage":"tr","@id":"https:\/\/darshion.com\/tr\/urun\/rgb-gaming-mouse-v6\/#primaryimage","url":"https:\/\/darshion.com\/wp-content\/uploads\/2024\/06\/\u4e3b-1.webp","contentUrl":"https:\/\/darshion.com\/wp-content\/uploads\/2024\/06\/\u4e3b-1.webp","width":600,"height":600,"caption":"V6 RGB Wired Gaming Mouse"},{"@type":"BreadcrumbList","@id":"https:\/\/darshion.com\/tr\/urun\/rgb-gaming-mouse-v6\/#breadcrumb","itemListElement":[{"@type":"ListItem","position":1,"name":"\u9996\u9875","item":"https:\/\/darshion.com\/"},{"@type":"ListItem","position":2,"name":"PRODUCT","item":"https:\/\/darshion.com\/pt\/product\/"},{"@type":"ListItem","position":3,"name":"V6 RGB Wired Computer Gaming Mouse Manufacturer"}]},{"@type":"WebSite","@id":"https:\/\/darshion.com\/#website","url":"https:\/\/darshion.com\/","name":"darshion","description":"14 Y\u0131ll\u0131k Tecr\u00fcbe, Kalite G\u00fcvencesi, Yenilik\u00e7i Tasar\u0131m","publisher":{"@id":"https:\/\/darshion.com\/#organization"},"potentialAction":[{"@type":"SearchAction","target":{"@type":"EntryPoint","urlTemplate":"https:\/\/darshion.com\/?s={search_term_string}"},"query-input":{"@type":"PropertyValueSpecification","valueRequired":true,"valueName":"search_term_string"}}],"inLanguage":"tr"},{"@type":"Organization","@id":"https:\/\/darshion.com\/#organization","name":"darshion","url":"https:\/\/darshion.com\/","logo":{"@type":"ImageObject","inLanguage":"tr","@id":"https:\/\/darshion.com\/#\/schema\/logo\/image\/","url":"https:\/\/darshion.com\/wp-content\/uploads\/2023\/09\/01-1.png","contentUrl":"https:\/\/darshion.com\/wp-content\/uploads\/2023\/09\/01-1.png","width":350,"height":100,"caption":"darshion"},"image":{"@id":"https:\/\/darshion.com\/#\/schema\/logo\/image\/"}}]}},"_links":{"self":[{"href":"https:\/\/darshion.com\/tr\/wp-json\/wp\/v2\/product\/2421"}],"collection":[{"href":"https:\/\/darshion.com\/tr\/wp-json\/wp\/v2\/product"}],"about":[{"href":"https:\/\/darshion.com\/tr\/wp-json\/wp\/v2\/types\/product"}],"replies":[{"embeddable":true,"href":"https:\/\/darshion.com\/tr\/wp-json\/wp\/v2\/comments?post=2421"}],"wp:featuredmedia":[{"embeddable":true,"href":"https:\/\/darshion.com\/tr\/wp-json\/wp\/v2\/media\/2428"}],"wp:attachment":[{"href":"https:\/\/darshion.com\/tr\/wp-json\/wp\/v2\/media?parent=2421"}],"wp:term":[{"taxonomy":"product_cat","embeddable":true,"href":"https:\/\/darshion.com\/tr\/wp-json\/wp\/v2\/product_cat?post=2421"},{"taxonomy":"product_tag","embeddable":true,"href":"https:\/\/darshion.com\/tr\/wp-json\/wp\/v2\/product_tag?post=2421"}],"curies":[{"name":"wp","href":"https:\/\/api.w.org\/{rel}","templated":true}]}}