{"id":2496,"date":"2024-06-06T17:28:12","date_gmt":"2024-06-06T09:28:12","guid":{"rendered":"https:\/\/darshion.com\/?post_type=product&#038;p=2496"},"modified":"2024-07-08T17:27:50","modified_gmt":"2024-07-08T09:27:50","slug":"wired-gaming-mouse-j200","status":"publish","type":"product","link":"https:\/\/darshion.com\/tr\/urun\/wired-gaming-mouse-j200\/","title":{"rendered":"J200 USB Kablolu Oyun Faresi \u00dcreticisi"},"content":{"rendered":"<p><strong>A\u00e7\u0131klama<\/strong><br \/>\nTip Espor oyun faresi<br \/>\nFonksiyon: Makro programlamay\u0131 destekler<br \/>\nDPI: 800\/1200\/1600\/2400\/4800<br \/>\nTel: 1,5 metre \u00f6rg\u00fcl\u00fc tel<br \/>\nPlan: Inspur 704E<br \/>\nAray\u00fcz: USB<br \/>\nAyd\u0131nlatma: D\u00f6rt renkli nefes alan \u0131\u015f\u0131k<br \/>\nFonksiyon: Oyun programlama \u00f6zellikli oyun faresi<br \/>\nKullan\u0131m \u00f6mr\u00fc: 3 y\u0131l<br \/>\nMalzeme ABS+\u00e7elik levha<br \/>\nBoyut: 120 * 85 * 32mm<br \/>\nNet a\u011f\u0131rl\u0131k: 135g<br \/>\nRenk: Siyah, G\u00fcm\u00fc\u015f<\/p>\n<p><img fetchpriority=\"high\" decoding=\"async\" class=\"alignnone size-full wp-image-2504\" src=\"https:\/\/darshion.com\/wp-content\/uploads\/2024\/06\/1622453136697840.jpg\" alt=\"\" width=\"800\" height=\"800\" srcset=\"https:\/\/darshion.com\/wp-content\/uploads\/2024\/06\/1622453136697840.jpg 800w, https:\/\/darshion.com\/wp-content\/uploads\/2024\/06\/1622453136697840-300x300.jpg 300w, https:\/\/darshion.com\/wp-content\/uploads\/2024\/06\/1622453136697840-150x150.jpg 150w, https:\/\/darshion.com\/wp-content\/uploads\/2024\/06\/1622453136697840-768x768.jpg 768w, https:\/\/darshion.com\/wp-content\/uploads\/2024\/06\/1622453136697840-600x600.jpg 600w, https:\/\/darshion.com\/wp-content\/uploads\/2024\/06\/1622453136697840-100x100.jpg 100w\" sizes=\"(max-width: 800px) 100vw, 800px\" \/> <img decoding=\"async\" class=\"alignnone size-full wp-image-2505\" src=\"https:\/\/darshion.com\/wp-content\/uploads\/2024\/06\/1622453146382603.jpg\" alt=\"\" width=\"1500\" height=\"1500\" srcset=\"https:\/\/darshion.com\/wp-content\/uploads\/2024\/06\/1622453146382603.jpg 1500w, https:\/\/darshion.com\/wp-content\/uploads\/2024\/06\/1622453146382603-300x300.jpg 300w, https:\/\/darshion.com\/wp-content\/uploads\/2024\/06\/1622453146382603-1024x1024.jpg 1024w, https:\/\/darshion.com\/wp-content\/uploads\/2024\/06\/1622453146382603-150x150.jpg 150w, https:\/\/darshion.com\/wp-content\/uploads\/2024\/06\/1622453146382603-768x768.jpg 768w, https:\/\/darshion.com\/wp-content\/uploads\/2024\/06\/1622453146382603-600x600.jpg 600w, https:\/\/darshion.com\/wp-content\/uploads\/2024\/06\/1622453146382603-100x100.jpg 100w\" sizes=\"(max-width: 1500px) 100vw, 1500px\" \/> <img decoding=\"async\" class=\"alignnone size-full wp-image-2506\" src=\"https:\/\/darshion.com\/wp-content\/uploads\/2024\/06\/1622453156217729.jpg\" alt=\"\" width=\"1500\" height=\"1500\" srcset=\"https:\/\/darshion.com\/wp-content\/uploads\/2024\/06\/1622453156217729.jpg 1500w, https:\/\/darshion.com\/wp-content\/uploads\/2024\/06\/1622453156217729-300x300.jpg 300w, https:\/\/darshion.com\/wp-content\/uploads\/2024\/06\/1622453156217729-1024x1024.jpg 1024w, https:\/\/darshion.com\/wp-content\/uploads\/2024\/06\/1622453156217729-150x150.jpg 150w, https:\/\/darshion.com\/wp-content\/uploads\/2024\/06\/1622453156217729-768x768.jpg 768w, https:\/\/darshion.com\/wp-content\/uploads\/2024\/06\/1622453156217729-600x600.jpg 600w, https:\/\/darshion.com\/wp-content\/uploads\/2024\/06\/1622453156217729-100x100.jpg 100w\" sizes=\"(max-width: 1500px) 100vw, 1500px\" \/> <img loading=\"lazy\" decoding=\"async\" class=\"alignnone size-full wp-image-2507\" src=\"https:\/\/darshion.com\/wp-content\/uploads\/2024\/06\/1622453167727798.jpg\" alt=\"\" width=\"800\" height=\"800\" srcset=\"https:\/\/darshion.com\/wp-content\/uploads\/2024\/06\/1622453167727798.jpg 800w, https:\/\/darshion.com\/wp-content\/uploads\/2024\/06\/1622453167727798-300x300.jpg 300w, https:\/\/darshion.com\/wp-content\/uploads\/2024\/06\/1622453167727798-150x150.jpg 150w, https:\/\/darshion.com\/wp-content\/uploads\/2024\/06\/1622453167727798-768x768.jpg 768w, https:\/\/darshion.com\/wp-content\/uploads\/2024\/06\/1622453167727798-600x600.jpg 600w, https:\/\/darshion.com\/wp-content\/uploads\/2024\/06\/1622453167727798-100x100.jpg 100w\" sizes=\"(max-width: 800px) 100vw, 800px\" \/> <img loading=\"lazy\" decoding=\"async\" class=\"alignnone size-full wp-image-2508\" src=\"https:\/\/darshion.com\/wp-content\/uploads\/2024\/06\/1622453174633895.jpg\" alt=\"\" width=\"800\" height=\"800\" srcset=\"https:\/\/darshion.com\/wp-content\/uploads\/2024\/06\/1622453174633895.jpg 800w, https:\/\/darshion.com\/wp-content\/uploads\/2024\/06\/1622453174633895-300x300.jpg 300w, https:\/\/darshion.com\/wp-content\/uploads\/2024\/06\/1622453174633895-150x150.jpg 150w, https:\/\/darshion.com\/wp-content\/uploads\/2024\/06\/1622453174633895-768x768.jpg 768w, https:\/\/darshion.com\/wp-content\/uploads\/2024\/06\/1622453174633895-600x600.jpg 600w, https:\/\/darshion.com\/wp-content\/uploads\/2024\/06\/1622453174633895-100x100.jpg 100w\" sizes=\"(max-width: 800px) 100vw, 800px\" \/><\/p>","protected":false},"excerpt":{"rendered":"<p>J200 7 Tu\u015flu USB Kablolu Oyun Mouse'u<\/p>\n<p>Sat\u0131\u015f noktas\u0131:<\/p>\n<p>1. Tam tu\u015flu 7 \u00f6zelle\u015ftirilebilir makro programlama.<\/p>\n<p>2. Alt\u0131 vitesli de\u011fi\u015fken h\u0131z ayarl\u0131 DIP (800-1600-2400-3200-4800-6400).<\/p>\n<p>3. oyun \u00e7ipi mikro anahtar\u0131.<\/p>\n<p>4. Entegre al\u00fcminyum ala\u015f\u0131ml\u0131 kumlanm\u0131\u015f metal zemin tasar\u0131m\u0131.<\/p>\n<p>5. Elektrolizle kaplanm\u0131\u015f \u00f6nl\u00fck tekerle\u011fi 3D \u00fc\u00e7 boyutlu oyma.<\/p>\n<p>6.1680 milyon renkli arka \u0131\u015f\u0131k \u00e7oklu mod de\u011fi\u015fiklikleri.<\/p>\n<p>7. Mekanik tasar\u0131m, rahat cilt hissi.<\/p>\n<p>8. \u00c7\u0131kar\u0131labilir a\u011f\u0131rl\u0131k tasar\u0131m\u0131<\/p>\n<p>&nbsp;<\/p>\n<p>\u00d6zellikler:<\/p>\n<p>1. \u00dcr\u00fcn modeli : J200 Mekanik Makrolar Oyun faresini tan\u0131mlay\u0131n<\/p>\n<p>2. 100% yeni fare oyunu<\/p>\n<p>3. \u00dcst d\u00fczey marka mekanik makro tan\u0131ml\u0131 oyun faresi<\/p>\n<p>4. \u0130nsan v\u00fccudu m\u00fchendislik tasar\u0131m\u0131<\/p>\n<p>5. 7 programlanabilir tu\u015f<\/p>\n<p>6. Serin LED de\u011fi\u015fken \u0131\u015f\u0131k efekti<\/p>\n<p>7. 12 seviyeli ayarlanabilir DPI, Maks.6400 DPI<\/p>\n<p>8. Gerilim derecesi \/ elektrik ak\u0131m\u0131: DC 5V \/ 100mA<\/p>\n<p>9. USB tak ve \u00e7al\u0131\u015ft\u0131r<\/p>\n<p>10. Anahtar \u00f6mr\u00fc: 20 milyon d\u00f6ng\u00fc<\/p>\n<p>11. Kablo uzunlu\u011fu: 150cm<\/p>\n<p>12:\u00dcr\u00fcn a\u011f\u0131rl\u0131\u011f\u0131: 139g<\/p>\n<p>13: \u00dcr\u00fcn boyutu: 13*8.5*3.5cm<\/p>\n<p>14:Paket a\u011f\u0131rl\u0131\u011f\u0131: 193g<\/p>\n<p>15: Ambalaj boyutu: 15*9.8*5cm<\/p>\n<p>16. Windows 2000 \/ XP \/ win7 \/ win8 \/ win10 Vista deste\u011fi<\/p>\n<p>32bit IOS veya en son s\u00fcr\u00fcm.<\/p>","protected":false},"featured_media":2505,"comment_status":"open","ping_status":"closed","template":"","meta":{"_monsterinsights_skip_tracking":false,"_monsterinsights_sitenote_active":false,"_monsterinsights_sitenote_note":"","_monsterinsights_sitenote_category":0},"product_cat":[542],"product_tag":[],"yoast_head":"<!-- This site is optimized with the Yoast SEO Premium plugin v22.9 (Yoast SEO v24.0) - https:\/\/yoast.com\/wordpress\/plugins\/seo\/ -->\n<title>J200 USB Wired Gaming Mouse Manufacturer - darshion<\/title>\n<meta name=\"robots\" content=\"index, follow, max-snippet:-1, max-image-preview:large, max-video-preview:-1\" \/>\n<link rel=\"canonical\" href=\"https:\/\/darshion.com\/tr\/urun\/wired-gaming-mouse-j200\/\" \/>\n<meta property=\"og:locale\" content=\"tr_TR\" \/>\n<meta property=\"og:type\" content=\"article\" \/>\n<meta property=\"og:title\" content=\"J200 USB Wired Gaming Mouse Manufacturer\" \/>\n<meta property=\"og:description\" content=\"J200 7 Keys USB Wired Gaming Mouse  Selling point:  1. Full-key 7 customizable macro programming.  2. Six-speed variable speed adjustable DIP (800-1600-2400-3200-4800-6400).  3. game chip micro switch.  4. Integrated aluminum alloy sandblasted metal floor design.  5. Electroplated apron wheel 3D three-dimensional carving.  6.1680 million color backlight multiple mode changes.  7. Mechanical design, comfortable skin feel.  8. Removable weight design  &nbsp;  Specification:  1. Product model : J200 Mechanical Macros Define the game\u00a0mouse  2. 100% new mouse game  3. High-end brand mechanical macro definition gaming mouse  4. Human body engineering design  5. 7 programmable keys  6. Cool LED variable light effect  7. 12-level adjustable DPI, Max.6400 DPI  8. Voltage rating \/ electric current: DC 5V \/ 100mA  9. USB plug and play  10. Switch life:20 million cycle  11. Cable length: 150cm  12:Product weight: 139g  13:Product size: 13*8.5*3.5cm  14:Package weight: 193g  15:Packing size: 15*9.8*5cm  16. Support Windows 2000 \/ XP \/ win7 \/ win8 \/win10 Vista  32bit IOS or latest.\" \/>\n<meta property=\"og:url\" content=\"https:\/\/darshion.com\/tr\/urun\/wired-gaming-mouse-j200\/\" \/>\n<meta property=\"og:site_name\" content=\"darshion\" \/>\n<meta property=\"article:modified_time\" content=\"2024-07-08T09:27:50+00:00\" \/>\n<meta property=\"og:image\" content=\"https:\/\/darshion.com\/wp-content\/uploads\/2024\/06\/1622453146382603.jpg\" \/>\n\t<meta property=\"og:image:width\" content=\"1500\" \/>\n\t<meta property=\"og:image:height\" content=\"1500\" \/>\n\t<meta property=\"og:image:type\" content=\"image\/jpeg\" \/>\n<meta name=\"twitter:card\" content=\"summary_large_image\" \/>\n<meta name=\"twitter:label1\" content=\"Tahmini okuma s\u00fcresi\" \/>\n\t<meta name=\"twitter:data1\" content=\"2 dakika\" \/>\n<script type=\"application\/ld+json\" class=\"yoast-schema-graph\">{\"@context\":\"https:\/\/schema.org\",\"@graph\":[{\"@type\":\"WebPage\",\"@id\":\"https:\/\/darshion.com\/tr\/urun\/wired-gaming-mouse-j200\/\",\"url\":\"https:\/\/darshion.com\/tr\/urun\/wired-gaming-mouse-j200\/\",\"name\":\"J200 USB Wired Gaming Mouse Manufacturer - darshion\",\"isPartOf\":{\"@id\":\"https:\/\/darshion.com\/#website\"},\"primaryImageOfPage\":{\"@id\":\"https:\/\/darshion.com\/tr\/urun\/wired-gaming-mouse-j200\/#primaryimage\"},\"image\":{\"@id\":\"https:\/\/darshion.com\/tr\/urun\/wired-gaming-mouse-j200\/#primaryimage\"},\"thumbnailUrl\":\"https:\/\/darshion.com\/wp-content\/uploads\/2024\/06\/1622453146382603.jpg\",\"datePublished\":\"2024-06-06T09:28:12+00:00\",\"dateModified\":\"2024-07-08T09:27:50+00:00\",\"breadcrumb\":{\"@id\":\"https:\/\/darshion.com\/tr\/urun\/wired-gaming-mouse-j200\/#breadcrumb\"},\"inLanguage\":\"tr\",\"potentialAction\":[{\"@type\":\"ReadAction\",\"target\":[\"https:\/\/darshion.com\/tr\/urun\/wired-gaming-mouse-j200\/\"]}]},{\"@type\":\"ImageObject\",\"inLanguage\":\"tr\",\"@id\":\"https:\/\/darshion.com\/tr\/urun\/wired-gaming-mouse-j200\/#primaryimage\",\"url\":\"https:\/\/darshion.com\/wp-content\/uploads\/2024\/06\/1622453146382603.jpg\",\"contentUrl\":\"https:\/\/darshion.com\/wp-content\/uploads\/2024\/06\/1622453146382603.jpg\",\"width\":1500,\"height\":1500,\"caption\":\"J200 Wired Gaming Mouse\"},{\"@type\":\"BreadcrumbList\",\"@id\":\"https:\/\/darshion.com\/tr\/urun\/wired-gaming-mouse-j200\/#breadcrumb\",\"itemListElement\":[{\"@type\":\"ListItem\",\"position\":1,\"name\":\"\u9996\u9875\",\"item\":\"https:\/\/darshion.com\/\"},{\"@type\":\"ListItem\",\"position\":2,\"name\":\"PRODUCT\",\"item\":\"https:\/\/darshion.com\/pt\/product\/\"},{\"@type\":\"ListItem\",\"position\":3,\"name\":\"J200 USB Wired Gaming Mouse Manufacturer\"}]},{\"@type\":\"WebSite\",\"@id\":\"https:\/\/darshion.com\/#website\",\"url\":\"https:\/\/darshion.com\/\",\"name\":\"darshion\",\"description\":\"14 Years of Experience, Quality Assurance, Innovative Design\",\"publisher\":{\"@id\":\"https:\/\/darshion.com\/#organization\"},\"potentialAction\":[{\"@type\":\"SearchAction\",\"target\":{\"@type\":\"EntryPoint\",\"urlTemplate\":\"https:\/\/darshion.com\/?s={search_term_string}\"},\"query-input\":{\"@type\":\"PropertyValueSpecification\",\"valueRequired\":true,\"valueName\":\"search_term_string\"}}],\"inLanguage\":\"tr\"},{\"@type\":\"Organization\",\"@id\":\"https:\/\/darshion.com\/#organization\",\"name\":\"darshion\",\"url\":\"https:\/\/darshion.com\/\",\"logo\":{\"@type\":\"ImageObject\",\"inLanguage\":\"tr\",\"@id\":\"https:\/\/darshion.com\/#\/schema\/logo\/image\/\",\"url\":\"https:\/\/darshion.com\/wp-content\/uploads\/2023\/09\/01-1.png\",\"contentUrl\":\"https:\/\/darshion.com\/wp-content\/uploads\/2023\/09\/01-1.png\",\"width\":350,\"height\":100,\"caption\":\"darshion\"},\"image\":{\"@id\":\"https:\/\/darshion.com\/#\/schema\/logo\/image\/\"}}]}<\/script>\n<!-- \/ Yoast SEO Premium plugin. -->","yoast_head_json":{"title":"J200 USB Kablolu Oyun Faresi \u00dcreticisi - darshion","robots":{"index":"index","follow":"follow","max-snippet":"max-snippet:-1","max-image-preview":"max-image-preview:large","max-video-preview":"max-video-preview:-1"},"canonical":"https:\/\/darshion.com\/tr\/urun\/wired-gaming-mouse-j200\/","og_locale":"tr_TR","og_type":"article","og_title":"J200 USB Wired Gaming Mouse Manufacturer","og_description":"J200 7 Keys USB Wired Gaming Mouse  Selling point:  1. Full-key 7 customizable macro programming.  2. Six-speed variable speed adjustable DIP (800-1600-2400-3200-4800-6400).  3. game chip micro switch.  4. Integrated aluminum alloy sandblasted metal floor design.  5. Electroplated apron wheel 3D three-dimensional carving.  6.1680 million color backlight multiple mode changes.  7. Mechanical design, comfortable skin feel.  8. Removable weight design  &nbsp;  Specification:  1. Product model : J200 Mechanical Macros Define the game\u00a0mouse  2. 100% new mouse game  3. High-end brand mechanical macro definition gaming mouse  4. Human body engineering design  5. 7 programmable keys  6. Cool LED variable light effect  7. 12-level adjustable DPI, Max.6400 DPI  8. Voltage rating \/ electric current: DC 5V \/ 100mA  9. USB plug and play  10. Switch life:20 million cycle  11. Cable length: 150cm  12:Product weight: 139g  13:Product size: 13*8.5*3.5cm  14:Package weight: 193g  15:Packing size: 15*9.8*5cm  16. Support Windows 2000 \/ XP \/ win7 \/ win8 \/win10 Vista  32bit IOS or latest.","og_url":"https:\/\/darshion.com\/tr\/urun\/wired-gaming-mouse-j200\/","og_site_name":"darshion","article_modified_time":"2024-07-08T09:27:50+00:00","og_image":[{"width":1500,"height":1500,"url":"https:\/\/darshion.com\/wp-content\/uploads\/2024\/06\/1622453146382603.jpg","type":"image\/jpeg"}],"twitter_card":"summary_large_image","twitter_misc":{"Tahmini okuma s\u00fcresi":"2 dakika"},"schema":{"@context":"https:\/\/schema.org","@graph":[{"@type":"WebPage","@id":"https:\/\/darshion.com\/tr\/urun\/wired-gaming-mouse-j200\/","url":"https:\/\/darshion.com\/tr\/urun\/wired-gaming-mouse-j200\/","name":"J200 USB Kablolu Oyun Faresi \u00dcreticisi - darshion","isPartOf":{"@id":"https:\/\/darshion.com\/#website"},"primaryImageOfPage":{"@id":"https:\/\/darshion.com\/tr\/urun\/wired-gaming-mouse-j200\/#primaryimage"},"image":{"@id":"https:\/\/darshion.com\/tr\/urun\/wired-gaming-mouse-j200\/#primaryimage"},"thumbnailUrl":"https:\/\/darshion.com\/wp-content\/uploads\/2024\/06\/1622453146382603.jpg","datePublished":"2024-06-06T09:28:12+00:00","dateModified":"2024-07-08T09:27:50+00:00","breadcrumb":{"@id":"https:\/\/darshion.com\/tr\/urun\/wired-gaming-mouse-j200\/#breadcrumb"},"inLanguage":"tr","potentialAction":[{"@type":"ReadAction","target":["https:\/\/darshion.com\/tr\/urun\/wired-gaming-mouse-j200\/"]}]},{"@type":"ImageObject","inLanguage":"tr","@id":"https:\/\/darshion.com\/tr\/urun\/wired-gaming-mouse-j200\/#primaryimage","url":"https:\/\/darshion.com\/wp-content\/uploads\/2024\/06\/1622453146382603.jpg","contentUrl":"https:\/\/darshion.com\/wp-content\/uploads\/2024\/06\/1622453146382603.jpg","width":1500,"height":1500,"caption":"J200 Wired Gaming Mouse"},{"@type":"BreadcrumbList","@id":"https:\/\/darshion.com\/tr\/urun\/wired-gaming-mouse-j200\/#breadcrumb","itemListElement":[{"@type":"ListItem","position":1,"name":"\u9996\u9875","item":"https:\/\/darshion.com\/"},{"@type":"ListItem","position":2,"name":"PRODUCT","item":"https:\/\/darshion.com\/pt\/product\/"},{"@type":"ListItem","position":3,"name":"J200 USB Wired Gaming Mouse Manufacturer"}]},{"@type":"WebSite","@id":"https:\/\/darshion.com\/#website","url":"https:\/\/darshion.com\/","name":"darshion","description":"14 Y\u0131ll\u0131k Tecr\u00fcbe, Kalite G\u00fcvencesi, Yenilik\u00e7i Tasar\u0131m","publisher":{"@id":"https:\/\/darshion.com\/#organization"},"potentialAction":[{"@type":"SearchAction","target":{"@type":"EntryPoint","urlTemplate":"https:\/\/darshion.com\/?s={search_term_string}"},"query-input":{"@type":"PropertyValueSpecification","valueRequired":true,"valueName":"search_term_string"}}],"inLanguage":"tr"},{"@type":"Organization","@id":"https:\/\/darshion.com\/#organization","name":"darshion","url":"https:\/\/darshion.com\/","logo":{"@type":"ImageObject","inLanguage":"tr","@id":"https:\/\/darshion.com\/#\/schema\/logo\/image\/","url":"https:\/\/darshion.com\/wp-content\/uploads\/2023\/09\/01-1.png","contentUrl":"https:\/\/darshion.com\/wp-content\/uploads\/2023\/09\/01-1.png","width":350,"height":100,"caption":"darshion"},"image":{"@id":"https:\/\/darshion.com\/#\/schema\/logo\/image\/"}}]}},"_links":{"self":[{"href":"https:\/\/darshion.com\/tr\/wp-json\/wp\/v2\/product\/2496"}],"collection":[{"href":"https:\/\/darshion.com\/tr\/wp-json\/wp\/v2\/product"}],"about":[{"href":"https:\/\/darshion.com\/tr\/wp-json\/wp\/v2\/types\/product"}],"replies":[{"embeddable":true,"href":"https:\/\/darshion.com\/tr\/wp-json\/wp\/v2\/comments?post=2496"}],"wp:featuredmedia":[{"embeddable":true,"href":"https:\/\/darshion.com\/tr\/wp-json\/wp\/v2\/media\/2505"}],"wp:attachment":[{"href":"https:\/\/darshion.com\/tr\/wp-json\/wp\/v2\/media?parent=2496"}],"wp:term":[{"taxonomy":"product_cat","embeddable":true,"href":"https:\/\/darshion.com\/tr\/wp-json\/wp\/v2\/product_cat?post=2496"},{"taxonomy":"product_tag","embeddable":true,"href":"https:\/\/darshion.com\/tr\/wp-json\/wp\/v2\/product_tag?post=2496"}],"curies":[{"name":"wp","href":"https:\/\/api.w.org\/{rel}","templated":true}]}}