{"id":2601,"date":"2024-06-07T11:58:50","date_gmt":"2024-06-07T03:58:50","guid":{"rendered":"https:\/\/darshion.com\/?post_type=product&#038;p=2601"},"modified":"2024-07-08T10:33:04","modified_gmt":"2024-07-08T02:33:04","slug":"wired-gaming-mouse-4","status":"publish","type":"product","link":"https:\/\/darshion.com\/tr\/urun\/wired-gaming-mouse-4\/","title":{"rendered":"A883 Kablolu Oyun Arkadan Ayd\u0131nlatmal\u0131 Mouse Tedarik\u00e7iler"},"content":{"rendered":"<p><strong>\u00d6ZELLIKLER:<\/strong><br \/>\n\u00dcr\u00fcn modeli: A883 OYUN MOUSE.<br \/>\nHareket h\u0131z\u0131: 32IPS<br \/>\nGeri d\u00f6n\u00fc\u015f oran\u0131: 125Hz<br \/>\nYenileme h\u0131z\u0131:4000FPS<br \/>\nH\u0131zlanma: 12G<br \/>\n4 seviyeli hareket h\u0131z\u0131, Maks.6400<br \/>\n\u00dcst d\u00fczey marka mekanik makro \u00e7\u00f6z\u00fcn\u00fcrl\u00fckl\u00fc oyun faresi<br \/>\n\u0130nsan v\u00fccudu m\u00fchendislik tasar\u0131m\u0131<br \/>\nI\u015f\u0131k efekti: Renkli nefes alan \u0131\u015f\u0131k efekti<br \/>\nGerilim derecesi I elektrik ak\u0131m\u0131: DC 5V \/100mA<br \/>\nUSB tak ve \u00e7al\u0131\u015ft\u0131r<br \/>\nAnahtar \u00f6mr\u00fc: 20 milyon \u00e7evrim<br \/>\nKablo uzunlu\u011fu: 150cm<br \/>\n\u00dcr\u00fcn A\u011f\u0131rl\u0131\u011f\u0131:125g<br \/>\n\u00dcr\u00fcn Boyutu: 125 * 68 * 39mm (L * W * H)<br \/>\nPaket a\u011f\u0131rl\u0131\u011f\u0131:157g<br \/>\nPaket boyutu: 13,5 * 8,5 * 4,7 cm (L * W * H)<br \/>\nDestek Windows 2000 \/XP 1 win71 win8 \/win10 Vista 32bit IOS veya en son.<\/p>\n<p><strong>Paket listesi:<\/strong><br \/>\n1 X Oyun faresi<br \/>\n1 X Kullan\u0131m k\u0131lavuzu<\/p>\n<p><img fetchpriority=\"high\" decoding=\"async\" class=\"alignnone size-full wp-image-2609\" src=\"https:\/\/darshion.com\/wp-content\/uploads\/2024\/06\/1622443446191556.jpg\" alt=\"\" width=\"1600\" height=\"1600\" srcset=\"https:\/\/darshion.com\/wp-content\/uploads\/2024\/06\/1622443446191556.jpg 1600w, https:\/\/darshion.com\/wp-content\/uploads\/2024\/06\/1622443446191556-300x300.jpg 300w, https:\/\/darshion.com\/wp-content\/uploads\/2024\/06\/1622443446191556-1024x1024.jpg 1024w, https:\/\/darshion.com\/wp-content\/uploads\/2024\/06\/1622443446191556-150x150.jpg 150w, https:\/\/darshion.com\/wp-content\/uploads\/2024\/06\/1622443446191556-768x768.jpg 768w, https:\/\/darshion.com\/wp-content\/uploads\/2024\/06\/1622443446191556-1536x1536.jpg 1536w, https:\/\/darshion.com\/wp-content\/uploads\/2024\/06\/1622443446191556-600x600.jpg 600w, https:\/\/darshion.com\/wp-content\/uploads\/2024\/06\/1622443446191556-100x100.jpg 100w\" sizes=\"(max-width: 1600px) 100vw, 1600px\" \/> <img decoding=\"async\" class=\"alignnone size-full wp-image-2611\" src=\"https:\/\/darshion.com\/wp-content\/uploads\/2024\/06\/1622443446327164.jpg\" alt=\"\" width=\"1600\" height=\"1600\" srcset=\"https:\/\/darshion.com\/wp-content\/uploads\/2024\/06\/1622443446327164.jpg 1600w, https:\/\/darshion.com\/wp-content\/uploads\/2024\/06\/1622443446327164-300x300.jpg 300w, https:\/\/darshion.com\/wp-content\/uploads\/2024\/06\/1622443446327164-1024x1024.jpg 1024w, https:\/\/darshion.com\/wp-content\/uploads\/2024\/06\/1622443446327164-150x150.jpg 150w, https:\/\/darshion.com\/wp-content\/uploads\/2024\/06\/1622443446327164-768x768.jpg 768w, https:\/\/darshion.com\/wp-content\/uploads\/2024\/06\/1622443446327164-1536x1536.jpg 1536w, https:\/\/darshion.com\/wp-content\/uploads\/2024\/06\/1622443446327164-600x600.jpg 600w, https:\/\/darshion.com\/wp-content\/uploads\/2024\/06\/1622443446327164-100x100.jpg 100w\" sizes=\"(max-width: 1600px) 100vw, 1600px\" \/> <img decoding=\"async\" class=\"alignnone size-full wp-image-2610\" src=\"https:\/\/darshion.com\/wp-content\/uploads\/2024\/06\/1622443446258216.jpg\" alt=\"\" width=\"1600\" height=\"1600\" srcset=\"https:\/\/darshion.com\/wp-content\/uploads\/2024\/06\/1622443446258216.jpg 1600w, https:\/\/darshion.com\/wp-content\/uploads\/2024\/06\/1622443446258216-300x300.jpg 300w, https:\/\/darshion.com\/wp-content\/uploads\/2024\/06\/1622443446258216-1024x1024.jpg 1024w, https:\/\/darshion.com\/wp-content\/uploads\/2024\/06\/1622443446258216-150x150.jpg 150w, https:\/\/darshion.com\/wp-content\/uploads\/2024\/06\/1622443446258216-768x768.jpg 768w, https:\/\/darshion.com\/wp-content\/uploads\/2024\/06\/1622443446258216-1536x1536.jpg 1536w, https:\/\/darshion.com\/wp-content\/uploads\/2024\/06\/1622443446258216-600x600.jpg 600w, https:\/\/darshion.com\/wp-content\/uploads\/2024\/06\/1622443446258216-100x100.jpg 100w\" sizes=\"(max-width: 1600px) 100vw, 1600px\" \/> <img loading=\"lazy\" decoding=\"async\" class=\"alignnone size-full wp-image-2612\" src=\"https:\/\/darshion.com\/wp-content\/uploads\/2024\/06\/1622443446596538.jpg\" alt=\"\" width=\"1600\" height=\"1600\" srcset=\"https:\/\/darshion.com\/wp-content\/uploads\/2024\/06\/1622443446596538.jpg 1600w, https:\/\/darshion.com\/wp-content\/uploads\/2024\/06\/1622443446596538-300x300.jpg 300w, https:\/\/darshion.com\/wp-content\/uploads\/2024\/06\/1622443446596538-1024x1024.jpg 1024w, https:\/\/darshion.com\/wp-content\/uploads\/2024\/06\/1622443446596538-150x150.jpg 150w, https:\/\/darshion.com\/wp-content\/uploads\/2024\/06\/1622443446596538-768x768.jpg 768w, https:\/\/darshion.com\/wp-content\/uploads\/2024\/06\/1622443446596538-1536x1536.jpg 1536w, https:\/\/darshion.com\/wp-content\/uploads\/2024\/06\/1622443446596538-600x600.jpg 600w, https:\/\/darshion.com\/wp-content\/uploads\/2024\/06\/1622443446596538-100x100.jpg 100w\" sizes=\"(max-width: 1600px) 100vw, 1600px\" \/><\/p>","protected":false},"excerpt":{"rendered":"<p class=\"pro_single_title\">A883 Ayarlanabilir 6400DPI Kablolu Oyun 7 Renkli Arkadan Ayd\u0131nlatmal\u0131 Fare<\/p>","protected":false},"featured_media":2612,"comment_status":"open","ping_status":"closed","template":"","meta":{"_monsterinsights_skip_tracking":false,"_monsterinsights_sitenote_active":false,"_monsterinsights_sitenote_note":"","_monsterinsights_sitenote_category":0},"product_cat":[542],"product_tag":[],"yoast_head":"<!-- This site is optimized with the Yoast SEO Premium plugin v22.9 (Yoast SEO v24.0) - https:\/\/yoast.com\/wordpress\/plugins\/seo\/ -->\n<title>A883 Wired Gaming Backlit Mouse Suppliers - darshion<\/title>\n<meta name=\"robots\" content=\"index, follow, max-snippet:-1, max-image-preview:large, max-video-preview:-1\" \/>\n<link rel=\"canonical\" href=\"https:\/\/darshion.com\/tr\/produkt\/wired-gaming-mouse-4\/\" \/>\n<meta property=\"og:locale\" content=\"tr_TR\" \/>\n<meta property=\"og:type\" content=\"article\" \/>\n<meta property=\"og:title\" content=\"A883 Wired Gaming Backlit Mouse Suppliers\" \/>\n<meta property=\"og:description\" content=\"A883 Adjustable 6400DPI Wired Gaming 7 Color Backlit Mouse\" \/>\n<meta property=\"og:url\" content=\"https:\/\/darshion.com\/tr\/produkt\/wired-gaming-mouse-4\/\" \/>\n<meta property=\"og:site_name\" content=\"darshion\" \/>\n<meta property=\"article:modified_time\" content=\"2024-07-08T02:33:04+00:00\" \/>\n<meta property=\"og:image\" content=\"https:\/\/darshion.com\/wp-content\/uploads\/2024\/06\/1622443446596538.jpg\" \/>\n\t<meta property=\"og:image:width\" content=\"1600\" \/>\n\t<meta property=\"og:image:height\" content=\"1600\" \/>\n\t<meta property=\"og:image:type\" content=\"image\/jpeg\" \/>\n<meta name=\"twitter:card\" content=\"summary_large_image\" \/>\n<meta name=\"twitter:label1\" content=\"Tahmini okuma s\u00fcresi\" \/>\n\t<meta name=\"twitter:data1\" content=\"2 dakika\" \/>\n<script type=\"application\/ld+json\" class=\"yoast-schema-graph\">{\"@context\":\"https:\/\/schema.org\",\"@graph\":[{\"@type\":\"WebPage\",\"@id\":\"https:\/\/darshion.com\/pl\/produkt\/wired-gaming-mouse-4\/\",\"url\":\"https:\/\/darshion.com\/pl\/produkt\/wired-gaming-mouse-4\/\",\"name\":\"A883 Wired Gaming Backlit Mouse Suppliers - darshion\",\"isPartOf\":{\"@id\":\"https:\/\/darshion.com\/#website\"},\"primaryImageOfPage\":{\"@id\":\"https:\/\/darshion.com\/pl\/produkt\/wired-gaming-mouse-4\/#primaryimage\"},\"image\":{\"@id\":\"https:\/\/darshion.com\/pl\/produkt\/wired-gaming-mouse-4\/#primaryimage\"},\"thumbnailUrl\":\"https:\/\/darshion.com\/wp-content\/uploads\/2024\/06\/1622443446596538.jpg\",\"datePublished\":\"2024-06-07T03:58:50+00:00\",\"dateModified\":\"2024-07-08T02:33:04+00:00\",\"breadcrumb\":{\"@id\":\"https:\/\/darshion.com\/pl\/produkt\/wired-gaming-mouse-4\/#breadcrumb\"},\"inLanguage\":\"tr\",\"potentialAction\":[{\"@type\":\"ReadAction\",\"target\":[\"https:\/\/darshion.com\/pl\/produkt\/wired-gaming-mouse-4\/\"]}]},{\"@type\":\"ImageObject\",\"inLanguage\":\"tr\",\"@id\":\"https:\/\/darshion.com\/pl\/produkt\/wired-gaming-mouse-4\/#primaryimage\",\"url\":\"https:\/\/darshion.com\/wp-content\/uploads\/2024\/06\/1622443446596538.jpg\",\"contentUrl\":\"https:\/\/darshion.com\/wp-content\/uploads\/2024\/06\/1622443446596538.jpg\",\"width\":1600,\"height\":1600,\"caption\":\"A883 Wired Gaming Backlit Mouse\"},{\"@type\":\"BreadcrumbList\",\"@id\":\"https:\/\/darshion.com\/pl\/produkt\/wired-gaming-mouse-4\/#breadcrumb\",\"itemListElement\":[{\"@type\":\"ListItem\",\"position\":1,\"name\":\"\u9996\u9875\",\"item\":\"https:\/\/darshion.com\/\"},{\"@type\":\"ListItem\",\"position\":2,\"name\":\"PRODUCT\",\"item\":\"https:\/\/darshion.com\/pt\/product\/\"},{\"@type\":\"ListItem\",\"position\":3,\"name\":\"A883 Wired Gaming Backlit Mouse Suppliers\"}]},{\"@type\":\"WebSite\",\"@id\":\"https:\/\/darshion.com\/#website\",\"url\":\"https:\/\/darshion.com\/\",\"name\":\"darshion\",\"description\":\"14 Years of Experience, Quality Assurance, Innovative Design\",\"publisher\":{\"@id\":\"https:\/\/darshion.com\/#organization\"},\"potentialAction\":[{\"@type\":\"SearchAction\",\"target\":{\"@type\":\"EntryPoint\",\"urlTemplate\":\"https:\/\/darshion.com\/?s={search_term_string}\"},\"query-input\":{\"@type\":\"PropertyValueSpecification\",\"valueRequired\":true,\"valueName\":\"search_term_string\"}}],\"inLanguage\":\"tr\"},{\"@type\":\"Organization\",\"@id\":\"https:\/\/darshion.com\/#organization\",\"name\":\"darshion\",\"url\":\"https:\/\/darshion.com\/\",\"logo\":{\"@type\":\"ImageObject\",\"inLanguage\":\"tr\",\"@id\":\"https:\/\/darshion.com\/#\/schema\/logo\/image\/\",\"url\":\"https:\/\/darshion.com\/wp-content\/uploads\/2023\/09\/01-1.png\",\"contentUrl\":\"https:\/\/darshion.com\/wp-content\/uploads\/2023\/09\/01-1.png\",\"width\":350,\"height\":100,\"caption\":\"darshion\"},\"image\":{\"@id\":\"https:\/\/darshion.com\/#\/schema\/logo\/image\/\"}}]}<\/script>\n<!-- \/ Yoast SEO Premium plugin. -->","yoast_head_json":{"title":"A883 Kablolu Oyun Arkadan Ayd\u0131nlatmal\u0131 Mouse Tedarik\u00e7iler - darshion","robots":{"index":"index","follow":"follow","max-snippet":"max-snippet:-1","max-image-preview":"max-image-preview:large","max-video-preview":"max-video-preview:-1"},"canonical":"https:\/\/darshion.com\/tr\/produkt\/wired-gaming-mouse-4\/","og_locale":"tr_TR","og_type":"article","og_title":"A883 Wired Gaming Backlit Mouse Suppliers","og_description":"A883 Adjustable 6400DPI Wired Gaming 7 Color Backlit Mouse","og_url":"https:\/\/darshion.com\/tr\/produkt\/wired-gaming-mouse-4\/","og_site_name":"darshion","article_modified_time":"2024-07-08T02:33:04+00:00","og_image":[{"width":1600,"height":1600,"url":"https:\/\/darshion.com\/wp-content\/uploads\/2024\/06\/1622443446596538.jpg","type":"image\/jpeg"}],"twitter_card":"summary_large_image","twitter_misc":{"Tahmini okuma s\u00fcresi":"2 dakika"},"schema":{"@context":"https:\/\/schema.org","@graph":[{"@type":"WebPage","@id":"https:\/\/darshion.com\/pl\/produkt\/wired-gaming-mouse-4\/","url":"https:\/\/darshion.com\/pl\/produkt\/wired-gaming-mouse-4\/","name":"A883 Kablolu Oyun Arkadan Ayd\u0131nlatmal\u0131 Mouse Tedarik\u00e7iler - darshion","isPartOf":{"@id":"https:\/\/darshion.com\/#website"},"primaryImageOfPage":{"@id":"https:\/\/darshion.com\/pl\/produkt\/wired-gaming-mouse-4\/#primaryimage"},"image":{"@id":"https:\/\/darshion.com\/pl\/produkt\/wired-gaming-mouse-4\/#primaryimage"},"thumbnailUrl":"https:\/\/darshion.com\/wp-content\/uploads\/2024\/06\/1622443446596538.jpg","datePublished":"2024-06-07T03:58:50+00:00","dateModified":"2024-07-08T02:33:04+00:00","breadcrumb":{"@id":"https:\/\/darshion.com\/pl\/produkt\/wired-gaming-mouse-4\/#breadcrumb"},"inLanguage":"tr","potentialAction":[{"@type":"ReadAction","target":["https:\/\/darshion.com\/pl\/produkt\/wired-gaming-mouse-4\/"]}]},{"@type":"ImageObject","inLanguage":"tr","@id":"https:\/\/darshion.com\/pl\/produkt\/wired-gaming-mouse-4\/#primaryimage","url":"https:\/\/darshion.com\/wp-content\/uploads\/2024\/06\/1622443446596538.jpg","contentUrl":"https:\/\/darshion.com\/wp-content\/uploads\/2024\/06\/1622443446596538.jpg","width":1600,"height":1600,"caption":"A883 Wired Gaming Backlit Mouse"},{"@type":"BreadcrumbList","@id":"https:\/\/darshion.com\/pl\/produkt\/wired-gaming-mouse-4\/#breadcrumb","itemListElement":[{"@type":"ListItem","position":1,"name":"\u9996\u9875","item":"https:\/\/darshion.com\/"},{"@type":"ListItem","position":2,"name":"PRODUCT","item":"https:\/\/darshion.com\/pt\/product\/"},{"@type":"ListItem","position":3,"name":"A883 Wired Gaming Backlit Mouse Suppliers"}]},{"@type":"WebSite","@id":"https:\/\/darshion.com\/#website","url":"https:\/\/darshion.com\/","name":"darshion","description":"14 Y\u0131ll\u0131k Tecr\u00fcbe, Kalite G\u00fcvencesi, Yenilik\u00e7i Tasar\u0131m","publisher":{"@id":"https:\/\/darshion.com\/#organization"},"potentialAction":[{"@type":"SearchAction","target":{"@type":"EntryPoint","urlTemplate":"https:\/\/darshion.com\/?s={search_term_string}"},"query-input":{"@type":"PropertyValueSpecification","valueRequired":true,"valueName":"search_term_string"}}],"inLanguage":"tr"},{"@type":"Organization","@id":"https:\/\/darshion.com\/#organization","name":"darshion","url":"https:\/\/darshion.com\/","logo":{"@type":"ImageObject","inLanguage":"tr","@id":"https:\/\/darshion.com\/#\/schema\/logo\/image\/","url":"https:\/\/darshion.com\/wp-content\/uploads\/2023\/09\/01-1.png","contentUrl":"https:\/\/darshion.com\/wp-content\/uploads\/2023\/09\/01-1.png","width":350,"height":100,"caption":"darshion"},"image":{"@id":"https:\/\/darshion.com\/#\/schema\/logo\/image\/"}}]}},"_links":{"self":[{"href":"https:\/\/darshion.com\/tr\/wp-json\/wp\/v2\/product\/2601"}],"collection":[{"href":"https:\/\/darshion.com\/tr\/wp-json\/wp\/v2\/product"}],"about":[{"href":"https:\/\/darshion.com\/tr\/wp-json\/wp\/v2\/types\/product"}],"replies":[{"embeddable":true,"href":"https:\/\/darshion.com\/tr\/wp-json\/wp\/v2\/comments?post=2601"}],"wp:featuredmedia":[{"embeddable":true,"href":"https:\/\/darshion.com\/tr\/wp-json\/wp\/v2\/media\/2612"}],"wp:attachment":[{"href":"https:\/\/darshion.com\/tr\/wp-json\/wp\/v2\/media?parent=2601"}],"wp:term":[{"taxonomy":"product_cat","embeddable":true,"href":"https:\/\/darshion.com\/tr\/wp-json\/wp\/v2\/product_cat?post=2601"},{"taxonomy":"product_tag","embeddable":true,"href":"https:\/\/darshion.com\/tr\/wp-json\/wp\/v2\/product_tag?post=2601"}],"curies":[{"name":"wp","href":"https:\/\/api.w.org\/{rel}","templated":true}]}}