{"id":2613,"date":"2024-06-07T17:34:01","date_gmt":"2024-06-07T09:34:01","guid":{"rendered":"https:\/\/darshion.com\/?post_type=product&#038;p=2613"},"modified":"2024-07-11T17:06:10","modified_gmt":"2024-07-11T09:06:10","slug":"game-wired-rgb-mouse","status":"publish","type":"product","link":"https:\/\/darshion.com\/tr\/urun\/game-wired-rgb-mouse\/","title":{"rendered":"A869 USB Oyun Kablolu RGB Fare Fabrikas\u0131"},"content":{"rendered":"<p><strong>\u00d6zellikler:<\/strong><br \/>\n\u00dcst d\u00fczey optik motor, hassas konumland\u0131rma. Ak\u0131ll\u0131 ba\u011flant\u0131, tak ve \u00e7al\u0131\u015ft\u0131r.<br \/>\nSol, Sa\u011f, Kayd\u0131rma Tekerle\u011fi, DPI +, DPI-, \u0130lerleme, Geri \u00c7ekilme dahil 7 d\u00fc\u011fme.<br \/>\nGeri d\u00f6n\u00fc\u015fleri g\u00f6steren toplam 7 parlak renk, renkli bir g\u00f6rsel efekt verir.<br \/>\n4 seviye Ayarlanabilir DPI (1200\/1600\/2400\/3200).<br \/>\nErgonomik tasar\u0131m, rahat dokunu\u015f, yorulmadan uzun s\u00fcreli kullan\u0131m.<\/p>\n<p><strong>\u00d6zellikler:<\/strong><br \/>\nGeri d\u00f6n\u00fc\u015f oran\u0131: 125Hz<br \/>\nHareket h\u0131z\u0131: 30IPS<br \/>\nYenileme h\u0131z\u0131: 4000FPS<br \/>\nH\u0131zlanma: 8G<br \/>\nDPI: 1200\/1600\/2400\/3600dpi<br \/>\nMalzeme ABS<br \/>\nTakip sistemi: Optik<br \/>\nGerilim derecesi \/ elektrik ak\u0131m\u0131: DC 5V\/ 100mA<br \/>\nBa\u011flant\u0131: Kablolu<br \/>\nKablo uzunlu\u011fu: Yakla\u015f\u0131k 150cm<br \/>\nBa\u011flant\u0131 Noktas\u0131: USB 2.0<br \/>\nAnahtar \u00d6mr\u00fc: 10 milyon \u00e7evrim<br \/>\nD\u00fc\u011fmeler: Sol, Sa\u011f, Kayd\u0131rma Tekerle\u011fi, DPI +\uff0cDPI -, \u0130lerleme, Geri \u00c7ekilme<br \/>\nI\u015f\u0131k efekti: renkli<br \/>\nFare boyutu: 12.7 * 7 * 4cm\/ 5 * 2.8 * 1.6in<br \/>\nFare a\u011f\u0131rl\u0131\u011f\u0131: 131g\/ 4,6oz<\/p>\n<p><img fetchpriority=\"high\" decoding=\"async\" class=\"alignnone size-full wp-image-2621\" src=\"https:\/\/darshion.com\/wp-content\/uploads\/2024\/06\/1622442936105842.jpg\" alt=\"\" width=\"1500\" height=\"1500\" srcset=\"https:\/\/darshion.com\/wp-content\/uploads\/2024\/06\/1622442936105842.jpg 1500w, https:\/\/darshion.com\/wp-content\/uploads\/2024\/06\/1622442936105842-300x300.jpg 300w, https:\/\/darshion.com\/wp-content\/uploads\/2024\/06\/1622442936105842-1024x1024.jpg 1024w, https:\/\/darshion.com\/wp-content\/uploads\/2024\/06\/1622442936105842-150x150.jpg 150w, https:\/\/darshion.com\/wp-content\/uploads\/2024\/06\/1622442936105842-768x768.jpg 768w, https:\/\/darshion.com\/wp-content\/uploads\/2024\/06\/1622442936105842-600x600.jpg 600w, https:\/\/darshion.com\/wp-content\/uploads\/2024\/06\/1622442936105842-100x100.jpg 100w\" sizes=\"(max-width: 1500px) 100vw, 1500px\" \/> <img decoding=\"async\" class=\"alignnone size-full wp-image-2622\" src=\"https:\/\/darshion.com\/wp-content\/uploads\/2024\/06\/1622442936656738.jpg\" alt=\"\" width=\"1600\" height=\"1600\" srcset=\"https:\/\/darshion.com\/wp-content\/uploads\/2024\/06\/1622442936656738.jpg 1600w, https:\/\/darshion.com\/wp-content\/uploads\/2024\/06\/1622442936656738-300x300.jpg 300w, https:\/\/darshion.com\/wp-content\/uploads\/2024\/06\/1622442936656738-1024x1024.jpg 1024w, https:\/\/darshion.com\/wp-content\/uploads\/2024\/06\/1622442936656738-150x150.jpg 150w, https:\/\/darshion.com\/wp-content\/uploads\/2024\/06\/1622442936656738-768x768.jpg 768w, https:\/\/darshion.com\/wp-content\/uploads\/2024\/06\/1622442936656738-1536x1536.jpg 1536w, https:\/\/darshion.com\/wp-content\/uploads\/2024\/06\/1622442936656738-600x600.jpg 600w, https:\/\/darshion.com\/wp-content\/uploads\/2024\/06\/1622442936656738-100x100.jpg 100w\" sizes=\"(max-width: 1600px) 100vw, 1600px\" \/> <img decoding=\"async\" class=\"alignnone size-full wp-image-2623\" src=\"https:\/\/darshion.com\/wp-content\/uploads\/2024\/06\/1622442936733359.jpg\" alt=\"\" width=\"1500\" height=\"1500\" srcset=\"https:\/\/darshion.com\/wp-content\/uploads\/2024\/06\/1622442936733359.jpg 1500w, https:\/\/darshion.com\/wp-content\/uploads\/2024\/06\/1622442936733359-300x300.jpg 300w, https:\/\/darshion.com\/wp-content\/uploads\/2024\/06\/1622442936733359-1024x1024.jpg 1024w, https:\/\/darshion.com\/wp-content\/uploads\/2024\/06\/1622442936733359-150x150.jpg 150w, https:\/\/darshion.com\/wp-content\/uploads\/2024\/06\/1622442936733359-768x768.jpg 768w, https:\/\/darshion.com\/wp-content\/uploads\/2024\/06\/1622442936733359-600x600.jpg 600w, https:\/\/darshion.com\/wp-content\/uploads\/2024\/06\/1622442936733359-100x100.jpg 100w\" sizes=\"(max-width: 1500px) 100vw, 1500px\" \/> <img loading=\"lazy\" decoding=\"async\" class=\"alignnone size-full wp-image-2624\" src=\"https:\/\/darshion.com\/wp-content\/uploads\/2024\/06\/1622442936744894.jpg\" alt=\"\" width=\"1500\" height=\"1500\" srcset=\"https:\/\/darshion.com\/wp-content\/uploads\/2024\/06\/1622442936744894.jpg 1500w, https:\/\/darshion.com\/wp-content\/uploads\/2024\/06\/1622442936744894-300x300.jpg 300w, https:\/\/darshion.com\/wp-content\/uploads\/2024\/06\/1622442936744894-1024x1024.jpg 1024w, https:\/\/darshion.com\/wp-content\/uploads\/2024\/06\/1622442936744894-150x150.jpg 150w, https:\/\/darshion.com\/wp-content\/uploads\/2024\/06\/1622442936744894-768x768.jpg 768w, https:\/\/darshion.com\/wp-content\/uploads\/2024\/06\/1622442936744894-600x600.jpg 600w, https:\/\/darshion.com\/wp-content\/uploads\/2024\/06\/1622442936744894-100x100.jpg 100w\" sizes=\"(max-width: 1500px) 100vw, 1500px\" \/> <img loading=\"lazy\" decoding=\"async\" class=\"alignnone size-full wp-image-2625\" src=\"https:\/\/darshion.com\/wp-content\/uploads\/2024\/06\/1622442937626936.jpg\" alt=\"\" width=\"1600\" height=\"1600\" srcset=\"https:\/\/darshion.com\/wp-content\/uploads\/2024\/06\/1622442937626936.jpg 1600w, https:\/\/darshion.com\/wp-content\/uploads\/2024\/06\/1622442937626936-300x300.jpg 300w, https:\/\/darshion.com\/wp-content\/uploads\/2024\/06\/1622442937626936-1024x1024.jpg 1024w, https:\/\/darshion.com\/wp-content\/uploads\/2024\/06\/1622442937626936-150x150.jpg 150w, https:\/\/darshion.com\/wp-content\/uploads\/2024\/06\/1622442937626936-768x768.jpg 768w, https:\/\/darshion.com\/wp-content\/uploads\/2024\/06\/1622442937626936-1536x1536.jpg 1536w, https:\/\/darshion.com\/wp-content\/uploads\/2024\/06\/1622442937626936-600x600.jpg 600w, https:\/\/darshion.com\/wp-content\/uploads\/2024\/06\/1622442937626936-100x100.jpg 100w\" sizes=\"(max-width: 1600px) 100vw, 1600px\" \/><\/p>","protected":false},"excerpt":{"rendered":"<p class=\"pro_single_title\">A869 Led Parlayan USB 7 Renk Oyun Kablolu RGB Mouse<\/p>","protected":false},"featured_media":2625,"comment_status":"open","ping_status":"closed","template":"","meta":{"_monsterinsights_skip_tracking":false,"_monsterinsights_sitenote_active":false,"_monsterinsights_sitenote_note":"","_monsterinsights_sitenote_category":0},"product_cat":[542],"product_tag":[],"yoast_head":"<!-- This site is optimized with the Yoast SEO Premium plugin v22.9 (Yoast SEO v24.0) - https:\/\/yoast.com\/wordpress\/plugins\/seo\/ -->\n<title>A869 USB Game Wired RGB Mouse Factory - darshion<\/title>\n<meta name=\"robots\" content=\"index, follow, max-snippet:-1, max-image-preview:large, max-video-preview:-1\" \/>\n<link rel=\"canonical\" href=\"https:\/\/darshion.com\/tr\/produto\/game-wired-rgb-mouse\/\" \/>\n<meta property=\"og:locale\" content=\"tr_TR\" \/>\n<meta property=\"og:type\" content=\"article\" \/>\n<meta property=\"og:title\" content=\"A869 USB Game Wired RGB Mouse Factory\" \/>\n<meta property=\"og:description\" content=\"A869 Led Glowing USB 7 Colors Game Wired RGB Mouse\" \/>\n<meta property=\"og:url\" content=\"https:\/\/darshion.com\/tr\/produto\/game-wired-rgb-mouse\/\" \/>\n<meta property=\"og:site_name\" content=\"darshion\" \/>\n<meta property=\"article:modified_time\" content=\"2024-07-11T09:06:10+00:00\" \/>\n<meta property=\"og:image\" content=\"https:\/\/darshion.com\/wp-content\/uploads\/2024\/06\/1622442937626936.jpg\" \/>\n\t<meta property=\"og:image:width\" content=\"1600\" \/>\n\t<meta property=\"og:image:height\" content=\"1600\" \/>\n\t<meta property=\"og:image:type\" content=\"image\/jpeg\" \/>\n<meta name=\"twitter:card\" content=\"summary_large_image\" \/>\n<meta name=\"twitter:label1\" content=\"Tahmini okuma s\u00fcresi\" \/>\n\t<meta name=\"twitter:data1\" content=\"2 dakika\" \/>\n<script type=\"application\/ld+json\" class=\"yoast-schema-graph\">{\"@context\":\"https:\/\/schema.org\",\"@graph\":[{\"@type\":\"WebPage\",\"@id\":\"https:\/\/darshion.com\/pt\/produto\/game-wired-rgb-mouse\/\",\"url\":\"https:\/\/darshion.com\/pt\/produto\/game-wired-rgb-mouse\/\",\"name\":\"A869 USB Game Wired RGB Mouse Factory - darshion\",\"isPartOf\":{\"@id\":\"https:\/\/darshion.com\/#website\"},\"primaryImageOfPage\":{\"@id\":\"https:\/\/darshion.com\/pt\/produto\/game-wired-rgb-mouse\/#primaryimage\"},\"image\":{\"@id\":\"https:\/\/darshion.com\/pt\/produto\/game-wired-rgb-mouse\/#primaryimage\"},\"thumbnailUrl\":\"https:\/\/darshion.com\/wp-content\/uploads\/2024\/06\/1622442937626936.jpg\",\"datePublished\":\"2024-06-07T09:34:01+00:00\",\"dateModified\":\"2024-07-11T09:06:10+00:00\",\"breadcrumb\":{\"@id\":\"https:\/\/darshion.com\/pt\/produto\/game-wired-rgb-mouse\/#breadcrumb\"},\"inLanguage\":\"tr\",\"potentialAction\":[{\"@type\":\"ReadAction\",\"target\":[\"https:\/\/darshion.com\/pt\/produto\/game-wired-rgb-mouse\/\"]}]},{\"@type\":\"ImageObject\",\"inLanguage\":\"tr\",\"@id\":\"https:\/\/darshion.com\/pt\/produto\/game-wired-rgb-mouse\/#primaryimage\",\"url\":\"https:\/\/darshion.com\/wp-content\/uploads\/2024\/06\/1622442937626936.jpg\",\"contentUrl\":\"https:\/\/darshion.com\/wp-content\/uploads\/2024\/06\/1622442937626936.jpg\",\"width\":1600,\"height\":1600,\"caption\":\"A869 Wired RGB Mouse\"},{\"@type\":\"BreadcrumbList\",\"@id\":\"https:\/\/darshion.com\/pt\/produto\/game-wired-rgb-mouse\/#breadcrumb\",\"itemListElement\":[{\"@type\":\"ListItem\",\"position\":1,\"name\":\"\u9996\u9875\",\"item\":\"https:\/\/darshion.com\/\"},{\"@type\":\"ListItem\",\"position\":2,\"name\":\"PRODUCT\",\"item\":\"https:\/\/darshion.com\/pt\/product\/\"},{\"@type\":\"ListItem\",\"position\":3,\"name\":\"A869 USB Game Wired RGB Mouse Factory\"}]},{\"@type\":\"WebSite\",\"@id\":\"https:\/\/darshion.com\/#website\",\"url\":\"https:\/\/darshion.com\/\",\"name\":\"darshion\",\"description\":\"14 Years of Experience, Quality Assurance, Innovative Design\",\"publisher\":{\"@id\":\"https:\/\/darshion.com\/#organization\"},\"potentialAction\":[{\"@type\":\"SearchAction\",\"target\":{\"@type\":\"EntryPoint\",\"urlTemplate\":\"https:\/\/darshion.com\/?s={search_term_string}\"},\"query-input\":{\"@type\":\"PropertyValueSpecification\",\"valueRequired\":true,\"valueName\":\"search_term_string\"}}],\"inLanguage\":\"tr\"},{\"@type\":\"Organization\",\"@id\":\"https:\/\/darshion.com\/#organization\",\"name\":\"darshion\",\"url\":\"https:\/\/darshion.com\/\",\"logo\":{\"@type\":\"ImageObject\",\"inLanguage\":\"tr\",\"@id\":\"https:\/\/darshion.com\/#\/schema\/logo\/image\/\",\"url\":\"https:\/\/darshion.com\/wp-content\/uploads\/2023\/09\/01-1.png\",\"contentUrl\":\"https:\/\/darshion.com\/wp-content\/uploads\/2023\/09\/01-1.png\",\"width\":350,\"height\":100,\"caption\":\"darshion\"},\"image\":{\"@id\":\"https:\/\/darshion.com\/#\/schema\/logo\/image\/\"}}]}<\/script>\n<!-- \/ Yoast SEO Premium plugin. -->","yoast_head_json":{"title":"A869 USB Oyun Kablolu RGB Fare Fabrikas\u0131 - darshion","robots":{"index":"index","follow":"follow","max-snippet":"max-snippet:-1","max-image-preview":"max-image-preview:large","max-video-preview":"max-video-preview:-1"},"canonical":"https:\/\/darshion.com\/tr\/produto\/game-wired-rgb-mouse\/","og_locale":"tr_TR","og_type":"article","og_title":"A869 USB Game Wired RGB Mouse Factory","og_description":"A869 Led Glowing USB 7 Colors Game Wired RGB Mouse","og_url":"https:\/\/darshion.com\/tr\/produto\/game-wired-rgb-mouse\/","og_site_name":"darshion","article_modified_time":"2024-07-11T09:06:10+00:00","og_image":[{"width":1600,"height":1600,"url":"https:\/\/darshion.com\/wp-content\/uploads\/2024\/06\/1622442937626936.jpg","type":"image\/jpeg"}],"twitter_card":"summary_large_image","twitter_misc":{"Tahmini okuma s\u00fcresi":"2 dakika"},"schema":{"@context":"https:\/\/schema.org","@graph":[{"@type":"WebPage","@id":"https:\/\/darshion.com\/pt\/produto\/game-wired-rgb-mouse\/","url":"https:\/\/darshion.com\/pt\/produto\/game-wired-rgb-mouse\/","name":"A869 USB Oyun Kablolu RGB Fare Fabrikas\u0131 - darshion","isPartOf":{"@id":"https:\/\/darshion.com\/#website"},"primaryImageOfPage":{"@id":"https:\/\/darshion.com\/pt\/produto\/game-wired-rgb-mouse\/#primaryimage"},"image":{"@id":"https:\/\/darshion.com\/pt\/produto\/game-wired-rgb-mouse\/#primaryimage"},"thumbnailUrl":"https:\/\/darshion.com\/wp-content\/uploads\/2024\/06\/1622442937626936.jpg","datePublished":"2024-06-07T09:34:01+00:00","dateModified":"2024-07-11T09:06:10+00:00","breadcrumb":{"@id":"https:\/\/darshion.com\/pt\/produto\/game-wired-rgb-mouse\/#breadcrumb"},"inLanguage":"tr","potentialAction":[{"@type":"ReadAction","target":["https:\/\/darshion.com\/pt\/produto\/game-wired-rgb-mouse\/"]}]},{"@type":"ImageObject","inLanguage":"tr","@id":"https:\/\/darshion.com\/pt\/produto\/game-wired-rgb-mouse\/#primaryimage","url":"https:\/\/darshion.com\/wp-content\/uploads\/2024\/06\/1622442937626936.jpg","contentUrl":"https:\/\/darshion.com\/wp-content\/uploads\/2024\/06\/1622442937626936.jpg","width":1600,"height":1600,"caption":"A869 Wired RGB Mouse"},{"@type":"BreadcrumbList","@id":"https:\/\/darshion.com\/pt\/produto\/game-wired-rgb-mouse\/#breadcrumb","itemListElement":[{"@type":"ListItem","position":1,"name":"\u9996\u9875","item":"https:\/\/darshion.com\/"},{"@type":"ListItem","position":2,"name":"PRODUCT","item":"https:\/\/darshion.com\/pt\/product\/"},{"@type":"ListItem","position":3,"name":"A869 USB Game Wired RGB Mouse Factory"}]},{"@type":"WebSite","@id":"https:\/\/darshion.com\/#website","url":"https:\/\/darshion.com\/","name":"darshion","description":"14 Y\u0131ll\u0131k Tecr\u00fcbe, Kalite G\u00fcvencesi, Yenilik\u00e7i Tasar\u0131m","publisher":{"@id":"https:\/\/darshion.com\/#organization"},"potentialAction":[{"@type":"SearchAction","target":{"@type":"EntryPoint","urlTemplate":"https:\/\/darshion.com\/?s={search_term_string}"},"query-input":{"@type":"PropertyValueSpecification","valueRequired":true,"valueName":"search_term_string"}}],"inLanguage":"tr"},{"@type":"Organization","@id":"https:\/\/darshion.com\/#organization","name":"darshion","url":"https:\/\/darshion.com\/","logo":{"@type":"ImageObject","inLanguage":"tr","@id":"https:\/\/darshion.com\/#\/schema\/logo\/image\/","url":"https:\/\/darshion.com\/wp-content\/uploads\/2023\/09\/01-1.png","contentUrl":"https:\/\/darshion.com\/wp-content\/uploads\/2023\/09\/01-1.png","width":350,"height":100,"caption":"darshion"},"image":{"@id":"https:\/\/darshion.com\/#\/schema\/logo\/image\/"}}]}},"_links":{"self":[{"href":"https:\/\/darshion.com\/tr\/wp-json\/wp\/v2\/product\/2613"}],"collection":[{"href":"https:\/\/darshion.com\/tr\/wp-json\/wp\/v2\/product"}],"about":[{"href":"https:\/\/darshion.com\/tr\/wp-json\/wp\/v2\/types\/product"}],"replies":[{"embeddable":true,"href":"https:\/\/darshion.com\/tr\/wp-json\/wp\/v2\/comments?post=2613"}],"wp:featuredmedia":[{"embeddable":true,"href":"https:\/\/darshion.com\/tr\/wp-json\/wp\/v2\/media\/2625"}],"wp:attachment":[{"href":"https:\/\/darshion.com\/tr\/wp-json\/wp\/v2\/media?parent=2613"}],"wp:term":[{"taxonomy":"product_cat","embeddable":true,"href":"https:\/\/darshion.com\/tr\/wp-json\/wp\/v2\/product_cat?post=2613"},{"taxonomy":"product_tag","embeddable":true,"href":"https:\/\/darshion.com\/tr\/wp-json\/wp\/v2\/product_tag?post=2613"}],"curies":[{"name":"wp","href":"https:\/\/api.w.org\/{rel}","templated":true}]}}