{"id":2716,"date":"2024-06-14T11:55:08","date_gmt":"2024-06-14T03:55:08","guid":{"rendered":"https:\/\/darshion.com\/?post_type=product&#038;p=2716"},"modified":"2024-07-11T10:56:04","modified_gmt":"2024-07-11T02:56:04","slug":"colorful-gaming-mouse","status":"publish","type":"product","link":"https:\/\/darshion.com\/tr\/urun\/colorful-gaming-mouse\/","title":{"rendered":"S7 Renkli Kablolu Bilgisayar Oyun Faresi Fabrikas\u0131"},"content":{"rendered":"<p><strong>\u00d6zellikler:<\/strong><\/p>\n<p>Benzersiz \u00e7atlama tasar\u0131m\u0131, 4 renkli g\u00f6z kama\u015ft\u0131r\u0131c\u0131 LED \u0131\u015f\u0131kla birle\u015fiyor, birden fazla renk ayn\u0131 anda parl\u0131yor, oyun oynamay\u0131 vurguluyor. I\u015f\u0131\u011f\u0131 kapatmak i\u00e7in \u0130leri \/ Geri D\u00fc\u011fmesi + DPI'ya bas\u0131n.<br \/>\nKau\u00e7uk ve cilt dostu y\u00fczeye sahip ergonomik tasar\u0131ml\u0131 kayd\u0131rma tekerle\u011fi, uzun s\u00fcre boyunca elinizde en rahat hissi sa\u011flar. S\u0131radan bilgisayar oyuncular\u0131 i\u00e7in m\u00fckemmel oyun faresi.<br \/>\nKullan\u0131m\u0131 kolay ve h\u0131zl\u0131, ekstra veya yaz\u0131l\u0131m y\u00fcklemeye gerek yok. USB: 2.0 \/ ba\u011flant\u0131 noktas\u0131n\u0131 destekler. 6 programlanm\u0131\u015f d\u00fc\u011fme ve h\u0131zl\u0131, do\u011fru manevralar i\u00e7in ayarlanabilir hiper h\u0131zl\u0131 kayd\u0131rma tekerle\u011fi.<br \/>\nWindows- 10, 8, 7, Vista-, XP-, Linux- veya en son i\u015fletim sistemi i\u00e7in uygundur.<br \/>\nL\u00fctfen Dikkat: \u0130leri ve Geri D\u00fc\u011fmesi OS sistemleri i\u00e7in mevcut de\u011fildir.<\/p>\n<p><strong>\u00d6zellikler:<\/strong><\/p>\n<p>\u00dcr\u00fcn Tipi: Oyun Faresi<br \/>\nMalzeme ABS<br \/>\nBoyut: yakla\u015f\u0131k 13,8x7cm \/ 5,43\u00d72,75in<br \/>\nRenk: Siyah<br \/>\nMiktar 1 Adet<\/p>\n<p><strong>Paket \u0130\u00e7eri\u011fi:<\/strong><\/p>\n<p>1 Oyun Mouse'u (resimdeki di\u011fer aksesuarlar dahil de\u011fildir.)<\/p>\n<p><img fetchpriority=\"high\" decoding=\"async\" class=\"alignnone size-full wp-image-2724\" src=\"https:\/\/darshion.com\/wp-content\/uploads\/2024\/06\/1622011121171911.jpg\" alt=\"\" width=\"1000\" height=\"1000\" srcset=\"https:\/\/darshion.com\/wp-content\/uploads\/2024\/06\/1622011121171911.jpg 1000w, https:\/\/darshion.com\/wp-content\/uploads\/2024\/06\/1622011121171911-300x300.jpg 300w, https:\/\/darshion.com\/wp-content\/uploads\/2024\/06\/1622011121171911-150x150.jpg 150w, https:\/\/darshion.com\/wp-content\/uploads\/2024\/06\/1622011121171911-768x768.jpg 768w, https:\/\/darshion.com\/wp-content\/uploads\/2024\/06\/1622011121171911-600x600.jpg 600w, https:\/\/darshion.com\/wp-content\/uploads\/2024\/06\/1622011121171911-100x100.jpg 100w\" sizes=\"(max-width: 1000px) 100vw, 1000px\" \/> <img decoding=\"async\" class=\"alignnone size-full wp-image-2725\" src=\"https:\/\/darshion.com\/wp-content\/uploads\/2024\/06\/1622011121345183.jpg\" alt=\"\" width=\"1000\" height=\"1000\" srcset=\"https:\/\/darshion.com\/wp-content\/uploads\/2024\/06\/1622011121345183.jpg 1000w, https:\/\/darshion.com\/wp-content\/uploads\/2024\/06\/1622011121345183-300x300.jpg 300w, https:\/\/darshion.com\/wp-content\/uploads\/2024\/06\/1622011121345183-150x150.jpg 150w, https:\/\/darshion.com\/wp-content\/uploads\/2024\/06\/1622011121345183-768x768.jpg 768w, https:\/\/darshion.com\/wp-content\/uploads\/2024\/06\/1622011121345183-600x600.jpg 600w, https:\/\/darshion.com\/wp-content\/uploads\/2024\/06\/1622011121345183-100x100.jpg 100w\" sizes=\"(max-width: 1000px) 100vw, 1000px\" \/> <img decoding=\"async\" class=\"alignnone size-full wp-image-2726\" src=\"https:\/\/darshion.com\/wp-content\/uploads\/2024\/06\/1622011121638570.jpg\" alt=\"\" width=\"1000\" height=\"1000\" srcset=\"https:\/\/darshion.com\/wp-content\/uploads\/2024\/06\/1622011121638570.jpg 1000w, https:\/\/darshion.com\/wp-content\/uploads\/2024\/06\/1622011121638570-300x300.jpg 300w, https:\/\/darshion.com\/wp-content\/uploads\/2024\/06\/1622011121638570-150x150.jpg 150w, https:\/\/darshion.com\/wp-content\/uploads\/2024\/06\/1622011121638570-768x768.jpg 768w, https:\/\/darshion.com\/wp-content\/uploads\/2024\/06\/1622011121638570-600x600.jpg 600w, https:\/\/darshion.com\/wp-content\/uploads\/2024\/06\/1622011121638570-100x100.jpg 100w\" sizes=\"(max-width: 1000px) 100vw, 1000px\" \/> <img loading=\"lazy\" decoding=\"async\" class=\"alignnone size-full wp-image-2727\" src=\"https:\/\/darshion.com\/wp-content\/uploads\/2024\/06\/1622011121801248.jpg\" alt=\"\" width=\"1000\" height=\"1000\" srcset=\"https:\/\/darshion.com\/wp-content\/uploads\/2024\/06\/1622011121801248.jpg 1000w, https:\/\/darshion.com\/wp-content\/uploads\/2024\/06\/1622011121801248-300x300.jpg 300w, https:\/\/darshion.com\/wp-content\/uploads\/2024\/06\/1622011121801248-150x150.jpg 150w, https:\/\/darshion.com\/wp-content\/uploads\/2024\/06\/1622011121801248-768x768.jpg 768w, https:\/\/darshion.com\/wp-content\/uploads\/2024\/06\/1622011121801248-600x600.jpg 600w, https:\/\/darshion.com\/wp-content\/uploads\/2024\/06\/1622011121801248-100x100.jpg 100w\" sizes=\"(max-width: 1000px) 100vw, 1000px\" \/> <img loading=\"lazy\" decoding=\"async\" class=\"alignnone size-full wp-image-2728\" src=\"https:\/\/darshion.com\/wp-content\/uploads\/2024\/06\/1622011121852459.jpg\" alt=\"\" width=\"1000\" height=\"1000\" srcset=\"https:\/\/darshion.com\/wp-content\/uploads\/2024\/06\/1622011121852459.jpg 1000w, https:\/\/darshion.com\/wp-content\/uploads\/2024\/06\/1622011121852459-300x300.jpg 300w, https:\/\/darshion.com\/wp-content\/uploads\/2024\/06\/1622011121852459-150x150.jpg 150w, https:\/\/darshion.com\/wp-content\/uploads\/2024\/06\/1622011121852459-768x768.jpg 768w, https:\/\/darshion.com\/wp-content\/uploads\/2024\/06\/1622011121852459-600x600.jpg 600w, https:\/\/darshion.com\/wp-content\/uploads\/2024\/06\/1622011121852459-100x100.jpg 100w\" sizes=\"(max-width: 1000px) 100vw, 1000px\" \/><\/p>","protected":false},"excerpt":{"rendered":"<p class=\"pro_single_title\">S7 USB Ayd\u0131nl\u0131k Renkli I\u015f\u0131k Kablolu Bilgisayar Oyun Faresi<\/p>","protected":false},"featured_media":3046,"comment_status":"open","ping_status":"closed","template":"","meta":{"_monsterinsights_skip_tracking":false,"_monsterinsights_sitenote_active":false,"_monsterinsights_sitenote_note":"","_monsterinsights_sitenote_category":0},"product_cat":[542],"product_tag":[],"yoast_head":"<!-- This site is optimized with the Yoast SEO Premium plugin v22.9 (Yoast SEO v24.0) - https:\/\/yoast.com\/wordpress\/plugins\/seo\/ -->\n<title>S7 Colorful Wired Computer Gaming Mouse Factory - darshion<\/title>\n<meta name=\"robots\" content=\"index, follow, max-snippet:-1, max-image-preview:large, max-video-preview:-1\" \/>\n<link rel=\"canonical\" href=\"https:\/\/darshion.com\/tr\/produit\/colorful-gaming-mouse\/\" \/>\n<meta property=\"og:locale\" content=\"tr_TR\" \/>\n<meta property=\"og:type\" content=\"article\" \/>\n<meta property=\"og:title\" content=\"S7 Colorful Wired Computer Gaming Mouse Factory\" \/>\n<meta property=\"og:description\" content=\"S7 USB Luminous Colorful Light Wired Computer Gaming Mouse\" \/>\n<meta property=\"og:url\" content=\"https:\/\/darshion.com\/tr\/produit\/colorful-gaming-mouse\/\" \/>\n<meta property=\"og:site_name\" content=\"darshion\" \/>\n<meta property=\"article:modified_time\" content=\"2024-07-11T02:56:04+00:00\" \/>\n<meta property=\"og:image\" content=\"https:\/\/darshion.com\/wp-content\/uploads\/2024\/06\/1-8.jpg\" \/>\n\t<meta property=\"og:image:width\" content=\"500\" \/>\n\t<meta property=\"og:image:height\" content=\"500\" \/>\n\t<meta property=\"og:image:type\" content=\"image\/jpeg\" \/>\n<meta name=\"twitter:card\" content=\"summary_large_image\" \/>\n<meta name=\"twitter:label1\" content=\"Tahmini okuma s\u00fcresi\" \/>\n\t<meta name=\"twitter:data1\" content=\"2 dakika\" \/>\n<script type=\"application\/ld+json\" class=\"yoast-schema-graph\">{\"@context\":\"https:\/\/schema.org\",\"@graph\":[{\"@type\":\"WebPage\",\"@id\":\"https:\/\/darshion.com\/fr\/produit\/colorful-gaming-mouse\/\",\"url\":\"https:\/\/darshion.com\/fr\/produit\/colorful-gaming-mouse\/\",\"name\":\"S7 Colorful Wired Computer Gaming Mouse Factory - darshion\",\"isPartOf\":{\"@id\":\"https:\/\/darshion.com\/#website\"},\"primaryImageOfPage\":{\"@id\":\"https:\/\/darshion.com\/fr\/produit\/colorful-gaming-mouse\/#primaryimage\"},\"image\":{\"@id\":\"https:\/\/darshion.com\/fr\/produit\/colorful-gaming-mouse\/#primaryimage\"},\"thumbnailUrl\":\"https:\/\/darshion.com\/wp-content\/uploads\/2024\/06\/1-8.jpg\",\"datePublished\":\"2024-06-14T03:55:08+00:00\",\"dateModified\":\"2024-07-11T02:56:04+00:00\",\"breadcrumb\":{\"@id\":\"https:\/\/darshion.com\/fr\/produit\/colorful-gaming-mouse\/#breadcrumb\"},\"inLanguage\":\"tr\",\"potentialAction\":[{\"@type\":\"ReadAction\",\"target\":[\"https:\/\/darshion.com\/fr\/produit\/colorful-gaming-mouse\/\"]}]},{\"@type\":\"ImageObject\",\"inLanguage\":\"tr\",\"@id\":\"https:\/\/darshion.com\/fr\/produit\/colorful-gaming-mouse\/#primaryimage\",\"url\":\"https:\/\/darshion.com\/wp-content\/uploads\/2024\/06\/1-8.jpg\",\"contentUrl\":\"https:\/\/darshion.com\/wp-content\/uploads\/2024\/06\/1-8.jpg\",\"width\":500,\"height\":500},{\"@type\":\"BreadcrumbList\",\"@id\":\"https:\/\/darshion.com\/fr\/produit\/colorful-gaming-mouse\/#breadcrumb\",\"itemListElement\":[{\"@type\":\"ListItem\",\"position\":1,\"name\":\"\u9996\u9875\",\"item\":\"https:\/\/darshion.com\/\"},{\"@type\":\"ListItem\",\"position\":2,\"name\":\"PRODUCT\",\"item\":\"https:\/\/darshion.com\/pt\/product\/\"},{\"@type\":\"ListItem\",\"position\":3,\"name\":\"S7 Colorful Wired Computer Gaming Mouse Factory\"}]},{\"@type\":\"WebSite\",\"@id\":\"https:\/\/darshion.com\/#website\",\"url\":\"https:\/\/darshion.com\/\",\"name\":\"darshion\",\"description\":\"14 Years of Experience, Quality Assurance, Innovative Design\",\"publisher\":{\"@id\":\"https:\/\/darshion.com\/#organization\"},\"potentialAction\":[{\"@type\":\"SearchAction\",\"target\":{\"@type\":\"EntryPoint\",\"urlTemplate\":\"https:\/\/darshion.com\/?s={search_term_string}\"},\"query-input\":{\"@type\":\"PropertyValueSpecification\",\"valueRequired\":true,\"valueName\":\"search_term_string\"}}],\"inLanguage\":\"tr\"},{\"@type\":\"Organization\",\"@id\":\"https:\/\/darshion.com\/#organization\",\"name\":\"darshion\",\"url\":\"https:\/\/darshion.com\/\",\"logo\":{\"@type\":\"ImageObject\",\"inLanguage\":\"tr\",\"@id\":\"https:\/\/darshion.com\/#\/schema\/logo\/image\/\",\"url\":\"https:\/\/darshion.com\/wp-content\/uploads\/2023\/09\/01-1.png\",\"contentUrl\":\"https:\/\/darshion.com\/wp-content\/uploads\/2023\/09\/01-1.png\",\"width\":350,\"height\":100,\"caption\":\"darshion\"},\"image\":{\"@id\":\"https:\/\/darshion.com\/#\/schema\/logo\/image\/\"}}]}<\/script>\n<!-- \/ Yoast SEO Premium plugin. -->","yoast_head_json":{"title":"S7 Renkli Kablolu Bilgisayar Oyun Faresi Fabrikas\u0131 - darshion","robots":{"index":"index","follow":"follow","max-snippet":"max-snippet:-1","max-image-preview":"max-image-preview:large","max-video-preview":"max-video-preview:-1"},"canonical":"https:\/\/darshion.com\/tr\/produit\/colorful-gaming-mouse\/","og_locale":"tr_TR","og_type":"article","og_title":"S7 Colorful Wired Computer Gaming Mouse Factory","og_description":"S7 USB Luminous Colorful Light Wired Computer Gaming Mouse","og_url":"https:\/\/darshion.com\/tr\/produit\/colorful-gaming-mouse\/","og_site_name":"darshion","article_modified_time":"2024-07-11T02:56:04+00:00","og_image":[{"width":500,"height":500,"url":"https:\/\/darshion.com\/wp-content\/uploads\/2024\/06\/1-8.jpg","type":"image\/jpeg"}],"twitter_card":"summary_large_image","twitter_misc":{"Tahmini okuma s\u00fcresi":"2 dakika"},"schema":{"@context":"https:\/\/schema.org","@graph":[{"@type":"WebPage","@id":"https:\/\/darshion.com\/fr\/produit\/colorful-gaming-mouse\/","url":"https:\/\/darshion.com\/fr\/produit\/colorful-gaming-mouse\/","name":"S7 Renkli Kablolu Bilgisayar Oyun Faresi Fabrikas\u0131 - darshion","isPartOf":{"@id":"https:\/\/darshion.com\/#website"},"primaryImageOfPage":{"@id":"https:\/\/darshion.com\/fr\/produit\/colorful-gaming-mouse\/#primaryimage"},"image":{"@id":"https:\/\/darshion.com\/fr\/produit\/colorful-gaming-mouse\/#primaryimage"},"thumbnailUrl":"https:\/\/darshion.com\/wp-content\/uploads\/2024\/06\/1-8.jpg","datePublished":"2024-06-14T03:55:08+00:00","dateModified":"2024-07-11T02:56:04+00:00","breadcrumb":{"@id":"https:\/\/darshion.com\/fr\/produit\/colorful-gaming-mouse\/#breadcrumb"},"inLanguage":"tr","potentialAction":[{"@type":"ReadAction","target":["https:\/\/darshion.com\/fr\/produit\/colorful-gaming-mouse\/"]}]},{"@type":"ImageObject","inLanguage":"tr","@id":"https:\/\/darshion.com\/fr\/produit\/colorful-gaming-mouse\/#primaryimage","url":"https:\/\/darshion.com\/wp-content\/uploads\/2024\/06\/1-8.jpg","contentUrl":"https:\/\/darshion.com\/wp-content\/uploads\/2024\/06\/1-8.jpg","width":500,"height":500},{"@type":"BreadcrumbList","@id":"https:\/\/darshion.com\/fr\/produit\/colorful-gaming-mouse\/#breadcrumb","itemListElement":[{"@type":"ListItem","position":1,"name":"\u9996\u9875","item":"https:\/\/darshion.com\/"},{"@type":"ListItem","position":2,"name":"PRODUCT","item":"https:\/\/darshion.com\/pt\/product\/"},{"@type":"ListItem","position":3,"name":"S7 Colorful Wired Computer Gaming Mouse Factory"}]},{"@type":"WebSite","@id":"https:\/\/darshion.com\/#website","url":"https:\/\/darshion.com\/","name":"darshion","description":"14 Y\u0131ll\u0131k Tecr\u00fcbe, Kalite G\u00fcvencesi, Yenilik\u00e7i Tasar\u0131m","publisher":{"@id":"https:\/\/darshion.com\/#organization"},"potentialAction":[{"@type":"SearchAction","target":{"@type":"EntryPoint","urlTemplate":"https:\/\/darshion.com\/?s={search_term_string}"},"query-input":{"@type":"PropertyValueSpecification","valueRequired":true,"valueName":"search_term_string"}}],"inLanguage":"tr"},{"@type":"Organization","@id":"https:\/\/darshion.com\/#organization","name":"darshion","url":"https:\/\/darshion.com\/","logo":{"@type":"ImageObject","inLanguage":"tr","@id":"https:\/\/darshion.com\/#\/schema\/logo\/image\/","url":"https:\/\/darshion.com\/wp-content\/uploads\/2023\/09\/01-1.png","contentUrl":"https:\/\/darshion.com\/wp-content\/uploads\/2023\/09\/01-1.png","width":350,"height":100,"caption":"darshion"},"image":{"@id":"https:\/\/darshion.com\/#\/schema\/logo\/image\/"}}]}},"_links":{"self":[{"href":"https:\/\/darshion.com\/tr\/wp-json\/wp\/v2\/product\/2716"}],"collection":[{"href":"https:\/\/darshion.com\/tr\/wp-json\/wp\/v2\/product"}],"about":[{"href":"https:\/\/darshion.com\/tr\/wp-json\/wp\/v2\/types\/product"}],"replies":[{"embeddable":true,"href":"https:\/\/darshion.com\/tr\/wp-json\/wp\/v2\/comments?post=2716"}],"wp:featuredmedia":[{"embeddable":true,"href":"https:\/\/darshion.com\/tr\/wp-json\/wp\/v2\/media\/3046"}],"wp:attachment":[{"href":"https:\/\/darshion.com\/tr\/wp-json\/wp\/v2\/media?parent=2716"}],"wp:term":[{"taxonomy":"product_cat","embeddable":true,"href":"https:\/\/darshion.com\/tr\/wp-json\/wp\/v2\/product_cat?post=2716"},{"taxonomy":"product_tag","embeddable":true,"href":"https:\/\/darshion.com\/tr\/wp-json\/wp\/v2\/product_tag?post=2716"}],"curies":[{"name":"wp","href":"https:\/\/api.w.org\/{rel}","templated":true}]}}