{"id":3156,"date":"2024-07-11T17:24:51","date_gmt":"2024-07-11T09:24:51","guid":{"rendered":"https:\/\/darshion.com\/product\/thin-slim-2-4g-optical-computer-mouse-1600-dpi-adjustable-rgb-gaming-mouse-rechargeable-wireless-mouse\/"},"modified":"2024-07-12T17:43:00","modified_gmt":"2024-07-12T09:43:00","slug":"cm623g-rechargeable-wireless-mouse","status":"publish","type":"product","link":"https:\/\/darshion.com\/tr\/urun\/cm623g-rechargeable-wireless-mouse\/","title":{"rendered":"CM623G Rgb Oyun \u015earj Edilebilir Kablosuz Mouse Tedarik\u00e7iler"},"content":{"rendered":"<h1>Rgb Oyun Kablosuz Mouse Tedarik\u00e7iler<\/h1>\n<div id=\"detail_decorate_root\" data-magic-global=\"%7B%22bizId%22%3A2329368643%2C%22pageId%22%3A21188828591%2C%22siteId%22%3A10003129106%7D\">\n<div class=\"J_module\">\n<div id=\"ali-anchor-AliMagic-3026pq\" class=\"magic-7\" data-section=\"AliMagic-3026pq\" data-section-title=\"Specification\">\u015eartname<\/div>\n<\/div>\n<div class=\"J_module\">\n<div class=\"ife-detail-decorate-table\">\n<table class=\"all magic-8\">\n<tbody>\n<tr>\n<td>\n<div class=\"magic-9\"><span class=\"magic-10\">Model Numaras\u0131:<\/span><\/div>\n<\/td>\n<td>\n<div class=\"magic-11\"><span class=\"magic-10\">CM623G<\/span><\/div>\n<\/td>\n<\/tr>\n<tr>\n<td>\n<div class=\"magic-9\"><span class=\"magic-10\">Fare Tipi:<\/span><\/div>\n<\/td>\n<td>\n<div class=\"magic-11\"><span class=\"magic-10\">2.4G Kablosuz bluetooth Fare<\/span><\/div>\n<\/td>\n<\/tr>\n<tr>\n<td>\n<div class=\"magic-9\"><span class=\"magic-10\">Boyutlar:<\/span><\/div>\n<\/td>\n<td>\n<div class=\"magic-11\"><span class=\"magic-10\">108.58*65.84*37.38mm<\/span><\/div>\n<\/td>\n<\/tr>\n<tr>\n<td>\n<div class=\"magic-9\"><span class=\"magic-10\">A\u011f\u0131rl\u0131k:<\/span><\/div>\n<\/td>\n<td>\n<div class=\"magic-11\"><span class=\"magic-10\">68 g<\/span><\/div>\n<\/td>\n<\/tr>\n<tr>\n<td>\n<div class=\"magic-9\"><span class=\"magic-10\">DPI:<\/span><\/div>\n<\/td>\n<td>\n<div class=\"magic-11\"><span class=\"magic-10\">800-1200-1600<\/span><\/div>\n<\/td>\n<\/tr>\n<tr>\n<td>\n<div class=\"magic-9\"><span class=\"magic-10\">Kablosuz Al\u0131m Mesafesi:<\/span><\/div>\n<\/td>\n<td>\n<div class=\"magic-11\"><span class=\"magic-10\">10m<\/span><\/div>\n<\/td>\n<\/tr>\n<tr>\n<td>\n<div class=\"magic-9\"><span class=\"magic-10\">D\u00fc\u011fmeler:<\/span><\/div>\n<\/td>\n<td>\n<div class=\"magic-11\"><span class=\"magic-10\">6 d\u00fc\u011fme<\/span><\/div>\n<\/td>\n<\/tr>\n<tr>\n<td>\n<div class=\"magic-9\"><span class=\"magic-10\">Aray\u00fcz Tipi:<\/span><\/div>\n<\/td>\n<td>\n<div class=\"magic-11\"><span class=\"magic-10\">USD (Mevcut USB-C \u015earj ba\u011flant\u0131 noktas\u0131)<\/span><\/div>\n<\/td>\n<\/tr>\n<tr>\n<td>\n<div class=\"magic-9\"><span class=\"magic-10\">Kablosuz Teknoloji:<\/span><\/div>\n<\/td>\n<td>\n<div class=\"magic-11\"><span class=\"magic-10\">Geli\u015fmi\u015f 2.4GHz kablosuz teknolojisi (2.4 G + BT4.0 + BT4.0 \u00e7ift mod)<\/span><\/div>\n<\/td>\n<\/tr>\n<tr>\n<td>\n<div class=\"magic-9\"><span class=\"magic-10\">D\u00fc\u011fme \u00d6mr\u00fc:<\/span><\/div>\n<\/td>\n<td>\n<div class=\"magic-11\"><span class=\"magic-10\">3 milyon kez<\/span><\/div>\n<\/td>\n<\/tr>\n<tr>\n<td>\n<div class=\"magic-9\"><span class=\"magic-10\">Arkadan ayd\u0131nlatmal\u0131:<\/span><\/div>\n<\/td>\n<td>\n<div class=\"magic-11\"><span class=\"magic-10\">6-RGB<\/span><\/div>\n<\/td>\n<\/tr>\n<tr>\n<td>\n<div class=\"magic-9\"><span class=\"magic-10\">Destek Sistemleri:<\/span><\/div>\n<\/td>\n<td>\n<div class=\"magic-11\"><span class=\"magic-10\">Windows XP\/7\/8\/10, IOS, Android Cep telefonu, PC, Tablet, Mac<\/span><\/div>\n<\/td>\n<\/tr>\n<tr>\n<td>\n<div class=\"magic-9\"><span class=\"magic-10\">Garanti:<\/span><\/div>\n<\/td>\n<td>\n<div class=\"magic-11\"><span class=\"magic-10\">12 Ay<\/span><\/div>\n<\/td>\n<\/tr>\n<tr>\n<td>\n<div class=\"magic-9\"><span class=\"magic-10\">Sertifikalar:<\/span><\/div>\n<\/td>\n<td>\n<div class=\"magic-11\"><span class=\"magic-10\">CE, ROHS, BQB<\/span><\/div>\n<\/td>\n<\/tr>\n<tr>\n<td>\n<div class=\"magic-9\"><span class=\"magic-10\">Logo:<\/span><\/div>\n<\/td>\n<td>\n<div class=\"magic-11\">OEM Hizmeti<\/div>\n<\/td>\n<\/tr>\n<tr>\n<td>\n<div class=\"magic-9\"><span class=\"magic-10\">Kutu:<\/span><\/div>\n<\/td>\n<td>\n<div class=\"magic-11\">OEM Hizmeti<\/div>\n<\/td>\n<\/tr>\n<tr>\n<td colspan=\"2\">\n<div class=\"magic-12\"><\/div>\n<\/td>\n<\/tr>\n<tr>\n<td class=\"product-payment-terms\" colspan=\"2\">\u00dcr\u00fcn \u00f6deme ko\u015fullar\u0131<\/td>\n<\/tr>\n<tr>\n<td colspan=\"2\">\n<div class=\"magic-15\">1. Kabul edilen k\u00fc\u00e7\u00fck sipari\u015f<\/div>\n<\/td>\n<\/tr>\n<tr>\n<td colspan=\"2\">\n<div class=\"magic-15\">2. \u00d6deme al\u0131r almaz deniz, EMS, DHL, FedEx ile g\u00f6nderilmeye haz\u0131r.<\/div>\n<\/td>\n<\/tr>\n<tr>\n<td colspan=\"2\">\n<div class=\"magic-15\">3. T \/ T'yi kabul ediyoruz. Western Union, L \/ C, visa, mastercard, T \/ T, PAYPAL, APPLE_PAY, GOOGLE_PAY<\/div>\n<\/td>\n<\/tr>\n<tr>\n<td colspan=\"2\">\n<div class=\"magic-15\">4. \u0130thalat vergileri, vergiler ve har\u00e7lar \u00fcr\u00fcn fiyat\u0131na veya nakliye \u00fccretlerine dahil de\u011fildir. Bu \u00fccretler al\u0131c\u0131n\u0131n sorumlulu\u011fundad\u0131r.<\/div>\n<\/td>\n<\/tr>\n<\/tbody>\n<\/table>\n<\/div>\n<\/div>\n<div class=\"J_module\">\n<div id=\"ali-anchor-AliMagic-l4d4zg\" class=\"magic-7\" data-section=\"AliMagic-l4d4zg\" data-section-title=\"Details Images\">Detaylar G\u00f6r\u00fcnt\u00fcler<\/div>\n<\/div>\n<div class=\"J_module\">\n<div class=\"icbu-pc-detailManyImage magic-16\">\n<div class=\"magic-17\">\n<p><img fetchpriority=\"high\" decoding=\"async\" class=\"wireless mouse suppliers alignnone\" title=\"kablosuz fare tedarik\u00e7ileri\" src=\"https:\/\/darshion.com\/wp-content\/uploads\/2024\/07\/H9971ef6a378d422aba738ce588f1eed98.jpg\" alt=\"wireless mouse suppliers \" width=\"800\" height=\"800\" \/><\/p>\n<\/div>\n<div class=\"magic-17\"><img decoding=\"async\" class=\"wireless mouse suppliers alignnone magic-18\" title=\"kablosuz fare tedarik\u00e7ileri\" src=\"https:\/\/darshion.com\/wp-content\/uploads\/2024\/07\/Hcf61ad754ac74343b9798071f2ebef7ce.jpg\" alt=\"wireless mouse suppliers\" \/><\/div>\n<div class=\"magic-17\"><img decoding=\"async\" class=\"wireless mouse suppliers alignnone magic-18\" title=\"kablosuz fare tedarik\u00e7ileri\" src=\"https:\/\/darshion.com\/wp-content\/uploads\/2024\/07\/H6e6cb17cfaeb4c67abb9f4ee0649f4e5j.jpg\" alt=\"wireless mouse suppliers\" \/><\/div>\n<div class=\"magic-17\"><img decoding=\"async\" class=\"wireless mouse suppliers alignnone magic-18\" title=\"kablosuz fare tedarik\u00e7ileri\" src=\"https:\/\/darshion.com\/wp-content\/uploads\/2024\/07\/Hd4f320fdf1f342029c0f1f6743ff3246d.jpg\" alt=\"wireless mouse suppliers\" \/><\/div>\n<div class=\"magic-17\"><img decoding=\"async\" class=\"wireless mouse suppliers alignnone magic-18\" title=\"kablosuz fare tedarik\u00e7ileri\" src=\"https:\/\/darshion.com\/wp-content\/uploads\/2024\/07\/Hd0f8759e75f849a7b37d5a428fd46639i.jpg\" alt=\"wireless mouse suppliers\" \/><\/div>\n<div class=\"magic-17\"><img decoding=\"async\" class=\"wireless mouse suppliers alignnone magic-18\" title=\"kablosuz fare tedarik\u00e7ileri\" src=\"https:\/\/darshion.com\/wp-content\/uploads\/2024\/07\/H859993039a314ea1ab0c4ebe96504d0aJ.jpg\" alt=\"wireless mouse suppliers\" \/><\/div>\n<div class=\"magic-17\"><img decoding=\"async\" class=\"wireless mouse suppliers alignnone magic-18\" title=\"kablosuz fare tedarik\u00e7ileri\" src=\"https:\/\/darshion.com\/wp-content\/uploads\/2024\/07\/H54533409f1f446699850cffe70d63ad4G.jpg\" alt=\"wireless mouse suppliers\" \/><\/div>\n<div class=\"magic-17\"><img decoding=\"async\" class=\"wireless mouse suppliers alignnone magic-18\" title=\"kablosuz fare tedarik\u00e7ileri\" src=\"https:\/\/darshion.com\/wp-content\/uploads\/2024\/07\/Hfcd7f784950e42928dde64379d5016a4T.jpg\" alt=\"wireless mouse suppliers\" \/><\/div>\n<div class=\"magic-17\"><img decoding=\"async\" class=\"wireless mouse suppliers alignnone magic-18\" title=\"kablosuz fare tedarik\u00e7ileri\" src=\"https:\/\/darshion.com\/wp-content\/uploads\/2024\/07\/Hb16816bdb52a49a1a1c6f72064cccb5dv.jpg\" alt=\"wireless mouse suppliers\" \/><\/div>\n<div class=\"magic-17\"><img decoding=\"async\" class=\"wireless mouse suppliers alignnone magic-18\" title=\"kablosuz fare tedarik\u00e7ileri\" src=\"https:\/\/darshion.com\/wp-content\/uploads\/2024\/07\/H116f84963d1d405190ca3234c846785d8.jpg\" alt=\"wireless mouse suppliers\" \/><\/div>\n<\/div>\n<\/div>\n<div class=\"J_module\"><\/div>\n<div class=\"J_module\">\n<div class=\"detail-decorate-json-renderer-container\">\n<div class=\"magic-0\">\n<div class=\"magic-1\">\n<div class=\"magic-2\">\n<div class=\"magic-3\"><\/div>\n<\/div>\n<\/div>\n<\/div>\n<\/div>\n<\/div>\n<\/div>","protected":false},"excerpt":{"rendered":"<div>[Industry-specific attributes]<br \/>\nType:2.4Ghz Wireless<br \/>\nInterface Type:usb<br \/>\nNumber of Buttons:6<br \/>\nDPI:\u2264 800, 1200, 1600<br \/>\nStyle:Gaming, backlit, Finger, Waterproof[Other attributes]<br \/>\nPlace of Origin:Guangdong, China<br \/>\nPrivate Mold:Yes<br \/>\nTracking Method:Optical<br \/>\nPower Type:RECHARGEABLE<br \/>\nNumber of Rollers:1<br \/>\nApplication:Desktop, LAPTOP<br \/>\nHand Orientation:Right<br \/>\nModel Number:G623G<br \/>\nBacklit:6-RGB<br \/>\nErgonomics:Yes<br \/>\nSupport:Windows XP\/7\/8\/10, IOS, Android Mobile phone, PC, Tablet, Mac<br \/>\nMOQ:1000pcs<br \/>\nPackage:4c colour box<br \/>\nMouse Type:2.4G Wireless bluetooth Mouse<br \/>\nDesign:Modern<br \/>\nCertification:CE,ROHS,BQB<br \/>\nRechargeable batteries:500maH<br \/>\nButtons:6D Buttons<br \/>\nLogo:OEM Service<\/div>\n","protected":false},"featured_media":3149,"comment_status":"open","ping_status":"closed","template":"","meta":{"_monsterinsights_skip_tracking":false,"_monsterinsights_sitenote_active":false,"_monsterinsights_sitenote_note":"","_monsterinsights_sitenote_category":0},"product_cat":[541],"product_tag":[558],"yoast_head":"<!-- This site is optimized with the Yoast SEO Premium plugin v22.9 (Yoast SEO v24.0) - https:\/\/yoast.com\/wordpress\/plugins\/seo\/ -->\n<title>CM623G Rgb Gaming Rechargeable Wireless Mouse Suppliers - darshion<\/title>\n<meta name=\"description\" content=\"Type:2.4Ghz WirelessInterface Type:usbNumber of Buttons:6DPI:\u2264 800, 1200, 1600Style:Gaming, backlit, Finger, Waterproof[Other attributes]\" \/>\n<meta name=\"robots\" content=\"index, follow, max-snippet:-1, max-image-preview:large, max-video-preview:-1\" \/>\n<link rel=\"canonical\" href=\"https:\/\/darshion.com\/tr\/produkt\/cm623g-rechargeable-wireless-mouse\/\" \/>\n<meta property=\"og:locale\" content=\"tr_TR\" \/>\n<meta property=\"og:type\" content=\"article\" \/>\n<meta property=\"og:title\" content=\"CM623G Rgb Gaming Rechargeable Wireless Mouse Suppliers\" \/>\n<meta property=\"og:description\" content=\"Type:2.4Ghz WirelessInterface Type:usbNumber of Buttons:6DPI:\u2264 800, 1200, 1600Style:Gaming, backlit, Finger, Waterproof[Other attributes]\" \/>\n<meta property=\"og:url\" content=\"https:\/\/darshion.com\/tr\/produkt\/cm623g-rechargeable-wireless-mouse\/\" \/>\n<meta property=\"og:site_name\" content=\"darshion\" \/>\n<meta property=\"article:modified_time\" content=\"2024-07-12T09:43:00+00:00\" \/>\n<meta property=\"og:image\" content=\"https:\/\/darshion.com\/wp-content\/uploads\/2024\/07\/H8f20c28ace024f549d500bb1feb8d561N.jpg\" \/>\n\t<meta property=\"og:image:width\" content=\"800\" \/>\n\t<meta property=\"og:image:height\" content=\"800\" \/>\n\t<meta property=\"og:image:type\" content=\"image\/jpeg\" \/>\n<meta name=\"twitter:card\" content=\"summary_large_image\" \/>\n<meta name=\"twitter:label1\" content=\"Tahmini okuma s\u00fcresi\" \/>\n\t<meta name=\"twitter:data1\" content=\"3 dakika\" \/>\n<script type=\"application\/ld+json\" class=\"yoast-schema-graph\">{\"@context\":\"https:\/\/schema.org\",\"@graph\":[{\"@type\":\"WebPage\",\"@id\":\"https:\/\/darshion.com\/de\/produkt\/cm623g-rechargeable-wireless-mouse\/\",\"url\":\"https:\/\/darshion.com\/de\/produkt\/cm623g-rechargeable-wireless-mouse\/\",\"name\":\"CM623G Rgb Gaming Rechargeable Wireless Mouse Suppliers - darshion\",\"isPartOf\":{\"@id\":\"https:\/\/darshion.com\/#website\"},\"primaryImageOfPage\":{\"@id\":\"https:\/\/darshion.com\/de\/produkt\/cm623g-rechargeable-wireless-mouse\/#primaryimage\"},\"image\":{\"@id\":\"https:\/\/darshion.com\/de\/produkt\/cm623g-rechargeable-wireless-mouse\/#primaryimage\"},\"thumbnailUrl\":\"https:\/\/darshion.com\/wp-content\/uploads\/2024\/07\/H8f20c28ace024f549d500bb1feb8d561N.jpg\",\"datePublished\":\"2024-07-11T09:24:51+00:00\",\"dateModified\":\"2024-07-12T09:43:00+00:00\",\"description\":\"Type:2.4Ghz WirelessInterface Type:usbNumber of Buttons:6DPI:\u2264 800, 1200, 1600Style:Gaming, backlit, Finger, Waterproof[Other attributes]\",\"breadcrumb\":{\"@id\":\"https:\/\/darshion.com\/de\/produkt\/cm623g-rechargeable-wireless-mouse\/#breadcrumb\"},\"inLanguage\":\"tr\",\"potentialAction\":[{\"@type\":\"ReadAction\",\"target\":[\"https:\/\/darshion.com\/de\/produkt\/cm623g-rechargeable-wireless-mouse\/\"]}]},{\"@type\":\"ImageObject\",\"inLanguage\":\"tr\",\"@id\":\"https:\/\/darshion.com\/de\/produkt\/cm623g-rechargeable-wireless-mouse\/#primaryimage\",\"url\":\"https:\/\/darshion.com\/wp-content\/uploads\/2024\/07\/H8f20c28ace024f549d500bb1feb8d561N.jpg\",\"contentUrl\":\"https:\/\/darshion.com\/wp-content\/uploads\/2024\/07\/H8f20c28ace024f549d500bb1feb8d561N.jpg\",\"width\":800,\"height\":800},{\"@type\":\"BreadcrumbList\",\"@id\":\"https:\/\/darshion.com\/de\/produkt\/cm623g-rechargeable-wireless-mouse\/#breadcrumb\",\"itemListElement\":[{\"@type\":\"ListItem\",\"position\":1,\"name\":\"\u9996\u9875\",\"item\":\"https:\/\/darshion.com\/\"},{\"@type\":\"ListItem\",\"position\":2,\"name\":\"PRODUCT\",\"item\":\"https:\/\/darshion.com\/pt\/product\/\"},{\"@type\":\"ListItem\",\"position\":3,\"name\":\"CM623G Rgb Gaming Rechargeable Wireless Mouse Suppliers\"}]},{\"@type\":\"WebSite\",\"@id\":\"https:\/\/darshion.com\/#website\",\"url\":\"https:\/\/darshion.com\/\",\"name\":\"darshion\",\"description\":\"14 Years of Experience, Quality Assurance, Innovative Design\",\"publisher\":{\"@id\":\"https:\/\/darshion.com\/#organization\"},\"potentialAction\":[{\"@type\":\"SearchAction\",\"target\":{\"@type\":\"EntryPoint\",\"urlTemplate\":\"https:\/\/darshion.com\/?s={search_term_string}\"},\"query-input\":{\"@type\":\"PropertyValueSpecification\",\"valueRequired\":true,\"valueName\":\"search_term_string\"}}],\"inLanguage\":\"tr\"},{\"@type\":\"Organization\",\"@id\":\"https:\/\/darshion.com\/#organization\",\"name\":\"darshion\",\"url\":\"https:\/\/darshion.com\/\",\"logo\":{\"@type\":\"ImageObject\",\"inLanguage\":\"tr\",\"@id\":\"https:\/\/darshion.com\/#\/schema\/logo\/image\/\",\"url\":\"https:\/\/darshion.com\/wp-content\/uploads\/2023\/09\/01-1.png\",\"contentUrl\":\"https:\/\/darshion.com\/wp-content\/uploads\/2023\/09\/01-1.png\",\"width\":350,\"height\":100,\"caption\":\"darshion\"},\"image\":{\"@id\":\"https:\/\/darshion.com\/#\/schema\/logo\/image\/\"}}]}<\/script>\n<!-- \/ Yoast SEO Premium plugin. -->","yoast_head_json":{"title":"CM623G Rgb Oyun \u015earj Edilebilir Kablosuz Fare Tedarik\u00e7iler - darshion","description":"Type:2.4Ghz WirelessInterface Type:usbNumber of Buttons:6DPI:\u2264 800, 1200, 1600Style:Gaming, backlit, Finger, Waterproof[Other attributes]","robots":{"index":"index","follow":"follow","max-snippet":"max-snippet:-1","max-image-preview":"max-image-preview:large","max-video-preview":"max-video-preview:-1"},"canonical":"https:\/\/darshion.com\/tr\/produkt\/cm623g-rechargeable-wireless-mouse\/","og_locale":"tr_TR","og_type":"article","og_title":"CM623G Rgb Gaming Rechargeable Wireless Mouse Suppliers","og_description":"Type:2.4Ghz WirelessInterface Type:usbNumber of Buttons:6DPI:\u2264 800, 1200, 1600Style:Gaming, backlit, Finger, Waterproof[Other attributes]","og_url":"https:\/\/darshion.com\/tr\/produkt\/cm623g-rechargeable-wireless-mouse\/","og_site_name":"darshion","article_modified_time":"2024-07-12T09:43:00+00:00","og_image":[{"width":800,"height":800,"url":"https:\/\/darshion.com\/wp-content\/uploads\/2024\/07\/H8f20c28ace024f549d500bb1feb8d561N.jpg","type":"image\/jpeg"}],"twitter_card":"summary_large_image","twitter_misc":{"Tahmini okuma s\u00fcresi":"3 dakika"},"schema":{"@context":"https:\/\/schema.org","@graph":[{"@type":"WebPage","@id":"https:\/\/darshion.com\/de\/produkt\/cm623g-rechargeable-wireless-mouse\/","url":"https:\/\/darshion.com\/de\/produkt\/cm623g-rechargeable-wireless-mouse\/","name":"CM623G Rgb Oyun \u015earj Edilebilir Kablosuz Fare Tedarik\u00e7iler - darshion","isPartOf":{"@id":"https:\/\/darshion.com\/#website"},"primaryImageOfPage":{"@id":"https:\/\/darshion.com\/de\/produkt\/cm623g-rechargeable-wireless-mouse\/#primaryimage"},"image":{"@id":"https:\/\/darshion.com\/de\/produkt\/cm623g-rechargeable-wireless-mouse\/#primaryimage"},"thumbnailUrl":"https:\/\/darshion.com\/wp-content\/uploads\/2024\/07\/H8f20c28ace024f549d500bb1feb8d561N.jpg","datePublished":"2024-07-11T09:24:51+00:00","dateModified":"2024-07-12T09:43:00+00:00","description":"Type:2.4Ghz WirelessInterface Type:usbNumber of Buttons:6DPI:\u2264 800, 1200, 1600Style:Gaming, backlit, Finger, Waterproof[Other attributes]","breadcrumb":{"@id":"https:\/\/darshion.com\/de\/produkt\/cm623g-rechargeable-wireless-mouse\/#breadcrumb"},"inLanguage":"tr","potentialAction":[{"@type":"ReadAction","target":["https:\/\/darshion.com\/de\/produkt\/cm623g-rechargeable-wireless-mouse\/"]}]},{"@type":"ImageObject","inLanguage":"tr","@id":"https:\/\/darshion.com\/de\/produkt\/cm623g-rechargeable-wireless-mouse\/#primaryimage","url":"https:\/\/darshion.com\/wp-content\/uploads\/2024\/07\/H8f20c28ace024f549d500bb1feb8d561N.jpg","contentUrl":"https:\/\/darshion.com\/wp-content\/uploads\/2024\/07\/H8f20c28ace024f549d500bb1feb8d561N.jpg","width":800,"height":800},{"@type":"BreadcrumbList","@id":"https:\/\/darshion.com\/de\/produkt\/cm623g-rechargeable-wireless-mouse\/#breadcrumb","itemListElement":[{"@type":"ListItem","position":1,"name":"\u9996\u9875","item":"https:\/\/darshion.com\/"},{"@type":"ListItem","position":2,"name":"PRODUCT","item":"https:\/\/darshion.com\/pt\/product\/"},{"@type":"ListItem","position":3,"name":"CM623G Rgb Gaming Rechargeable Wireless Mouse Suppliers"}]},{"@type":"WebSite","@id":"https:\/\/darshion.com\/#website","url":"https:\/\/darshion.com\/","name":"darshion","description":"14 Y\u0131ll\u0131k Tecr\u00fcbe, Kalite G\u00fcvencesi, Yenilik\u00e7i Tasar\u0131m","publisher":{"@id":"https:\/\/darshion.com\/#organization"},"potentialAction":[{"@type":"SearchAction","target":{"@type":"EntryPoint","urlTemplate":"https:\/\/darshion.com\/?s={search_term_string}"},"query-input":{"@type":"PropertyValueSpecification","valueRequired":true,"valueName":"search_term_string"}}],"inLanguage":"tr"},{"@type":"Organization","@id":"https:\/\/darshion.com\/#organization","name":"darshion","url":"https:\/\/darshion.com\/","logo":{"@type":"ImageObject","inLanguage":"tr","@id":"https:\/\/darshion.com\/#\/schema\/logo\/image\/","url":"https:\/\/darshion.com\/wp-content\/uploads\/2023\/09\/01-1.png","contentUrl":"https:\/\/darshion.com\/wp-content\/uploads\/2023\/09\/01-1.png","width":350,"height":100,"caption":"darshion"},"image":{"@id":"https:\/\/darshion.com\/#\/schema\/logo\/image\/"}}]}},"_links":{"self":[{"href":"https:\/\/darshion.com\/tr\/wp-json\/wp\/v2\/product\/3156"}],"collection":[{"href":"https:\/\/darshion.com\/tr\/wp-json\/wp\/v2\/product"}],"about":[{"href":"https:\/\/darshion.com\/tr\/wp-json\/wp\/v2\/types\/product"}],"replies":[{"embeddable":true,"href":"https:\/\/darshion.com\/tr\/wp-json\/wp\/v2\/comments?post=3156"}],"wp:featuredmedia":[{"embeddable":true,"href":"https:\/\/darshion.com\/tr\/wp-json\/wp\/v2\/media\/3149"}],"wp:attachment":[{"href":"https:\/\/darshion.com\/tr\/wp-json\/wp\/v2\/media?parent=3156"}],"wp:term":[{"taxonomy":"product_cat","embeddable":true,"href":"https:\/\/darshion.com\/tr\/wp-json\/wp\/v2\/product_cat?post=3156"},{"taxonomy":"product_tag","embeddable":true,"href":"https:\/\/darshion.com\/tr\/wp-json\/wp\/v2\/product_tag?post=3156"}],"curies":[{"name":"wp","href":"https:\/\/api.w.org\/{rel}","templated":true}]}}